{"id":36438,"date":"2021-09-30T11:39:40","date_gmt":"2021-09-30T09:39:40","guid":{"rendered":"https:\/\/prideshop.eu\/spletna-trgovina\/unkategorisiert\/anhanger-usb-stick-flash-drive-3-0-64gb-pride\/"},"modified":"2025-08-04T10:59:22","modified_gmt":"2025-08-04T08:59:22","slug":"anhanger-usb-stick-flash-drive-3-0-64gb-pride","status":"publish","type":"product","link":"https:\/\/prideshop.eu\/de\/shop\/equipment-de\/zusatzlische-angebote\/werbeartikel\/anhanger-usb-stick-flash-drive-3-0-64gb-pride\/","title":{"rendered":"USB-Stick 64GB 3.0 als Boxhandschuh-Schl\u00fcsselanh\u00e4nger Pride \u2013 FlashDrive"},"content":{"rendered":"<h3>USB-Stick 64GB 3.0 als Boxhandschuh-Schl\u00fcsselanh\u00e4nger Pride \u2013 FlashDrive<\/h3>\n<p>Anh\u00e4nger USB Stick Flash Drive 3.0 64GB, Pride. Es erm\u00f6glicht Ihnen, digitale Daten in Form eines Mini\u2013Boxhandschuh\u2013Anh\u00e4ngers zu speichern. Der Werbeartikel verbindet Ihre Liebe zum Boxen und Kickboxen mit Ihrem t\u00e4glichen Bed\u00fcrfnis, digitale Daten zu speichern. Speziell entworfenes 3D\u2013Pr\u00e4gelogo, USB\u2013Laufwerk mit einer Geschwindigkeit von 3.0 und einer Kapazit\u00e4t von 64 GB.nAnh\u00e4ngergr\u00f6\u00dfe: 57x27x22 mm<\/p>\n","protected":false},"excerpt":{"rendered":"<p>Anh\u00e4nger USB Stick Flash Drive 3.0 64GB, Pride. Es erm\u00f6glicht Ihnen, digitale Daten in Form eines Mini\u2013Boxhandschuh\u2013Anh\u00e4ngers zu speichern. Der Werbeartikel verbindet Ihre Liebe zum Boxen und Kickboxen mit Ihrem t\u00e4glichen Bed\u00fcrfnis, digitale Daten zu speichern. Speziell entworfenes 3D\u2013Pr\u00e4gelogo, USB\u2013Laufwerk mit einer Geschwindigkeit von 3.0 und einer Kapazit\u00e4t von 64 GB.nAnh\u00e4ngergr\u00f6\u00dfe: 57x27x22 mm<\/p>\n","protected":false},"featured_media":20697,"comment_status":"open","ping_status":"closed","template":"","meta":{"_acf_changed":false},"product_brand":[2086],"product_cat":[580,1691,586,582],"product_tag":[],"class_list":{"0":"post-36438","1":"product","2":"type-product","3":"status-publish","4":"has-post-thumbnail","6":"product_brand-pride","7":"product_cat-equipment-de","8":"product_cat-sonderangebote","9":"product_cat-werbeartikel","10":"product_cat-zusatzlische-angebote","12":"first","13":"outofstock","14":"taxable","15":"shipping-taxable","16":"purchasable","17":"product-type-simple"},"acf":[],"yoast_head":"<!-- This site is optimized with the Yoast SEO plugin v27.5 - https:\/\/yoast.com\/product\/yoast-seo-wordpress\/ -->\n<title>USB-Stick 64GB 3.0 als Boxhandschuh-Schl\u00fcsselanh\u00e4nger Pride \u2013 FlashDrive - PRIDEshop<\/title>\n<meta name=\"description\" content=\"Anh\u00e4nger USB Stick Flash Drive 3.0 64GB, Pride. Es erm\u00f6glicht Ihnen, digitale Daten in Form eines Mini-Boxhandschuh-Anh\u00e4ngers zu speichern.\" \/>\n<meta name=\"robots\" content=\"index, follow, max-snippet:-1, max-image-preview:large, max-video-preview:-1\" \/>\n<link rel=\"canonical\" href=\"https:\/\/prideshop.eu\/de\/shop\/equipment-de\/zusatzlische-angebote\/werbeartikel\/anhanger-usb-stick-flash-drive-3-0-64gb-pride\/\" \/>\n<meta property=\"og:locale\" content=\"de_DE\" \/>\n<meta property=\"og:type\" content=\"article\" \/>\n<meta property=\"og:title\" content=\"USB-Stick 64GB 3.0 als Boxhandschuh-Schl\u00fcsselanh\u00e4nger Pride \u2013 FlashDrive - PRIDEshop\" \/>\n<meta property=\"og:description\" content=\"Anh\u00e4nger USB Stick Flash Drive 3.0 64GB, Pride. Es erm\u00f6glicht Ihnen, digitale Daten in Form eines Mini-Boxhandschuh-Anh\u00e4ngers zu speichern.\" \/>\n<meta property=\"og:url\" content=\"https:\/\/prideshop.eu\/de\/shop\/equipment-de\/zusatzlische-angebote\/werbeartikel\/anhanger-usb-stick-flash-drive-3-0-64gb-pride\/\" \/>\n<meta property=\"og:site_name\" content=\"PRIDEshop\" \/>\n<meta property=\"article:publisher\" content=\"https:\/\/sl-si.facebook.com\/PrideShopeu\" \/>\n<meta property=\"article:modified_time\" content=\"2025-08-04T08:59:22+00:00\" \/>\n<meta property=\"og:image\" content=\"https:\/\/prideshop.eu\/wp-content\/uploads\/2021\/09\/obesek-usb-kljucek-flash-drive-3-0-64gb-pride.jpeg\" \/>\n\t<meta property=\"og:image:width\" content=\"600\" \/>\n\t<meta property=\"og:image:height\" content=\"600\" \/>\n\t<meta property=\"og:image:type\" content=\"image\/jpeg\" \/>\n<meta name=\"twitter:card\" content=\"summary_large_image\" \/>\n<script type=\"application\/ld+json\" class=\"yoast-schema-graph\">{\"@context\":\"https:\\\/\\\/schema.org\",\"@graph\":[{\"@type\":\"WebPage\",\"@id\":\"https:\\\/\\\/prideshop.eu\\\/de\\\/shop\\\/equipment-de\\\/zusatzlische-angebote\\\/werbeartikel\\\/anhanger-usb-stick-flash-drive-3-0-64gb-pride\\\/\",\"url\":\"https:\\\/\\\/prideshop.eu\\\/de\\\/shop\\\/equipment-de\\\/zusatzlische-angebote\\\/werbeartikel\\\/anhanger-usb-stick-flash-drive-3-0-64gb-pride\\\/\",\"name\":\"USB-Stick 64GB 3.0 als Boxhandschuh-Schl\u00fcsselanh\u00e4nger Pride \u2013 FlashDrive - PRIDEshop\",\"isPartOf\":{\"@id\":\"https:\\\/\\\/prideshop.eu\\\/de\\\/#website\"},\"primaryImageOfPage\":{\"@id\":\"https:\\\/\\\/prideshop.eu\\\/de\\\/shop\\\/equipment-de\\\/zusatzlische-angebote\\\/werbeartikel\\\/anhanger-usb-stick-flash-drive-3-0-64gb-pride\\\/#primaryimage\"},\"image\":{\"@id\":\"https:\\\/\\\/prideshop.eu\\\/de\\\/shop\\\/equipment-de\\\/zusatzlische-angebote\\\/werbeartikel\\\/anhanger-usb-stick-flash-drive-3-0-64gb-pride\\\/#primaryimage\"},\"thumbnailUrl\":\"https:\\\/\\\/prideshop.eu\\\/wp-content\\\/uploads\\\/2021\\\/09\\\/obesek-usb-kljucek-flash-drive-3-0-64gb-pride.jpeg\",\"datePublished\":\"2021-09-30T09:39:40+00:00\",\"dateModified\":\"2025-08-04T08:59:22+00:00\",\"description\":\"Anh\u00e4nger USB Stick Flash Drive 3.0 64GB, Pride. Es erm\u00f6glicht Ihnen, digitale Daten in Form eines Mini-Boxhandschuh-Anh\u00e4ngers zu speichern.\",\"breadcrumb\":{\"@id\":\"https:\\\/\\\/prideshop.eu\\\/de\\\/shop\\\/equipment-de\\\/zusatzlische-angebote\\\/werbeartikel\\\/anhanger-usb-stick-flash-drive-3-0-64gb-pride\\\/#breadcrumb\"},\"inLanguage\":\"de\",\"potentialAction\":[{\"@type\":\"ReadAction\",\"target\":[\"https:\\\/\\\/prideshop.eu\\\/de\\\/shop\\\/equipment-de\\\/zusatzlische-angebote\\\/werbeartikel\\\/anhanger-usb-stick-flash-drive-3-0-64gb-pride\\\/\"]}]},{\"@type\":\"ImageObject\",\"inLanguage\":\"de\",\"@id\":\"https:\\\/\\\/prideshop.eu\\\/de\\\/shop\\\/equipment-de\\\/zusatzlische-angebote\\\/werbeartikel\\\/anhanger-usb-stick-flash-drive-3-0-64gb-pride\\\/#primaryimage\",\"url\":\"https:\\\/\\\/prideshop.eu\\\/wp-content\\\/uploads\\\/2021\\\/09\\\/obesek-usb-kljucek-flash-drive-3-0-64gb-pride.jpeg\",\"contentUrl\":\"https:\\\/\\\/prideshop.eu\\\/wp-content\\\/uploads\\\/2021\\\/09\\\/obesek-usb-kljucek-flash-drive-3-0-64gb-pride.jpeg\",\"width\":600,\"height\":600,\"caption\":\"Anh\u00e4nger USB-Stick Mini-Handschuh rot\"},{\"@type\":\"BreadcrumbList\",\"@id\":\"https:\\\/\\\/prideshop.eu\\\/de\\\/shop\\\/equipment-de\\\/zusatzlische-angebote\\\/werbeartikel\\\/anhanger-usb-stick-flash-drive-3-0-64gb-pride\\\/#breadcrumb\",\"itemListElement\":[{\"@type\":\"ListItem\",\"position\":1,\"name\":\"Home\",\"item\":\"https:\\\/\\\/prideshop.eu\\\/de\\\/\"},{\"@type\":\"ListItem\",\"position\":2,\"name\":\"Gesch\u00e4ft\",\"item\":\"https:\\\/\\\/prideshop.eu\\\/de\\\/geschaeft\\\/\"},{\"@type\":\"ListItem\",\"position\":3,\"name\":\"USB-Stick 64GB 3.0 als Boxhandschuh-Schl\u00fcsselanh\u00e4nger Pride \u2013 FlashDrive\"}]},{\"@type\":\"WebSite\",\"@id\":\"https:\\\/\\\/prideshop.eu\\\/de\\\/#website\",\"url\":\"https:\\\/\\\/prideshop.eu\\\/de\\\/\",\"name\":\"PRIDEshop\",\"description\":\"Oprema za Borilne \u0160porte\",\"publisher\":{\"@id\":\"https:\\\/\\\/prideshop.eu\\\/de\\\/#organization\"},\"potentialAction\":[{\"@type\":\"SearchAction\",\"target\":{\"@type\":\"EntryPoint\",\"urlTemplate\":\"https:\\\/\\\/prideshop.eu\\\/de\\\/?s={search_term_string}\"},\"query-input\":{\"@type\":\"PropertyValueSpecification\",\"valueRequired\":true,\"valueName\":\"search_term_string\"}}],\"inLanguage\":\"de\"},{\"@type\":\"Organization\",\"@id\":\"https:\\\/\\\/prideshop.eu\\\/de\\\/#organization\",\"name\":\"PRIDEshop\",\"url\":\"https:\\\/\\\/prideshop.eu\\\/de\\\/\",\"logo\":{\"@type\":\"ImageObject\",\"inLanguage\":\"de\",\"@id\":\"https:\\\/\\\/prideshop.eu\\\/de\\\/#\\\/schema\\\/logo\\\/image\\\/\",\"url\":\"\",\"contentUrl\":\"\",\"caption\":\"PRIDEshop\"},\"image\":{\"@id\":\"https:\\\/\\\/prideshop.eu\\\/de\\\/#\\\/schema\\\/logo\\\/image\\\/\"},\"sameAs\":[\"https:\\\/\\\/sl-si.facebook.com\\\/PrideShopeu\"]}]}<\/script>\n<!-- \/ Yoast SEO plugin. -->","yoast_head_json":{"title":"USB-Stick 64GB 3.0 als Boxhandschuh-Schl\u00fcsselanh\u00e4nger Pride \u2013 FlashDrive - PRIDEshop","description":"Anh\u00e4nger USB Stick Flash Drive 3.0 64GB, Pride. Es erm\u00f6glicht Ihnen, digitale Daten in Form eines Mini-Boxhandschuh-Anh\u00e4ngers zu speichern.","robots":{"index":"index","follow":"follow","max-snippet":"max-snippet:-1","max-image-preview":"max-image-preview:large","max-video-preview":"max-video-preview:-1"},"canonical":"https:\/\/prideshop.eu\/de\/shop\/equipment-de\/zusatzlische-angebote\/werbeartikel\/anhanger-usb-stick-flash-drive-3-0-64gb-pride\/","og_locale":"de_DE","og_type":"article","og_title":"USB-Stick 64GB 3.0 als Boxhandschuh-Schl\u00fcsselanh\u00e4nger Pride \u2013 FlashDrive - PRIDEshop","og_description":"Anh\u00e4nger USB Stick Flash Drive 3.0 64GB, Pride. Es erm\u00f6glicht Ihnen, digitale Daten in Form eines Mini-Boxhandschuh-Anh\u00e4ngers zu speichern.","og_url":"https:\/\/prideshop.eu\/de\/shop\/equipment-de\/zusatzlische-angebote\/werbeartikel\/anhanger-usb-stick-flash-drive-3-0-64gb-pride\/","og_site_name":"PRIDEshop","article_publisher":"https:\/\/sl-si.facebook.com\/PrideShopeu","article_modified_time":"2025-08-04T08:59:22+00:00","og_image":[{"width":600,"height":600,"url":"https:\/\/prideshop.eu\/wp-content\/uploads\/2021\/09\/obesek-usb-kljucek-flash-drive-3-0-64gb-pride.jpeg","type":"image\/jpeg"}],"twitter_card":"summary_large_image","schema":{"@context":"https:\/\/schema.org","@graph":[{"@type":"WebPage","@id":"https:\/\/prideshop.eu\/de\/shop\/equipment-de\/zusatzlische-angebote\/werbeartikel\/anhanger-usb-stick-flash-drive-3-0-64gb-pride\/","url":"https:\/\/prideshop.eu\/de\/shop\/equipment-de\/zusatzlische-angebote\/werbeartikel\/anhanger-usb-stick-flash-drive-3-0-64gb-pride\/","name":"USB-Stick 64GB 3.0 als Boxhandschuh-Schl\u00fcsselanh\u00e4nger Pride \u2013 FlashDrive - PRIDEshop","isPartOf":{"@id":"https:\/\/prideshop.eu\/de\/#website"},"primaryImageOfPage":{"@id":"https:\/\/prideshop.eu\/de\/shop\/equipment-de\/zusatzlische-angebote\/werbeartikel\/anhanger-usb-stick-flash-drive-3-0-64gb-pride\/#primaryimage"},"image":{"@id":"https:\/\/prideshop.eu\/de\/shop\/equipment-de\/zusatzlische-angebote\/werbeartikel\/anhanger-usb-stick-flash-drive-3-0-64gb-pride\/#primaryimage"},"thumbnailUrl":"https:\/\/prideshop.eu\/wp-content\/uploads\/2021\/09\/obesek-usb-kljucek-flash-drive-3-0-64gb-pride.jpeg","datePublished":"2021-09-30T09:39:40+00:00","dateModified":"2025-08-04T08:59:22+00:00","description":"Anh\u00e4nger USB Stick Flash Drive 3.0 64GB, Pride. Es erm\u00f6glicht Ihnen, digitale Daten in Form eines Mini-Boxhandschuh-Anh\u00e4ngers zu speichern.","breadcrumb":{"@id":"https:\/\/prideshop.eu\/de\/shop\/equipment-de\/zusatzlische-angebote\/werbeartikel\/anhanger-usb-stick-flash-drive-3-0-64gb-pride\/#breadcrumb"},"inLanguage":"de","potentialAction":[{"@type":"ReadAction","target":["https:\/\/prideshop.eu\/de\/shop\/equipment-de\/zusatzlische-angebote\/werbeartikel\/anhanger-usb-stick-flash-drive-3-0-64gb-pride\/"]}]},{"@type":"ImageObject","inLanguage":"de","@id":"https:\/\/prideshop.eu\/de\/shop\/equipment-de\/zusatzlische-angebote\/werbeartikel\/anhanger-usb-stick-flash-drive-3-0-64gb-pride\/#primaryimage","url":"https:\/\/prideshop.eu\/wp-content\/uploads\/2021\/09\/obesek-usb-kljucek-flash-drive-3-0-64gb-pride.jpeg","contentUrl":"https:\/\/prideshop.eu\/wp-content\/uploads\/2021\/09\/obesek-usb-kljucek-flash-drive-3-0-64gb-pride.jpeg","width":600,"height":600,"caption":"Anh\u00e4nger USB-Stick Mini-Handschuh rot"},{"@type":"BreadcrumbList","@id":"https:\/\/prideshop.eu\/de\/shop\/equipment-de\/zusatzlische-angebote\/werbeartikel\/anhanger-usb-stick-flash-drive-3-0-64gb-pride\/#breadcrumb","itemListElement":[{"@type":"ListItem","position":1,"name":"Home","item":"https:\/\/prideshop.eu\/de\/"},{"@type":"ListItem","position":2,"name":"Gesch\u00e4ft","item":"https:\/\/prideshop.eu\/de\/geschaeft\/"},{"@type":"ListItem","position":3,"name":"USB-Stick 64GB 3.0 als Boxhandschuh-Schl\u00fcsselanh\u00e4nger Pride \u2013 FlashDrive"}]},{"@type":"WebSite","@id":"https:\/\/prideshop.eu\/de\/#website","url":"https:\/\/prideshop.eu\/de\/","name":"PRIDEshop","description":"Oprema za Borilne \u0160porte","publisher":{"@id":"https:\/\/prideshop.eu\/de\/#organization"},"potentialAction":[{"@type":"SearchAction","target":{"@type":"EntryPoint","urlTemplate":"https:\/\/prideshop.eu\/de\/?s={search_term_string}"},"query-input":{"@type":"PropertyValueSpecification","valueRequired":true,"valueName":"search_term_string"}}],"inLanguage":"de"},{"@type":"Organization","@id":"https:\/\/prideshop.eu\/de\/#organization","name":"PRIDEshop","url":"https:\/\/prideshop.eu\/de\/","logo":{"@type":"ImageObject","inLanguage":"de","@id":"https:\/\/prideshop.eu\/de\/#\/schema\/logo\/image\/","url":"","contentUrl":"","caption":"PRIDEshop"},"image":{"@id":"https:\/\/prideshop.eu\/de\/#\/schema\/logo\/image\/"},"sameAs":["https:\/\/sl-si.facebook.com\/PrideShopeu"]}]}},"_links":{"self":[{"href":"https:\/\/prideshop.eu\/de\/wp-json\/wp\/v2\/product\/36438","targetHints":{"allow":["GET"]}}],"collection":[{"href":"https:\/\/prideshop.eu\/de\/wp-json\/wp\/v2\/product"}],"about":[{"href":"https:\/\/prideshop.eu\/de\/wp-json\/wp\/v2\/types\/product"}],"replies":[{"embeddable":true,"href":"https:\/\/prideshop.eu\/de\/wp-json\/wp\/v2\/comments?post=36438"}],"wp:featuredmedia":[{"embeddable":true,"href":"https:\/\/prideshop.eu\/de\/wp-json\/wp\/v2\/media\/20697"}],"wp:attachment":[{"href":"https:\/\/prideshop.eu\/de\/wp-json\/wp\/v2\/media?parent=36438"}],"wp:term":[{"taxonomy":"product_brand","embeddable":true,"href":"https:\/\/prideshop.eu\/de\/wp-json\/wp\/v2\/product_brand?post=36438"},{"taxonomy":"product_cat","embeddable":true,"href":"https:\/\/prideshop.eu\/de\/wp-json\/wp\/v2\/product_cat?post=36438"},{"taxonomy":"product_tag","embeddable":true,"href":"https:\/\/prideshop.eu\/de\/wp-json\/wp\/v2\/product_tag?post=36438"}],"curies":[{"name":"wp","href":"https:\/\/api.w.org\/{rel}","templated":true}]}}