{"id":36453,"date":"2021-09-22T15:52:07","date_gmt":"2021-09-22T13:52:07","guid":{"rendered":"https:\/\/prideshop.eu\/spletna-trgovina\/unkategorisiert\/trainings-kickpad-maya-pride\/"},"modified":"2025-08-04T10:48:35","modified_gmt":"2025-08-04T08:48:35","slug":"trainings-kickpad-maya-pride","status":"publish","type":"product","link":"https:\/\/prideshop.eu\/de\/shop\/equipment-de\/trainingsgerate\/handpratzen-schlagpolster-schlagschilder\/trainings-kickpad-maya-pride\/","title":{"rendered":"Schlagpolster Pride \u2013 Maya"},"content":{"rendered":"<h3>Schlagpolster Pride \u2013 Maya<\/h3>\n<p>Trainings\u2013Kickpad Maya, Pride. Der Maya Pride Punching Shield ist ein hochwertiger Schutzschild aus strapazierf\u00e4higen Materialien wie PU\u2013Leder, der eine lange Haltbarkeit garantiert. Durch seine leichte Kr\u00fcmmung bietet der Schild einen besseren Griff und eine komfortablere Verwendung. Mit den Abmessungen von 65 x 45 x 14 cm handelt es sich um einen gro\u00dfen Schild, der f\u00fcr das Training von Kampfsportarten geeignet ist.nnDer Maya Pride Punching Shield ist haupts\u00e4chlich f\u00fcr das Training von Kampfsportarten wie Kickboxen, Muay Thai, Boxen, Karate und anderen vorgesehen. Beim Einsatz des Schutzschilds k\u00f6nnen Sie sich auf die Verbesserung Ihrer Schlagtechnik und \u2013kraft sowie auf die Entwicklung von Koordination und Schnelligkeit konzentrieren. Durch die Verwendung dieses Schildes k\u00f6nnen Sie Verletzungen und Schmerzen in den H\u00e4nden vermeiden, da es aus hochwertigem Material besteht, das St\u00f6\u00dfe absorbiert.nnDer Maya Pride Punching Shield eignet sich sowohl f\u00fcr Anf\u00e4nger als auch f\u00fcr erfahrene Kampfsportler, die ihre Technik und Schlagkraft verbessern m\u00f6chten. Aufgrund seiner Abmessungen eignet er sich auch f\u00fcr das Partnertraining, da er gen\u00fcgend Oberfl\u00e4che f\u00fcr Schl\u00e4ge bietet und ein komfortables und sicheres Training erm\u00f6glicht.nnWenn Sie ein Kampfsport\u2013Enthusiast sind oder einen qualitativ hochwertigen Schutzschild f\u00fcr das Training suchen, ist der Maya Pride Punching Shield eine ausgezeichnete Wahl. Mit ihm k\u00f6nnen Sie Ihre F\u00e4higkeiten verbessern, Ihren K\u00f6rper entwickeln und in Form bleiben, w\u00e4hrend Sie eine komfortable und sichere Trainingserfahrung ohne Schmerzen in den H\u00e4nden genie\u00dfen.<\/p>\n","protected":false},"excerpt":{"rendered":"<p>Trainings\u2013Kickpad Maya, Pride. Der Maya Pride Punching Shield ist ein hochwertiger Schutzschild aus strapazierf\u00e4higen Materialien wie PU\u2013Leder, der eine lange Haltbarkeit garantiert. Durch seine leichte Kr\u00fcmmung bietet der Schild einen besseren Griff und eine komfortablere Verwendung. Mit den Abmessungen von 65 x 45 x 14 cm handelt es sich um einen gro\u00dfen Schild, der f\u00fcr das Training von Kampfsportarten geeignet ist.<\/p>\n","protected":false},"featured_media":20176,"comment_status":"open","ping_status":"closed","template":"","meta":{"_acf_changed":false},"product_brand":[2086],"product_cat":[580,624,616],"product_tag":[],"class_list":{"0":"post-36453","1":"product","2":"type-product","3":"status-publish","4":"has-post-thumbnail","6":"product_brand-pride","7":"product_cat-equipment-de","8":"product_cat-handpratzen-schlagpolster-schlagschilder","9":"product_cat-trainingsgerate","11":"first","12":"outofstock","13":"taxable","14":"shipping-taxable","15":"purchasable","16":"product-type-simple"},"acf":[],"yoast_head":"<!-- This site is optimized with the Yoast SEO plugin v27.4 - https:\/\/yoast.com\/product\/yoast-seo-wordpress\/ -->\n<title>Schlagpolster Pride \u2013 Maya - PRIDEshop<\/title>\n<meta name=\"description\" content=\"Trainings-Kickpad Maya, Pride. Der Maya Pride Punching Shield ist ein hochwertiger Schutzschild aus strapazierf\u00e4higen Materialien wie PU-Leder, der eine lange Haltbarkeit garantiert.\" \/>\n<meta name=\"robots\" content=\"index, follow, max-snippet:-1, max-image-preview:large, max-video-preview:-1\" \/>\n<link rel=\"canonical\" href=\"https:\/\/prideshop.eu\/de\/shop\/equipment-de\/trainingsgerate\/handpratzen-schlagpolster-schlagschilder\/trainings-kickpad-maya-pride\/\" \/>\n<meta property=\"og:locale\" content=\"de_DE\" \/>\n<meta property=\"og:type\" content=\"article\" \/>\n<meta property=\"og:title\" content=\"Schlagpolster Pride \u2013 Maya - PRIDEshop\" \/>\n<meta property=\"og:description\" content=\"Trainings-Kickpad Maya, Pride. Der Maya Pride Punching Shield ist ein hochwertiger Schutzschild aus strapazierf\u00e4higen Materialien wie PU-Leder, der eine lange Haltbarkeit garantiert.\" \/>\n<meta property=\"og:url\" content=\"https:\/\/prideshop.eu\/de\/shop\/equipment-de\/trainingsgerate\/handpratzen-schlagpolster-schlagschilder\/trainings-kickpad-maya-pride\/\" \/>\n<meta property=\"og:site_name\" content=\"PRIDEshop\" \/>\n<meta property=\"article:publisher\" content=\"https:\/\/sl-si.facebook.com\/PrideShopeu\" \/>\n<meta property=\"article:modified_time\" content=\"2025-08-04T08:48:35+00:00\" \/>\n<meta property=\"og:image\" content=\"https:\/\/prideshop.eu\/wp-content\/uploads\/2021\/09\/scit-fokuser-maya-pride-3214.jpeg\" \/>\n\t<meta property=\"og:image:width\" content=\"600\" \/>\n\t<meta property=\"og:image:height\" content=\"600\" \/>\n\t<meta property=\"og:image:type\" content=\"image\/jpeg\" \/>\n<meta name=\"twitter:card\" content=\"summary_large_image\" \/>\n<meta name=\"twitter:label1\" content=\"Gesch\u00e4tzte Lesezeit\" \/>\n\t<meta name=\"twitter:data1\" content=\"1\u00a0Minute\" \/>\n<script type=\"application\/ld+json\" class=\"yoast-schema-graph\">{\"@context\":\"https:\\\/\\\/schema.org\",\"@graph\":[{\"@type\":\"WebPage\",\"@id\":\"https:\\\/\\\/prideshop.eu\\\/de\\\/shop\\\/equipment-de\\\/trainingsgerate\\\/handpratzen-schlagpolster-schlagschilder\\\/trainings-kickpad-maya-pride\\\/\",\"url\":\"https:\\\/\\\/prideshop.eu\\\/de\\\/shop\\\/equipment-de\\\/trainingsgerate\\\/handpratzen-schlagpolster-schlagschilder\\\/trainings-kickpad-maya-pride\\\/\",\"name\":\"Schlagpolster Pride \u2013 Maya - PRIDEshop\",\"isPartOf\":{\"@id\":\"https:\\\/\\\/prideshop.eu\\\/de\\\/#website\"},\"primaryImageOfPage\":{\"@id\":\"https:\\\/\\\/prideshop.eu\\\/de\\\/shop\\\/equipment-de\\\/trainingsgerate\\\/handpratzen-schlagpolster-schlagschilder\\\/trainings-kickpad-maya-pride\\\/#primaryimage\"},\"image\":{\"@id\":\"https:\\\/\\\/prideshop.eu\\\/de\\\/shop\\\/equipment-de\\\/trainingsgerate\\\/handpratzen-schlagpolster-schlagschilder\\\/trainings-kickpad-maya-pride\\\/#primaryimage\"},\"thumbnailUrl\":\"https:\\\/\\\/prideshop.eu\\\/wp-content\\\/uploads\\\/2021\\\/09\\\/scit-fokuser-maya-pride-3214.jpeg\",\"datePublished\":\"2021-09-22T13:52:07+00:00\",\"dateModified\":\"2025-08-04T08:48:35+00:00\",\"description\":\"Trainings-Kickpad Maya, Pride. Der Maya Pride Punching Shield ist ein hochwertiger Schutzschild aus strapazierf\u00e4higen Materialien wie PU-Leder, der eine lange Haltbarkeit garantiert.\",\"breadcrumb\":{\"@id\":\"https:\\\/\\\/prideshop.eu\\\/de\\\/shop\\\/equipment-de\\\/trainingsgerate\\\/handpratzen-schlagpolster-schlagschilder\\\/trainings-kickpad-maya-pride\\\/#breadcrumb\"},\"inLanguage\":\"de\",\"potentialAction\":[{\"@type\":\"ReadAction\",\"target\":[\"https:\\\/\\\/prideshop.eu\\\/de\\\/shop\\\/equipment-de\\\/trainingsgerate\\\/handpratzen-schlagpolster-schlagschilder\\\/trainings-kickpad-maya-pride\\\/\"]}]},{\"@type\":\"ImageObject\",\"inLanguage\":\"de\",\"@id\":\"https:\\\/\\\/prideshop.eu\\\/de\\\/shop\\\/equipment-de\\\/trainingsgerate\\\/handpratzen-schlagpolster-schlagschilder\\\/trainings-kickpad-maya-pride\\\/#primaryimage\",\"url\":\"https:\\\/\\\/prideshop.eu\\\/wp-content\\\/uploads\\\/2021\\\/09\\\/scit-fokuser-maya-pride-3214.jpeg\",\"contentUrl\":\"https:\\\/\\\/prideshop.eu\\\/wp-content\\\/uploads\\\/2021\\\/09\\\/scit-fokuser-maya-pride-3214.jpeg\",\"width\":600,\"height\":600,\"caption\":\"Trainings-Kickpad Maya Pride Schwarz\"},{\"@type\":\"BreadcrumbList\",\"@id\":\"https:\\\/\\\/prideshop.eu\\\/de\\\/shop\\\/equipment-de\\\/trainingsgerate\\\/handpratzen-schlagpolster-schlagschilder\\\/trainings-kickpad-maya-pride\\\/#breadcrumb\",\"itemListElement\":[{\"@type\":\"ListItem\",\"position\":1,\"name\":\"Home\",\"item\":\"https:\\\/\\\/prideshop.eu\\\/de\\\/\"},{\"@type\":\"ListItem\",\"position\":2,\"name\":\"Gesch\u00e4ft\",\"item\":\"https:\\\/\\\/prideshop.eu\\\/de\\\/geschaeft\\\/\"},{\"@type\":\"ListItem\",\"position\":3,\"name\":\"Schlagpolster Pride \u2013 Maya\"}]},{\"@type\":\"WebSite\",\"@id\":\"https:\\\/\\\/prideshop.eu\\\/de\\\/#website\",\"url\":\"https:\\\/\\\/prideshop.eu\\\/de\\\/\",\"name\":\"PRIDEshop\",\"description\":\"Oprema za Borilne \u0160porte\",\"publisher\":{\"@id\":\"https:\\\/\\\/prideshop.eu\\\/de\\\/#organization\"},\"potentialAction\":[{\"@type\":\"SearchAction\",\"target\":{\"@type\":\"EntryPoint\",\"urlTemplate\":\"https:\\\/\\\/prideshop.eu\\\/de\\\/?s={search_term_string}\"},\"query-input\":{\"@type\":\"PropertyValueSpecification\",\"valueRequired\":true,\"valueName\":\"search_term_string\"}}],\"inLanguage\":\"de\"},{\"@type\":\"Organization\",\"@id\":\"https:\\\/\\\/prideshop.eu\\\/de\\\/#organization\",\"name\":\"PRIDEshop\",\"url\":\"https:\\\/\\\/prideshop.eu\\\/de\\\/\",\"logo\":{\"@type\":\"ImageObject\",\"inLanguage\":\"de\",\"@id\":\"https:\\\/\\\/prideshop.eu\\\/de\\\/#\\\/schema\\\/logo\\\/image\\\/\",\"url\":\"\",\"contentUrl\":\"\",\"caption\":\"PRIDEshop\"},\"image\":{\"@id\":\"https:\\\/\\\/prideshop.eu\\\/de\\\/#\\\/schema\\\/logo\\\/image\\\/\"},\"sameAs\":[\"https:\\\/\\\/sl-si.facebook.com\\\/PrideShopeu\"]}]}<\/script>\n<!-- \/ Yoast SEO plugin. -->","yoast_head_json":{"title":"Schlagpolster Pride \u2013 Maya - PRIDEshop","description":"Trainings-Kickpad Maya, Pride. Der Maya Pride Punching Shield ist ein hochwertiger Schutzschild aus strapazierf\u00e4higen Materialien wie PU-Leder, der eine lange Haltbarkeit garantiert.","robots":{"index":"index","follow":"follow","max-snippet":"max-snippet:-1","max-image-preview":"max-image-preview:large","max-video-preview":"max-video-preview:-1"},"canonical":"https:\/\/prideshop.eu\/de\/shop\/equipment-de\/trainingsgerate\/handpratzen-schlagpolster-schlagschilder\/trainings-kickpad-maya-pride\/","og_locale":"de_DE","og_type":"article","og_title":"Schlagpolster Pride \u2013 Maya - PRIDEshop","og_description":"Trainings-Kickpad Maya, Pride. Der Maya Pride Punching Shield ist ein hochwertiger Schutzschild aus strapazierf\u00e4higen Materialien wie PU-Leder, der eine lange Haltbarkeit garantiert.","og_url":"https:\/\/prideshop.eu\/de\/shop\/equipment-de\/trainingsgerate\/handpratzen-schlagpolster-schlagschilder\/trainings-kickpad-maya-pride\/","og_site_name":"PRIDEshop","article_publisher":"https:\/\/sl-si.facebook.com\/PrideShopeu","article_modified_time":"2025-08-04T08:48:35+00:00","og_image":[{"width":600,"height":600,"url":"https:\/\/prideshop.eu\/wp-content\/uploads\/2021\/09\/scit-fokuser-maya-pride-3214.jpeg","type":"image\/jpeg"}],"twitter_card":"summary_large_image","twitter_misc":{"Gesch\u00e4tzte Lesezeit":"1\u00a0Minute"},"schema":{"@context":"https:\/\/schema.org","@graph":[{"@type":"WebPage","@id":"https:\/\/prideshop.eu\/de\/shop\/equipment-de\/trainingsgerate\/handpratzen-schlagpolster-schlagschilder\/trainings-kickpad-maya-pride\/","url":"https:\/\/prideshop.eu\/de\/shop\/equipment-de\/trainingsgerate\/handpratzen-schlagpolster-schlagschilder\/trainings-kickpad-maya-pride\/","name":"Schlagpolster Pride \u2013 Maya - PRIDEshop","isPartOf":{"@id":"https:\/\/prideshop.eu\/de\/#website"},"primaryImageOfPage":{"@id":"https:\/\/prideshop.eu\/de\/shop\/equipment-de\/trainingsgerate\/handpratzen-schlagpolster-schlagschilder\/trainings-kickpad-maya-pride\/#primaryimage"},"image":{"@id":"https:\/\/prideshop.eu\/de\/shop\/equipment-de\/trainingsgerate\/handpratzen-schlagpolster-schlagschilder\/trainings-kickpad-maya-pride\/#primaryimage"},"thumbnailUrl":"https:\/\/prideshop.eu\/wp-content\/uploads\/2021\/09\/scit-fokuser-maya-pride-3214.jpeg","datePublished":"2021-09-22T13:52:07+00:00","dateModified":"2025-08-04T08:48:35+00:00","description":"Trainings-Kickpad Maya, Pride. Der Maya Pride Punching Shield ist ein hochwertiger Schutzschild aus strapazierf\u00e4higen Materialien wie PU-Leder, der eine lange Haltbarkeit garantiert.","breadcrumb":{"@id":"https:\/\/prideshop.eu\/de\/shop\/equipment-de\/trainingsgerate\/handpratzen-schlagpolster-schlagschilder\/trainings-kickpad-maya-pride\/#breadcrumb"},"inLanguage":"de","potentialAction":[{"@type":"ReadAction","target":["https:\/\/prideshop.eu\/de\/shop\/equipment-de\/trainingsgerate\/handpratzen-schlagpolster-schlagschilder\/trainings-kickpad-maya-pride\/"]}]},{"@type":"ImageObject","inLanguage":"de","@id":"https:\/\/prideshop.eu\/de\/shop\/equipment-de\/trainingsgerate\/handpratzen-schlagpolster-schlagschilder\/trainings-kickpad-maya-pride\/#primaryimage","url":"https:\/\/prideshop.eu\/wp-content\/uploads\/2021\/09\/scit-fokuser-maya-pride-3214.jpeg","contentUrl":"https:\/\/prideshop.eu\/wp-content\/uploads\/2021\/09\/scit-fokuser-maya-pride-3214.jpeg","width":600,"height":600,"caption":"Trainings-Kickpad Maya Pride Schwarz"},{"@type":"BreadcrumbList","@id":"https:\/\/prideshop.eu\/de\/shop\/equipment-de\/trainingsgerate\/handpratzen-schlagpolster-schlagschilder\/trainings-kickpad-maya-pride\/#breadcrumb","itemListElement":[{"@type":"ListItem","position":1,"name":"Home","item":"https:\/\/prideshop.eu\/de\/"},{"@type":"ListItem","position":2,"name":"Gesch\u00e4ft","item":"https:\/\/prideshop.eu\/de\/geschaeft\/"},{"@type":"ListItem","position":3,"name":"Schlagpolster Pride \u2013 Maya"}]},{"@type":"WebSite","@id":"https:\/\/prideshop.eu\/de\/#website","url":"https:\/\/prideshop.eu\/de\/","name":"PRIDEshop","description":"Oprema za Borilne \u0160porte","publisher":{"@id":"https:\/\/prideshop.eu\/de\/#organization"},"potentialAction":[{"@type":"SearchAction","target":{"@type":"EntryPoint","urlTemplate":"https:\/\/prideshop.eu\/de\/?s={search_term_string}"},"query-input":{"@type":"PropertyValueSpecification","valueRequired":true,"valueName":"search_term_string"}}],"inLanguage":"de"},{"@type":"Organization","@id":"https:\/\/prideshop.eu\/de\/#organization","name":"PRIDEshop","url":"https:\/\/prideshop.eu\/de\/","logo":{"@type":"ImageObject","inLanguage":"de","@id":"https:\/\/prideshop.eu\/de\/#\/schema\/logo\/image\/","url":"","contentUrl":"","caption":"PRIDEshop"},"image":{"@id":"https:\/\/prideshop.eu\/de\/#\/schema\/logo\/image\/"},"sameAs":["https:\/\/sl-si.facebook.com\/PrideShopeu"]}]}},"_links":{"self":[{"href":"https:\/\/prideshop.eu\/de\/wp-json\/wp\/v2\/product\/36453","targetHints":{"allow":["GET"]}}],"collection":[{"href":"https:\/\/prideshop.eu\/de\/wp-json\/wp\/v2\/product"}],"about":[{"href":"https:\/\/prideshop.eu\/de\/wp-json\/wp\/v2\/types\/product"}],"replies":[{"embeddable":true,"href":"https:\/\/prideshop.eu\/de\/wp-json\/wp\/v2\/comments?post=36453"}],"wp:featuredmedia":[{"embeddable":true,"href":"https:\/\/prideshop.eu\/de\/wp-json\/wp\/v2\/media\/20176"}],"wp:attachment":[{"href":"https:\/\/prideshop.eu\/de\/wp-json\/wp\/v2\/media?parent=36453"}],"wp:term":[{"taxonomy":"product_brand","embeddable":true,"href":"https:\/\/prideshop.eu\/de\/wp-json\/wp\/v2\/product_brand?post=36453"},{"taxonomy":"product_cat","embeddable":true,"href":"https:\/\/prideshop.eu\/de\/wp-json\/wp\/v2\/product_cat?post=36453"},{"taxonomy":"product_tag","embeddable":true,"href":"https:\/\/prideshop.eu\/de\/wp-json\/wp\/v2\/product_tag?post=36453"}],"curies":[{"name":"wp","href":"https:\/\/api.w.org\/{rel}","templated":true}]}}