{"id":36454,"date":"2021-09-21T15:31:32","date_gmt":"2021-09-21T13:31:32","guid":{"rendered":"https:\/\/prideshop.eu\/spletna-trgovina\/unkategorisiert\/trainingsmatte-pride\/"},"modified":"2025-08-04T10:59:04","modified_gmt":"2025-08-04T08:59:04","slug":"trainingsmatte-pride","status":"publish","type":"product","link":"https:\/\/prideshop.eu\/de\/shop\/equipment-de\/trainingsgerate\/tatamis-puzzle-matten\/trainingsmatte-pride\/","title":{"rendered":"Fitnessmatte Pride \u2013 FlexCore"},"content":{"rendered":"<h3>Fitnessmatte Pride \u2013 FlexCore<\/h3>\n<p>Trainingsmatte, Pride. Es ist ideal f\u00fcr alle Arten von Workouts wie Yoga, Pilates, medizinisches Training oder nur als Matte f\u00fcr den Strand. Seine rutschfeste Oberfl\u00e4che ist leicht zu reinigen, wasserabweisend, inklusive Tragegurte aus NBR\u2013Schaum.nnAbmessungen: 183 x 61 x 1 cm<\/p>\n","protected":false},"excerpt":{"rendered":"<p>Trainingsmatte, Pride. Es ist ideal f\u00fcr alle Arten von Workouts wie Yoga, Pilates, medizinisches Training oder nur als Matte f\u00fcr den Strand. Seine rutschfeste Oberfl\u00e4che ist leicht zu reinigen, wasserabweisend, inklusive Tragegurte aus NBR\u2013Schaum.nnAbmessungen: 183 x 61 x 1 cm<\/p>\n","protected":false},"featured_media":50444,"comment_status":"open","ping_status":"closed","template":"","meta":{"_acf_changed":false},"product_brand":[2086],"product_cat":[580,596,590,1691,588,630,616,582],"product_tag":[],"class_list":{"0":"post-36454","1":"product","2":"type-product","3":"status-publish","4":"has-post-thumbnail","6":"product_brand-pride","7":"product_cat-equipment-de","8":"product_cat-fitness-accesories","9":"product_cat-fitness-in-cross-trening-de","10":"product_cat-sonderangebote","11":"product_cat-sonstiges","12":"product_cat-tatamis-puzzle-matten","13":"product_cat-trainingsgerate","14":"product_cat-zusatzlische-angebote","16":"first","17":"instock","18":"sale","19":"taxable","20":"shipping-taxable","21":"purchasable","22":"product-type-simple"},"acf":[],"yoast_head":"<!-- This site is optimized with the Yoast SEO plugin v27.5 - https:\/\/yoast.com\/product\/yoast-seo-wordpress\/ -->\n<title>Fitnessmatte Pride \u2013 FlexCore - PRIDEshop<\/title>\n<meta name=\"description\" content=\"Trainingsmatte, Pride. Es ist ideal f\u00fcr alle Arten von Workouts wie Yoga, Pilates, medizinisches Training oder nur als Matte f\u00fcr den Strand.\" \/>\n<meta name=\"robots\" content=\"index, follow, max-snippet:-1, max-image-preview:large, max-video-preview:-1\" \/>\n<link rel=\"canonical\" href=\"https:\/\/prideshop.eu\/de\/shop\/equipment-de\/trainingsgerate\/tatamis-puzzle-matten\/trainingsmatte-pride\/\" \/>\n<meta property=\"og:locale\" content=\"de_DE\" \/>\n<meta property=\"og:type\" content=\"article\" \/>\n<meta property=\"og:title\" content=\"Fitnessmatte Pride \u2013 FlexCore - PRIDEshop\" \/>\n<meta property=\"og:description\" content=\"Trainingsmatte, Pride. Es ist ideal f\u00fcr alle Arten von Workouts wie Yoga, Pilates, medizinisches Training oder nur als Matte f\u00fcr den Strand.\" \/>\n<meta property=\"og:url\" content=\"https:\/\/prideshop.eu\/de\/shop\/equipment-de\/trainingsgerate\/tatamis-puzzle-matten\/trainingsmatte-pride\/\" \/>\n<meta property=\"og:site_name\" content=\"PRIDEshop\" \/>\n<meta property=\"article:publisher\" content=\"https:\/\/sl-si.facebook.com\/PrideShopeu\" \/>\n<meta property=\"article:modified_time\" content=\"2025-08-04T08:59:04+00:00\" \/>\n<meta property=\"og:image\" content=\"https:\/\/prideshop.eu\/wp-content\/uploads\/2021\/09\/podloga-za-vadbo-pride-8119-1.jpeg\" \/>\n\t<meta property=\"og:image:width\" content=\"1000\" \/>\n\t<meta property=\"og:image:height\" content=\"1000\" \/>\n\t<meta property=\"og:image:type\" content=\"image\/jpeg\" \/>\n<meta name=\"twitter:card\" content=\"summary_large_image\" \/>\n<script type=\"application\/ld+json\" class=\"yoast-schema-graph\">{\"@context\":\"https:\\\/\\\/schema.org\",\"@graph\":[{\"@type\":\"WebPage\",\"@id\":\"https:\\\/\\\/prideshop.eu\\\/de\\\/shop\\\/equipment-de\\\/trainingsgerate\\\/tatamis-puzzle-matten\\\/trainingsmatte-pride\\\/\",\"url\":\"https:\\\/\\\/prideshop.eu\\\/de\\\/shop\\\/equipment-de\\\/trainingsgerate\\\/tatamis-puzzle-matten\\\/trainingsmatte-pride\\\/\",\"name\":\"Fitnessmatte Pride \u2013 FlexCore - PRIDEshop\",\"isPartOf\":{\"@id\":\"https:\\\/\\\/prideshop.eu\\\/de\\\/#website\"},\"primaryImageOfPage\":{\"@id\":\"https:\\\/\\\/prideshop.eu\\\/de\\\/shop\\\/equipment-de\\\/trainingsgerate\\\/tatamis-puzzle-matten\\\/trainingsmatte-pride\\\/#primaryimage\"},\"image\":{\"@id\":\"https:\\\/\\\/prideshop.eu\\\/de\\\/shop\\\/equipment-de\\\/trainingsgerate\\\/tatamis-puzzle-matten\\\/trainingsmatte-pride\\\/#primaryimage\"},\"thumbnailUrl\":\"https:\\\/\\\/prideshop.eu\\\/wp-content\\\/uploads\\\/2021\\\/09\\\/podloga-za-vadbo-pride-8119-1.jpeg\",\"datePublished\":\"2021-09-21T13:31:32+00:00\",\"dateModified\":\"2025-08-04T08:59:04+00:00\",\"description\":\"Trainingsmatte, Pride. Es ist ideal f\u00fcr alle Arten von Workouts wie Yoga, Pilates, medizinisches Training oder nur als Matte f\u00fcr den Strand.\",\"breadcrumb\":{\"@id\":\"https:\\\/\\\/prideshop.eu\\\/de\\\/shop\\\/equipment-de\\\/trainingsgerate\\\/tatamis-puzzle-matten\\\/trainingsmatte-pride\\\/#breadcrumb\"},\"inLanguage\":\"de\",\"potentialAction\":[{\"@type\":\"ReadAction\",\"target\":[\"https:\\\/\\\/prideshop.eu\\\/de\\\/shop\\\/equipment-de\\\/trainingsgerate\\\/tatamis-puzzle-matten\\\/trainingsmatte-pride\\\/\"]}]},{\"@type\":\"ImageObject\",\"inLanguage\":\"de\",\"@id\":\"https:\\\/\\\/prideshop.eu\\\/de\\\/shop\\\/equipment-de\\\/trainingsgerate\\\/tatamis-puzzle-matten\\\/trainingsmatte-pride\\\/#primaryimage\",\"url\":\"https:\\\/\\\/prideshop.eu\\\/wp-content\\\/uploads\\\/2021\\\/09\\\/podloga-za-vadbo-pride-8119-1.jpeg\",\"contentUrl\":\"https:\\\/\\\/prideshop.eu\\\/wp-content\\\/uploads\\\/2021\\\/09\\\/podloga-za-vadbo-pride-8119-1.jpeg\",\"width\":1000,\"height\":1000,\"caption\":\"Podloga za vadbo Pride\"},{\"@type\":\"BreadcrumbList\",\"@id\":\"https:\\\/\\\/prideshop.eu\\\/de\\\/shop\\\/equipment-de\\\/trainingsgerate\\\/tatamis-puzzle-matten\\\/trainingsmatte-pride\\\/#breadcrumb\",\"itemListElement\":[{\"@type\":\"ListItem\",\"position\":1,\"name\":\"Home\",\"item\":\"https:\\\/\\\/prideshop.eu\\\/de\\\/\"},{\"@type\":\"ListItem\",\"position\":2,\"name\":\"Gesch\u00e4ft\",\"item\":\"https:\\\/\\\/prideshop.eu\\\/de\\\/geschaeft\\\/\"},{\"@type\":\"ListItem\",\"position\":3,\"name\":\"Fitnessmatte Pride \u2013 FlexCore\"}]},{\"@type\":\"WebSite\",\"@id\":\"https:\\\/\\\/prideshop.eu\\\/de\\\/#website\",\"url\":\"https:\\\/\\\/prideshop.eu\\\/de\\\/\",\"name\":\"PRIDEshop\",\"description\":\"Oprema za Borilne \u0160porte\",\"publisher\":{\"@id\":\"https:\\\/\\\/prideshop.eu\\\/de\\\/#organization\"},\"potentialAction\":[{\"@type\":\"SearchAction\",\"target\":{\"@type\":\"EntryPoint\",\"urlTemplate\":\"https:\\\/\\\/prideshop.eu\\\/de\\\/?s={search_term_string}\"},\"query-input\":{\"@type\":\"PropertyValueSpecification\",\"valueRequired\":true,\"valueName\":\"search_term_string\"}}],\"inLanguage\":\"de\"},{\"@type\":\"Organization\",\"@id\":\"https:\\\/\\\/prideshop.eu\\\/de\\\/#organization\",\"name\":\"PRIDEshop\",\"url\":\"https:\\\/\\\/prideshop.eu\\\/de\\\/\",\"logo\":{\"@type\":\"ImageObject\",\"inLanguage\":\"de\",\"@id\":\"https:\\\/\\\/prideshop.eu\\\/de\\\/#\\\/schema\\\/logo\\\/image\\\/\",\"url\":\"\",\"contentUrl\":\"\",\"caption\":\"PRIDEshop\"},\"image\":{\"@id\":\"https:\\\/\\\/prideshop.eu\\\/de\\\/#\\\/schema\\\/logo\\\/image\\\/\"},\"sameAs\":[\"https:\\\/\\\/sl-si.facebook.com\\\/PrideShopeu\"]}]}<\/script>\n<!-- \/ Yoast SEO plugin. -->","yoast_head_json":{"title":"Fitnessmatte Pride \u2013 FlexCore - PRIDEshop","description":"Trainingsmatte, Pride. Es ist ideal f\u00fcr alle Arten von Workouts wie Yoga, Pilates, medizinisches Training oder nur als Matte f\u00fcr den Strand.","robots":{"index":"index","follow":"follow","max-snippet":"max-snippet:-1","max-image-preview":"max-image-preview:large","max-video-preview":"max-video-preview:-1"},"canonical":"https:\/\/prideshop.eu\/de\/shop\/equipment-de\/trainingsgerate\/tatamis-puzzle-matten\/trainingsmatte-pride\/","og_locale":"de_DE","og_type":"article","og_title":"Fitnessmatte Pride \u2013 FlexCore - PRIDEshop","og_description":"Trainingsmatte, Pride. Es ist ideal f\u00fcr alle Arten von Workouts wie Yoga, Pilates, medizinisches Training oder nur als Matte f\u00fcr den Strand.","og_url":"https:\/\/prideshop.eu\/de\/shop\/equipment-de\/trainingsgerate\/tatamis-puzzle-matten\/trainingsmatte-pride\/","og_site_name":"PRIDEshop","article_publisher":"https:\/\/sl-si.facebook.com\/PrideShopeu","article_modified_time":"2025-08-04T08:59:04+00:00","og_image":[{"width":1000,"height":1000,"url":"https:\/\/prideshop.eu\/wp-content\/uploads\/2021\/09\/podloga-za-vadbo-pride-8119-1.jpeg","type":"image\/jpeg"}],"twitter_card":"summary_large_image","schema":{"@context":"https:\/\/schema.org","@graph":[{"@type":"WebPage","@id":"https:\/\/prideshop.eu\/de\/shop\/equipment-de\/trainingsgerate\/tatamis-puzzle-matten\/trainingsmatte-pride\/","url":"https:\/\/prideshop.eu\/de\/shop\/equipment-de\/trainingsgerate\/tatamis-puzzle-matten\/trainingsmatte-pride\/","name":"Fitnessmatte Pride \u2013 FlexCore - PRIDEshop","isPartOf":{"@id":"https:\/\/prideshop.eu\/de\/#website"},"primaryImageOfPage":{"@id":"https:\/\/prideshop.eu\/de\/shop\/equipment-de\/trainingsgerate\/tatamis-puzzle-matten\/trainingsmatte-pride\/#primaryimage"},"image":{"@id":"https:\/\/prideshop.eu\/de\/shop\/equipment-de\/trainingsgerate\/tatamis-puzzle-matten\/trainingsmatte-pride\/#primaryimage"},"thumbnailUrl":"https:\/\/prideshop.eu\/wp-content\/uploads\/2021\/09\/podloga-za-vadbo-pride-8119-1.jpeg","datePublished":"2021-09-21T13:31:32+00:00","dateModified":"2025-08-04T08:59:04+00:00","description":"Trainingsmatte, Pride. Es ist ideal f\u00fcr alle Arten von Workouts wie Yoga, Pilates, medizinisches Training oder nur als Matte f\u00fcr den Strand.","breadcrumb":{"@id":"https:\/\/prideshop.eu\/de\/shop\/equipment-de\/trainingsgerate\/tatamis-puzzle-matten\/trainingsmatte-pride\/#breadcrumb"},"inLanguage":"de","potentialAction":[{"@type":"ReadAction","target":["https:\/\/prideshop.eu\/de\/shop\/equipment-de\/trainingsgerate\/tatamis-puzzle-matten\/trainingsmatte-pride\/"]}]},{"@type":"ImageObject","inLanguage":"de","@id":"https:\/\/prideshop.eu\/de\/shop\/equipment-de\/trainingsgerate\/tatamis-puzzle-matten\/trainingsmatte-pride\/#primaryimage","url":"https:\/\/prideshop.eu\/wp-content\/uploads\/2021\/09\/podloga-za-vadbo-pride-8119-1.jpeg","contentUrl":"https:\/\/prideshop.eu\/wp-content\/uploads\/2021\/09\/podloga-za-vadbo-pride-8119-1.jpeg","width":1000,"height":1000,"caption":"Podloga za vadbo Pride"},{"@type":"BreadcrumbList","@id":"https:\/\/prideshop.eu\/de\/shop\/equipment-de\/trainingsgerate\/tatamis-puzzle-matten\/trainingsmatte-pride\/#breadcrumb","itemListElement":[{"@type":"ListItem","position":1,"name":"Home","item":"https:\/\/prideshop.eu\/de\/"},{"@type":"ListItem","position":2,"name":"Gesch\u00e4ft","item":"https:\/\/prideshop.eu\/de\/geschaeft\/"},{"@type":"ListItem","position":3,"name":"Fitnessmatte Pride \u2013 FlexCore"}]},{"@type":"WebSite","@id":"https:\/\/prideshop.eu\/de\/#website","url":"https:\/\/prideshop.eu\/de\/","name":"PRIDEshop","description":"Oprema za Borilne \u0160porte","publisher":{"@id":"https:\/\/prideshop.eu\/de\/#organization"},"potentialAction":[{"@type":"SearchAction","target":{"@type":"EntryPoint","urlTemplate":"https:\/\/prideshop.eu\/de\/?s={search_term_string}"},"query-input":{"@type":"PropertyValueSpecification","valueRequired":true,"valueName":"search_term_string"}}],"inLanguage":"de"},{"@type":"Organization","@id":"https:\/\/prideshop.eu\/de\/#organization","name":"PRIDEshop","url":"https:\/\/prideshop.eu\/de\/","logo":{"@type":"ImageObject","inLanguage":"de","@id":"https:\/\/prideshop.eu\/de\/#\/schema\/logo\/image\/","url":"","contentUrl":"","caption":"PRIDEshop"},"image":{"@id":"https:\/\/prideshop.eu\/de\/#\/schema\/logo\/image\/"},"sameAs":["https:\/\/sl-si.facebook.com\/PrideShopeu"]}]}},"_links":{"self":[{"href":"https:\/\/prideshop.eu\/de\/wp-json\/wp\/v2\/product\/36454","targetHints":{"allow":["GET"]}}],"collection":[{"href":"https:\/\/prideshop.eu\/de\/wp-json\/wp\/v2\/product"}],"about":[{"href":"https:\/\/prideshop.eu\/de\/wp-json\/wp\/v2\/types\/product"}],"replies":[{"embeddable":true,"href":"https:\/\/prideshop.eu\/de\/wp-json\/wp\/v2\/comments?post=36454"}],"wp:featuredmedia":[{"embeddable":true,"href":"https:\/\/prideshop.eu\/de\/wp-json\/wp\/v2\/media\/50444"}],"wp:attachment":[{"href":"https:\/\/prideshop.eu\/de\/wp-json\/wp\/v2\/media?parent=36454"}],"wp:term":[{"taxonomy":"product_brand","embeddable":true,"href":"https:\/\/prideshop.eu\/de\/wp-json\/wp\/v2\/product_brand?post=36454"},{"taxonomy":"product_cat","embeddable":true,"href":"https:\/\/prideshop.eu\/de\/wp-json\/wp\/v2\/product_cat?post=36454"},{"taxonomy":"product_tag","embeddable":true,"href":"https:\/\/prideshop.eu\/de\/wp-json\/wp\/v2\/product_tag?post=36454"}],"curies":[{"name":"wp","href":"https:\/\/api.w.org\/{rel}","templated":true}]}}