{"id":37705,"date":"2022-08-11T18:40:00","date_gmt":"2022-08-11T16:40:00","guid":{"rendered":"https:\/\/prideshop.eu\/spletna-trgovina\/unkategorisiert\/sportrucksack-kickboxing-adidas\/"},"modified":"2025-08-04T11:07:20","modified_gmt":"2025-08-04T09:07:20","slug":"sportrucksack-kickboxing-adidas","status":"publish","type":"product","link":"https:\/\/prideshop.eu\/de\/shop\/equipment-de\/sporttaschen\/sportrucksack-kickboxing-adidas\/","title":{"rendered":"Sport-Rucksack Adidas \u2013 Kickboxing"},"content":{"rendered":"<h3>Sport-Rucksack Adidas \u2013 Kickboxing<\/h3>\n<p>Sportrucksack Kickboxing, Adidas. Ein attraktiver Rucksack f\u00fcr den Transport von Sportger\u00e4ten. Aus strapazierf\u00e4higem Material, verst\u00e4rkte verstellbare Tr\u00e4ger, zwei Seitentaschen, starker und langlebiger Rei\u00dfverschluss. Erh\u00e4ltlich in zwei Gr\u00f6\u00dfen.nnM (50x31x20), L (57x33x23)<\/p>\n","protected":false},"excerpt":{"rendered":"<p>Sportrucksack Kickboxing, Adidas. Ein attraktiver Rucksack f\u00fcr den Transport von Sportger\u00e4ten. Aus strapazierf\u00e4higem Material, verst\u00e4rkte verstellbare Tr\u00e4ger, zwei Seitentaschen, starker und langlebiger Rei\u00dfverschluss. Erh\u00e4ltlich in zwei Gr\u00f6\u00dfen.nnM (50x31x20), L (57x33x23)<\/p>\n","protected":false},"featured_media":37245,"comment_status":"open","ping_status":"closed","template":"","meta":{"_acf_changed":false},"product_brand":[2084],"product_cat":[580,654],"product_tag":[],"class_list":{"0":"post-37705","1":"product","2":"type-product","3":"status-publish","4":"has-post-thumbnail","6":"product_brand-adidas","7":"product_cat-equipment-de","8":"product_cat-sporttaschen","10":"first","11":"instock","12":"taxable","13":"shipping-taxable","14":"purchasable","15":"product-type-variable"},"acf":[],"yoast_head":"<!-- This site is optimized with the Yoast SEO plugin v27.4 - https:\/\/yoast.com\/product\/yoast-seo-wordpress\/ -->\n<title>Sport-Rucksack Adidas \u2013 Kickboxing - PRIDEshop<\/title>\n<meta name=\"description\" content=\"Sportrucksack Kickboxing, Adidas. Ein attraktiver Rucksack f\u00fcr den Transport von Sportger\u00e4ten. Aus strapazierf\u00e4higem Material, verst\u00e4rkte verstellbare Tr\u00e4ger.\" \/>\n<meta name=\"robots\" content=\"index, follow, max-snippet:-1, max-image-preview:large, max-video-preview:-1\" \/>\n<link rel=\"canonical\" href=\"https:\/\/prideshop.eu\/de\/shop\/equipment-de\/sporttaschen\/sportrucksack-kickboxing-adidas\/\" \/>\n<meta property=\"og:locale\" content=\"de_DE\" \/>\n<meta property=\"og:type\" content=\"article\" \/>\n<meta property=\"og:title\" content=\"Sport-Rucksack Adidas \u2013 Kickboxing - PRIDEshop\" \/>\n<meta property=\"og:description\" content=\"Sportrucksack Kickboxing, Adidas. Ein attraktiver Rucksack f\u00fcr den Transport von Sportger\u00e4ten. Aus strapazierf\u00e4higem Material, verst\u00e4rkte verstellbare Tr\u00e4ger.\" \/>\n<meta property=\"og:url\" content=\"https:\/\/prideshop.eu\/de\/shop\/equipment-de\/sporttaschen\/sportrucksack-kickboxing-adidas\/\" \/>\n<meta property=\"og:site_name\" content=\"PRIDEshop\" \/>\n<meta property=\"article:publisher\" content=\"https:\/\/sl-si.facebook.com\/PrideShopeu\" \/>\n<meta property=\"article:modified_time\" content=\"2025-08-04T09:07:20+00:00\" \/>\n<meta property=\"og:image\" content=\"https:\/\/prideshop.eu\/wp-content\/uploads\/2022\/08\/sportni-nahrbtnik-kickboxing-adidas-a692x.jpeg\" \/>\n\t<meta property=\"og:image:width\" content=\"600\" \/>\n\t<meta property=\"og:image:height\" content=\"600\" \/>\n\t<meta property=\"og:image:type\" content=\"image\/jpeg\" \/>\n<meta name=\"twitter:card\" content=\"summary_large_image\" \/>\n<script type=\"application\/ld+json\" class=\"yoast-schema-graph\">{\"@context\":\"https:\\\/\\\/schema.org\",\"@graph\":[{\"@type\":\"WebPage\",\"@id\":\"https:\\\/\\\/prideshop.eu\\\/de\\\/shop\\\/equipment-de\\\/sporttaschen\\\/sportrucksack-kickboxing-adidas\\\/\",\"url\":\"https:\\\/\\\/prideshop.eu\\\/de\\\/shop\\\/equipment-de\\\/sporttaschen\\\/sportrucksack-kickboxing-adidas\\\/\",\"name\":\"Sport-Rucksack Adidas \u2013 Kickboxing - PRIDEshop\",\"isPartOf\":{\"@id\":\"https:\\\/\\\/prideshop.eu\\\/de\\\/#website\"},\"primaryImageOfPage\":{\"@id\":\"https:\\\/\\\/prideshop.eu\\\/de\\\/shop\\\/equipment-de\\\/sporttaschen\\\/sportrucksack-kickboxing-adidas\\\/#primaryimage\"},\"image\":{\"@id\":\"https:\\\/\\\/prideshop.eu\\\/de\\\/shop\\\/equipment-de\\\/sporttaschen\\\/sportrucksack-kickboxing-adidas\\\/#primaryimage\"},\"thumbnailUrl\":\"https:\\\/\\\/prideshop.eu\\\/wp-content\\\/uploads\\\/2022\\\/08\\\/sportni-nahrbtnik-kickboxing-adidas-a692x.jpeg\",\"datePublished\":\"2022-08-11T16:40:00+00:00\",\"dateModified\":\"2025-08-04T09:07:20+00:00\",\"description\":\"Sportrucksack Kickboxing, Adidas. Ein attraktiver Rucksack f\u00fcr den Transport von Sportger\u00e4ten. Aus strapazierf\u00e4higem Material, verst\u00e4rkte verstellbare Tr\u00e4ger.\",\"breadcrumb\":{\"@id\":\"https:\\\/\\\/prideshop.eu\\\/de\\\/shop\\\/equipment-de\\\/sporttaschen\\\/sportrucksack-kickboxing-adidas\\\/#breadcrumb\"},\"inLanguage\":\"de\",\"potentialAction\":[{\"@type\":\"ReadAction\",\"target\":[\"https:\\\/\\\/prideshop.eu\\\/de\\\/shop\\\/equipment-de\\\/sporttaschen\\\/sportrucksack-kickboxing-adidas\\\/\"]}]},{\"@type\":\"ImageObject\",\"inLanguage\":\"de\",\"@id\":\"https:\\\/\\\/prideshop.eu\\\/de\\\/shop\\\/equipment-de\\\/sporttaschen\\\/sportrucksack-kickboxing-adidas\\\/#primaryimage\",\"url\":\"https:\\\/\\\/prideshop.eu\\\/wp-content\\\/uploads\\\/2022\\\/08\\\/sportni-nahrbtnik-kickboxing-adidas-a692x.jpeg\",\"contentUrl\":\"https:\\\/\\\/prideshop.eu\\\/wp-content\\\/uploads\\\/2022\\\/08\\\/sportni-nahrbtnik-kickboxing-adidas-a692x.jpeg\",\"width\":600,\"height\":600,\"caption\":\"Sportrucksack mit der Aufschrift Kickboxing Adidas-schwarz\"},{\"@type\":\"BreadcrumbList\",\"@id\":\"https:\\\/\\\/prideshop.eu\\\/de\\\/shop\\\/equipment-de\\\/sporttaschen\\\/sportrucksack-kickboxing-adidas\\\/#breadcrumb\",\"itemListElement\":[{\"@type\":\"ListItem\",\"position\":1,\"name\":\"Home\",\"item\":\"https:\\\/\\\/prideshop.eu\\\/de\\\/\"},{\"@type\":\"ListItem\",\"position\":2,\"name\":\"Gesch\u00e4ft\",\"item\":\"https:\\\/\\\/prideshop.eu\\\/de\\\/geschaeft\\\/\"},{\"@type\":\"ListItem\",\"position\":3,\"name\":\"Sport-Rucksack Adidas \u2013 Kickboxing\"}]},{\"@type\":\"WebSite\",\"@id\":\"https:\\\/\\\/prideshop.eu\\\/de\\\/#website\",\"url\":\"https:\\\/\\\/prideshop.eu\\\/de\\\/\",\"name\":\"PRIDEshop\",\"description\":\"Oprema za Borilne \u0160porte\",\"publisher\":{\"@id\":\"https:\\\/\\\/prideshop.eu\\\/de\\\/#organization\"},\"potentialAction\":[{\"@type\":\"SearchAction\",\"target\":{\"@type\":\"EntryPoint\",\"urlTemplate\":\"https:\\\/\\\/prideshop.eu\\\/de\\\/?s={search_term_string}\"},\"query-input\":{\"@type\":\"PropertyValueSpecification\",\"valueRequired\":true,\"valueName\":\"search_term_string\"}}],\"inLanguage\":\"de\"},{\"@type\":\"Organization\",\"@id\":\"https:\\\/\\\/prideshop.eu\\\/de\\\/#organization\",\"name\":\"PRIDEshop\",\"url\":\"https:\\\/\\\/prideshop.eu\\\/de\\\/\",\"logo\":{\"@type\":\"ImageObject\",\"inLanguage\":\"de\",\"@id\":\"https:\\\/\\\/prideshop.eu\\\/de\\\/#\\\/schema\\\/logo\\\/image\\\/\",\"url\":\"\",\"contentUrl\":\"\",\"caption\":\"PRIDEshop\"},\"image\":{\"@id\":\"https:\\\/\\\/prideshop.eu\\\/de\\\/#\\\/schema\\\/logo\\\/image\\\/\"},\"sameAs\":[\"https:\\\/\\\/sl-si.facebook.com\\\/PrideShopeu\"]}]}<\/script>\n<!-- \/ Yoast SEO plugin. -->","yoast_head_json":{"title":"Sport-Rucksack Adidas \u2013 Kickboxing - PRIDEshop","description":"Sportrucksack Kickboxing, Adidas. Ein attraktiver Rucksack f\u00fcr den Transport von Sportger\u00e4ten. Aus strapazierf\u00e4higem Material, verst\u00e4rkte verstellbare Tr\u00e4ger.","robots":{"index":"index","follow":"follow","max-snippet":"max-snippet:-1","max-image-preview":"max-image-preview:large","max-video-preview":"max-video-preview:-1"},"canonical":"https:\/\/prideshop.eu\/de\/shop\/equipment-de\/sporttaschen\/sportrucksack-kickboxing-adidas\/","og_locale":"de_DE","og_type":"article","og_title":"Sport-Rucksack Adidas \u2013 Kickboxing - PRIDEshop","og_description":"Sportrucksack Kickboxing, Adidas. Ein attraktiver Rucksack f\u00fcr den Transport von Sportger\u00e4ten. Aus strapazierf\u00e4higem Material, verst\u00e4rkte verstellbare Tr\u00e4ger.","og_url":"https:\/\/prideshop.eu\/de\/shop\/equipment-de\/sporttaschen\/sportrucksack-kickboxing-adidas\/","og_site_name":"PRIDEshop","article_publisher":"https:\/\/sl-si.facebook.com\/PrideShopeu","article_modified_time":"2025-08-04T09:07:20+00:00","og_image":[{"width":600,"height":600,"url":"https:\/\/prideshop.eu\/wp-content\/uploads\/2022\/08\/sportni-nahrbtnik-kickboxing-adidas-a692x.jpeg","type":"image\/jpeg"}],"twitter_card":"summary_large_image","schema":{"@context":"https:\/\/schema.org","@graph":[{"@type":"WebPage","@id":"https:\/\/prideshop.eu\/de\/shop\/equipment-de\/sporttaschen\/sportrucksack-kickboxing-adidas\/","url":"https:\/\/prideshop.eu\/de\/shop\/equipment-de\/sporttaschen\/sportrucksack-kickboxing-adidas\/","name":"Sport-Rucksack Adidas \u2013 Kickboxing - PRIDEshop","isPartOf":{"@id":"https:\/\/prideshop.eu\/de\/#website"},"primaryImageOfPage":{"@id":"https:\/\/prideshop.eu\/de\/shop\/equipment-de\/sporttaschen\/sportrucksack-kickboxing-adidas\/#primaryimage"},"image":{"@id":"https:\/\/prideshop.eu\/de\/shop\/equipment-de\/sporttaschen\/sportrucksack-kickboxing-adidas\/#primaryimage"},"thumbnailUrl":"https:\/\/prideshop.eu\/wp-content\/uploads\/2022\/08\/sportni-nahrbtnik-kickboxing-adidas-a692x.jpeg","datePublished":"2022-08-11T16:40:00+00:00","dateModified":"2025-08-04T09:07:20+00:00","description":"Sportrucksack Kickboxing, Adidas. Ein attraktiver Rucksack f\u00fcr den Transport von Sportger\u00e4ten. Aus strapazierf\u00e4higem Material, verst\u00e4rkte verstellbare Tr\u00e4ger.","breadcrumb":{"@id":"https:\/\/prideshop.eu\/de\/shop\/equipment-de\/sporttaschen\/sportrucksack-kickboxing-adidas\/#breadcrumb"},"inLanguage":"de","potentialAction":[{"@type":"ReadAction","target":["https:\/\/prideshop.eu\/de\/shop\/equipment-de\/sporttaschen\/sportrucksack-kickboxing-adidas\/"]}]},{"@type":"ImageObject","inLanguage":"de","@id":"https:\/\/prideshop.eu\/de\/shop\/equipment-de\/sporttaschen\/sportrucksack-kickboxing-adidas\/#primaryimage","url":"https:\/\/prideshop.eu\/wp-content\/uploads\/2022\/08\/sportni-nahrbtnik-kickboxing-adidas-a692x.jpeg","contentUrl":"https:\/\/prideshop.eu\/wp-content\/uploads\/2022\/08\/sportni-nahrbtnik-kickboxing-adidas-a692x.jpeg","width":600,"height":600,"caption":"Sportrucksack mit der Aufschrift Kickboxing Adidas-schwarz"},{"@type":"BreadcrumbList","@id":"https:\/\/prideshop.eu\/de\/shop\/equipment-de\/sporttaschen\/sportrucksack-kickboxing-adidas\/#breadcrumb","itemListElement":[{"@type":"ListItem","position":1,"name":"Home","item":"https:\/\/prideshop.eu\/de\/"},{"@type":"ListItem","position":2,"name":"Gesch\u00e4ft","item":"https:\/\/prideshop.eu\/de\/geschaeft\/"},{"@type":"ListItem","position":3,"name":"Sport-Rucksack Adidas \u2013 Kickboxing"}]},{"@type":"WebSite","@id":"https:\/\/prideshop.eu\/de\/#website","url":"https:\/\/prideshop.eu\/de\/","name":"PRIDEshop","description":"Oprema za Borilne \u0160porte","publisher":{"@id":"https:\/\/prideshop.eu\/de\/#organization"},"potentialAction":[{"@type":"SearchAction","target":{"@type":"EntryPoint","urlTemplate":"https:\/\/prideshop.eu\/de\/?s={search_term_string}"},"query-input":{"@type":"PropertyValueSpecification","valueRequired":true,"valueName":"search_term_string"}}],"inLanguage":"de"},{"@type":"Organization","@id":"https:\/\/prideshop.eu\/de\/#organization","name":"PRIDEshop","url":"https:\/\/prideshop.eu\/de\/","logo":{"@type":"ImageObject","inLanguage":"de","@id":"https:\/\/prideshop.eu\/de\/#\/schema\/logo\/image\/","url":"","contentUrl":"","caption":"PRIDEshop"},"image":{"@id":"https:\/\/prideshop.eu\/de\/#\/schema\/logo\/image\/"},"sameAs":["https:\/\/sl-si.facebook.com\/PrideShopeu"]}]}},"_links":{"self":[{"href":"https:\/\/prideshop.eu\/de\/wp-json\/wp\/v2\/product\/37705","targetHints":{"allow":["GET"]}}],"collection":[{"href":"https:\/\/prideshop.eu\/de\/wp-json\/wp\/v2\/product"}],"about":[{"href":"https:\/\/prideshop.eu\/de\/wp-json\/wp\/v2\/types\/product"}],"replies":[{"embeddable":true,"href":"https:\/\/prideshop.eu\/de\/wp-json\/wp\/v2\/comments?post=37705"}],"wp:featuredmedia":[{"embeddable":true,"href":"https:\/\/prideshop.eu\/de\/wp-json\/wp\/v2\/media\/37245"}],"wp:attachment":[{"href":"https:\/\/prideshop.eu\/de\/wp-json\/wp\/v2\/media?parent=37705"}],"wp:term":[{"taxonomy":"product_brand","embeddable":true,"href":"https:\/\/prideshop.eu\/de\/wp-json\/wp\/v2\/product_brand?post=37705"},{"taxonomy":"product_cat","embeddable":true,"href":"https:\/\/prideshop.eu\/de\/wp-json\/wp\/v2\/product_cat?post=37705"},{"taxonomy":"product_tag","embeddable":true,"href":"https:\/\/prideshop.eu\/de\/wp-json\/wp\/v2\/product_tag?post=37705"}],"curies":[{"name":"wp","href":"https:\/\/api.w.org\/{rel}","templated":true}]}}