{"id":37730,"date":"2022-08-09T14:25:50","date_gmt":"2022-08-09T12:25:50","guid":{"rendered":"https:\/\/prideshop.eu\/spletna-trgovina\/unkategorisiert\/karate-gi-primegreen-adilight-wkf-adidas\/"},"modified":"2026-01-12T20:53:03","modified_gmt":"2026-01-12T19:53:03","slug":"karateanzug-kumite-gi-primegreen-adilight-wkf-adidas","status":"publish","type":"product","link":"https:\/\/prideshop.eu\/de\/shop\/sportarten\/karate-ausruestung\/karateanzuge\/karateanzug-kumite-gi-primegreen-adilight-wkf-adidas\/","title":{"rendered":"Karateanzug Kumite Adidas \u2013 Adilight Primegreen WKF"},"content":{"rendered":"<h3>Karateanzug Kumite Adidas \u2013 Adilight Primegreen WKF<\/h3>\n<p>Karateanzug Kumite Gi Primegreen Adilight WKF, Adidas ist eine revolution\u00e4re Kumite\u2013Gi\u2013Karateuniform f\u00fcr Wettk\u00e4mpfe, die Leichtigkeit und hohe Leistung f\u00fcr Athleten bietet. Sie ist f\u00fcr Spitzenathleten konzipiert und hat ein geringes Gewicht von 137 g\/m2 +\/\u2013 5 g sowie ein strahlend wei\u00dfes gebleichtes Material. Sie trocknet schnell und erfordert minimale Reinigung. Sie hat extrem gro\u00dfe Netzpaneele auf der R\u00fcckseite der Jacke und auf der Innenseite der Beine zur Regulierung der Temperatur und Schwei\u00dfkontrolle. Die langen Hosen und der elastische Bund bieten ausgezeichneten Komfort, und das Einwegstretchmaterial sorgt f\u00fcr starke und pr\u00e4zise Bewegungen.nnDie neue PrimeGreen Kumite\u2013Gi\u2013Adilight ist gem\u00e4\u00df dem nachhaltigen Plan von Adidas konzipiert und verwendet recycelte Polyesterfasern aus Primegreen. Die Uniform bietet ein einzigartiges Konzept und vermittelt dennoch den Eindruck der Adilight\u2013Kumite\u2013Uniform, die von Spitzenathleten, einschlie\u00dflich Weltmeistern, gelobt wird.nnK192SK<\/p>\n","protected":false},"excerpt":{"rendered":"<p>Karateanzug Kumite Gi Primegreen Adilight WKF, Adidas ist eine revolution\u00e4re Kumite\u2013Gi\u2013Karateuniform f\u00fcr Wettk\u00e4mpfe, die Leichtigkeit und hohe Leistung f\u00fcr Athleten bietet. Sie ist f\u00fcr Spitzenathleten konzipiert und hat ein geringes Gewicht von 137 g\/m2 +\/\u2013 5 g sowie ein strahlend wei\u00dfes gebleichtes Material. Sie trocknet schnell und erfordert minimale Reinigung. Sie hat extrem gro\u00dfe Netzpaneele auf der R\u00fcckseite der Jacke und auf der Innenseite der Beine zur Regulierung der Temperatur und Schwei\u00dfkontrolle. Die langen Hosen und der elastische Bund bieten ausgezeichneten Komfort, und das Einwegstretchmaterial sorgt f\u00fcr starke und pr\u00e4zise Bewegungen.nnDie neue PrimeGreen Kumite\u2013Gi\u2013Adilight ist gem\u00e4\u00df dem nachhaltigen Plan von Adidas konzipiert und verwendet recycelte Polyesterfasern aus Primegreen. Die Uniform bietet ein einzigartiges Konzept und vermittelt dennoch den Eindruck der Adilight\u2013Kumite\u2013Uniform, die von Spitzenathleten, einschlie\u00dflich Weltmeistern, gelobt wird.nnK192SK<\/p>\n","protected":false},"featured_media":37151,"comment_status":"open","ping_status":"closed","template":"","meta":{"_acf_changed":false},"product_brand":[2084],"product_cat":[606,600,580,710,1907,656],"product_tag":[],"class_list":{"0":"post-37730","1":"product","2":"type-product","3":"status-publish","4":"has-post-thumbnail","6":"product_brand-adidas","7":"product_cat-anzuge-fur-kamfsportarten","8":"product_cat-bekleidung-und-schuhe","9":"product_cat-equipment-de","10":"product_cat-karate-ausruestung","11":"product_cat-karateanzuge","12":"product_cat-sportarten","14":"first","15":"instock","16":"taxable","17":"shipping-taxable","18":"purchasable","19":"product-type-variable"},"acf":[],"yoast_head":"<!-- This site is optimized with the Yoast SEO plugin v27.5 - https:\/\/yoast.com\/product\/yoast-seo-wordpress\/ -->\n<title>Karateanzug Kumite Adidas \u2013 Adilight Primegreen WKF - PRIDEshop<\/title>\n<meta name=\"description\" content=\"Karateanzug Kumite Gi Primegreen Adilight WKF, Adidas ist eine revolution\u00e4re Kumite-Gi-Karateuniform f\u00fcr Wettk\u00e4mpfe, die Leichtigkeit und hohe Leistung f\u00fcr Athleten bietet.\" \/>\n<meta name=\"robots\" content=\"index, follow, max-snippet:-1, max-image-preview:large, max-video-preview:-1\" \/>\n<link rel=\"canonical\" href=\"https:\/\/prideshop.eu\/de\/shop\/sportarten\/karate-ausruestung\/karateanzuge\/karateanzug-kumite-gi-primegreen-adilight-wkf-adidas\/\" \/>\n<meta property=\"og:locale\" content=\"de_DE\" \/>\n<meta property=\"og:type\" content=\"article\" \/>\n<meta property=\"og:title\" content=\"Karateanzug Kumite Adidas \u2013 Adilight Primegreen WKF - PRIDEshop\" \/>\n<meta property=\"og:description\" content=\"Karateanzug Kumite Gi Primegreen Adilight WKF, Adidas ist eine revolution\u00e4re Kumite-Gi-Karateuniform f\u00fcr Wettk\u00e4mpfe, die Leichtigkeit und hohe Leistung f\u00fcr Athleten bietet.\" \/>\n<meta property=\"og:url\" content=\"https:\/\/prideshop.eu\/de\/shop\/sportarten\/karate-ausruestung\/karateanzuge\/karateanzug-kumite-gi-primegreen-adilight-wkf-adidas\/\" \/>\n<meta property=\"og:site_name\" content=\"PRIDEshop\" \/>\n<meta property=\"article:publisher\" content=\"https:\/\/sl-si.facebook.com\/PrideShopeu\" \/>\n<meta property=\"article:modified_time\" content=\"2026-01-12T19:53:03+00:00\" \/>\n<meta property=\"og:image\" content=\"https:\/\/prideshop.eu\/wp-content\/uploads\/2022\/08\/karate-kimono-primegreen-adilight-wkf-adidas-a533.jpeg\" \/>\n\t<meta property=\"og:image:width\" content=\"600\" \/>\n\t<meta property=\"og:image:height\" content=\"600\" \/>\n\t<meta property=\"og:image:type\" content=\"image\/jpeg\" \/>\n<meta name=\"twitter:card\" content=\"summary_large_image\" \/>\n<meta name=\"twitter:label1\" content=\"Gesch\u00e4tzte Lesezeit\" \/>\n\t<meta name=\"twitter:data1\" content=\"1\u00a0Minute\" \/>\n<script type=\"application\/ld+json\" class=\"yoast-schema-graph\">{\"@context\":\"https:\\\/\\\/schema.org\",\"@graph\":[{\"@type\":\"WebPage\",\"@id\":\"https:\\\/\\\/prideshop.eu\\\/de\\\/shop\\\/sportarten\\\/karate-ausruestung\\\/karateanzuge\\\/karateanzug-kumite-gi-primegreen-adilight-wkf-adidas\\\/\",\"url\":\"https:\\\/\\\/prideshop.eu\\\/de\\\/shop\\\/sportarten\\\/karate-ausruestung\\\/karateanzuge\\\/karateanzug-kumite-gi-primegreen-adilight-wkf-adidas\\\/\",\"name\":\"Karateanzug Kumite Adidas \u2013 Adilight Primegreen WKF - PRIDEshop\",\"isPartOf\":{\"@id\":\"https:\\\/\\\/prideshop.eu\\\/de\\\/#website\"},\"primaryImageOfPage\":{\"@id\":\"https:\\\/\\\/prideshop.eu\\\/de\\\/shop\\\/sportarten\\\/karate-ausruestung\\\/karateanzuge\\\/karateanzug-kumite-gi-primegreen-adilight-wkf-adidas\\\/#primaryimage\"},\"image\":{\"@id\":\"https:\\\/\\\/prideshop.eu\\\/de\\\/shop\\\/sportarten\\\/karate-ausruestung\\\/karateanzuge\\\/karateanzug-kumite-gi-primegreen-adilight-wkf-adidas\\\/#primaryimage\"},\"thumbnailUrl\":\"https:\\\/\\\/prideshop.eu\\\/wp-content\\\/uploads\\\/2022\\\/08\\\/karate-kimono-primegreen-adilight-wkf-adidas-a533.jpeg\",\"datePublished\":\"2022-08-09T12:25:50+00:00\",\"dateModified\":\"2026-01-12T19:53:03+00:00\",\"description\":\"Karateanzug Kumite Gi Primegreen Adilight WKF, Adidas ist eine revolution\u00e4re Kumite-Gi-Karateuniform f\u00fcr Wettk\u00e4mpfe, die Leichtigkeit und hohe Leistung f\u00fcr Athleten bietet.\",\"breadcrumb\":{\"@id\":\"https:\\\/\\\/prideshop.eu\\\/de\\\/shop\\\/sportarten\\\/karate-ausruestung\\\/karateanzuge\\\/karateanzug-kumite-gi-primegreen-adilight-wkf-adidas\\\/#breadcrumb\"},\"inLanguage\":\"de\",\"potentialAction\":[{\"@type\":\"ReadAction\",\"target\":[\"https:\\\/\\\/prideshop.eu\\\/de\\\/shop\\\/sportarten\\\/karate-ausruestung\\\/karateanzuge\\\/karateanzug-kumite-gi-primegreen-adilight-wkf-adidas\\\/\"]}]},{\"@type\":\"ImageObject\",\"inLanguage\":\"de\",\"@id\":\"https:\\\/\\\/prideshop.eu\\\/de\\\/shop\\\/sportarten\\\/karate-ausruestung\\\/karateanzuge\\\/karateanzug-kumite-gi-primegreen-adilight-wkf-adidas\\\/#primaryimage\",\"url\":\"https:\\\/\\\/prideshop.eu\\\/wp-content\\\/uploads\\\/2022\\\/08\\\/karate-kimono-primegreen-adilight-wkf-adidas-a533.jpeg\",\"contentUrl\":\"https:\\\/\\\/prideshop.eu\\\/wp-content\\\/uploads\\\/2022\\\/08\\\/karate-kimono-primegreen-adilight-wkf-adidas-a533.jpeg\",\"width\":600,\"height\":600,\"caption\":\"Karateanzug Kumite Gi Primegreen Adilight WKF Adidas\"},{\"@type\":\"BreadcrumbList\",\"@id\":\"https:\\\/\\\/prideshop.eu\\\/de\\\/shop\\\/sportarten\\\/karate-ausruestung\\\/karateanzuge\\\/karateanzug-kumite-gi-primegreen-adilight-wkf-adidas\\\/#breadcrumb\",\"itemListElement\":[{\"@type\":\"ListItem\",\"position\":1,\"name\":\"Home\",\"item\":\"https:\\\/\\\/prideshop.eu\\\/de\\\/\"},{\"@type\":\"ListItem\",\"position\":2,\"name\":\"Gesch\u00e4ft\",\"item\":\"https:\\\/\\\/prideshop.eu\\\/de\\\/geschaeft\\\/\"},{\"@type\":\"ListItem\",\"position\":3,\"name\":\"Karateanzug Kumite Adidas \u2013 Adilight Primegreen WKF\"}]},{\"@type\":\"WebSite\",\"@id\":\"https:\\\/\\\/prideshop.eu\\\/de\\\/#website\",\"url\":\"https:\\\/\\\/prideshop.eu\\\/de\\\/\",\"name\":\"PRIDEshop\",\"description\":\"Oprema za Borilne \u0160porte\",\"publisher\":{\"@id\":\"https:\\\/\\\/prideshop.eu\\\/de\\\/#organization\"},\"potentialAction\":[{\"@type\":\"SearchAction\",\"target\":{\"@type\":\"EntryPoint\",\"urlTemplate\":\"https:\\\/\\\/prideshop.eu\\\/de\\\/?s={search_term_string}\"},\"query-input\":{\"@type\":\"PropertyValueSpecification\",\"valueRequired\":true,\"valueName\":\"search_term_string\"}}],\"inLanguage\":\"de\"},{\"@type\":\"Organization\",\"@id\":\"https:\\\/\\\/prideshop.eu\\\/de\\\/#organization\",\"name\":\"PRIDEshop\",\"url\":\"https:\\\/\\\/prideshop.eu\\\/de\\\/\",\"logo\":{\"@type\":\"ImageObject\",\"inLanguage\":\"de\",\"@id\":\"https:\\\/\\\/prideshop.eu\\\/de\\\/#\\\/schema\\\/logo\\\/image\\\/\",\"url\":\"\",\"contentUrl\":\"\",\"caption\":\"PRIDEshop\"},\"image\":{\"@id\":\"https:\\\/\\\/prideshop.eu\\\/de\\\/#\\\/schema\\\/logo\\\/image\\\/\"},\"sameAs\":[\"https:\\\/\\\/sl-si.facebook.com\\\/PrideShopeu\"]}]}<\/script>\n<!-- \/ Yoast SEO plugin. -->","yoast_head_json":{"title":"Karateanzug Kumite Adidas \u2013 Adilight Primegreen WKF - PRIDEshop","description":"Karateanzug Kumite Gi Primegreen Adilight WKF, Adidas ist eine revolution\u00e4re Kumite-Gi-Karateuniform f\u00fcr Wettk\u00e4mpfe, die Leichtigkeit und hohe Leistung f\u00fcr Athleten bietet.","robots":{"index":"index","follow":"follow","max-snippet":"max-snippet:-1","max-image-preview":"max-image-preview:large","max-video-preview":"max-video-preview:-1"},"canonical":"https:\/\/prideshop.eu\/de\/shop\/sportarten\/karate-ausruestung\/karateanzuge\/karateanzug-kumite-gi-primegreen-adilight-wkf-adidas\/","og_locale":"de_DE","og_type":"article","og_title":"Karateanzug Kumite Adidas \u2013 Adilight Primegreen WKF - PRIDEshop","og_description":"Karateanzug Kumite Gi Primegreen Adilight WKF, Adidas ist eine revolution\u00e4re Kumite-Gi-Karateuniform f\u00fcr Wettk\u00e4mpfe, die Leichtigkeit und hohe Leistung f\u00fcr Athleten bietet.","og_url":"https:\/\/prideshop.eu\/de\/shop\/sportarten\/karate-ausruestung\/karateanzuge\/karateanzug-kumite-gi-primegreen-adilight-wkf-adidas\/","og_site_name":"PRIDEshop","article_publisher":"https:\/\/sl-si.facebook.com\/PrideShopeu","article_modified_time":"2026-01-12T19:53:03+00:00","og_image":[{"width":600,"height":600,"url":"https:\/\/prideshop.eu\/wp-content\/uploads\/2022\/08\/karate-kimono-primegreen-adilight-wkf-adidas-a533.jpeg","type":"image\/jpeg"}],"twitter_card":"summary_large_image","twitter_misc":{"Gesch\u00e4tzte Lesezeit":"1\u00a0Minute"},"schema":{"@context":"https:\/\/schema.org","@graph":[{"@type":"WebPage","@id":"https:\/\/prideshop.eu\/de\/shop\/sportarten\/karate-ausruestung\/karateanzuge\/karateanzug-kumite-gi-primegreen-adilight-wkf-adidas\/","url":"https:\/\/prideshop.eu\/de\/shop\/sportarten\/karate-ausruestung\/karateanzuge\/karateanzug-kumite-gi-primegreen-adilight-wkf-adidas\/","name":"Karateanzug Kumite Adidas \u2013 Adilight Primegreen WKF - PRIDEshop","isPartOf":{"@id":"https:\/\/prideshop.eu\/de\/#website"},"primaryImageOfPage":{"@id":"https:\/\/prideshop.eu\/de\/shop\/sportarten\/karate-ausruestung\/karateanzuge\/karateanzug-kumite-gi-primegreen-adilight-wkf-adidas\/#primaryimage"},"image":{"@id":"https:\/\/prideshop.eu\/de\/shop\/sportarten\/karate-ausruestung\/karateanzuge\/karateanzug-kumite-gi-primegreen-adilight-wkf-adidas\/#primaryimage"},"thumbnailUrl":"https:\/\/prideshop.eu\/wp-content\/uploads\/2022\/08\/karate-kimono-primegreen-adilight-wkf-adidas-a533.jpeg","datePublished":"2022-08-09T12:25:50+00:00","dateModified":"2026-01-12T19:53:03+00:00","description":"Karateanzug Kumite Gi Primegreen Adilight WKF, Adidas ist eine revolution\u00e4re Kumite-Gi-Karateuniform f\u00fcr Wettk\u00e4mpfe, die Leichtigkeit und hohe Leistung f\u00fcr Athleten bietet.","breadcrumb":{"@id":"https:\/\/prideshop.eu\/de\/shop\/sportarten\/karate-ausruestung\/karateanzuge\/karateanzug-kumite-gi-primegreen-adilight-wkf-adidas\/#breadcrumb"},"inLanguage":"de","potentialAction":[{"@type":"ReadAction","target":["https:\/\/prideshop.eu\/de\/shop\/sportarten\/karate-ausruestung\/karateanzuge\/karateanzug-kumite-gi-primegreen-adilight-wkf-adidas\/"]}]},{"@type":"ImageObject","inLanguage":"de","@id":"https:\/\/prideshop.eu\/de\/shop\/sportarten\/karate-ausruestung\/karateanzuge\/karateanzug-kumite-gi-primegreen-adilight-wkf-adidas\/#primaryimage","url":"https:\/\/prideshop.eu\/wp-content\/uploads\/2022\/08\/karate-kimono-primegreen-adilight-wkf-adidas-a533.jpeg","contentUrl":"https:\/\/prideshop.eu\/wp-content\/uploads\/2022\/08\/karate-kimono-primegreen-adilight-wkf-adidas-a533.jpeg","width":600,"height":600,"caption":"Karateanzug Kumite Gi Primegreen Adilight WKF Adidas"},{"@type":"BreadcrumbList","@id":"https:\/\/prideshop.eu\/de\/shop\/sportarten\/karate-ausruestung\/karateanzuge\/karateanzug-kumite-gi-primegreen-adilight-wkf-adidas\/#breadcrumb","itemListElement":[{"@type":"ListItem","position":1,"name":"Home","item":"https:\/\/prideshop.eu\/de\/"},{"@type":"ListItem","position":2,"name":"Gesch\u00e4ft","item":"https:\/\/prideshop.eu\/de\/geschaeft\/"},{"@type":"ListItem","position":3,"name":"Karateanzug Kumite Adidas \u2013 Adilight Primegreen WKF"}]},{"@type":"WebSite","@id":"https:\/\/prideshop.eu\/de\/#website","url":"https:\/\/prideshop.eu\/de\/","name":"PRIDEshop","description":"Oprema za Borilne \u0160porte","publisher":{"@id":"https:\/\/prideshop.eu\/de\/#organization"},"potentialAction":[{"@type":"SearchAction","target":{"@type":"EntryPoint","urlTemplate":"https:\/\/prideshop.eu\/de\/?s={search_term_string}"},"query-input":{"@type":"PropertyValueSpecification","valueRequired":true,"valueName":"search_term_string"}}],"inLanguage":"de"},{"@type":"Organization","@id":"https:\/\/prideshop.eu\/de\/#organization","name":"PRIDEshop","url":"https:\/\/prideshop.eu\/de\/","logo":{"@type":"ImageObject","inLanguage":"de","@id":"https:\/\/prideshop.eu\/de\/#\/schema\/logo\/image\/","url":"","contentUrl":"","caption":"PRIDEshop"},"image":{"@id":"https:\/\/prideshop.eu\/de\/#\/schema\/logo\/image\/"},"sameAs":["https:\/\/sl-si.facebook.com\/PrideShopeu"]}]}},"_links":{"self":[{"href":"https:\/\/prideshop.eu\/de\/wp-json\/wp\/v2\/product\/37730","targetHints":{"allow":["GET"]}}],"collection":[{"href":"https:\/\/prideshop.eu\/de\/wp-json\/wp\/v2\/product"}],"about":[{"href":"https:\/\/prideshop.eu\/de\/wp-json\/wp\/v2\/types\/product"}],"replies":[{"embeddable":true,"href":"https:\/\/prideshop.eu\/de\/wp-json\/wp\/v2\/comments?post=37730"}],"wp:featuredmedia":[{"embeddable":true,"href":"https:\/\/prideshop.eu\/de\/wp-json\/wp\/v2\/media\/37151"}],"wp:attachment":[{"href":"https:\/\/prideshop.eu\/de\/wp-json\/wp\/v2\/media?parent=37730"}],"wp:term":[{"taxonomy":"product_brand","embeddable":true,"href":"https:\/\/prideshop.eu\/de\/wp-json\/wp\/v2\/product_brand?post=37730"},{"taxonomy":"product_cat","embeddable":true,"href":"https:\/\/prideshop.eu\/de\/wp-json\/wp\/v2\/product_cat?post=37730"},{"taxonomy":"product_tag","embeddable":true,"href":"https:\/\/prideshop.eu\/de\/wp-json\/wp\/v2\/product_tag?post=37730"}],"curies":[{"name":"wp","href":"https:\/\/api.w.org\/{rel}","templated":true}]}}