{"id":37741,"date":"2022-08-09T13:28:54","date_gmt":"2022-08-09T11:28:54","guid":{"rendered":"https:\/\/prideshop.eu\/spletna-trgovina\/unkategorisiert\/ringerschuhe-mat-wizard-v-adidas\/"},"modified":"2025-08-04T11:02:01","modified_gmt":"2025-08-04T09:02:01","slug":"ringerschuhe-mat-wizard-v-adidas","status":"publish","type":"product","link":"https:\/\/prideshop.eu\/de\/shop\/sportarten\/ringen-sambo\/ringerschuhe\/ringerschuhe-mat-wizard-v-adidas\/","title":{"rendered":"Ringerschuhe Adidas \u2013 Mat Wizard V"},"content":{"rendered":"<h3>Ringerschuhe Adidas \u2013 Mat Wizard V<\/h3>\n<p>Ringerschuhe Mat Wizard V, Adidas. Eines der Hauptmerkmale der Mat Wizard 5 Schuhe ist ihre rutschfeste Sohle, die bei fast allen Bewegungen und Oberfl\u00e4chen f\u00fcr festen Halt sorgt. Das leichte Mesh\u2013Obermaterial des Schuhs erm\u00f6glicht eine extrem gute Atmungsaktivit\u00e4t. Spezielle Verst\u00e4rkungen im Fersen\u2013 und Zehenbereich des Slippers, zus\u00e4tzlich innen gepolstert f\u00fcr besseren Kn\u00f6chelhalt.<\/p>\n","protected":false},"excerpt":{"rendered":"<p>Ringerschuhe Mat Wizard V, Adidas. Eines der Hauptmerkmale der Mat Wizard 5 Schuhe ist ihre rutschfeste Sohle, die bei fast allen Bewegungen und Oberfl\u00e4chen f\u00fcr festen Halt sorgt. Das leichte Mesh\u2013Obermaterial des Schuhs erm\u00f6glicht eine extrem gute Atmungsaktivit\u00e4t. Spezielle Verst\u00e4rkungen im Fersen\u2013 und Zehenbereich des Slippers, zus\u00e4tzlich innen gepolstert f\u00fcr besseren Kn\u00f6chelhalt.<\/p>\n","protected":false},"featured_media":37130,"comment_status":"open","ping_status":"closed","template":"","meta":{"_acf_changed":false},"product_brand":[2084],"product_cat":[600,580,734,748,744,768,774,612,740,656],"product_tag":[],"class_list":{"0":"post-37741","1":"product","2":"type-product","3":"status-publish","4":"has-post-thumbnail","6":"product_brand-adidas","7":"product_cat-bekleidung-und-schuhe","8":"product_cat-equipment-de","9":"product_cat-krav-maga-de","10":"product_cat-mma-schuhe","11":"product_cat-mma-ultimate-fight-de","12":"product_cat-ringen-sambo","13":"product_cat-ringerschuhe","14":"product_cat-schuhe","15":"product_cat-schuhe-fur-krav-maga","16":"product_cat-sportarten","18":"first","19":"instock","20":"sale","21":"taxable","22":"shipping-taxable","23":"purchasable","24":"product-type-variable"},"acf":[],"yoast_head":"<!-- This site is optimized with the Yoast SEO plugin v27.4 - https:\/\/yoast.com\/product\/yoast-seo-wordpress\/ -->\n<title>Ringerschuhe Adidas \u2013 Mat Wizard V - PRIDEshop<\/title>\n<meta name=\"description\" content=\"Ringerschuhe Mat Wizard V, Adidas. Eines der Hauptmerkmale der Mat Wizard 5 Schuhe ist ihre rutschfeste Sohle, die bei fast allen Bewegungen.\" \/>\n<meta name=\"robots\" content=\"index, follow, max-snippet:-1, max-image-preview:large, max-video-preview:-1\" \/>\n<link rel=\"canonical\" href=\"https:\/\/prideshop.eu\/de\/shop\/sportarten\/ringen-sambo\/ringerschuhe\/ringerschuhe-mat-wizard-v-adidas\/\" \/>\n<meta property=\"og:locale\" content=\"de_DE\" \/>\n<meta property=\"og:type\" content=\"article\" \/>\n<meta property=\"og:title\" content=\"Ringerschuhe Adidas \u2013 Mat Wizard V - PRIDEshop\" \/>\n<meta property=\"og:description\" content=\"Ringerschuhe Mat Wizard V, Adidas. Eines der Hauptmerkmale der Mat Wizard 5 Schuhe ist ihre rutschfeste Sohle, die bei fast allen Bewegungen.\" \/>\n<meta property=\"og:url\" content=\"https:\/\/prideshop.eu\/de\/shop\/sportarten\/ringen-sambo\/ringerschuhe\/ringerschuhe-mat-wizard-v-adidas\/\" \/>\n<meta property=\"og:site_name\" content=\"PRIDEshop\" \/>\n<meta property=\"article:publisher\" content=\"https:\/\/sl-si.facebook.com\/PrideShopeu\" \/>\n<meta property=\"article:modified_time\" content=\"2025-08-04T09:02:01+00:00\" \/>\n<meta property=\"og:image\" content=\"https:\/\/prideshop.eu\/wp-content\/uploads\/2022\/08\/copati-za-rokoborbo-mat-wizard-5-adidas-a156.jpeg\" \/>\n\t<meta property=\"og:image:width\" content=\"600\" \/>\n\t<meta property=\"og:image:height\" content=\"600\" \/>\n\t<meta property=\"og:image:type\" content=\"image\/jpeg\" \/>\n<meta name=\"twitter:card\" content=\"summary_large_image\" \/>\n<script type=\"application\/ld+json\" class=\"yoast-schema-graph\">{\"@context\":\"https:\\\/\\\/schema.org\",\"@graph\":[{\"@type\":\"WebPage\",\"@id\":\"https:\\\/\\\/prideshop.eu\\\/de\\\/shop\\\/sportarten\\\/ringen-sambo\\\/ringerschuhe\\\/ringerschuhe-mat-wizard-v-adidas\\\/\",\"url\":\"https:\\\/\\\/prideshop.eu\\\/de\\\/shop\\\/sportarten\\\/ringen-sambo\\\/ringerschuhe\\\/ringerschuhe-mat-wizard-v-adidas\\\/\",\"name\":\"Ringerschuhe Adidas \u2013 Mat Wizard V - PRIDEshop\",\"isPartOf\":{\"@id\":\"https:\\\/\\\/prideshop.eu\\\/de\\\/#website\"},\"primaryImageOfPage\":{\"@id\":\"https:\\\/\\\/prideshop.eu\\\/de\\\/shop\\\/sportarten\\\/ringen-sambo\\\/ringerschuhe\\\/ringerschuhe-mat-wizard-v-adidas\\\/#primaryimage\"},\"image\":{\"@id\":\"https:\\\/\\\/prideshop.eu\\\/de\\\/shop\\\/sportarten\\\/ringen-sambo\\\/ringerschuhe\\\/ringerschuhe-mat-wizard-v-adidas\\\/#primaryimage\"},\"thumbnailUrl\":\"https:\\\/\\\/prideshop.eu\\\/wp-content\\\/uploads\\\/2022\\\/08\\\/copati-za-rokoborbo-mat-wizard-5-adidas-a156.jpeg\",\"datePublished\":\"2022-08-09T11:28:54+00:00\",\"dateModified\":\"2025-08-04T09:02:01+00:00\",\"description\":\"Ringerschuhe Mat Wizard V, Adidas. Eines der Hauptmerkmale der Mat Wizard 5 Schuhe ist ihre rutschfeste Sohle, die bei fast allen Bewegungen.\",\"breadcrumb\":{\"@id\":\"https:\\\/\\\/prideshop.eu\\\/de\\\/shop\\\/sportarten\\\/ringen-sambo\\\/ringerschuhe\\\/ringerschuhe-mat-wizard-v-adidas\\\/#breadcrumb\"},\"inLanguage\":\"de\",\"potentialAction\":[{\"@type\":\"ReadAction\",\"target\":[\"https:\\\/\\\/prideshop.eu\\\/de\\\/shop\\\/sportarten\\\/ringen-sambo\\\/ringerschuhe\\\/ringerschuhe-mat-wizard-v-adidas\\\/\"]}]},{\"@type\":\"ImageObject\",\"inLanguage\":\"de\",\"@id\":\"https:\\\/\\\/prideshop.eu\\\/de\\\/shop\\\/sportarten\\\/ringen-sambo\\\/ringerschuhe\\\/ringerschuhe-mat-wizard-v-adidas\\\/#primaryimage\",\"url\":\"https:\\\/\\\/prideshop.eu\\\/wp-content\\\/uploads\\\/2022\\\/08\\\/copati-za-rokoborbo-mat-wizard-5-adidas-a156.jpeg\",\"contentUrl\":\"https:\\\/\\\/prideshop.eu\\\/wp-content\\\/uploads\\\/2022\\\/08\\\/copati-za-rokoborbo-mat-wizard-5-adidas-a156.jpeg\",\"width\":600,\"height\":600,\"caption\":\"Ringerschuhe Mat Wizard V Adidas schwarz mit wei\u00dfen Streifen\"},{\"@type\":\"BreadcrumbList\",\"@id\":\"https:\\\/\\\/prideshop.eu\\\/de\\\/shop\\\/sportarten\\\/ringen-sambo\\\/ringerschuhe\\\/ringerschuhe-mat-wizard-v-adidas\\\/#breadcrumb\",\"itemListElement\":[{\"@type\":\"ListItem\",\"position\":1,\"name\":\"Home\",\"item\":\"https:\\\/\\\/prideshop.eu\\\/de\\\/\"},{\"@type\":\"ListItem\",\"position\":2,\"name\":\"Gesch\u00e4ft\",\"item\":\"https:\\\/\\\/prideshop.eu\\\/de\\\/geschaeft\\\/\"},{\"@type\":\"ListItem\",\"position\":3,\"name\":\"Ringerschuhe Adidas \u2013 Mat Wizard V\"}]},{\"@type\":\"WebSite\",\"@id\":\"https:\\\/\\\/prideshop.eu\\\/de\\\/#website\",\"url\":\"https:\\\/\\\/prideshop.eu\\\/de\\\/\",\"name\":\"PRIDEshop\",\"description\":\"Oprema za Borilne \u0160porte\",\"publisher\":{\"@id\":\"https:\\\/\\\/prideshop.eu\\\/de\\\/#organization\"},\"potentialAction\":[{\"@type\":\"SearchAction\",\"target\":{\"@type\":\"EntryPoint\",\"urlTemplate\":\"https:\\\/\\\/prideshop.eu\\\/de\\\/?s={search_term_string}\"},\"query-input\":{\"@type\":\"PropertyValueSpecification\",\"valueRequired\":true,\"valueName\":\"search_term_string\"}}],\"inLanguage\":\"de\"},{\"@type\":\"Organization\",\"@id\":\"https:\\\/\\\/prideshop.eu\\\/de\\\/#organization\",\"name\":\"PRIDEshop\",\"url\":\"https:\\\/\\\/prideshop.eu\\\/de\\\/\",\"logo\":{\"@type\":\"ImageObject\",\"inLanguage\":\"de\",\"@id\":\"https:\\\/\\\/prideshop.eu\\\/de\\\/#\\\/schema\\\/logo\\\/image\\\/\",\"url\":\"\",\"contentUrl\":\"\",\"caption\":\"PRIDEshop\"},\"image\":{\"@id\":\"https:\\\/\\\/prideshop.eu\\\/de\\\/#\\\/schema\\\/logo\\\/image\\\/\"},\"sameAs\":[\"https:\\\/\\\/sl-si.facebook.com\\\/PrideShopeu\"]}]}<\/script>\n<!-- \/ Yoast SEO plugin. -->","yoast_head_json":{"title":"Ringerschuhe Adidas \u2013 Mat Wizard V - PRIDEshop","description":"Ringerschuhe Mat Wizard V, Adidas. Eines der Hauptmerkmale der Mat Wizard 5 Schuhe ist ihre rutschfeste Sohle, die bei fast allen Bewegungen.","robots":{"index":"index","follow":"follow","max-snippet":"max-snippet:-1","max-image-preview":"max-image-preview:large","max-video-preview":"max-video-preview:-1"},"canonical":"https:\/\/prideshop.eu\/de\/shop\/sportarten\/ringen-sambo\/ringerschuhe\/ringerschuhe-mat-wizard-v-adidas\/","og_locale":"de_DE","og_type":"article","og_title":"Ringerschuhe Adidas \u2013 Mat Wizard V - PRIDEshop","og_description":"Ringerschuhe Mat Wizard V, Adidas. Eines der Hauptmerkmale der Mat Wizard 5 Schuhe ist ihre rutschfeste Sohle, die bei fast allen Bewegungen.","og_url":"https:\/\/prideshop.eu\/de\/shop\/sportarten\/ringen-sambo\/ringerschuhe\/ringerschuhe-mat-wizard-v-adidas\/","og_site_name":"PRIDEshop","article_publisher":"https:\/\/sl-si.facebook.com\/PrideShopeu","article_modified_time":"2025-08-04T09:02:01+00:00","og_image":[{"width":600,"height":600,"url":"https:\/\/prideshop.eu\/wp-content\/uploads\/2022\/08\/copati-za-rokoborbo-mat-wizard-5-adidas-a156.jpeg","type":"image\/jpeg"}],"twitter_card":"summary_large_image","schema":{"@context":"https:\/\/schema.org","@graph":[{"@type":"WebPage","@id":"https:\/\/prideshop.eu\/de\/shop\/sportarten\/ringen-sambo\/ringerschuhe\/ringerschuhe-mat-wizard-v-adidas\/","url":"https:\/\/prideshop.eu\/de\/shop\/sportarten\/ringen-sambo\/ringerschuhe\/ringerschuhe-mat-wizard-v-adidas\/","name":"Ringerschuhe Adidas \u2013 Mat Wizard V - PRIDEshop","isPartOf":{"@id":"https:\/\/prideshop.eu\/de\/#website"},"primaryImageOfPage":{"@id":"https:\/\/prideshop.eu\/de\/shop\/sportarten\/ringen-sambo\/ringerschuhe\/ringerschuhe-mat-wizard-v-adidas\/#primaryimage"},"image":{"@id":"https:\/\/prideshop.eu\/de\/shop\/sportarten\/ringen-sambo\/ringerschuhe\/ringerschuhe-mat-wizard-v-adidas\/#primaryimage"},"thumbnailUrl":"https:\/\/prideshop.eu\/wp-content\/uploads\/2022\/08\/copati-za-rokoborbo-mat-wizard-5-adidas-a156.jpeg","datePublished":"2022-08-09T11:28:54+00:00","dateModified":"2025-08-04T09:02:01+00:00","description":"Ringerschuhe Mat Wizard V, Adidas. Eines der Hauptmerkmale der Mat Wizard 5 Schuhe ist ihre rutschfeste Sohle, die bei fast allen Bewegungen.","breadcrumb":{"@id":"https:\/\/prideshop.eu\/de\/shop\/sportarten\/ringen-sambo\/ringerschuhe\/ringerschuhe-mat-wizard-v-adidas\/#breadcrumb"},"inLanguage":"de","potentialAction":[{"@type":"ReadAction","target":["https:\/\/prideshop.eu\/de\/shop\/sportarten\/ringen-sambo\/ringerschuhe\/ringerschuhe-mat-wizard-v-adidas\/"]}]},{"@type":"ImageObject","inLanguage":"de","@id":"https:\/\/prideshop.eu\/de\/shop\/sportarten\/ringen-sambo\/ringerschuhe\/ringerschuhe-mat-wizard-v-adidas\/#primaryimage","url":"https:\/\/prideshop.eu\/wp-content\/uploads\/2022\/08\/copati-za-rokoborbo-mat-wizard-5-adidas-a156.jpeg","contentUrl":"https:\/\/prideshop.eu\/wp-content\/uploads\/2022\/08\/copati-za-rokoborbo-mat-wizard-5-adidas-a156.jpeg","width":600,"height":600,"caption":"Ringerschuhe Mat Wizard V Adidas schwarz mit wei\u00dfen Streifen"},{"@type":"BreadcrumbList","@id":"https:\/\/prideshop.eu\/de\/shop\/sportarten\/ringen-sambo\/ringerschuhe\/ringerschuhe-mat-wizard-v-adidas\/#breadcrumb","itemListElement":[{"@type":"ListItem","position":1,"name":"Home","item":"https:\/\/prideshop.eu\/de\/"},{"@type":"ListItem","position":2,"name":"Gesch\u00e4ft","item":"https:\/\/prideshop.eu\/de\/geschaeft\/"},{"@type":"ListItem","position":3,"name":"Ringerschuhe Adidas \u2013 Mat Wizard V"}]},{"@type":"WebSite","@id":"https:\/\/prideshop.eu\/de\/#website","url":"https:\/\/prideshop.eu\/de\/","name":"PRIDEshop","description":"Oprema za Borilne \u0160porte","publisher":{"@id":"https:\/\/prideshop.eu\/de\/#organization"},"potentialAction":[{"@type":"SearchAction","target":{"@type":"EntryPoint","urlTemplate":"https:\/\/prideshop.eu\/de\/?s={search_term_string}"},"query-input":{"@type":"PropertyValueSpecification","valueRequired":true,"valueName":"search_term_string"}}],"inLanguage":"de"},{"@type":"Organization","@id":"https:\/\/prideshop.eu\/de\/#organization","name":"PRIDEshop","url":"https:\/\/prideshop.eu\/de\/","logo":{"@type":"ImageObject","inLanguage":"de","@id":"https:\/\/prideshop.eu\/de\/#\/schema\/logo\/image\/","url":"","contentUrl":"","caption":"PRIDEshop"},"image":{"@id":"https:\/\/prideshop.eu\/de\/#\/schema\/logo\/image\/"},"sameAs":["https:\/\/sl-si.facebook.com\/PrideShopeu"]}]}},"_links":{"self":[{"href":"https:\/\/prideshop.eu\/de\/wp-json\/wp\/v2\/product\/37741","targetHints":{"allow":["GET"]}}],"collection":[{"href":"https:\/\/prideshop.eu\/de\/wp-json\/wp\/v2\/product"}],"about":[{"href":"https:\/\/prideshop.eu\/de\/wp-json\/wp\/v2\/types\/product"}],"replies":[{"embeddable":true,"href":"https:\/\/prideshop.eu\/de\/wp-json\/wp\/v2\/comments?post=37741"}],"wp:featuredmedia":[{"embeddable":true,"href":"https:\/\/prideshop.eu\/de\/wp-json\/wp\/v2\/media\/37130"}],"wp:attachment":[{"href":"https:\/\/prideshop.eu\/de\/wp-json\/wp\/v2\/media?parent=37741"}],"wp:term":[{"taxonomy":"product_brand","embeddable":true,"href":"https:\/\/prideshop.eu\/de\/wp-json\/wp\/v2\/product_brand?post=37741"},{"taxonomy":"product_cat","embeddable":true,"href":"https:\/\/prideshop.eu\/de\/wp-json\/wp\/v2\/product_cat?post=37741"},{"taxonomy":"product_tag","embeddable":true,"href":"https:\/\/prideshop.eu\/de\/wp-json\/wp\/v2\/product_tag?post=37741"}],"curies":[{"name":"wp","href":"https:\/\/api.w.org\/{rel}","templated":true}]}}