{"id":37789,"date":"2022-08-09T09:19:09","date_gmt":"2022-08-09T07:19:09","guid":{"rendered":"https:\/\/prideshop.eu\/spletna-trgovina\/unkategorisiert\/boxhandschuhe-thai-classic-pride\/"},"modified":"2026-04-22T11:24:25","modified_gmt":"2026-04-22T09:24:25","slug":"boxhandschuhe-thai-classic-pride","status":"publish","type":"product","link":"https:\/\/prideshop.eu\/de\/shop\/sportarten\/thaiboxen\/thaiboxen-handschuhe\/boxhandschuhe-thai-classic-pride\/","title":{"rendered":"Boxhandschuhe Leder Pride \u2013 Thai Classic"},"content":{"rendered":"<h3>Boxhandschuhe Leder Pride \u2013 Thai Classic<\/h3>\n<p>Boxhandschuhe Thai Classic, Pride sind einer der attraktivsten Boxhandschuhe aus der Thai\u2013Kollektion. Sie bestehen aus hochwertigem, echtem Leder mit vierschichtiger F\u00fclltechnologie f\u00fcr zus\u00e4tzlichen Schutz. Die Handschuhe sind speziell mit Doppeln\u00e4hten verst\u00e4rkt, was eine l\u00e4ngere Verwendbarkeit gew\u00e4hrleistet, Befestigung mit einem starken Igelband am Handgelenk.<\/p>\n","protected":false},"excerpt":{"rendered":"<p>Boxhandschuhe Thai Classic, Pride sind einer der attraktivsten Boxhandschuhe aus der Thai\u2013Kollektion. Sie bestehen aus hochwertigem, echtem Leder mit vierschichtiger F\u00fclltechnologie f\u00fcr zus\u00e4tzlichen Schutz. Die Handschuhe sind speziell mit Doppeln\u00e4hten verst\u00e4rkt, was eine l\u00e4ngere Verwendbarkeit gew\u00e4hrleistet, Befestigung mit einem starken Igelband am Handgelenk.<\/p>\n","protected":false},"featured_media":37051,"comment_status":"open","ping_status":"closed","template":"","meta":{"_acf_changed":false},"product_brand":[2086],"product_cat":[664,670,580,638,722,728,634,656,778,784],"product_tag":[],"class_list":{"0":"post-37789","1":"product","2":"type-product","3":"status-publish","4":"has-post-thumbnail","6":"product_brand-pride","7":"product_cat-boxen","8":"product_cat-boxhandschuhe","9":"product_cat-equipment-de","10":"product_cat-handschuhe","11":"product_cat-kickboxen","12":"product_cat-kickboxenhandschuhe","13":"product_cat-schutzausrustung","14":"product_cat-sportarten","15":"product_cat-thaiboxen","16":"product_cat-thaiboxen-handschuhe","18":"first","19":"instock","20":"sale","21":"taxable","22":"shipping-taxable","23":"purchasable","24":"product-type-variable"},"acf":[],"yoast_head":"<!-- This site is optimized with the Yoast SEO plugin v27.4 - https:\/\/yoast.com\/product\/yoast-seo-wordpress\/ -->\n<title>Boxhandschuhe Leder Pride \u2013 Thai Classic - PRIDEshop<\/title>\n<meta name=\"description\" content=\"Boxhandschuhe Thai Classic, Pride sind einer der attraktivsten Boxhandschuhe aus der Thai-Kollektion. Sie bestehen aus hochwertigem, echtem Leder\" \/>\n<meta name=\"robots\" content=\"index, follow, max-snippet:-1, max-image-preview:large, max-video-preview:-1\" \/>\n<link rel=\"canonical\" href=\"https:\/\/prideshop.eu\/de\/shop\/sportarten\/thaiboxen\/thaiboxen-handschuhe\/boxhandschuhe-thai-classic-pride\/\" \/>\n<meta property=\"og:locale\" content=\"de_DE\" \/>\n<meta property=\"og:type\" content=\"article\" \/>\n<meta property=\"og:title\" content=\"Boxhandschuhe Leder Pride \u2013 Thai Classic - PRIDEshop\" \/>\n<meta property=\"og:description\" content=\"Boxhandschuhe Thai Classic, Pride sind einer der attraktivsten Boxhandschuhe aus der Thai-Kollektion. Sie bestehen aus hochwertigem, echtem Leder\" \/>\n<meta property=\"og:url\" content=\"https:\/\/prideshop.eu\/de\/shop\/sportarten\/thaiboxen\/thaiboxen-handschuhe\/boxhandschuhe-thai-classic-pride\/\" \/>\n<meta property=\"og:site_name\" content=\"PRIDEshop\" \/>\n<meta property=\"article:publisher\" content=\"https:\/\/sl-si.facebook.com\/PrideShopeu\" \/>\n<meta property=\"article:modified_time\" content=\"2026-04-22T09:24:25+00:00\" \/>\n<meta property=\"og:image\" content=\"https:\/\/prideshop.eu\/wp-content\/uploads\/2022\/08\/boksarske-rokavice-thai-classic-pride-4036-g.jpeg\" \/>\n\t<meta property=\"og:image:width\" content=\"600\" \/>\n\t<meta property=\"og:image:height\" content=\"600\" \/>\n\t<meta property=\"og:image:type\" content=\"image\/jpeg\" \/>\n<meta name=\"twitter:card\" content=\"summary_large_image\" \/>\n<script type=\"application\/ld+json\" class=\"yoast-schema-graph\">{\"@context\":\"https:\\\/\\\/schema.org\",\"@graph\":[{\"@type\":\"WebPage\",\"@id\":\"https:\\\/\\\/prideshop.eu\\\/de\\\/shop\\\/sportarten\\\/thaiboxen\\\/thaiboxen-handschuhe\\\/boxhandschuhe-thai-classic-pride\\\/\",\"url\":\"https:\\\/\\\/prideshop.eu\\\/de\\\/shop\\\/sportarten\\\/thaiboxen\\\/thaiboxen-handschuhe\\\/boxhandschuhe-thai-classic-pride\\\/\",\"name\":\"Boxhandschuhe Leder Pride \u2013 Thai Classic - PRIDEshop\",\"isPartOf\":{\"@id\":\"https:\\\/\\\/prideshop.eu\\\/de\\\/#website\"},\"primaryImageOfPage\":{\"@id\":\"https:\\\/\\\/prideshop.eu\\\/de\\\/shop\\\/sportarten\\\/thaiboxen\\\/thaiboxen-handschuhe\\\/boxhandschuhe-thai-classic-pride\\\/#primaryimage\"},\"image\":{\"@id\":\"https:\\\/\\\/prideshop.eu\\\/de\\\/shop\\\/sportarten\\\/thaiboxen\\\/thaiboxen-handschuhe\\\/boxhandschuhe-thai-classic-pride\\\/#primaryimage\"},\"thumbnailUrl\":\"https:\\\/\\\/prideshop.eu\\\/wp-content\\\/uploads\\\/2022\\\/08\\\/boksarske-rokavice-thai-classic-pride-4036-g.jpeg\",\"datePublished\":\"2022-08-09T07:19:09+00:00\",\"dateModified\":\"2026-04-22T09:24:25+00:00\",\"description\":\"Boxhandschuhe Thai Classic, Pride sind einer der attraktivsten Boxhandschuhe aus der Thai-Kollektion. Sie bestehen aus hochwertigem, echtem Leder\",\"breadcrumb\":{\"@id\":\"https:\\\/\\\/prideshop.eu\\\/de\\\/shop\\\/sportarten\\\/thaiboxen\\\/thaiboxen-handschuhe\\\/boxhandschuhe-thai-classic-pride\\\/#breadcrumb\"},\"inLanguage\":\"de\",\"potentialAction\":[{\"@type\":\"ReadAction\",\"target\":[\"https:\\\/\\\/prideshop.eu\\\/de\\\/shop\\\/sportarten\\\/thaiboxen\\\/thaiboxen-handschuhe\\\/boxhandschuhe-thai-classic-pride\\\/\"]}]},{\"@type\":\"ImageObject\",\"inLanguage\":\"de\",\"@id\":\"https:\\\/\\\/prideshop.eu\\\/de\\\/shop\\\/sportarten\\\/thaiboxen\\\/thaiboxen-handschuhe\\\/boxhandschuhe-thai-classic-pride\\\/#primaryimage\",\"url\":\"https:\\\/\\\/prideshop.eu\\\/wp-content\\\/uploads\\\/2022\\\/08\\\/boksarske-rokavice-thai-classic-pride-4036-g.jpeg\",\"contentUrl\":\"https:\\\/\\\/prideshop.eu\\\/wp-content\\\/uploads\\\/2022\\\/08\\\/boksarske-rokavice-thai-classic-pride-4036-g.jpeg\",\"width\":600,\"height\":600,\"caption\":\"Boxhandschuhe Thai Classic Pride gr\u00fcn\"},{\"@type\":\"BreadcrumbList\",\"@id\":\"https:\\\/\\\/prideshop.eu\\\/de\\\/shop\\\/sportarten\\\/thaiboxen\\\/thaiboxen-handschuhe\\\/boxhandschuhe-thai-classic-pride\\\/#breadcrumb\",\"itemListElement\":[{\"@type\":\"ListItem\",\"position\":1,\"name\":\"Home\",\"item\":\"https:\\\/\\\/prideshop.eu\\\/de\\\/\"},{\"@type\":\"ListItem\",\"position\":2,\"name\":\"Gesch\u00e4ft\",\"item\":\"https:\\\/\\\/prideshop.eu\\\/de\\\/geschaeft\\\/\"},{\"@type\":\"ListItem\",\"position\":3,\"name\":\"Boxhandschuhe Leder Pride \u2013 Thai Classic\"}]},{\"@type\":\"WebSite\",\"@id\":\"https:\\\/\\\/prideshop.eu\\\/de\\\/#website\",\"url\":\"https:\\\/\\\/prideshop.eu\\\/de\\\/\",\"name\":\"PRIDEshop\",\"description\":\"Oprema za Borilne \u0160porte\",\"publisher\":{\"@id\":\"https:\\\/\\\/prideshop.eu\\\/de\\\/#organization\"},\"potentialAction\":[{\"@type\":\"SearchAction\",\"target\":{\"@type\":\"EntryPoint\",\"urlTemplate\":\"https:\\\/\\\/prideshop.eu\\\/de\\\/?s={search_term_string}\"},\"query-input\":{\"@type\":\"PropertyValueSpecification\",\"valueRequired\":true,\"valueName\":\"search_term_string\"}}],\"inLanguage\":\"de\"},{\"@type\":\"Organization\",\"@id\":\"https:\\\/\\\/prideshop.eu\\\/de\\\/#organization\",\"name\":\"PRIDEshop\",\"url\":\"https:\\\/\\\/prideshop.eu\\\/de\\\/\",\"logo\":{\"@type\":\"ImageObject\",\"inLanguage\":\"de\",\"@id\":\"https:\\\/\\\/prideshop.eu\\\/de\\\/#\\\/schema\\\/logo\\\/image\\\/\",\"url\":\"\",\"contentUrl\":\"\",\"caption\":\"PRIDEshop\"},\"image\":{\"@id\":\"https:\\\/\\\/prideshop.eu\\\/de\\\/#\\\/schema\\\/logo\\\/image\\\/\"},\"sameAs\":[\"https:\\\/\\\/sl-si.facebook.com\\\/PrideShopeu\"]}]}<\/script>\n<!-- \/ Yoast SEO plugin. -->","yoast_head_json":{"title":"Boxhandschuhe Leder Pride \u2013 Thai Classic - PRIDEshop","description":"Boxhandschuhe Thai Classic, Pride sind einer der attraktivsten Boxhandschuhe aus der Thai-Kollektion. Sie bestehen aus hochwertigem, echtem Leder","robots":{"index":"index","follow":"follow","max-snippet":"max-snippet:-1","max-image-preview":"max-image-preview:large","max-video-preview":"max-video-preview:-1"},"canonical":"https:\/\/prideshop.eu\/de\/shop\/sportarten\/thaiboxen\/thaiboxen-handschuhe\/boxhandschuhe-thai-classic-pride\/","og_locale":"de_DE","og_type":"article","og_title":"Boxhandschuhe Leder Pride \u2013 Thai Classic - PRIDEshop","og_description":"Boxhandschuhe Thai Classic, Pride sind einer der attraktivsten Boxhandschuhe aus der Thai-Kollektion. Sie bestehen aus hochwertigem, echtem Leder","og_url":"https:\/\/prideshop.eu\/de\/shop\/sportarten\/thaiboxen\/thaiboxen-handschuhe\/boxhandschuhe-thai-classic-pride\/","og_site_name":"PRIDEshop","article_publisher":"https:\/\/sl-si.facebook.com\/PrideShopeu","article_modified_time":"2026-04-22T09:24:25+00:00","og_image":[{"width":600,"height":600,"url":"https:\/\/prideshop.eu\/wp-content\/uploads\/2022\/08\/boksarske-rokavice-thai-classic-pride-4036-g.jpeg","type":"image\/jpeg"}],"twitter_card":"summary_large_image","schema":{"@context":"https:\/\/schema.org","@graph":[{"@type":"WebPage","@id":"https:\/\/prideshop.eu\/de\/shop\/sportarten\/thaiboxen\/thaiboxen-handschuhe\/boxhandschuhe-thai-classic-pride\/","url":"https:\/\/prideshop.eu\/de\/shop\/sportarten\/thaiboxen\/thaiboxen-handschuhe\/boxhandschuhe-thai-classic-pride\/","name":"Boxhandschuhe Leder Pride \u2013 Thai Classic - PRIDEshop","isPartOf":{"@id":"https:\/\/prideshop.eu\/de\/#website"},"primaryImageOfPage":{"@id":"https:\/\/prideshop.eu\/de\/shop\/sportarten\/thaiboxen\/thaiboxen-handschuhe\/boxhandschuhe-thai-classic-pride\/#primaryimage"},"image":{"@id":"https:\/\/prideshop.eu\/de\/shop\/sportarten\/thaiboxen\/thaiboxen-handschuhe\/boxhandschuhe-thai-classic-pride\/#primaryimage"},"thumbnailUrl":"https:\/\/prideshop.eu\/wp-content\/uploads\/2022\/08\/boksarske-rokavice-thai-classic-pride-4036-g.jpeg","datePublished":"2022-08-09T07:19:09+00:00","dateModified":"2026-04-22T09:24:25+00:00","description":"Boxhandschuhe Thai Classic, Pride sind einer der attraktivsten Boxhandschuhe aus der Thai-Kollektion. Sie bestehen aus hochwertigem, echtem Leder","breadcrumb":{"@id":"https:\/\/prideshop.eu\/de\/shop\/sportarten\/thaiboxen\/thaiboxen-handschuhe\/boxhandschuhe-thai-classic-pride\/#breadcrumb"},"inLanguage":"de","potentialAction":[{"@type":"ReadAction","target":["https:\/\/prideshop.eu\/de\/shop\/sportarten\/thaiboxen\/thaiboxen-handschuhe\/boxhandschuhe-thai-classic-pride\/"]}]},{"@type":"ImageObject","inLanguage":"de","@id":"https:\/\/prideshop.eu\/de\/shop\/sportarten\/thaiboxen\/thaiboxen-handschuhe\/boxhandschuhe-thai-classic-pride\/#primaryimage","url":"https:\/\/prideshop.eu\/wp-content\/uploads\/2022\/08\/boksarske-rokavice-thai-classic-pride-4036-g.jpeg","contentUrl":"https:\/\/prideshop.eu\/wp-content\/uploads\/2022\/08\/boksarske-rokavice-thai-classic-pride-4036-g.jpeg","width":600,"height":600,"caption":"Boxhandschuhe Thai Classic Pride gr\u00fcn"},{"@type":"BreadcrumbList","@id":"https:\/\/prideshop.eu\/de\/shop\/sportarten\/thaiboxen\/thaiboxen-handschuhe\/boxhandschuhe-thai-classic-pride\/#breadcrumb","itemListElement":[{"@type":"ListItem","position":1,"name":"Home","item":"https:\/\/prideshop.eu\/de\/"},{"@type":"ListItem","position":2,"name":"Gesch\u00e4ft","item":"https:\/\/prideshop.eu\/de\/geschaeft\/"},{"@type":"ListItem","position":3,"name":"Boxhandschuhe Leder Pride \u2013 Thai Classic"}]},{"@type":"WebSite","@id":"https:\/\/prideshop.eu\/de\/#website","url":"https:\/\/prideshop.eu\/de\/","name":"PRIDEshop","description":"Oprema za Borilne \u0160porte","publisher":{"@id":"https:\/\/prideshop.eu\/de\/#organization"},"potentialAction":[{"@type":"SearchAction","target":{"@type":"EntryPoint","urlTemplate":"https:\/\/prideshop.eu\/de\/?s={search_term_string}"},"query-input":{"@type":"PropertyValueSpecification","valueRequired":true,"valueName":"search_term_string"}}],"inLanguage":"de"},{"@type":"Organization","@id":"https:\/\/prideshop.eu\/de\/#organization","name":"PRIDEshop","url":"https:\/\/prideshop.eu\/de\/","logo":{"@type":"ImageObject","inLanguage":"de","@id":"https:\/\/prideshop.eu\/de\/#\/schema\/logo\/image\/","url":"","contentUrl":"","caption":"PRIDEshop"},"image":{"@id":"https:\/\/prideshop.eu\/de\/#\/schema\/logo\/image\/"},"sameAs":["https:\/\/sl-si.facebook.com\/PrideShopeu"]}]}},"_links":{"self":[{"href":"https:\/\/prideshop.eu\/de\/wp-json\/wp\/v2\/product\/37789","targetHints":{"allow":["GET"]}}],"collection":[{"href":"https:\/\/prideshop.eu\/de\/wp-json\/wp\/v2\/product"}],"about":[{"href":"https:\/\/prideshop.eu\/de\/wp-json\/wp\/v2\/types\/product"}],"replies":[{"embeddable":true,"href":"https:\/\/prideshop.eu\/de\/wp-json\/wp\/v2\/comments?post=37789"}],"wp:featuredmedia":[{"embeddable":true,"href":"https:\/\/prideshop.eu\/de\/wp-json\/wp\/v2\/media\/37051"}],"wp:attachment":[{"href":"https:\/\/prideshop.eu\/de\/wp-json\/wp\/v2\/media?parent=37789"}],"wp:term":[{"taxonomy":"product_brand","embeddable":true,"href":"https:\/\/prideshop.eu\/de\/wp-json\/wp\/v2\/product_brand?post=37789"},{"taxonomy":"product_cat","embeddable":true,"href":"https:\/\/prideshop.eu\/de\/wp-json\/wp\/v2\/product_cat?post=37789"},{"taxonomy":"product_tag","embeddable":true,"href":"https:\/\/prideshop.eu\/de\/wp-json\/wp\/v2\/product_tag?post=37789"}],"curies":[{"name":"wp","href":"https:\/\/api.w.org\/{rel}","templated":true}]}}