{"id":37814,"date":"2022-08-08T14:27:32","date_gmt":"2022-08-08T12:27:32","guid":{"rendered":"https:\/\/prideshop.eu\/spletna-trgovina\/unkategorisiert\/focus-rustung-pride-3\/"},"modified":"2025-08-04T10:48:40","modified_gmt":"2025-08-04T08:48:40","slug":"focus-rustung-pride-3","status":"publish","type":"product","link":"https:\/\/prideshop.eu\/de\/shop\/equipment-de\/trainingsgerate\/handpratzen-schlagpolster-schlagschilder\/focus-rustung-pride-3\/","title":{"rendered":"Trainer K\u00f6rperpanzer Pride \u2013 CoreShield"},"content":{"rendered":"<h3>Trainer K\u00f6rperpanzer Pride \u2013 CoreShield<\/h3>\n<p>Focus R\u00fcstung, Pride wurde entwickelt, um den Trainer w\u00e4hrend des Trainings zu sch\u00fctzen und eignet sich f\u00fcr Tritte. Maximale mehrschichtige F\u00fcllung erm\u00f6glicht eine hervorragende Sto\u00dfd\u00e4mpfung, Befestigung mit einem starken Igelband. Qualit\u00e4tsproduktion aus Premium\u2013PU\u2013Leder.<\/p>\n","protected":false},"excerpt":{"rendered":"<p>Focus R\u00fcstung, Pride wurde entwickelt, um den Trainer w\u00e4hrend des Trainings zu sch\u00fctzen und eignet sich f\u00fcr Tritte. Maximale mehrschichtige F\u00fcllung erm\u00f6glicht eine hervorragende Sto\u00dfd\u00e4mpfung, Befestigung mit einem starken Igelband. Qualit\u00e4tsproduktion aus Premium\u2013PU\u2013Leder.<\/p>\n","protected":false},"featured_media":36967,"comment_status":"open","ping_status":"closed","template":"","meta":{"_acf_changed":false},"product_brand":[2086],"product_cat":[580,624,616],"product_tag":[],"class_list":{"0":"post-37814","1":"product","2":"type-product","3":"status-publish","4":"has-post-thumbnail","6":"product_brand-pride","7":"product_cat-equipment-de","8":"product_cat-handpratzen-schlagpolster-schlagschilder","9":"product_cat-trainingsgerate","11":"first","12":"instock","13":"taxable","14":"shipping-taxable","15":"purchasable","16":"product-type-simple"},"acf":[],"yoast_head":"<!-- This site is optimized with the Yoast SEO plugin v27.4 - https:\/\/yoast.com\/product\/yoast-seo-wordpress\/ -->\n<title>Trainer K\u00f6rperpanzer Pride \u2013 CoreShield - PRIDEshop<\/title>\n<meta name=\"description\" content=\"Focus R\u00fcstung, Pride wurde entwickelt, um den Trainer w\u00e4hrend des Trainings zu sch\u00fctzen und eignet sich f\u00fcr Tritte.\" \/>\n<meta name=\"robots\" content=\"index, follow, max-snippet:-1, max-image-preview:large, max-video-preview:-1\" \/>\n<link rel=\"canonical\" href=\"https:\/\/prideshop.eu\/de\/shop\/equipment-de\/trainingsgerate\/handpratzen-schlagpolster-schlagschilder\/focus-rustung-pride-3\/\" \/>\n<meta property=\"og:locale\" content=\"de_DE\" \/>\n<meta property=\"og:type\" content=\"article\" \/>\n<meta property=\"og:title\" content=\"Trainer K\u00f6rperpanzer Pride \u2013 CoreShield - PRIDEshop\" \/>\n<meta property=\"og:description\" content=\"Focus R\u00fcstung, Pride wurde entwickelt, um den Trainer w\u00e4hrend des Trainings zu sch\u00fctzen und eignet sich f\u00fcr Tritte.\" \/>\n<meta property=\"og:url\" content=\"https:\/\/prideshop.eu\/de\/shop\/equipment-de\/trainingsgerate\/handpratzen-schlagpolster-schlagschilder\/focus-rustung-pride-3\/\" \/>\n<meta property=\"og:site_name\" content=\"PRIDEshop\" \/>\n<meta property=\"article:publisher\" content=\"https:\/\/sl-si.facebook.com\/PrideShopeu\" \/>\n<meta property=\"article:modified_time\" content=\"2025-08-04T08:48:40+00:00\" \/>\n<meta property=\"og:image\" content=\"https:\/\/prideshop.eu\/wp-content\/uploads\/2022\/08\/oklep-fokuser-pride-3233.jpeg\" \/>\n\t<meta property=\"og:image:width\" content=\"600\" \/>\n\t<meta property=\"og:image:height\" content=\"600\" \/>\n\t<meta property=\"og:image:type\" content=\"image\/jpeg\" \/>\n<meta name=\"twitter:card\" content=\"summary_large_image\" \/>\n<script type=\"application\/ld+json\" class=\"yoast-schema-graph\">{\"@context\":\"https:\\\/\\\/schema.org\",\"@graph\":[{\"@type\":\"WebPage\",\"@id\":\"https:\\\/\\\/prideshop.eu\\\/de\\\/shop\\\/equipment-de\\\/trainingsgerate\\\/handpratzen-schlagpolster-schlagschilder\\\/focus-rustung-pride-3\\\/\",\"url\":\"https:\\\/\\\/prideshop.eu\\\/de\\\/shop\\\/equipment-de\\\/trainingsgerate\\\/handpratzen-schlagpolster-schlagschilder\\\/focus-rustung-pride-3\\\/\",\"name\":\"Trainer K\u00f6rperpanzer Pride \u2013 CoreShield - PRIDEshop\",\"isPartOf\":{\"@id\":\"https:\\\/\\\/prideshop.eu\\\/de\\\/#website\"},\"primaryImageOfPage\":{\"@id\":\"https:\\\/\\\/prideshop.eu\\\/de\\\/shop\\\/equipment-de\\\/trainingsgerate\\\/handpratzen-schlagpolster-schlagschilder\\\/focus-rustung-pride-3\\\/#primaryimage\"},\"image\":{\"@id\":\"https:\\\/\\\/prideshop.eu\\\/de\\\/shop\\\/equipment-de\\\/trainingsgerate\\\/handpratzen-schlagpolster-schlagschilder\\\/focus-rustung-pride-3\\\/#primaryimage\"},\"thumbnailUrl\":\"https:\\\/\\\/prideshop.eu\\\/wp-content\\\/uploads\\\/2022\\\/08\\\/oklep-fokuser-pride-3233.jpeg\",\"datePublished\":\"2022-08-08T12:27:32+00:00\",\"dateModified\":\"2025-08-04T08:48:40+00:00\",\"description\":\"Focus R\u00fcstung, Pride wurde entwickelt, um den Trainer w\u00e4hrend des Trainings zu sch\u00fctzen und eignet sich f\u00fcr Tritte.\",\"breadcrumb\":{\"@id\":\"https:\\\/\\\/prideshop.eu\\\/de\\\/shop\\\/equipment-de\\\/trainingsgerate\\\/handpratzen-schlagpolster-schlagschilder\\\/focus-rustung-pride-3\\\/#breadcrumb\"},\"inLanguage\":\"de\",\"potentialAction\":[{\"@type\":\"ReadAction\",\"target\":[\"https:\\\/\\\/prideshop.eu\\\/de\\\/shop\\\/equipment-de\\\/trainingsgerate\\\/handpratzen-schlagpolster-schlagschilder\\\/focus-rustung-pride-3\\\/\"]}]},{\"@type\":\"ImageObject\",\"inLanguage\":\"de\",\"@id\":\"https:\\\/\\\/prideshop.eu\\\/de\\\/shop\\\/equipment-de\\\/trainingsgerate\\\/handpratzen-schlagpolster-schlagschilder\\\/focus-rustung-pride-3\\\/#primaryimage\",\"url\":\"https:\\\/\\\/prideshop.eu\\\/wp-content\\\/uploads\\\/2022\\\/08\\\/oklep-fokuser-pride-3233.jpeg\",\"contentUrl\":\"https:\\\/\\\/prideshop.eu\\\/wp-content\\\/uploads\\\/2022\\\/08\\\/oklep-fokuser-pride-3233.jpeg\",\"width\":600,\"height\":600,\"caption\":\"Focus R\u00fcstung Pride\"},{\"@type\":\"BreadcrumbList\",\"@id\":\"https:\\\/\\\/prideshop.eu\\\/de\\\/shop\\\/equipment-de\\\/trainingsgerate\\\/handpratzen-schlagpolster-schlagschilder\\\/focus-rustung-pride-3\\\/#breadcrumb\",\"itemListElement\":[{\"@type\":\"ListItem\",\"position\":1,\"name\":\"Home\",\"item\":\"https:\\\/\\\/prideshop.eu\\\/de\\\/\"},{\"@type\":\"ListItem\",\"position\":2,\"name\":\"Gesch\u00e4ft\",\"item\":\"https:\\\/\\\/prideshop.eu\\\/de\\\/geschaeft\\\/\"},{\"@type\":\"ListItem\",\"position\":3,\"name\":\"Trainer K\u00f6rperpanzer Pride \u2013 CoreShield\"}]},{\"@type\":\"WebSite\",\"@id\":\"https:\\\/\\\/prideshop.eu\\\/de\\\/#website\",\"url\":\"https:\\\/\\\/prideshop.eu\\\/de\\\/\",\"name\":\"PRIDEshop\",\"description\":\"Oprema za Borilne \u0160porte\",\"publisher\":{\"@id\":\"https:\\\/\\\/prideshop.eu\\\/de\\\/#organization\"},\"potentialAction\":[{\"@type\":\"SearchAction\",\"target\":{\"@type\":\"EntryPoint\",\"urlTemplate\":\"https:\\\/\\\/prideshop.eu\\\/de\\\/?s={search_term_string}\"},\"query-input\":{\"@type\":\"PropertyValueSpecification\",\"valueRequired\":true,\"valueName\":\"search_term_string\"}}],\"inLanguage\":\"de\"},{\"@type\":\"Organization\",\"@id\":\"https:\\\/\\\/prideshop.eu\\\/de\\\/#organization\",\"name\":\"PRIDEshop\",\"url\":\"https:\\\/\\\/prideshop.eu\\\/de\\\/\",\"logo\":{\"@type\":\"ImageObject\",\"inLanguage\":\"de\",\"@id\":\"https:\\\/\\\/prideshop.eu\\\/de\\\/#\\\/schema\\\/logo\\\/image\\\/\",\"url\":\"\",\"contentUrl\":\"\",\"caption\":\"PRIDEshop\"},\"image\":{\"@id\":\"https:\\\/\\\/prideshop.eu\\\/de\\\/#\\\/schema\\\/logo\\\/image\\\/\"},\"sameAs\":[\"https:\\\/\\\/sl-si.facebook.com\\\/PrideShopeu\"]}]}<\/script>\n<!-- \/ Yoast SEO plugin. -->","yoast_head_json":{"title":"Trainer K\u00f6rperpanzer Pride \u2013 CoreShield - PRIDEshop","description":"Focus R\u00fcstung, Pride wurde entwickelt, um den Trainer w\u00e4hrend des Trainings zu sch\u00fctzen und eignet sich f\u00fcr Tritte.","robots":{"index":"index","follow":"follow","max-snippet":"max-snippet:-1","max-image-preview":"max-image-preview:large","max-video-preview":"max-video-preview:-1"},"canonical":"https:\/\/prideshop.eu\/de\/shop\/equipment-de\/trainingsgerate\/handpratzen-schlagpolster-schlagschilder\/focus-rustung-pride-3\/","og_locale":"de_DE","og_type":"article","og_title":"Trainer K\u00f6rperpanzer Pride \u2013 CoreShield - PRIDEshop","og_description":"Focus R\u00fcstung, Pride wurde entwickelt, um den Trainer w\u00e4hrend des Trainings zu sch\u00fctzen und eignet sich f\u00fcr Tritte.","og_url":"https:\/\/prideshop.eu\/de\/shop\/equipment-de\/trainingsgerate\/handpratzen-schlagpolster-schlagschilder\/focus-rustung-pride-3\/","og_site_name":"PRIDEshop","article_publisher":"https:\/\/sl-si.facebook.com\/PrideShopeu","article_modified_time":"2025-08-04T08:48:40+00:00","og_image":[{"width":600,"height":600,"url":"https:\/\/prideshop.eu\/wp-content\/uploads\/2022\/08\/oklep-fokuser-pride-3233.jpeg","type":"image\/jpeg"}],"twitter_card":"summary_large_image","schema":{"@context":"https:\/\/schema.org","@graph":[{"@type":"WebPage","@id":"https:\/\/prideshop.eu\/de\/shop\/equipment-de\/trainingsgerate\/handpratzen-schlagpolster-schlagschilder\/focus-rustung-pride-3\/","url":"https:\/\/prideshop.eu\/de\/shop\/equipment-de\/trainingsgerate\/handpratzen-schlagpolster-schlagschilder\/focus-rustung-pride-3\/","name":"Trainer K\u00f6rperpanzer Pride \u2013 CoreShield - PRIDEshop","isPartOf":{"@id":"https:\/\/prideshop.eu\/de\/#website"},"primaryImageOfPage":{"@id":"https:\/\/prideshop.eu\/de\/shop\/equipment-de\/trainingsgerate\/handpratzen-schlagpolster-schlagschilder\/focus-rustung-pride-3\/#primaryimage"},"image":{"@id":"https:\/\/prideshop.eu\/de\/shop\/equipment-de\/trainingsgerate\/handpratzen-schlagpolster-schlagschilder\/focus-rustung-pride-3\/#primaryimage"},"thumbnailUrl":"https:\/\/prideshop.eu\/wp-content\/uploads\/2022\/08\/oklep-fokuser-pride-3233.jpeg","datePublished":"2022-08-08T12:27:32+00:00","dateModified":"2025-08-04T08:48:40+00:00","description":"Focus R\u00fcstung, Pride wurde entwickelt, um den Trainer w\u00e4hrend des Trainings zu sch\u00fctzen und eignet sich f\u00fcr Tritte.","breadcrumb":{"@id":"https:\/\/prideshop.eu\/de\/shop\/equipment-de\/trainingsgerate\/handpratzen-schlagpolster-schlagschilder\/focus-rustung-pride-3\/#breadcrumb"},"inLanguage":"de","potentialAction":[{"@type":"ReadAction","target":["https:\/\/prideshop.eu\/de\/shop\/equipment-de\/trainingsgerate\/handpratzen-schlagpolster-schlagschilder\/focus-rustung-pride-3\/"]}]},{"@type":"ImageObject","inLanguage":"de","@id":"https:\/\/prideshop.eu\/de\/shop\/equipment-de\/trainingsgerate\/handpratzen-schlagpolster-schlagschilder\/focus-rustung-pride-3\/#primaryimage","url":"https:\/\/prideshop.eu\/wp-content\/uploads\/2022\/08\/oklep-fokuser-pride-3233.jpeg","contentUrl":"https:\/\/prideshop.eu\/wp-content\/uploads\/2022\/08\/oklep-fokuser-pride-3233.jpeg","width":600,"height":600,"caption":"Focus R\u00fcstung Pride"},{"@type":"BreadcrumbList","@id":"https:\/\/prideshop.eu\/de\/shop\/equipment-de\/trainingsgerate\/handpratzen-schlagpolster-schlagschilder\/focus-rustung-pride-3\/#breadcrumb","itemListElement":[{"@type":"ListItem","position":1,"name":"Home","item":"https:\/\/prideshop.eu\/de\/"},{"@type":"ListItem","position":2,"name":"Gesch\u00e4ft","item":"https:\/\/prideshop.eu\/de\/geschaeft\/"},{"@type":"ListItem","position":3,"name":"Trainer K\u00f6rperpanzer Pride \u2013 CoreShield"}]},{"@type":"WebSite","@id":"https:\/\/prideshop.eu\/de\/#website","url":"https:\/\/prideshop.eu\/de\/","name":"PRIDEshop","description":"Oprema za Borilne \u0160porte","publisher":{"@id":"https:\/\/prideshop.eu\/de\/#organization"},"potentialAction":[{"@type":"SearchAction","target":{"@type":"EntryPoint","urlTemplate":"https:\/\/prideshop.eu\/de\/?s={search_term_string}"},"query-input":{"@type":"PropertyValueSpecification","valueRequired":true,"valueName":"search_term_string"}}],"inLanguage":"de"},{"@type":"Organization","@id":"https:\/\/prideshop.eu\/de\/#organization","name":"PRIDEshop","url":"https:\/\/prideshop.eu\/de\/","logo":{"@type":"ImageObject","inLanguage":"de","@id":"https:\/\/prideshop.eu\/de\/#\/schema\/logo\/image\/","url":"","contentUrl":"","caption":"PRIDEshop"},"image":{"@id":"https:\/\/prideshop.eu\/de\/#\/schema\/logo\/image\/"},"sameAs":["https:\/\/sl-si.facebook.com\/PrideShopeu"]}]}},"_links":{"self":[{"href":"https:\/\/prideshop.eu\/de\/wp-json\/wp\/v2\/product\/37814","targetHints":{"allow":["GET"]}}],"collection":[{"href":"https:\/\/prideshop.eu\/de\/wp-json\/wp\/v2\/product"}],"about":[{"href":"https:\/\/prideshop.eu\/de\/wp-json\/wp\/v2\/types\/product"}],"replies":[{"embeddable":true,"href":"https:\/\/prideshop.eu\/de\/wp-json\/wp\/v2\/comments?post=37814"}],"wp:featuredmedia":[{"embeddable":true,"href":"https:\/\/prideshop.eu\/de\/wp-json\/wp\/v2\/media\/36967"}],"wp:attachment":[{"href":"https:\/\/prideshop.eu\/de\/wp-json\/wp\/v2\/media?parent=37814"}],"wp:term":[{"taxonomy":"product_brand","embeddable":true,"href":"https:\/\/prideshop.eu\/de\/wp-json\/wp\/v2\/product_brand?post=37814"},{"taxonomy":"product_cat","embeddable":true,"href":"https:\/\/prideshop.eu\/de\/wp-json\/wp\/v2\/product_cat?post=37814"},{"taxonomy":"product_tag","embeddable":true,"href":"https:\/\/prideshop.eu\/de\/wp-json\/wp\/v2\/product_tag?post=37814"}],"curies":[{"name":"wp","href":"https:\/\/api.w.org\/{rel}","templated":true}]}}