{"id":38468,"date":"2022-09-09T15:09:13","date_gmt":"2022-09-09T13:09:13","guid":{"rendered":"https:\/\/prideshop.eu\/spletna-trgovina\/unkategorisiert\/judoanzug-response-adidas\/"},"modified":"2025-08-04T11:06:05","modified_gmt":"2025-08-04T09:06:05","slug":"judoanzug-response-adidas","status":"publish","type":"product","link":"https:\/\/prideshop.eu\/de\/shop\/sportarten\/judo-de\/judo-anzuge-judogi-und-kleidung\/judoanzug-response-adidas\/","title":{"rendered":"Judoanzug 250\u202fg wei\u00df-schwarz Adidas \u2013 Response J250"},"content":{"rendered":"<h3>Judoanzug 250\u202fg wei\u00df-schwarz Adidas \u2013 Response J250<\/h3>\n<p>Judoanzug Response, Adidas. Judogi ist der neue Judo\u2013Kimono von Adidas und wurde speziell f\u00fcr Kinder und Anf\u00e4nger entwickelt. Exzellenter Wert f\u00fcr das Geld. Material: Ultra leichtes Material (250g) f\u00fcr mehr Bequemlichkeit. 60% Baumwolle und 40% Polyester. Das Set beinhaltet eine Jacke und eine elastische Hose. Hinweis: Bei richtiger W\u00e4sche, laut Anleitung, l\u00e4uft der Kimono von 1\u20133 cm ein.nDer wei\u00dfe G\u00fcrtel ist nicht im Lieferumfang enthalten.<\/p>\n","protected":false},"excerpt":{"rendered":"<p>Judoanzug Response, Adidas. Judogi ist der neue Judo\u2013Kimono von Adidas und wurde speziell f\u00fcr Kinder und Anf\u00e4nger entwickelt. Exzellenter Wert f\u00fcr das Geld. Material: Ultra leichtes Material (250g) f\u00fcr mehr Bequemlichkeit. 60% Baumwolle und 40% Polyester. Das Set beinhaltet eine Jacke und eine elastische Hose. Hinweis: Bei richtiger W\u00e4sche, laut Anleitung, l\u00e4uft der Kimono von 1\u20133 cm ein.nDer wei\u00dfe G\u00fcrtel ist nicht im Lieferumfang enthalten.<\/p>\n","protected":false},"featured_media":38404,"comment_status":"open","ping_status":"closed","template":"","meta":{"_acf_changed":false},"product_brand":[2084],"product_cat":[606,600,580,690,694,700,704,1691,656],"product_tag":[],"class_list":{"0":"post-38468","1":"product","2":"type-product","3":"status-publish","4":"has-post-thumbnail","6":"product_brand-adidas","7":"product_cat-anzuge-fur-kamfsportarten","8":"product_cat-bekleidung-und-schuhe","9":"product_cat-equipment-de","10":"product_cat-ju-jitsu-de","11":"product_cat-ju-jutsu-anzuge-und-kleidung","12":"product_cat-judo-de","13":"product_cat-judo-anzuge-judogi-und-kleidung","14":"product_cat-sonderangebote","15":"product_cat-sportarten","17":"first","18":"outofstock","19":"taxable","20":"shipping-taxable","21":"product-type-variable"},"acf":[],"yoast_head":"<!-- This site is optimized with the Yoast SEO plugin v27.4 - https:\/\/yoast.com\/product\/yoast-seo-wordpress\/ -->\n<title>Judoanzug 250\u202fg wei\u00df-schwarz Adidas \u2013 Response J250 - PRIDEshop<\/title>\n<meta name=\"description\" content=\"Judoanzug Response, Adidas. Judogi ist der neue Judo-Kimono von Adidas und wurde speziell f\u00fcr Kinder und Anf\u00e4nger entwickelt.\" \/>\n<meta name=\"robots\" content=\"index, follow, max-snippet:-1, max-image-preview:large, max-video-preview:-1\" \/>\n<link rel=\"canonical\" href=\"https:\/\/prideshop.eu\/de\/shop\/sportarten\/judo-de\/judo-anzuge-judogi-und-kleidung\/judoanzug-response-adidas\/\" \/>\n<meta property=\"og:locale\" content=\"de_DE\" \/>\n<meta property=\"og:type\" content=\"article\" \/>\n<meta property=\"og:title\" content=\"Judoanzug 250\u202fg wei\u00df-schwarz Adidas \u2013 Response J250 - PRIDEshop\" \/>\n<meta property=\"og:description\" content=\"Judoanzug Response, Adidas. Judogi ist der neue Judo-Kimono von Adidas und wurde speziell f\u00fcr Kinder und Anf\u00e4nger entwickelt.\" \/>\n<meta property=\"og:url\" content=\"https:\/\/prideshop.eu\/de\/shop\/sportarten\/judo-de\/judo-anzuge-judogi-und-kleidung\/judoanzug-response-adidas\/\" \/>\n<meta property=\"og:site_name\" content=\"PRIDEshop\" \/>\n<meta property=\"article:publisher\" content=\"https:\/\/sl-si.facebook.com\/PrideShopeu\" \/>\n<meta property=\"article:modified_time\" content=\"2025-08-04T09:06:05+00:00\" \/>\n<meta property=\"og:image\" content=\"https:\/\/prideshop.eu\/wp-content\/uploads\/2022\/09\/judo-kimono-response-adidas-a545-wp.jpeg\" \/>\n\t<meta property=\"og:image:width\" content=\"600\" \/>\n\t<meta property=\"og:image:height\" content=\"600\" \/>\n\t<meta property=\"og:image:type\" content=\"image\/jpeg\" \/>\n<meta name=\"twitter:card\" content=\"summary_large_image\" \/>\n<script type=\"application\/ld+json\" class=\"yoast-schema-graph\">{\"@context\":\"https:\\\/\\\/schema.org\",\"@graph\":[{\"@type\":\"WebPage\",\"@id\":\"https:\\\/\\\/prideshop.eu\\\/de\\\/shop\\\/sportarten\\\/judo-de\\\/judo-anzuge-judogi-und-kleidung\\\/judoanzug-response-adidas\\\/\",\"url\":\"https:\\\/\\\/prideshop.eu\\\/de\\\/shop\\\/sportarten\\\/judo-de\\\/judo-anzuge-judogi-und-kleidung\\\/judoanzug-response-adidas\\\/\",\"name\":\"Judoanzug 250\u202fg wei\u00df-schwarz Adidas \u2013 Response J250 - PRIDEshop\",\"isPartOf\":{\"@id\":\"https:\\\/\\\/prideshop.eu\\\/de\\\/#website\"},\"primaryImageOfPage\":{\"@id\":\"https:\\\/\\\/prideshop.eu\\\/de\\\/shop\\\/sportarten\\\/judo-de\\\/judo-anzuge-judogi-und-kleidung\\\/judoanzug-response-adidas\\\/#primaryimage\"},\"image\":{\"@id\":\"https:\\\/\\\/prideshop.eu\\\/de\\\/shop\\\/sportarten\\\/judo-de\\\/judo-anzuge-judogi-und-kleidung\\\/judoanzug-response-adidas\\\/#primaryimage\"},\"thumbnailUrl\":\"https:\\\/\\\/prideshop.eu\\\/wp-content\\\/uploads\\\/2022\\\/09\\\/judo-kimono-response-adidas-a545-wp.jpeg\",\"datePublished\":\"2022-09-09T13:09:13+00:00\",\"dateModified\":\"2025-08-04T09:06:05+00:00\",\"description\":\"Judoanzug Response, Adidas. Judogi ist der neue Judo-Kimono von Adidas und wurde speziell f\u00fcr Kinder und Anf\u00e4nger entwickelt.\",\"breadcrumb\":{\"@id\":\"https:\\\/\\\/prideshop.eu\\\/de\\\/shop\\\/sportarten\\\/judo-de\\\/judo-anzuge-judogi-und-kleidung\\\/judoanzug-response-adidas\\\/#breadcrumb\"},\"inLanguage\":\"de\",\"potentialAction\":[{\"@type\":\"ReadAction\",\"target\":[\"https:\\\/\\\/prideshop.eu\\\/de\\\/shop\\\/sportarten\\\/judo-de\\\/judo-anzuge-judogi-und-kleidung\\\/judoanzug-response-adidas\\\/\"]}]},{\"@type\":\"ImageObject\",\"inLanguage\":\"de\",\"@id\":\"https:\\\/\\\/prideshop.eu\\\/de\\\/shop\\\/sportarten\\\/judo-de\\\/judo-anzuge-judogi-und-kleidung\\\/judoanzug-response-adidas\\\/#primaryimage\",\"url\":\"https:\\\/\\\/prideshop.eu\\\/wp-content\\\/uploads\\\/2022\\\/09\\\/judo-kimono-response-adidas-a545-wp.jpeg\",\"contentUrl\":\"https:\\\/\\\/prideshop.eu\\\/wp-content\\\/uploads\\\/2022\\\/09\\\/judo-kimono-response-adidas-a545-wp.jpeg\",\"width\":600,\"height\":600,\"caption\":\"Judoanzug Response Adidas 250g wei\u00df mit blauen Streifen\"},{\"@type\":\"BreadcrumbList\",\"@id\":\"https:\\\/\\\/prideshop.eu\\\/de\\\/shop\\\/sportarten\\\/judo-de\\\/judo-anzuge-judogi-und-kleidung\\\/judoanzug-response-adidas\\\/#breadcrumb\",\"itemListElement\":[{\"@type\":\"ListItem\",\"position\":1,\"name\":\"Home\",\"item\":\"https:\\\/\\\/prideshop.eu\\\/de\\\/\"},{\"@type\":\"ListItem\",\"position\":2,\"name\":\"Gesch\u00e4ft\",\"item\":\"https:\\\/\\\/prideshop.eu\\\/de\\\/geschaeft\\\/\"},{\"@type\":\"ListItem\",\"position\":3,\"name\":\"Judoanzug 250\u202fg wei\u00df-schwarz Adidas \u2013 Response J250\"}]},{\"@type\":\"WebSite\",\"@id\":\"https:\\\/\\\/prideshop.eu\\\/de\\\/#website\",\"url\":\"https:\\\/\\\/prideshop.eu\\\/de\\\/\",\"name\":\"PRIDEshop\",\"description\":\"Oprema za Borilne \u0160porte\",\"publisher\":{\"@id\":\"https:\\\/\\\/prideshop.eu\\\/de\\\/#organization\"},\"potentialAction\":[{\"@type\":\"SearchAction\",\"target\":{\"@type\":\"EntryPoint\",\"urlTemplate\":\"https:\\\/\\\/prideshop.eu\\\/de\\\/?s={search_term_string}\"},\"query-input\":{\"@type\":\"PropertyValueSpecification\",\"valueRequired\":true,\"valueName\":\"search_term_string\"}}],\"inLanguage\":\"de\"},{\"@type\":\"Organization\",\"@id\":\"https:\\\/\\\/prideshop.eu\\\/de\\\/#organization\",\"name\":\"PRIDEshop\",\"url\":\"https:\\\/\\\/prideshop.eu\\\/de\\\/\",\"logo\":{\"@type\":\"ImageObject\",\"inLanguage\":\"de\",\"@id\":\"https:\\\/\\\/prideshop.eu\\\/de\\\/#\\\/schema\\\/logo\\\/image\\\/\",\"url\":\"\",\"contentUrl\":\"\",\"caption\":\"PRIDEshop\"},\"image\":{\"@id\":\"https:\\\/\\\/prideshop.eu\\\/de\\\/#\\\/schema\\\/logo\\\/image\\\/\"},\"sameAs\":[\"https:\\\/\\\/sl-si.facebook.com\\\/PrideShopeu\"]}]}<\/script>\n<!-- \/ Yoast SEO plugin. -->","yoast_head_json":{"title":"Judoanzug 250\u202fg wei\u00df-schwarz Adidas \u2013 Response J250 - PRIDEshop","description":"Judoanzug Response, Adidas. Judogi ist der neue Judo-Kimono von Adidas und wurde speziell f\u00fcr Kinder und Anf\u00e4nger entwickelt.","robots":{"index":"index","follow":"follow","max-snippet":"max-snippet:-1","max-image-preview":"max-image-preview:large","max-video-preview":"max-video-preview:-1"},"canonical":"https:\/\/prideshop.eu\/de\/shop\/sportarten\/judo-de\/judo-anzuge-judogi-und-kleidung\/judoanzug-response-adidas\/","og_locale":"de_DE","og_type":"article","og_title":"Judoanzug 250\u202fg wei\u00df-schwarz Adidas \u2013 Response J250 - PRIDEshop","og_description":"Judoanzug Response, Adidas. Judogi ist der neue Judo-Kimono von Adidas und wurde speziell f\u00fcr Kinder und Anf\u00e4nger entwickelt.","og_url":"https:\/\/prideshop.eu\/de\/shop\/sportarten\/judo-de\/judo-anzuge-judogi-und-kleidung\/judoanzug-response-adidas\/","og_site_name":"PRIDEshop","article_publisher":"https:\/\/sl-si.facebook.com\/PrideShopeu","article_modified_time":"2025-08-04T09:06:05+00:00","og_image":[{"width":600,"height":600,"url":"https:\/\/prideshop.eu\/wp-content\/uploads\/2022\/09\/judo-kimono-response-adidas-a545-wp.jpeg","type":"image\/jpeg"}],"twitter_card":"summary_large_image","schema":{"@context":"https:\/\/schema.org","@graph":[{"@type":"WebPage","@id":"https:\/\/prideshop.eu\/de\/shop\/sportarten\/judo-de\/judo-anzuge-judogi-und-kleidung\/judoanzug-response-adidas\/","url":"https:\/\/prideshop.eu\/de\/shop\/sportarten\/judo-de\/judo-anzuge-judogi-und-kleidung\/judoanzug-response-adidas\/","name":"Judoanzug 250\u202fg wei\u00df-schwarz Adidas \u2013 Response J250 - PRIDEshop","isPartOf":{"@id":"https:\/\/prideshop.eu\/de\/#website"},"primaryImageOfPage":{"@id":"https:\/\/prideshop.eu\/de\/shop\/sportarten\/judo-de\/judo-anzuge-judogi-und-kleidung\/judoanzug-response-adidas\/#primaryimage"},"image":{"@id":"https:\/\/prideshop.eu\/de\/shop\/sportarten\/judo-de\/judo-anzuge-judogi-und-kleidung\/judoanzug-response-adidas\/#primaryimage"},"thumbnailUrl":"https:\/\/prideshop.eu\/wp-content\/uploads\/2022\/09\/judo-kimono-response-adidas-a545-wp.jpeg","datePublished":"2022-09-09T13:09:13+00:00","dateModified":"2025-08-04T09:06:05+00:00","description":"Judoanzug Response, Adidas. Judogi ist der neue Judo-Kimono von Adidas und wurde speziell f\u00fcr Kinder und Anf\u00e4nger entwickelt.","breadcrumb":{"@id":"https:\/\/prideshop.eu\/de\/shop\/sportarten\/judo-de\/judo-anzuge-judogi-und-kleidung\/judoanzug-response-adidas\/#breadcrumb"},"inLanguage":"de","potentialAction":[{"@type":"ReadAction","target":["https:\/\/prideshop.eu\/de\/shop\/sportarten\/judo-de\/judo-anzuge-judogi-und-kleidung\/judoanzug-response-adidas\/"]}]},{"@type":"ImageObject","inLanguage":"de","@id":"https:\/\/prideshop.eu\/de\/shop\/sportarten\/judo-de\/judo-anzuge-judogi-und-kleidung\/judoanzug-response-adidas\/#primaryimage","url":"https:\/\/prideshop.eu\/wp-content\/uploads\/2022\/09\/judo-kimono-response-adidas-a545-wp.jpeg","contentUrl":"https:\/\/prideshop.eu\/wp-content\/uploads\/2022\/09\/judo-kimono-response-adidas-a545-wp.jpeg","width":600,"height":600,"caption":"Judoanzug Response Adidas 250g wei\u00df mit blauen Streifen"},{"@type":"BreadcrumbList","@id":"https:\/\/prideshop.eu\/de\/shop\/sportarten\/judo-de\/judo-anzuge-judogi-und-kleidung\/judoanzug-response-adidas\/#breadcrumb","itemListElement":[{"@type":"ListItem","position":1,"name":"Home","item":"https:\/\/prideshop.eu\/de\/"},{"@type":"ListItem","position":2,"name":"Gesch\u00e4ft","item":"https:\/\/prideshop.eu\/de\/geschaeft\/"},{"@type":"ListItem","position":3,"name":"Judoanzug 250\u202fg wei\u00df-schwarz Adidas \u2013 Response J250"}]},{"@type":"WebSite","@id":"https:\/\/prideshop.eu\/de\/#website","url":"https:\/\/prideshop.eu\/de\/","name":"PRIDEshop","description":"Oprema za Borilne \u0160porte","publisher":{"@id":"https:\/\/prideshop.eu\/de\/#organization"},"potentialAction":[{"@type":"SearchAction","target":{"@type":"EntryPoint","urlTemplate":"https:\/\/prideshop.eu\/de\/?s={search_term_string}"},"query-input":{"@type":"PropertyValueSpecification","valueRequired":true,"valueName":"search_term_string"}}],"inLanguage":"de"},{"@type":"Organization","@id":"https:\/\/prideshop.eu\/de\/#organization","name":"PRIDEshop","url":"https:\/\/prideshop.eu\/de\/","logo":{"@type":"ImageObject","inLanguage":"de","@id":"https:\/\/prideshop.eu\/de\/#\/schema\/logo\/image\/","url":"","contentUrl":"","caption":"PRIDEshop"},"image":{"@id":"https:\/\/prideshop.eu\/de\/#\/schema\/logo\/image\/"},"sameAs":["https:\/\/sl-si.facebook.com\/PrideShopeu"]}]}},"_links":{"self":[{"href":"https:\/\/prideshop.eu\/de\/wp-json\/wp\/v2\/product\/38468","targetHints":{"allow":["GET"]}}],"collection":[{"href":"https:\/\/prideshop.eu\/de\/wp-json\/wp\/v2\/product"}],"about":[{"href":"https:\/\/prideshop.eu\/de\/wp-json\/wp\/v2\/types\/product"}],"replies":[{"embeddable":true,"href":"https:\/\/prideshop.eu\/de\/wp-json\/wp\/v2\/comments?post=38468"}],"wp:featuredmedia":[{"embeddable":true,"href":"https:\/\/prideshop.eu\/de\/wp-json\/wp\/v2\/media\/38404"}],"wp:attachment":[{"href":"https:\/\/prideshop.eu\/de\/wp-json\/wp\/v2\/media?parent=38468"}],"wp:term":[{"taxonomy":"product_brand","embeddable":true,"href":"https:\/\/prideshop.eu\/de\/wp-json\/wp\/v2\/product_brand?post=38468"},{"taxonomy":"product_cat","embeddable":true,"href":"https:\/\/prideshop.eu\/de\/wp-json\/wp\/v2\/product_cat?post=38468"},{"taxonomy":"product_tag","embeddable":true,"href":"https:\/\/prideshop.eu\/de\/wp-json\/wp\/v2\/product_tag?post=38468"}],"curies":[{"name":"wp","href":"https:\/\/api.w.org\/{rel}","templated":true}]}}