{"id":39158,"date":"2022-09-26T10:50:33","date_gmt":"2022-09-26T08:50:33","guid":{"rendered":"https:\/\/prideshop.eu\/?post_type=product&#038;p=39158"},"modified":"2025-08-04T11:19:31","modified_gmt":"2025-08-04T09:19:31","slug":"ijf-judoanzug-champion-3-adidas","status":"publish","type":"product","link":"https:\/\/prideshop.eu\/de\/shop\/sportarten\/judo-de\/judo-anzuge-judogi-und-kleidung\/ijf-judoanzug-champion-3-adidas\/","title":{"rendered":"IJF Judoanzug Adidas \u2013 Champion III"},"content":{"rendered":"<h3>IJF Judoanzug Adidas \u2013 Champion III<\/h3>\n<p>IJF Judoanzug Champion III, Adidas. Das Judogi ist ein hochwertiger 750 g\/m2 Judo\u2013Kimono und wird seit April 2015 bei internationalen Wettk\u00e4mpfen gefordert. Dieser soll nach den neuen Regeln leichter sein (statt wie bisher 930 g\/m2), was mehr Bewegungsfreiheit erm\u00f6glicht, und das Revers sollte nicht breiter als vier Zentimeter und nicht mehr als 4\u2013fach gesteppt sein. Im Vergleich zum Vorg\u00e4ngermodell von IJF ist es im Taillenbereich etwas schmaler und die \u00c4rmel sind etwas l\u00e4nger und zus\u00e4tzlich verst\u00e4rkt. Auch Brust, Achseln, Schultern und R\u00fccken werden gest\u00e4rkt. Von den Oberschenkeln bis zum Saum ist die Hose zus\u00e4tzlich verst\u00e4rkt. Dank des einzigartigen Faserdesigns sind alle N\u00e4hte besonders stark.<\/p>\n","protected":false},"excerpt":{"rendered":"<p>IJF Judoanzug Champion III, Adidas. Das Judogi ist ein hochwertiger 750 g\/m2 Judo\u2013Kimono und wird seit April 2015 bei internationalen Wettk\u00e4mpfen gefordert. Dieser soll nach den neuen Regeln leichter sein (statt wie bisher 930 g\/m2), was mehr Bewegungsfreiheit erm\u00f6glicht, und das Revers sollte nicht breiter als vier Zentimeter und nicht mehr als 4\u2013fach gesteppt sein. Im Vergleich zum Vorg\u00e4ngermodell von IJF ist es im Taillenbereich etwas schmaler und die \u00c4rmel sind etwas l\u00e4nger und zus\u00e4tzlich verst\u00e4rkt. Auch Brust, Achseln, Schultern und R\u00fccken werden gest\u00e4rkt. Von den Oberschenkeln bis zum Saum ist die Hose zus\u00e4tzlich verst\u00e4rkt. Dank des einzigartigen Faserdesigns sind alle N\u00e4hte besonders stark.<\/p>\n","protected":false},"featured_media":39230,"comment_status":"open","ping_status":"closed","template":"","meta":{"_acf_changed":false},"product_brand":[2084],"product_cat":[658,660,606,600,580,690,694,700,704,656],"product_tag":[],"class_list":{"0":"post-39158","1":"product","2":"type-product","3":"status-publish","4":"has-post-thumbnail","6":"product_brand-adidas","7":"product_cat-aikido-de","8":"product_cat-aikido-anzuge-und-kleidung","9":"product_cat-anzuge-fur-kamfsportarten","10":"product_cat-bekleidung-und-schuhe","11":"product_cat-equipment-de","12":"product_cat-ju-jitsu-de","13":"product_cat-ju-jutsu-anzuge-und-kleidung","14":"product_cat-judo-de","15":"product_cat-judo-anzuge-judogi-und-kleidung","16":"product_cat-sportarten","18":"first","19":"instock","20":"taxable","21":"shipping-taxable","22":"purchasable","23":"product-type-variable"},"acf":[],"yoast_head":"<!-- This site is optimized with the Yoast SEO plugin v27.5 - https:\/\/yoast.com\/product\/yoast-seo-wordpress\/ -->\n<title>IJF Judoanzug Adidas \u2013 Champion III - PRIDEshop<\/title>\n<meta name=\"description\" content=\"IJF Judoanzug Champion III, Adidas. Das Judogi ist ein hochwertiger 750 g\/m2 Judo-Kimono und wird seit April 2015 bei internationalen Wettk\u00e4mpfen gefordert.\" \/>\n<meta name=\"robots\" content=\"index, follow, max-snippet:-1, max-image-preview:large, max-video-preview:-1\" \/>\n<link rel=\"canonical\" href=\"https:\/\/prideshop.eu\/de\/shop\/sportarten\/judo-de\/judo-anzuge-judogi-und-kleidung\/ijf-judoanzug-champion-3-adidas\/\" \/>\n<meta property=\"og:locale\" content=\"de_DE\" \/>\n<meta property=\"og:type\" content=\"article\" \/>\n<meta property=\"og:title\" content=\"IJF Judoanzug Adidas \u2013 Champion III - PRIDEshop\" \/>\n<meta property=\"og:description\" content=\"IJF Judoanzug Champion III, Adidas. Das Judogi ist ein hochwertiger 750 g\/m2 Judo-Kimono und wird seit April 2015 bei internationalen Wettk\u00e4mpfen gefordert.\" \/>\n<meta property=\"og:url\" content=\"https:\/\/prideshop.eu\/de\/shop\/sportarten\/judo-de\/judo-anzuge-judogi-und-kleidung\/ijf-judoanzug-champion-3-adidas\/\" \/>\n<meta property=\"og:site_name\" content=\"PRIDEshop\" \/>\n<meta property=\"article:publisher\" content=\"https:\/\/sl-si.facebook.com\/PrideShopeu\" \/>\n<meta property=\"article:modified_time\" content=\"2025-08-04T09:19:31+00:00\" \/>\n<meta property=\"og:image\" content=\"https:\/\/prideshop.eu\/wp-content\/uploads\/2022\/09\/ijf-judo-kimono-champion-3-adidas-aijf.jpeg\" \/>\n\t<meta property=\"og:image:width\" content=\"600\" \/>\n\t<meta property=\"og:image:height\" content=\"600\" \/>\n\t<meta property=\"og:image:type\" content=\"image\/jpeg\" \/>\n<meta name=\"twitter:card\" content=\"summary_large_image\" \/>\n<meta name=\"twitter:label1\" content=\"Gesch\u00e4tzte Lesezeit\" \/>\n\t<meta name=\"twitter:data1\" content=\"1\u00a0Minute\" \/>\n<script type=\"application\/ld+json\" class=\"yoast-schema-graph\">{\"@context\":\"https:\\\/\\\/schema.org\",\"@graph\":[{\"@type\":\"WebPage\",\"@id\":\"https:\\\/\\\/prideshop.eu\\\/de\\\/shop\\\/sportarten\\\/judo-de\\\/judo-anzuge-judogi-und-kleidung\\\/ijf-judoanzug-champion-3-adidas\\\/\",\"url\":\"https:\\\/\\\/prideshop.eu\\\/de\\\/shop\\\/sportarten\\\/judo-de\\\/judo-anzuge-judogi-und-kleidung\\\/ijf-judoanzug-champion-3-adidas\\\/\",\"name\":\"IJF Judoanzug Adidas \u2013 Champion III - PRIDEshop\",\"isPartOf\":{\"@id\":\"https:\\\/\\\/prideshop.eu\\\/de\\\/#website\"},\"primaryImageOfPage\":{\"@id\":\"https:\\\/\\\/prideshop.eu\\\/de\\\/shop\\\/sportarten\\\/judo-de\\\/judo-anzuge-judogi-und-kleidung\\\/ijf-judoanzug-champion-3-adidas\\\/#primaryimage\"},\"image\":{\"@id\":\"https:\\\/\\\/prideshop.eu\\\/de\\\/shop\\\/sportarten\\\/judo-de\\\/judo-anzuge-judogi-und-kleidung\\\/ijf-judoanzug-champion-3-adidas\\\/#primaryimage\"},\"thumbnailUrl\":\"https:\\\/\\\/prideshop.eu\\\/wp-content\\\/uploads\\\/2022\\\/09\\\/ijf-judo-kimono-champion-3-adidas-aijf.jpeg\",\"datePublished\":\"2022-09-26T08:50:33+00:00\",\"dateModified\":\"2025-08-04T09:19:31+00:00\",\"description\":\"IJF Judoanzug Champion III, Adidas. Das Judogi ist ein hochwertiger 750 g\\\/m2 Judo-Kimono und wird seit April 2015 bei internationalen Wettk\u00e4mpfen gefordert.\",\"breadcrumb\":{\"@id\":\"https:\\\/\\\/prideshop.eu\\\/de\\\/shop\\\/sportarten\\\/judo-de\\\/judo-anzuge-judogi-und-kleidung\\\/ijf-judoanzug-champion-3-adidas\\\/#breadcrumb\"},\"inLanguage\":\"de\",\"potentialAction\":[{\"@type\":\"ReadAction\",\"target\":[\"https:\\\/\\\/prideshop.eu\\\/de\\\/shop\\\/sportarten\\\/judo-de\\\/judo-anzuge-judogi-und-kleidung\\\/ijf-judoanzug-champion-3-adidas\\\/\"]}]},{\"@type\":\"ImageObject\",\"inLanguage\":\"de\",\"@id\":\"https:\\\/\\\/prideshop.eu\\\/de\\\/shop\\\/sportarten\\\/judo-de\\\/judo-anzuge-judogi-und-kleidung\\\/ijf-judoanzug-champion-3-adidas\\\/#primaryimage\",\"url\":\"https:\\\/\\\/prideshop.eu\\\/wp-content\\\/uploads\\\/2022\\\/09\\\/ijf-judo-kimono-champion-3-adidas-aijf.jpeg\",\"contentUrl\":\"https:\\\/\\\/prideshop.eu\\\/wp-content\\\/uploads\\\/2022\\\/09\\\/ijf-judo-kimono-champion-3-adidas-aijf.jpeg\",\"width\":600,\"height\":600,\"caption\":\"IJF Judoanzug Champion III Adidas\"},{\"@type\":\"BreadcrumbList\",\"@id\":\"https:\\\/\\\/prideshop.eu\\\/de\\\/shop\\\/sportarten\\\/judo-de\\\/judo-anzuge-judogi-und-kleidung\\\/ijf-judoanzug-champion-3-adidas\\\/#breadcrumb\",\"itemListElement\":[{\"@type\":\"ListItem\",\"position\":1,\"name\":\"Home\",\"item\":\"https:\\\/\\\/prideshop.eu\\\/de\\\/\"},{\"@type\":\"ListItem\",\"position\":2,\"name\":\"Gesch\u00e4ft\",\"item\":\"https:\\\/\\\/prideshop.eu\\\/de\\\/geschaeft\\\/\"},{\"@type\":\"ListItem\",\"position\":3,\"name\":\"IJF Judoanzug Adidas \u2013 Champion III\"}]},{\"@type\":\"WebSite\",\"@id\":\"https:\\\/\\\/prideshop.eu\\\/de\\\/#website\",\"url\":\"https:\\\/\\\/prideshop.eu\\\/de\\\/\",\"name\":\"PRIDEshop\",\"description\":\"Oprema za Borilne \u0160porte\",\"publisher\":{\"@id\":\"https:\\\/\\\/prideshop.eu\\\/de\\\/#organization\"},\"potentialAction\":[{\"@type\":\"SearchAction\",\"target\":{\"@type\":\"EntryPoint\",\"urlTemplate\":\"https:\\\/\\\/prideshop.eu\\\/de\\\/?s={search_term_string}\"},\"query-input\":{\"@type\":\"PropertyValueSpecification\",\"valueRequired\":true,\"valueName\":\"search_term_string\"}}],\"inLanguage\":\"de\"},{\"@type\":\"Organization\",\"@id\":\"https:\\\/\\\/prideshop.eu\\\/de\\\/#organization\",\"name\":\"PRIDEshop\",\"url\":\"https:\\\/\\\/prideshop.eu\\\/de\\\/\",\"logo\":{\"@type\":\"ImageObject\",\"inLanguage\":\"de\",\"@id\":\"https:\\\/\\\/prideshop.eu\\\/de\\\/#\\\/schema\\\/logo\\\/image\\\/\",\"url\":\"\",\"contentUrl\":\"\",\"caption\":\"PRIDEshop\"},\"image\":{\"@id\":\"https:\\\/\\\/prideshop.eu\\\/de\\\/#\\\/schema\\\/logo\\\/image\\\/\"},\"sameAs\":[\"https:\\\/\\\/sl-si.facebook.com\\\/PrideShopeu\"]}]}<\/script>\n<!-- \/ Yoast SEO plugin. -->","yoast_head_json":{"title":"IJF Judoanzug Adidas \u2013 Champion III - PRIDEshop","description":"IJF Judoanzug Champion III, Adidas. Das Judogi ist ein hochwertiger 750 g\/m2 Judo-Kimono und wird seit April 2015 bei internationalen Wettk\u00e4mpfen gefordert.","robots":{"index":"index","follow":"follow","max-snippet":"max-snippet:-1","max-image-preview":"max-image-preview:large","max-video-preview":"max-video-preview:-1"},"canonical":"https:\/\/prideshop.eu\/de\/shop\/sportarten\/judo-de\/judo-anzuge-judogi-und-kleidung\/ijf-judoanzug-champion-3-adidas\/","og_locale":"de_DE","og_type":"article","og_title":"IJF Judoanzug Adidas \u2013 Champion III - PRIDEshop","og_description":"IJF Judoanzug Champion III, Adidas. Das Judogi ist ein hochwertiger 750 g\/m2 Judo-Kimono und wird seit April 2015 bei internationalen Wettk\u00e4mpfen gefordert.","og_url":"https:\/\/prideshop.eu\/de\/shop\/sportarten\/judo-de\/judo-anzuge-judogi-und-kleidung\/ijf-judoanzug-champion-3-adidas\/","og_site_name":"PRIDEshop","article_publisher":"https:\/\/sl-si.facebook.com\/PrideShopeu","article_modified_time":"2025-08-04T09:19:31+00:00","og_image":[{"width":600,"height":600,"url":"https:\/\/prideshop.eu\/wp-content\/uploads\/2022\/09\/ijf-judo-kimono-champion-3-adidas-aijf.jpeg","type":"image\/jpeg"}],"twitter_card":"summary_large_image","twitter_misc":{"Gesch\u00e4tzte Lesezeit":"1\u00a0Minute"},"schema":{"@context":"https:\/\/schema.org","@graph":[{"@type":"WebPage","@id":"https:\/\/prideshop.eu\/de\/shop\/sportarten\/judo-de\/judo-anzuge-judogi-und-kleidung\/ijf-judoanzug-champion-3-adidas\/","url":"https:\/\/prideshop.eu\/de\/shop\/sportarten\/judo-de\/judo-anzuge-judogi-und-kleidung\/ijf-judoanzug-champion-3-adidas\/","name":"IJF Judoanzug Adidas \u2013 Champion III - PRIDEshop","isPartOf":{"@id":"https:\/\/prideshop.eu\/de\/#website"},"primaryImageOfPage":{"@id":"https:\/\/prideshop.eu\/de\/shop\/sportarten\/judo-de\/judo-anzuge-judogi-und-kleidung\/ijf-judoanzug-champion-3-adidas\/#primaryimage"},"image":{"@id":"https:\/\/prideshop.eu\/de\/shop\/sportarten\/judo-de\/judo-anzuge-judogi-und-kleidung\/ijf-judoanzug-champion-3-adidas\/#primaryimage"},"thumbnailUrl":"https:\/\/prideshop.eu\/wp-content\/uploads\/2022\/09\/ijf-judo-kimono-champion-3-adidas-aijf.jpeg","datePublished":"2022-09-26T08:50:33+00:00","dateModified":"2025-08-04T09:19:31+00:00","description":"IJF Judoanzug Champion III, Adidas. Das Judogi ist ein hochwertiger 750 g\/m2 Judo-Kimono und wird seit April 2015 bei internationalen Wettk\u00e4mpfen gefordert.","breadcrumb":{"@id":"https:\/\/prideshop.eu\/de\/shop\/sportarten\/judo-de\/judo-anzuge-judogi-und-kleidung\/ijf-judoanzug-champion-3-adidas\/#breadcrumb"},"inLanguage":"de","potentialAction":[{"@type":"ReadAction","target":["https:\/\/prideshop.eu\/de\/shop\/sportarten\/judo-de\/judo-anzuge-judogi-und-kleidung\/ijf-judoanzug-champion-3-adidas\/"]}]},{"@type":"ImageObject","inLanguage":"de","@id":"https:\/\/prideshop.eu\/de\/shop\/sportarten\/judo-de\/judo-anzuge-judogi-und-kleidung\/ijf-judoanzug-champion-3-adidas\/#primaryimage","url":"https:\/\/prideshop.eu\/wp-content\/uploads\/2022\/09\/ijf-judo-kimono-champion-3-adidas-aijf.jpeg","contentUrl":"https:\/\/prideshop.eu\/wp-content\/uploads\/2022\/09\/ijf-judo-kimono-champion-3-adidas-aijf.jpeg","width":600,"height":600,"caption":"IJF Judoanzug Champion III Adidas"},{"@type":"BreadcrumbList","@id":"https:\/\/prideshop.eu\/de\/shop\/sportarten\/judo-de\/judo-anzuge-judogi-und-kleidung\/ijf-judoanzug-champion-3-adidas\/#breadcrumb","itemListElement":[{"@type":"ListItem","position":1,"name":"Home","item":"https:\/\/prideshop.eu\/de\/"},{"@type":"ListItem","position":2,"name":"Gesch\u00e4ft","item":"https:\/\/prideshop.eu\/de\/geschaeft\/"},{"@type":"ListItem","position":3,"name":"IJF Judoanzug Adidas \u2013 Champion III"}]},{"@type":"WebSite","@id":"https:\/\/prideshop.eu\/de\/#website","url":"https:\/\/prideshop.eu\/de\/","name":"PRIDEshop","description":"Oprema za Borilne \u0160porte","publisher":{"@id":"https:\/\/prideshop.eu\/de\/#organization"},"potentialAction":[{"@type":"SearchAction","target":{"@type":"EntryPoint","urlTemplate":"https:\/\/prideshop.eu\/de\/?s={search_term_string}"},"query-input":{"@type":"PropertyValueSpecification","valueRequired":true,"valueName":"search_term_string"}}],"inLanguage":"de"},{"@type":"Organization","@id":"https:\/\/prideshop.eu\/de\/#organization","name":"PRIDEshop","url":"https:\/\/prideshop.eu\/de\/","logo":{"@type":"ImageObject","inLanguage":"de","@id":"https:\/\/prideshop.eu\/de\/#\/schema\/logo\/image\/","url":"","contentUrl":"","caption":"PRIDEshop"},"image":{"@id":"https:\/\/prideshop.eu\/de\/#\/schema\/logo\/image\/"},"sameAs":["https:\/\/sl-si.facebook.com\/PrideShopeu"]}]}},"_links":{"self":[{"href":"https:\/\/prideshop.eu\/de\/wp-json\/wp\/v2\/product\/39158","targetHints":{"allow":["GET"]}}],"collection":[{"href":"https:\/\/prideshop.eu\/de\/wp-json\/wp\/v2\/product"}],"about":[{"href":"https:\/\/prideshop.eu\/de\/wp-json\/wp\/v2\/types\/product"}],"replies":[{"embeddable":true,"href":"https:\/\/prideshop.eu\/de\/wp-json\/wp\/v2\/comments?post=39158"}],"wp:featuredmedia":[{"embeddable":true,"href":"https:\/\/prideshop.eu\/de\/wp-json\/wp\/v2\/media\/39230"}],"wp:attachment":[{"href":"https:\/\/prideshop.eu\/de\/wp-json\/wp\/v2\/media?parent=39158"}],"wp:term":[{"taxonomy":"product_brand","embeddable":true,"href":"https:\/\/prideshop.eu\/de\/wp-json\/wp\/v2\/product_brand?post=39158"},{"taxonomy":"product_cat","embeddable":true,"href":"https:\/\/prideshop.eu\/de\/wp-json\/wp\/v2\/product_cat?post=39158"},{"taxonomy":"product_tag","embeddable":true,"href":"https:\/\/prideshop.eu\/de\/wp-json\/wp\/v2\/product_tag?post=39158"}],"curies":[{"name":"wp","href":"https:\/\/api.w.org\/{rel}","templated":true}]}}