{"id":41023,"date":"2022-12-08T19:47:06","date_gmt":"2022-12-08T18:47:06","guid":{"rendered":"https:\/\/prideshop.eu\/?post_type=product&#038;p=41023"},"modified":"2025-08-04T10:44:11","modified_gmt":"2025-08-04T08:44:11","slug":"professioneller-boxsack-mehrfarbig-leer-pride","status":"publish","type":"product","link":"https:\/\/prideshop.eu\/de\/shop\/equipment-de\/trainingsgerate\/boxsacke\/professioneller-boxsack-mehrfarbig-leer-pride\/","title":{"rendered":"Leerer Profi\u2013Boxsack Pride \u2013 MultiPro"},"content":{"rendered":"<h3>Leerer Profi\u2013Boxsack Pride \u2013 MultiPro<\/h3>\n<p>Professioneller Boxsack mehrfarbig leer, Pride ist eine hochwertige Tasche f\u00fcr das Training aller Kampfsportarten. Seit zwanzig Jahren die begehrteste Serie auf dem Markt, jetzt in Multicolor. Ideal f\u00fcr Fitnessstudios und den Heimgebrauch, sowohl f\u00fcr Amateure als auch f\u00fcr Profis. Aus hochwertigstem Novadur\u2122\u2013Material, Standardf\u00fcllung, zur Ausf\u00fchrung aller Hand\u2013 und Fu\u00dftechniken. Bestellm\u00f6glichkeit in den Farben: schwarz, blau, rot, gelb, wei\u00df grau, pink, orange und gr\u00fcn. Lieferung mit Federkette. M\u00f6glichkeit, Taschen mit Farbkombination nur gegen Vorkasse zu bestellen. Schreiben Sie die gew\u00fcnschte Farbe unter die Notiz.* l\u00e4ngere Wartezeit auf die Lieferung der Tasche, da die Tasche auf Bestellung gefertigt wird.<\/p>\n","protected":false},"excerpt":{"rendered":"<p>Professioneller Boxsack mehrfarbig leer, Pride ist eine hochwertige Tasche f\u00fcr das Training aller Kampfsportarten. Seit zwanzig Jahren die begehrteste Serie auf dem Markt, jetzt in Multicolor. Ideal f\u00fcr Fitnessstudios und den Heimgebrauch, sowohl f\u00fcr Amateure als auch f\u00fcr Profis. Aus hochwertigstem Novadur\u2122\u2013Material, Standardf\u00fcllung, zur Ausf\u00fchrung aller Hand\u2013 und Fu\u00dftechniken. Bestellm\u00f6glichkeit in den Farben: schwarz, blau, rot, gelb, wei\u00df grau, pink, orange und gr\u00fcn. Lieferung mit Federkette. M\u00f6glichkeit, Taschen mit Farbkombination nur gegen Vorkasse zu bestellen. Schreiben Sie die gew\u00fcnschte Farbe unter die Notiz.* l\u00e4ngere Wartezeit auf die Lieferung der Tasche, da die Tasche auf Bestellung gefertigt wird.<\/p>\n","protected":false},"featured_media":41080,"comment_status":"open","ping_status":"closed","template":"","meta":{"_acf_changed":false},"product_brand":[2086],"product_cat":[622,580,616],"product_tag":[],"class_list":{"0":"post-41023","1":"product","2":"type-product","3":"status-publish","4":"has-post-thumbnail","6":"product_brand-pride","7":"product_cat-boxsacke","8":"product_cat-equipment-de","9":"product_cat-trainingsgerate","11":"first","12":"outofstock","13":"taxable","14":"shipping-taxable","15":"product-type-variable"},"acf":[],"yoast_head":"<!-- This site is optimized with the Yoast SEO plugin v27.5 - https:\/\/yoast.com\/product\/yoast-seo-wordpress\/ -->\n<title>Leerer Profi\u2013Boxsack Pride \u2013 MultiPro - PRIDEshop<\/title>\n<meta name=\"description\" content=\"Professioneller Boxsack mehrfarbig leer, Pride ist eine hochwertige Tasche f\u00fcr das Training aller Kampfsportarten. Seit zwanzig Jahren die begehrteste Serie auf dem Markt, jetzt in Multicolor.\" \/>\n<meta name=\"robots\" content=\"index, follow, max-snippet:-1, max-image-preview:large, max-video-preview:-1\" \/>\n<link rel=\"canonical\" href=\"https:\/\/prideshop.eu\/de\/shop\/equipment-de\/trainingsgerate\/boxsacke\/professioneller-boxsack-mehrfarbig-leer-pride\/\" \/>\n<meta property=\"og:locale\" content=\"de_DE\" \/>\n<meta property=\"og:type\" content=\"article\" \/>\n<meta property=\"og:title\" content=\"Leerer Profi\u2013Boxsack Pride \u2013 MultiPro - PRIDEshop\" \/>\n<meta property=\"og:description\" content=\"Professioneller Boxsack mehrfarbig leer, Pride ist eine hochwertige Tasche f\u00fcr das Training aller Kampfsportarten. Seit zwanzig Jahren die begehrteste Serie auf dem Markt, jetzt in Multicolor.\" \/>\n<meta property=\"og:url\" content=\"https:\/\/prideshop.eu\/de\/shop\/equipment-de\/trainingsgerate\/boxsacke\/professioneller-boxsack-mehrfarbig-leer-pride\/\" \/>\n<meta property=\"og:site_name\" content=\"PRIDEshop\" \/>\n<meta property=\"article:publisher\" content=\"https:\/\/sl-si.facebook.com\/PrideShopeu\" \/>\n<meta property=\"article:modified_time\" content=\"2025-08-04T08:44:11+00:00\" \/>\n<meta property=\"og:image\" content=\"https:\/\/prideshop.eu\/wp-content\/uploads\/2022\/12\/profesionalna-boksarska-vreca-multicolor-prazna-pride-1020.jpg\" \/>\n\t<meta property=\"og:image:width\" content=\"1000\" \/>\n\t<meta property=\"og:image:height\" content=\"1000\" \/>\n\t<meta property=\"og:image:type\" content=\"image\/jpeg\" \/>\n<meta name=\"twitter:card\" content=\"summary_large_image\" \/>\n<meta name=\"twitter:label1\" content=\"Gesch\u00e4tzte Lesezeit\" \/>\n\t<meta name=\"twitter:data1\" content=\"1\u00a0Minute\" \/>\n<script type=\"application\/ld+json\" class=\"yoast-schema-graph\">{\"@context\":\"https:\\\/\\\/schema.org\",\"@graph\":[{\"@type\":\"WebPage\",\"@id\":\"https:\\\/\\\/prideshop.eu\\\/de\\\/shop\\\/equipment-de\\\/trainingsgerate\\\/boxsacke\\\/professioneller-boxsack-mehrfarbig-leer-pride\\\/\",\"url\":\"https:\\\/\\\/prideshop.eu\\\/de\\\/shop\\\/equipment-de\\\/trainingsgerate\\\/boxsacke\\\/professioneller-boxsack-mehrfarbig-leer-pride\\\/\",\"name\":\"Leerer Profi\u2013Boxsack Pride \u2013 MultiPro - PRIDEshop\",\"isPartOf\":{\"@id\":\"https:\\\/\\\/prideshop.eu\\\/de\\\/#website\"},\"primaryImageOfPage\":{\"@id\":\"https:\\\/\\\/prideshop.eu\\\/de\\\/shop\\\/equipment-de\\\/trainingsgerate\\\/boxsacke\\\/professioneller-boxsack-mehrfarbig-leer-pride\\\/#primaryimage\"},\"image\":{\"@id\":\"https:\\\/\\\/prideshop.eu\\\/de\\\/shop\\\/equipment-de\\\/trainingsgerate\\\/boxsacke\\\/professioneller-boxsack-mehrfarbig-leer-pride\\\/#primaryimage\"},\"thumbnailUrl\":\"https:\\\/\\\/prideshop.eu\\\/wp-content\\\/uploads\\\/2022\\\/12\\\/profesionalna-boksarska-vreca-multicolor-prazna-pride-1020.jpg\",\"datePublished\":\"2022-12-08T18:47:06+00:00\",\"dateModified\":\"2025-08-04T08:44:11+00:00\",\"description\":\"Professioneller Boxsack mehrfarbig leer, Pride ist eine hochwertige Tasche f\u00fcr das Training aller Kampfsportarten. Seit zwanzig Jahren die begehrteste Serie auf dem Markt, jetzt in Multicolor.\",\"breadcrumb\":{\"@id\":\"https:\\\/\\\/prideshop.eu\\\/de\\\/shop\\\/equipment-de\\\/trainingsgerate\\\/boxsacke\\\/professioneller-boxsack-mehrfarbig-leer-pride\\\/#breadcrumb\"},\"inLanguage\":\"de\",\"potentialAction\":[{\"@type\":\"ReadAction\",\"target\":[\"https:\\\/\\\/prideshop.eu\\\/de\\\/shop\\\/equipment-de\\\/trainingsgerate\\\/boxsacke\\\/professioneller-boxsack-mehrfarbig-leer-pride\\\/\"]}]},{\"@type\":\"ImageObject\",\"inLanguage\":\"de\",\"@id\":\"https:\\\/\\\/prideshop.eu\\\/de\\\/shop\\\/equipment-de\\\/trainingsgerate\\\/boxsacke\\\/professioneller-boxsack-mehrfarbig-leer-pride\\\/#primaryimage\",\"url\":\"https:\\\/\\\/prideshop.eu\\\/wp-content\\\/uploads\\\/2022\\\/12\\\/profesionalna-boksarska-vreca-multicolor-prazna-pride-1020.jpg\",\"contentUrl\":\"https:\\\/\\\/prideshop.eu\\\/wp-content\\\/uploads\\\/2022\\\/12\\\/profesionalna-boksarska-vreca-multicolor-prazna-pride-1020.jpg\",\"width\":1000,\"height\":1000,\"caption\":\"Pro Boxsack Heavy-Soft Bicolor \u2013 gef\u00fcllt mit Gummigranulat PRIDE\"},{\"@type\":\"BreadcrumbList\",\"@id\":\"https:\\\/\\\/prideshop.eu\\\/de\\\/shop\\\/equipment-de\\\/trainingsgerate\\\/boxsacke\\\/professioneller-boxsack-mehrfarbig-leer-pride\\\/#breadcrumb\",\"itemListElement\":[{\"@type\":\"ListItem\",\"position\":1,\"name\":\"Home\",\"item\":\"https:\\\/\\\/prideshop.eu\\\/de\\\/\"},{\"@type\":\"ListItem\",\"position\":2,\"name\":\"Gesch\u00e4ft\",\"item\":\"https:\\\/\\\/prideshop.eu\\\/de\\\/geschaeft\\\/\"},{\"@type\":\"ListItem\",\"position\":3,\"name\":\"Leerer Profi\u2013Boxsack Pride \u2013 MultiPro\"}]},{\"@type\":\"WebSite\",\"@id\":\"https:\\\/\\\/prideshop.eu\\\/de\\\/#website\",\"url\":\"https:\\\/\\\/prideshop.eu\\\/de\\\/\",\"name\":\"PRIDEshop\",\"description\":\"Oprema za Borilne \u0160porte\",\"publisher\":{\"@id\":\"https:\\\/\\\/prideshop.eu\\\/de\\\/#organization\"},\"potentialAction\":[{\"@type\":\"SearchAction\",\"target\":{\"@type\":\"EntryPoint\",\"urlTemplate\":\"https:\\\/\\\/prideshop.eu\\\/de\\\/?s={search_term_string}\"},\"query-input\":{\"@type\":\"PropertyValueSpecification\",\"valueRequired\":true,\"valueName\":\"search_term_string\"}}],\"inLanguage\":\"de\"},{\"@type\":\"Organization\",\"@id\":\"https:\\\/\\\/prideshop.eu\\\/de\\\/#organization\",\"name\":\"PRIDEshop\",\"url\":\"https:\\\/\\\/prideshop.eu\\\/de\\\/\",\"logo\":{\"@type\":\"ImageObject\",\"inLanguage\":\"de\",\"@id\":\"https:\\\/\\\/prideshop.eu\\\/de\\\/#\\\/schema\\\/logo\\\/image\\\/\",\"url\":\"\",\"contentUrl\":\"\",\"caption\":\"PRIDEshop\"},\"image\":{\"@id\":\"https:\\\/\\\/prideshop.eu\\\/de\\\/#\\\/schema\\\/logo\\\/image\\\/\"},\"sameAs\":[\"https:\\\/\\\/sl-si.facebook.com\\\/PrideShopeu\"]}]}<\/script>\n<!-- \/ Yoast SEO plugin. -->","yoast_head_json":{"title":"Leerer Profi\u2013Boxsack Pride \u2013 MultiPro - PRIDEshop","description":"Professioneller Boxsack mehrfarbig leer, Pride ist eine hochwertige Tasche f\u00fcr das Training aller Kampfsportarten. Seit zwanzig Jahren die begehrteste Serie auf dem Markt, jetzt in Multicolor.","robots":{"index":"index","follow":"follow","max-snippet":"max-snippet:-1","max-image-preview":"max-image-preview:large","max-video-preview":"max-video-preview:-1"},"canonical":"https:\/\/prideshop.eu\/de\/shop\/equipment-de\/trainingsgerate\/boxsacke\/professioneller-boxsack-mehrfarbig-leer-pride\/","og_locale":"de_DE","og_type":"article","og_title":"Leerer Profi\u2013Boxsack Pride \u2013 MultiPro - PRIDEshop","og_description":"Professioneller Boxsack mehrfarbig leer, Pride ist eine hochwertige Tasche f\u00fcr das Training aller Kampfsportarten. Seit zwanzig Jahren die begehrteste Serie auf dem Markt, jetzt in Multicolor.","og_url":"https:\/\/prideshop.eu\/de\/shop\/equipment-de\/trainingsgerate\/boxsacke\/professioneller-boxsack-mehrfarbig-leer-pride\/","og_site_name":"PRIDEshop","article_publisher":"https:\/\/sl-si.facebook.com\/PrideShopeu","article_modified_time":"2025-08-04T08:44:11+00:00","og_image":[{"width":1000,"height":1000,"url":"https:\/\/prideshop.eu\/wp-content\/uploads\/2022\/12\/profesionalna-boksarska-vreca-multicolor-prazna-pride-1020.jpg","type":"image\/jpeg"}],"twitter_card":"summary_large_image","twitter_misc":{"Gesch\u00e4tzte Lesezeit":"1\u00a0Minute"},"schema":{"@context":"https:\/\/schema.org","@graph":[{"@type":"WebPage","@id":"https:\/\/prideshop.eu\/de\/shop\/equipment-de\/trainingsgerate\/boxsacke\/professioneller-boxsack-mehrfarbig-leer-pride\/","url":"https:\/\/prideshop.eu\/de\/shop\/equipment-de\/trainingsgerate\/boxsacke\/professioneller-boxsack-mehrfarbig-leer-pride\/","name":"Leerer Profi\u2013Boxsack Pride \u2013 MultiPro - PRIDEshop","isPartOf":{"@id":"https:\/\/prideshop.eu\/de\/#website"},"primaryImageOfPage":{"@id":"https:\/\/prideshop.eu\/de\/shop\/equipment-de\/trainingsgerate\/boxsacke\/professioneller-boxsack-mehrfarbig-leer-pride\/#primaryimage"},"image":{"@id":"https:\/\/prideshop.eu\/de\/shop\/equipment-de\/trainingsgerate\/boxsacke\/professioneller-boxsack-mehrfarbig-leer-pride\/#primaryimage"},"thumbnailUrl":"https:\/\/prideshop.eu\/wp-content\/uploads\/2022\/12\/profesionalna-boksarska-vreca-multicolor-prazna-pride-1020.jpg","datePublished":"2022-12-08T18:47:06+00:00","dateModified":"2025-08-04T08:44:11+00:00","description":"Professioneller Boxsack mehrfarbig leer, Pride ist eine hochwertige Tasche f\u00fcr das Training aller Kampfsportarten. Seit zwanzig Jahren die begehrteste Serie auf dem Markt, jetzt in Multicolor.","breadcrumb":{"@id":"https:\/\/prideshop.eu\/de\/shop\/equipment-de\/trainingsgerate\/boxsacke\/professioneller-boxsack-mehrfarbig-leer-pride\/#breadcrumb"},"inLanguage":"de","potentialAction":[{"@type":"ReadAction","target":["https:\/\/prideshop.eu\/de\/shop\/equipment-de\/trainingsgerate\/boxsacke\/professioneller-boxsack-mehrfarbig-leer-pride\/"]}]},{"@type":"ImageObject","inLanguage":"de","@id":"https:\/\/prideshop.eu\/de\/shop\/equipment-de\/trainingsgerate\/boxsacke\/professioneller-boxsack-mehrfarbig-leer-pride\/#primaryimage","url":"https:\/\/prideshop.eu\/wp-content\/uploads\/2022\/12\/profesionalna-boksarska-vreca-multicolor-prazna-pride-1020.jpg","contentUrl":"https:\/\/prideshop.eu\/wp-content\/uploads\/2022\/12\/profesionalna-boksarska-vreca-multicolor-prazna-pride-1020.jpg","width":1000,"height":1000,"caption":"Pro Boxsack Heavy-Soft Bicolor \u2013 gef\u00fcllt mit Gummigranulat PRIDE"},{"@type":"BreadcrumbList","@id":"https:\/\/prideshop.eu\/de\/shop\/equipment-de\/trainingsgerate\/boxsacke\/professioneller-boxsack-mehrfarbig-leer-pride\/#breadcrumb","itemListElement":[{"@type":"ListItem","position":1,"name":"Home","item":"https:\/\/prideshop.eu\/de\/"},{"@type":"ListItem","position":2,"name":"Gesch\u00e4ft","item":"https:\/\/prideshop.eu\/de\/geschaeft\/"},{"@type":"ListItem","position":3,"name":"Leerer Profi\u2013Boxsack Pride \u2013 MultiPro"}]},{"@type":"WebSite","@id":"https:\/\/prideshop.eu\/de\/#website","url":"https:\/\/prideshop.eu\/de\/","name":"PRIDEshop","description":"Oprema za Borilne \u0160porte","publisher":{"@id":"https:\/\/prideshop.eu\/de\/#organization"},"potentialAction":[{"@type":"SearchAction","target":{"@type":"EntryPoint","urlTemplate":"https:\/\/prideshop.eu\/de\/?s={search_term_string}"},"query-input":{"@type":"PropertyValueSpecification","valueRequired":true,"valueName":"search_term_string"}}],"inLanguage":"de"},{"@type":"Organization","@id":"https:\/\/prideshop.eu\/de\/#organization","name":"PRIDEshop","url":"https:\/\/prideshop.eu\/de\/","logo":{"@type":"ImageObject","inLanguage":"de","@id":"https:\/\/prideshop.eu\/de\/#\/schema\/logo\/image\/","url":"","contentUrl":"","caption":"PRIDEshop"},"image":{"@id":"https:\/\/prideshop.eu\/de\/#\/schema\/logo\/image\/"},"sameAs":["https:\/\/sl-si.facebook.com\/PrideShopeu"]}]}},"_links":{"self":[{"href":"https:\/\/prideshop.eu\/de\/wp-json\/wp\/v2\/product\/41023","targetHints":{"allow":["GET"]}}],"collection":[{"href":"https:\/\/prideshop.eu\/de\/wp-json\/wp\/v2\/product"}],"about":[{"href":"https:\/\/prideshop.eu\/de\/wp-json\/wp\/v2\/types\/product"}],"replies":[{"embeddable":true,"href":"https:\/\/prideshop.eu\/de\/wp-json\/wp\/v2\/comments?post=41023"}],"wp:featuredmedia":[{"embeddable":true,"href":"https:\/\/prideshop.eu\/de\/wp-json\/wp\/v2\/media\/41080"}],"wp:attachment":[{"href":"https:\/\/prideshop.eu\/de\/wp-json\/wp\/v2\/media?parent=41023"}],"wp:term":[{"taxonomy":"product_brand","embeddable":true,"href":"https:\/\/prideshop.eu\/de\/wp-json\/wp\/v2\/product_brand?post=41023"},{"taxonomy":"product_cat","embeddable":true,"href":"https:\/\/prideshop.eu\/de\/wp-json\/wp\/v2\/product_cat?post=41023"},{"taxonomy":"product_tag","embeddable":true,"href":"https:\/\/prideshop.eu\/de\/wp-json\/wp\/v2\/product_tag?post=41023"}],"curies":[{"name":"wp","href":"https:\/\/api.w.org\/{rel}","templated":true}]}}