{"id":41149,"date":"2022-12-10T21:51:31","date_gmt":"2022-12-10T20:51:31","guid":{"rendered":"https:\/\/prideshop.eu\/?post_type=product&#038;p=41149"},"modified":"2026-05-08T11:05:57","modified_gmt":"2026-05-08T09:05:57","slug":"boxsack-bronx-leer-pride","status":"publish","type":"product","link":"https:\/\/prideshop.eu\/de\/shop\/equipment-de\/trainingsgerate\/boxsacke\/boxsack-bronx-leer-pride\/","title":{"rendered":"Leerer Boxsack Pride \u2013 Bronx"},"content":{"rendered":"<p>Der leere Boxsack Bronx von Pride ist ein robuster Trainingssack, der sich ideal<br \/>\nf\u00fcr individuelles Box- und Kampfsporttraining eignet. Er wurde f\u00fcr Sportler<br \/>\nentwickelt, die ihren Boxsack selbst bef\u00fcllen und das Gewicht optimal an ihre<br \/>\nTrainingsbed\u00fcrfnisse anpassen m\u00f6chten.<\/p>\n<p>Der Boxsack besteht aus strapazierf\u00e4higem NT-Kunstleder und ist f\u00fcr regelm\u00e4\u00dfige,<br \/>\nintensive Belastung ausgelegt. Die hochwertige Verarbeitung sorgt f\u00fcr eine lange<br \/>\nLebensdauer auch bei h\u00e4ufigem Einsatz.<\/p>\n<h3>Stabile Aufh\u00e4ngung mit Metallbefestigung<\/h3>\n<p>Der Boxsack wird an vier stabilen Streifen mit einer festen Metallaufh\u00e4ngung<br \/>\nbefestigt. Diese Konstruktion sorgt f\u00fcr sicheren Halt und eine gleichm\u00e4\u00dfige<br \/>\nGewichtsverteilung w\u00e4hrend des Trainings.<\/p>\n<h3>Doppelter Boden zur Befestigung von Zubeh\u00f6r<\/h3>\n<p>Am unteren Ende des Boxsacks befindet sich eine doppelte Verst\u00e4rkung, die es<br \/>\nerm\u00f6glicht, zus\u00e4tzliches Trainingszubeh\u00f6r wie zum Beispiel einen Speedball<br \/>\noder andere Requisiten anzubringen.<\/p>\n<h3>Unterschiedliche Durchmesser je nach Gr\u00f6\u00dfe<\/h3>\n<p><strong>Durchmesser 33\u00a0cm:<\/strong> f\u00fcr L\u00e4ngen von ca. 72\u00a0\u2013\u00a0178\u00a0cm<br \/>\n<strong>Durchmesser 31\u00a0cm:<\/strong> f\u00fcr die L\u00e4nge 72\u00a0cm<\/p>\n","protected":false},"excerpt":{"rendered":"<p>Boxsack Bronx leer, Pride aus Kunstleder NT es h\u00e4ngt an 4 Streifen mit einer festen Metallbefestigung. Das doppelte Ende auf dem \u00e4u\u00dferen Teil des Sackbodens erm\u00f6glicht es, andere Requisiten, wie zum Beispiel einen schnellen Ball, anzubringennDurchmesser 33 cm (f\u00fcr Vel 72\u2013178 cm)nDurchmesser 31 cm (f\u00fcr Vel vel 72 cm)nBoxs\u00e4cke 178 und 150 sind nur in schwarz erh\u00e4ltlich<\/p>\n","protected":false},"featured_media":41162,"comment_status":"open","ping_status":"closed","template":"","meta":{"_acf_changed":false},"product_brand":[2086],"product_cat":[622,580,616],"product_tag":[],"class_list":{"0":"post-41149","1":"product","2":"type-product","3":"status-publish","4":"has-post-thumbnail","6":"product_brand-pride","7":"product_cat-boxsacke","8":"product_cat-equipment-de","9":"product_cat-trainingsgerate","10":"product_shipping_class-nofreeshipping","12":"first","13":"instock","14":"featured","15":"taxable","16":"shipping-taxable","17":"purchasable","18":"product-type-variable"},"acf":[],"yoast_head":"<!-- This site is optimized with the Yoast SEO plugin v27.5 - https:\/\/yoast.com\/product\/yoast-seo-wordpress\/ -->\n<title>Leerer Boxsack Pride \u2013 Bronx - PRIDEshop<\/title>\n<meta name=\"description\" content=\"Boxsack Bronx leer, Pride aus Kunstleder NT es h\u00e4ngt an 4 Streifen mit einer festen Metallbefestigung.\" \/>\n<meta name=\"robots\" content=\"index, follow, max-snippet:-1, max-image-preview:large, max-video-preview:-1\" \/>\n<link rel=\"canonical\" href=\"https:\/\/prideshop.eu\/de\/shop\/equipment-de\/trainingsgerate\/boxsacke\/boxsack-bronx-leer-pride\/\" \/>\n<meta property=\"og:locale\" content=\"de_DE\" \/>\n<meta property=\"og:type\" content=\"article\" \/>\n<meta property=\"og:title\" content=\"Leerer Boxsack Pride \u2013 Bronx - PRIDEshop\" \/>\n<meta property=\"og:description\" content=\"Boxsack Bronx leer, Pride aus Kunstleder NT es h\u00e4ngt an 4 Streifen mit einer festen Metallbefestigung.\" \/>\n<meta property=\"og:url\" content=\"https:\/\/prideshop.eu\/de\/shop\/equipment-de\/trainingsgerate\/boxsacke\/boxsack-bronx-leer-pride\/\" \/>\n<meta property=\"og:site_name\" content=\"PRIDEshop\" \/>\n<meta property=\"article:publisher\" content=\"https:\/\/sl-si.facebook.com\/PrideShopeu\" \/>\n<meta property=\"article:modified_time\" content=\"2026-05-08T09:05:57+00:00\" \/>\n<meta property=\"og:image\" content=\"https:\/\/prideshop.eu\/wp-content\/uploads\/2022\/12\/boks-vreca-bronx-prazna-pride-1111.jpg\" \/>\n\t<meta property=\"og:image:width\" content=\"600\" \/>\n\t<meta property=\"og:image:height\" content=\"600\" \/>\n\t<meta property=\"og:image:type\" content=\"image\/jpeg\" \/>\n<meta name=\"twitter:card\" content=\"summary_large_image\" \/>\n<meta name=\"twitter:label1\" content=\"Gesch\u00e4tzte Lesezeit\" \/>\n\t<meta name=\"twitter:data1\" content=\"1\u00a0Minute\" \/>\n<script type=\"application\/ld+json\" class=\"yoast-schema-graph\">{\"@context\":\"https:\\\/\\\/schema.org\",\"@graph\":[{\"@type\":\"WebPage\",\"@id\":\"https:\\\/\\\/prideshop.eu\\\/de\\\/shop\\\/equipment-de\\\/trainingsgerate\\\/boxsacke\\\/boxsack-bronx-leer-pride\\\/\",\"url\":\"https:\\\/\\\/prideshop.eu\\\/de\\\/shop\\\/equipment-de\\\/trainingsgerate\\\/boxsacke\\\/boxsack-bronx-leer-pride\\\/\",\"name\":\"Leerer Boxsack Pride \u2013 Bronx - PRIDEshop\",\"isPartOf\":{\"@id\":\"https:\\\/\\\/prideshop.eu\\\/de\\\/#website\"},\"primaryImageOfPage\":{\"@id\":\"https:\\\/\\\/prideshop.eu\\\/de\\\/shop\\\/equipment-de\\\/trainingsgerate\\\/boxsacke\\\/boxsack-bronx-leer-pride\\\/#primaryimage\"},\"image\":{\"@id\":\"https:\\\/\\\/prideshop.eu\\\/de\\\/shop\\\/equipment-de\\\/trainingsgerate\\\/boxsacke\\\/boxsack-bronx-leer-pride\\\/#primaryimage\"},\"thumbnailUrl\":\"https:\\\/\\\/prideshop.eu\\\/wp-content\\\/uploads\\\/2022\\\/12\\\/boks-vreca-bronx-prazna-pride-1111.jpg\",\"datePublished\":\"2022-12-10T20:51:31+00:00\",\"dateModified\":\"2026-05-08T09:05:57+00:00\",\"description\":\"Boxsack Bronx leer, Pride aus Kunstleder NT es h\u00e4ngt an 4 Streifen mit einer festen Metallbefestigung.\",\"breadcrumb\":{\"@id\":\"https:\\\/\\\/prideshop.eu\\\/de\\\/shop\\\/equipment-de\\\/trainingsgerate\\\/boxsacke\\\/boxsack-bronx-leer-pride\\\/#breadcrumb\"},\"inLanguage\":\"de\",\"potentialAction\":[{\"@type\":\"ReadAction\",\"target\":[\"https:\\\/\\\/prideshop.eu\\\/de\\\/shop\\\/equipment-de\\\/trainingsgerate\\\/boxsacke\\\/boxsack-bronx-leer-pride\\\/\"]}]},{\"@type\":\"ImageObject\",\"inLanguage\":\"de\",\"@id\":\"https:\\\/\\\/prideshop.eu\\\/de\\\/shop\\\/equipment-de\\\/trainingsgerate\\\/boxsacke\\\/boxsack-bronx-leer-pride\\\/#primaryimage\",\"url\":\"https:\\\/\\\/prideshop.eu\\\/wp-content\\\/uploads\\\/2022\\\/12\\\/boks-vreca-bronx-prazna-pride-1111.jpg\",\"contentUrl\":\"https:\\\/\\\/prideshop.eu\\\/wp-content\\\/uploads\\\/2022\\\/12\\\/boks-vreca-bronx-prazna-pride-1111.jpg\",\"width\":600,\"height\":600,\"caption\":\"Boxsack Bronx leer Pride\"},{\"@type\":\"BreadcrumbList\",\"@id\":\"https:\\\/\\\/prideshop.eu\\\/de\\\/shop\\\/equipment-de\\\/trainingsgerate\\\/boxsacke\\\/boxsack-bronx-leer-pride\\\/#breadcrumb\",\"itemListElement\":[{\"@type\":\"ListItem\",\"position\":1,\"name\":\"Home\",\"item\":\"https:\\\/\\\/prideshop.eu\\\/de\\\/\"},{\"@type\":\"ListItem\",\"position\":2,\"name\":\"Gesch\u00e4ft\",\"item\":\"https:\\\/\\\/prideshop.eu\\\/de\\\/geschaeft\\\/\"},{\"@type\":\"ListItem\",\"position\":3,\"name\":\"Leerer Boxsack Pride \u2013 Bronx\"}]},{\"@type\":\"WebSite\",\"@id\":\"https:\\\/\\\/prideshop.eu\\\/de\\\/#website\",\"url\":\"https:\\\/\\\/prideshop.eu\\\/de\\\/\",\"name\":\"PRIDEshop\",\"description\":\"Oprema za Borilne \u0160porte\",\"publisher\":{\"@id\":\"https:\\\/\\\/prideshop.eu\\\/de\\\/#organization\"},\"potentialAction\":[{\"@type\":\"SearchAction\",\"target\":{\"@type\":\"EntryPoint\",\"urlTemplate\":\"https:\\\/\\\/prideshop.eu\\\/de\\\/?s={search_term_string}\"},\"query-input\":{\"@type\":\"PropertyValueSpecification\",\"valueRequired\":true,\"valueName\":\"search_term_string\"}}],\"inLanguage\":\"de\"},{\"@type\":\"Organization\",\"@id\":\"https:\\\/\\\/prideshop.eu\\\/de\\\/#organization\",\"name\":\"PRIDEshop\",\"url\":\"https:\\\/\\\/prideshop.eu\\\/de\\\/\",\"logo\":{\"@type\":\"ImageObject\",\"inLanguage\":\"de\",\"@id\":\"https:\\\/\\\/prideshop.eu\\\/de\\\/#\\\/schema\\\/logo\\\/image\\\/\",\"url\":\"\",\"contentUrl\":\"\",\"caption\":\"PRIDEshop\"},\"image\":{\"@id\":\"https:\\\/\\\/prideshop.eu\\\/de\\\/#\\\/schema\\\/logo\\\/image\\\/\"},\"sameAs\":[\"https:\\\/\\\/sl-si.facebook.com\\\/PrideShopeu\"]}]}<\/script>\n<!-- \/ Yoast SEO plugin. -->","yoast_head_json":{"title":"Leerer Boxsack Pride \u2013 Bronx - PRIDEshop","description":"Boxsack Bronx leer, Pride aus Kunstleder NT es h\u00e4ngt an 4 Streifen mit einer festen Metallbefestigung.","robots":{"index":"index","follow":"follow","max-snippet":"max-snippet:-1","max-image-preview":"max-image-preview:large","max-video-preview":"max-video-preview:-1"},"canonical":"https:\/\/prideshop.eu\/de\/shop\/equipment-de\/trainingsgerate\/boxsacke\/boxsack-bronx-leer-pride\/","og_locale":"de_DE","og_type":"article","og_title":"Leerer Boxsack Pride \u2013 Bronx - PRIDEshop","og_description":"Boxsack Bronx leer, Pride aus Kunstleder NT es h\u00e4ngt an 4 Streifen mit einer festen Metallbefestigung.","og_url":"https:\/\/prideshop.eu\/de\/shop\/equipment-de\/trainingsgerate\/boxsacke\/boxsack-bronx-leer-pride\/","og_site_name":"PRIDEshop","article_publisher":"https:\/\/sl-si.facebook.com\/PrideShopeu","article_modified_time":"2026-05-08T09:05:57+00:00","og_image":[{"width":600,"height":600,"url":"https:\/\/prideshop.eu\/wp-content\/uploads\/2022\/12\/boks-vreca-bronx-prazna-pride-1111.jpg","type":"image\/jpeg"}],"twitter_card":"summary_large_image","twitter_misc":{"Gesch\u00e4tzte Lesezeit":"1\u00a0Minute"},"schema":{"@context":"https:\/\/schema.org","@graph":[{"@type":"WebPage","@id":"https:\/\/prideshop.eu\/de\/shop\/equipment-de\/trainingsgerate\/boxsacke\/boxsack-bronx-leer-pride\/","url":"https:\/\/prideshop.eu\/de\/shop\/equipment-de\/trainingsgerate\/boxsacke\/boxsack-bronx-leer-pride\/","name":"Leerer Boxsack Pride \u2013 Bronx - PRIDEshop","isPartOf":{"@id":"https:\/\/prideshop.eu\/de\/#website"},"primaryImageOfPage":{"@id":"https:\/\/prideshop.eu\/de\/shop\/equipment-de\/trainingsgerate\/boxsacke\/boxsack-bronx-leer-pride\/#primaryimage"},"image":{"@id":"https:\/\/prideshop.eu\/de\/shop\/equipment-de\/trainingsgerate\/boxsacke\/boxsack-bronx-leer-pride\/#primaryimage"},"thumbnailUrl":"https:\/\/prideshop.eu\/wp-content\/uploads\/2022\/12\/boks-vreca-bronx-prazna-pride-1111.jpg","datePublished":"2022-12-10T20:51:31+00:00","dateModified":"2026-05-08T09:05:57+00:00","description":"Boxsack Bronx leer, Pride aus Kunstleder NT es h\u00e4ngt an 4 Streifen mit einer festen Metallbefestigung.","breadcrumb":{"@id":"https:\/\/prideshop.eu\/de\/shop\/equipment-de\/trainingsgerate\/boxsacke\/boxsack-bronx-leer-pride\/#breadcrumb"},"inLanguage":"de","potentialAction":[{"@type":"ReadAction","target":["https:\/\/prideshop.eu\/de\/shop\/equipment-de\/trainingsgerate\/boxsacke\/boxsack-bronx-leer-pride\/"]}]},{"@type":"ImageObject","inLanguage":"de","@id":"https:\/\/prideshop.eu\/de\/shop\/equipment-de\/trainingsgerate\/boxsacke\/boxsack-bronx-leer-pride\/#primaryimage","url":"https:\/\/prideshop.eu\/wp-content\/uploads\/2022\/12\/boks-vreca-bronx-prazna-pride-1111.jpg","contentUrl":"https:\/\/prideshop.eu\/wp-content\/uploads\/2022\/12\/boks-vreca-bronx-prazna-pride-1111.jpg","width":600,"height":600,"caption":"Boxsack Bronx leer Pride"},{"@type":"BreadcrumbList","@id":"https:\/\/prideshop.eu\/de\/shop\/equipment-de\/trainingsgerate\/boxsacke\/boxsack-bronx-leer-pride\/#breadcrumb","itemListElement":[{"@type":"ListItem","position":1,"name":"Home","item":"https:\/\/prideshop.eu\/de\/"},{"@type":"ListItem","position":2,"name":"Gesch\u00e4ft","item":"https:\/\/prideshop.eu\/de\/geschaeft\/"},{"@type":"ListItem","position":3,"name":"Leerer Boxsack Pride \u2013 Bronx"}]},{"@type":"WebSite","@id":"https:\/\/prideshop.eu\/de\/#website","url":"https:\/\/prideshop.eu\/de\/","name":"PRIDEshop","description":"Oprema za Borilne \u0160porte","publisher":{"@id":"https:\/\/prideshop.eu\/de\/#organization"},"potentialAction":[{"@type":"SearchAction","target":{"@type":"EntryPoint","urlTemplate":"https:\/\/prideshop.eu\/de\/?s={search_term_string}"},"query-input":{"@type":"PropertyValueSpecification","valueRequired":true,"valueName":"search_term_string"}}],"inLanguage":"de"},{"@type":"Organization","@id":"https:\/\/prideshop.eu\/de\/#organization","name":"PRIDEshop","url":"https:\/\/prideshop.eu\/de\/","logo":{"@type":"ImageObject","inLanguage":"de","@id":"https:\/\/prideshop.eu\/de\/#\/schema\/logo\/image\/","url":"","contentUrl":"","caption":"PRIDEshop"},"image":{"@id":"https:\/\/prideshop.eu\/de\/#\/schema\/logo\/image\/"},"sameAs":["https:\/\/sl-si.facebook.com\/PrideShopeu"]}]}},"_links":{"self":[{"href":"https:\/\/prideshop.eu\/de\/wp-json\/wp\/v2\/product\/41149","targetHints":{"allow":["GET"]}}],"collection":[{"href":"https:\/\/prideshop.eu\/de\/wp-json\/wp\/v2\/product"}],"about":[{"href":"https:\/\/prideshop.eu\/de\/wp-json\/wp\/v2\/types\/product"}],"replies":[{"embeddable":true,"href":"https:\/\/prideshop.eu\/de\/wp-json\/wp\/v2\/comments?post=41149"}],"wp:featuredmedia":[{"embeddable":true,"href":"https:\/\/prideshop.eu\/de\/wp-json\/wp\/v2\/media\/41162"}],"wp:attachment":[{"href":"https:\/\/prideshop.eu\/de\/wp-json\/wp\/v2\/media?parent=41149"}],"wp:term":[{"taxonomy":"product_brand","embeddable":true,"href":"https:\/\/prideshop.eu\/de\/wp-json\/wp\/v2\/product_brand?post=41149"},{"taxonomy":"product_cat","embeddable":true,"href":"https:\/\/prideshop.eu\/de\/wp-json\/wp\/v2\/product_cat?post=41149"},{"taxonomy":"product_tag","embeddable":true,"href":"https:\/\/prideshop.eu\/de\/wp-json\/wp\/v2\/product_tag?post=41149"}],"curies":[{"name":"wp","href":"https:\/\/api.w.org\/{rel}","templated":true}]}}