{"id":41410,"date":"2022-12-10T20:49:05","date_gmt":"2022-12-10T19:49:05","guid":{"rendered":"https:\/\/prideshop.eu\/spletna-trgovina\/unkategorisiert\/pro-zahnschutz-anatomisch-auch-fur-zahnspangen-pride\/"},"modified":"2025-08-04T10:57:07","modified_gmt":"2025-08-04T08:57:07","slug":"pro-zahnschutz-anatomisch-auch-fur-zahnspangen-pride","status":"publish","type":"product","link":"https:\/\/prideshop.eu\/de\/shop\/sportarten\/itf-taekwondo-traditonelles-taekwondo\/taekwondo-itf-schutzausrustung\/pro-zahnschutz-anatomisch-auch-fur-zahnspangen-pride\/","title":{"rendered":"Pro Zahnschutz anatomisch, auch f\u00fcr Zahnspange geeignet Pride \u2013 OrthoShield"},"content":{"rendered":"<h3>Pro Zahnschutz anatomisch, auch f\u00fcr Zahnspange geeignet Pride \u2013 OrthoShield<\/h3>\n<p>Pro Zahnschutz Anatomisch, auch f\u00fcr Zahnspangen, Pride. Protex Anatomical\u2122. Sch\u00fctzen Sie Ihre Z\u00e4hne und l\u00e4cheln Sie. Extrem effektiver Zahnschutz. Der Fortschritt der Technologie in den letzten Jahren ist einfach erstaunlich und dieser Mundschutz hat sich diese Tatsache zunutze gemacht. Es wird mit einer speziellen Technologie aus biokompatiblen thermoplastischen Polymeren hergestellt, die f\u00fcr au\u00dfergew\u00f6hnlichen Komfort und extrem einfache Handhabung ausgelegt sind. Die exklusive anatomische Form sorgt f\u00fcr einen perfekten Sitz im Mund des Athleten, und das Beste daran ist, dass der Athlet atmen kann. Ab 11 Jahren.<\/p>\n","protected":false},"excerpt":{"rendered":"<p>Pro Zahnschutz Anatomisch, auch f\u00fcr Zahnspangen, Pride. Protex Anatomical\u2122. Sch\u00fctzen Sie Ihre Z\u00e4hne und l\u00e4cheln Sie. Extrem effektiver Zahnschutz. Der Fortschritt der Technologie in den letzten Jahren ist einfach erstaunlich und dieser Mundschutz hat sich diese Tatsache zunutze gemacht. Es wird mit einer speziellen Technologie aus biokompatiblen thermoplastischen Polymeren hergestellt, die f\u00fcr au\u00dfergew\u00f6hnlichen Komfort und extrem einfache Handhabung ausgelegt sind. Die exklusive anatomische Form sorgt f\u00fcr einen perfekten Sitz im Mund des Athleten, und das Beste daran ist, dass der Athlet atmen kann. Ab 11 Jahren.<\/p>\n","protected":false},"featured_media":41125,"comment_status":"open","ping_status":"closed","template":"","meta":{"_acf_changed":false},"product_brand":[2086],"product_cat":[664,580,788,690,698,710,720,722,734,742,744,754,634,678,732,656,798,756,766,778,786,652],"product_tag":[],"class_list":{"0":"post-41410","1":"product","2":"type-product","3":"status-publish","4":"has-post-thumbnail","6":"product_brand-pride","7":"product_cat-boxen","8":"product_cat-equipment-de","9":"product_cat-itf-taekwondo-traditonelles-taekwondo","10":"product_cat-ju-jitsu-de","11":"product_cat-ju-jutsu-schutzausrustung","12":"product_cat-karate-ausruestung","13":"product_cat-karate-schutzausrustung","14":"product_cat-kickboxen","15":"product_cat-krav-maga-de","16":"product_cat-krav-maga-schutzausrustung","17":"product_cat-mma-ultimate-fight-de","18":"product_cat-mma-ultimate-fight-schutzausrustung","19":"product_cat-schutzausrustung","20":"product_cat-schutzausrustung-fur-boxen","21":"product_cat-schutzausrustung-zum-kickboxen","22":"product_cat-sportarten","23":"product_cat-taekwondo-itf-schutzausrustung","24":"product_cat-taekwondo-wt-olypic-sports","25":"product_cat-taekwondo-wt-schutzausrustung","26":"product_cat-thaiboxen","27":"product_cat-thaiboxen-schutzausrustung","28":"product_cat-zahnschutz","30":"first","31":"instock","32":"taxable","33":"shipping-taxable","34":"purchasable","35":"product-type-simple"},"acf":[],"yoast_head":"<!-- This site is optimized with the Yoast SEO plugin v27.5 - https:\/\/yoast.com\/product\/yoast-seo-wordpress\/ -->\n<title>Pro Zahnschutz anatomisch, auch f\u00fcr Zahnspange geeignet Pride \u2013 OrthoShield - PRIDEshop<\/title>\n<meta name=\"description\" content=\"Pro Zahnschutz Anatomisch, auch f\u00fcr Zahnspangen, Pride. Protex Anatomical\u2122. Sch\u00fctzen Sie Ihre Z\u00e4hne und l\u00e4cheln Sie.\" \/>\n<meta name=\"robots\" content=\"index, follow, max-snippet:-1, max-image-preview:large, max-video-preview:-1\" \/>\n<link rel=\"canonical\" href=\"https:\/\/prideshop.eu\/de\/shop\/sportarten\/itf-taekwondo-traditonelles-taekwondo\/taekwondo-itf-schutzausrustung\/pro-zahnschutz-anatomisch-auch-fur-zahnspangen-pride\/\" \/>\n<meta property=\"og:locale\" content=\"de_DE\" \/>\n<meta property=\"og:type\" content=\"article\" \/>\n<meta property=\"og:title\" content=\"Pro Zahnschutz anatomisch, auch f\u00fcr Zahnspange geeignet Pride \u2013 OrthoShield - PRIDEshop\" \/>\n<meta property=\"og:description\" content=\"Pro Zahnschutz Anatomisch, auch f\u00fcr Zahnspangen, Pride. Protex Anatomical\u2122. Sch\u00fctzen Sie Ihre Z\u00e4hne und l\u00e4cheln Sie.\" \/>\n<meta property=\"og:url\" content=\"https:\/\/prideshop.eu\/de\/shop\/sportarten\/itf-taekwondo-traditonelles-taekwondo\/taekwondo-itf-schutzausrustung\/pro-zahnschutz-anatomisch-auch-fur-zahnspangen-pride\/\" \/>\n<meta property=\"og:site_name\" content=\"PRIDEshop\" \/>\n<meta property=\"article:publisher\" content=\"https:\/\/sl-si.facebook.com\/PrideShopeu\" \/>\n<meta property=\"article:modified_time\" content=\"2025-08-04T08:57:07+00:00\" \/>\n<meta property=\"og:image\" content=\"https:\/\/prideshop.eu\/wp-content\/uploads\/2022\/12\/pro-sctnik-za-zobe-anatomical-tudi-za-zobni-aparat-pride.jpg\" \/>\n\t<meta property=\"og:image:width\" content=\"600\" \/>\n\t<meta property=\"og:image:height\" content=\"600\" \/>\n\t<meta property=\"og:image:type\" content=\"image\/jpeg\" \/>\n<meta name=\"twitter:card\" content=\"summary_large_image\" \/>\n<meta name=\"twitter:label1\" content=\"Gesch\u00e4tzte Lesezeit\" \/>\n\t<meta name=\"twitter:data1\" content=\"1\u00a0Minute\" \/>\n<script type=\"application\/ld+json\" class=\"yoast-schema-graph\">{\"@context\":\"https:\\\/\\\/schema.org\",\"@graph\":[{\"@type\":\"WebPage\",\"@id\":\"https:\\\/\\\/prideshop.eu\\\/de\\\/shop\\\/sportarten\\\/itf-taekwondo-traditonelles-taekwondo\\\/taekwondo-itf-schutzausrustung\\\/pro-zahnschutz-anatomisch-auch-fur-zahnspangen-pride\\\/\",\"url\":\"https:\\\/\\\/prideshop.eu\\\/de\\\/shop\\\/sportarten\\\/itf-taekwondo-traditonelles-taekwondo\\\/taekwondo-itf-schutzausrustung\\\/pro-zahnschutz-anatomisch-auch-fur-zahnspangen-pride\\\/\",\"name\":\"Pro Zahnschutz anatomisch, auch f\u00fcr Zahnspange geeignet Pride \u2013 OrthoShield - PRIDEshop\",\"isPartOf\":{\"@id\":\"https:\\\/\\\/prideshop.eu\\\/de\\\/#website\"},\"primaryImageOfPage\":{\"@id\":\"https:\\\/\\\/prideshop.eu\\\/de\\\/shop\\\/sportarten\\\/itf-taekwondo-traditonelles-taekwondo\\\/taekwondo-itf-schutzausrustung\\\/pro-zahnschutz-anatomisch-auch-fur-zahnspangen-pride\\\/#primaryimage\"},\"image\":{\"@id\":\"https:\\\/\\\/prideshop.eu\\\/de\\\/shop\\\/sportarten\\\/itf-taekwondo-traditonelles-taekwondo\\\/taekwondo-itf-schutzausrustung\\\/pro-zahnschutz-anatomisch-auch-fur-zahnspangen-pride\\\/#primaryimage\"},\"thumbnailUrl\":\"https:\\\/\\\/prideshop.eu\\\/wp-content\\\/uploads\\\/2022\\\/12\\\/pro-sctnik-za-zobe-anatomical-tudi-za-zobni-aparat-pride.jpg\",\"datePublished\":\"2022-12-10T19:49:05+00:00\",\"dateModified\":\"2025-08-04T08:57:07+00:00\",\"description\":\"Pro Zahnschutz Anatomisch, auch f\u00fcr Zahnspangen, Pride. Protex Anatomical\u2122. Sch\u00fctzen Sie Ihre Z\u00e4hne und l\u00e4cheln Sie.\",\"breadcrumb\":{\"@id\":\"https:\\\/\\\/prideshop.eu\\\/de\\\/shop\\\/sportarten\\\/itf-taekwondo-traditonelles-taekwondo\\\/taekwondo-itf-schutzausrustung\\\/pro-zahnschutz-anatomisch-auch-fur-zahnspangen-pride\\\/#breadcrumb\"},\"inLanguage\":\"de\",\"potentialAction\":[{\"@type\":\"ReadAction\",\"target\":[\"https:\\\/\\\/prideshop.eu\\\/de\\\/shop\\\/sportarten\\\/itf-taekwondo-traditonelles-taekwondo\\\/taekwondo-itf-schutzausrustung\\\/pro-zahnschutz-anatomisch-auch-fur-zahnspangen-pride\\\/\"]}]},{\"@type\":\"ImageObject\",\"inLanguage\":\"de\",\"@id\":\"https:\\\/\\\/prideshop.eu\\\/de\\\/shop\\\/sportarten\\\/itf-taekwondo-traditonelles-taekwondo\\\/taekwondo-itf-schutzausrustung\\\/pro-zahnschutz-anatomisch-auch-fur-zahnspangen-pride\\\/#primaryimage\",\"url\":\"https:\\\/\\\/prideshop.eu\\\/wp-content\\\/uploads\\\/2022\\\/12\\\/pro-sctnik-za-zobe-anatomical-tudi-za-zobni-aparat-pride.jpg\",\"contentUrl\":\"https:\\\/\\\/prideshop.eu\\\/wp-content\\\/uploads\\\/2022\\\/12\\\/pro-sctnik-za-zobe-anatomical-tudi-za-zobni-aparat-pride.jpg\",\"width\":600,\"height\":600,\"caption\":\"Pro Zahnschutz Anatomisch, auch f\u00fcr Zahnspangen Pride\"},{\"@type\":\"BreadcrumbList\",\"@id\":\"https:\\\/\\\/prideshop.eu\\\/de\\\/shop\\\/sportarten\\\/itf-taekwondo-traditonelles-taekwondo\\\/taekwondo-itf-schutzausrustung\\\/pro-zahnschutz-anatomisch-auch-fur-zahnspangen-pride\\\/#breadcrumb\",\"itemListElement\":[{\"@type\":\"ListItem\",\"position\":1,\"name\":\"Home\",\"item\":\"https:\\\/\\\/prideshop.eu\\\/de\\\/\"},{\"@type\":\"ListItem\",\"position\":2,\"name\":\"Gesch\u00e4ft\",\"item\":\"https:\\\/\\\/prideshop.eu\\\/de\\\/geschaeft\\\/\"},{\"@type\":\"ListItem\",\"position\":3,\"name\":\"Pro Zahnschutz anatomisch, auch f\u00fcr Zahnspange geeignet Pride \u2013 OrthoShield\"}]},{\"@type\":\"WebSite\",\"@id\":\"https:\\\/\\\/prideshop.eu\\\/de\\\/#website\",\"url\":\"https:\\\/\\\/prideshop.eu\\\/de\\\/\",\"name\":\"PRIDEshop\",\"description\":\"Oprema za Borilne \u0160porte\",\"publisher\":{\"@id\":\"https:\\\/\\\/prideshop.eu\\\/de\\\/#organization\"},\"potentialAction\":[{\"@type\":\"SearchAction\",\"target\":{\"@type\":\"EntryPoint\",\"urlTemplate\":\"https:\\\/\\\/prideshop.eu\\\/de\\\/?s={search_term_string}\"},\"query-input\":{\"@type\":\"PropertyValueSpecification\",\"valueRequired\":true,\"valueName\":\"search_term_string\"}}],\"inLanguage\":\"de\"},{\"@type\":\"Organization\",\"@id\":\"https:\\\/\\\/prideshop.eu\\\/de\\\/#organization\",\"name\":\"PRIDEshop\",\"url\":\"https:\\\/\\\/prideshop.eu\\\/de\\\/\",\"logo\":{\"@type\":\"ImageObject\",\"inLanguage\":\"de\",\"@id\":\"https:\\\/\\\/prideshop.eu\\\/de\\\/#\\\/schema\\\/logo\\\/image\\\/\",\"url\":\"\",\"contentUrl\":\"\",\"caption\":\"PRIDEshop\"},\"image\":{\"@id\":\"https:\\\/\\\/prideshop.eu\\\/de\\\/#\\\/schema\\\/logo\\\/image\\\/\"},\"sameAs\":[\"https:\\\/\\\/sl-si.facebook.com\\\/PrideShopeu\"]}]}<\/script>\n<!-- \/ Yoast SEO plugin. -->","yoast_head_json":{"title":"Pro Zahnschutz anatomisch, auch f\u00fcr Zahnspange geeignet Pride \u2013 OrthoShield - PRIDEshop","description":"Pro Zahnschutz Anatomisch, auch f\u00fcr Zahnspangen, Pride. Protex Anatomical\u2122. Sch\u00fctzen Sie Ihre Z\u00e4hne und l\u00e4cheln Sie.","robots":{"index":"index","follow":"follow","max-snippet":"max-snippet:-1","max-image-preview":"max-image-preview:large","max-video-preview":"max-video-preview:-1"},"canonical":"https:\/\/prideshop.eu\/de\/shop\/sportarten\/itf-taekwondo-traditonelles-taekwondo\/taekwondo-itf-schutzausrustung\/pro-zahnschutz-anatomisch-auch-fur-zahnspangen-pride\/","og_locale":"de_DE","og_type":"article","og_title":"Pro Zahnschutz anatomisch, auch f\u00fcr Zahnspange geeignet Pride \u2013 OrthoShield - PRIDEshop","og_description":"Pro Zahnschutz Anatomisch, auch f\u00fcr Zahnspangen, Pride. Protex Anatomical\u2122. Sch\u00fctzen Sie Ihre Z\u00e4hne und l\u00e4cheln Sie.","og_url":"https:\/\/prideshop.eu\/de\/shop\/sportarten\/itf-taekwondo-traditonelles-taekwondo\/taekwondo-itf-schutzausrustung\/pro-zahnschutz-anatomisch-auch-fur-zahnspangen-pride\/","og_site_name":"PRIDEshop","article_publisher":"https:\/\/sl-si.facebook.com\/PrideShopeu","article_modified_time":"2025-08-04T08:57:07+00:00","og_image":[{"width":600,"height":600,"url":"https:\/\/prideshop.eu\/wp-content\/uploads\/2022\/12\/pro-sctnik-za-zobe-anatomical-tudi-za-zobni-aparat-pride.jpg","type":"image\/jpeg"}],"twitter_card":"summary_large_image","twitter_misc":{"Gesch\u00e4tzte Lesezeit":"1\u00a0Minute"},"schema":{"@context":"https:\/\/schema.org","@graph":[{"@type":"WebPage","@id":"https:\/\/prideshop.eu\/de\/shop\/sportarten\/itf-taekwondo-traditonelles-taekwondo\/taekwondo-itf-schutzausrustung\/pro-zahnschutz-anatomisch-auch-fur-zahnspangen-pride\/","url":"https:\/\/prideshop.eu\/de\/shop\/sportarten\/itf-taekwondo-traditonelles-taekwondo\/taekwondo-itf-schutzausrustung\/pro-zahnschutz-anatomisch-auch-fur-zahnspangen-pride\/","name":"Pro Zahnschutz anatomisch, auch f\u00fcr Zahnspange geeignet Pride \u2013 OrthoShield - PRIDEshop","isPartOf":{"@id":"https:\/\/prideshop.eu\/de\/#website"},"primaryImageOfPage":{"@id":"https:\/\/prideshop.eu\/de\/shop\/sportarten\/itf-taekwondo-traditonelles-taekwondo\/taekwondo-itf-schutzausrustung\/pro-zahnschutz-anatomisch-auch-fur-zahnspangen-pride\/#primaryimage"},"image":{"@id":"https:\/\/prideshop.eu\/de\/shop\/sportarten\/itf-taekwondo-traditonelles-taekwondo\/taekwondo-itf-schutzausrustung\/pro-zahnschutz-anatomisch-auch-fur-zahnspangen-pride\/#primaryimage"},"thumbnailUrl":"https:\/\/prideshop.eu\/wp-content\/uploads\/2022\/12\/pro-sctnik-za-zobe-anatomical-tudi-za-zobni-aparat-pride.jpg","datePublished":"2022-12-10T19:49:05+00:00","dateModified":"2025-08-04T08:57:07+00:00","description":"Pro Zahnschutz Anatomisch, auch f\u00fcr Zahnspangen, Pride. Protex Anatomical\u2122. Sch\u00fctzen Sie Ihre Z\u00e4hne und l\u00e4cheln Sie.","breadcrumb":{"@id":"https:\/\/prideshop.eu\/de\/shop\/sportarten\/itf-taekwondo-traditonelles-taekwondo\/taekwondo-itf-schutzausrustung\/pro-zahnschutz-anatomisch-auch-fur-zahnspangen-pride\/#breadcrumb"},"inLanguage":"de","potentialAction":[{"@type":"ReadAction","target":["https:\/\/prideshop.eu\/de\/shop\/sportarten\/itf-taekwondo-traditonelles-taekwondo\/taekwondo-itf-schutzausrustung\/pro-zahnschutz-anatomisch-auch-fur-zahnspangen-pride\/"]}]},{"@type":"ImageObject","inLanguage":"de","@id":"https:\/\/prideshop.eu\/de\/shop\/sportarten\/itf-taekwondo-traditonelles-taekwondo\/taekwondo-itf-schutzausrustung\/pro-zahnschutz-anatomisch-auch-fur-zahnspangen-pride\/#primaryimage","url":"https:\/\/prideshop.eu\/wp-content\/uploads\/2022\/12\/pro-sctnik-za-zobe-anatomical-tudi-za-zobni-aparat-pride.jpg","contentUrl":"https:\/\/prideshop.eu\/wp-content\/uploads\/2022\/12\/pro-sctnik-za-zobe-anatomical-tudi-za-zobni-aparat-pride.jpg","width":600,"height":600,"caption":"Pro Zahnschutz Anatomisch, auch f\u00fcr Zahnspangen Pride"},{"@type":"BreadcrumbList","@id":"https:\/\/prideshop.eu\/de\/shop\/sportarten\/itf-taekwondo-traditonelles-taekwondo\/taekwondo-itf-schutzausrustung\/pro-zahnschutz-anatomisch-auch-fur-zahnspangen-pride\/#breadcrumb","itemListElement":[{"@type":"ListItem","position":1,"name":"Home","item":"https:\/\/prideshop.eu\/de\/"},{"@type":"ListItem","position":2,"name":"Gesch\u00e4ft","item":"https:\/\/prideshop.eu\/de\/geschaeft\/"},{"@type":"ListItem","position":3,"name":"Pro Zahnschutz anatomisch, auch f\u00fcr Zahnspange geeignet Pride \u2013 OrthoShield"}]},{"@type":"WebSite","@id":"https:\/\/prideshop.eu\/de\/#website","url":"https:\/\/prideshop.eu\/de\/","name":"PRIDEshop","description":"Oprema za Borilne \u0160porte","publisher":{"@id":"https:\/\/prideshop.eu\/de\/#organization"},"potentialAction":[{"@type":"SearchAction","target":{"@type":"EntryPoint","urlTemplate":"https:\/\/prideshop.eu\/de\/?s={search_term_string}"},"query-input":{"@type":"PropertyValueSpecification","valueRequired":true,"valueName":"search_term_string"}}],"inLanguage":"de"},{"@type":"Organization","@id":"https:\/\/prideshop.eu\/de\/#organization","name":"PRIDEshop","url":"https:\/\/prideshop.eu\/de\/","logo":{"@type":"ImageObject","inLanguage":"de","@id":"https:\/\/prideshop.eu\/de\/#\/schema\/logo\/image\/","url":"","contentUrl":"","caption":"PRIDEshop"},"image":{"@id":"https:\/\/prideshop.eu\/de\/#\/schema\/logo\/image\/"},"sameAs":["https:\/\/sl-si.facebook.com\/PrideShopeu"]}]}},"_links":{"self":[{"href":"https:\/\/prideshop.eu\/de\/wp-json\/wp\/v2\/product\/41410","targetHints":{"allow":["GET"]}}],"collection":[{"href":"https:\/\/prideshop.eu\/de\/wp-json\/wp\/v2\/product"}],"about":[{"href":"https:\/\/prideshop.eu\/de\/wp-json\/wp\/v2\/types\/product"}],"replies":[{"embeddable":true,"href":"https:\/\/prideshop.eu\/de\/wp-json\/wp\/v2\/comments?post=41410"}],"wp:featuredmedia":[{"embeddable":true,"href":"https:\/\/prideshop.eu\/de\/wp-json\/wp\/v2\/media\/41125"}],"wp:attachment":[{"href":"https:\/\/prideshop.eu\/de\/wp-json\/wp\/v2\/media?parent=41410"}],"wp:term":[{"taxonomy":"product_brand","embeddable":true,"href":"https:\/\/prideshop.eu\/de\/wp-json\/wp\/v2\/product_brand?post=41410"},{"taxonomy":"product_cat","embeddable":true,"href":"https:\/\/prideshop.eu\/de\/wp-json\/wp\/v2\/product_cat?post=41410"},{"taxonomy":"product_tag","embeddable":true,"href":"https:\/\/prideshop.eu\/de\/wp-json\/wp\/v2\/product_tag?post=41410"}],"curies":[{"name":"wp","href":"https:\/\/api.w.org\/{rel}","templated":true}]}}