{"id":41591,"date":"2023-01-04T18:11:22","date_gmt":"2023-01-04T17:11:22","guid":{"rendered":"https:\/\/prideshop.eu\/spletna-trgovina\/unkategorisiert\/zahnschutz-evershield-everlast\/"},"modified":"2025-08-04T11:17:55","modified_gmt":"2025-08-04T09:17:55","slug":"zahnschutz-evershield-everlast","status":"publish","type":"product","link":"https:\/\/prideshop.eu\/de\/shop\/sportarten\/itf-taekwondo-traditonelles-taekwondo\/taekwondo-itf-schutzausrustung\/zahnschutz-evershield-everlast\/","title":{"rendered":"Mundschutz Kampfsport Everlast \u2013 Evershield"},"content":{"rendered":"<h3>Mundschutz Kampfsport Everlast \u2013 Evershield<\/h3>\n<p>Zahnschutz Evershield, Everlast ist ein ausgezeichneter zweischichtiger Mundschutz. Entwickelt, um den Ober\u2013 und Unterkiefer zu sch\u00fctzen. Die strapazierf\u00e4hige Au\u00dfenschicht sch\u00fctzt vor starken St\u00f6\u00dfen, w\u00e4hrend die Innenschicht f\u00fcr eine hervorragende Passform sorgt. Das \u201eBoil\u2013and\u2013Bite\u201c\u2013Design sorgt f\u00fcr einen pr\u00e4zisen, gleichm\u00e4\u00dfigen und festen Biss in den Schoner. Inklusive einer hochwertigen antibakteriellen Mundschutz\u2013Aufbewahrungsbox.nnAb 11 Jahren.<\/p>\n","protected":false},"excerpt":{"rendered":"<p>Zahnschutz Evershield, Everlast ist ein ausgezeichneter zweischichtiger Mundschutz. Entwickelt, um den Ober\u2013 und Unterkiefer zu sch\u00fctzen. Die strapazierf\u00e4hige Au\u00dfenschicht sch\u00fctzt vor starken St\u00f6\u00dfen, w\u00e4hrend die Innenschicht f\u00fcr eine hervorragende Passform sorgt. Das \u201eBoil\u2013and\u2013Bite\u201c\u2013Design sorgt f\u00fcr einen pr\u00e4zisen, gleichm\u00e4\u00dfigen und festen Biss in den Schoner. Inklusive einer hochwertigen antibakteriellen Mundschutz\u2013Aufbewahrungsbox.nnAb 11 Jahren.<\/p>\n","protected":false},"featured_media":41582,"comment_status":"open","ping_status":"closed","template":"","meta":{"_acf_changed":false},"product_brand":[2092],"product_cat":[664,580,788,710,720,722,734,742,744,754,634,678,732,656,798,756,766,778,786,652],"product_tag":[],"class_list":{"0":"post-41591","1":"product","2":"type-product","3":"status-publish","4":"has-post-thumbnail","6":"product_brand-everlast","7":"product_cat-boxen","8":"product_cat-equipment-de","9":"product_cat-itf-taekwondo-traditonelles-taekwondo","10":"product_cat-karate-ausruestung","11":"product_cat-karate-schutzausrustung","12":"product_cat-kickboxen","13":"product_cat-krav-maga-de","14":"product_cat-krav-maga-schutzausrustung","15":"product_cat-mma-ultimate-fight-de","16":"product_cat-mma-ultimate-fight-schutzausrustung","17":"product_cat-schutzausrustung","18":"product_cat-schutzausrustung-fur-boxen","19":"product_cat-schutzausrustung-zum-kickboxen","20":"product_cat-sportarten","21":"product_cat-taekwondo-itf-schutzausrustung","22":"product_cat-taekwondo-wt-olypic-sports","23":"product_cat-taekwondo-wt-schutzausrustung","24":"product_cat-thaiboxen","25":"product_cat-thaiboxen-schutzausrustung","26":"product_cat-zahnschutz","28":"first","29":"outofstock","30":"taxable","31":"shipping-taxable","32":"product-type-variable"},"acf":[],"yoast_head":"<!-- This site is optimized with the Yoast SEO plugin v27.5 - https:\/\/yoast.com\/product\/yoast-seo-wordpress\/ -->\n<title>Mundschutz Kampfsport Everlast \u2013 Evershield - PRIDEshop<\/title>\n<meta name=\"description\" content=\"Zahnschutz Evershield, Everlast ist ein ausgezeichneter zweischichtiger Mundschutz. Entwickelt, um den Ober- und Unterkiefer zu sch\u00fctzen.\" \/>\n<meta name=\"robots\" content=\"index, follow, max-snippet:-1, max-image-preview:large, max-video-preview:-1\" \/>\n<link rel=\"canonical\" href=\"https:\/\/prideshop.eu\/de\/shop\/sportarten\/itf-taekwondo-traditonelles-taekwondo\/taekwondo-itf-schutzausrustung\/zahnschutz-evershield-everlast\/\" \/>\n<meta property=\"og:locale\" content=\"de_DE\" \/>\n<meta property=\"og:type\" content=\"article\" \/>\n<meta property=\"og:title\" content=\"Mundschutz Kampfsport Everlast \u2013 Evershield - PRIDEshop\" \/>\n<meta property=\"og:description\" content=\"Zahnschutz Evershield, Everlast ist ein ausgezeichneter zweischichtiger Mundschutz. Entwickelt, um den Ober- und Unterkiefer zu sch\u00fctzen.\" \/>\n<meta property=\"og:url\" content=\"https:\/\/prideshop.eu\/de\/shop\/sportarten\/itf-taekwondo-traditonelles-taekwondo\/taekwondo-itf-schutzausrustung\/zahnschutz-evershield-everlast\/\" \/>\n<meta property=\"og:site_name\" content=\"PRIDEshop\" \/>\n<meta property=\"article:publisher\" content=\"https:\/\/sl-si.facebook.com\/PrideShopeu\" \/>\n<meta property=\"article:modified_time\" content=\"2025-08-04T09:17:55+00:00\" \/>\n<meta property=\"og:image\" content=\"https:\/\/prideshop.eu\/wp-content\/uploads\/2023\/01\/scitnik-za-zobe-evershield-everlast-e0492-br.jpeg\" \/>\n\t<meta property=\"og:image:width\" content=\"600\" \/>\n\t<meta property=\"og:image:height\" content=\"600\" \/>\n\t<meta property=\"og:image:type\" content=\"image\/jpeg\" \/>\n<meta name=\"twitter:card\" content=\"summary_large_image\" \/>\n<script type=\"application\/ld+json\" class=\"yoast-schema-graph\">{\"@context\":\"https:\\\/\\\/schema.org\",\"@graph\":[{\"@type\":\"WebPage\",\"@id\":\"https:\\\/\\\/prideshop.eu\\\/de\\\/shop\\\/sportarten\\\/itf-taekwondo-traditonelles-taekwondo\\\/taekwondo-itf-schutzausrustung\\\/zahnschutz-evershield-everlast\\\/\",\"url\":\"https:\\\/\\\/prideshop.eu\\\/de\\\/shop\\\/sportarten\\\/itf-taekwondo-traditonelles-taekwondo\\\/taekwondo-itf-schutzausrustung\\\/zahnschutz-evershield-everlast\\\/\",\"name\":\"Mundschutz Kampfsport Everlast \u2013 Evershield - PRIDEshop\",\"isPartOf\":{\"@id\":\"https:\\\/\\\/prideshop.eu\\\/de\\\/#website\"},\"primaryImageOfPage\":{\"@id\":\"https:\\\/\\\/prideshop.eu\\\/de\\\/shop\\\/sportarten\\\/itf-taekwondo-traditonelles-taekwondo\\\/taekwondo-itf-schutzausrustung\\\/zahnschutz-evershield-everlast\\\/#primaryimage\"},\"image\":{\"@id\":\"https:\\\/\\\/prideshop.eu\\\/de\\\/shop\\\/sportarten\\\/itf-taekwondo-traditonelles-taekwondo\\\/taekwondo-itf-schutzausrustung\\\/zahnschutz-evershield-everlast\\\/#primaryimage\"},\"thumbnailUrl\":\"https:\\\/\\\/prideshop.eu\\\/wp-content\\\/uploads\\\/2023\\\/01\\\/scitnik-za-zobe-evershield-everlast-e0492-br.jpeg\",\"datePublished\":\"2023-01-04T17:11:22+00:00\",\"dateModified\":\"2025-08-04T09:17:55+00:00\",\"description\":\"Zahnschutz Evershield, Everlast ist ein ausgezeichneter zweischichtiger Mundschutz. Entwickelt, um den Ober- und Unterkiefer zu sch\u00fctzen.\",\"breadcrumb\":{\"@id\":\"https:\\\/\\\/prideshop.eu\\\/de\\\/shop\\\/sportarten\\\/itf-taekwondo-traditonelles-taekwondo\\\/taekwondo-itf-schutzausrustung\\\/zahnschutz-evershield-everlast\\\/#breadcrumb\"},\"inLanguage\":\"de\",\"potentialAction\":[{\"@type\":\"ReadAction\",\"target\":[\"https:\\\/\\\/prideshop.eu\\\/de\\\/shop\\\/sportarten\\\/itf-taekwondo-traditonelles-taekwondo\\\/taekwondo-itf-schutzausrustung\\\/zahnschutz-evershield-everlast\\\/\"]}]},{\"@type\":\"ImageObject\",\"inLanguage\":\"de\",\"@id\":\"https:\\\/\\\/prideshop.eu\\\/de\\\/shop\\\/sportarten\\\/itf-taekwondo-traditonelles-taekwondo\\\/taekwondo-itf-schutzausrustung\\\/zahnschutz-evershield-everlast\\\/#primaryimage\",\"url\":\"https:\\\/\\\/prideshop.eu\\\/wp-content\\\/uploads\\\/2023\\\/01\\\/scitnik-za-zobe-evershield-everlast-e0492-br.jpeg\",\"contentUrl\":\"https:\\\/\\\/prideshop.eu\\\/wp-content\\\/uploads\\\/2023\\\/01\\\/scitnik-za-zobe-evershield-everlast-e0492-br.jpeg\",\"width\":600,\"height\":600,\"caption\":\"Zahnschutz Evershield, Everlast\"},{\"@type\":\"BreadcrumbList\",\"@id\":\"https:\\\/\\\/prideshop.eu\\\/de\\\/shop\\\/sportarten\\\/itf-taekwondo-traditonelles-taekwondo\\\/taekwondo-itf-schutzausrustung\\\/zahnschutz-evershield-everlast\\\/#breadcrumb\",\"itemListElement\":[{\"@type\":\"ListItem\",\"position\":1,\"name\":\"Home\",\"item\":\"https:\\\/\\\/prideshop.eu\\\/de\\\/\"},{\"@type\":\"ListItem\",\"position\":2,\"name\":\"Gesch\u00e4ft\",\"item\":\"https:\\\/\\\/prideshop.eu\\\/de\\\/geschaeft\\\/\"},{\"@type\":\"ListItem\",\"position\":3,\"name\":\"Mundschutz Kampfsport Everlast \u2013 Evershield\"}]},{\"@type\":\"WebSite\",\"@id\":\"https:\\\/\\\/prideshop.eu\\\/de\\\/#website\",\"url\":\"https:\\\/\\\/prideshop.eu\\\/de\\\/\",\"name\":\"PRIDEshop\",\"description\":\"Oprema za Borilne \u0160porte\",\"publisher\":{\"@id\":\"https:\\\/\\\/prideshop.eu\\\/de\\\/#organization\"},\"potentialAction\":[{\"@type\":\"SearchAction\",\"target\":{\"@type\":\"EntryPoint\",\"urlTemplate\":\"https:\\\/\\\/prideshop.eu\\\/de\\\/?s={search_term_string}\"},\"query-input\":{\"@type\":\"PropertyValueSpecification\",\"valueRequired\":true,\"valueName\":\"search_term_string\"}}],\"inLanguage\":\"de\"},{\"@type\":\"Organization\",\"@id\":\"https:\\\/\\\/prideshop.eu\\\/de\\\/#organization\",\"name\":\"PRIDEshop\",\"url\":\"https:\\\/\\\/prideshop.eu\\\/de\\\/\",\"logo\":{\"@type\":\"ImageObject\",\"inLanguage\":\"de\",\"@id\":\"https:\\\/\\\/prideshop.eu\\\/de\\\/#\\\/schema\\\/logo\\\/image\\\/\",\"url\":\"\",\"contentUrl\":\"\",\"caption\":\"PRIDEshop\"},\"image\":{\"@id\":\"https:\\\/\\\/prideshop.eu\\\/de\\\/#\\\/schema\\\/logo\\\/image\\\/\"},\"sameAs\":[\"https:\\\/\\\/sl-si.facebook.com\\\/PrideShopeu\"]}]}<\/script>\n<!-- \/ Yoast SEO plugin. -->","yoast_head_json":{"title":"Mundschutz Kampfsport Everlast \u2013 Evershield - PRIDEshop","description":"Zahnschutz Evershield, Everlast ist ein ausgezeichneter zweischichtiger Mundschutz. Entwickelt, um den Ober- und Unterkiefer zu sch\u00fctzen.","robots":{"index":"index","follow":"follow","max-snippet":"max-snippet:-1","max-image-preview":"max-image-preview:large","max-video-preview":"max-video-preview:-1"},"canonical":"https:\/\/prideshop.eu\/de\/shop\/sportarten\/itf-taekwondo-traditonelles-taekwondo\/taekwondo-itf-schutzausrustung\/zahnschutz-evershield-everlast\/","og_locale":"de_DE","og_type":"article","og_title":"Mundschutz Kampfsport Everlast \u2013 Evershield - PRIDEshop","og_description":"Zahnschutz Evershield, Everlast ist ein ausgezeichneter zweischichtiger Mundschutz. Entwickelt, um den Ober- und Unterkiefer zu sch\u00fctzen.","og_url":"https:\/\/prideshop.eu\/de\/shop\/sportarten\/itf-taekwondo-traditonelles-taekwondo\/taekwondo-itf-schutzausrustung\/zahnschutz-evershield-everlast\/","og_site_name":"PRIDEshop","article_publisher":"https:\/\/sl-si.facebook.com\/PrideShopeu","article_modified_time":"2025-08-04T09:17:55+00:00","og_image":[{"width":600,"height":600,"url":"https:\/\/prideshop.eu\/wp-content\/uploads\/2023\/01\/scitnik-za-zobe-evershield-everlast-e0492-br.jpeg","type":"image\/jpeg"}],"twitter_card":"summary_large_image","schema":{"@context":"https:\/\/schema.org","@graph":[{"@type":"WebPage","@id":"https:\/\/prideshop.eu\/de\/shop\/sportarten\/itf-taekwondo-traditonelles-taekwondo\/taekwondo-itf-schutzausrustung\/zahnschutz-evershield-everlast\/","url":"https:\/\/prideshop.eu\/de\/shop\/sportarten\/itf-taekwondo-traditonelles-taekwondo\/taekwondo-itf-schutzausrustung\/zahnschutz-evershield-everlast\/","name":"Mundschutz Kampfsport Everlast \u2013 Evershield - PRIDEshop","isPartOf":{"@id":"https:\/\/prideshop.eu\/de\/#website"},"primaryImageOfPage":{"@id":"https:\/\/prideshop.eu\/de\/shop\/sportarten\/itf-taekwondo-traditonelles-taekwondo\/taekwondo-itf-schutzausrustung\/zahnschutz-evershield-everlast\/#primaryimage"},"image":{"@id":"https:\/\/prideshop.eu\/de\/shop\/sportarten\/itf-taekwondo-traditonelles-taekwondo\/taekwondo-itf-schutzausrustung\/zahnschutz-evershield-everlast\/#primaryimage"},"thumbnailUrl":"https:\/\/prideshop.eu\/wp-content\/uploads\/2023\/01\/scitnik-za-zobe-evershield-everlast-e0492-br.jpeg","datePublished":"2023-01-04T17:11:22+00:00","dateModified":"2025-08-04T09:17:55+00:00","description":"Zahnschutz Evershield, Everlast ist ein ausgezeichneter zweischichtiger Mundschutz. Entwickelt, um den Ober- und Unterkiefer zu sch\u00fctzen.","breadcrumb":{"@id":"https:\/\/prideshop.eu\/de\/shop\/sportarten\/itf-taekwondo-traditonelles-taekwondo\/taekwondo-itf-schutzausrustung\/zahnschutz-evershield-everlast\/#breadcrumb"},"inLanguage":"de","potentialAction":[{"@type":"ReadAction","target":["https:\/\/prideshop.eu\/de\/shop\/sportarten\/itf-taekwondo-traditonelles-taekwondo\/taekwondo-itf-schutzausrustung\/zahnschutz-evershield-everlast\/"]}]},{"@type":"ImageObject","inLanguage":"de","@id":"https:\/\/prideshop.eu\/de\/shop\/sportarten\/itf-taekwondo-traditonelles-taekwondo\/taekwondo-itf-schutzausrustung\/zahnschutz-evershield-everlast\/#primaryimage","url":"https:\/\/prideshop.eu\/wp-content\/uploads\/2023\/01\/scitnik-za-zobe-evershield-everlast-e0492-br.jpeg","contentUrl":"https:\/\/prideshop.eu\/wp-content\/uploads\/2023\/01\/scitnik-za-zobe-evershield-everlast-e0492-br.jpeg","width":600,"height":600,"caption":"Zahnschutz Evershield, Everlast"},{"@type":"BreadcrumbList","@id":"https:\/\/prideshop.eu\/de\/shop\/sportarten\/itf-taekwondo-traditonelles-taekwondo\/taekwondo-itf-schutzausrustung\/zahnschutz-evershield-everlast\/#breadcrumb","itemListElement":[{"@type":"ListItem","position":1,"name":"Home","item":"https:\/\/prideshop.eu\/de\/"},{"@type":"ListItem","position":2,"name":"Gesch\u00e4ft","item":"https:\/\/prideshop.eu\/de\/geschaeft\/"},{"@type":"ListItem","position":3,"name":"Mundschutz Kampfsport Everlast \u2013 Evershield"}]},{"@type":"WebSite","@id":"https:\/\/prideshop.eu\/de\/#website","url":"https:\/\/prideshop.eu\/de\/","name":"PRIDEshop","description":"Oprema za Borilne \u0160porte","publisher":{"@id":"https:\/\/prideshop.eu\/de\/#organization"},"potentialAction":[{"@type":"SearchAction","target":{"@type":"EntryPoint","urlTemplate":"https:\/\/prideshop.eu\/de\/?s={search_term_string}"},"query-input":{"@type":"PropertyValueSpecification","valueRequired":true,"valueName":"search_term_string"}}],"inLanguage":"de"},{"@type":"Organization","@id":"https:\/\/prideshop.eu\/de\/#organization","name":"PRIDEshop","url":"https:\/\/prideshop.eu\/de\/","logo":{"@type":"ImageObject","inLanguage":"de","@id":"https:\/\/prideshop.eu\/de\/#\/schema\/logo\/image\/","url":"","contentUrl":"","caption":"PRIDEshop"},"image":{"@id":"https:\/\/prideshop.eu\/de\/#\/schema\/logo\/image\/"},"sameAs":["https:\/\/sl-si.facebook.com\/PrideShopeu"]}]}},"_links":{"self":[{"href":"https:\/\/prideshop.eu\/de\/wp-json\/wp\/v2\/product\/41591","targetHints":{"allow":["GET"]}}],"collection":[{"href":"https:\/\/prideshop.eu\/de\/wp-json\/wp\/v2\/product"}],"about":[{"href":"https:\/\/prideshop.eu\/de\/wp-json\/wp\/v2\/types\/product"}],"replies":[{"embeddable":true,"href":"https:\/\/prideshop.eu\/de\/wp-json\/wp\/v2\/comments?post=41591"}],"wp:featuredmedia":[{"embeddable":true,"href":"https:\/\/prideshop.eu\/de\/wp-json\/wp\/v2\/media\/41582"}],"wp:attachment":[{"href":"https:\/\/prideshop.eu\/de\/wp-json\/wp\/v2\/media?parent=41591"}],"wp:term":[{"taxonomy":"product_brand","embeddable":true,"href":"https:\/\/prideshop.eu\/de\/wp-json\/wp\/v2\/product_brand?post=41591"},{"taxonomy":"product_cat","embeddable":true,"href":"https:\/\/prideshop.eu\/de\/wp-json\/wp\/v2\/product_cat?post=41591"},{"taxonomy":"product_tag","embeddable":true,"href":"https:\/\/prideshop.eu\/de\/wp-json\/wp\/v2\/product_tag?post=41591"}],"curies":[{"name":"wp","href":"https:\/\/api.w.org\/{rel}","templated":true}]}}