{"id":41603,"date":"2023-01-04T19:12:36","date_gmt":"2023-01-04T18:12:36","guid":{"rendered":"https:\/\/prideshop.eu\/spletna-trgovina\/unkategorisiert\/zahnschutz-egropro-pride\/"},"modified":"2026-01-11T21:35:59","modified_gmt":"2026-01-11T20:35:59","slug":"zahnschutz-egropro-pride","status":"publish","type":"product","link":"https:\/\/prideshop.eu\/de\/shop\/sportarten\/itf-taekwondo-traditonelles-taekwondo\/taekwondo-itf-schutzausrustung\/zahnschutz-egropro-pride\/","title":{"rendered":"Zahnschutz Pride \u2013  EgroPro"},"content":{"rendered":"<h3>Zahnschutz Pride \u2013 EgroPro<\/h3>\n<p>Zahnschutz EgroPro\u2122, Pride ist ein ausgezeichneter dreischichtiger Mundschutz. Die \u00e4u\u00dfere Schicht des Schildes bietet maximalen Schutz f\u00fcr Z\u00e4hne, Kiefer und Gehirn. Die mittige innere Riffellage absorbiert St\u00f6\u00dfe maximal und bietet zus\u00e4tzlichen Schutz f\u00fcr Ober\u2013 und Unterkiefer. Die zus\u00e4tzliche Innenschicht aus Gel\u2013fit sorgt f\u00fcr einen perfekten Sitz zwischen den Z\u00e4hnen und dem Guard.nnAb 11 Jahren.<\/p>\n","protected":false},"excerpt":{"rendered":"<p>Zahnschutz EgroPro\u2122, Pride ist ein ausgezeichneter dreischichtiger Mundschutz. Die \u00e4u\u00dfere Schicht des Schildes bietet maximalen Schutz f\u00fcr Z\u00e4hne, Kiefer und Gehirn. Die mittige innere Riffellage absorbiert St\u00f6\u00dfe maximal und bietet zus\u00e4tzlichen Schutz f\u00fcr Ober\u2013 und Unterkiefer. Die zus\u00e4tzliche Innenschicht aus Gel\u2013fit sorgt f\u00fcr einen perfekten Sitz zwischen den Z\u00e4hnen und dem Guard.nnAb 11 Jahren.<\/p>\n","protected":false},"featured_media":41597,"comment_status":"open","ping_status":"closed","template":"","meta":{"_acf_changed":false},"product_brand":[2086],"product_cat":[664,580,788,710,720,722,734,742,744,754,634,678,732,656,798,756,766,778,786,652],"product_tag":[],"class_list":{"0":"post-41603","1":"product","2":"type-product","3":"status-publish","4":"has-post-thumbnail","6":"product_brand-pride","7":"product_cat-boxen","8":"product_cat-equipment-de","9":"product_cat-itf-taekwondo-traditonelles-taekwondo","10":"product_cat-karate-ausruestung","11":"product_cat-karate-schutzausrustung","12":"product_cat-kickboxen","13":"product_cat-krav-maga-de","14":"product_cat-krav-maga-schutzausrustung","15":"product_cat-mma-ultimate-fight-de","16":"product_cat-mma-ultimate-fight-schutzausrustung","17":"product_cat-schutzausrustung","18":"product_cat-schutzausrustung-fur-boxen","19":"product_cat-schutzausrustung-zum-kickboxen","20":"product_cat-sportarten","21":"product_cat-taekwondo-itf-schutzausrustung","22":"product_cat-taekwondo-wt-olypic-sports","23":"product_cat-taekwondo-wt-schutzausrustung","24":"product_cat-thaiboxen","25":"product_cat-thaiboxen-schutzausrustung","26":"product_cat-zahnschutz","28":"first","29":"instock","30":"taxable","31":"shipping-taxable","32":"purchasable","33":"product-type-variable"},"acf":[],"yoast_head":"<!-- This site is optimized with the Yoast SEO plugin v27.5 - https:\/\/yoast.com\/product\/yoast-seo-wordpress\/ -->\n<title>Zahnschutz Pride \u2013 EgroPro - PRIDEshop<\/title>\n<meta name=\"description\" content=\"Zahnschutz EgroPro\u2122, Pride ist ein ausgezeichneter dreischichtiger Mundschutz. Die \u00e4u\u00dfere Schicht des Schildes bietet maximalen Schutz.\" \/>\n<meta name=\"robots\" content=\"index, follow, max-snippet:-1, max-image-preview:large, max-video-preview:-1\" \/>\n<link rel=\"canonical\" href=\"https:\/\/prideshop.eu\/de\/shop\/sportarten\/itf-taekwondo-traditonelles-taekwondo\/taekwondo-itf-schutzausrustung\/zahnschutz-egropro-pride\/\" \/>\n<meta property=\"og:locale\" content=\"de_DE\" \/>\n<meta property=\"og:type\" content=\"article\" \/>\n<meta property=\"og:title\" content=\"Zahnschutz Pride \u2013 EgroPro - PRIDEshop\" \/>\n<meta property=\"og:description\" content=\"Zahnschutz EgroPro\u2122, Pride ist ein ausgezeichneter dreischichtiger Mundschutz. Die \u00e4u\u00dfere Schicht des Schildes bietet maximalen Schutz.\" \/>\n<meta property=\"og:url\" content=\"https:\/\/prideshop.eu\/de\/shop\/sportarten\/itf-taekwondo-traditonelles-taekwondo\/taekwondo-itf-schutzausrustung\/zahnschutz-egropro-pride\/\" \/>\n<meta property=\"og:site_name\" content=\"PRIDEshop\" \/>\n<meta property=\"article:publisher\" content=\"https:\/\/sl-si.facebook.com\/PrideShopeu\" \/>\n<meta property=\"article:modified_time\" content=\"2026-01-11T20:35:59+00:00\" \/>\n<meta property=\"og:image\" content=\"https:\/\/prideshop.eu\/wp-content\/uploads\/2023\/01\/scitnik-za-zobe-egropro-pride-5151.jpeg\" \/>\n\t<meta property=\"og:image:width\" content=\"600\" \/>\n\t<meta property=\"og:image:height\" content=\"600\" \/>\n\t<meta property=\"og:image:type\" content=\"image\/jpeg\" \/>\n<meta name=\"twitter:card\" content=\"summary_large_image\" \/>\n<script type=\"application\/ld+json\" class=\"yoast-schema-graph\">{\"@context\":\"https:\\\/\\\/schema.org\",\"@graph\":[{\"@type\":\"WebPage\",\"@id\":\"https:\\\/\\\/prideshop.eu\\\/de\\\/shop\\\/sportarten\\\/itf-taekwondo-traditonelles-taekwondo\\\/taekwondo-itf-schutzausrustung\\\/zahnschutz-egropro-pride\\\/\",\"url\":\"https:\\\/\\\/prideshop.eu\\\/de\\\/shop\\\/sportarten\\\/itf-taekwondo-traditonelles-taekwondo\\\/taekwondo-itf-schutzausrustung\\\/zahnschutz-egropro-pride\\\/\",\"name\":\"Zahnschutz Pride \u2013 EgroPro - PRIDEshop\",\"isPartOf\":{\"@id\":\"https:\\\/\\\/prideshop.eu\\\/de\\\/#website\"},\"primaryImageOfPage\":{\"@id\":\"https:\\\/\\\/prideshop.eu\\\/de\\\/shop\\\/sportarten\\\/itf-taekwondo-traditonelles-taekwondo\\\/taekwondo-itf-schutzausrustung\\\/zahnschutz-egropro-pride\\\/#primaryimage\"},\"image\":{\"@id\":\"https:\\\/\\\/prideshop.eu\\\/de\\\/shop\\\/sportarten\\\/itf-taekwondo-traditonelles-taekwondo\\\/taekwondo-itf-schutzausrustung\\\/zahnschutz-egropro-pride\\\/#primaryimage\"},\"thumbnailUrl\":\"https:\\\/\\\/prideshop.eu\\\/wp-content\\\/uploads\\\/2023\\\/01\\\/scitnik-za-zobe-egropro-pride-5151.jpeg\",\"datePublished\":\"2023-01-04T18:12:36+00:00\",\"dateModified\":\"2026-01-11T20:35:59+00:00\",\"description\":\"Zahnschutz EgroPro\u2122, Pride ist ein ausgezeichneter dreischichtiger Mundschutz. Die \u00e4u\u00dfere Schicht des Schildes bietet maximalen Schutz.\",\"breadcrumb\":{\"@id\":\"https:\\\/\\\/prideshop.eu\\\/de\\\/shop\\\/sportarten\\\/itf-taekwondo-traditonelles-taekwondo\\\/taekwondo-itf-schutzausrustung\\\/zahnschutz-egropro-pride\\\/#breadcrumb\"},\"inLanguage\":\"de\",\"potentialAction\":[{\"@type\":\"ReadAction\",\"target\":[\"https:\\\/\\\/prideshop.eu\\\/de\\\/shop\\\/sportarten\\\/itf-taekwondo-traditonelles-taekwondo\\\/taekwondo-itf-schutzausrustung\\\/zahnschutz-egropro-pride\\\/\"]}]},{\"@type\":\"ImageObject\",\"inLanguage\":\"de\",\"@id\":\"https:\\\/\\\/prideshop.eu\\\/de\\\/shop\\\/sportarten\\\/itf-taekwondo-traditonelles-taekwondo\\\/taekwondo-itf-schutzausrustung\\\/zahnschutz-egropro-pride\\\/#primaryimage\",\"url\":\"https:\\\/\\\/prideshop.eu\\\/wp-content\\\/uploads\\\/2023\\\/01\\\/scitnik-za-zobe-egropro-pride-5151.jpeg\",\"contentUrl\":\"https:\\\/\\\/prideshop.eu\\\/wp-content\\\/uploads\\\/2023\\\/01\\\/scitnik-za-zobe-egropro-pride-5151.jpeg\",\"width\":600,\"height\":600,\"caption\":\"Zahnschutz EgroPro\u2122 Pride\"},{\"@type\":\"BreadcrumbList\",\"@id\":\"https:\\\/\\\/prideshop.eu\\\/de\\\/shop\\\/sportarten\\\/itf-taekwondo-traditonelles-taekwondo\\\/taekwondo-itf-schutzausrustung\\\/zahnschutz-egropro-pride\\\/#breadcrumb\",\"itemListElement\":[{\"@type\":\"ListItem\",\"position\":1,\"name\":\"Home\",\"item\":\"https:\\\/\\\/prideshop.eu\\\/de\\\/\"},{\"@type\":\"ListItem\",\"position\":2,\"name\":\"Gesch\u00e4ft\",\"item\":\"https:\\\/\\\/prideshop.eu\\\/de\\\/geschaeft\\\/\"},{\"@type\":\"ListItem\",\"position\":3,\"name\":\"Zahnschutz Pride \u2013 EgroPro\"}]},{\"@type\":\"WebSite\",\"@id\":\"https:\\\/\\\/prideshop.eu\\\/de\\\/#website\",\"url\":\"https:\\\/\\\/prideshop.eu\\\/de\\\/\",\"name\":\"PRIDEshop\",\"description\":\"Oprema za Borilne \u0160porte\",\"publisher\":{\"@id\":\"https:\\\/\\\/prideshop.eu\\\/de\\\/#organization\"},\"potentialAction\":[{\"@type\":\"SearchAction\",\"target\":{\"@type\":\"EntryPoint\",\"urlTemplate\":\"https:\\\/\\\/prideshop.eu\\\/de\\\/?s={search_term_string}\"},\"query-input\":{\"@type\":\"PropertyValueSpecification\",\"valueRequired\":true,\"valueName\":\"search_term_string\"}}],\"inLanguage\":\"de\"},{\"@type\":\"Organization\",\"@id\":\"https:\\\/\\\/prideshop.eu\\\/de\\\/#organization\",\"name\":\"PRIDEshop\",\"url\":\"https:\\\/\\\/prideshop.eu\\\/de\\\/\",\"logo\":{\"@type\":\"ImageObject\",\"inLanguage\":\"de\",\"@id\":\"https:\\\/\\\/prideshop.eu\\\/de\\\/#\\\/schema\\\/logo\\\/image\\\/\",\"url\":\"\",\"contentUrl\":\"\",\"caption\":\"PRIDEshop\"},\"image\":{\"@id\":\"https:\\\/\\\/prideshop.eu\\\/de\\\/#\\\/schema\\\/logo\\\/image\\\/\"},\"sameAs\":[\"https:\\\/\\\/sl-si.facebook.com\\\/PrideShopeu\"]}]}<\/script>\n<!-- \/ Yoast SEO plugin. -->","yoast_head_json":{"title":"Zahnschutz Pride \u2013 EgroPro - PRIDEshop","description":"Zahnschutz EgroPro\u2122, Pride ist ein ausgezeichneter dreischichtiger Mundschutz. Die \u00e4u\u00dfere Schicht des Schildes bietet maximalen Schutz.","robots":{"index":"index","follow":"follow","max-snippet":"max-snippet:-1","max-image-preview":"max-image-preview:large","max-video-preview":"max-video-preview:-1"},"canonical":"https:\/\/prideshop.eu\/de\/shop\/sportarten\/itf-taekwondo-traditonelles-taekwondo\/taekwondo-itf-schutzausrustung\/zahnschutz-egropro-pride\/","og_locale":"de_DE","og_type":"article","og_title":"Zahnschutz Pride \u2013 EgroPro - PRIDEshop","og_description":"Zahnschutz EgroPro\u2122, Pride ist ein ausgezeichneter dreischichtiger Mundschutz. Die \u00e4u\u00dfere Schicht des Schildes bietet maximalen Schutz.","og_url":"https:\/\/prideshop.eu\/de\/shop\/sportarten\/itf-taekwondo-traditonelles-taekwondo\/taekwondo-itf-schutzausrustung\/zahnschutz-egropro-pride\/","og_site_name":"PRIDEshop","article_publisher":"https:\/\/sl-si.facebook.com\/PrideShopeu","article_modified_time":"2026-01-11T20:35:59+00:00","og_image":[{"width":600,"height":600,"url":"https:\/\/prideshop.eu\/wp-content\/uploads\/2023\/01\/scitnik-za-zobe-egropro-pride-5151.jpeg","type":"image\/jpeg"}],"twitter_card":"summary_large_image","schema":{"@context":"https:\/\/schema.org","@graph":[{"@type":"WebPage","@id":"https:\/\/prideshop.eu\/de\/shop\/sportarten\/itf-taekwondo-traditonelles-taekwondo\/taekwondo-itf-schutzausrustung\/zahnschutz-egropro-pride\/","url":"https:\/\/prideshop.eu\/de\/shop\/sportarten\/itf-taekwondo-traditonelles-taekwondo\/taekwondo-itf-schutzausrustung\/zahnschutz-egropro-pride\/","name":"Zahnschutz Pride \u2013 EgroPro - PRIDEshop","isPartOf":{"@id":"https:\/\/prideshop.eu\/de\/#website"},"primaryImageOfPage":{"@id":"https:\/\/prideshop.eu\/de\/shop\/sportarten\/itf-taekwondo-traditonelles-taekwondo\/taekwondo-itf-schutzausrustung\/zahnschutz-egropro-pride\/#primaryimage"},"image":{"@id":"https:\/\/prideshop.eu\/de\/shop\/sportarten\/itf-taekwondo-traditonelles-taekwondo\/taekwondo-itf-schutzausrustung\/zahnschutz-egropro-pride\/#primaryimage"},"thumbnailUrl":"https:\/\/prideshop.eu\/wp-content\/uploads\/2023\/01\/scitnik-za-zobe-egropro-pride-5151.jpeg","datePublished":"2023-01-04T18:12:36+00:00","dateModified":"2026-01-11T20:35:59+00:00","description":"Zahnschutz EgroPro\u2122, Pride ist ein ausgezeichneter dreischichtiger Mundschutz. Die \u00e4u\u00dfere Schicht des Schildes bietet maximalen Schutz.","breadcrumb":{"@id":"https:\/\/prideshop.eu\/de\/shop\/sportarten\/itf-taekwondo-traditonelles-taekwondo\/taekwondo-itf-schutzausrustung\/zahnschutz-egropro-pride\/#breadcrumb"},"inLanguage":"de","potentialAction":[{"@type":"ReadAction","target":["https:\/\/prideshop.eu\/de\/shop\/sportarten\/itf-taekwondo-traditonelles-taekwondo\/taekwondo-itf-schutzausrustung\/zahnschutz-egropro-pride\/"]}]},{"@type":"ImageObject","inLanguage":"de","@id":"https:\/\/prideshop.eu\/de\/shop\/sportarten\/itf-taekwondo-traditonelles-taekwondo\/taekwondo-itf-schutzausrustung\/zahnschutz-egropro-pride\/#primaryimage","url":"https:\/\/prideshop.eu\/wp-content\/uploads\/2023\/01\/scitnik-za-zobe-egropro-pride-5151.jpeg","contentUrl":"https:\/\/prideshop.eu\/wp-content\/uploads\/2023\/01\/scitnik-za-zobe-egropro-pride-5151.jpeg","width":600,"height":600,"caption":"Zahnschutz EgroPro\u2122 Pride"},{"@type":"BreadcrumbList","@id":"https:\/\/prideshop.eu\/de\/shop\/sportarten\/itf-taekwondo-traditonelles-taekwondo\/taekwondo-itf-schutzausrustung\/zahnschutz-egropro-pride\/#breadcrumb","itemListElement":[{"@type":"ListItem","position":1,"name":"Home","item":"https:\/\/prideshop.eu\/de\/"},{"@type":"ListItem","position":2,"name":"Gesch\u00e4ft","item":"https:\/\/prideshop.eu\/de\/geschaeft\/"},{"@type":"ListItem","position":3,"name":"Zahnschutz Pride \u2013 EgroPro"}]},{"@type":"WebSite","@id":"https:\/\/prideshop.eu\/de\/#website","url":"https:\/\/prideshop.eu\/de\/","name":"PRIDEshop","description":"Oprema za Borilne \u0160porte","publisher":{"@id":"https:\/\/prideshop.eu\/de\/#organization"},"potentialAction":[{"@type":"SearchAction","target":{"@type":"EntryPoint","urlTemplate":"https:\/\/prideshop.eu\/de\/?s={search_term_string}"},"query-input":{"@type":"PropertyValueSpecification","valueRequired":true,"valueName":"search_term_string"}}],"inLanguage":"de"},{"@type":"Organization","@id":"https:\/\/prideshop.eu\/de\/#organization","name":"PRIDEshop","url":"https:\/\/prideshop.eu\/de\/","logo":{"@type":"ImageObject","inLanguage":"de","@id":"https:\/\/prideshop.eu\/de\/#\/schema\/logo\/image\/","url":"","contentUrl":"","caption":"PRIDEshop"},"image":{"@id":"https:\/\/prideshop.eu\/de\/#\/schema\/logo\/image\/"},"sameAs":["https:\/\/sl-si.facebook.com\/PrideShopeu"]}]}},"_links":{"self":[{"href":"https:\/\/prideshop.eu\/de\/wp-json\/wp\/v2\/product\/41603","targetHints":{"allow":["GET"]}}],"collection":[{"href":"https:\/\/prideshop.eu\/de\/wp-json\/wp\/v2\/product"}],"about":[{"href":"https:\/\/prideshop.eu\/de\/wp-json\/wp\/v2\/types\/product"}],"replies":[{"embeddable":true,"href":"https:\/\/prideshop.eu\/de\/wp-json\/wp\/v2\/comments?post=41603"}],"wp:featuredmedia":[{"embeddable":true,"href":"https:\/\/prideshop.eu\/de\/wp-json\/wp\/v2\/media\/41597"}],"wp:attachment":[{"href":"https:\/\/prideshop.eu\/de\/wp-json\/wp\/v2\/media?parent=41603"}],"wp:term":[{"taxonomy":"product_brand","embeddable":true,"href":"https:\/\/prideshop.eu\/de\/wp-json\/wp\/v2\/product_brand?post=41603"},{"taxonomy":"product_cat","embeddable":true,"href":"https:\/\/prideshop.eu\/de\/wp-json\/wp\/v2\/product_cat?post=41603"},{"taxonomy":"product_tag","embeddable":true,"href":"https:\/\/prideshop.eu\/de\/wp-json\/wp\/v2\/product_tag?post=41603"}],"curies":[{"name":"wp","href":"https:\/\/api.w.org\/{rel}","templated":true}]}}