{"id":41666,"date":"2023-01-04T20:17:33","date_gmt":"2023-01-04T19:17:33","guid":{"rendered":"https:\/\/prideshop.eu\/spletna-trgovina\/unkategorisiert\/boxschuhe-speedex-ultra-adidas\/"},"modified":"2025-08-04T11:03:13","modified_gmt":"2025-08-04T09:03:13","slug":"boxschuhe-speedex-ultra-adidas","status":"publish","type":"product","link":"https:\/\/prideshop.eu\/de\/shop\/sportarten\/boxen\/boxschuhe\/boxschuhe-speedex-ultra-adidas\/","title":{"rendered":"Boxschuhe Adidas \u2013 Speedex Ultra"},"content":{"rendered":"<h3>Boxschuhe Adidas \u2013 Speedex Ultra<\/h3>\n<p>Boxschuhe Speedex Ultra, Adidas wurden in Zusammenarbeit mit professionellen K\u00e4mpfern hergestellt. Das leichte und luftige Mesh\u2013Obermaterial hat eine perforierte EVA\u2013Innenschicht f\u00fcr besseren Komfort bei intensivem Training. Die hervorragende Gummisohle und die 3D\u2013Konstruktion in der Ferse halten Ihre Fersen an Ort und Stelle und sorgen f\u00fcr eine bessere Stabilit\u00e4t. Auf der Unterseite befindet sich ein hervorragend verarbeitetes Torsion System\u2122 zur Unterst\u00fctzung von Rotationsbewegungen. Dieses Produkt ist nur eine der L\u00f6sungen, um die Menge an Plastikm\u00fcll zu reduzieren, da der obere Teil des Boxschuhs aus mehreren recycelten Materialien besteht und mindestens 50 % recyceltes Material enth\u00e4lt.<\/p>\n","protected":false},"excerpt":{"rendered":"<p>Boxschuhe Speedex Ultra, Adidas wurden in Zusammenarbeit mit professionellen K\u00e4mpfern hergestellt. Das leichte und luftige Mesh\u2013Obermaterial hat eine perforierte EVA\u2013Innenschicht f\u00fcr besseren Komfort bei intensivem Training. Die hervorragende Gummisohle und die 3D\u2013Konstruktion in der Ferse halten Ihre Fersen an Ort und Stelle und sorgen f\u00fcr eine bessere Stabilit\u00e4t. Auf der Unterseite befindet sich ein hervorragend verarbeitetes Torsion System\u2122 zur Unterst\u00fctzung von Rotationsbewegungen. Dieses Produkt ist nur eine der L\u00f6sungen, um die Menge an Plastikm\u00fcll zu reduzieren, da der obere Teil des Boxschuhs aus mehreren recycelten Materialien besteht und mindestens 50 % recyceltes Material enth\u00e4lt.<\/p>\n","protected":false},"featured_media":41609,"comment_status":"open","ping_status":"closed","template":"","meta":{"_acf_changed":false},"product_brand":[2084],"product_cat":[600,664,672,580,612,656,616],"product_tag":[],"class_list":{"0":"post-41666","1":"product","2":"type-product","3":"status-publish","4":"has-post-thumbnail","6":"product_brand-adidas","7":"product_cat-bekleidung-und-schuhe","8":"product_cat-boxen","9":"product_cat-boxschuhe","10":"product_cat-equipment-de","11":"product_cat-schuhe","12":"product_cat-sportarten","13":"product_cat-trainingsgerate","15":"first","16":"instock","17":"taxable","18":"shipping-taxable","19":"purchasable","20":"product-type-variable"},"acf":[],"yoast_head":"<!-- This site is optimized with the Yoast SEO plugin v27.4 - https:\/\/yoast.com\/product\/yoast-seo-wordpress\/ -->\n<title>Boxschuhe Adidas \u2013 Speedex Ultra - PRIDEshop<\/title>\n<meta name=\"description\" content=\"Boxschuhe Speedex Ultra, Adidas wurden in Zusammenarbeit mit professionellen K\u00e4mpfern hergestellt. Das leichte und luftige Mesh-Obermaterial.\" \/>\n<meta name=\"robots\" content=\"index, follow, max-snippet:-1, max-image-preview:large, max-video-preview:-1\" \/>\n<link rel=\"canonical\" href=\"https:\/\/prideshop.eu\/de\/shop\/sportarten\/boxen\/boxschuhe\/boxschuhe-speedex-ultra-adidas\/\" \/>\n<meta property=\"og:locale\" content=\"de_DE\" \/>\n<meta property=\"og:type\" content=\"article\" \/>\n<meta property=\"og:title\" content=\"Boxschuhe Adidas \u2013 Speedex Ultra - PRIDEshop\" \/>\n<meta property=\"og:description\" content=\"Boxschuhe Speedex Ultra, Adidas wurden in Zusammenarbeit mit professionellen K\u00e4mpfern hergestellt. Das leichte und luftige Mesh-Obermaterial.\" \/>\n<meta property=\"og:url\" content=\"https:\/\/prideshop.eu\/de\/shop\/sportarten\/boxen\/boxschuhe\/boxschuhe-speedex-ultra-adidas\/\" \/>\n<meta property=\"og:site_name\" content=\"PRIDEshop\" \/>\n<meta property=\"article:publisher\" content=\"https:\/\/sl-si.facebook.com\/PrideShopeu\" \/>\n<meta property=\"article:modified_time\" content=\"2025-08-04T09:03:13+00:00\" \/>\n<meta property=\"og:image\" content=\"https:\/\/prideshop.eu\/wp-content\/uploads\/2023\/01\/boks-copati-speedex-ultra-adidas-a180-bgold.jpeg\" \/>\n\t<meta property=\"og:image:width\" content=\"600\" \/>\n\t<meta property=\"og:image:height\" content=\"600\" \/>\n\t<meta property=\"og:image:type\" content=\"image\/jpeg\" \/>\n<meta name=\"twitter:card\" content=\"summary_large_image\" \/>\n<meta name=\"twitter:label1\" content=\"Gesch\u00e4tzte Lesezeit\" \/>\n\t<meta name=\"twitter:data1\" content=\"1\u00a0Minute\" \/>\n<script type=\"application\/ld+json\" class=\"yoast-schema-graph\">{\"@context\":\"https:\\\/\\\/schema.org\",\"@graph\":[{\"@type\":\"WebPage\",\"@id\":\"https:\\\/\\\/prideshop.eu\\\/de\\\/shop\\\/sportarten\\\/boxen\\\/boxschuhe\\\/boxschuhe-speedex-ultra-adidas\\\/\",\"url\":\"https:\\\/\\\/prideshop.eu\\\/de\\\/shop\\\/sportarten\\\/boxen\\\/boxschuhe\\\/boxschuhe-speedex-ultra-adidas\\\/\",\"name\":\"Boxschuhe Adidas \u2013 Speedex Ultra - PRIDEshop\",\"isPartOf\":{\"@id\":\"https:\\\/\\\/prideshop.eu\\\/de\\\/#website\"},\"primaryImageOfPage\":{\"@id\":\"https:\\\/\\\/prideshop.eu\\\/de\\\/shop\\\/sportarten\\\/boxen\\\/boxschuhe\\\/boxschuhe-speedex-ultra-adidas\\\/#primaryimage\"},\"image\":{\"@id\":\"https:\\\/\\\/prideshop.eu\\\/de\\\/shop\\\/sportarten\\\/boxen\\\/boxschuhe\\\/boxschuhe-speedex-ultra-adidas\\\/#primaryimage\"},\"thumbnailUrl\":\"https:\\\/\\\/prideshop.eu\\\/wp-content\\\/uploads\\\/2023\\\/01\\\/boks-copati-speedex-ultra-adidas-a180-bgold.jpeg\",\"datePublished\":\"2023-01-04T19:17:33+00:00\",\"dateModified\":\"2025-08-04T09:03:13+00:00\",\"description\":\"Boxschuhe Speedex Ultra, Adidas wurden in Zusammenarbeit mit professionellen K\u00e4mpfern hergestellt. Das leichte und luftige Mesh-Obermaterial.\",\"breadcrumb\":{\"@id\":\"https:\\\/\\\/prideshop.eu\\\/de\\\/shop\\\/sportarten\\\/boxen\\\/boxschuhe\\\/boxschuhe-speedex-ultra-adidas\\\/#breadcrumb\"},\"inLanguage\":\"de\",\"potentialAction\":[{\"@type\":\"ReadAction\",\"target\":[\"https:\\\/\\\/prideshop.eu\\\/de\\\/shop\\\/sportarten\\\/boxen\\\/boxschuhe\\\/boxschuhe-speedex-ultra-adidas\\\/\"]}]},{\"@type\":\"ImageObject\",\"inLanguage\":\"de\",\"@id\":\"https:\\\/\\\/prideshop.eu\\\/de\\\/shop\\\/sportarten\\\/boxen\\\/boxschuhe\\\/boxschuhe-speedex-ultra-adidas\\\/#primaryimage\",\"url\":\"https:\\\/\\\/prideshop.eu\\\/wp-content\\\/uploads\\\/2023\\\/01\\\/boks-copati-speedex-ultra-adidas-a180-bgold.jpeg\",\"contentUrl\":\"https:\\\/\\\/prideshop.eu\\\/wp-content\\\/uploads\\\/2023\\\/01\\\/boks-copati-speedex-ultra-adidas-a180-bgold.jpeg\",\"width\":600,\"height\":600,\"caption\":\"Boxschuhe Speedex Ultra Adidas\"},{\"@type\":\"BreadcrumbList\",\"@id\":\"https:\\\/\\\/prideshop.eu\\\/de\\\/shop\\\/sportarten\\\/boxen\\\/boxschuhe\\\/boxschuhe-speedex-ultra-adidas\\\/#breadcrumb\",\"itemListElement\":[{\"@type\":\"ListItem\",\"position\":1,\"name\":\"Home\",\"item\":\"https:\\\/\\\/prideshop.eu\\\/de\\\/\"},{\"@type\":\"ListItem\",\"position\":2,\"name\":\"Gesch\u00e4ft\",\"item\":\"https:\\\/\\\/prideshop.eu\\\/de\\\/geschaeft\\\/\"},{\"@type\":\"ListItem\",\"position\":3,\"name\":\"Boxschuhe Adidas \u2013 Speedex Ultra\"}]},{\"@type\":\"WebSite\",\"@id\":\"https:\\\/\\\/prideshop.eu\\\/de\\\/#website\",\"url\":\"https:\\\/\\\/prideshop.eu\\\/de\\\/\",\"name\":\"PRIDEshop\",\"description\":\"Oprema za Borilne \u0160porte\",\"publisher\":{\"@id\":\"https:\\\/\\\/prideshop.eu\\\/de\\\/#organization\"},\"potentialAction\":[{\"@type\":\"SearchAction\",\"target\":{\"@type\":\"EntryPoint\",\"urlTemplate\":\"https:\\\/\\\/prideshop.eu\\\/de\\\/?s={search_term_string}\"},\"query-input\":{\"@type\":\"PropertyValueSpecification\",\"valueRequired\":true,\"valueName\":\"search_term_string\"}}],\"inLanguage\":\"de\"},{\"@type\":\"Organization\",\"@id\":\"https:\\\/\\\/prideshop.eu\\\/de\\\/#organization\",\"name\":\"PRIDEshop\",\"url\":\"https:\\\/\\\/prideshop.eu\\\/de\\\/\",\"logo\":{\"@type\":\"ImageObject\",\"inLanguage\":\"de\",\"@id\":\"https:\\\/\\\/prideshop.eu\\\/de\\\/#\\\/schema\\\/logo\\\/image\\\/\",\"url\":\"\",\"contentUrl\":\"\",\"caption\":\"PRIDEshop\"},\"image\":{\"@id\":\"https:\\\/\\\/prideshop.eu\\\/de\\\/#\\\/schema\\\/logo\\\/image\\\/\"},\"sameAs\":[\"https:\\\/\\\/sl-si.facebook.com\\\/PrideShopeu\"]}]}<\/script>\n<!-- \/ Yoast SEO plugin. -->","yoast_head_json":{"title":"Boxschuhe Adidas \u2013 Speedex Ultra - PRIDEshop","description":"Boxschuhe Speedex Ultra, Adidas wurden in Zusammenarbeit mit professionellen K\u00e4mpfern hergestellt. Das leichte und luftige Mesh-Obermaterial.","robots":{"index":"index","follow":"follow","max-snippet":"max-snippet:-1","max-image-preview":"max-image-preview:large","max-video-preview":"max-video-preview:-1"},"canonical":"https:\/\/prideshop.eu\/de\/shop\/sportarten\/boxen\/boxschuhe\/boxschuhe-speedex-ultra-adidas\/","og_locale":"de_DE","og_type":"article","og_title":"Boxschuhe Adidas \u2013 Speedex Ultra - PRIDEshop","og_description":"Boxschuhe Speedex Ultra, Adidas wurden in Zusammenarbeit mit professionellen K\u00e4mpfern hergestellt. Das leichte und luftige Mesh-Obermaterial.","og_url":"https:\/\/prideshop.eu\/de\/shop\/sportarten\/boxen\/boxschuhe\/boxschuhe-speedex-ultra-adidas\/","og_site_name":"PRIDEshop","article_publisher":"https:\/\/sl-si.facebook.com\/PrideShopeu","article_modified_time":"2025-08-04T09:03:13+00:00","og_image":[{"width":600,"height":600,"url":"https:\/\/prideshop.eu\/wp-content\/uploads\/2023\/01\/boks-copati-speedex-ultra-adidas-a180-bgold.jpeg","type":"image\/jpeg"}],"twitter_card":"summary_large_image","twitter_misc":{"Gesch\u00e4tzte Lesezeit":"1\u00a0Minute"},"schema":{"@context":"https:\/\/schema.org","@graph":[{"@type":"WebPage","@id":"https:\/\/prideshop.eu\/de\/shop\/sportarten\/boxen\/boxschuhe\/boxschuhe-speedex-ultra-adidas\/","url":"https:\/\/prideshop.eu\/de\/shop\/sportarten\/boxen\/boxschuhe\/boxschuhe-speedex-ultra-adidas\/","name":"Boxschuhe Adidas \u2013 Speedex Ultra - PRIDEshop","isPartOf":{"@id":"https:\/\/prideshop.eu\/de\/#website"},"primaryImageOfPage":{"@id":"https:\/\/prideshop.eu\/de\/shop\/sportarten\/boxen\/boxschuhe\/boxschuhe-speedex-ultra-adidas\/#primaryimage"},"image":{"@id":"https:\/\/prideshop.eu\/de\/shop\/sportarten\/boxen\/boxschuhe\/boxschuhe-speedex-ultra-adidas\/#primaryimage"},"thumbnailUrl":"https:\/\/prideshop.eu\/wp-content\/uploads\/2023\/01\/boks-copati-speedex-ultra-adidas-a180-bgold.jpeg","datePublished":"2023-01-04T19:17:33+00:00","dateModified":"2025-08-04T09:03:13+00:00","description":"Boxschuhe Speedex Ultra, Adidas wurden in Zusammenarbeit mit professionellen K\u00e4mpfern hergestellt. Das leichte und luftige Mesh-Obermaterial.","breadcrumb":{"@id":"https:\/\/prideshop.eu\/de\/shop\/sportarten\/boxen\/boxschuhe\/boxschuhe-speedex-ultra-adidas\/#breadcrumb"},"inLanguage":"de","potentialAction":[{"@type":"ReadAction","target":["https:\/\/prideshop.eu\/de\/shop\/sportarten\/boxen\/boxschuhe\/boxschuhe-speedex-ultra-adidas\/"]}]},{"@type":"ImageObject","inLanguage":"de","@id":"https:\/\/prideshop.eu\/de\/shop\/sportarten\/boxen\/boxschuhe\/boxschuhe-speedex-ultra-adidas\/#primaryimage","url":"https:\/\/prideshop.eu\/wp-content\/uploads\/2023\/01\/boks-copati-speedex-ultra-adidas-a180-bgold.jpeg","contentUrl":"https:\/\/prideshop.eu\/wp-content\/uploads\/2023\/01\/boks-copati-speedex-ultra-adidas-a180-bgold.jpeg","width":600,"height":600,"caption":"Boxschuhe Speedex Ultra Adidas"},{"@type":"BreadcrumbList","@id":"https:\/\/prideshop.eu\/de\/shop\/sportarten\/boxen\/boxschuhe\/boxschuhe-speedex-ultra-adidas\/#breadcrumb","itemListElement":[{"@type":"ListItem","position":1,"name":"Home","item":"https:\/\/prideshop.eu\/de\/"},{"@type":"ListItem","position":2,"name":"Gesch\u00e4ft","item":"https:\/\/prideshop.eu\/de\/geschaeft\/"},{"@type":"ListItem","position":3,"name":"Boxschuhe Adidas \u2013 Speedex Ultra"}]},{"@type":"WebSite","@id":"https:\/\/prideshop.eu\/de\/#website","url":"https:\/\/prideshop.eu\/de\/","name":"PRIDEshop","description":"Oprema za Borilne \u0160porte","publisher":{"@id":"https:\/\/prideshop.eu\/de\/#organization"},"potentialAction":[{"@type":"SearchAction","target":{"@type":"EntryPoint","urlTemplate":"https:\/\/prideshop.eu\/de\/?s={search_term_string}"},"query-input":{"@type":"PropertyValueSpecification","valueRequired":true,"valueName":"search_term_string"}}],"inLanguage":"de"},{"@type":"Organization","@id":"https:\/\/prideshop.eu\/de\/#organization","name":"PRIDEshop","url":"https:\/\/prideshop.eu\/de\/","logo":{"@type":"ImageObject","inLanguage":"de","@id":"https:\/\/prideshop.eu\/de\/#\/schema\/logo\/image\/","url":"","contentUrl":"","caption":"PRIDEshop"},"image":{"@id":"https:\/\/prideshop.eu\/de\/#\/schema\/logo\/image\/"},"sameAs":["https:\/\/sl-si.facebook.com\/PrideShopeu"]}]}},"_links":{"self":[{"href":"https:\/\/prideshop.eu\/de\/wp-json\/wp\/v2\/product\/41666","targetHints":{"allow":["GET"]}}],"collection":[{"href":"https:\/\/prideshop.eu\/de\/wp-json\/wp\/v2\/product"}],"about":[{"href":"https:\/\/prideshop.eu\/de\/wp-json\/wp\/v2\/types\/product"}],"replies":[{"embeddable":true,"href":"https:\/\/prideshop.eu\/de\/wp-json\/wp\/v2\/comments?post=41666"}],"wp:featuredmedia":[{"embeddable":true,"href":"https:\/\/prideshop.eu\/de\/wp-json\/wp\/v2\/media\/41609"}],"wp:attachment":[{"href":"https:\/\/prideshop.eu\/de\/wp-json\/wp\/v2\/media?parent=41666"}],"wp:term":[{"taxonomy":"product_brand","embeddable":true,"href":"https:\/\/prideshop.eu\/de\/wp-json\/wp\/v2\/product_brand?post=41666"},{"taxonomy":"product_cat","embeddable":true,"href":"https:\/\/prideshop.eu\/de\/wp-json\/wp\/v2\/product_cat?post=41666"},{"taxonomy":"product_tag","embeddable":true,"href":"https:\/\/prideshop.eu\/de\/wp-json\/wp\/v2\/product_tag?post=41666"}],"curies":[{"name":"wp","href":"https:\/\/api.w.org\/{rel}","templated":true}]}}