{"id":41698,"date":"2023-01-08T16:12:09","date_gmt":"2023-01-08T15:12:09","guid":{"rendered":"https:\/\/prideshop.eu\/spletna-trgovina\/unkategorisiert\/saunaanzug-adidas\/"},"modified":"2026-01-12T19:46:38","modified_gmt":"2026-01-12T18:46:38","slug":"saunaanzug-adidas","status":"publish","type":"product","link":"https:\/\/prideshop.eu\/de\/shop\/sportarten\/itf-taekwondo-traditonelles-taekwondo\/taekwondo-zubehor-itf\/saunaanzug-adidas\/","title":{"rendered":"Saunaanzug Adidas \u2013 SaunaMax"},"content":{"rendered":"<h3>Saunaanzug Adidas \u2013 SaunaMax<\/h3>\n<p>Saunaanzug, Adidas wird aus einem leicht dehnbaren, hochwertigen, strapazierf\u00e4higen und bequemen, wasserfesten Polyestermaterial hergestellt. Ideal zum Schwitzen w\u00e4hrend des Trainings, zum Abnehmen vor dem Wiegen oder zum Abnehmen. Dieser Saunaanzug hilft Ihnen nicht nur, mehr Kalorien zu verbrennen und mehr zu schwitzen, sondern ist auch bequemer als andere Saunaanz\u00fcge. Hilft Ihnen beim Aufw\u00e4rmen und h\u00e4lt die Muskeln f\u00fcr die produktivsten Trainingseinheiten aufgew\u00e4rmt und entspannt gleichzeitig die Muskeln.<\/p>\n","protected":false},"excerpt":{"rendered":"<p>Saunaanzug, Adidas wird aus einem leicht dehnbaren, hochwertigen, strapazierf\u00e4higen und bequemen, wasserfesten Polyestermaterial hergestellt. Ideal zum Schwitzen w\u00e4hrend des Trainings, zum Abnehmen vor dem Wiegen oder zum Abnehmen. Dieser Saunaanzug hilft Ihnen nicht nur, mehr Kalorien zu verbrennen und mehr zu schwitzen, sondern ist auch bequemer als andere Saunaanz\u00fcge. Hilft Ihnen beim Aufw\u00e4rmen und h\u00e4lt die Muskeln f\u00fcr die produktivsten Trainingseinheiten aufgew\u00e4rmt und entspannt gleichzeitig die Muskeln.<\/p>\n","protected":false},"featured_media":41685,"comment_status":"open","ping_status":"closed","template":"","meta":{"_acf_changed":false},"product_brand":[2084],"product_cat":[600,664,674,580,590,788,700,702,710,1906,722,724,734,736,744,746,768,770,588,656,756,790,758,778,780,616],"product_tag":[],"class_list":{"0":"post-41698","1":"product","2":"type-product","3":"status-publish","4":"has-post-thumbnail","6":"product_brand-adidas","7":"product_cat-bekleidung-und-schuhe","8":"product_cat-boxen","9":"product_cat-boxen-zubehor","10":"product_cat-equipment-de","11":"product_cat-fitness-in-cross-trening-de","12":"product_cat-itf-taekwondo-traditonelles-taekwondo","13":"product_cat-judo-de","14":"product_cat-judo-zubehor","15":"product_cat-karate-ausruestung","16":"product_cat-karate-bekleidung-zubehoer","17":"product_cat-kickboxen","18":"product_cat-kickboxen-zubehor","19":"product_cat-krav-maga-de","20":"product_cat-krav-maga-zubehor","21":"product_cat-mma-ultimate-fight-de","22":"product_cat-mma-ultimate-fight-zubehor","23":"product_cat-ringen-sambo","24":"product_cat-ringen-und-sambo-zubehor","25":"product_cat-sonstiges","26":"product_cat-sportarten","27":"product_cat-taekwondo-wt-olypic-sports","28":"product_cat-taekwondo-zubehor-itf","29":"product_cat-taekwondo-zubehor-wt","30":"product_cat-thaiboxen","31":"product_cat-thaiboxen-zubehor","32":"product_cat-trainingsgerate","34":"first","35":"instock","36":"taxable","37":"shipping-taxable","38":"purchasable","39":"product-type-variable"},"acf":[],"yoast_head":"<!-- This site is optimized with the Yoast SEO plugin v27.5 - https:\/\/yoast.com\/product\/yoast-seo-wordpress\/ -->\n<title>Saunaanzug Adidas \u2013 SaunaMax - PRIDEshop<\/title>\n<meta name=\"description\" content=\"Saunaanzug, Adidas wird aus einem leicht dehnbaren, hochwertigen, strapazierf\u00e4higen und bequemen, wasserfesten Polyestermaterial hergestellt.\" \/>\n<meta name=\"robots\" content=\"index, follow, max-snippet:-1, max-image-preview:large, max-video-preview:-1\" \/>\n<link rel=\"canonical\" href=\"https:\/\/prideshop.eu\/de\/shop\/sportarten\/itf-taekwondo-traditonelles-taekwondo\/taekwondo-zubehor-itf\/saunaanzug-adidas\/\" \/>\n<meta property=\"og:locale\" content=\"de_DE\" \/>\n<meta property=\"og:type\" content=\"article\" \/>\n<meta property=\"og:title\" content=\"Saunaanzug Adidas \u2013 SaunaMax - PRIDEshop\" \/>\n<meta property=\"og:description\" content=\"Saunaanzug, Adidas wird aus einem leicht dehnbaren, hochwertigen, strapazierf\u00e4higen und bequemen, wasserfesten Polyestermaterial hergestellt.\" \/>\n<meta property=\"og:url\" content=\"https:\/\/prideshop.eu\/de\/shop\/sportarten\/itf-taekwondo-traditonelles-taekwondo\/taekwondo-zubehor-itf\/saunaanzug-adidas\/\" \/>\n<meta property=\"og:site_name\" content=\"PRIDEshop\" \/>\n<meta property=\"article:publisher\" content=\"https:\/\/sl-si.facebook.com\/PrideShopeu\" \/>\n<meta property=\"article:modified_time\" content=\"2026-01-12T18:46:38+00:00\" \/>\n<meta property=\"og:image\" content=\"https:\/\/prideshop.eu\/wp-content\/uploads\/2023\/01\/savna-obleka-adidas-a839.jpeg\" \/>\n\t<meta property=\"og:image:width\" content=\"600\" \/>\n\t<meta property=\"og:image:height\" content=\"600\" \/>\n\t<meta property=\"og:image:type\" content=\"image\/jpeg\" \/>\n<meta name=\"twitter:card\" content=\"summary_large_image\" \/>\n<script type=\"application\/ld+json\" class=\"yoast-schema-graph\">{\"@context\":\"https:\\\/\\\/schema.org\",\"@graph\":[{\"@type\":\"WebPage\",\"@id\":\"https:\\\/\\\/prideshop.eu\\\/de\\\/shop\\\/sportarten\\\/itf-taekwondo-traditonelles-taekwondo\\\/taekwondo-zubehor-itf\\\/saunaanzug-adidas\\\/\",\"url\":\"https:\\\/\\\/prideshop.eu\\\/de\\\/shop\\\/sportarten\\\/itf-taekwondo-traditonelles-taekwondo\\\/taekwondo-zubehor-itf\\\/saunaanzug-adidas\\\/\",\"name\":\"Saunaanzug Adidas \u2013 SaunaMax - PRIDEshop\",\"isPartOf\":{\"@id\":\"https:\\\/\\\/prideshop.eu\\\/de\\\/#website\"},\"primaryImageOfPage\":{\"@id\":\"https:\\\/\\\/prideshop.eu\\\/de\\\/shop\\\/sportarten\\\/itf-taekwondo-traditonelles-taekwondo\\\/taekwondo-zubehor-itf\\\/saunaanzug-adidas\\\/#primaryimage\"},\"image\":{\"@id\":\"https:\\\/\\\/prideshop.eu\\\/de\\\/shop\\\/sportarten\\\/itf-taekwondo-traditonelles-taekwondo\\\/taekwondo-zubehor-itf\\\/saunaanzug-adidas\\\/#primaryimage\"},\"thumbnailUrl\":\"https:\\\/\\\/prideshop.eu\\\/wp-content\\\/uploads\\\/2023\\\/01\\\/savna-obleka-adidas-a839.jpeg\",\"datePublished\":\"2023-01-08T15:12:09+00:00\",\"dateModified\":\"2026-01-12T18:46:38+00:00\",\"description\":\"Saunaanzug, Adidas wird aus einem leicht dehnbaren, hochwertigen, strapazierf\u00e4higen und bequemen, wasserfesten Polyestermaterial hergestellt.\",\"breadcrumb\":{\"@id\":\"https:\\\/\\\/prideshop.eu\\\/de\\\/shop\\\/sportarten\\\/itf-taekwondo-traditonelles-taekwondo\\\/taekwondo-zubehor-itf\\\/saunaanzug-adidas\\\/#breadcrumb\"},\"inLanguage\":\"de\",\"potentialAction\":[{\"@type\":\"ReadAction\",\"target\":[\"https:\\\/\\\/prideshop.eu\\\/de\\\/shop\\\/sportarten\\\/itf-taekwondo-traditonelles-taekwondo\\\/taekwondo-zubehor-itf\\\/saunaanzug-adidas\\\/\"]}]},{\"@type\":\"ImageObject\",\"inLanguage\":\"de\",\"@id\":\"https:\\\/\\\/prideshop.eu\\\/de\\\/shop\\\/sportarten\\\/itf-taekwondo-traditonelles-taekwondo\\\/taekwondo-zubehor-itf\\\/saunaanzug-adidas\\\/#primaryimage\",\"url\":\"https:\\\/\\\/prideshop.eu\\\/wp-content\\\/uploads\\\/2023\\\/01\\\/savna-obleka-adidas-a839.jpeg\",\"contentUrl\":\"https:\\\/\\\/prideshop.eu\\\/wp-content\\\/uploads\\\/2023\\\/01\\\/savna-obleka-adidas-a839.jpeg\",\"width\":600,\"height\":600,\"caption\":\"Saunaanzug Adidas\"},{\"@type\":\"BreadcrumbList\",\"@id\":\"https:\\\/\\\/prideshop.eu\\\/de\\\/shop\\\/sportarten\\\/itf-taekwondo-traditonelles-taekwondo\\\/taekwondo-zubehor-itf\\\/saunaanzug-adidas\\\/#breadcrumb\",\"itemListElement\":[{\"@type\":\"ListItem\",\"position\":1,\"name\":\"Home\",\"item\":\"https:\\\/\\\/prideshop.eu\\\/de\\\/\"},{\"@type\":\"ListItem\",\"position\":2,\"name\":\"Gesch\u00e4ft\",\"item\":\"https:\\\/\\\/prideshop.eu\\\/de\\\/geschaeft\\\/\"},{\"@type\":\"ListItem\",\"position\":3,\"name\":\"Saunaanzug Adidas \u2013 SaunaMax\"}]},{\"@type\":\"WebSite\",\"@id\":\"https:\\\/\\\/prideshop.eu\\\/de\\\/#website\",\"url\":\"https:\\\/\\\/prideshop.eu\\\/de\\\/\",\"name\":\"PRIDEshop\",\"description\":\"Oprema za Borilne \u0160porte\",\"publisher\":{\"@id\":\"https:\\\/\\\/prideshop.eu\\\/de\\\/#organization\"},\"potentialAction\":[{\"@type\":\"SearchAction\",\"target\":{\"@type\":\"EntryPoint\",\"urlTemplate\":\"https:\\\/\\\/prideshop.eu\\\/de\\\/?s={search_term_string}\"},\"query-input\":{\"@type\":\"PropertyValueSpecification\",\"valueRequired\":true,\"valueName\":\"search_term_string\"}}],\"inLanguage\":\"de\"},{\"@type\":\"Organization\",\"@id\":\"https:\\\/\\\/prideshop.eu\\\/de\\\/#organization\",\"name\":\"PRIDEshop\",\"url\":\"https:\\\/\\\/prideshop.eu\\\/de\\\/\",\"logo\":{\"@type\":\"ImageObject\",\"inLanguage\":\"de\",\"@id\":\"https:\\\/\\\/prideshop.eu\\\/de\\\/#\\\/schema\\\/logo\\\/image\\\/\",\"url\":\"\",\"contentUrl\":\"\",\"caption\":\"PRIDEshop\"},\"image\":{\"@id\":\"https:\\\/\\\/prideshop.eu\\\/de\\\/#\\\/schema\\\/logo\\\/image\\\/\"},\"sameAs\":[\"https:\\\/\\\/sl-si.facebook.com\\\/PrideShopeu\"]}]}<\/script>\n<!-- \/ Yoast SEO plugin. -->","yoast_head_json":{"title":"Saunaanzug Adidas \u2013 SaunaMax - PRIDEshop","description":"Saunaanzug, Adidas wird aus einem leicht dehnbaren, hochwertigen, strapazierf\u00e4higen und bequemen, wasserfesten Polyestermaterial hergestellt.","robots":{"index":"index","follow":"follow","max-snippet":"max-snippet:-1","max-image-preview":"max-image-preview:large","max-video-preview":"max-video-preview:-1"},"canonical":"https:\/\/prideshop.eu\/de\/shop\/sportarten\/itf-taekwondo-traditonelles-taekwondo\/taekwondo-zubehor-itf\/saunaanzug-adidas\/","og_locale":"de_DE","og_type":"article","og_title":"Saunaanzug Adidas \u2013 SaunaMax - PRIDEshop","og_description":"Saunaanzug, Adidas wird aus einem leicht dehnbaren, hochwertigen, strapazierf\u00e4higen und bequemen, wasserfesten Polyestermaterial hergestellt.","og_url":"https:\/\/prideshop.eu\/de\/shop\/sportarten\/itf-taekwondo-traditonelles-taekwondo\/taekwondo-zubehor-itf\/saunaanzug-adidas\/","og_site_name":"PRIDEshop","article_publisher":"https:\/\/sl-si.facebook.com\/PrideShopeu","article_modified_time":"2026-01-12T18:46:38+00:00","og_image":[{"width":600,"height":600,"url":"https:\/\/prideshop.eu\/wp-content\/uploads\/2023\/01\/savna-obleka-adidas-a839.jpeg","type":"image\/jpeg"}],"twitter_card":"summary_large_image","schema":{"@context":"https:\/\/schema.org","@graph":[{"@type":"WebPage","@id":"https:\/\/prideshop.eu\/de\/shop\/sportarten\/itf-taekwondo-traditonelles-taekwondo\/taekwondo-zubehor-itf\/saunaanzug-adidas\/","url":"https:\/\/prideshop.eu\/de\/shop\/sportarten\/itf-taekwondo-traditonelles-taekwondo\/taekwondo-zubehor-itf\/saunaanzug-adidas\/","name":"Saunaanzug Adidas \u2013 SaunaMax - PRIDEshop","isPartOf":{"@id":"https:\/\/prideshop.eu\/de\/#website"},"primaryImageOfPage":{"@id":"https:\/\/prideshop.eu\/de\/shop\/sportarten\/itf-taekwondo-traditonelles-taekwondo\/taekwondo-zubehor-itf\/saunaanzug-adidas\/#primaryimage"},"image":{"@id":"https:\/\/prideshop.eu\/de\/shop\/sportarten\/itf-taekwondo-traditonelles-taekwondo\/taekwondo-zubehor-itf\/saunaanzug-adidas\/#primaryimage"},"thumbnailUrl":"https:\/\/prideshop.eu\/wp-content\/uploads\/2023\/01\/savna-obleka-adidas-a839.jpeg","datePublished":"2023-01-08T15:12:09+00:00","dateModified":"2026-01-12T18:46:38+00:00","description":"Saunaanzug, Adidas wird aus einem leicht dehnbaren, hochwertigen, strapazierf\u00e4higen und bequemen, wasserfesten Polyestermaterial hergestellt.","breadcrumb":{"@id":"https:\/\/prideshop.eu\/de\/shop\/sportarten\/itf-taekwondo-traditonelles-taekwondo\/taekwondo-zubehor-itf\/saunaanzug-adidas\/#breadcrumb"},"inLanguage":"de","potentialAction":[{"@type":"ReadAction","target":["https:\/\/prideshop.eu\/de\/shop\/sportarten\/itf-taekwondo-traditonelles-taekwondo\/taekwondo-zubehor-itf\/saunaanzug-adidas\/"]}]},{"@type":"ImageObject","inLanguage":"de","@id":"https:\/\/prideshop.eu\/de\/shop\/sportarten\/itf-taekwondo-traditonelles-taekwondo\/taekwondo-zubehor-itf\/saunaanzug-adidas\/#primaryimage","url":"https:\/\/prideshop.eu\/wp-content\/uploads\/2023\/01\/savna-obleka-adidas-a839.jpeg","contentUrl":"https:\/\/prideshop.eu\/wp-content\/uploads\/2023\/01\/savna-obleka-adidas-a839.jpeg","width":600,"height":600,"caption":"Saunaanzug Adidas"},{"@type":"BreadcrumbList","@id":"https:\/\/prideshop.eu\/de\/shop\/sportarten\/itf-taekwondo-traditonelles-taekwondo\/taekwondo-zubehor-itf\/saunaanzug-adidas\/#breadcrumb","itemListElement":[{"@type":"ListItem","position":1,"name":"Home","item":"https:\/\/prideshop.eu\/de\/"},{"@type":"ListItem","position":2,"name":"Gesch\u00e4ft","item":"https:\/\/prideshop.eu\/de\/geschaeft\/"},{"@type":"ListItem","position":3,"name":"Saunaanzug Adidas \u2013 SaunaMax"}]},{"@type":"WebSite","@id":"https:\/\/prideshop.eu\/de\/#website","url":"https:\/\/prideshop.eu\/de\/","name":"PRIDEshop","description":"Oprema za Borilne \u0160porte","publisher":{"@id":"https:\/\/prideshop.eu\/de\/#organization"},"potentialAction":[{"@type":"SearchAction","target":{"@type":"EntryPoint","urlTemplate":"https:\/\/prideshop.eu\/de\/?s={search_term_string}"},"query-input":{"@type":"PropertyValueSpecification","valueRequired":true,"valueName":"search_term_string"}}],"inLanguage":"de"},{"@type":"Organization","@id":"https:\/\/prideshop.eu\/de\/#organization","name":"PRIDEshop","url":"https:\/\/prideshop.eu\/de\/","logo":{"@type":"ImageObject","inLanguage":"de","@id":"https:\/\/prideshop.eu\/de\/#\/schema\/logo\/image\/","url":"","contentUrl":"","caption":"PRIDEshop"},"image":{"@id":"https:\/\/prideshop.eu\/de\/#\/schema\/logo\/image\/"},"sameAs":["https:\/\/sl-si.facebook.com\/PrideShopeu"]}]}},"_links":{"self":[{"href":"https:\/\/prideshop.eu\/de\/wp-json\/wp\/v2\/product\/41698","targetHints":{"allow":["GET"]}}],"collection":[{"href":"https:\/\/prideshop.eu\/de\/wp-json\/wp\/v2\/product"}],"about":[{"href":"https:\/\/prideshop.eu\/de\/wp-json\/wp\/v2\/types\/product"}],"replies":[{"embeddable":true,"href":"https:\/\/prideshop.eu\/de\/wp-json\/wp\/v2\/comments?post=41698"}],"wp:featuredmedia":[{"embeddable":true,"href":"https:\/\/prideshop.eu\/de\/wp-json\/wp\/v2\/media\/41685"}],"wp:attachment":[{"href":"https:\/\/prideshop.eu\/de\/wp-json\/wp\/v2\/media?parent=41698"}],"wp:term":[{"taxonomy":"product_brand","embeddable":true,"href":"https:\/\/prideshop.eu\/de\/wp-json\/wp\/v2\/product_brand?post=41698"},{"taxonomy":"product_cat","embeddable":true,"href":"https:\/\/prideshop.eu\/de\/wp-json\/wp\/v2\/product_cat?post=41698"},{"taxonomy":"product_tag","embeddable":true,"href":"https:\/\/prideshop.eu\/de\/wp-json\/wp\/v2\/product_tag?post=41698"}],"curies":[{"name":"wp","href":"https:\/\/api.w.org\/{rel}","templated":true}]}}