{"id":41743,"date":"2023-01-08T17:41:05","date_gmt":"2023-01-08T16:41:05","guid":{"rendered":"https:\/\/prideshop.eu\/spletna-trgovina\/unkategorisiert\/box-t-shirt-olympic-pride\/"},"modified":"2025-08-04T10:45:34","modified_gmt":"2025-08-04T08:45:34","slug":"box-t-shirt-olympic-pride","status":"publish","type":"product","link":"https:\/\/prideshop.eu\/de\/shop\/sportarten\/boxen\/boxbekleidung\/box-t-shirt-olympic-pride\/","title":{"rendered":"Wettkampf-Boxshirt Pride \u2013 Olimp"},"content":{"rendered":"<h3>Wettkampf-Boxshirt Pride \u2013 Olimp<\/h3>\n<p>Box\u2013T\u2013Shirt Olympic, Pride besteht aus leichtem und bequemem Polyester Material, das maximalen Komfort und schnelles Trocknen erm\u00f6glicht. Das Boxshirt ist f\u00fcr Wettk\u00e4mpfe und Training geeignet. Es wird nach den geforderten Standards des Boxverbandes AIBA hergestellt.<\/p>\n","protected":false},"excerpt":{"rendered":"<p>Box\u2013T\u2013Shirt Olympic, Pride besteht aus leichtem und bequemem Polyester Material, das maximalen Komfort und schnelles Trocknen erm\u00f6glicht. Das Boxshirt ist f\u00fcr Wettk\u00e4mpfe und Training geeignet. Es wird nach den geforderten Standards des Boxverbandes AIBA hergestellt.<\/p>\n","protected":false},"featured_media":41706,"comment_status":"open","ping_status":"closed","template":"","meta":{"_acf_changed":false},"product_brand":[2086],"product_cat":[600,664,668,580,656,608],"product_tag":[],"class_list":{"0":"post-41743","1":"product","2":"type-product","3":"status-publish","4":"has-post-thumbnail","6":"product_brand-pride","7":"product_cat-bekleidung-und-schuhe","8":"product_cat-boxen","9":"product_cat-boxbekleidung","10":"product_cat-equipment-de","11":"product_cat-sportarten","12":"product_cat-t-shirt-de","14":"first","15":"instock","16":"taxable","17":"shipping-taxable","18":"purchasable","19":"product-type-variable"},"acf":[],"yoast_head":"<!-- This site is optimized with the Yoast SEO plugin v27.5 - https:\/\/yoast.com\/product\/yoast-seo-wordpress\/ -->\n<title>Wettkampf-Boxshirt Pride \u2013 Olimp - PRIDEshop<\/title>\n<meta name=\"description\" content=\"Box-T-Shirt Olympic, Pride besteht aus leichtem und bequemem Polyester Material, das maximalen Komfort und schnelles Trocknen erm\u00f6glicht.\" \/>\n<meta name=\"robots\" content=\"index, follow, max-snippet:-1, max-image-preview:large, max-video-preview:-1\" \/>\n<link rel=\"canonical\" href=\"https:\/\/prideshop.eu\/de\/shop\/sportarten\/boxen\/boxbekleidung\/box-t-shirt-olympic-pride\/\" \/>\n<meta property=\"og:locale\" content=\"de_DE\" \/>\n<meta property=\"og:type\" content=\"article\" \/>\n<meta property=\"og:title\" content=\"Wettkampf-Boxshirt Pride \u2013 Olimp - PRIDEshop\" \/>\n<meta property=\"og:description\" content=\"Box-T-Shirt Olympic, Pride besteht aus leichtem und bequemem Polyester Material, das maximalen Komfort und schnelles Trocknen erm\u00f6glicht.\" \/>\n<meta property=\"og:url\" content=\"https:\/\/prideshop.eu\/de\/shop\/sportarten\/boxen\/boxbekleidung\/box-t-shirt-olympic-pride\/\" \/>\n<meta property=\"og:site_name\" content=\"PRIDEshop\" \/>\n<meta property=\"article:publisher\" content=\"https:\/\/sl-si.facebook.com\/PrideShopeu\" \/>\n<meta property=\"article:modified_time\" content=\"2025-08-04T08:45:34+00:00\" \/>\n<meta property=\"og:image\" content=\"https:\/\/prideshop.eu\/wp-content\/uploads\/2023\/01\/boks-majica-olimpijska-pride-2153.jpeg\" \/>\n\t<meta property=\"og:image:width\" content=\"600\" \/>\n\t<meta property=\"og:image:height\" content=\"600\" \/>\n\t<meta property=\"og:image:type\" content=\"image\/jpeg\" \/>\n<meta name=\"twitter:card\" content=\"summary_large_image\" \/>\n<script type=\"application\/ld+json\" class=\"yoast-schema-graph\">{\"@context\":\"https:\\\/\\\/schema.org\",\"@graph\":[{\"@type\":\"WebPage\",\"@id\":\"https:\\\/\\\/prideshop.eu\\\/de\\\/shop\\\/sportarten\\\/boxen\\\/boxbekleidung\\\/box-t-shirt-olympic-pride\\\/\",\"url\":\"https:\\\/\\\/prideshop.eu\\\/de\\\/shop\\\/sportarten\\\/boxen\\\/boxbekleidung\\\/box-t-shirt-olympic-pride\\\/\",\"name\":\"Wettkampf-Boxshirt Pride \u2013 Olimp - PRIDEshop\",\"isPartOf\":{\"@id\":\"https:\\\/\\\/prideshop.eu\\\/de\\\/#website\"},\"primaryImageOfPage\":{\"@id\":\"https:\\\/\\\/prideshop.eu\\\/de\\\/shop\\\/sportarten\\\/boxen\\\/boxbekleidung\\\/box-t-shirt-olympic-pride\\\/#primaryimage\"},\"image\":{\"@id\":\"https:\\\/\\\/prideshop.eu\\\/de\\\/shop\\\/sportarten\\\/boxen\\\/boxbekleidung\\\/box-t-shirt-olympic-pride\\\/#primaryimage\"},\"thumbnailUrl\":\"https:\\\/\\\/prideshop.eu\\\/wp-content\\\/uploads\\\/2023\\\/01\\\/boks-majica-olimpijska-pride-2153.jpeg\",\"datePublished\":\"2023-01-08T16:41:05+00:00\",\"dateModified\":\"2025-08-04T08:45:34+00:00\",\"description\":\"Box-T-Shirt Olympic, Pride besteht aus leichtem und bequemem Polyester Material, das maximalen Komfort und schnelles Trocknen erm\u00f6glicht.\",\"breadcrumb\":{\"@id\":\"https:\\\/\\\/prideshop.eu\\\/de\\\/shop\\\/sportarten\\\/boxen\\\/boxbekleidung\\\/box-t-shirt-olympic-pride\\\/#breadcrumb\"},\"inLanguage\":\"de\",\"potentialAction\":[{\"@type\":\"ReadAction\",\"target\":[\"https:\\\/\\\/prideshop.eu\\\/de\\\/shop\\\/sportarten\\\/boxen\\\/boxbekleidung\\\/box-t-shirt-olympic-pride\\\/\"]}]},{\"@type\":\"ImageObject\",\"inLanguage\":\"de\",\"@id\":\"https:\\\/\\\/prideshop.eu\\\/de\\\/shop\\\/sportarten\\\/boxen\\\/boxbekleidung\\\/box-t-shirt-olympic-pride\\\/#primaryimage\",\"url\":\"https:\\\/\\\/prideshop.eu\\\/wp-content\\\/uploads\\\/2023\\\/01\\\/boks-majica-olimpijska-pride-2153.jpeg\",\"contentUrl\":\"https:\\\/\\\/prideshop.eu\\\/wp-content\\\/uploads\\\/2023\\\/01\\\/boks-majica-olimpijska-pride-2153.jpeg\",\"width\":600,\"height\":600,\"caption\":\"Box-T-Shirt Olympic Pride\"},{\"@type\":\"BreadcrumbList\",\"@id\":\"https:\\\/\\\/prideshop.eu\\\/de\\\/shop\\\/sportarten\\\/boxen\\\/boxbekleidung\\\/box-t-shirt-olympic-pride\\\/#breadcrumb\",\"itemListElement\":[{\"@type\":\"ListItem\",\"position\":1,\"name\":\"Home\",\"item\":\"https:\\\/\\\/prideshop.eu\\\/de\\\/\"},{\"@type\":\"ListItem\",\"position\":2,\"name\":\"Gesch\u00e4ft\",\"item\":\"https:\\\/\\\/prideshop.eu\\\/de\\\/geschaeft\\\/\"},{\"@type\":\"ListItem\",\"position\":3,\"name\":\"Wettkampf-Boxshirt Pride \u2013 Olimp\"}]},{\"@type\":\"WebSite\",\"@id\":\"https:\\\/\\\/prideshop.eu\\\/de\\\/#website\",\"url\":\"https:\\\/\\\/prideshop.eu\\\/de\\\/\",\"name\":\"PRIDEshop\",\"description\":\"Oprema za Borilne \u0160porte\",\"publisher\":{\"@id\":\"https:\\\/\\\/prideshop.eu\\\/de\\\/#organization\"},\"potentialAction\":[{\"@type\":\"SearchAction\",\"target\":{\"@type\":\"EntryPoint\",\"urlTemplate\":\"https:\\\/\\\/prideshop.eu\\\/de\\\/?s={search_term_string}\"},\"query-input\":{\"@type\":\"PropertyValueSpecification\",\"valueRequired\":true,\"valueName\":\"search_term_string\"}}],\"inLanguage\":\"de\"},{\"@type\":\"Organization\",\"@id\":\"https:\\\/\\\/prideshop.eu\\\/de\\\/#organization\",\"name\":\"PRIDEshop\",\"url\":\"https:\\\/\\\/prideshop.eu\\\/de\\\/\",\"logo\":{\"@type\":\"ImageObject\",\"inLanguage\":\"de\",\"@id\":\"https:\\\/\\\/prideshop.eu\\\/de\\\/#\\\/schema\\\/logo\\\/image\\\/\",\"url\":\"\",\"contentUrl\":\"\",\"caption\":\"PRIDEshop\"},\"image\":{\"@id\":\"https:\\\/\\\/prideshop.eu\\\/de\\\/#\\\/schema\\\/logo\\\/image\\\/\"},\"sameAs\":[\"https:\\\/\\\/sl-si.facebook.com\\\/PrideShopeu\"]}]}<\/script>\n<!-- \/ Yoast SEO plugin. -->","yoast_head_json":{"title":"Wettkampf-Boxshirt Pride \u2013 Olimp - PRIDEshop","description":"Box-T-Shirt Olympic, Pride besteht aus leichtem und bequemem Polyester Material, das maximalen Komfort und schnelles Trocknen erm\u00f6glicht.","robots":{"index":"index","follow":"follow","max-snippet":"max-snippet:-1","max-image-preview":"max-image-preview:large","max-video-preview":"max-video-preview:-1"},"canonical":"https:\/\/prideshop.eu\/de\/shop\/sportarten\/boxen\/boxbekleidung\/box-t-shirt-olympic-pride\/","og_locale":"de_DE","og_type":"article","og_title":"Wettkampf-Boxshirt Pride \u2013 Olimp - PRIDEshop","og_description":"Box-T-Shirt Olympic, Pride besteht aus leichtem und bequemem Polyester Material, das maximalen Komfort und schnelles Trocknen erm\u00f6glicht.","og_url":"https:\/\/prideshop.eu\/de\/shop\/sportarten\/boxen\/boxbekleidung\/box-t-shirt-olympic-pride\/","og_site_name":"PRIDEshop","article_publisher":"https:\/\/sl-si.facebook.com\/PrideShopeu","article_modified_time":"2025-08-04T08:45:34+00:00","og_image":[{"width":600,"height":600,"url":"https:\/\/prideshop.eu\/wp-content\/uploads\/2023\/01\/boks-majica-olimpijska-pride-2153.jpeg","type":"image\/jpeg"}],"twitter_card":"summary_large_image","schema":{"@context":"https:\/\/schema.org","@graph":[{"@type":"WebPage","@id":"https:\/\/prideshop.eu\/de\/shop\/sportarten\/boxen\/boxbekleidung\/box-t-shirt-olympic-pride\/","url":"https:\/\/prideshop.eu\/de\/shop\/sportarten\/boxen\/boxbekleidung\/box-t-shirt-olympic-pride\/","name":"Wettkampf-Boxshirt Pride \u2013 Olimp - PRIDEshop","isPartOf":{"@id":"https:\/\/prideshop.eu\/de\/#website"},"primaryImageOfPage":{"@id":"https:\/\/prideshop.eu\/de\/shop\/sportarten\/boxen\/boxbekleidung\/box-t-shirt-olympic-pride\/#primaryimage"},"image":{"@id":"https:\/\/prideshop.eu\/de\/shop\/sportarten\/boxen\/boxbekleidung\/box-t-shirt-olympic-pride\/#primaryimage"},"thumbnailUrl":"https:\/\/prideshop.eu\/wp-content\/uploads\/2023\/01\/boks-majica-olimpijska-pride-2153.jpeg","datePublished":"2023-01-08T16:41:05+00:00","dateModified":"2025-08-04T08:45:34+00:00","description":"Box-T-Shirt Olympic, Pride besteht aus leichtem und bequemem Polyester Material, das maximalen Komfort und schnelles Trocknen erm\u00f6glicht.","breadcrumb":{"@id":"https:\/\/prideshop.eu\/de\/shop\/sportarten\/boxen\/boxbekleidung\/box-t-shirt-olympic-pride\/#breadcrumb"},"inLanguage":"de","potentialAction":[{"@type":"ReadAction","target":["https:\/\/prideshop.eu\/de\/shop\/sportarten\/boxen\/boxbekleidung\/box-t-shirt-olympic-pride\/"]}]},{"@type":"ImageObject","inLanguage":"de","@id":"https:\/\/prideshop.eu\/de\/shop\/sportarten\/boxen\/boxbekleidung\/box-t-shirt-olympic-pride\/#primaryimage","url":"https:\/\/prideshop.eu\/wp-content\/uploads\/2023\/01\/boks-majica-olimpijska-pride-2153.jpeg","contentUrl":"https:\/\/prideshop.eu\/wp-content\/uploads\/2023\/01\/boks-majica-olimpijska-pride-2153.jpeg","width":600,"height":600,"caption":"Box-T-Shirt Olympic Pride"},{"@type":"BreadcrumbList","@id":"https:\/\/prideshop.eu\/de\/shop\/sportarten\/boxen\/boxbekleidung\/box-t-shirt-olympic-pride\/#breadcrumb","itemListElement":[{"@type":"ListItem","position":1,"name":"Home","item":"https:\/\/prideshop.eu\/de\/"},{"@type":"ListItem","position":2,"name":"Gesch\u00e4ft","item":"https:\/\/prideshop.eu\/de\/geschaeft\/"},{"@type":"ListItem","position":3,"name":"Wettkampf-Boxshirt Pride \u2013 Olimp"}]},{"@type":"WebSite","@id":"https:\/\/prideshop.eu\/de\/#website","url":"https:\/\/prideshop.eu\/de\/","name":"PRIDEshop","description":"Oprema za Borilne \u0160porte","publisher":{"@id":"https:\/\/prideshop.eu\/de\/#organization"},"potentialAction":[{"@type":"SearchAction","target":{"@type":"EntryPoint","urlTemplate":"https:\/\/prideshop.eu\/de\/?s={search_term_string}"},"query-input":{"@type":"PropertyValueSpecification","valueRequired":true,"valueName":"search_term_string"}}],"inLanguage":"de"},{"@type":"Organization","@id":"https:\/\/prideshop.eu\/de\/#organization","name":"PRIDEshop","url":"https:\/\/prideshop.eu\/de\/","logo":{"@type":"ImageObject","inLanguage":"de","@id":"https:\/\/prideshop.eu\/de\/#\/schema\/logo\/image\/","url":"","contentUrl":"","caption":"PRIDEshop"},"image":{"@id":"https:\/\/prideshop.eu\/de\/#\/schema\/logo\/image\/"},"sameAs":["https:\/\/sl-si.facebook.com\/PrideShopeu"]}]}},"_links":{"self":[{"href":"https:\/\/prideshop.eu\/de\/wp-json\/wp\/v2\/product\/41743","targetHints":{"allow":["GET"]}}],"collection":[{"href":"https:\/\/prideshop.eu\/de\/wp-json\/wp\/v2\/product"}],"about":[{"href":"https:\/\/prideshop.eu\/de\/wp-json\/wp\/v2\/types\/product"}],"replies":[{"embeddable":true,"href":"https:\/\/prideshop.eu\/de\/wp-json\/wp\/v2\/comments?post=41743"}],"wp:featuredmedia":[{"embeddable":true,"href":"https:\/\/prideshop.eu\/de\/wp-json\/wp\/v2\/media\/41706"}],"wp:attachment":[{"href":"https:\/\/prideshop.eu\/de\/wp-json\/wp\/v2\/media?parent=41743"}],"wp:term":[{"taxonomy":"product_brand","embeddable":true,"href":"https:\/\/prideshop.eu\/de\/wp-json\/wp\/v2\/product_brand?post=41743"},{"taxonomy":"product_cat","embeddable":true,"href":"https:\/\/prideshop.eu\/de\/wp-json\/wp\/v2\/product_cat?post=41743"},{"taxonomy":"product_tag","embeddable":true,"href":"https:\/\/prideshop.eu\/de\/wp-json\/wp\/v2\/product_tag?post=41743"}],"curies":[{"name":"wp","href":"https:\/\/api.w.org\/{rel}","templated":true}]}}