{"id":41823,"date":"2023-01-08T20:06:18","date_gmt":"2023-01-08T19:06:18","guid":{"rendered":"https:\/\/prideshop.eu\/spletna-trgovina\/unkategorisiert\/schlusselanhanger-boxhandschuh-adidas\/"},"modified":"2026-01-13T21:49:48","modified_gmt":"2026-01-13T20:49:48","slug":"schlusselanhanger-boxhandschuh-adidas","status":"publish","type":"product","link":"https:\/\/prideshop.eu\/de\/shop\/sportarten\/thaiboxen\/thaiboxen-zubehor\/schlusselanhanger-boxhandschuh-adidas\/","title":{"rendered":"Schl\u00fcsselanh\u00e4nger Boxhandschuh Adidas"},"content":{"rendered":"<p data-start=\"149\" data-end=\"190\"><strong data-start=\"149\" data-end=\"190\">Schl\u00fcsselanh\u00e4nger Boxhandschuh Adidas<\/strong><\/p>\n<p data-start=\"192\" data-end=\"385\">Der Schl\u00fcsselanh\u00e4nger Boxhandschuh von Adidas ist ein beliebtes Accessoire f\u00fcr Box- und Kampfsportfans. Mit seinem sportlichen Design und attraktiven Look ist er ein echter Hingucker im Alltag.<\/p>\n<p data-start=\"387\" data-end=\"638\">Der Anh\u00e4nger l\u00e4sst sich einfach und schnell befestigen und eignet sich ideal als modisches Accessoire. Ob an der Sporttasche, am Rucksack oder direkt am Schl\u00fcsselbund \u2013 der Boxhandschuh-Schl\u00fcsselanh\u00e4nger verleiht jedem Gegenstand eine sportliche Note.<\/p>\n<p data-start=\"640\" data-end=\"769\">Ein kleines, aber stilvolles Detail f\u00fcr alle, die ihre Leidenschaft f\u00fcr den Boxsport auch au\u00dferhalb des Trainings zeigen m\u00f6chten.<\/p>\n","protected":false},"excerpt":{"rendered":"<p>Schl\u00fcsselanh\u00e4nger Boxhandschuh, Adidas ist der begehrteste Anh\u00e4nger mit einem attraktiven Aussehen. Sie k\u00f6nnen den Anh\u00e4nger Boxhandschuh einfach und schnell befestigen und als modisches Accessoire verwenden. Der Anh\u00e4nger versch\u00f6nert Ihre Sporttasche, Ihren Rucksack oder Sie k\u00f6nnen ihn einfach an Ihren Schl\u00fcsseln befestigen.<\/p>\n","protected":false},"featured_media":41817,"comment_status":"open","ping_status":"closed","template":"","meta":{"_acf_changed":false},"product_brand":[2084],"product_cat":[664,674,580,722,724,588,656,778,780,586],"product_tag":[],"class_list":{"0":"post-41823","1":"product","2":"type-product","3":"status-publish","4":"has-post-thumbnail","6":"product_brand-adidas","7":"product_cat-boxen","8":"product_cat-boxen-zubehor","9":"product_cat-equipment-de","10":"product_cat-kickboxen","11":"product_cat-kickboxen-zubehor","12":"product_cat-sonstiges","13":"product_cat-sportarten","14":"product_cat-thaiboxen","15":"product_cat-thaiboxen-zubehor","16":"product_cat-werbeartikel","18":"first","19":"outofstock","20":"taxable","21":"shipping-taxable","22":"product-type-variable"},"acf":[],"yoast_head":"<!-- This site is optimized with the Yoast SEO plugin v27.5 - https:\/\/yoast.com\/product\/yoast-seo-wordpress\/ -->\n<title>Schl\u00fcsselanh\u00e4nger Boxhandschuh Adidas - PRIDEshop<\/title>\n<meta name=\"description\" content=\"Schl\u00fcsselanh\u00e4nger Boxhandschuh, Adidas ist der begehrteste Anh\u00e4nger mit einem attraktiven Aussehen.\" \/>\n<meta name=\"robots\" content=\"index, follow, max-snippet:-1, max-image-preview:large, max-video-preview:-1\" \/>\n<link rel=\"canonical\" href=\"https:\/\/prideshop.eu\/de\/shop\/sportarten\/thaiboxen\/thaiboxen-zubehor\/schlusselanhanger-boxhandschuh-adidas\/\" \/>\n<meta property=\"og:locale\" content=\"de_DE\" \/>\n<meta property=\"og:type\" content=\"article\" \/>\n<meta property=\"og:title\" content=\"Schl\u00fcsselanh\u00e4nger Boxhandschuh Adidas - PRIDEshop\" \/>\n<meta property=\"og:description\" content=\"Schl\u00fcsselanh\u00e4nger Boxhandschuh, Adidas ist der begehrteste Anh\u00e4nger mit einem attraktiven Aussehen.\" \/>\n<meta property=\"og:url\" content=\"https:\/\/prideshop.eu\/de\/shop\/sportarten\/thaiboxen\/thaiboxen-zubehor\/schlusselanhanger-boxhandschuh-adidas\/\" \/>\n<meta property=\"og:site_name\" content=\"PRIDEshop\" \/>\n<meta property=\"article:publisher\" content=\"https:\/\/sl-si.facebook.com\/PrideShopeu\" \/>\n<meta property=\"article:modified_time\" content=\"2026-01-13T20:49:48+00:00\" \/>\n<meta property=\"og:image\" content=\"https:\/\/prideshop.eu\/wp-content\/uploads\/2023\/01\/obesek-boks-rokavicka-adidas-a795.jpg\" \/>\n\t<meta property=\"og:image:width\" content=\"600\" \/>\n\t<meta property=\"og:image:height\" content=\"600\" \/>\n\t<meta property=\"og:image:type\" content=\"image\/jpeg\" \/>\n<meta name=\"twitter:card\" content=\"summary_large_image\" \/>\n<script type=\"application\/ld+json\" class=\"yoast-schema-graph\">{\"@context\":\"https:\\\/\\\/schema.org\",\"@graph\":[{\"@type\":\"WebPage\",\"@id\":\"https:\\\/\\\/prideshop.eu\\\/de\\\/shop\\\/sportarten\\\/thaiboxen\\\/thaiboxen-zubehor\\\/schlusselanhanger-boxhandschuh-adidas\\\/\",\"url\":\"https:\\\/\\\/prideshop.eu\\\/de\\\/shop\\\/sportarten\\\/thaiboxen\\\/thaiboxen-zubehor\\\/schlusselanhanger-boxhandschuh-adidas\\\/\",\"name\":\"Schl\u00fcsselanh\u00e4nger Boxhandschuh Adidas - PRIDEshop\",\"isPartOf\":{\"@id\":\"https:\\\/\\\/prideshop.eu\\\/de\\\/#website\"},\"primaryImageOfPage\":{\"@id\":\"https:\\\/\\\/prideshop.eu\\\/de\\\/shop\\\/sportarten\\\/thaiboxen\\\/thaiboxen-zubehor\\\/schlusselanhanger-boxhandschuh-adidas\\\/#primaryimage\"},\"image\":{\"@id\":\"https:\\\/\\\/prideshop.eu\\\/de\\\/shop\\\/sportarten\\\/thaiboxen\\\/thaiboxen-zubehor\\\/schlusselanhanger-boxhandschuh-adidas\\\/#primaryimage\"},\"thumbnailUrl\":\"https:\\\/\\\/prideshop.eu\\\/wp-content\\\/uploads\\\/2023\\\/01\\\/obesek-boks-rokavicka-adidas-a795.jpg\",\"datePublished\":\"2023-01-08T19:06:18+00:00\",\"dateModified\":\"2026-01-13T20:49:48+00:00\",\"description\":\"Schl\u00fcsselanh\u00e4nger Boxhandschuh, Adidas ist der begehrteste Anh\u00e4nger mit einem attraktiven Aussehen.\",\"breadcrumb\":{\"@id\":\"https:\\\/\\\/prideshop.eu\\\/de\\\/shop\\\/sportarten\\\/thaiboxen\\\/thaiboxen-zubehor\\\/schlusselanhanger-boxhandschuh-adidas\\\/#breadcrumb\"},\"inLanguage\":\"de\",\"potentialAction\":[{\"@type\":\"ReadAction\",\"target\":[\"https:\\\/\\\/prideshop.eu\\\/de\\\/shop\\\/sportarten\\\/thaiboxen\\\/thaiboxen-zubehor\\\/schlusselanhanger-boxhandschuh-adidas\\\/\"]}]},{\"@type\":\"ImageObject\",\"inLanguage\":\"de\",\"@id\":\"https:\\\/\\\/prideshop.eu\\\/de\\\/shop\\\/sportarten\\\/thaiboxen\\\/thaiboxen-zubehor\\\/schlusselanhanger-boxhandschuh-adidas\\\/#primaryimage\",\"url\":\"https:\\\/\\\/prideshop.eu\\\/wp-content\\\/uploads\\\/2023\\\/01\\\/obesek-boks-rokavicka-adidas-a795.jpg\",\"contentUrl\":\"https:\\\/\\\/prideshop.eu\\\/wp-content\\\/uploads\\\/2023\\\/01\\\/obesek-boks-rokavicka-adidas-a795.jpg\",\"width\":600,\"height\":600,\"caption\":\"Schl\u00fcsselanh\u00e4nger Boxhandschuh Adidas\"},{\"@type\":\"BreadcrumbList\",\"@id\":\"https:\\\/\\\/prideshop.eu\\\/de\\\/shop\\\/sportarten\\\/thaiboxen\\\/thaiboxen-zubehor\\\/schlusselanhanger-boxhandschuh-adidas\\\/#breadcrumb\",\"itemListElement\":[{\"@type\":\"ListItem\",\"position\":1,\"name\":\"Home\",\"item\":\"https:\\\/\\\/prideshop.eu\\\/de\\\/\"},{\"@type\":\"ListItem\",\"position\":2,\"name\":\"Gesch\u00e4ft\",\"item\":\"https:\\\/\\\/prideshop.eu\\\/de\\\/geschaeft\\\/\"},{\"@type\":\"ListItem\",\"position\":3,\"name\":\"Schl\u00fcsselanh\u00e4nger Boxhandschuh Adidas\"}]},{\"@type\":\"WebSite\",\"@id\":\"https:\\\/\\\/prideshop.eu\\\/de\\\/#website\",\"url\":\"https:\\\/\\\/prideshop.eu\\\/de\\\/\",\"name\":\"PRIDEshop\",\"description\":\"Oprema za Borilne \u0160porte\",\"publisher\":{\"@id\":\"https:\\\/\\\/prideshop.eu\\\/de\\\/#organization\"},\"potentialAction\":[{\"@type\":\"SearchAction\",\"target\":{\"@type\":\"EntryPoint\",\"urlTemplate\":\"https:\\\/\\\/prideshop.eu\\\/de\\\/?s={search_term_string}\"},\"query-input\":{\"@type\":\"PropertyValueSpecification\",\"valueRequired\":true,\"valueName\":\"search_term_string\"}}],\"inLanguage\":\"de\"},{\"@type\":\"Organization\",\"@id\":\"https:\\\/\\\/prideshop.eu\\\/de\\\/#organization\",\"name\":\"PRIDEshop\",\"url\":\"https:\\\/\\\/prideshop.eu\\\/de\\\/\",\"logo\":{\"@type\":\"ImageObject\",\"inLanguage\":\"de\",\"@id\":\"https:\\\/\\\/prideshop.eu\\\/de\\\/#\\\/schema\\\/logo\\\/image\\\/\",\"url\":\"\",\"contentUrl\":\"\",\"caption\":\"PRIDEshop\"},\"image\":{\"@id\":\"https:\\\/\\\/prideshop.eu\\\/de\\\/#\\\/schema\\\/logo\\\/image\\\/\"},\"sameAs\":[\"https:\\\/\\\/sl-si.facebook.com\\\/PrideShopeu\"]}]}<\/script>\n<!-- \/ Yoast SEO plugin. -->","yoast_head_json":{"title":"Schl\u00fcsselanh\u00e4nger Boxhandschuh Adidas - PRIDEshop","description":"Schl\u00fcsselanh\u00e4nger Boxhandschuh, Adidas ist der begehrteste Anh\u00e4nger mit einem attraktiven Aussehen.","robots":{"index":"index","follow":"follow","max-snippet":"max-snippet:-1","max-image-preview":"max-image-preview:large","max-video-preview":"max-video-preview:-1"},"canonical":"https:\/\/prideshop.eu\/de\/shop\/sportarten\/thaiboxen\/thaiboxen-zubehor\/schlusselanhanger-boxhandschuh-adidas\/","og_locale":"de_DE","og_type":"article","og_title":"Schl\u00fcsselanh\u00e4nger Boxhandschuh Adidas - PRIDEshop","og_description":"Schl\u00fcsselanh\u00e4nger Boxhandschuh, Adidas ist der begehrteste Anh\u00e4nger mit einem attraktiven Aussehen.","og_url":"https:\/\/prideshop.eu\/de\/shop\/sportarten\/thaiboxen\/thaiboxen-zubehor\/schlusselanhanger-boxhandschuh-adidas\/","og_site_name":"PRIDEshop","article_publisher":"https:\/\/sl-si.facebook.com\/PrideShopeu","article_modified_time":"2026-01-13T20:49:48+00:00","og_image":[{"width":600,"height":600,"url":"https:\/\/prideshop.eu\/wp-content\/uploads\/2023\/01\/obesek-boks-rokavicka-adidas-a795.jpg","type":"image\/jpeg"}],"twitter_card":"summary_large_image","schema":{"@context":"https:\/\/schema.org","@graph":[{"@type":"WebPage","@id":"https:\/\/prideshop.eu\/de\/shop\/sportarten\/thaiboxen\/thaiboxen-zubehor\/schlusselanhanger-boxhandschuh-adidas\/","url":"https:\/\/prideshop.eu\/de\/shop\/sportarten\/thaiboxen\/thaiboxen-zubehor\/schlusselanhanger-boxhandschuh-adidas\/","name":"Schl\u00fcsselanh\u00e4nger Boxhandschuh Adidas - PRIDEshop","isPartOf":{"@id":"https:\/\/prideshop.eu\/de\/#website"},"primaryImageOfPage":{"@id":"https:\/\/prideshop.eu\/de\/shop\/sportarten\/thaiboxen\/thaiboxen-zubehor\/schlusselanhanger-boxhandschuh-adidas\/#primaryimage"},"image":{"@id":"https:\/\/prideshop.eu\/de\/shop\/sportarten\/thaiboxen\/thaiboxen-zubehor\/schlusselanhanger-boxhandschuh-adidas\/#primaryimage"},"thumbnailUrl":"https:\/\/prideshop.eu\/wp-content\/uploads\/2023\/01\/obesek-boks-rokavicka-adidas-a795.jpg","datePublished":"2023-01-08T19:06:18+00:00","dateModified":"2026-01-13T20:49:48+00:00","description":"Schl\u00fcsselanh\u00e4nger Boxhandschuh, Adidas ist der begehrteste Anh\u00e4nger mit einem attraktiven Aussehen.","breadcrumb":{"@id":"https:\/\/prideshop.eu\/de\/shop\/sportarten\/thaiboxen\/thaiboxen-zubehor\/schlusselanhanger-boxhandschuh-adidas\/#breadcrumb"},"inLanguage":"de","potentialAction":[{"@type":"ReadAction","target":["https:\/\/prideshop.eu\/de\/shop\/sportarten\/thaiboxen\/thaiboxen-zubehor\/schlusselanhanger-boxhandschuh-adidas\/"]}]},{"@type":"ImageObject","inLanguage":"de","@id":"https:\/\/prideshop.eu\/de\/shop\/sportarten\/thaiboxen\/thaiboxen-zubehor\/schlusselanhanger-boxhandschuh-adidas\/#primaryimage","url":"https:\/\/prideshop.eu\/wp-content\/uploads\/2023\/01\/obesek-boks-rokavicka-adidas-a795.jpg","contentUrl":"https:\/\/prideshop.eu\/wp-content\/uploads\/2023\/01\/obesek-boks-rokavicka-adidas-a795.jpg","width":600,"height":600,"caption":"Schl\u00fcsselanh\u00e4nger Boxhandschuh Adidas"},{"@type":"BreadcrumbList","@id":"https:\/\/prideshop.eu\/de\/shop\/sportarten\/thaiboxen\/thaiboxen-zubehor\/schlusselanhanger-boxhandschuh-adidas\/#breadcrumb","itemListElement":[{"@type":"ListItem","position":1,"name":"Home","item":"https:\/\/prideshop.eu\/de\/"},{"@type":"ListItem","position":2,"name":"Gesch\u00e4ft","item":"https:\/\/prideshop.eu\/de\/geschaeft\/"},{"@type":"ListItem","position":3,"name":"Schl\u00fcsselanh\u00e4nger Boxhandschuh Adidas"}]},{"@type":"WebSite","@id":"https:\/\/prideshop.eu\/de\/#website","url":"https:\/\/prideshop.eu\/de\/","name":"PRIDEshop","description":"Oprema za Borilne \u0160porte","publisher":{"@id":"https:\/\/prideshop.eu\/de\/#organization"},"potentialAction":[{"@type":"SearchAction","target":{"@type":"EntryPoint","urlTemplate":"https:\/\/prideshop.eu\/de\/?s={search_term_string}"},"query-input":{"@type":"PropertyValueSpecification","valueRequired":true,"valueName":"search_term_string"}}],"inLanguage":"de"},{"@type":"Organization","@id":"https:\/\/prideshop.eu\/de\/#organization","name":"PRIDEshop","url":"https:\/\/prideshop.eu\/de\/","logo":{"@type":"ImageObject","inLanguage":"de","@id":"https:\/\/prideshop.eu\/de\/#\/schema\/logo\/image\/","url":"","contentUrl":"","caption":"PRIDEshop"},"image":{"@id":"https:\/\/prideshop.eu\/de\/#\/schema\/logo\/image\/"},"sameAs":["https:\/\/sl-si.facebook.com\/PrideShopeu"]}]}},"_links":{"self":[{"href":"https:\/\/prideshop.eu\/de\/wp-json\/wp\/v2\/product\/41823","targetHints":{"allow":["GET"]}}],"collection":[{"href":"https:\/\/prideshop.eu\/de\/wp-json\/wp\/v2\/product"}],"about":[{"href":"https:\/\/prideshop.eu\/de\/wp-json\/wp\/v2\/types\/product"}],"replies":[{"embeddable":true,"href":"https:\/\/prideshop.eu\/de\/wp-json\/wp\/v2\/comments?post=41823"}],"wp:featuredmedia":[{"embeddable":true,"href":"https:\/\/prideshop.eu\/de\/wp-json\/wp\/v2\/media\/41817"}],"wp:attachment":[{"href":"https:\/\/prideshop.eu\/de\/wp-json\/wp\/v2\/media?parent=41823"}],"wp:term":[{"taxonomy":"product_brand","embeddable":true,"href":"https:\/\/prideshop.eu\/de\/wp-json\/wp\/v2\/product_brand?post=41823"},{"taxonomy":"product_cat","embeddable":true,"href":"https:\/\/prideshop.eu\/de\/wp-json\/wp\/v2\/product_cat?post=41823"},{"taxonomy":"product_tag","embeddable":true,"href":"https:\/\/prideshop.eu\/de\/wp-json\/wp\/v2\/product_tag?post=41823"}],"curies":[{"name":"wp","href":"https:\/\/api.w.org\/{rel}","templated":true}]}}