{"id":41898,"date":"2023-01-12T20:38:31","date_gmt":"2023-01-12T19:38:31","guid":{"rendered":"https:\/\/prideshop.eu\/?post_type=product&#038;p=41898"},"modified":"2025-08-04T11:17:46","modified_gmt":"2025-08-04T09:17:46","slug":"jiu-jitsu-handschuh-aus-leder-dax-2","status":"publish","type":"product","link":"https:\/\/prideshop.eu\/de\/shop\/sportarten\/ju-jitsu-de\/ju-jutsu-schutzausrustung\/jiu-jitsu-handschuh-aus-leder-dax-2\/","title":{"rendered":"Ju Jutsu Handschuhe Leder Dax \u2013 Fight"},"content":{"rendered":"<h3>Ju Jutsu Handschuhe Leder Dax \u2013 Fight<\/h3>\n<p>Jiu Jitsu Handschuh aus Leder, Dax Die Gloves sind aus echtem Qualit\u00e4tsleder. F\u00fcr alle Ju\u2013Jitsu\u2013, Ju\u2013Jutsu\u2013, Jiu\u2013Jitsu\u2013Wettk\u00e4mpfe. Elastische Riemen f\u00fcr jeden Finger. Breites Gummiband \u00fcber der Handfl\u00e4che. Breiter gro\u00dfer Klettverschluss im Handgelenk.<\/p>\n","protected":false},"excerpt":{"rendered":"<p>Jiu Jitsu Handschuh aus Leder, Dax Die Gloves sind aus echtem Qualit\u00e4tsleder. F\u00fcr alle Ju\u2013Jitsu\u2013, Ju\u2013Jutsu\u2013, Jiu\u2013Jitsu\u2013Wettk\u00e4mpfe. Elastische Riemen f\u00fcr jeden Finger. Breites Gummiband \u00fcber der Handfl\u00e4che. Breiter gro\u00dfer Klettverschluss im Handgelenk.<\/p>\n","protected":false},"featured_media":41911,"comment_status":"open","ping_status":"closed","template":"","meta":{"_acf_changed":false},"product_brand":[2096],"product_cat":[638,690,698,632,634,656],"product_tag":[],"class_list":{"0":"post-41898","1":"product","2":"type-product","3":"status-publish","4":"has-post-thumbnail","6":"product_brand-dax","7":"product_cat-handschuhe","8":"product_cat-ju-jitsu-de","9":"product_cat-ju-jutsu-schutzausrustung","10":"product_cat-outlet-de","11":"product_cat-schutzausrustung","12":"product_cat-sportarten","14":"first","15":"outofstock","16":"taxable","17":"shipping-taxable","18":"product-type-variable"},"acf":[],"yoast_head":"<!-- This site is optimized with the Yoast SEO plugin v27.5 - https:\/\/yoast.com\/product\/yoast-seo-wordpress\/ -->\n<title>Ju Jutsu Handschuhe Leder Dax \u2013 Fight - PRIDEshop<\/title>\n<meta name=\"description\" content=\"Jiu Jitsu Handschuh aus Leder, Dax Die Gloves sind aus echtem Qualit\u00e4tsleder. F\u00fcr alle Ju-Jitsu-, Ju-Jutsu-, Jiu-Jitsu-Wettk\u00e4mpfe.\" \/>\n<meta name=\"robots\" content=\"index, follow, max-snippet:-1, max-image-preview:large, max-video-preview:-1\" \/>\n<link rel=\"canonical\" href=\"https:\/\/prideshop.eu\/de\/shop\/sportarten\/ju-jitsu-de\/ju-jutsu-schutzausrustung\/jiu-jitsu-handschuh-aus-leder-dax-2\/\" \/>\n<meta property=\"og:locale\" content=\"de_DE\" \/>\n<meta property=\"og:type\" content=\"article\" \/>\n<meta property=\"og:title\" content=\"Ju Jutsu Handschuhe Leder Dax \u2013 Fight - PRIDEshop\" \/>\n<meta property=\"og:description\" content=\"Jiu Jitsu Handschuh aus Leder, Dax Die Gloves sind aus echtem Qualit\u00e4tsleder. F\u00fcr alle Ju-Jitsu-, Ju-Jutsu-, Jiu-Jitsu-Wettk\u00e4mpfe.\" \/>\n<meta property=\"og:url\" content=\"https:\/\/prideshop.eu\/de\/shop\/sportarten\/ju-jitsu-de\/ju-jutsu-schutzausrustung\/jiu-jitsu-handschuh-aus-leder-dax-2\/\" \/>\n<meta property=\"og:site_name\" content=\"PRIDEshop\" \/>\n<meta property=\"article:publisher\" content=\"https:\/\/sl-si.facebook.com\/PrideShopeu\" \/>\n<meta property=\"article:modified_time\" content=\"2025-08-04T09:17:46+00:00\" \/>\n<meta property=\"og:image\" content=\"https:\/\/prideshop.eu\/wp-content\/uploads\/2023\/01\/ju-jitsu-usnjene-rokavice-dax-dfs-w.jpg\" \/>\n\t<meta property=\"og:image:width\" content=\"600\" \/>\n\t<meta property=\"og:image:height\" content=\"600\" \/>\n\t<meta property=\"og:image:type\" content=\"image\/jpeg\" \/>\n<meta name=\"twitter:card\" content=\"summary_large_image\" \/>\n<script type=\"application\/ld+json\" class=\"yoast-schema-graph\">{\"@context\":\"https:\\\/\\\/schema.org\",\"@graph\":[{\"@type\":\"WebPage\",\"@id\":\"https:\\\/\\\/prideshop.eu\\\/de\\\/shop\\\/sportarten\\\/ju-jitsu-de\\\/ju-jutsu-schutzausrustung\\\/jiu-jitsu-handschuh-aus-leder-dax-2\\\/\",\"url\":\"https:\\\/\\\/prideshop.eu\\\/de\\\/shop\\\/sportarten\\\/ju-jitsu-de\\\/ju-jutsu-schutzausrustung\\\/jiu-jitsu-handschuh-aus-leder-dax-2\\\/\",\"name\":\"Ju Jutsu Handschuhe Leder Dax \u2013 Fight - PRIDEshop\",\"isPartOf\":{\"@id\":\"https:\\\/\\\/prideshop.eu\\\/de\\\/#website\"},\"primaryImageOfPage\":{\"@id\":\"https:\\\/\\\/prideshop.eu\\\/de\\\/shop\\\/sportarten\\\/ju-jitsu-de\\\/ju-jutsu-schutzausrustung\\\/jiu-jitsu-handschuh-aus-leder-dax-2\\\/#primaryimage\"},\"image\":{\"@id\":\"https:\\\/\\\/prideshop.eu\\\/de\\\/shop\\\/sportarten\\\/ju-jitsu-de\\\/ju-jutsu-schutzausrustung\\\/jiu-jitsu-handschuh-aus-leder-dax-2\\\/#primaryimage\"},\"thumbnailUrl\":\"https:\\\/\\\/prideshop.eu\\\/wp-content\\\/uploads\\\/2023\\\/01\\\/ju-jitsu-usnjene-rokavice-dax-dfs-w.jpg\",\"datePublished\":\"2023-01-12T19:38:31+00:00\",\"dateModified\":\"2025-08-04T09:17:46+00:00\",\"description\":\"Jiu Jitsu Handschuh aus Leder, Dax Die Gloves sind aus echtem Qualit\u00e4tsleder. F\u00fcr alle Ju-Jitsu-, Ju-Jutsu-, Jiu-Jitsu-Wettk\u00e4mpfe.\",\"breadcrumb\":{\"@id\":\"https:\\\/\\\/prideshop.eu\\\/de\\\/shop\\\/sportarten\\\/ju-jitsu-de\\\/ju-jutsu-schutzausrustung\\\/jiu-jitsu-handschuh-aus-leder-dax-2\\\/#breadcrumb\"},\"inLanguage\":\"de\",\"potentialAction\":[{\"@type\":\"ReadAction\",\"target\":[\"https:\\\/\\\/prideshop.eu\\\/de\\\/shop\\\/sportarten\\\/ju-jitsu-de\\\/ju-jutsu-schutzausrustung\\\/jiu-jitsu-handschuh-aus-leder-dax-2\\\/\"]}]},{\"@type\":\"ImageObject\",\"inLanguage\":\"de\",\"@id\":\"https:\\\/\\\/prideshop.eu\\\/de\\\/shop\\\/sportarten\\\/ju-jitsu-de\\\/ju-jutsu-schutzausrustung\\\/jiu-jitsu-handschuh-aus-leder-dax-2\\\/#primaryimage\",\"url\":\"https:\\\/\\\/prideshop.eu\\\/wp-content\\\/uploads\\\/2023\\\/01\\\/ju-jitsu-usnjene-rokavice-dax-dfs-w.jpg\",\"contentUrl\":\"https:\\\/\\\/prideshop.eu\\\/wp-content\\\/uploads\\\/2023\\\/01\\\/ju-jitsu-usnjene-rokavice-dax-dfs-w.jpg\",\"width\":600,\"height\":600,\"caption\":\"Jiu Jitsu Handschuh aus Leder, Dax\"},{\"@type\":\"BreadcrumbList\",\"@id\":\"https:\\\/\\\/prideshop.eu\\\/de\\\/shop\\\/sportarten\\\/ju-jitsu-de\\\/ju-jutsu-schutzausrustung\\\/jiu-jitsu-handschuh-aus-leder-dax-2\\\/#breadcrumb\",\"itemListElement\":[{\"@type\":\"ListItem\",\"position\":1,\"name\":\"Home\",\"item\":\"https:\\\/\\\/prideshop.eu\\\/de\\\/\"},{\"@type\":\"ListItem\",\"position\":2,\"name\":\"Gesch\u00e4ft\",\"item\":\"https:\\\/\\\/prideshop.eu\\\/de\\\/geschaeft\\\/\"},{\"@type\":\"ListItem\",\"position\":3,\"name\":\"Ju Jutsu Handschuhe Leder Dax \u2013 Fight\"}]},{\"@type\":\"WebSite\",\"@id\":\"https:\\\/\\\/prideshop.eu\\\/de\\\/#website\",\"url\":\"https:\\\/\\\/prideshop.eu\\\/de\\\/\",\"name\":\"PRIDEshop\",\"description\":\"Oprema za Borilne \u0160porte\",\"publisher\":{\"@id\":\"https:\\\/\\\/prideshop.eu\\\/de\\\/#organization\"},\"potentialAction\":[{\"@type\":\"SearchAction\",\"target\":{\"@type\":\"EntryPoint\",\"urlTemplate\":\"https:\\\/\\\/prideshop.eu\\\/de\\\/?s={search_term_string}\"},\"query-input\":{\"@type\":\"PropertyValueSpecification\",\"valueRequired\":true,\"valueName\":\"search_term_string\"}}],\"inLanguage\":\"de\"},{\"@type\":\"Organization\",\"@id\":\"https:\\\/\\\/prideshop.eu\\\/de\\\/#organization\",\"name\":\"PRIDEshop\",\"url\":\"https:\\\/\\\/prideshop.eu\\\/de\\\/\",\"logo\":{\"@type\":\"ImageObject\",\"inLanguage\":\"de\",\"@id\":\"https:\\\/\\\/prideshop.eu\\\/de\\\/#\\\/schema\\\/logo\\\/image\\\/\",\"url\":\"\",\"contentUrl\":\"\",\"caption\":\"PRIDEshop\"},\"image\":{\"@id\":\"https:\\\/\\\/prideshop.eu\\\/de\\\/#\\\/schema\\\/logo\\\/image\\\/\"},\"sameAs\":[\"https:\\\/\\\/sl-si.facebook.com\\\/PrideShopeu\"]}]}<\/script>\n<!-- \/ Yoast SEO plugin. -->","yoast_head_json":{"title":"Ju Jutsu Handschuhe Leder Dax \u2013 Fight - PRIDEshop","description":"Jiu Jitsu Handschuh aus Leder, Dax Die Gloves sind aus echtem Qualit\u00e4tsleder. F\u00fcr alle Ju-Jitsu-, Ju-Jutsu-, Jiu-Jitsu-Wettk\u00e4mpfe.","robots":{"index":"index","follow":"follow","max-snippet":"max-snippet:-1","max-image-preview":"max-image-preview:large","max-video-preview":"max-video-preview:-1"},"canonical":"https:\/\/prideshop.eu\/de\/shop\/sportarten\/ju-jitsu-de\/ju-jutsu-schutzausrustung\/jiu-jitsu-handschuh-aus-leder-dax-2\/","og_locale":"de_DE","og_type":"article","og_title":"Ju Jutsu Handschuhe Leder Dax \u2013 Fight - PRIDEshop","og_description":"Jiu Jitsu Handschuh aus Leder, Dax Die Gloves sind aus echtem Qualit\u00e4tsleder. F\u00fcr alle Ju-Jitsu-, Ju-Jutsu-, Jiu-Jitsu-Wettk\u00e4mpfe.","og_url":"https:\/\/prideshop.eu\/de\/shop\/sportarten\/ju-jitsu-de\/ju-jutsu-schutzausrustung\/jiu-jitsu-handschuh-aus-leder-dax-2\/","og_site_name":"PRIDEshop","article_publisher":"https:\/\/sl-si.facebook.com\/PrideShopeu","article_modified_time":"2025-08-04T09:17:46+00:00","og_image":[{"width":600,"height":600,"url":"https:\/\/prideshop.eu\/wp-content\/uploads\/2023\/01\/ju-jitsu-usnjene-rokavice-dax-dfs-w.jpg","type":"image\/jpeg"}],"twitter_card":"summary_large_image","schema":{"@context":"https:\/\/schema.org","@graph":[{"@type":"WebPage","@id":"https:\/\/prideshop.eu\/de\/shop\/sportarten\/ju-jitsu-de\/ju-jutsu-schutzausrustung\/jiu-jitsu-handschuh-aus-leder-dax-2\/","url":"https:\/\/prideshop.eu\/de\/shop\/sportarten\/ju-jitsu-de\/ju-jutsu-schutzausrustung\/jiu-jitsu-handschuh-aus-leder-dax-2\/","name":"Ju Jutsu Handschuhe Leder Dax \u2013 Fight - PRIDEshop","isPartOf":{"@id":"https:\/\/prideshop.eu\/de\/#website"},"primaryImageOfPage":{"@id":"https:\/\/prideshop.eu\/de\/shop\/sportarten\/ju-jitsu-de\/ju-jutsu-schutzausrustung\/jiu-jitsu-handschuh-aus-leder-dax-2\/#primaryimage"},"image":{"@id":"https:\/\/prideshop.eu\/de\/shop\/sportarten\/ju-jitsu-de\/ju-jutsu-schutzausrustung\/jiu-jitsu-handschuh-aus-leder-dax-2\/#primaryimage"},"thumbnailUrl":"https:\/\/prideshop.eu\/wp-content\/uploads\/2023\/01\/ju-jitsu-usnjene-rokavice-dax-dfs-w.jpg","datePublished":"2023-01-12T19:38:31+00:00","dateModified":"2025-08-04T09:17:46+00:00","description":"Jiu Jitsu Handschuh aus Leder, Dax Die Gloves sind aus echtem Qualit\u00e4tsleder. F\u00fcr alle Ju-Jitsu-, Ju-Jutsu-, Jiu-Jitsu-Wettk\u00e4mpfe.","breadcrumb":{"@id":"https:\/\/prideshop.eu\/de\/shop\/sportarten\/ju-jitsu-de\/ju-jutsu-schutzausrustung\/jiu-jitsu-handschuh-aus-leder-dax-2\/#breadcrumb"},"inLanguage":"de","potentialAction":[{"@type":"ReadAction","target":["https:\/\/prideshop.eu\/de\/shop\/sportarten\/ju-jitsu-de\/ju-jutsu-schutzausrustung\/jiu-jitsu-handschuh-aus-leder-dax-2\/"]}]},{"@type":"ImageObject","inLanguage":"de","@id":"https:\/\/prideshop.eu\/de\/shop\/sportarten\/ju-jitsu-de\/ju-jutsu-schutzausrustung\/jiu-jitsu-handschuh-aus-leder-dax-2\/#primaryimage","url":"https:\/\/prideshop.eu\/wp-content\/uploads\/2023\/01\/ju-jitsu-usnjene-rokavice-dax-dfs-w.jpg","contentUrl":"https:\/\/prideshop.eu\/wp-content\/uploads\/2023\/01\/ju-jitsu-usnjene-rokavice-dax-dfs-w.jpg","width":600,"height":600,"caption":"Jiu Jitsu Handschuh aus Leder, Dax"},{"@type":"BreadcrumbList","@id":"https:\/\/prideshop.eu\/de\/shop\/sportarten\/ju-jitsu-de\/ju-jutsu-schutzausrustung\/jiu-jitsu-handschuh-aus-leder-dax-2\/#breadcrumb","itemListElement":[{"@type":"ListItem","position":1,"name":"Home","item":"https:\/\/prideshop.eu\/de\/"},{"@type":"ListItem","position":2,"name":"Gesch\u00e4ft","item":"https:\/\/prideshop.eu\/de\/geschaeft\/"},{"@type":"ListItem","position":3,"name":"Ju Jutsu Handschuhe Leder Dax \u2013 Fight"}]},{"@type":"WebSite","@id":"https:\/\/prideshop.eu\/de\/#website","url":"https:\/\/prideshop.eu\/de\/","name":"PRIDEshop","description":"Oprema za Borilne \u0160porte","publisher":{"@id":"https:\/\/prideshop.eu\/de\/#organization"},"potentialAction":[{"@type":"SearchAction","target":{"@type":"EntryPoint","urlTemplate":"https:\/\/prideshop.eu\/de\/?s={search_term_string}"},"query-input":{"@type":"PropertyValueSpecification","valueRequired":true,"valueName":"search_term_string"}}],"inLanguage":"de"},{"@type":"Organization","@id":"https:\/\/prideshop.eu\/de\/#organization","name":"PRIDEshop","url":"https:\/\/prideshop.eu\/de\/","logo":{"@type":"ImageObject","inLanguage":"de","@id":"https:\/\/prideshop.eu\/de\/#\/schema\/logo\/image\/","url":"","contentUrl":"","caption":"PRIDEshop"},"image":{"@id":"https:\/\/prideshop.eu\/de\/#\/schema\/logo\/image\/"},"sameAs":["https:\/\/sl-si.facebook.com\/PrideShopeu"]}]}},"_links":{"self":[{"href":"https:\/\/prideshop.eu\/de\/wp-json\/wp\/v2\/product\/41898","targetHints":{"allow":["GET"]}}],"collection":[{"href":"https:\/\/prideshop.eu\/de\/wp-json\/wp\/v2\/product"}],"about":[{"href":"https:\/\/prideshop.eu\/de\/wp-json\/wp\/v2\/types\/product"}],"replies":[{"embeddable":true,"href":"https:\/\/prideshop.eu\/de\/wp-json\/wp\/v2\/comments?post=41898"}],"wp:featuredmedia":[{"embeddable":true,"href":"https:\/\/prideshop.eu\/de\/wp-json\/wp\/v2\/media\/41911"}],"wp:attachment":[{"href":"https:\/\/prideshop.eu\/de\/wp-json\/wp\/v2\/media?parent=41898"}],"wp:term":[{"taxonomy":"product_brand","embeddable":true,"href":"https:\/\/prideshop.eu\/de\/wp-json\/wp\/v2\/product_brand?post=41898"},{"taxonomy":"product_cat","embeddable":true,"href":"https:\/\/prideshop.eu\/de\/wp-json\/wp\/v2\/product_cat?post=41898"},{"taxonomy":"product_tag","embeddable":true,"href":"https:\/\/prideshop.eu\/de\/wp-json\/wp\/v2\/product_tag?post=41898"}],"curies":[{"name":"wp","href":"https:\/\/api.w.org\/{rel}","templated":true}]}}