{"id":43192,"date":"2023-04-22T11:30:54","date_gmt":"2023-04-22T09:30:54","guid":{"rendered":"https:\/\/prideshop.eu\/spletna-trgovina\/unkategorisiert\/kickboxing-handschuhe-leder-pride\/"},"modified":"2025-08-04T10:48:57","modified_gmt":"2025-08-04T08:48:57","slug":"kickboxing-handschuhe-leder-pride","status":"publish","type":"product","link":"https:\/\/prideshop.eu\/de\/shop\/sportarten\/itf-taekwondo-traditonelles-taekwondo\/taekwondo-itf-schutzausrustung\/kickboxing-handschuhe-leder-pride\/","title":{"rendered":"Kickboxhandschuhe Leder Pride \u2013 KickPro"},"content":{"rendered":"<h3>Kickboxhandschuhe Leder Pride \u2013 KickPro<\/h3>\n<p>Kickboxing handschuhe Leder, Pride sind aus Echtleder und einer speziellen Polsterung gefertigt, die St\u00f6\u00dfe absorbiert und gleichm\u00e4\u00dfig \u00fcber den gesamten Handschuh verteilt. Die kickboxing Handschuhe bieten einen hervorragenden Schutz und eine feste, kompakte F\u00e4ustchenbildung und erm\u00f6glichen gleichzeitig ein bequemes Bewegen w\u00e4hrend des Trainings oder Wettbewerbs. Die Innenseite der Handschuhe ist mit weichem Schaumstoff gepolstert, der einen hervorragenden Halt bietet und ein Abrutschen der H\u00e4nde verhindert. Zus\u00e4tzlich sorgen verst\u00e4rkte N\u00e4hte f\u00fcr zus\u00e4tzliche Strapazierf\u00e4higkeit der Handschuhe und verhindern Materialverschlei\u00df, auch nach l\u00e4ngerem Gebrauch. Die Pride\u2013Handschuhe eignen sich f\u00fcr professionelle K\u00e4mpfer und Anf\u00e4nger gleicherma\u00dfen, mit einem starken Klettverschluss f\u00fcr eine sichere Passform.<\/p>\n","protected":false},"excerpt":{"rendered":"<p>Kickboxing handschuhe Leder, Pride sind aus Echtleder und einer speziellen Polsterung gefertigt, die St\u00f6\u00dfe absorbiert und gleichm\u00e4\u00dfig \u00fcber den gesamten Handschuh verteilt. Die kickboxing Handschuhe bieten einen hervorragenden Schutz und eine feste, kompakte F\u00e4ustchenbildung und erm\u00f6glichen gleichzeitig ein bequemes Bewegen w\u00e4hrend des Trainings oder Wettbewerbs. Die Innenseite der Handschuhe ist mit weichem Schaumstoff gepolstert, der einen hervorragenden Halt bietet und ein Abrutschen der H\u00e4nde verhindert. Zus\u00e4tzlich sorgen verst\u00e4rkte N\u00e4hte f\u00fcr zus\u00e4tzliche Strapazierf\u00e4higkeit der Handschuhe und verhindern Materialverschlei\u00df, auch nach l\u00e4ngerem Gebrauch. Die Pride\u2013Handschuhe eignen sich f\u00fcr professionelle K\u00e4mpfer und Anf\u00e4nger gleicherma\u00dfen, mit einem starken Klettverschluss f\u00fcr eine sichere Passform.<\/p>\n","protected":false},"featured_media":43184,"comment_status":"open","ping_status":"closed","template":"","meta":{"_acf_changed":false},"product_brand":[2086],"product_cat":[664,670,580,638,788,722,728,634,656,798,778,784],"product_tag":[],"class_list":{"0":"post-43192","1":"product","2":"type-product","3":"status-publish","4":"has-post-thumbnail","6":"product_brand-pride","7":"product_cat-boxen","8":"product_cat-boxhandschuhe","9":"product_cat-equipment-de","10":"product_cat-handschuhe","11":"product_cat-itf-taekwondo-traditonelles-taekwondo","12":"product_cat-kickboxen","13":"product_cat-kickboxenhandschuhe","14":"product_cat-schutzausrustung","15":"product_cat-sportarten","16":"product_cat-taekwondo-itf-schutzausrustung","17":"product_cat-thaiboxen","18":"product_cat-thaiboxen-handschuhe","20":"first","21":"instock","22":"taxable","23":"shipping-taxable","24":"purchasable","25":"product-type-variable"},"acf":[],"yoast_head":"<!-- This site is optimized with the Yoast SEO plugin v27.5 - https:\/\/yoast.com\/product\/yoast-seo-wordpress\/ -->\n<title>Kickboxhandschuhe Leder Pride \u2013 KickPro - PRIDEshop<\/title>\n<meta name=\"description\" content=\"Kickboxing handschuhe Leder, Pride sind aus Echtleder und einer speziellen Polsterung gefertigt, die St\u00f6\u00dfe absorbiert und gleichm\u00e4\u00dfig \u00fcber den gesamten...\" \/>\n<meta name=\"robots\" content=\"index, follow, max-snippet:-1, max-image-preview:large, max-video-preview:-1\" \/>\n<link rel=\"canonical\" href=\"https:\/\/prideshop.eu\/de\/shop\/sportarten\/itf-taekwondo-traditonelles-taekwondo\/taekwondo-itf-schutzausrustung\/kickboxing-handschuhe-leder-pride\/\" \/>\n<meta property=\"og:locale\" content=\"de_DE\" \/>\n<meta property=\"og:type\" content=\"article\" \/>\n<meta property=\"og:title\" content=\"Kickboxhandschuhe Leder Pride \u2013 KickPro - PRIDEshop\" \/>\n<meta property=\"og:description\" content=\"Kickboxing handschuhe Leder, Pride sind aus Echtleder und einer speziellen Polsterung gefertigt, die St\u00f6\u00dfe absorbiert und gleichm\u00e4\u00dfig \u00fcber den gesamten...\" \/>\n<meta property=\"og:url\" content=\"https:\/\/prideshop.eu\/de\/shop\/sportarten\/itf-taekwondo-traditonelles-taekwondo\/taekwondo-itf-schutzausrustung\/kickboxing-handschuhe-leder-pride\/\" \/>\n<meta property=\"og:site_name\" content=\"PRIDEshop\" \/>\n<meta property=\"article:publisher\" content=\"https:\/\/sl-si.facebook.com\/PrideShopeu\" \/>\n<meta property=\"article:modified_time\" content=\"2025-08-04T08:48:57+00:00\" \/>\n<meta property=\"og:image\" content=\"https:\/\/prideshop.eu\/wp-content\/uploads\/2023\/04\/kickboxing-rokavice-usnjene-pride-4025-p.jpeg\" \/>\n\t<meta property=\"og:image:width\" content=\"600\" \/>\n\t<meta property=\"og:image:height\" content=\"600\" \/>\n\t<meta property=\"og:image:type\" content=\"image\/jpeg\" \/>\n<meta name=\"twitter:card\" content=\"summary_large_image\" \/>\n<meta name=\"twitter:label1\" content=\"Gesch\u00e4tzte Lesezeit\" \/>\n\t<meta name=\"twitter:data1\" content=\"1\u00a0Minute\" \/>\n<script type=\"application\/ld+json\" class=\"yoast-schema-graph\">{\"@context\":\"https:\\\/\\\/schema.org\",\"@graph\":[{\"@type\":\"WebPage\",\"@id\":\"https:\\\/\\\/prideshop.eu\\\/de\\\/shop\\\/sportarten\\\/itf-taekwondo-traditonelles-taekwondo\\\/taekwondo-itf-schutzausrustung\\\/kickboxing-handschuhe-leder-pride\\\/\",\"url\":\"https:\\\/\\\/prideshop.eu\\\/de\\\/shop\\\/sportarten\\\/itf-taekwondo-traditonelles-taekwondo\\\/taekwondo-itf-schutzausrustung\\\/kickboxing-handschuhe-leder-pride\\\/\",\"name\":\"Kickboxhandschuhe Leder Pride \u2013 KickPro - PRIDEshop\",\"isPartOf\":{\"@id\":\"https:\\\/\\\/prideshop.eu\\\/de\\\/#website\"},\"primaryImageOfPage\":{\"@id\":\"https:\\\/\\\/prideshop.eu\\\/de\\\/shop\\\/sportarten\\\/itf-taekwondo-traditonelles-taekwondo\\\/taekwondo-itf-schutzausrustung\\\/kickboxing-handschuhe-leder-pride\\\/#primaryimage\"},\"image\":{\"@id\":\"https:\\\/\\\/prideshop.eu\\\/de\\\/shop\\\/sportarten\\\/itf-taekwondo-traditonelles-taekwondo\\\/taekwondo-itf-schutzausrustung\\\/kickboxing-handschuhe-leder-pride\\\/#primaryimage\"},\"thumbnailUrl\":\"https:\\\/\\\/prideshop.eu\\\/wp-content\\\/uploads\\\/2023\\\/04\\\/kickboxing-rokavice-usnjene-pride-4025-p.jpeg\",\"datePublished\":\"2023-04-22T09:30:54+00:00\",\"dateModified\":\"2025-08-04T08:48:57+00:00\",\"description\":\"Kickboxing handschuhe Leder, Pride sind aus Echtleder und einer speziellen Polsterung gefertigt, die St\u00f6\u00dfe absorbiert und gleichm\u00e4\u00dfig \u00fcber den gesamten...\",\"breadcrumb\":{\"@id\":\"https:\\\/\\\/prideshop.eu\\\/de\\\/shop\\\/sportarten\\\/itf-taekwondo-traditonelles-taekwondo\\\/taekwondo-itf-schutzausrustung\\\/kickboxing-handschuhe-leder-pride\\\/#breadcrumb\"},\"inLanguage\":\"de\",\"potentialAction\":[{\"@type\":\"ReadAction\",\"target\":[\"https:\\\/\\\/prideshop.eu\\\/de\\\/shop\\\/sportarten\\\/itf-taekwondo-traditonelles-taekwondo\\\/taekwondo-itf-schutzausrustung\\\/kickboxing-handschuhe-leder-pride\\\/\"]}]},{\"@type\":\"ImageObject\",\"inLanguage\":\"de\",\"@id\":\"https:\\\/\\\/prideshop.eu\\\/de\\\/shop\\\/sportarten\\\/itf-taekwondo-traditonelles-taekwondo\\\/taekwondo-itf-schutzausrustung\\\/kickboxing-handschuhe-leder-pride\\\/#primaryimage\",\"url\":\"https:\\\/\\\/prideshop.eu\\\/wp-content\\\/uploads\\\/2023\\\/04\\\/kickboxing-rokavice-usnjene-pride-4025-p.jpeg\",\"contentUrl\":\"https:\\\/\\\/prideshop.eu\\\/wp-content\\\/uploads\\\/2023\\\/04\\\/kickboxing-rokavice-usnjene-pride-4025-p.jpeg\",\"width\":600,\"height\":600,\"caption\":\"Kickboxing handschuhe Leder Pride\"},{\"@type\":\"BreadcrumbList\",\"@id\":\"https:\\\/\\\/prideshop.eu\\\/de\\\/shop\\\/sportarten\\\/itf-taekwondo-traditonelles-taekwondo\\\/taekwondo-itf-schutzausrustung\\\/kickboxing-handschuhe-leder-pride\\\/#breadcrumb\",\"itemListElement\":[{\"@type\":\"ListItem\",\"position\":1,\"name\":\"Home\",\"item\":\"https:\\\/\\\/prideshop.eu\\\/de\\\/\"},{\"@type\":\"ListItem\",\"position\":2,\"name\":\"Gesch\u00e4ft\",\"item\":\"https:\\\/\\\/prideshop.eu\\\/de\\\/geschaeft\\\/\"},{\"@type\":\"ListItem\",\"position\":3,\"name\":\"Kickboxhandschuhe Leder Pride \u2013 KickPro\"}]},{\"@type\":\"WebSite\",\"@id\":\"https:\\\/\\\/prideshop.eu\\\/de\\\/#website\",\"url\":\"https:\\\/\\\/prideshop.eu\\\/de\\\/\",\"name\":\"PRIDEshop\",\"description\":\"Oprema za Borilne \u0160porte\",\"publisher\":{\"@id\":\"https:\\\/\\\/prideshop.eu\\\/de\\\/#organization\"},\"potentialAction\":[{\"@type\":\"SearchAction\",\"target\":{\"@type\":\"EntryPoint\",\"urlTemplate\":\"https:\\\/\\\/prideshop.eu\\\/de\\\/?s={search_term_string}\"},\"query-input\":{\"@type\":\"PropertyValueSpecification\",\"valueRequired\":true,\"valueName\":\"search_term_string\"}}],\"inLanguage\":\"de\"},{\"@type\":\"Organization\",\"@id\":\"https:\\\/\\\/prideshop.eu\\\/de\\\/#organization\",\"name\":\"PRIDEshop\",\"url\":\"https:\\\/\\\/prideshop.eu\\\/de\\\/\",\"logo\":{\"@type\":\"ImageObject\",\"inLanguage\":\"de\",\"@id\":\"https:\\\/\\\/prideshop.eu\\\/de\\\/#\\\/schema\\\/logo\\\/image\\\/\",\"url\":\"\",\"contentUrl\":\"\",\"caption\":\"PRIDEshop\"},\"image\":{\"@id\":\"https:\\\/\\\/prideshop.eu\\\/de\\\/#\\\/schema\\\/logo\\\/image\\\/\"},\"sameAs\":[\"https:\\\/\\\/sl-si.facebook.com\\\/PrideShopeu\"]}]}<\/script>\n<!-- \/ Yoast SEO plugin. -->","yoast_head_json":{"title":"Kickboxhandschuhe Leder Pride \u2013 KickPro - PRIDEshop","description":"Kickboxing handschuhe Leder, Pride sind aus Echtleder und einer speziellen Polsterung gefertigt, die St\u00f6\u00dfe absorbiert und gleichm\u00e4\u00dfig \u00fcber den gesamten...","robots":{"index":"index","follow":"follow","max-snippet":"max-snippet:-1","max-image-preview":"max-image-preview:large","max-video-preview":"max-video-preview:-1"},"canonical":"https:\/\/prideshop.eu\/de\/shop\/sportarten\/itf-taekwondo-traditonelles-taekwondo\/taekwondo-itf-schutzausrustung\/kickboxing-handschuhe-leder-pride\/","og_locale":"de_DE","og_type":"article","og_title":"Kickboxhandschuhe Leder Pride \u2013 KickPro - PRIDEshop","og_description":"Kickboxing handschuhe Leder, Pride sind aus Echtleder und einer speziellen Polsterung gefertigt, die St\u00f6\u00dfe absorbiert und gleichm\u00e4\u00dfig \u00fcber den gesamten...","og_url":"https:\/\/prideshop.eu\/de\/shop\/sportarten\/itf-taekwondo-traditonelles-taekwondo\/taekwondo-itf-schutzausrustung\/kickboxing-handschuhe-leder-pride\/","og_site_name":"PRIDEshop","article_publisher":"https:\/\/sl-si.facebook.com\/PrideShopeu","article_modified_time":"2025-08-04T08:48:57+00:00","og_image":[{"width":600,"height":600,"url":"https:\/\/prideshop.eu\/wp-content\/uploads\/2023\/04\/kickboxing-rokavice-usnjene-pride-4025-p.jpeg","type":"image\/jpeg"}],"twitter_card":"summary_large_image","twitter_misc":{"Gesch\u00e4tzte Lesezeit":"1\u00a0Minute"},"schema":{"@context":"https:\/\/schema.org","@graph":[{"@type":"WebPage","@id":"https:\/\/prideshop.eu\/de\/shop\/sportarten\/itf-taekwondo-traditonelles-taekwondo\/taekwondo-itf-schutzausrustung\/kickboxing-handschuhe-leder-pride\/","url":"https:\/\/prideshop.eu\/de\/shop\/sportarten\/itf-taekwondo-traditonelles-taekwondo\/taekwondo-itf-schutzausrustung\/kickboxing-handschuhe-leder-pride\/","name":"Kickboxhandschuhe Leder Pride \u2013 KickPro - PRIDEshop","isPartOf":{"@id":"https:\/\/prideshop.eu\/de\/#website"},"primaryImageOfPage":{"@id":"https:\/\/prideshop.eu\/de\/shop\/sportarten\/itf-taekwondo-traditonelles-taekwondo\/taekwondo-itf-schutzausrustung\/kickboxing-handschuhe-leder-pride\/#primaryimage"},"image":{"@id":"https:\/\/prideshop.eu\/de\/shop\/sportarten\/itf-taekwondo-traditonelles-taekwondo\/taekwondo-itf-schutzausrustung\/kickboxing-handschuhe-leder-pride\/#primaryimage"},"thumbnailUrl":"https:\/\/prideshop.eu\/wp-content\/uploads\/2023\/04\/kickboxing-rokavice-usnjene-pride-4025-p.jpeg","datePublished":"2023-04-22T09:30:54+00:00","dateModified":"2025-08-04T08:48:57+00:00","description":"Kickboxing handschuhe Leder, Pride sind aus Echtleder und einer speziellen Polsterung gefertigt, die St\u00f6\u00dfe absorbiert und gleichm\u00e4\u00dfig \u00fcber den gesamten...","breadcrumb":{"@id":"https:\/\/prideshop.eu\/de\/shop\/sportarten\/itf-taekwondo-traditonelles-taekwondo\/taekwondo-itf-schutzausrustung\/kickboxing-handschuhe-leder-pride\/#breadcrumb"},"inLanguage":"de","potentialAction":[{"@type":"ReadAction","target":["https:\/\/prideshop.eu\/de\/shop\/sportarten\/itf-taekwondo-traditonelles-taekwondo\/taekwondo-itf-schutzausrustung\/kickboxing-handschuhe-leder-pride\/"]}]},{"@type":"ImageObject","inLanguage":"de","@id":"https:\/\/prideshop.eu\/de\/shop\/sportarten\/itf-taekwondo-traditonelles-taekwondo\/taekwondo-itf-schutzausrustung\/kickboxing-handschuhe-leder-pride\/#primaryimage","url":"https:\/\/prideshop.eu\/wp-content\/uploads\/2023\/04\/kickboxing-rokavice-usnjene-pride-4025-p.jpeg","contentUrl":"https:\/\/prideshop.eu\/wp-content\/uploads\/2023\/04\/kickboxing-rokavice-usnjene-pride-4025-p.jpeg","width":600,"height":600,"caption":"Kickboxing handschuhe Leder Pride"},{"@type":"BreadcrumbList","@id":"https:\/\/prideshop.eu\/de\/shop\/sportarten\/itf-taekwondo-traditonelles-taekwondo\/taekwondo-itf-schutzausrustung\/kickboxing-handschuhe-leder-pride\/#breadcrumb","itemListElement":[{"@type":"ListItem","position":1,"name":"Home","item":"https:\/\/prideshop.eu\/de\/"},{"@type":"ListItem","position":2,"name":"Gesch\u00e4ft","item":"https:\/\/prideshop.eu\/de\/geschaeft\/"},{"@type":"ListItem","position":3,"name":"Kickboxhandschuhe Leder Pride \u2013 KickPro"}]},{"@type":"WebSite","@id":"https:\/\/prideshop.eu\/de\/#website","url":"https:\/\/prideshop.eu\/de\/","name":"PRIDEshop","description":"Oprema za Borilne \u0160porte","publisher":{"@id":"https:\/\/prideshop.eu\/de\/#organization"},"potentialAction":[{"@type":"SearchAction","target":{"@type":"EntryPoint","urlTemplate":"https:\/\/prideshop.eu\/de\/?s={search_term_string}"},"query-input":{"@type":"PropertyValueSpecification","valueRequired":true,"valueName":"search_term_string"}}],"inLanguage":"de"},{"@type":"Organization","@id":"https:\/\/prideshop.eu\/de\/#organization","name":"PRIDEshop","url":"https:\/\/prideshop.eu\/de\/","logo":{"@type":"ImageObject","inLanguage":"de","@id":"https:\/\/prideshop.eu\/de\/#\/schema\/logo\/image\/","url":"","contentUrl":"","caption":"PRIDEshop"},"image":{"@id":"https:\/\/prideshop.eu\/de\/#\/schema\/logo\/image\/"},"sameAs":["https:\/\/sl-si.facebook.com\/PrideShopeu"]}]}},"_links":{"self":[{"href":"https:\/\/prideshop.eu\/de\/wp-json\/wp\/v2\/product\/43192","targetHints":{"allow":["GET"]}}],"collection":[{"href":"https:\/\/prideshop.eu\/de\/wp-json\/wp\/v2\/product"}],"about":[{"href":"https:\/\/prideshop.eu\/de\/wp-json\/wp\/v2\/types\/product"}],"replies":[{"embeddable":true,"href":"https:\/\/prideshop.eu\/de\/wp-json\/wp\/v2\/comments?post=43192"}],"wp:featuredmedia":[{"embeddable":true,"href":"https:\/\/prideshop.eu\/de\/wp-json\/wp\/v2\/media\/43184"}],"wp:attachment":[{"href":"https:\/\/prideshop.eu\/de\/wp-json\/wp\/v2\/media?parent=43192"}],"wp:term":[{"taxonomy":"product_brand","embeddable":true,"href":"https:\/\/prideshop.eu\/de\/wp-json\/wp\/v2\/product_brand?post=43192"},{"taxonomy":"product_cat","embeddable":true,"href":"https:\/\/prideshop.eu\/de\/wp-json\/wp\/v2\/product_cat?post=43192"},{"taxonomy":"product_tag","embeddable":true,"href":"https:\/\/prideshop.eu\/de\/wp-json\/wp\/v2\/product_tag?post=43192"}],"curies":[{"name":"wp","href":"https:\/\/api.w.org\/{rel}","templated":true}]}}