{"id":43213,"date":"2023-04-22T12:38:26","date_gmt":"2023-04-22T10:38:26","guid":{"rendered":"https:\/\/prideshop.eu\/spletna-trgovina\/unkategorisiert\/kickboxhandschuhe-pride\/"},"modified":"2026-03-06T16:27:40","modified_gmt":"2026-03-06T15:27:40","slug":"kickboxhandschuhe-pride","status":"publish","type":"product","link":"https:\/\/prideshop.eu\/de\/shop\/sportarten\/itf-taekwondo-traditonelles-taekwondo\/taekwondo-itf-schutzausrustung\/kickboxhandschuhe-pride\/","title":{"rendered":"Kickboxhandschuhe Pride \u2013 CoreKick"},"content":{"rendered":"<h3>Kickboxhandschuhe Pride \u2013 CoreKick<\/h3>\n<p>Kickboxhandschuhe, Pride, sind eine hervorragende Wahl f\u00fcr alle Kampfsport\u2013Enthusiasten, die w\u00e4hrend des Trainings oder Wettkampfs eine qualitativ hochwertige Handgelenksschutz ben\u00f6tigen. Sie bestehen aus synthetischem Leder, das eine lange Lebensdauer der Handschuhe gew\u00e4hrleistet, und einem komfortablen Polster, das St\u00f6\u00dfe absorbiert und gleichm\u00e4\u00dfig auf den gesamten Handschuh verteilt. Die IMG\u2013Injektionsf\u00fcllung ist so konzipiert, dass sie ausgezeichneten Schutz vor Verletzungen bietet und gleichzeitig eine feste und kompakte Faustbildung erm\u00f6glicht. Die Handschuhe verf\u00fcgen \u00fcber einen starken Klettverschluss, der eine einfache und sichere Befestigung am Handgelenk erm\u00f6glicht.<\/p>\n","protected":false},"excerpt":{"rendered":"<p>Kickboxhandschuhe, Pride, sind eine hervorragende Wahl f\u00fcr alle Kampfsport\u2013Enthusiasten, die w\u00e4hrend des Trainings oder Wettkampfs eine qualitativ hochwertige Handgelenksschutz ben\u00f6tigen. Sie bestehen aus synthetischem Leder, das eine lange Lebensdauer der Handschuhe gew\u00e4hrleistet, und einem komfortablen Polster, das St\u00f6\u00dfe absorbiert und gleichm\u00e4\u00dfig auf den gesamten Handschuh verteilt. Die IMG\u2013Injektionsf\u00fcllung ist so konzipiert, dass sie ausgezeichneten Schutz vor Verletzungen bietet und gleichzeitig eine feste und kompakte Faustbildung erm\u00f6glicht. Die Handschuhe verf\u00fcgen \u00fcber einen starken Klettverschluss, der eine einfache und sichere Befestigung am Handgelenk erm\u00f6glicht.<\/p>\n","protected":false},"featured_media":43230,"comment_status":"open","ping_status":"closed","template":"","meta":{"_acf_changed":false},"product_brand":[2086],"product_cat":[664,670,580,638,788,722,728,634,656,798,778,784],"product_tag":[],"class_list":{"0":"post-43213","1":"product","2":"type-product","3":"status-publish","4":"has-post-thumbnail","6":"product_brand-pride","7":"product_cat-boxen","8":"product_cat-boxhandschuhe","9":"product_cat-equipment-de","10":"product_cat-handschuhe","11":"product_cat-itf-taekwondo-traditonelles-taekwondo","12":"product_cat-kickboxen","13":"product_cat-kickboxenhandschuhe","14":"product_cat-schutzausrustung","15":"product_cat-sportarten","16":"product_cat-taekwondo-itf-schutzausrustung","17":"product_cat-thaiboxen","18":"product_cat-thaiboxen-handschuhe","20":"first","21":"outofstock","22":"taxable","23":"shipping-taxable","24":"product-type-variable"},"acf":[],"yoast_head":"<!-- This site is optimized with the Yoast SEO plugin v27.5 - https:\/\/yoast.com\/product\/yoast-seo-wordpress\/ -->\n<title>Kickboxhandschuhe Pride \u2013 CoreKick - PRIDEshop<\/title>\n<meta name=\"description\" content=\"Kickboxhandschuhe, Pride, sind eine hervorragende Wahl f\u00fcr alle Kampfsport-Enthusiasten, die w\u00e4hrend des Trainings oder Wettkampfs eine qualitativ...\" \/>\n<meta name=\"robots\" content=\"index, follow, max-snippet:-1, max-image-preview:large, max-video-preview:-1\" \/>\n<link rel=\"canonical\" href=\"https:\/\/prideshop.eu\/de\/shop\/sportarten\/itf-taekwondo-traditonelles-taekwondo\/taekwondo-itf-schutzausrustung\/kickboxhandschuhe-pride\/\" \/>\n<meta property=\"og:locale\" content=\"de_DE\" \/>\n<meta property=\"og:type\" content=\"article\" \/>\n<meta property=\"og:title\" content=\"Kickboxhandschuhe Pride \u2013 CoreKick - PRIDEshop\" \/>\n<meta property=\"og:description\" content=\"Kickboxhandschuhe, Pride, sind eine hervorragende Wahl f\u00fcr alle Kampfsport-Enthusiasten, die w\u00e4hrend des Trainings oder Wettkampfs eine qualitativ...\" \/>\n<meta property=\"og:url\" content=\"https:\/\/prideshop.eu\/de\/shop\/sportarten\/itf-taekwondo-traditonelles-taekwondo\/taekwondo-itf-schutzausrustung\/kickboxhandschuhe-pride\/\" \/>\n<meta property=\"og:site_name\" content=\"PRIDEshop\" \/>\n<meta property=\"article:publisher\" content=\"https:\/\/sl-si.facebook.com\/PrideShopeu\" \/>\n<meta property=\"article:modified_time\" content=\"2026-03-06T15:27:40+00:00\" \/>\n<meta property=\"og:image\" content=\"https:\/\/prideshop.eu\/wp-content\/uploads\/2023\/04\/kickboxing-rokavice-pride-4125.jpg\" \/>\n\t<meta property=\"og:image:width\" content=\"600\" \/>\n\t<meta property=\"og:image:height\" content=\"600\" \/>\n\t<meta property=\"og:image:type\" content=\"image\/jpeg\" \/>\n<meta name=\"twitter:card\" content=\"summary_large_image\" \/>\n<script type=\"application\/ld+json\" class=\"yoast-schema-graph\">{\"@context\":\"https:\\\/\\\/schema.org\",\"@graph\":[{\"@type\":\"WebPage\",\"@id\":\"https:\\\/\\\/prideshop.eu\\\/de\\\/shop\\\/sportarten\\\/itf-taekwondo-traditonelles-taekwondo\\\/taekwondo-itf-schutzausrustung\\\/kickboxhandschuhe-pride\\\/\",\"url\":\"https:\\\/\\\/prideshop.eu\\\/de\\\/shop\\\/sportarten\\\/itf-taekwondo-traditonelles-taekwondo\\\/taekwondo-itf-schutzausrustung\\\/kickboxhandschuhe-pride\\\/\",\"name\":\"Kickboxhandschuhe Pride \u2013 CoreKick - PRIDEshop\",\"isPartOf\":{\"@id\":\"https:\\\/\\\/prideshop.eu\\\/de\\\/#website\"},\"primaryImageOfPage\":{\"@id\":\"https:\\\/\\\/prideshop.eu\\\/de\\\/shop\\\/sportarten\\\/itf-taekwondo-traditonelles-taekwondo\\\/taekwondo-itf-schutzausrustung\\\/kickboxhandschuhe-pride\\\/#primaryimage\"},\"image\":{\"@id\":\"https:\\\/\\\/prideshop.eu\\\/de\\\/shop\\\/sportarten\\\/itf-taekwondo-traditonelles-taekwondo\\\/taekwondo-itf-schutzausrustung\\\/kickboxhandschuhe-pride\\\/#primaryimage\"},\"thumbnailUrl\":\"https:\\\/\\\/prideshop.eu\\\/wp-content\\\/uploads\\\/2023\\\/04\\\/kickboxing-rokavice-pride-4125.jpg\",\"datePublished\":\"2023-04-22T10:38:26+00:00\",\"dateModified\":\"2026-03-06T15:27:40+00:00\",\"description\":\"Kickboxhandschuhe, Pride, sind eine hervorragende Wahl f\u00fcr alle Kampfsport-Enthusiasten, die w\u00e4hrend des Trainings oder Wettkampfs eine qualitativ...\",\"breadcrumb\":{\"@id\":\"https:\\\/\\\/prideshop.eu\\\/de\\\/shop\\\/sportarten\\\/itf-taekwondo-traditonelles-taekwondo\\\/taekwondo-itf-schutzausrustung\\\/kickboxhandschuhe-pride\\\/#breadcrumb\"},\"inLanguage\":\"de\",\"potentialAction\":[{\"@type\":\"ReadAction\",\"target\":[\"https:\\\/\\\/prideshop.eu\\\/de\\\/shop\\\/sportarten\\\/itf-taekwondo-traditonelles-taekwondo\\\/taekwondo-itf-schutzausrustung\\\/kickboxhandschuhe-pride\\\/\"]}]},{\"@type\":\"ImageObject\",\"inLanguage\":\"de\",\"@id\":\"https:\\\/\\\/prideshop.eu\\\/de\\\/shop\\\/sportarten\\\/itf-taekwondo-traditonelles-taekwondo\\\/taekwondo-itf-schutzausrustung\\\/kickboxhandschuhe-pride\\\/#primaryimage\",\"url\":\"https:\\\/\\\/prideshop.eu\\\/wp-content\\\/uploads\\\/2023\\\/04\\\/kickboxing-rokavice-pride-4125.jpg\",\"contentUrl\":\"https:\\\/\\\/prideshop.eu\\\/wp-content\\\/uploads\\\/2023\\\/04\\\/kickboxing-rokavice-pride-4125.jpg\",\"width\":600,\"height\":600,\"caption\":\"Kickboxing rokavice Pride modre in rde\u010de\"},{\"@type\":\"BreadcrumbList\",\"@id\":\"https:\\\/\\\/prideshop.eu\\\/de\\\/shop\\\/sportarten\\\/itf-taekwondo-traditonelles-taekwondo\\\/taekwondo-itf-schutzausrustung\\\/kickboxhandschuhe-pride\\\/#breadcrumb\",\"itemListElement\":[{\"@type\":\"ListItem\",\"position\":1,\"name\":\"Home\",\"item\":\"https:\\\/\\\/prideshop.eu\\\/de\\\/\"},{\"@type\":\"ListItem\",\"position\":2,\"name\":\"Gesch\u00e4ft\",\"item\":\"https:\\\/\\\/prideshop.eu\\\/de\\\/geschaeft\\\/\"},{\"@type\":\"ListItem\",\"position\":3,\"name\":\"Kickboxhandschuhe Pride \u2013 CoreKick\"}]},{\"@type\":\"WebSite\",\"@id\":\"https:\\\/\\\/prideshop.eu\\\/de\\\/#website\",\"url\":\"https:\\\/\\\/prideshop.eu\\\/de\\\/\",\"name\":\"PRIDEshop\",\"description\":\"Oprema za Borilne \u0160porte\",\"publisher\":{\"@id\":\"https:\\\/\\\/prideshop.eu\\\/de\\\/#organization\"},\"potentialAction\":[{\"@type\":\"SearchAction\",\"target\":{\"@type\":\"EntryPoint\",\"urlTemplate\":\"https:\\\/\\\/prideshop.eu\\\/de\\\/?s={search_term_string}\"},\"query-input\":{\"@type\":\"PropertyValueSpecification\",\"valueRequired\":true,\"valueName\":\"search_term_string\"}}],\"inLanguage\":\"de\"},{\"@type\":\"Organization\",\"@id\":\"https:\\\/\\\/prideshop.eu\\\/de\\\/#organization\",\"name\":\"PRIDEshop\",\"url\":\"https:\\\/\\\/prideshop.eu\\\/de\\\/\",\"logo\":{\"@type\":\"ImageObject\",\"inLanguage\":\"de\",\"@id\":\"https:\\\/\\\/prideshop.eu\\\/de\\\/#\\\/schema\\\/logo\\\/image\\\/\",\"url\":\"\",\"contentUrl\":\"\",\"caption\":\"PRIDEshop\"},\"image\":{\"@id\":\"https:\\\/\\\/prideshop.eu\\\/de\\\/#\\\/schema\\\/logo\\\/image\\\/\"},\"sameAs\":[\"https:\\\/\\\/sl-si.facebook.com\\\/PrideShopeu\"]}]}<\/script>\n<!-- \/ Yoast SEO plugin. -->","yoast_head_json":{"title":"Kickboxhandschuhe Pride \u2013 CoreKick - PRIDEshop","description":"Kickboxhandschuhe, Pride, sind eine hervorragende Wahl f\u00fcr alle Kampfsport-Enthusiasten, die w\u00e4hrend des Trainings oder Wettkampfs eine qualitativ...","robots":{"index":"index","follow":"follow","max-snippet":"max-snippet:-1","max-image-preview":"max-image-preview:large","max-video-preview":"max-video-preview:-1"},"canonical":"https:\/\/prideshop.eu\/de\/shop\/sportarten\/itf-taekwondo-traditonelles-taekwondo\/taekwondo-itf-schutzausrustung\/kickboxhandschuhe-pride\/","og_locale":"de_DE","og_type":"article","og_title":"Kickboxhandschuhe Pride \u2013 CoreKick - PRIDEshop","og_description":"Kickboxhandschuhe, Pride, sind eine hervorragende Wahl f\u00fcr alle Kampfsport-Enthusiasten, die w\u00e4hrend des Trainings oder Wettkampfs eine qualitativ...","og_url":"https:\/\/prideshop.eu\/de\/shop\/sportarten\/itf-taekwondo-traditonelles-taekwondo\/taekwondo-itf-schutzausrustung\/kickboxhandschuhe-pride\/","og_site_name":"PRIDEshop","article_publisher":"https:\/\/sl-si.facebook.com\/PrideShopeu","article_modified_time":"2026-03-06T15:27:40+00:00","og_image":[{"width":600,"height":600,"url":"https:\/\/prideshop.eu\/wp-content\/uploads\/2023\/04\/kickboxing-rokavice-pride-4125.jpg","type":"image\/jpeg"}],"twitter_card":"summary_large_image","schema":{"@context":"https:\/\/schema.org","@graph":[{"@type":"WebPage","@id":"https:\/\/prideshop.eu\/de\/shop\/sportarten\/itf-taekwondo-traditonelles-taekwondo\/taekwondo-itf-schutzausrustung\/kickboxhandschuhe-pride\/","url":"https:\/\/prideshop.eu\/de\/shop\/sportarten\/itf-taekwondo-traditonelles-taekwondo\/taekwondo-itf-schutzausrustung\/kickboxhandschuhe-pride\/","name":"Kickboxhandschuhe Pride \u2013 CoreKick - PRIDEshop","isPartOf":{"@id":"https:\/\/prideshop.eu\/de\/#website"},"primaryImageOfPage":{"@id":"https:\/\/prideshop.eu\/de\/shop\/sportarten\/itf-taekwondo-traditonelles-taekwondo\/taekwondo-itf-schutzausrustung\/kickboxhandschuhe-pride\/#primaryimage"},"image":{"@id":"https:\/\/prideshop.eu\/de\/shop\/sportarten\/itf-taekwondo-traditonelles-taekwondo\/taekwondo-itf-schutzausrustung\/kickboxhandschuhe-pride\/#primaryimage"},"thumbnailUrl":"https:\/\/prideshop.eu\/wp-content\/uploads\/2023\/04\/kickboxing-rokavice-pride-4125.jpg","datePublished":"2023-04-22T10:38:26+00:00","dateModified":"2026-03-06T15:27:40+00:00","description":"Kickboxhandschuhe, Pride, sind eine hervorragende Wahl f\u00fcr alle Kampfsport-Enthusiasten, die w\u00e4hrend des Trainings oder Wettkampfs eine qualitativ...","breadcrumb":{"@id":"https:\/\/prideshop.eu\/de\/shop\/sportarten\/itf-taekwondo-traditonelles-taekwondo\/taekwondo-itf-schutzausrustung\/kickboxhandschuhe-pride\/#breadcrumb"},"inLanguage":"de","potentialAction":[{"@type":"ReadAction","target":["https:\/\/prideshop.eu\/de\/shop\/sportarten\/itf-taekwondo-traditonelles-taekwondo\/taekwondo-itf-schutzausrustung\/kickboxhandschuhe-pride\/"]}]},{"@type":"ImageObject","inLanguage":"de","@id":"https:\/\/prideshop.eu\/de\/shop\/sportarten\/itf-taekwondo-traditonelles-taekwondo\/taekwondo-itf-schutzausrustung\/kickboxhandschuhe-pride\/#primaryimage","url":"https:\/\/prideshop.eu\/wp-content\/uploads\/2023\/04\/kickboxing-rokavice-pride-4125.jpg","contentUrl":"https:\/\/prideshop.eu\/wp-content\/uploads\/2023\/04\/kickboxing-rokavice-pride-4125.jpg","width":600,"height":600,"caption":"Kickboxing rokavice Pride modre in rde\u010de"},{"@type":"BreadcrumbList","@id":"https:\/\/prideshop.eu\/de\/shop\/sportarten\/itf-taekwondo-traditonelles-taekwondo\/taekwondo-itf-schutzausrustung\/kickboxhandschuhe-pride\/#breadcrumb","itemListElement":[{"@type":"ListItem","position":1,"name":"Home","item":"https:\/\/prideshop.eu\/de\/"},{"@type":"ListItem","position":2,"name":"Gesch\u00e4ft","item":"https:\/\/prideshop.eu\/de\/geschaeft\/"},{"@type":"ListItem","position":3,"name":"Kickboxhandschuhe Pride \u2013 CoreKick"}]},{"@type":"WebSite","@id":"https:\/\/prideshop.eu\/de\/#website","url":"https:\/\/prideshop.eu\/de\/","name":"PRIDEshop","description":"Oprema za Borilne \u0160porte","publisher":{"@id":"https:\/\/prideshop.eu\/de\/#organization"},"potentialAction":[{"@type":"SearchAction","target":{"@type":"EntryPoint","urlTemplate":"https:\/\/prideshop.eu\/de\/?s={search_term_string}"},"query-input":{"@type":"PropertyValueSpecification","valueRequired":true,"valueName":"search_term_string"}}],"inLanguage":"de"},{"@type":"Organization","@id":"https:\/\/prideshop.eu\/de\/#organization","name":"PRIDEshop","url":"https:\/\/prideshop.eu\/de\/","logo":{"@type":"ImageObject","inLanguage":"de","@id":"https:\/\/prideshop.eu\/de\/#\/schema\/logo\/image\/","url":"","contentUrl":"","caption":"PRIDEshop"},"image":{"@id":"https:\/\/prideshop.eu\/de\/#\/schema\/logo\/image\/"},"sameAs":["https:\/\/sl-si.facebook.com\/PrideShopeu"]}]}},"_links":{"self":[{"href":"https:\/\/prideshop.eu\/de\/wp-json\/wp\/v2\/product\/43213","targetHints":{"allow":["GET"]}}],"collection":[{"href":"https:\/\/prideshop.eu\/de\/wp-json\/wp\/v2\/product"}],"about":[{"href":"https:\/\/prideshop.eu\/de\/wp-json\/wp\/v2\/types\/product"}],"replies":[{"embeddable":true,"href":"https:\/\/prideshop.eu\/de\/wp-json\/wp\/v2\/comments?post=43213"}],"wp:featuredmedia":[{"embeddable":true,"href":"https:\/\/prideshop.eu\/de\/wp-json\/wp\/v2\/media\/43230"}],"wp:attachment":[{"href":"https:\/\/prideshop.eu\/de\/wp-json\/wp\/v2\/media?parent=43213"}],"wp:term":[{"taxonomy":"product_brand","embeddable":true,"href":"https:\/\/prideshop.eu\/de\/wp-json\/wp\/v2\/product_brand?post=43213"},{"taxonomy":"product_cat","embeddable":true,"href":"https:\/\/prideshop.eu\/de\/wp-json\/wp\/v2\/product_cat?post=43213"},{"taxonomy":"product_tag","embeddable":true,"href":"https:\/\/prideshop.eu\/de\/wp-json\/wp\/v2\/product_tag?post=43213"}],"curies":[{"name":"wp","href":"https:\/\/api.w.org\/{rel}","templated":true}]}}