{"id":43248,"date":"2023-04-23T16:52:30","date_gmt":"2023-04-23T14:52:30","guid":{"rendered":"https:\/\/prideshop.eu\/spletna-trgovina\/unkategorisiert\/damen-tiefschutz-suspensorium-pride-2\/"},"modified":"2025-08-04T10:55:18","modified_gmt":"2025-08-04T08:55:18","slug":"damen-tiefschutz-suspensorium-pride-2","status":"publish","type":"product","link":"https:\/\/prideshop.eu\/de\/shop\/sportarten\/itf-taekwondo-traditonelles-taekwondo\/taekwondo-itf-schutzausrustung\/damen-tiefschutz-suspensorium-pride-2\/","title":{"rendered":"Damen Tiefschutz f\u00fcr Kampfsport Pride \u2013 Ultra"},"content":{"rendered":"<h3>Damen Tiefschutz f\u00fcr Kampfsport Pride \u2013 Ultra<\/h3>\n<p>Damen Tiefschutz Suspensorium, Pride ist eine ausgezeichnete Wahl f\u00fcr Frauen, die einen erstklassigen Schutz ihrer Genitalien w\u00e4hrend sportlicher Aktivit\u00e4ten suchen. Er ist aus hochwertigen Materialien gefertigt, die strapazierf\u00e4hig sind, aber gleichzeitig Atmungsaktivit\u00e4t und Komfort erm\u00f6glichen. Die besondere Form des Suspensors erm\u00f6glicht eine perfekte Anpassung an den weiblichen K\u00f6rper und passt sich hervorragend der Form der weiblichen Genitalien an, was zus\u00e4tzliche Unterst\u00fctzung und Stabilit\u00e4t w\u00e4hrend der Bewegung sowie zuverl\u00e4ssigen Schutz w\u00e4hrend sportlicher Aktivit\u00e4ten gew\u00e4hrleistet.<\/p>\n","protected":false},"excerpt":{"rendered":"<p>Damen Tiefschutz Suspensorium, Pride ist eine ausgezeichnete Wahl f\u00fcr Frauen, die einen erstklassigen Schutz ihrer Genitalien w\u00e4hrend sportlicher Aktivit\u00e4ten suchen. Er ist aus hochwertigen Materialien gefertigt, die strapazierf\u00e4hig sind, aber gleichzeitig Atmungsaktivit\u00e4t und Komfort erm\u00f6glichen. Die besondere Form des Suspensors erm\u00f6glicht eine perfekte Anpassung an den weiblichen K\u00f6rper und passt sich hervorragend der Form der weiblichen Genitalien an, was zus\u00e4tzliche Unterst\u00fctzung und Stabilit\u00e4t w\u00e4hrend der Bewegung sowie zuverl\u00e4ssigen Schutz w\u00e4hrend sportlicher Aktivit\u00e4ten gew\u00e4hrleistet.<\/p>\n","protected":false},"featured_media":43237,"comment_status":"open","ping_status":"closed","template":"","meta":{"_acf_changed":false},"product_brand":[2086],"product_cat":[580,788,710,720,722,734,742,744,754,648,634,732,656,798,756,766,778,786,640],"product_tag":[],"class_list":{"0":"post-43248","1":"product","2":"type-product","3":"status-publish","4":"has-post-thumbnail","6":"product_brand-pride","7":"product_cat-equipment-de","8":"product_cat-itf-taekwondo-traditonelles-taekwondo","9":"product_cat-karate-ausruestung","10":"product_cat-karate-schutzausrustung","11":"product_cat-kickboxen","12":"product_cat-krav-maga-de","13":"product_cat-krav-maga-schutzausrustung","14":"product_cat-mma-ultimate-fight-de","15":"product_cat-mma-ultimate-fight-schutzausrustung","16":"product_cat-schutz-fur-frauen","17":"product_cat-schutzausrustung","18":"product_cat-schutzausrustung-zum-kickboxen","19":"product_cat-sportarten","20":"product_cat-taekwondo-itf-schutzausrustung","21":"product_cat-taekwondo-wt-olypic-sports","22":"product_cat-taekwondo-wt-schutzausrustung","23":"product_cat-thaiboxen","24":"product_cat-thaiboxen-schutzausrustung","25":"product_cat-tiefschutz","27":"first","28":"instock","29":"taxable","30":"shipping-taxable","31":"purchasable","32":"product-type-variable"},"acf":[],"yoast_head":"<!-- This site is optimized with the Yoast SEO plugin v27.4 - https:\/\/yoast.com\/product\/yoast-seo-wordpress\/ -->\n<title>Damen Tiefschutz f\u00fcr Kampfsport Pride \u2013 Ultra - PRIDEshop<\/title>\n<meta name=\"description\" content=\"Damen Tiefschutz Suspensorium, Pride ist eine ausgezeichnete Wahl f\u00fcr Frauen, die einen erstklassigen Schutz ihrer Genitalien w\u00e4hrend sportlicher...\" \/>\n<meta name=\"robots\" content=\"index, follow, max-snippet:-1, max-image-preview:large, max-video-preview:-1\" \/>\n<link rel=\"canonical\" href=\"https:\/\/prideshop.eu\/de\/shop\/sportarten\/itf-taekwondo-traditonelles-taekwondo\/taekwondo-itf-schutzausrustung\/damen-tiefschutz-suspensorium-pride-2\/\" \/>\n<meta property=\"og:locale\" content=\"de_DE\" \/>\n<meta property=\"og:type\" content=\"article\" \/>\n<meta property=\"og:title\" content=\"Damen Tiefschutz f\u00fcr Kampfsport Pride \u2013 Ultra - PRIDEshop\" \/>\n<meta property=\"og:description\" content=\"Damen Tiefschutz Suspensorium, Pride ist eine ausgezeichnete Wahl f\u00fcr Frauen, die einen erstklassigen Schutz ihrer Genitalien w\u00e4hrend sportlicher...\" \/>\n<meta property=\"og:url\" content=\"https:\/\/prideshop.eu\/de\/shop\/sportarten\/itf-taekwondo-traditonelles-taekwondo\/taekwondo-itf-schutzausrustung\/damen-tiefschutz-suspensorium-pride-2\/\" \/>\n<meta property=\"og:site_name\" content=\"PRIDEshop\" \/>\n<meta property=\"article:publisher\" content=\"https:\/\/sl-si.facebook.com\/PrideShopeu\" \/>\n<meta property=\"article:modified_time\" content=\"2025-08-04T08:55:18+00:00\" \/>\n<meta property=\"og:image\" content=\"https:\/\/prideshop.eu\/wp-content\/uploads\/2023\/04\/zenski-suspenzor-pride-5038-w.jpeg\" \/>\n\t<meta property=\"og:image:width\" content=\"600\" \/>\n\t<meta property=\"og:image:height\" content=\"600\" \/>\n\t<meta property=\"og:image:type\" content=\"image\/jpeg\" \/>\n<meta name=\"twitter:card\" content=\"summary_large_image\" \/>\n<script type=\"application\/ld+json\" class=\"yoast-schema-graph\">{\"@context\":\"https:\\\/\\\/schema.org\",\"@graph\":[{\"@type\":\"WebPage\",\"@id\":\"https:\\\/\\\/prideshop.eu\\\/de\\\/shop\\\/sportarten\\\/itf-taekwondo-traditonelles-taekwondo\\\/taekwondo-itf-schutzausrustung\\\/damen-tiefschutz-suspensorium-pride-2\\\/\",\"url\":\"https:\\\/\\\/prideshop.eu\\\/de\\\/shop\\\/sportarten\\\/itf-taekwondo-traditonelles-taekwondo\\\/taekwondo-itf-schutzausrustung\\\/damen-tiefschutz-suspensorium-pride-2\\\/\",\"name\":\"Damen Tiefschutz f\u00fcr Kampfsport Pride \u2013 Ultra - PRIDEshop\",\"isPartOf\":{\"@id\":\"https:\\\/\\\/prideshop.eu\\\/de\\\/#website\"},\"primaryImageOfPage\":{\"@id\":\"https:\\\/\\\/prideshop.eu\\\/de\\\/shop\\\/sportarten\\\/itf-taekwondo-traditonelles-taekwondo\\\/taekwondo-itf-schutzausrustung\\\/damen-tiefschutz-suspensorium-pride-2\\\/#primaryimage\"},\"image\":{\"@id\":\"https:\\\/\\\/prideshop.eu\\\/de\\\/shop\\\/sportarten\\\/itf-taekwondo-traditonelles-taekwondo\\\/taekwondo-itf-schutzausrustung\\\/damen-tiefschutz-suspensorium-pride-2\\\/#primaryimage\"},\"thumbnailUrl\":\"https:\\\/\\\/prideshop.eu\\\/wp-content\\\/uploads\\\/2023\\\/04\\\/zenski-suspenzor-pride-5038-w.jpeg\",\"datePublished\":\"2023-04-23T14:52:30+00:00\",\"dateModified\":\"2025-08-04T08:55:18+00:00\",\"description\":\"Damen Tiefschutz Suspensorium, Pride ist eine ausgezeichnete Wahl f\u00fcr Frauen, die einen erstklassigen Schutz ihrer Genitalien w\u00e4hrend sportlicher...\",\"breadcrumb\":{\"@id\":\"https:\\\/\\\/prideshop.eu\\\/de\\\/shop\\\/sportarten\\\/itf-taekwondo-traditonelles-taekwondo\\\/taekwondo-itf-schutzausrustung\\\/damen-tiefschutz-suspensorium-pride-2\\\/#breadcrumb\"},\"inLanguage\":\"de\",\"potentialAction\":[{\"@type\":\"ReadAction\",\"target\":[\"https:\\\/\\\/prideshop.eu\\\/de\\\/shop\\\/sportarten\\\/itf-taekwondo-traditonelles-taekwondo\\\/taekwondo-itf-schutzausrustung\\\/damen-tiefschutz-suspensorium-pride-2\\\/\"]}]},{\"@type\":\"ImageObject\",\"inLanguage\":\"de\",\"@id\":\"https:\\\/\\\/prideshop.eu\\\/de\\\/shop\\\/sportarten\\\/itf-taekwondo-traditonelles-taekwondo\\\/taekwondo-itf-schutzausrustung\\\/damen-tiefschutz-suspensorium-pride-2\\\/#primaryimage\",\"url\":\"https:\\\/\\\/prideshop.eu\\\/wp-content\\\/uploads\\\/2023\\\/04\\\/zenski-suspenzor-pride-5038-w.jpeg\",\"contentUrl\":\"https:\\\/\\\/prideshop.eu\\\/wp-content\\\/uploads\\\/2023\\\/04\\\/zenski-suspenzor-pride-5038-w.jpeg\",\"width\":600,\"height\":600,\"caption\":\"Damen Tiefschutz Suspensorium Pride\"},{\"@type\":\"BreadcrumbList\",\"@id\":\"https:\\\/\\\/prideshop.eu\\\/de\\\/shop\\\/sportarten\\\/itf-taekwondo-traditonelles-taekwondo\\\/taekwondo-itf-schutzausrustung\\\/damen-tiefschutz-suspensorium-pride-2\\\/#breadcrumb\",\"itemListElement\":[{\"@type\":\"ListItem\",\"position\":1,\"name\":\"Home\",\"item\":\"https:\\\/\\\/prideshop.eu\\\/de\\\/\"},{\"@type\":\"ListItem\",\"position\":2,\"name\":\"Gesch\u00e4ft\",\"item\":\"https:\\\/\\\/prideshop.eu\\\/de\\\/geschaeft\\\/\"},{\"@type\":\"ListItem\",\"position\":3,\"name\":\"Damen Tiefschutz f\u00fcr Kampfsport Pride \u2013 Ultra\"}]},{\"@type\":\"WebSite\",\"@id\":\"https:\\\/\\\/prideshop.eu\\\/de\\\/#website\",\"url\":\"https:\\\/\\\/prideshop.eu\\\/de\\\/\",\"name\":\"PRIDEshop\",\"description\":\"Oprema za Borilne \u0160porte\",\"publisher\":{\"@id\":\"https:\\\/\\\/prideshop.eu\\\/de\\\/#organization\"},\"potentialAction\":[{\"@type\":\"SearchAction\",\"target\":{\"@type\":\"EntryPoint\",\"urlTemplate\":\"https:\\\/\\\/prideshop.eu\\\/de\\\/?s={search_term_string}\"},\"query-input\":{\"@type\":\"PropertyValueSpecification\",\"valueRequired\":true,\"valueName\":\"search_term_string\"}}],\"inLanguage\":\"de\"},{\"@type\":\"Organization\",\"@id\":\"https:\\\/\\\/prideshop.eu\\\/de\\\/#organization\",\"name\":\"PRIDEshop\",\"url\":\"https:\\\/\\\/prideshop.eu\\\/de\\\/\",\"logo\":{\"@type\":\"ImageObject\",\"inLanguage\":\"de\",\"@id\":\"https:\\\/\\\/prideshop.eu\\\/de\\\/#\\\/schema\\\/logo\\\/image\\\/\",\"url\":\"\",\"contentUrl\":\"\",\"caption\":\"PRIDEshop\"},\"image\":{\"@id\":\"https:\\\/\\\/prideshop.eu\\\/de\\\/#\\\/schema\\\/logo\\\/image\\\/\"},\"sameAs\":[\"https:\\\/\\\/sl-si.facebook.com\\\/PrideShopeu\"]}]}<\/script>\n<!-- \/ Yoast SEO plugin. -->","yoast_head_json":{"title":"Damen Tiefschutz f\u00fcr Kampfsport Pride \u2013 Ultra - PRIDEshop","description":"Damen Tiefschutz Suspensorium, Pride ist eine ausgezeichnete Wahl f\u00fcr Frauen, die einen erstklassigen Schutz ihrer Genitalien w\u00e4hrend sportlicher...","robots":{"index":"index","follow":"follow","max-snippet":"max-snippet:-1","max-image-preview":"max-image-preview:large","max-video-preview":"max-video-preview:-1"},"canonical":"https:\/\/prideshop.eu\/de\/shop\/sportarten\/itf-taekwondo-traditonelles-taekwondo\/taekwondo-itf-schutzausrustung\/damen-tiefschutz-suspensorium-pride-2\/","og_locale":"de_DE","og_type":"article","og_title":"Damen Tiefschutz f\u00fcr Kampfsport Pride \u2013 Ultra - PRIDEshop","og_description":"Damen Tiefschutz Suspensorium, Pride ist eine ausgezeichnete Wahl f\u00fcr Frauen, die einen erstklassigen Schutz ihrer Genitalien w\u00e4hrend sportlicher...","og_url":"https:\/\/prideshop.eu\/de\/shop\/sportarten\/itf-taekwondo-traditonelles-taekwondo\/taekwondo-itf-schutzausrustung\/damen-tiefschutz-suspensorium-pride-2\/","og_site_name":"PRIDEshop","article_publisher":"https:\/\/sl-si.facebook.com\/PrideShopeu","article_modified_time":"2025-08-04T08:55:18+00:00","og_image":[{"width":600,"height":600,"url":"https:\/\/prideshop.eu\/wp-content\/uploads\/2023\/04\/zenski-suspenzor-pride-5038-w.jpeg","type":"image\/jpeg"}],"twitter_card":"summary_large_image","schema":{"@context":"https:\/\/schema.org","@graph":[{"@type":"WebPage","@id":"https:\/\/prideshop.eu\/de\/shop\/sportarten\/itf-taekwondo-traditonelles-taekwondo\/taekwondo-itf-schutzausrustung\/damen-tiefschutz-suspensorium-pride-2\/","url":"https:\/\/prideshop.eu\/de\/shop\/sportarten\/itf-taekwondo-traditonelles-taekwondo\/taekwondo-itf-schutzausrustung\/damen-tiefschutz-suspensorium-pride-2\/","name":"Damen Tiefschutz f\u00fcr Kampfsport Pride \u2013 Ultra - PRIDEshop","isPartOf":{"@id":"https:\/\/prideshop.eu\/de\/#website"},"primaryImageOfPage":{"@id":"https:\/\/prideshop.eu\/de\/shop\/sportarten\/itf-taekwondo-traditonelles-taekwondo\/taekwondo-itf-schutzausrustung\/damen-tiefschutz-suspensorium-pride-2\/#primaryimage"},"image":{"@id":"https:\/\/prideshop.eu\/de\/shop\/sportarten\/itf-taekwondo-traditonelles-taekwondo\/taekwondo-itf-schutzausrustung\/damen-tiefschutz-suspensorium-pride-2\/#primaryimage"},"thumbnailUrl":"https:\/\/prideshop.eu\/wp-content\/uploads\/2023\/04\/zenski-suspenzor-pride-5038-w.jpeg","datePublished":"2023-04-23T14:52:30+00:00","dateModified":"2025-08-04T08:55:18+00:00","description":"Damen Tiefschutz Suspensorium, Pride ist eine ausgezeichnete Wahl f\u00fcr Frauen, die einen erstklassigen Schutz ihrer Genitalien w\u00e4hrend sportlicher...","breadcrumb":{"@id":"https:\/\/prideshop.eu\/de\/shop\/sportarten\/itf-taekwondo-traditonelles-taekwondo\/taekwondo-itf-schutzausrustung\/damen-tiefschutz-suspensorium-pride-2\/#breadcrumb"},"inLanguage":"de","potentialAction":[{"@type":"ReadAction","target":["https:\/\/prideshop.eu\/de\/shop\/sportarten\/itf-taekwondo-traditonelles-taekwondo\/taekwondo-itf-schutzausrustung\/damen-tiefschutz-suspensorium-pride-2\/"]}]},{"@type":"ImageObject","inLanguage":"de","@id":"https:\/\/prideshop.eu\/de\/shop\/sportarten\/itf-taekwondo-traditonelles-taekwondo\/taekwondo-itf-schutzausrustung\/damen-tiefschutz-suspensorium-pride-2\/#primaryimage","url":"https:\/\/prideshop.eu\/wp-content\/uploads\/2023\/04\/zenski-suspenzor-pride-5038-w.jpeg","contentUrl":"https:\/\/prideshop.eu\/wp-content\/uploads\/2023\/04\/zenski-suspenzor-pride-5038-w.jpeg","width":600,"height":600,"caption":"Damen Tiefschutz Suspensorium Pride"},{"@type":"BreadcrumbList","@id":"https:\/\/prideshop.eu\/de\/shop\/sportarten\/itf-taekwondo-traditonelles-taekwondo\/taekwondo-itf-schutzausrustung\/damen-tiefschutz-suspensorium-pride-2\/#breadcrumb","itemListElement":[{"@type":"ListItem","position":1,"name":"Home","item":"https:\/\/prideshop.eu\/de\/"},{"@type":"ListItem","position":2,"name":"Gesch\u00e4ft","item":"https:\/\/prideshop.eu\/de\/geschaeft\/"},{"@type":"ListItem","position":3,"name":"Damen Tiefschutz f\u00fcr Kampfsport Pride \u2013 Ultra"}]},{"@type":"WebSite","@id":"https:\/\/prideshop.eu\/de\/#website","url":"https:\/\/prideshop.eu\/de\/","name":"PRIDEshop","description":"Oprema za Borilne \u0160porte","publisher":{"@id":"https:\/\/prideshop.eu\/de\/#organization"},"potentialAction":[{"@type":"SearchAction","target":{"@type":"EntryPoint","urlTemplate":"https:\/\/prideshop.eu\/de\/?s={search_term_string}"},"query-input":{"@type":"PropertyValueSpecification","valueRequired":true,"valueName":"search_term_string"}}],"inLanguage":"de"},{"@type":"Organization","@id":"https:\/\/prideshop.eu\/de\/#organization","name":"PRIDEshop","url":"https:\/\/prideshop.eu\/de\/","logo":{"@type":"ImageObject","inLanguage":"de","@id":"https:\/\/prideshop.eu\/de\/#\/schema\/logo\/image\/","url":"","contentUrl":"","caption":"PRIDEshop"},"image":{"@id":"https:\/\/prideshop.eu\/de\/#\/schema\/logo\/image\/"},"sameAs":["https:\/\/sl-si.facebook.com\/PrideShopeu"]}]}},"_links":{"self":[{"href":"https:\/\/prideshop.eu\/de\/wp-json\/wp\/v2\/product\/43248","targetHints":{"allow":["GET"]}}],"collection":[{"href":"https:\/\/prideshop.eu\/de\/wp-json\/wp\/v2\/product"}],"about":[{"href":"https:\/\/prideshop.eu\/de\/wp-json\/wp\/v2\/types\/product"}],"replies":[{"embeddable":true,"href":"https:\/\/prideshop.eu\/de\/wp-json\/wp\/v2\/comments?post=43248"}],"wp:featuredmedia":[{"embeddable":true,"href":"https:\/\/prideshop.eu\/de\/wp-json\/wp\/v2\/media\/43237"}],"wp:attachment":[{"href":"https:\/\/prideshop.eu\/de\/wp-json\/wp\/v2\/media?parent=43248"}],"wp:term":[{"taxonomy":"product_brand","embeddable":true,"href":"https:\/\/prideshop.eu\/de\/wp-json\/wp\/v2\/product_brand?post=43248"},{"taxonomy":"product_cat","embeddable":true,"href":"https:\/\/prideshop.eu\/de\/wp-json\/wp\/v2\/product_cat?post=43248"},{"taxonomy":"product_tag","embeddable":true,"href":"https:\/\/prideshop.eu\/de\/wp-json\/wp\/v2\/product_tag?post=43248"}],"curies":[{"name":"wp","href":"https:\/\/api.w.org\/{rel}","templated":true}]}}