{"id":43257,"date":"2023-04-23T17:54:36","date_gmt":"2023-04-23T15:54:36","guid":{"rendered":"https:\/\/prideshop.eu\/spletna-trgovina\/unkategorisiert\/professioneller-doppelt-schneller-ball-speedball-pride\/"},"modified":"2025-08-04T10:48:14","modified_gmt":"2025-08-04T08:48:14","slug":"pro-doppelt-schneller-ball-speedball-pride","status":"publish","type":"product","link":"https:\/\/prideshop.eu\/de\/shop\/equipment-de\/trainingsgerate\/boxbirne-und-doppelendballe\/pro-doppelt-schneller-ball-speedball-pride\/","title":{"rendered":"Reflexball Double End Ball Boxen Pride \u2013 ReboundX"},"content":{"rendered":"<h3>Reflexball Double End Ball Boxen Pride \u2013 ReboundX<\/h3>\n<p>Professioneller doppelt schneller Ball\/speedball, Pride ist die perfekte Wahl f\u00fcr Geschwindigkeits\u2013 und Reflextraining. Dieser Ball besteht aus Leder, das f\u00fcr Langlebigkeit und Qualit\u00e4t sorgt. Au\u00dferdem ist ein Gummiband f\u00fcr die Befestigung enthalten, das eine einfache und stabile Montage auf verschiedenen Oberfl\u00e4chen erm\u00f6glicht. Die Verwendung dieses Balls ist eine ausgezeichnete M\u00f6glichkeit, Koordination, Geschwindigkeit und Pr\u00e4zision zu verbessern. Er eignet sich f\u00fcr verschiedene Sportarten wie Boxen, Kickboxen, Karate, Taekwondo und andere. Durch die Verwendung dieser professionellen Doppelschlag\u2013Boxball k\u00f6nnen Sie Ihre Technik und F\u00e4higkeiten verbessern und erstklassige Ergebnisse in Ihrem Sport erzielen.<\/p>\n","protected":false},"excerpt":{"rendered":"<p>Professioneller doppelt schneller Ball\/speedball, Pride ist die perfekte Wahl f\u00fcr Geschwindigkeits\u2013 und Reflextraining. Dieser Ball besteht aus Leder, das f\u00fcr Langlebigkeit und Qualit\u00e4t sorgt. Au\u00dferdem ist ein Gummiband f\u00fcr die Befestigung enthalten, das eine einfache und stabile Montage auf verschiedenen Oberfl\u00e4chen erm\u00f6glicht. Die Verwendung dieses Balls ist eine ausgezeichnete M\u00f6glichkeit, Koordination, Geschwindigkeit und Pr\u00e4zision zu verbessern. Er eignet sich f\u00fcr verschiedene Sportarten wie Boxen, Kickboxen, Karate, Taekwondo und andere. Durch die Verwendung dieser professionellen Doppelschlag\u2013Boxball k\u00f6nnen Sie Ihre Technik und F\u00e4higkeiten verbessern und erstklassige Ergebnisse in Ihrem Sport erzielen.<\/p>\n","protected":false},"featured_media":43255,"comment_status":"open","ping_status":"closed","template":"","meta":{"_acf_changed":false},"product_brand":[2086],"product_cat":[618,580,616],"product_tag":[],"class_list":{"0":"post-43257","1":"product","2":"type-product","3":"status-publish","4":"has-post-thumbnail","6":"product_brand-pride","7":"product_cat-boxbirne-und-doppelendballe","8":"product_cat-equipment-de","9":"product_cat-trainingsgerate","11":"first","12":"outofstock","13":"taxable","14":"shipping-taxable","15":"purchasable","16":"product-type-simple"},"acf":[],"yoast_head":"<!-- This site is optimized with the Yoast SEO plugin v27.4 - https:\/\/yoast.com\/product\/yoast-seo-wordpress\/ -->\n<title>Reflexball Double End Ball Boxen Pride \u2013 ReboundX - PRIDEshop<\/title>\n<meta name=\"description\" content=\"Professioneller doppelt schneller Ball\/speedball, Pride ist die perfekte Wahl f\u00fcr Geschwindigkeits- und Reflextraining. Dieser Ball besteht aus Leder.\" \/>\n<meta name=\"robots\" content=\"index, follow, max-snippet:-1, max-image-preview:large, max-video-preview:-1\" \/>\n<link rel=\"canonical\" href=\"https:\/\/prideshop.eu\/de\/shop\/equipment-de\/trainingsgerate\/boxbirne-und-doppelendballe\/pro-doppelt-schneller-ball-speedball-pride\/\" \/>\n<meta property=\"og:locale\" content=\"de_DE\" \/>\n<meta property=\"og:type\" content=\"article\" \/>\n<meta property=\"og:title\" content=\"Reflexball Double End Ball Boxen Pride \u2013 ReboundX - PRIDEshop\" \/>\n<meta property=\"og:description\" content=\"Professioneller doppelt schneller Ball\/speedball, Pride ist die perfekte Wahl f\u00fcr Geschwindigkeits- und Reflextraining. Dieser Ball besteht aus Leder.\" \/>\n<meta property=\"og:url\" content=\"https:\/\/prideshop.eu\/de\/shop\/equipment-de\/trainingsgerate\/boxbirne-und-doppelendballe\/pro-doppelt-schneller-ball-speedball-pride\/\" \/>\n<meta property=\"og:site_name\" content=\"PRIDEshop\" \/>\n<meta property=\"article:publisher\" content=\"https:\/\/sl-si.facebook.com\/PrideShopeu\" \/>\n<meta property=\"article:modified_time\" content=\"2025-08-04T08:48:14+00:00\" \/>\n<meta property=\"og:image\" content=\"https:\/\/prideshop.eu\/wp-content\/uploads\/2023\/04\/profesionalna-dvojna-hitra-zoga-3039.jpeg\" \/>\n\t<meta property=\"og:image:width\" content=\"600\" \/>\n\t<meta property=\"og:image:height\" content=\"600\" \/>\n\t<meta property=\"og:image:type\" content=\"image\/jpeg\" \/>\n<meta name=\"twitter:card\" content=\"summary_large_image\" \/>\n<meta name=\"twitter:label1\" content=\"Gesch\u00e4tzte Lesezeit\" \/>\n\t<meta name=\"twitter:data1\" content=\"1\u00a0Minute\" \/>\n<script type=\"application\/ld+json\" class=\"yoast-schema-graph\">{\"@context\":\"https:\\\/\\\/schema.org\",\"@graph\":[{\"@type\":\"WebPage\",\"@id\":\"https:\\\/\\\/prideshop.eu\\\/de\\\/shop\\\/equipment-de\\\/trainingsgerate\\\/boxbirne-und-doppelendballe\\\/pro-doppelt-schneller-ball-speedball-pride\\\/\",\"url\":\"https:\\\/\\\/prideshop.eu\\\/de\\\/shop\\\/equipment-de\\\/trainingsgerate\\\/boxbirne-und-doppelendballe\\\/pro-doppelt-schneller-ball-speedball-pride\\\/\",\"name\":\"Reflexball Double End Ball Boxen Pride \u2013 ReboundX - PRIDEshop\",\"isPartOf\":{\"@id\":\"https:\\\/\\\/prideshop.eu\\\/de\\\/#website\"},\"primaryImageOfPage\":{\"@id\":\"https:\\\/\\\/prideshop.eu\\\/de\\\/shop\\\/equipment-de\\\/trainingsgerate\\\/boxbirne-und-doppelendballe\\\/pro-doppelt-schneller-ball-speedball-pride\\\/#primaryimage\"},\"image\":{\"@id\":\"https:\\\/\\\/prideshop.eu\\\/de\\\/shop\\\/equipment-de\\\/trainingsgerate\\\/boxbirne-und-doppelendballe\\\/pro-doppelt-schneller-ball-speedball-pride\\\/#primaryimage\"},\"thumbnailUrl\":\"https:\\\/\\\/prideshop.eu\\\/wp-content\\\/uploads\\\/2023\\\/04\\\/profesionalna-dvojna-hitra-zoga-3039.jpeg\",\"datePublished\":\"2023-04-23T15:54:36+00:00\",\"dateModified\":\"2025-08-04T08:48:14+00:00\",\"description\":\"Professioneller doppelt schneller Ball\\\/speedball, Pride ist die perfekte Wahl f\u00fcr Geschwindigkeits- und Reflextraining. Dieser Ball besteht aus Leder.\",\"breadcrumb\":{\"@id\":\"https:\\\/\\\/prideshop.eu\\\/de\\\/shop\\\/equipment-de\\\/trainingsgerate\\\/boxbirne-und-doppelendballe\\\/pro-doppelt-schneller-ball-speedball-pride\\\/#breadcrumb\"},\"inLanguage\":\"de\",\"potentialAction\":[{\"@type\":\"ReadAction\",\"target\":[\"https:\\\/\\\/prideshop.eu\\\/de\\\/shop\\\/equipment-de\\\/trainingsgerate\\\/boxbirne-und-doppelendballe\\\/pro-doppelt-schneller-ball-speedball-pride\\\/\"]}]},{\"@type\":\"ImageObject\",\"inLanguage\":\"de\",\"@id\":\"https:\\\/\\\/prideshop.eu\\\/de\\\/shop\\\/equipment-de\\\/trainingsgerate\\\/boxbirne-und-doppelendballe\\\/pro-doppelt-schneller-ball-speedball-pride\\\/#primaryimage\",\"url\":\"https:\\\/\\\/prideshop.eu\\\/wp-content\\\/uploads\\\/2023\\\/04\\\/profesionalna-dvojna-hitra-zoga-3039.jpeg\",\"contentUrl\":\"https:\\\/\\\/prideshop.eu\\\/wp-content\\\/uploads\\\/2023\\\/04\\\/profesionalna-dvojna-hitra-zoga-3039.jpeg\",\"width\":600,\"height\":600,\"caption\":\"Professioneller doppelt schneller Ball\\\/speedball Pride\"},{\"@type\":\"BreadcrumbList\",\"@id\":\"https:\\\/\\\/prideshop.eu\\\/de\\\/shop\\\/equipment-de\\\/trainingsgerate\\\/boxbirne-und-doppelendballe\\\/pro-doppelt-schneller-ball-speedball-pride\\\/#breadcrumb\",\"itemListElement\":[{\"@type\":\"ListItem\",\"position\":1,\"name\":\"Home\",\"item\":\"https:\\\/\\\/prideshop.eu\\\/de\\\/\"},{\"@type\":\"ListItem\",\"position\":2,\"name\":\"Gesch\u00e4ft\",\"item\":\"https:\\\/\\\/prideshop.eu\\\/de\\\/geschaeft\\\/\"},{\"@type\":\"ListItem\",\"position\":3,\"name\":\"Reflexball Double End Ball Boxen Pride \u2013 ReboundX\"}]},{\"@type\":\"WebSite\",\"@id\":\"https:\\\/\\\/prideshop.eu\\\/de\\\/#website\",\"url\":\"https:\\\/\\\/prideshop.eu\\\/de\\\/\",\"name\":\"PRIDEshop\",\"description\":\"Oprema za Borilne \u0160porte\",\"publisher\":{\"@id\":\"https:\\\/\\\/prideshop.eu\\\/de\\\/#organization\"},\"potentialAction\":[{\"@type\":\"SearchAction\",\"target\":{\"@type\":\"EntryPoint\",\"urlTemplate\":\"https:\\\/\\\/prideshop.eu\\\/de\\\/?s={search_term_string}\"},\"query-input\":{\"@type\":\"PropertyValueSpecification\",\"valueRequired\":true,\"valueName\":\"search_term_string\"}}],\"inLanguage\":\"de\"},{\"@type\":\"Organization\",\"@id\":\"https:\\\/\\\/prideshop.eu\\\/de\\\/#organization\",\"name\":\"PRIDEshop\",\"url\":\"https:\\\/\\\/prideshop.eu\\\/de\\\/\",\"logo\":{\"@type\":\"ImageObject\",\"inLanguage\":\"de\",\"@id\":\"https:\\\/\\\/prideshop.eu\\\/de\\\/#\\\/schema\\\/logo\\\/image\\\/\",\"url\":\"\",\"contentUrl\":\"\",\"caption\":\"PRIDEshop\"},\"image\":{\"@id\":\"https:\\\/\\\/prideshop.eu\\\/de\\\/#\\\/schema\\\/logo\\\/image\\\/\"},\"sameAs\":[\"https:\\\/\\\/sl-si.facebook.com\\\/PrideShopeu\"]}]}<\/script>\n<!-- \/ Yoast SEO plugin. -->","yoast_head_json":{"title":"Reflexball Double End Ball Boxen Pride \u2013 ReboundX - PRIDEshop","description":"Professioneller doppelt schneller Ball\/speedball, Pride ist die perfekte Wahl f\u00fcr Geschwindigkeits- und Reflextraining. Dieser Ball besteht aus Leder.","robots":{"index":"index","follow":"follow","max-snippet":"max-snippet:-1","max-image-preview":"max-image-preview:large","max-video-preview":"max-video-preview:-1"},"canonical":"https:\/\/prideshop.eu\/de\/shop\/equipment-de\/trainingsgerate\/boxbirne-und-doppelendballe\/pro-doppelt-schneller-ball-speedball-pride\/","og_locale":"de_DE","og_type":"article","og_title":"Reflexball Double End Ball Boxen Pride \u2013 ReboundX - PRIDEshop","og_description":"Professioneller doppelt schneller Ball\/speedball, Pride ist die perfekte Wahl f\u00fcr Geschwindigkeits- und Reflextraining. Dieser Ball besteht aus Leder.","og_url":"https:\/\/prideshop.eu\/de\/shop\/equipment-de\/trainingsgerate\/boxbirne-und-doppelendballe\/pro-doppelt-schneller-ball-speedball-pride\/","og_site_name":"PRIDEshop","article_publisher":"https:\/\/sl-si.facebook.com\/PrideShopeu","article_modified_time":"2025-08-04T08:48:14+00:00","og_image":[{"width":600,"height":600,"url":"https:\/\/prideshop.eu\/wp-content\/uploads\/2023\/04\/profesionalna-dvojna-hitra-zoga-3039.jpeg","type":"image\/jpeg"}],"twitter_card":"summary_large_image","twitter_misc":{"Gesch\u00e4tzte Lesezeit":"1\u00a0Minute"},"schema":{"@context":"https:\/\/schema.org","@graph":[{"@type":"WebPage","@id":"https:\/\/prideshop.eu\/de\/shop\/equipment-de\/trainingsgerate\/boxbirne-und-doppelendballe\/pro-doppelt-schneller-ball-speedball-pride\/","url":"https:\/\/prideshop.eu\/de\/shop\/equipment-de\/trainingsgerate\/boxbirne-und-doppelendballe\/pro-doppelt-schneller-ball-speedball-pride\/","name":"Reflexball Double End Ball Boxen Pride \u2013 ReboundX - PRIDEshop","isPartOf":{"@id":"https:\/\/prideshop.eu\/de\/#website"},"primaryImageOfPage":{"@id":"https:\/\/prideshop.eu\/de\/shop\/equipment-de\/trainingsgerate\/boxbirne-und-doppelendballe\/pro-doppelt-schneller-ball-speedball-pride\/#primaryimage"},"image":{"@id":"https:\/\/prideshop.eu\/de\/shop\/equipment-de\/trainingsgerate\/boxbirne-und-doppelendballe\/pro-doppelt-schneller-ball-speedball-pride\/#primaryimage"},"thumbnailUrl":"https:\/\/prideshop.eu\/wp-content\/uploads\/2023\/04\/profesionalna-dvojna-hitra-zoga-3039.jpeg","datePublished":"2023-04-23T15:54:36+00:00","dateModified":"2025-08-04T08:48:14+00:00","description":"Professioneller doppelt schneller Ball\/speedball, Pride ist die perfekte Wahl f\u00fcr Geschwindigkeits- und Reflextraining. Dieser Ball besteht aus Leder.","breadcrumb":{"@id":"https:\/\/prideshop.eu\/de\/shop\/equipment-de\/trainingsgerate\/boxbirne-und-doppelendballe\/pro-doppelt-schneller-ball-speedball-pride\/#breadcrumb"},"inLanguage":"de","potentialAction":[{"@type":"ReadAction","target":["https:\/\/prideshop.eu\/de\/shop\/equipment-de\/trainingsgerate\/boxbirne-und-doppelendballe\/pro-doppelt-schneller-ball-speedball-pride\/"]}]},{"@type":"ImageObject","inLanguage":"de","@id":"https:\/\/prideshop.eu\/de\/shop\/equipment-de\/trainingsgerate\/boxbirne-und-doppelendballe\/pro-doppelt-schneller-ball-speedball-pride\/#primaryimage","url":"https:\/\/prideshop.eu\/wp-content\/uploads\/2023\/04\/profesionalna-dvojna-hitra-zoga-3039.jpeg","contentUrl":"https:\/\/prideshop.eu\/wp-content\/uploads\/2023\/04\/profesionalna-dvojna-hitra-zoga-3039.jpeg","width":600,"height":600,"caption":"Professioneller doppelt schneller Ball\/speedball Pride"},{"@type":"BreadcrumbList","@id":"https:\/\/prideshop.eu\/de\/shop\/equipment-de\/trainingsgerate\/boxbirne-und-doppelendballe\/pro-doppelt-schneller-ball-speedball-pride\/#breadcrumb","itemListElement":[{"@type":"ListItem","position":1,"name":"Home","item":"https:\/\/prideshop.eu\/de\/"},{"@type":"ListItem","position":2,"name":"Gesch\u00e4ft","item":"https:\/\/prideshop.eu\/de\/geschaeft\/"},{"@type":"ListItem","position":3,"name":"Reflexball Double End Ball Boxen Pride \u2013 ReboundX"}]},{"@type":"WebSite","@id":"https:\/\/prideshop.eu\/de\/#website","url":"https:\/\/prideshop.eu\/de\/","name":"PRIDEshop","description":"Oprema za Borilne \u0160porte","publisher":{"@id":"https:\/\/prideshop.eu\/de\/#organization"},"potentialAction":[{"@type":"SearchAction","target":{"@type":"EntryPoint","urlTemplate":"https:\/\/prideshop.eu\/de\/?s={search_term_string}"},"query-input":{"@type":"PropertyValueSpecification","valueRequired":true,"valueName":"search_term_string"}}],"inLanguage":"de"},{"@type":"Organization","@id":"https:\/\/prideshop.eu\/de\/#organization","name":"PRIDEshop","url":"https:\/\/prideshop.eu\/de\/","logo":{"@type":"ImageObject","inLanguage":"de","@id":"https:\/\/prideshop.eu\/de\/#\/schema\/logo\/image\/","url":"","contentUrl":"","caption":"PRIDEshop"},"image":{"@id":"https:\/\/prideshop.eu\/de\/#\/schema\/logo\/image\/"},"sameAs":["https:\/\/sl-si.facebook.com\/PrideShopeu"]}]}},"_links":{"self":[{"href":"https:\/\/prideshop.eu\/de\/wp-json\/wp\/v2\/product\/43257","targetHints":{"allow":["GET"]}}],"collection":[{"href":"https:\/\/prideshop.eu\/de\/wp-json\/wp\/v2\/product"}],"about":[{"href":"https:\/\/prideshop.eu\/de\/wp-json\/wp\/v2\/types\/product"}],"replies":[{"embeddable":true,"href":"https:\/\/prideshop.eu\/de\/wp-json\/wp\/v2\/comments?post=43257"}],"wp:featuredmedia":[{"embeddable":true,"href":"https:\/\/prideshop.eu\/de\/wp-json\/wp\/v2\/media\/43255"}],"wp:attachment":[{"href":"https:\/\/prideshop.eu\/de\/wp-json\/wp\/v2\/media?parent=43257"}],"wp:term":[{"taxonomy":"product_brand","embeddable":true,"href":"https:\/\/prideshop.eu\/de\/wp-json\/wp\/v2\/product_brand?post=43257"},{"taxonomy":"product_cat","embeddable":true,"href":"https:\/\/prideshop.eu\/de\/wp-json\/wp\/v2\/product_cat?post=43257"},{"taxonomy":"product_tag","embeddable":true,"href":"https:\/\/prideshop.eu\/de\/wp-json\/wp\/v2\/product_tag?post=43257"}],"curies":[{"name":"wp","href":"https:\/\/api.w.org\/{rel}","templated":true}]}}