{"id":43574,"date":"2023-04-23T19:53:08","date_gmt":"2023-04-23T17:53:08","guid":{"rendered":"https:\/\/prideshop.eu\/spletna-trgovina\/unkategorisiert\/fusschutz-pride-2\/"},"modified":"2025-08-04T10:55:39","modified_gmt":"2025-08-04T08:55:39","slug":"fusschutz-pride-2","status":"publish","type":"product","link":"https:\/\/prideshop.eu\/de\/shop\/sportarten\/kickboxen\/schutzausrustung-zum-kickboxen\/fusschutz-pride-2\/","title":{"rendered":"Fu\u00dfschutz Kicks Pride \u2013 KickGuard"},"content":{"rendered":"<h3>Fu\u00dfschutz Kicks Pride \u2013 KickGuard<\/h3>\n<p>Fu\u00dfschutz, Pride ist entwickelt worden, um den Kn\u00f6chel und den Fu\u00df w\u00e4hrend des Trainings zu sch\u00fctzen. Er besteht aus strapazierf\u00e4higem PU\u2013Material mit BaymoldTM\u2013Technologie, das maximalen Schutz gegen St\u00f6\u00dfe bietet. Der Schutz hat Polsterung f\u00fcr die anatomische Positionierung des Fu\u00dfes, die sich an die Form des Kn\u00f6chels anpasst und w\u00e4hrend der Bewegung f\u00fcr Komfort sorgt. Dank seiner hochwertigen Konstruktion und Haltbarkeit sch\u00fctzt der Schutz zuverl\u00e4ssig Ihren Fu\u00df und Kn\u00f6chel vor m\u00f6glichen Verletzungen w\u00e4hrend des Trainings.<\/p>\n","protected":false},"excerpt":{"rendered":"<p>Fu\u00dfschutz, Pride ist entwickelt worden, um den Kn\u00f6chel und den Fu\u00df w\u00e4hrend des Trainings zu sch\u00fctzen. Er besteht aus strapazierf\u00e4higem PU\u2013Material mit BaymoldTM\u2013Technologie, das maximalen Schutz gegen St\u00f6\u00dfe bietet. Der Schutz hat Polsterung f\u00fcr die anatomische Positionierung des Fu\u00dfes, die sich an die Form des Kn\u00f6chels anpasst und w\u00e4hrend der Bewegung f\u00fcr Komfort sorgt. Dank seiner hochwertigen Konstruktion und Haltbarkeit sch\u00fctzt der Schutz zuverl\u00e4ssig Ihren Fu\u00df und Kn\u00f6chel vor m\u00f6glichen Verletzungen w\u00e4hrend des Trainings.<\/p>\n","protected":false},"featured_media":43557,"comment_status":"open","ping_status":"closed","template":"","meta":{"_acf_changed":false},"product_brand":[2086],"product_cat":[580,644,722,634,732,656],"product_tag":[],"class_list":{"0":"post-43574","1":"product","2":"type-product","3":"status-publish","4":"has-post-thumbnail","6":"product_brand-pride","7":"product_cat-equipment-de","8":"product_cat-handschutz-und-beinschutz","9":"product_cat-kickboxen","10":"product_cat-schutzausrustung","11":"product_cat-schutzausrustung-zum-kickboxen","12":"product_cat-sportarten","14":"first","15":"instock","16":"taxable","17":"shipping-taxable","18":"purchasable","19":"product-type-variable"},"acf":[],"yoast_head":"<!-- This site is optimized with the Yoast SEO plugin v27.5 - https:\/\/yoast.com\/product\/yoast-seo-wordpress\/ -->\n<title>Fu\u00dfschutz Kicks Pride \u2013 KickGuard - PRIDEshop<\/title>\n<meta name=\"description\" content=\"Fu\u00dfschutz, Pride ist entwickelt worden, um den Kn\u00f6chel und den Fu\u00df w\u00e4hrend des Trainings zu sch\u00fctzen. Er besteht aus strapazierf\u00e4higem PU-Material.\" \/>\n<meta name=\"robots\" content=\"index, follow, max-snippet:-1, max-image-preview:large, max-video-preview:-1\" \/>\n<link rel=\"canonical\" href=\"https:\/\/prideshop.eu\/de\/shop\/sportarten\/kickboxen\/schutzausrustung-zum-kickboxen\/fusschutz-pride-2\/\" \/>\n<meta property=\"og:locale\" content=\"de_DE\" \/>\n<meta property=\"og:type\" content=\"article\" \/>\n<meta property=\"og:title\" content=\"Fu\u00dfschutz Kicks Pride \u2013 KickGuard - PRIDEshop\" \/>\n<meta property=\"og:description\" content=\"Fu\u00dfschutz, Pride ist entwickelt worden, um den Kn\u00f6chel und den Fu\u00df w\u00e4hrend des Trainings zu sch\u00fctzen. Er besteht aus strapazierf\u00e4higem PU-Material.\" \/>\n<meta property=\"og:url\" content=\"https:\/\/prideshop.eu\/de\/shop\/sportarten\/kickboxen\/schutzausrustung-zum-kickboxen\/fusschutz-pride-2\/\" \/>\n<meta property=\"og:site_name\" content=\"PRIDEshop\" \/>\n<meta property=\"article:publisher\" content=\"https:\/\/sl-si.facebook.com\/PrideShopeu\" \/>\n<meta property=\"article:modified_time\" content=\"2025-08-04T08:55:39+00:00\" \/>\n<meta property=\"og:image\" content=\"https:\/\/prideshop.eu\/wp-content\/uploads\/2023\/04\/scitnik-za-stopala-pride-5056-b.jpeg\" \/>\n\t<meta property=\"og:image:width\" content=\"600\" \/>\n\t<meta property=\"og:image:height\" content=\"600\" \/>\n\t<meta property=\"og:image:type\" content=\"image\/jpeg\" \/>\n<meta name=\"twitter:card\" content=\"summary_large_image\" \/>\n<script type=\"application\/ld+json\" class=\"yoast-schema-graph\">{\"@context\":\"https:\\\/\\\/schema.org\",\"@graph\":[{\"@type\":\"WebPage\",\"@id\":\"https:\\\/\\\/prideshop.eu\\\/de\\\/shop\\\/sportarten\\\/kickboxen\\\/schutzausrustung-zum-kickboxen\\\/fusschutz-pride-2\\\/\",\"url\":\"https:\\\/\\\/prideshop.eu\\\/de\\\/shop\\\/sportarten\\\/kickboxen\\\/schutzausrustung-zum-kickboxen\\\/fusschutz-pride-2\\\/\",\"name\":\"Fu\u00dfschutz Kicks Pride \u2013 KickGuard - PRIDEshop\",\"isPartOf\":{\"@id\":\"https:\\\/\\\/prideshop.eu\\\/de\\\/#website\"},\"primaryImageOfPage\":{\"@id\":\"https:\\\/\\\/prideshop.eu\\\/de\\\/shop\\\/sportarten\\\/kickboxen\\\/schutzausrustung-zum-kickboxen\\\/fusschutz-pride-2\\\/#primaryimage\"},\"image\":{\"@id\":\"https:\\\/\\\/prideshop.eu\\\/de\\\/shop\\\/sportarten\\\/kickboxen\\\/schutzausrustung-zum-kickboxen\\\/fusschutz-pride-2\\\/#primaryimage\"},\"thumbnailUrl\":\"https:\\\/\\\/prideshop.eu\\\/wp-content\\\/uploads\\\/2023\\\/04\\\/scitnik-za-stopala-pride-5056-b.jpeg\",\"datePublished\":\"2023-04-23T17:53:08+00:00\",\"dateModified\":\"2025-08-04T08:55:39+00:00\",\"description\":\"Fu\u00dfschutz, Pride ist entwickelt worden, um den Kn\u00f6chel und den Fu\u00df w\u00e4hrend des Trainings zu sch\u00fctzen. Er besteht aus strapazierf\u00e4higem PU-Material.\",\"breadcrumb\":{\"@id\":\"https:\\\/\\\/prideshop.eu\\\/de\\\/shop\\\/sportarten\\\/kickboxen\\\/schutzausrustung-zum-kickboxen\\\/fusschutz-pride-2\\\/#breadcrumb\"},\"inLanguage\":\"de\",\"potentialAction\":[{\"@type\":\"ReadAction\",\"target\":[\"https:\\\/\\\/prideshop.eu\\\/de\\\/shop\\\/sportarten\\\/kickboxen\\\/schutzausrustung-zum-kickboxen\\\/fusschutz-pride-2\\\/\"]}]},{\"@type\":\"ImageObject\",\"inLanguage\":\"de\",\"@id\":\"https:\\\/\\\/prideshop.eu\\\/de\\\/shop\\\/sportarten\\\/kickboxen\\\/schutzausrustung-zum-kickboxen\\\/fusschutz-pride-2\\\/#primaryimage\",\"url\":\"https:\\\/\\\/prideshop.eu\\\/wp-content\\\/uploads\\\/2023\\\/04\\\/scitnik-za-stopala-pride-5056-b.jpeg\",\"contentUrl\":\"https:\\\/\\\/prideshop.eu\\\/wp-content\\\/uploads\\\/2023\\\/04\\\/scitnik-za-stopala-pride-5056-b.jpeg\",\"width\":600,\"height\":600,\"caption\":\"Fu\u00dfschutz Pride\"},{\"@type\":\"BreadcrumbList\",\"@id\":\"https:\\\/\\\/prideshop.eu\\\/de\\\/shop\\\/sportarten\\\/kickboxen\\\/schutzausrustung-zum-kickboxen\\\/fusschutz-pride-2\\\/#breadcrumb\",\"itemListElement\":[{\"@type\":\"ListItem\",\"position\":1,\"name\":\"Home\",\"item\":\"https:\\\/\\\/prideshop.eu\\\/de\\\/\"},{\"@type\":\"ListItem\",\"position\":2,\"name\":\"Gesch\u00e4ft\",\"item\":\"https:\\\/\\\/prideshop.eu\\\/de\\\/geschaeft\\\/\"},{\"@type\":\"ListItem\",\"position\":3,\"name\":\"Fu\u00dfschutz Kicks Pride \u2013 KickGuard\"}]},{\"@type\":\"WebSite\",\"@id\":\"https:\\\/\\\/prideshop.eu\\\/de\\\/#website\",\"url\":\"https:\\\/\\\/prideshop.eu\\\/de\\\/\",\"name\":\"PRIDEshop\",\"description\":\"Oprema za Borilne \u0160porte\",\"publisher\":{\"@id\":\"https:\\\/\\\/prideshop.eu\\\/de\\\/#organization\"},\"potentialAction\":[{\"@type\":\"SearchAction\",\"target\":{\"@type\":\"EntryPoint\",\"urlTemplate\":\"https:\\\/\\\/prideshop.eu\\\/de\\\/?s={search_term_string}\"},\"query-input\":{\"@type\":\"PropertyValueSpecification\",\"valueRequired\":true,\"valueName\":\"search_term_string\"}}],\"inLanguage\":\"de\"},{\"@type\":\"Organization\",\"@id\":\"https:\\\/\\\/prideshop.eu\\\/de\\\/#organization\",\"name\":\"PRIDEshop\",\"url\":\"https:\\\/\\\/prideshop.eu\\\/de\\\/\",\"logo\":{\"@type\":\"ImageObject\",\"inLanguage\":\"de\",\"@id\":\"https:\\\/\\\/prideshop.eu\\\/de\\\/#\\\/schema\\\/logo\\\/image\\\/\",\"url\":\"\",\"contentUrl\":\"\",\"caption\":\"PRIDEshop\"},\"image\":{\"@id\":\"https:\\\/\\\/prideshop.eu\\\/de\\\/#\\\/schema\\\/logo\\\/image\\\/\"},\"sameAs\":[\"https:\\\/\\\/sl-si.facebook.com\\\/PrideShopeu\"]}]}<\/script>\n<!-- \/ Yoast SEO plugin. -->","yoast_head_json":{"title":"Fu\u00dfschutz Kicks Pride \u2013 KickGuard - PRIDEshop","description":"Fu\u00dfschutz, Pride ist entwickelt worden, um den Kn\u00f6chel und den Fu\u00df w\u00e4hrend des Trainings zu sch\u00fctzen. Er besteht aus strapazierf\u00e4higem PU-Material.","robots":{"index":"index","follow":"follow","max-snippet":"max-snippet:-1","max-image-preview":"max-image-preview:large","max-video-preview":"max-video-preview:-1"},"canonical":"https:\/\/prideshop.eu\/de\/shop\/sportarten\/kickboxen\/schutzausrustung-zum-kickboxen\/fusschutz-pride-2\/","og_locale":"de_DE","og_type":"article","og_title":"Fu\u00dfschutz Kicks Pride \u2013 KickGuard - PRIDEshop","og_description":"Fu\u00dfschutz, Pride ist entwickelt worden, um den Kn\u00f6chel und den Fu\u00df w\u00e4hrend des Trainings zu sch\u00fctzen. Er besteht aus strapazierf\u00e4higem PU-Material.","og_url":"https:\/\/prideshop.eu\/de\/shop\/sportarten\/kickboxen\/schutzausrustung-zum-kickboxen\/fusschutz-pride-2\/","og_site_name":"PRIDEshop","article_publisher":"https:\/\/sl-si.facebook.com\/PrideShopeu","article_modified_time":"2025-08-04T08:55:39+00:00","og_image":[{"width":600,"height":600,"url":"https:\/\/prideshop.eu\/wp-content\/uploads\/2023\/04\/scitnik-za-stopala-pride-5056-b.jpeg","type":"image\/jpeg"}],"twitter_card":"summary_large_image","schema":{"@context":"https:\/\/schema.org","@graph":[{"@type":"WebPage","@id":"https:\/\/prideshop.eu\/de\/shop\/sportarten\/kickboxen\/schutzausrustung-zum-kickboxen\/fusschutz-pride-2\/","url":"https:\/\/prideshop.eu\/de\/shop\/sportarten\/kickboxen\/schutzausrustung-zum-kickboxen\/fusschutz-pride-2\/","name":"Fu\u00dfschutz Kicks Pride \u2013 KickGuard - PRIDEshop","isPartOf":{"@id":"https:\/\/prideshop.eu\/de\/#website"},"primaryImageOfPage":{"@id":"https:\/\/prideshop.eu\/de\/shop\/sportarten\/kickboxen\/schutzausrustung-zum-kickboxen\/fusschutz-pride-2\/#primaryimage"},"image":{"@id":"https:\/\/prideshop.eu\/de\/shop\/sportarten\/kickboxen\/schutzausrustung-zum-kickboxen\/fusschutz-pride-2\/#primaryimage"},"thumbnailUrl":"https:\/\/prideshop.eu\/wp-content\/uploads\/2023\/04\/scitnik-za-stopala-pride-5056-b.jpeg","datePublished":"2023-04-23T17:53:08+00:00","dateModified":"2025-08-04T08:55:39+00:00","description":"Fu\u00dfschutz, Pride ist entwickelt worden, um den Kn\u00f6chel und den Fu\u00df w\u00e4hrend des Trainings zu sch\u00fctzen. Er besteht aus strapazierf\u00e4higem PU-Material.","breadcrumb":{"@id":"https:\/\/prideshop.eu\/de\/shop\/sportarten\/kickboxen\/schutzausrustung-zum-kickboxen\/fusschutz-pride-2\/#breadcrumb"},"inLanguage":"de","potentialAction":[{"@type":"ReadAction","target":["https:\/\/prideshop.eu\/de\/shop\/sportarten\/kickboxen\/schutzausrustung-zum-kickboxen\/fusschutz-pride-2\/"]}]},{"@type":"ImageObject","inLanguage":"de","@id":"https:\/\/prideshop.eu\/de\/shop\/sportarten\/kickboxen\/schutzausrustung-zum-kickboxen\/fusschutz-pride-2\/#primaryimage","url":"https:\/\/prideshop.eu\/wp-content\/uploads\/2023\/04\/scitnik-za-stopala-pride-5056-b.jpeg","contentUrl":"https:\/\/prideshop.eu\/wp-content\/uploads\/2023\/04\/scitnik-za-stopala-pride-5056-b.jpeg","width":600,"height":600,"caption":"Fu\u00dfschutz Pride"},{"@type":"BreadcrumbList","@id":"https:\/\/prideshop.eu\/de\/shop\/sportarten\/kickboxen\/schutzausrustung-zum-kickboxen\/fusschutz-pride-2\/#breadcrumb","itemListElement":[{"@type":"ListItem","position":1,"name":"Home","item":"https:\/\/prideshop.eu\/de\/"},{"@type":"ListItem","position":2,"name":"Gesch\u00e4ft","item":"https:\/\/prideshop.eu\/de\/geschaeft\/"},{"@type":"ListItem","position":3,"name":"Fu\u00dfschutz Kicks Pride \u2013 KickGuard"}]},{"@type":"WebSite","@id":"https:\/\/prideshop.eu\/de\/#website","url":"https:\/\/prideshop.eu\/de\/","name":"PRIDEshop","description":"Oprema za Borilne \u0160porte","publisher":{"@id":"https:\/\/prideshop.eu\/de\/#organization"},"potentialAction":[{"@type":"SearchAction","target":{"@type":"EntryPoint","urlTemplate":"https:\/\/prideshop.eu\/de\/?s={search_term_string}"},"query-input":{"@type":"PropertyValueSpecification","valueRequired":true,"valueName":"search_term_string"}}],"inLanguage":"de"},{"@type":"Organization","@id":"https:\/\/prideshop.eu\/de\/#organization","name":"PRIDEshop","url":"https:\/\/prideshop.eu\/de\/","logo":{"@type":"ImageObject","inLanguage":"de","@id":"https:\/\/prideshop.eu\/de\/#\/schema\/logo\/image\/","url":"","contentUrl":"","caption":"PRIDEshop"},"image":{"@id":"https:\/\/prideshop.eu\/de\/#\/schema\/logo\/image\/"},"sameAs":["https:\/\/sl-si.facebook.com\/PrideShopeu"]}]}},"_links":{"self":[{"href":"https:\/\/prideshop.eu\/de\/wp-json\/wp\/v2\/product\/43574","targetHints":{"allow":["GET"]}}],"collection":[{"href":"https:\/\/prideshop.eu\/de\/wp-json\/wp\/v2\/product"}],"about":[{"href":"https:\/\/prideshop.eu\/de\/wp-json\/wp\/v2\/types\/product"}],"replies":[{"embeddable":true,"href":"https:\/\/prideshop.eu\/de\/wp-json\/wp\/v2\/comments?post=43574"}],"wp:featuredmedia":[{"embeddable":true,"href":"https:\/\/prideshop.eu\/de\/wp-json\/wp\/v2\/media\/43557"}],"wp:attachment":[{"href":"https:\/\/prideshop.eu\/de\/wp-json\/wp\/v2\/media?parent=43574"}],"wp:term":[{"taxonomy":"product_brand","embeddable":true,"href":"https:\/\/prideshop.eu\/de\/wp-json\/wp\/v2\/product_brand?post=43574"},{"taxonomy":"product_cat","embeddable":true,"href":"https:\/\/prideshop.eu\/de\/wp-json\/wp\/v2\/product_cat?post=43574"},{"taxonomy":"product_tag","embeddable":true,"href":"https:\/\/prideshop.eu\/de\/wp-json\/wp\/v2\/product_tag?post=43574"}],"curies":[{"name":"wp","href":"https:\/\/api.w.org\/{rel}","templated":true}]}}