{"id":43748,"date":"2023-04-25T19:58:51","date_gmt":"2023-04-25T17:58:51","guid":{"rendered":"https:\/\/prideshop.eu\/spletna-trgovina\/unkategorisiert\/schienbeinschoner-diamond-pride-2\/"},"modified":"2025-08-04T10:55:48","modified_gmt":"2025-08-04T08:55:48","slug":"schienbeinschoner-diamond-pride-2","status":"publish","type":"product","link":"https:\/\/prideshop.eu\/de\/shop\/sportarten\/krav-maga-de\/krav-maga-schutzausrustung\/schienbeinschoner-diamond-pride-2\/","title":{"rendered":"Schienbeinschoner Pride \u2013 Superior"},"content":{"rendered":"<h3>Schienbeinschoner Pride \u2013 Superior<\/h3>\n<p>Schienbeinschoner, Pride aus strapazierf\u00e4higem Material sind eine ausgezeichnete Wahl, um Ihre Schienbeine w\u00e4hrend des Trainings und Wettkampfs zu sch\u00fctzen. Das Material ist robust und verschlei\u00dffest, wodurch der Schienbeinschoner lange h\u00e4lt. Au\u00dferdem sch\u00fctzt der Protektor gut vor St\u00f6\u00dfen und anderen Verletzungen, die beim Training oder Wettkampf auftreten k\u00f6nnen. Das Design des Schienbeinsch\u00fctzers ist so gestaltet, dass es sich Ihrem Schienbein anpasst, um Komfort und Bewegungsfreiheit zu gew\u00e4hrleisten.<\/p>\n","protected":false},"excerpt":{"rendered":"<p>Schienbeinschoner, Pride aus strapazierf\u00e4higem Material sind eine ausgezeichnete Wahl, um Ihre Schienbeine w\u00e4hrend des Trainings und Wettkampfs zu sch\u00fctzen. Das Material ist robust und verschlei\u00dffest, wodurch der Schienbeinschoner lange h\u00e4lt. Au\u00dferdem sch\u00fctzt der Protektor gut vor St\u00f6\u00dfen und anderen Verletzungen, die beim Training oder Wettkampf auftreten k\u00f6nnen. Das Design des Schienbeinsch\u00fctzers ist so gestaltet, dass es sich Ihrem Schienbein anpasst, um Komfort und Bewegungsfreiheit zu gew\u00e4hrleisten.<\/p>\n","protected":false},"featured_media":43715,"comment_status":"open","ping_status":"closed","template":"","meta":{"_acf_changed":false},"product_brand":[2086],"product_cat":[580,644,722,734,742,634,732,656],"product_tag":[],"class_list":{"0":"post-43748","1":"product","2":"type-product","3":"status-publish","4":"has-post-thumbnail","6":"product_brand-pride","7":"product_cat-equipment-de","8":"product_cat-handschutz-und-beinschutz","9":"product_cat-kickboxen","10":"product_cat-krav-maga-de","11":"product_cat-krav-maga-schutzausrustung","12":"product_cat-schutzausrustung","13":"product_cat-schutzausrustung-zum-kickboxen","14":"product_cat-sportarten","16":"first","17":"outofstock","18":"taxable","19":"shipping-taxable","20":"product-type-variable"},"acf":[],"yoast_head":"<!-- This site is optimized with the Yoast SEO plugin v27.5 - https:\/\/yoast.com\/product\/yoast-seo-wordpress\/ -->\n<title>Schienbeinschoner Pride \u2013 Superior - PRIDEshop<\/title>\n<meta name=\"description\" content=\"Schienbeinsch\u00fctzer von Pride aus strapazierf\u00e4higem Material sind eine ausgezeichnete Wahl, um Ihre Schienbeine w\u00e4hrend des Trainings und Wettkampfs...\" \/>\n<meta name=\"robots\" content=\"index, follow, max-snippet:-1, max-image-preview:large, max-video-preview:-1\" \/>\n<link rel=\"canonical\" href=\"https:\/\/prideshop.eu\/de\/shop\/sportarten\/krav-maga-de\/krav-maga-schutzausrustung\/schienbeinschoner-diamond-pride-2\/\" \/>\n<meta property=\"og:locale\" content=\"de_DE\" \/>\n<meta property=\"og:type\" content=\"article\" \/>\n<meta property=\"og:title\" content=\"Schienbeinschoner Pride \u2013 Superior - PRIDEshop\" \/>\n<meta property=\"og:description\" content=\"Schienbeinsch\u00fctzer von Pride aus strapazierf\u00e4higem Material sind eine ausgezeichnete Wahl, um Ihre Schienbeine w\u00e4hrend des Trainings und Wettkampfs...\" \/>\n<meta property=\"og:url\" content=\"https:\/\/prideshop.eu\/de\/shop\/sportarten\/krav-maga-de\/krav-maga-schutzausrustung\/schienbeinschoner-diamond-pride-2\/\" \/>\n<meta property=\"og:site_name\" content=\"PRIDEshop\" \/>\n<meta property=\"article:publisher\" content=\"https:\/\/sl-si.facebook.com\/PrideShopeu\" \/>\n<meta property=\"article:modified_time\" content=\"2025-08-04T08:55:48+00:00\" \/>\n<meta property=\"og:image\" content=\"https:\/\/prideshop.eu\/wp-content\/uploads\/2023\/04\/scitnik-za-golen-pride-5072-b.jpeg\" \/>\n\t<meta property=\"og:image:width\" content=\"600\" \/>\n\t<meta property=\"og:image:height\" content=\"600\" \/>\n\t<meta property=\"og:image:type\" content=\"image\/jpeg\" \/>\n<meta name=\"twitter:card\" content=\"summary_large_image\" \/>\n<script type=\"application\/ld+json\" class=\"yoast-schema-graph\">{\"@context\":\"https:\\\/\\\/schema.org\",\"@graph\":[{\"@type\":\"WebPage\",\"@id\":\"https:\\\/\\\/prideshop.eu\\\/de\\\/shop\\\/sportarten\\\/krav-maga-de\\\/krav-maga-schutzausrustung\\\/schienbeinschoner-diamond-pride-2\\\/\",\"url\":\"https:\\\/\\\/prideshop.eu\\\/de\\\/shop\\\/sportarten\\\/krav-maga-de\\\/krav-maga-schutzausrustung\\\/schienbeinschoner-diamond-pride-2\\\/\",\"name\":\"Schienbeinschoner Pride \u2013 Superior - PRIDEshop\",\"isPartOf\":{\"@id\":\"https:\\\/\\\/prideshop.eu\\\/de\\\/#website\"},\"primaryImageOfPage\":{\"@id\":\"https:\\\/\\\/prideshop.eu\\\/de\\\/shop\\\/sportarten\\\/krav-maga-de\\\/krav-maga-schutzausrustung\\\/schienbeinschoner-diamond-pride-2\\\/#primaryimage\"},\"image\":{\"@id\":\"https:\\\/\\\/prideshop.eu\\\/de\\\/shop\\\/sportarten\\\/krav-maga-de\\\/krav-maga-schutzausrustung\\\/schienbeinschoner-diamond-pride-2\\\/#primaryimage\"},\"thumbnailUrl\":\"https:\\\/\\\/prideshop.eu\\\/wp-content\\\/uploads\\\/2023\\\/04\\\/scitnik-za-golen-pride-5072-b.jpeg\",\"datePublished\":\"2023-04-25T17:58:51+00:00\",\"dateModified\":\"2025-08-04T08:55:48+00:00\",\"description\":\"Schienbeinsch\u00fctzer von Pride aus strapazierf\u00e4higem Material sind eine ausgezeichnete Wahl, um Ihre Schienbeine w\u00e4hrend des Trainings und Wettkampfs...\",\"breadcrumb\":{\"@id\":\"https:\\\/\\\/prideshop.eu\\\/de\\\/shop\\\/sportarten\\\/krav-maga-de\\\/krav-maga-schutzausrustung\\\/schienbeinschoner-diamond-pride-2\\\/#breadcrumb\"},\"inLanguage\":\"de\",\"potentialAction\":[{\"@type\":\"ReadAction\",\"target\":[\"https:\\\/\\\/prideshop.eu\\\/de\\\/shop\\\/sportarten\\\/krav-maga-de\\\/krav-maga-schutzausrustung\\\/schienbeinschoner-diamond-pride-2\\\/\"]}]},{\"@type\":\"ImageObject\",\"inLanguage\":\"de\",\"@id\":\"https:\\\/\\\/prideshop.eu\\\/de\\\/shop\\\/sportarten\\\/krav-maga-de\\\/krav-maga-schutzausrustung\\\/schienbeinschoner-diamond-pride-2\\\/#primaryimage\",\"url\":\"https:\\\/\\\/prideshop.eu\\\/wp-content\\\/uploads\\\/2023\\\/04\\\/scitnik-za-golen-pride-5072-b.jpeg\",\"contentUrl\":\"https:\\\/\\\/prideshop.eu\\\/wp-content\\\/uploads\\\/2023\\\/04\\\/scitnik-za-golen-pride-5072-b.jpeg\",\"width\":600,\"height\":600,\"caption\":\"Schienbeinschoner Diamond Pride\"},{\"@type\":\"BreadcrumbList\",\"@id\":\"https:\\\/\\\/prideshop.eu\\\/de\\\/shop\\\/sportarten\\\/krav-maga-de\\\/krav-maga-schutzausrustung\\\/schienbeinschoner-diamond-pride-2\\\/#breadcrumb\",\"itemListElement\":[{\"@type\":\"ListItem\",\"position\":1,\"name\":\"Home\",\"item\":\"https:\\\/\\\/prideshop.eu\\\/de\\\/\"},{\"@type\":\"ListItem\",\"position\":2,\"name\":\"Gesch\u00e4ft\",\"item\":\"https:\\\/\\\/prideshop.eu\\\/de\\\/geschaeft\\\/\"},{\"@type\":\"ListItem\",\"position\":3,\"name\":\"Schienbeinschoner Pride \u2013 Superior\"}]},{\"@type\":\"WebSite\",\"@id\":\"https:\\\/\\\/prideshop.eu\\\/de\\\/#website\",\"url\":\"https:\\\/\\\/prideshop.eu\\\/de\\\/\",\"name\":\"PRIDEshop\",\"description\":\"Oprema za Borilne \u0160porte\",\"publisher\":{\"@id\":\"https:\\\/\\\/prideshop.eu\\\/de\\\/#organization\"},\"potentialAction\":[{\"@type\":\"SearchAction\",\"target\":{\"@type\":\"EntryPoint\",\"urlTemplate\":\"https:\\\/\\\/prideshop.eu\\\/de\\\/?s={search_term_string}\"},\"query-input\":{\"@type\":\"PropertyValueSpecification\",\"valueRequired\":true,\"valueName\":\"search_term_string\"}}],\"inLanguage\":\"de\"},{\"@type\":\"Organization\",\"@id\":\"https:\\\/\\\/prideshop.eu\\\/de\\\/#organization\",\"name\":\"PRIDEshop\",\"url\":\"https:\\\/\\\/prideshop.eu\\\/de\\\/\",\"logo\":{\"@type\":\"ImageObject\",\"inLanguage\":\"de\",\"@id\":\"https:\\\/\\\/prideshop.eu\\\/de\\\/#\\\/schema\\\/logo\\\/image\\\/\",\"url\":\"\",\"contentUrl\":\"\",\"caption\":\"PRIDEshop\"},\"image\":{\"@id\":\"https:\\\/\\\/prideshop.eu\\\/de\\\/#\\\/schema\\\/logo\\\/image\\\/\"},\"sameAs\":[\"https:\\\/\\\/sl-si.facebook.com\\\/PrideShopeu\"]}]}<\/script>\n<!-- \/ Yoast SEO plugin. -->","yoast_head_json":{"title":"Schienbeinschoner Pride \u2013 Superior - PRIDEshop","description":"Schienbeinsch\u00fctzer von Pride aus strapazierf\u00e4higem Material sind eine ausgezeichnete Wahl, um Ihre Schienbeine w\u00e4hrend des Trainings und Wettkampfs...","robots":{"index":"index","follow":"follow","max-snippet":"max-snippet:-1","max-image-preview":"max-image-preview:large","max-video-preview":"max-video-preview:-1"},"canonical":"https:\/\/prideshop.eu\/de\/shop\/sportarten\/krav-maga-de\/krav-maga-schutzausrustung\/schienbeinschoner-diamond-pride-2\/","og_locale":"de_DE","og_type":"article","og_title":"Schienbeinschoner Pride \u2013 Superior - PRIDEshop","og_description":"Schienbeinsch\u00fctzer von Pride aus strapazierf\u00e4higem Material sind eine ausgezeichnete Wahl, um Ihre Schienbeine w\u00e4hrend des Trainings und Wettkampfs...","og_url":"https:\/\/prideshop.eu\/de\/shop\/sportarten\/krav-maga-de\/krav-maga-schutzausrustung\/schienbeinschoner-diamond-pride-2\/","og_site_name":"PRIDEshop","article_publisher":"https:\/\/sl-si.facebook.com\/PrideShopeu","article_modified_time":"2025-08-04T08:55:48+00:00","og_image":[{"width":600,"height":600,"url":"https:\/\/prideshop.eu\/wp-content\/uploads\/2023\/04\/scitnik-za-golen-pride-5072-b.jpeg","type":"image\/jpeg"}],"twitter_card":"summary_large_image","schema":{"@context":"https:\/\/schema.org","@graph":[{"@type":"WebPage","@id":"https:\/\/prideshop.eu\/de\/shop\/sportarten\/krav-maga-de\/krav-maga-schutzausrustung\/schienbeinschoner-diamond-pride-2\/","url":"https:\/\/prideshop.eu\/de\/shop\/sportarten\/krav-maga-de\/krav-maga-schutzausrustung\/schienbeinschoner-diamond-pride-2\/","name":"Schienbeinschoner Pride \u2013 Superior - PRIDEshop","isPartOf":{"@id":"https:\/\/prideshop.eu\/de\/#website"},"primaryImageOfPage":{"@id":"https:\/\/prideshop.eu\/de\/shop\/sportarten\/krav-maga-de\/krav-maga-schutzausrustung\/schienbeinschoner-diamond-pride-2\/#primaryimage"},"image":{"@id":"https:\/\/prideshop.eu\/de\/shop\/sportarten\/krav-maga-de\/krav-maga-schutzausrustung\/schienbeinschoner-diamond-pride-2\/#primaryimage"},"thumbnailUrl":"https:\/\/prideshop.eu\/wp-content\/uploads\/2023\/04\/scitnik-za-golen-pride-5072-b.jpeg","datePublished":"2023-04-25T17:58:51+00:00","dateModified":"2025-08-04T08:55:48+00:00","description":"Schienbeinsch\u00fctzer von Pride aus strapazierf\u00e4higem Material sind eine ausgezeichnete Wahl, um Ihre Schienbeine w\u00e4hrend des Trainings und Wettkampfs...","breadcrumb":{"@id":"https:\/\/prideshop.eu\/de\/shop\/sportarten\/krav-maga-de\/krav-maga-schutzausrustung\/schienbeinschoner-diamond-pride-2\/#breadcrumb"},"inLanguage":"de","potentialAction":[{"@type":"ReadAction","target":["https:\/\/prideshop.eu\/de\/shop\/sportarten\/krav-maga-de\/krav-maga-schutzausrustung\/schienbeinschoner-diamond-pride-2\/"]}]},{"@type":"ImageObject","inLanguage":"de","@id":"https:\/\/prideshop.eu\/de\/shop\/sportarten\/krav-maga-de\/krav-maga-schutzausrustung\/schienbeinschoner-diamond-pride-2\/#primaryimage","url":"https:\/\/prideshop.eu\/wp-content\/uploads\/2023\/04\/scitnik-za-golen-pride-5072-b.jpeg","contentUrl":"https:\/\/prideshop.eu\/wp-content\/uploads\/2023\/04\/scitnik-za-golen-pride-5072-b.jpeg","width":600,"height":600,"caption":"Schienbeinschoner Diamond Pride"},{"@type":"BreadcrumbList","@id":"https:\/\/prideshop.eu\/de\/shop\/sportarten\/krav-maga-de\/krav-maga-schutzausrustung\/schienbeinschoner-diamond-pride-2\/#breadcrumb","itemListElement":[{"@type":"ListItem","position":1,"name":"Home","item":"https:\/\/prideshop.eu\/de\/"},{"@type":"ListItem","position":2,"name":"Gesch\u00e4ft","item":"https:\/\/prideshop.eu\/de\/geschaeft\/"},{"@type":"ListItem","position":3,"name":"Schienbeinschoner Pride \u2013 Superior"}]},{"@type":"WebSite","@id":"https:\/\/prideshop.eu\/de\/#website","url":"https:\/\/prideshop.eu\/de\/","name":"PRIDEshop","description":"Oprema za Borilne \u0160porte","publisher":{"@id":"https:\/\/prideshop.eu\/de\/#organization"},"potentialAction":[{"@type":"SearchAction","target":{"@type":"EntryPoint","urlTemplate":"https:\/\/prideshop.eu\/de\/?s={search_term_string}"},"query-input":{"@type":"PropertyValueSpecification","valueRequired":true,"valueName":"search_term_string"}}],"inLanguage":"de"},{"@type":"Organization","@id":"https:\/\/prideshop.eu\/de\/#organization","name":"PRIDEshop","url":"https:\/\/prideshop.eu\/de\/","logo":{"@type":"ImageObject","inLanguage":"de","@id":"https:\/\/prideshop.eu\/de\/#\/schema\/logo\/image\/","url":"","contentUrl":"","caption":"PRIDEshop"},"image":{"@id":"https:\/\/prideshop.eu\/de\/#\/schema\/logo\/image\/"},"sameAs":["https:\/\/sl-si.facebook.com\/PrideShopeu"]}]}},"_links":{"self":[{"href":"https:\/\/prideshop.eu\/de\/wp-json\/wp\/v2\/product\/43748","targetHints":{"allow":["GET"]}}],"collection":[{"href":"https:\/\/prideshop.eu\/de\/wp-json\/wp\/v2\/product"}],"about":[{"href":"https:\/\/prideshop.eu\/de\/wp-json\/wp\/v2\/types\/product"}],"replies":[{"embeddable":true,"href":"https:\/\/prideshop.eu\/de\/wp-json\/wp\/v2\/comments?post=43748"}],"wp:featuredmedia":[{"embeddable":true,"href":"https:\/\/prideshop.eu\/de\/wp-json\/wp\/v2\/media\/43715"}],"wp:attachment":[{"href":"https:\/\/prideshop.eu\/de\/wp-json\/wp\/v2\/media?parent=43748"}],"wp:term":[{"taxonomy":"product_brand","embeddable":true,"href":"https:\/\/prideshop.eu\/de\/wp-json\/wp\/v2\/product_brand?post=43748"},{"taxonomy":"product_cat","embeddable":true,"href":"https:\/\/prideshop.eu\/de\/wp-json\/wp\/v2\/product_cat?post=43748"},{"taxonomy":"product_tag","embeddable":true,"href":"https:\/\/prideshop.eu\/de\/wp-json\/wp\/v2\/product_tag?post=43748"}],"curies":[{"name":"wp","href":"https:\/\/api.w.org\/{rel}","templated":true}]}}