{"id":43784,"date":"2023-04-25T21:53:00","date_gmt":"2023-04-25T19:53:00","guid":{"rendered":"https:\/\/prideshop.eu\/spletna-trgovina\/unkategorisiert\/schienbein-und-spannschutz-pride-2\/"},"modified":"2025-08-04T10:57:58","modified_gmt":"2025-08-04T08:57:58","slug":"schienbein-und-spannschutz-pride-2","status":"publish","type":"product","link":"https:\/\/prideshop.eu\/de\/shop\/sportarten\/thaiboxen\/thaiboxen-schutzausrustung\/schienbein-und-spannschutz-pride-2\/","title":{"rendered":"Kickbox Schienbein- und Spannschutz Pride \u2013 ImpactLock Pro"},"content":{"rendered":"<h3>Kickbox Schienbein- und Spannschutz Pride \u2013 ImpactLock Pro<\/h3>\n<p>Schienbein und Spannschutz, Pride. Extrem starker und gleichzeitig sehr leichter Schutz f\u00fcr Schienbein und Vorfu\u00df, geeignet f\u00fcr die st\u00e4rksten Muay Thai, Kickboks, Full Contact und MMA K\u00e4mpfe. Das Gebiet des Schienbeins ist mit zus\u00e4tzlichem Verdickungsschaum, verkleidet in Kunstleder ausgestattet. Wegen der Materialien aus denen der Schutzer besteht, bietet er perfekten Schutz und Hygiene. Zwei B\u00e4nder mit einem Klettverschluss auf der hinteren Seite und ein Elastikbandam Fu\u00df versichern feste und stabile Anpassung an das Bein.<\/p>\n","protected":false},"excerpt":{"rendered":"<p>Schienbein und Spannschutz, Pride. Extrem starker und gleichzeitig sehr leichter Schutz f\u00fcr Schienbein und Vorfu\u00df, geeignet f\u00fcr die st\u00e4rksten Muay Thai, Kickboks, Full Contact und MMA K\u00e4mpfe. Das Gebiet des Schienbeins ist mit zus\u00e4tzlichem Verdickungsschaum, verkleidet in Kunstleder ausgestattet. Wegen der Materialien aus denen der Schutzer besteht, bietet er perfekten Schutz und Hygiene. Zwei B\u00e4nder mit einem Klettverschluss auf der hinteren Seite und ein Elastikbandam Fu\u00df versichern feste und stabile Anpassung an das Bein.<\/p>\n","protected":false},"featured_media":43774,"comment_status":"open","ping_status":"closed","template":"","meta":{"_acf_changed":false},"product_brand":[2086],"product_cat":[580,644,722,744,754,634,732,656,778,786],"product_tag":[],"class_list":{"0":"post-43784","1":"product","2":"type-product","3":"status-publish","4":"has-post-thumbnail","6":"product_brand-pride","7":"product_cat-equipment-de","8":"product_cat-handschutz-und-beinschutz","9":"product_cat-kickboxen","10":"product_cat-mma-ultimate-fight-de","11":"product_cat-mma-ultimate-fight-schutzausrustung","12":"product_cat-schutzausrustung","13":"product_cat-schutzausrustung-zum-kickboxen","14":"product_cat-sportarten","15":"product_cat-thaiboxen","16":"product_cat-thaiboxen-schutzausrustung","18":"first","19":"instock","20":"taxable","21":"shipping-taxable","22":"purchasable","23":"product-type-variable"},"acf":[],"yoast_head":"<!-- This site is optimized with the Yoast SEO plugin v27.4 - https:\/\/yoast.com\/product\/yoast-seo-wordpress\/ -->\n<title>Kickbox Schienbein- und Spannschutz Pride \u2013 ImpactLock Pro - PRIDEshop<\/title>\n<meta name=\"description\" content=\"Schienbein und Spannschutz, Pride. Extrem starker und gleichzeitig sehr leichter Schutz f\u00fcr Schienbein und Vorfu\u00df, geeignet f\u00fcr die st\u00e4rksten Muay Thai.\" \/>\n<meta name=\"robots\" content=\"index, follow, max-snippet:-1, max-image-preview:large, max-video-preview:-1\" \/>\n<link rel=\"canonical\" href=\"https:\/\/prideshop.eu\/de\/shop\/sportarten\/thaiboxen\/thaiboxen-schutzausrustung\/schienbein-und-spannschutz-pride-2\/\" \/>\n<meta property=\"og:locale\" content=\"de_DE\" \/>\n<meta property=\"og:type\" content=\"article\" \/>\n<meta property=\"og:title\" content=\"Kickbox Schienbein- und Spannschutz Pride \u2013 ImpactLock Pro - PRIDEshop\" \/>\n<meta property=\"og:description\" content=\"Schienbein und Spannschutz, Pride. Extrem starker und gleichzeitig sehr leichter Schutz f\u00fcr Schienbein und Vorfu\u00df, geeignet f\u00fcr die st\u00e4rksten Muay Thai.\" \/>\n<meta property=\"og:url\" content=\"https:\/\/prideshop.eu\/de\/shop\/sportarten\/thaiboxen\/thaiboxen-schutzausrustung\/schienbein-und-spannschutz-pride-2\/\" \/>\n<meta property=\"og:site_name\" content=\"PRIDEshop\" \/>\n<meta property=\"article:publisher\" content=\"https:\/\/sl-si.facebook.com\/PrideShopeu\" \/>\n<meta property=\"article:modified_time\" content=\"2025-08-04T08:57:58+00:00\" \/>\n<meta property=\"og:image\" content=\"https:\/\/prideshop.eu\/wp-content\/uploads\/2023\/04\/scitnik-za-golen-in-nart-pride-5641-bgold.jpeg\" \/>\n\t<meta property=\"og:image:width\" content=\"600\" \/>\n\t<meta property=\"og:image:height\" content=\"600\" \/>\n\t<meta property=\"og:image:type\" content=\"image\/jpeg\" \/>\n<meta name=\"twitter:card\" content=\"summary_large_image\" \/>\n<script type=\"application\/ld+json\" class=\"yoast-schema-graph\">{\"@context\":\"https:\\\/\\\/schema.org\",\"@graph\":[{\"@type\":\"WebPage\",\"@id\":\"https:\\\/\\\/prideshop.eu\\\/de\\\/shop\\\/sportarten\\\/thaiboxen\\\/thaiboxen-schutzausrustung\\\/schienbein-und-spannschutz-pride-2\\\/\",\"url\":\"https:\\\/\\\/prideshop.eu\\\/de\\\/shop\\\/sportarten\\\/thaiboxen\\\/thaiboxen-schutzausrustung\\\/schienbein-und-spannschutz-pride-2\\\/\",\"name\":\"Kickbox Schienbein- und Spannschutz Pride \u2013 ImpactLock Pro - PRIDEshop\",\"isPartOf\":{\"@id\":\"https:\\\/\\\/prideshop.eu\\\/de\\\/#website\"},\"primaryImageOfPage\":{\"@id\":\"https:\\\/\\\/prideshop.eu\\\/de\\\/shop\\\/sportarten\\\/thaiboxen\\\/thaiboxen-schutzausrustung\\\/schienbein-und-spannschutz-pride-2\\\/#primaryimage\"},\"image\":{\"@id\":\"https:\\\/\\\/prideshop.eu\\\/de\\\/shop\\\/sportarten\\\/thaiboxen\\\/thaiboxen-schutzausrustung\\\/schienbein-und-spannschutz-pride-2\\\/#primaryimage\"},\"thumbnailUrl\":\"https:\\\/\\\/prideshop.eu\\\/wp-content\\\/uploads\\\/2023\\\/04\\\/scitnik-za-golen-in-nart-pride-5641-bgold.jpeg\",\"datePublished\":\"2023-04-25T19:53:00+00:00\",\"dateModified\":\"2025-08-04T08:57:58+00:00\",\"description\":\"Schienbein und Spannschutz, Pride. Extrem starker und gleichzeitig sehr leichter Schutz f\u00fcr Schienbein und Vorfu\u00df, geeignet f\u00fcr die st\u00e4rksten Muay Thai.\",\"breadcrumb\":{\"@id\":\"https:\\\/\\\/prideshop.eu\\\/de\\\/shop\\\/sportarten\\\/thaiboxen\\\/thaiboxen-schutzausrustung\\\/schienbein-und-spannschutz-pride-2\\\/#breadcrumb\"},\"inLanguage\":\"de\",\"potentialAction\":[{\"@type\":\"ReadAction\",\"target\":[\"https:\\\/\\\/prideshop.eu\\\/de\\\/shop\\\/sportarten\\\/thaiboxen\\\/thaiboxen-schutzausrustung\\\/schienbein-und-spannschutz-pride-2\\\/\"]}]},{\"@type\":\"ImageObject\",\"inLanguage\":\"de\",\"@id\":\"https:\\\/\\\/prideshop.eu\\\/de\\\/shop\\\/sportarten\\\/thaiboxen\\\/thaiboxen-schutzausrustung\\\/schienbein-und-spannschutz-pride-2\\\/#primaryimage\",\"url\":\"https:\\\/\\\/prideshop.eu\\\/wp-content\\\/uploads\\\/2023\\\/04\\\/scitnik-za-golen-in-nart-pride-5641-bgold.jpeg\",\"contentUrl\":\"https:\\\/\\\/prideshop.eu\\\/wp-content\\\/uploads\\\/2023\\\/04\\\/scitnik-za-golen-in-nart-pride-5641-bgold.jpeg\",\"width\":600,\"height\":600,\"caption\":\"Schienbein und Spannschutz Pride\"},{\"@type\":\"BreadcrumbList\",\"@id\":\"https:\\\/\\\/prideshop.eu\\\/de\\\/shop\\\/sportarten\\\/thaiboxen\\\/thaiboxen-schutzausrustung\\\/schienbein-und-spannschutz-pride-2\\\/#breadcrumb\",\"itemListElement\":[{\"@type\":\"ListItem\",\"position\":1,\"name\":\"Home\",\"item\":\"https:\\\/\\\/prideshop.eu\\\/de\\\/\"},{\"@type\":\"ListItem\",\"position\":2,\"name\":\"Gesch\u00e4ft\",\"item\":\"https:\\\/\\\/prideshop.eu\\\/de\\\/geschaeft\\\/\"},{\"@type\":\"ListItem\",\"position\":3,\"name\":\"Kickbox Schienbein- und Spannschutz Pride \u2013 ImpactLock Pro\"}]},{\"@type\":\"WebSite\",\"@id\":\"https:\\\/\\\/prideshop.eu\\\/de\\\/#website\",\"url\":\"https:\\\/\\\/prideshop.eu\\\/de\\\/\",\"name\":\"PRIDEshop\",\"description\":\"Oprema za Borilne \u0160porte\",\"publisher\":{\"@id\":\"https:\\\/\\\/prideshop.eu\\\/de\\\/#organization\"},\"potentialAction\":[{\"@type\":\"SearchAction\",\"target\":{\"@type\":\"EntryPoint\",\"urlTemplate\":\"https:\\\/\\\/prideshop.eu\\\/de\\\/?s={search_term_string}\"},\"query-input\":{\"@type\":\"PropertyValueSpecification\",\"valueRequired\":true,\"valueName\":\"search_term_string\"}}],\"inLanguage\":\"de\"},{\"@type\":\"Organization\",\"@id\":\"https:\\\/\\\/prideshop.eu\\\/de\\\/#organization\",\"name\":\"PRIDEshop\",\"url\":\"https:\\\/\\\/prideshop.eu\\\/de\\\/\",\"logo\":{\"@type\":\"ImageObject\",\"inLanguage\":\"de\",\"@id\":\"https:\\\/\\\/prideshop.eu\\\/de\\\/#\\\/schema\\\/logo\\\/image\\\/\",\"url\":\"\",\"contentUrl\":\"\",\"caption\":\"PRIDEshop\"},\"image\":{\"@id\":\"https:\\\/\\\/prideshop.eu\\\/de\\\/#\\\/schema\\\/logo\\\/image\\\/\"},\"sameAs\":[\"https:\\\/\\\/sl-si.facebook.com\\\/PrideShopeu\"]}]}<\/script>\n<!-- \/ Yoast SEO plugin. -->","yoast_head_json":{"title":"Kickbox Schienbein- und Spannschutz Pride \u2013 ImpactLock Pro - PRIDEshop","description":"Schienbein und Spannschutz, Pride. Extrem starker und gleichzeitig sehr leichter Schutz f\u00fcr Schienbein und Vorfu\u00df, geeignet f\u00fcr die st\u00e4rksten Muay Thai.","robots":{"index":"index","follow":"follow","max-snippet":"max-snippet:-1","max-image-preview":"max-image-preview:large","max-video-preview":"max-video-preview:-1"},"canonical":"https:\/\/prideshop.eu\/de\/shop\/sportarten\/thaiboxen\/thaiboxen-schutzausrustung\/schienbein-und-spannschutz-pride-2\/","og_locale":"de_DE","og_type":"article","og_title":"Kickbox Schienbein- und Spannschutz Pride \u2013 ImpactLock Pro - PRIDEshop","og_description":"Schienbein und Spannschutz, Pride. Extrem starker und gleichzeitig sehr leichter Schutz f\u00fcr Schienbein und Vorfu\u00df, geeignet f\u00fcr die st\u00e4rksten Muay Thai.","og_url":"https:\/\/prideshop.eu\/de\/shop\/sportarten\/thaiboxen\/thaiboxen-schutzausrustung\/schienbein-und-spannschutz-pride-2\/","og_site_name":"PRIDEshop","article_publisher":"https:\/\/sl-si.facebook.com\/PrideShopeu","article_modified_time":"2025-08-04T08:57:58+00:00","og_image":[{"width":600,"height":600,"url":"https:\/\/prideshop.eu\/wp-content\/uploads\/2023\/04\/scitnik-za-golen-in-nart-pride-5641-bgold.jpeg","type":"image\/jpeg"}],"twitter_card":"summary_large_image","schema":{"@context":"https:\/\/schema.org","@graph":[{"@type":"WebPage","@id":"https:\/\/prideshop.eu\/de\/shop\/sportarten\/thaiboxen\/thaiboxen-schutzausrustung\/schienbein-und-spannschutz-pride-2\/","url":"https:\/\/prideshop.eu\/de\/shop\/sportarten\/thaiboxen\/thaiboxen-schutzausrustung\/schienbein-und-spannschutz-pride-2\/","name":"Kickbox Schienbein- und Spannschutz Pride \u2013 ImpactLock Pro - PRIDEshop","isPartOf":{"@id":"https:\/\/prideshop.eu\/de\/#website"},"primaryImageOfPage":{"@id":"https:\/\/prideshop.eu\/de\/shop\/sportarten\/thaiboxen\/thaiboxen-schutzausrustung\/schienbein-und-spannschutz-pride-2\/#primaryimage"},"image":{"@id":"https:\/\/prideshop.eu\/de\/shop\/sportarten\/thaiboxen\/thaiboxen-schutzausrustung\/schienbein-und-spannschutz-pride-2\/#primaryimage"},"thumbnailUrl":"https:\/\/prideshop.eu\/wp-content\/uploads\/2023\/04\/scitnik-za-golen-in-nart-pride-5641-bgold.jpeg","datePublished":"2023-04-25T19:53:00+00:00","dateModified":"2025-08-04T08:57:58+00:00","description":"Schienbein und Spannschutz, Pride. Extrem starker und gleichzeitig sehr leichter Schutz f\u00fcr Schienbein und Vorfu\u00df, geeignet f\u00fcr die st\u00e4rksten Muay Thai.","breadcrumb":{"@id":"https:\/\/prideshop.eu\/de\/shop\/sportarten\/thaiboxen\/thaiboxen-schutzausrustung\/schienbein-und-spannschutz-pride-2\/#breadcrumb"},"inLanguage":"de","potentialAction":[{"@type":"ReadAction","target":["https:\/\/prideshop.eu\/de\/shop\/sportarten\/thaiboxen\/thaiboxen-schutzausrustung\/schienbein-und-spannschutz-pride-2\/"]}]},{"@type":"ImageObject","inLanguage":"de","@id":"https:\/\/prideshop.eu\/de\/shop\/sportarten\/thaiboxen\/thaiboxen-schutzausrustung\/schienbein-und-spannschutz-pride-2\/#primaryimage","url":"https:\/\/prideshop.eu\/wp-content\/uploads\/2023\/04\/scitnik-za-golen-in-nart-pride-5641-bgold.jpeg","contentUrl":"https:\/\/prideshop.eu\/wp-content\/uploads\/2023\/04\/scitnik-za-golen-in-nart-pride-5641-bgold.jpeg","width":600,"height":600,"caption":"Schienbein und Spannschutz Pride"},{"@type":"BreadcrumbList","@id":"https:\/\/prideshop.eu\/de\/shop\/sportarten\/thaiboxen\/thaiboxen-schutzausrustung\/schienbein-und-spannschutz-pride-2\/#breadcrumb","itemListElement":[{"@type":"ListItem","position":1,"name":"Home","item":"https:\/\/prideshop.eu\/de\/"},{"@type":"ListItem","position":2,"name":"Gesch\u00e4ft","item":"https:\/\/prideshop.eu\/de\/geschaeft\/"},{"@type":"ListItem","position":3,"name":"Kickbox Schienbein- und Spannschutz Pride \u2013 ImpactLock Pro"}]},{"@type":"WebSite","@id":"https:\/\/prideshop.eu\/de\/#website","url":"https:\/\/prideshop.eu\/de\/","name":"PRIDEshop","description":"Oprema za Borilne \u0160porte","publisher":{"@id":"https:\/\/prideshop.eu\/de\/#organization"},"potentialAction":[{"@type":"SearchAction","target":{"@type":"EntryPoint","urlTemplate":"https:\/\/prideshop.eu\/de\/?s={search_term_string}"},"query-input":{"@type":"PropertyValueSpecification","valueRequired":true,"valueName":"search_term_string"}}],"inLanguage":"de"},{"@type":"Organization","@id":"https:\/\/prideshop.eu\/de\/#organization","name":"PRIDEshop","url":"https:\/\/prideshop.eu\/de\/","logo":{"@type":"ImageObject","inLanguage":"de","@id":"https:\/\/prideshop.eu\/de\/#\/schema\/logo\/image\/","url":"","contentUrl":"","caption":"PRIDEshop"},"image":{"@id":"https:\/\/prideshop.eu\/de\/#\/schema\/logo\/image\/"},"sameAs":["https:\/\/sl-si.facebook.com\/PrideShopeu"]}]}},"_links":{"self":[{"href":"https:\/\/prideshop.eu\/de\/wp-json\/wp\/v2\/product\/43784","targetHints":{"allow":["GET"]}}],"collection":[{"href":"https:\/\/prideshop.eu\/de\/wp-json\/wp\/v2\/product"}],"about":[{"href":"https:\/\/prideshop.eu\/de\/wp-json\/wp\/v2\/types\/product"}],"replies":[{"embeddable":true,"href":"https:\/\/prideshop.eu\/de\/wp-json\/wp\/v2\/comments?post=43784"}],"wp:featuredmedia":[{"embeddable":true,"href":"https:\/\/prideshop.eu\/de\/wp-json\/wp\/v2\/media\/43774"}],"wp:attachment":[{"href":"https:\/\/prideshop.eu\/de\/wp-json\/wp\/v2\/media?parent=43784"}],"wp:term":[{"taxonomy":"product_brand","embeddable":true,"href":"https:\/\/prideshop.eu\/de\/wp-json\/wp\/v2\/product_brand?post=43784"},{"taxonomy":"product_cat","embeddable":true,"href":"https:\/\/prideshop.eu\/de\/wp-json\/wp\/v2\/product_cat?post=43784"},{"taxonomy":"product_tag","embeddable":true,"href":"https:\/\/prideshop.eu\/de\/wp-json\/wp\/v2\/product_tag?post=43784"}],"curies":[{"name":"wp","href":"https:\/\/api.w.org\/{rel}","templated":true}]}}