{"id":43847,"date":"2023-04-27T20:23:55","date_gmt":"2023-04-27T18:23:55","guid":{"rendered":"https:\/\/prideshop.eu\/spletna-trgovina\/unkategorisiert\/elastische-bandagen-im-mexikanischen-stil-pride\/"},"modified":"2025-08-04T11:18:33","modified_gmt":"2025-08-04T09:18:33","slug":"elastische-boxbandagen-mexikanischen-stil-pride","status":"publish","type":"product","link":"https:\/\/prideshop.eu\/de\/shop\/equipment-de\/schutzausrustung\/bandagen\/elastische-boxbandagen-mexikanischen-stil-pride\/","title":{"rendered":"Elastische Boxbandagen im mexikanischen Stil Pride \u2013 ProMex Flex"},"content":{"rendered":"<h3>Elastische Boxbandagen im mexikanischen Stil Pride \u2013 ProMex Flex<\/h3>\n<p>Elastische Boxbandagen im mexikanischen Stil, Pride sind klassische Bandagen f\u00fcr die Handfl\u00e4chen und in verschiedenen Farben erh\u00e4ltlich. Sie sind leicht elastisch und haben eine anf\u00e4ngliche Daumenschlaufe und einen Klettverschluss f\u00fcr eine einfache Passform. Sie bieten Unterst\u00fctzung f\u00fcr Handgelenk und Daumen und sind somit ideal zum Umwickeln Ihrer Handfl\u00e4che vor dem Training. Diese Bandagen sind ein unverzichtbares Zubeh\u00f6r, das Verletzungen vorbeugt und beim Training f\u00fcr Stabilit\u00e4t sorgt.<\/p>\n","protected":false},"excerpt":{"rendered":"<p>Elastische Boxbandagen im mexikanischen Stil, Pride sind klassische Bandagen f\u00fcr die Handfl\u00e4chen und in verschiedenen Farben erh\u00e4ltlich. Sie sind leicht elastisch und haben eine anf\u00e4ngliche Daumenschlaufe und einen Klettverschluss f\u00fcr eine einfache Passform. Sie bieten Unterst\u00fctzung f\u00fcr Handgelenk und Daumen und sind somit ideal zum Umwickeln Ihrer Handfl\u00e4che vor dem Training. Diese Bandagen sind ein unverzichtbares Zubeh\u00f6r, das Verletzungen vorbeugt und beim Training f\u00fcr Stabilit\u00e4t sorgt.<\/p>\n","protected":false},"featured_media":43820,"comment_status":"open","ping_status":"closed","template":"","meta":{"_acf_changed":false},"product_brand":[2086],"product_cat":[636,580,634],"product_tag":[],"class_list":{"0":"post-43847","1":"product","2":"type-product","3":"status-publish","4":"has-post-thumbnail","6":"product_brand-pride","7":"product_cat-bandagen","8":"product_cat-equipment-de","9":"product_cat-schutzausrustung","11":"first","12":"instock","13":"taxable","14":"shipping-taxable","15":"purchasable","16":"product-type-variable"},"acf":[],"yoast_head":"<!-- This site is optimized with the Yoast SEO plugin v27.4 - https:\/\/yoast.com\/product\/yoast-seo-wordpress\/ -->\n<title>Elastische Boxbandagen im mexikanischen Stil Pride \u2013 ProMex Flex - PRIDEshop<\/title>\n<meta name=\"description\" content=\"Elastische Bandagen im mexikanischen Stil, Pride sind klassische Bandagen f\u00fcr die Handfl\u00e4chen und in verschiedenen Farben erh\u00e4ltlich. Sie sind leicht...\" \/>\n<meta name=\"robots\" content=\"index, follow, max-snippet:-1, max-image-preview:large, max-video-preview:-1\" \/>\n<link rel=\"canonical\" href=\"https:\/\/prideshop.eu\/de\/shop\/equipment-de\/schutzausrustung\/bandagen\/elastische-boxbandagen-mexikanischen-stil-pride\/\" \/>\n<meta property=\"og:locale\" content=\"de_DE\" \/>\n<meta property=\"og:type\" content=\"article\" \/>\n<meta property=\"og:title\" content=\"Elastische Boxbandagen im mexikanischen Stil Pride \u2013 ProMex Flex - PRIDEshop\" \/>\n<meta property=\"og:description\" content=\"Elastische Bandagen im mexikanischen Stil, Pride sind klassische Bandagen f\u00fcr die Handfl\u00e4chen und in verschiedenen Farben erh\u00e4ltlich. Sie sind leicht...\" \/>\n<meta property=\"og:url\" content=\"https:\/\/prideshop.eu\/de\/shop\/equipment-de\/schutzausrustung\/bandagen\/elastische-boxbandagen-mexikanischen-stil-pride\/\" \/>\n<meta property=\"og:site_name\" content=\"PRIDEshop\" \/>\n<meta property=\"article:publisher\" content=\"https:\/\/sl-si.facebook.com\/PrideShopeu\" \/>\n<meta property=\"article:modified_time\" content=\"2025-08-04T09:18:33+00:00\" \/>\n<meta property=\"og:image\" content=\"https:\/\/prideshop.eu\/wp-content\/uploads\/2023\/04\/elasticne-bandaze-mehiski-stil-pride-pp42.jpeg\" \/>\n\t<meta property=\"og:image:width\" content=\"600\" \/>\n\t<meta property=\"og:image:height\" content=\"600\" \/>\n\t<meta property=\"og:image:type\" content=\"image\/jpeg\" \/>\n<meta name=\"twitter:card\" content=\"summary_large_image\" \/>\n<script type=\"application\/ld+json\" class=\"yoast-schema-graph\">{\"@context\":\"https:\\\/\\\/schema.org\",\"@graph\":[{\"@type\":\"WebPage\",\"@id\":\"https:\\\/\\\/prideshop.eu\\\/de\\\/shop\\\/equipment-de\\\/schutzausrustung\\\/bandagen\\\/elastische-boxbandagen-mexikanischen-stil-pride\\\/\",\"url\":\"https:\\\/\\\/prideshop.eu\\\/de\\\/shop\\\/equipment-de\\\/schutzausrustung\\\/bandagen\\\/elastische-boxbandagen-mexikanischen-stil-pride\\\/\",\"name\":\"Elastische Boxbandagen im mexikanischen Stil Pride \u2013 ProMex Flex - PRIDEshop\",\"isPartOf\":{\"@id\":\"https:\\\/\\\/prideshop.eu\\\/de\\\/#website\"},\"primaryImageOfPage\":{\"@id\":\"https:\\\/\\\/prideshop.eu\\\/de\\\/shop\\\/equipment-de\\\/schutzausrustung\\\/bandagen\\\/elastische-boxbandagen-mexikanischen-stil-pride\\\/#primaryimage\"},\"image\":{\"@id\":\"https:\\\/\\\/prideshop.eu\\\/de\\\/shop\\\/equipment-de\\\/schutzausrustung\\\/bandagen\\\/elastische-boxbandagen-mexikanischen-stil-pride\\\/#primaryimage\"},\"thumbnailUrl\":\"https:\\\/\\\/prideshop.eu\\\/wp-content\\\/uploads\\\/2023\\\/04\\\/elasticne-bandaze-mehiski-stil-pride-pp42.jpeg\",\"datePublished\":\"2023-04-27T18:23:55+00:00\",\"dateModified\":\"2025-08-04T09:18:33+00:00\",\"description\":\"Elastische Bandagen im mexikanischen Stil, Pride sind klassische Bandagen f\u00fcr die Handfl\u00e4chen und in verschiedenen Farben erh\u00e4ltlich. Sie sind leicht...\",\"breadcrumb\":{\"@id\":\"https:\\\/\\\/prideshop.eu\\\/de\\\/shop\\\/equipment-de\\\/schutzausrustung\\\/bandagen\\\/elastische-boxbandagen-mexikanischen-stil-pride\\\/#breadcrumb\"},\"inLanguage\":\"de\",\"potentialAction\":[{\"@type\":\"ReadAction\",\"target\":[\"https:\\\/\\\/prideshop.eu\\\/de\\\/shop\\\/equipment-de\\\/schutzausrustung\\\/bandagen\\\/elastische-boxbandagen-mexikanischen-stil-pride\\\/\"]}]},{\"@type\":\"ImageObject\",\"inLanguage\":\"de\",\"@id\":\"https:\\\/\\\/prideshop.eu\\\/de\\\/shop\\\/equipment-de\\\/schutzausrustung\\\/bandagen\\\/elastische-boxbandagen-mexikanischen-stil-pride\\\/#primaryimage\",\"url\":\"https:\\\/\\\/prideshop.eu\\\/wp-content\\\/uploads\\\/2023\\\/04\\\/elasticne-bandaze-mehiski-stil-pride-pp42.jpeg\",\"contentUrl\":\"https:\\\/\\\/prideshop.eu\\\/wp-content\\\/uploads\\\/2023\\\/04\\\/elasticne-bandaze-mehiski-stil-pride-pp42.jpeg\",\"width\":600,\"height\":600,\"caption\":\"Elastische Boxbandagen im mexikanischen Stil Pride\"},{\"@type\":\"BreadcrumbList\",\"@id\":\"https:\\\/\\\/prideshop.eu\\\/de\\\/shop\\\/equipment-de\\\/schutzausrustung\\\/bandagen\\\/elastische-boxbandagen-mexikanischen-stil-pride\\\/#breadcrumb\",\"itemListElement\":[{\"@type\":\"ListItem\",\"position\":1,\"name\":\"Home\",\"item\":\"https:\\\/\\\/prideshop.eu\\\/de\\\/\"},{\"@type\":\"ListItem\",\"position\":2,\"name\":\"Gesch\u00e4ft\",\"item\":\"https:\\\/\\\/prideshop.eu\\\/de\\\/geschaeft\\\/\"},{\"@type\":\"ListItem\",\"position\":3,\"name\":\"Elastische Boxbandagen im mexikanischen Stil Pride \u2013 ProMex Flex\"}]},{\"@type\":\"WebSite\",\"@id\":\"https:\\\/\\\/prideshop.eu\\\/de\\\/#website\",\"url\":\"https:\\\/\\\/prideshop.eu\\\/de\\\/\",\"name\":\"PRIDEshop\",\"description\":\"Oprema za Borilne \u0160porte\",\"publisher\":{\"@id\":\"https:\\\/\\\/prideshop.eu\\\/de\\\/#organization\"},\"potentialAction\":[{\"@type\":\"SearchAction\",\"target\":{\"@type\":\"EntryPoint\",\"urlTemplate\":\"https:\\\/\\\/prideshop.eu\\\/de\\\/?s={search_term_string}\"},\"query-input\":{\"@type\":\"PropertyValueSpecification\",\"valueRequired\":true,\"valueName\":\"search_term_string\"}}],\"inLanguage\":\"de\"},{\"@type\":\"Organization\",\"@id\":\"https:\\\/\\\/prideshop.eu\\\/de\\\/#organization\",\"name\":\"PRIDEshop\",\"url\":\"https:\\\/\\\/prideshop.eu\\\/de\\\/\",\"logo\":{\"@type\":\"ImageObject\",\"inLanguage\":\"de\",\"@id\":\"https:\\\/\\\/prideshop.eu\\\/de\\\/#\\\/schema\\\/logo\\\/image\\\/\",\"url\":\"\",\"contentUrl\":\"\",\"caption\":\"PRIDEshop\"},\"image\":{\"@id\":\"https:\\\/\\\/prideshop.eu\\\/de\\\/#\\\/schema\\\/logo\\\/image\\\/\"},\"sameAs\":[\"https:\\\/\\\/sl-si.facebook.com\\\/PrideShopeu\"]}]}<\/script>\n<!-- \/ Yoast SEO plugin. -->","yoast_head_json":{"title":"Elastische Boxbandagen im mexikanischen Stil Pride \u2013 ProMex Flex - PRIDEshop","description":"Elastische Bandagen im mexikanischen Stil, Pride sind klassische Bandagen f\u00fcr die Handfl\u00e4chen und in verschiedenen Farben erh\u00e4ltlich. Sie sind leicht...","robots":{"index":"index","follow":"follow","max-snippet":"max-snippet:-1","max-image-preview":"max-image-preview:large","max-video-preview":"max-video-preview:-1"},"canonical":"https:\/\/prideshop.eu\/de\/shop\/equipment-de\/schutzausrustung\/bandagen\/elastische-boxbandagen-mexikanischen-stil-pride\/","og_locale":"de_DE","og_type":"article","og_title":"Elastische Boxbandagen im mexikanischen Stil Pride \u2013 ProMex Flex - PRIDEshop","og_description":"Elastische Bandagen im mexikanischen Stil, Pride sind klassische Bandagen f\u00fcr die Handfl\u00e4chen und in verschiedenen Farben erh\u00e4ltlich. Sie sind leicht...","og_url":"https:\/\/prideshop.eu\/de\/shop\/equipment-de\/schutzausrustung\/bandagen\/elastische-boxbandagen-mexikanischen-stil-pride\/","og_site_name":"PRIDEshop","article_publisher":"https:\/\/sl-si.facebook.com\/PrideShopeu","article_modified_time":"2025-08-04T09:18:33+00:00","og_image":[{"width":600,"height":600,"url":"https:\/\/prideshop.eu\/wp-content\/uploads\/2023\/04\/elasticne-bandaze-mehiski-stil-pride-pp42.jpeg","type":"image\/jpeg"}],"twitter_card":"summary_large_image","schema":{"@context":"https:\/\/schema.org","@graph":[{"@type":"WebPage","@id":"https:\/\/prideshop.eu\/de\/shop\/equipment-de\/schutzausrustung\/bandagen\/elastische-boxbandagen-mexikanischen-stil-pride\/","url":"https:\/\/prideshop.eu\/de\/shop\/equipment-de\/schutzausrustung\/bandagen\/elastische-boxbandagen-mexikanischen-stil-pride\/","name":"Elastische Boxbandagen im mexikanischen Stil Pride \u2013 ProMex Flex - PRIDEshop","isPartOf":{"@id":"https:\/\/prideshop.eu\/de\/#website"},"primaryImageOfPage":{"@id":"https:\/\/prideshop.eu\/de\/shop\/equipment-de\/schutzausrustung\/bandagen\/elastische-boxbandagen-mexikanischen-stil-pride\/#primaryimage"},"image":{"@id":"https:\/\/prideshop.eu\/de\/shop\/equipment-de\/schutzausrustung\/bandagen\/elastische-boxbandagen-mexikanischen-stil-pride\/#primaryimage"},"thumbnailUrl":"https:\/\/prideshop.eu\/wp-content\/uploads\/2023\/04\/elasticne-bandaze-mehiski-stil-pride-pp42.jpeg","datePublished":"2023-04-27T18:23:55+00:00","dateModified":"2025-08-04T09:18:33+00:00","description":"Elastische Bandagen im mexikanischen Stil, Pride sind klassische Bandagen f\u00fcr die Handfl\u00e4chen und in verschiedenen Farben erh\u00e4ltlich. Sie sind leicht...","breadcrumb":{"@id":"https:\/\/prideshop.eu\/de\/shop\/equipment-de\/schutzausrustung\/bandagen\/elastische-boxbandagen-mexikanischen-stil-pride\/#breadcrumb"},"inLanguage":"de","potentialAction":[{"@type":"ReadAction","target":["https:\/\/prideshop.eu\/de\/shop\/equipment-de\/schutzausrustung\/bandagen\/elastische-boxbandagen-mexikanischen-stil-pride\/"]}]},{"@type":"ImageObject","inLanguage":"de","@id":"https:\/\/prideshop.eu\/de\/shop\/equipment-de\/schutzausrustung\/bandagen\/elastische-boxbandagen-mexikanischen-stil-pride\/#primaryimage","url":"https:\/\/prideshop.eu\/wp-content\/uploads\/2023\/04\/elasticne-bandaze-mehiski-stil-pride-pp42.jpeg","contentUrl":"https:\/\/prideshop.eu\/wp-content\/uploads\/2023\/04\/elasticne-bandaze-mehiski-stil-pride-pp42.jpeg","width":600,"height":600,"caption":"Elastische Boxbandagen im mexikanischen Stil Pride"},{"@type":"BreadcrumbList","@id":"https:\/\/prideshop.eu\/de\/shop\/equipment-de\/schutzausrustung\/bandagen\/elastische-boxbandagen-mexikanischen-stil-pride\/#breadcrumb","itemListElement":[{"@type":"ListItem","position":1,"name":"Home","item":"https:\/\/prideshop.eu\/de\/"},{"@type":"ListItem","position":2,"name":"Gesch\u00e4ft","item":"https:\/\/prideshop.eu\/de\/geschaeft\/"},{"@type":"ListItem","position":3,"name":"Elastische Boxbandagen im mexikanischen Stil Pride \u2013 ProMex Flex"}]},{"@type":"WebSite","@id":"https:\/\/prideshop.eu\/de\/#website","url":"https:\/\/prideshop.eu\/de\/","name":"PRIDEshop","description":"Oprema za Borilne \u0160porte","publisher":{"@id":"https:\/\/prideshop.eu\/de\/#organization"},"potentialAction":[{"@type":"SearchAction","target":{"@type":"EntryPoint","urlTemplate":"https:\/\/prideshop.eu\/de\/?s={search_term_string}"},"query-input":{"@type":"PropertyValueSpecification","valueRequired":true,"valueName":"search_term_string"}}],"inLanguage":"de"},{"@type":"Organization","@id":"https:\/\/prideshop.eu\/de\/#organization","name":"PRIDEshop","url":"https:\/\/prideshop.eu\/de\/","logo":{"@type":"ImageObject","inLanguage":"de","@id":"https:\/\/prideshop.eu\/de\/#\/schema\/logo\/image\/","url":"","contentUrl":"","caption":"PRIDEshop"},"image":{"@id":"https:\/\/prideshop.eu\/de\/#\/schema\/logo\/image\/"},"sameAs":["https:\/\/sl-si.facebook.com\/PrideShopeu"]}]}},"_links":{"self":[{"href":"https:\/\/prideshop.eu\/de\/wp-json\/wp\/v2\/product\/43847","targetHints":{"allow":["GET"]}}],"collection":[{"href":"https:\/\/prideshop.eu\/de\/wp-json\/wp\/v2\/product"}],"about":[{"href":"https:\/\/prideshop.eu\/de\/wp-json\/wp\/v2\/types\/product"}],"replies":[{"embeddable":true,"href":"https:\/\/prideshop.eu\/de\/wp-json\/wp\/v2\/comments?post=43847"}],"wp:featuredmedia":[{"embeddable":true,"href":"https:\/\/prideshop.eu\/de\/wp-json\/wp\/v2\/media\/43820"}],"wp:attachment":[{"href":"https:\/\/prideshop.eu\/de\/wp-json\/wp\/v2\/media?parent=43847"}],"wp:term":[{"taxonomy":"product_brand","embeddable":true,"href":"https:\/\/prideshop.eu\/de\/wp-json\/wp\/v2\/product_brand?post=43847"},{"taxonomy":"product_cat","embeddable":true,"href":"https:\/\/prideshop.eu\/de\/wp-json\/wp\/v2\/product_cat?post=43847"},{"taxonomy":"product_tag","embeddable":true,"href":"https:\/\/prideshop.eu\/de\/wp-json\/wp\/v2\/product_tag?post=43847"}],"curies":[{"name":"wp","href":"https:\/\/api.w.org\/{rel}","templated":true}]}}