{"id":43882,"date":"2023-04-30T18:56:17","date_gmt":"2023-04-30T16:56:17","guid":{"rendered":"https:\/\/prideshop.eu\/spletna-trgovina\/unkategorisiert\/professionelle-nicht-elastische-bandagen-pride\/"},"modified":"2025-08-04T11:18:33","modified_gmt":"2025-08-04T09:18:33","slug":"professionelle-nicht-elastische-bandagen-pride","status":"publish","type":"product","link":"https:\/\/prideshop.eu\/de\/shop\/sportarten\/thaiboxen\/thaiboxen-schutzausrustung\/professionelle-nicht-elastische-bandagen-pride\/","title":{"rendered":"Profi-Boxbandagen unelastisch Pride \u2013 ProWrap Rigid"},"content":{"rendered":"<h3>Profi-Boxbandagen unelastisch Pride \u2013 ProWrap Rigid<\/h3>\n<p>Professionelle nicht\u2013elastische Bandagen, Pride sind Handwickel f\u00fcr die Handfl\u00e4chen. Es sind nicht\u2013elastische Bandagenstreifen mit einer Anfangsschlaufe f\u00fcr den Daumen und einem Klettverschluss, der eine einfache Installation erm\u00f6glicht. Sie bieten Unterst\u00fctzung f\u00fcr das Handgelenk und den Daumen, was sie ideal f\u00fcr das Wickeln der Handfl\u00e4chen vor dem Training macht. Diese Bandagen sind ein unverzichtbares Zubeh\u00f6r, das hilft, Verletzungen zu vermeiden und Stabilit\u00e4t beim Training zu gew\u00e4hrleisten.<\/p>\n","protected":false},"excerpt":{"rendered":"<p>Professionelle nicht\u2013elastische Bandagen, Pride sind Handwickel f\u00fcr die Handfl\u00e4chen. Es sind nicht\u2013elastische Bandagenstreifen mit einer Anfangsschlaufe f\u00fcr den Daumen und einem Klettverschluss, der eine einfache Installation erm\u00f6glicht. Sie bieten Unterst\u00fctzung f\u00fcr das Handgelenk und den Daumen, was sie ideal f\u00fcr das Wickeln der Handfl\u00e4chen vor dem Training macht. Diese Bandagen sind ein unverzichtbares Zubeh\u00f6r, das hilft, Verletzungen zu vermeiden und Stabilit\u00e4t beim Training zu gew\u00e4hrleisten.<\/p>\n","protected":false},"featured_media":43867,"comment_status":"open","ping_status":"closed","template":"","meta":{"_acf_changed":false},"product_brand":[2086],"product_cat":[636,664,580,722,744,754,634,678,732,656,778,786],"product_tag":[],"class_list":{"0":"post-43882","1":"product","2":"type-product","3":"status-publish","4":"has-post-thumbnail","6":"product_brand-pride","7":"product_cat-bandagen","8":"product_cat-boxen","9":"product_cat-equipment-de","10":"product_cat-kickboxen","11":"product_cat-mma-ultimate-fight-de","12":"product_cat-mma-ultimate-fight-schutzausrustung","13":"product_cat-schutzausrustung","14":"product_cat-schutzausrustung-fur-boxen","15":"product_cat-schutzausrustung-zum-kickboxen","16":"product_cat-sportarten","17":"product_cat-thaiboxen","18":"product_cat-thaiboxen-schutzausrustung","20":"first","21":"outofstock","22":"taxable","23":"shipping-taxable","24":"product-type-variable"},"acf":[],"yoast_head":"<!-- This site is optimized with the Yoast SEO plugin v27.5 - https:\/\/yoast.com\/product\/yoast-seo-wordpress\/ -->\n<title>Profi-Boxbandagen unelastisch Pride \u2013 ProWrap Rigid - PRIDEshop<\/title>\n<meta name=\"description\" content=\"Professionelle nicht-elastische Bandagen, Pride sind Handwickel f\u00fcr die Handfl\u00e4chen. Es sind nicht-elastische Bandagenstreifen mit einer Anfangsschlaufe...\" \/>\n<meta name=\"robots\" content=\"index, follow, max-snippet:-1, max-image-preview:large, max-video-preview:-1\" \/>\n<link rel=\"canonical\" href=\"https:\/\/prideshop.eu\/de\/shop\/sportarten\/thaiboxen\/thaiboxen-schutzausrustung\/professionelle-nicht-elastische-bandagen-pride\/\" \/>\n<meta property=\"og:locale\" content=\"de_DE\" \/>\n<meta property=\"og:type\" content=\"article\" \/>\n<meta property=\"og:title\" content=\"Profi-Boxbandagen unelastisch Pride \u2013 ProWrap Rigid - PRIDEshop\" \/>\n<meta property=\"og:description\" content=\"Professionelle nicht-elastische Bandagen, Pride sind Handwickel f\u00fcr die Handfl\u00e4chen. Es sind nicht-elastische Bandagenstreifen mit einer Anfangsschlaufe...\" \/>\n<meta property=\"og:url\" content=\"https:\/\/prideshop.eu\/de\/shop\/sportarten\/thaiboxen\/thaiboxen-schutzausrustung\/professionelle-nicht-elastische-bandagen-pride\/\" \/>\n<meta property=\"og:site_name\" content=\"PRIDEshop\" \/>\n<meta property=\"article:publisher\" content=\"https:\/\/sl-si.facebook.com\/PrideShopeu\" \/>\n<meta property=\"article:modified_time\" content=\"2025-08-04T09:18:33+00:00\" \/>\n<meta property=\"og:image\" content=\"https:\/\/prideshop.eu\/wp-content\/uploads\/2023\/04\/profesionalne-neelasticne-bandaze-pride-pp41.jpeg\" \/>\n\t<meta property=\"og:image:width\" content=\"600\" \/>\n\t<meta property=\"og:image:height\" content=\"600\" \/>\n\t<meta property=\"og:image:type\" content=\"image\/jpeg\" \/>\n<meta name=\"twitter:card\" content=\"summary_large_image\" \/>\n<script type=\"application\/ld+json\" class=\"yoast-schema-graph\">{\"@context\":\"https:\\\/\\\/schema.org\",\"@graph\":[{\"@type\":\"WebPage\",\"@id\":\"https:\\\/\\\/prideshop.eu\\\/de\\\/shop\\\/sportarten\\\/thaiboxen\\\/thaiboxen-schutzausrustung\\\/professionelle-nicht-elastische-bandagen-pride\\\/\",\"url\":\"https:\\\/\\\/prideshop.eu\\\/de\\\/shop\\\/sportarten\\\/thaiboxen\\\/thaiboxen-schutzausrustung\\\/professionelle-nicht-elastische-bandagen-pride\\\/\",\"name\":\"Profi-Boxbandagen unelastisch Pride \u2013 ProWrap Rigid - PRIDEshop\",\"isPartOf\":{\"@id\":\"https:\\\/\\\/prideshop.eu\\\/de\\\/#website\"},\"primaryImageOfPage\":{\"@id\":\"https:\\\/\\\/prideshop.eu\\\/de\\\/shop\\\/sportarten\\\/thaiboxen\\\/thaiboxen-schutzausrustung\\\/professionelle-nicht-elastische-bandagen-pride\\\/#primaryimage\"},\"image\":{\"@id\":\"https:\\\/\\\/prideshop.eu\\\/de\\\/shop\\\/sportarten\\\/thaiboxen\\\/thaiboxen-schutzausrustung\\\/professionelle-nicht-elastische-bandagen-pride\\\/#primaryimage\"},\"thumbnailUrl\":\"https:\\\/\\\/prideshop.eu\\\/wp-content\\\/uploads\\\/2023\\\/04\\\/profesionalne-neelasticne-bandaze-pride-pp41.jpeg\",\"datePublished\":\"2023-04-30T16:56:17+00:00\",\"dateModified\":\"2025-08-04T09:18:33+00:00\",\"description\":\"Professionelle nicht-elastische Bandagen, Pride sind Handwickel f\u00fcr die Handfl\u00e4chen. Es sind nicht-elastische Bandagenstreifen mit einer Anfangsschlaufe...\",\"breadcrumb\":{\"@id\":\"https:\\\/\\\/prideshop.eu\\\/de\\\/shop\\\/sportarten\\\/thaiboxen\\\/thaiboxen-schutzausrustung\\\/professionelle-nicht-elastische-bandagen-pride\\\/#breadcrumb\"},\"inLanguage\":\"de\",\"potentialAction\":[{\"@type\":\"ReadAction\",\"target\":[\"https:\\\/\\\/prideshop.eu\\\/de\\\/shop\\\/sportarten\\\/thaiboxen\\\/thaiboxen-schutzausrustung\\\/professionelle-nicht-elastische-bandagen-pride\\\/\"]}]},{\"@type\":\"ImageObject\",\"inLanguage\":\"de\",\"@id\":\"https:\\\/\\\/prideshop.eu\\\/de\\\/shop\\\/sportarten\\\/thaiboxen\\\/thaiboxen-schutzausrustung\\\/professionelle-nicht-elastische-bandagen-pride\\\/#primaryimage\",\"url\":\"https:\\\/\\\/prideshop.eu\\\/wp-content\\\/uploads\\\/2023\\\/04\\\/profesionalne-neelasticne-bandaze-pride-pp41.jpeg\",\"contentUrl\":\"https:\\\/\\\/prideshop.eu\\\/wp-content\\\/uploads\\\/2023\\\/04\\\/profesionalne-neelasticne-bandaze-pride-pp41.jpeg\",\"width\":600,\"height\":600,\"caption\":\"Professionelle nicht-elastische Bandagen Pride\"},{\"@type\":\"BreadcrumbList\",\"@id\":\"https:\\\/\\\/prideshop.eu\\\/de\\\/shop\\\/sportarten\\\/thaiboxen\\\/thaiboxen-schutzausrustung\\\/professionelle-nicht-elastische-bandagen-pride\\\/#breadcrumb\",\"itemListElement\":[{\"@type\":\"ListItem\",\"position\":1,\"name\":\"Home\",\"item\":\"https:\\\/\\\/prideshop.eu\\\/de\\\/\"},{\"@type\":\"ListItem\",\"position\":2,\"name\":\"Gesch\u00e4ft\",\"item\":\"https:\\\/\\\/prideshop.eu\\\/de\\\/geschaeft\\\/\"},{\"@type\":\"ListItem\",\"position\":3,\"name\":\"Profi-Boxbandagen unelastisch Pride \u2013 ProWrap Rigid\"}]},{\"@type\":\"WebSite\",\"@id\":\"https:\\\/\\\/prideshop.eu\\\/de\\\/#website\",\"url\":\"https:\\\/\\\/prideshop.eu\\\/de\\\/\",\"name\":\"PRIDEshop\",\"description\":\"Oprema za Borilne \u0160porte\",\"publisher\":{\"@id\":\"https:\\\/\\\/prideshop.eu\\\/de\\\/#organization\"},\"potentialAction\":[{\"@type\":\"SearchAction\",\"target\":{\"@type\":\"EntryPoint\",\"urlTemplate\":\"https:\\\/\\\/prideshop.eu\\\/de\\\/?s={search_term_string}\"},\"query-input\":{\"@type\":\"PropertyValueSpecification\",\"valueRequired\":true,\"valueName\":\"search_term_string\"}}],\"inLanguage\":\"de\"},{\"@type\":\"Organization\",\"@id\":\"https:\\\/\\\/prideshop.eu\\\/de\\\/#organization\",\"name\":\"PRIDEshop\",\"url\":\"https:\\\/\\\/prideshop.eu\\\/de\\\/\",\"logo\":{\"@type\":\"ImageObject\",\"inLanguage\":\"de\",\"@id\":\"https:\\\/\\\/prideshop.eu\\\/de\\\/#\\\/schema\\\/logo\\\/image\\\/\",\"url\":\"\",\"contentUrl\":\"\",\"caption\":\"PRIDEshop\"},\"image\":{\"@id\":\"https:\\\/\\\/prideshop.eu\\\/de\\\/#\\\/schema\\\/logo\\\/image\\\/\"},\"sameAs\":[\"https:\\\/\\\/sl-si.facebook.com\\\/PrideShopeu\"]}]}<\/script>\n<!-- \/ Yoast SEO plugin. -->","yoast_head_json":{"title":"Profi-Boxbandagen unelastisch Pride \u2013 ProWrap Rigid - PRIDEshop","description":"Professionelle nicht-elastische Bandagen, Pride sind Handwickel f\u00fcr die Handfl\u00e4chen. Es sind nicht-elastische Bandagenstreifen mit einer Anfangsschlaufe...","robots":{"index":"index","follow":"follow","max-snippet":"max-snippet:-1","max-image-preview":"max-image-preview:large","max-video-preview":"max-video-preview:-1"},"canonical":"https:\/\/prideshop.eu\/de\/shop\/sportarten\/thaiboxen\/thaiboxen-schutzausrustung\/professionelle-nicht-elastische-bandagen-pride\/","og_locale":"de_DE","og_type":"article","og_title":"Profi-Boxbandagen unelastisch Pride \u2013 ProWrap Rigid - PRIDEshop","og_description":"Professionelle nicht-elastische Bandagen, Pride sind Handwickel f\u00fcr die Handfl\u00e4chen. Es sind nicht-elastische Bandagenstreifen mit einer Anfangsschlaufe...","og_url":"https:\/\/prideshop.eu\/de\/shop\/sportarten\/thaiboxen\/thaiboxen-schutzausrustung\/professionelle-nicht-elastische-bandagen-pride\/","og_site_name":"PRIDEshop","article_publisher":"https:\/\/sl-si.facebook.com\/PrideShopeu","article_modified_time":"2025-08-04T09:18:33+00:00","og_image":[{"width":600,"height":600,"url":"https:\/\/prideshop.eu\/wp-content\/uploads\/2023\/04\/profesionalne-neelasticne-bandaze-pride-pp41.jpeg","type":"image\/jpeg"}],"twitter_card":"summary_large_image","schema":{"@context":"https:\/\/schema.org","@graph":[{"@type":"WebPage","@id":"https:\/\/prideshop.eu\/de\/shop\/sportarten\/thaiboxen\/thaiboxen-schutzausrustung\/professionelle-nicht-elastische-bandagen-pride\/","url":"https:\/\/prideshop.eu\/de\/shop\/sportarten\/thaiboxen\/thaiboxen-schutzausrustung\/professionelle-nicht-elastische-bandagen-pride\/","name":"Profi-Boxbandagen unelastisch Pride \u2013 ProWrap Rigid - PRIDEshop","isPartOf":{"@id":"https:\/\/prideshop.eu\/de\/#website"},"primaryImageOfPage":{"@id":"https:\/\/prideshop.eu\/de\/shop\/sportarten\/thaiboxen\/thaiboxen-schutzausrustung\/professionelle-nicht-elastische-bandagen-pride\/#primaryimage"},"image":{"@id":"https:\/\/prideshop.eu\/de\/shop\/sportarten\/thaiboxen\/thaiboxen-schutzausrustung\/professionelle-nicht-elastische-bandagen-pride\/#primaryimage"},"thumbnailUrl":"https:\/\/prideshop.eu\/wp-content\/uploads\/2023\/04\/profesionalne-neelasticne-bandaze-pride-pp41.jpeg","datePublished":"2023-04-30T16:56:17+00:00","dateModified":"2025-08-04T09:18:33+00:00","description":"Professionelle nicht-elastische Bandagen, Pride sind Handwickel f\u00fcr die Handfl\u00e4chen. Es sind nicht-elastische Bandagenstreifen mit einer Anfangsschlaufe...","breadcrumb":{"@id":"https:\/\/prideshop.eu\/de\/shop\/sportarten\/thaiboxen\/thaiboxen-schutzausrustung\/professionelle-nicht-elastische-bandagen-pride\/#breadcrumb"},"inLanguage":"de","potentialAction":[{"@type":"ReadAction","target":["https:\/\/prideshop.eu\/de\/shop\/sportarten\/thaiboxen\/thaiboxen-schutzausrustung\/professionelle-nicht-elastische-bandagen-pride\/"]}]},{"@type":"ImageObject","inLanguage":"de","@id":"https:\/\/prideshop.eu\/de\/shop\/sportarten\/thaiboxen\/thaiboxen-schutzausrustung\/professionelle-nicht-elastische-bandagen-pride\/#primaryimage","url":"https:\/\/prideshop.eu\/wp-content\/uploads\/2023\/04\/profesionalne-neelasticne-bandaze-pride-pp41.jpeg","contentUrl":"https:\/\/prideshop.eu\/wp-content\/uploads\/2023\/04\/profesionalne-neelasticne-bandaze-pride-pp41.jpeg","width":600,"height":600,"caption":"Professionelle nicht-elastische Bandagen Pride"},{"@type":"BreadcrumbList","@id":"https:\/\/prideshop.eu\/de\/shop\/sportarten\/thaiboxen\/thaiboxen-schutzausrustung\/professionelle-nicht-elastische-bandagen-pride\/#breadcrumb","itemListElement":[{"@type":"ListItem","position":1,"name":"Home","item":"https:\/\/prideshop.eu\/de\/"},{"@type":"ListItem","position":2,"name":"Gesch\u00e4ft","item":"https:\/\/prideshop.eu\/de\/geschaeft\/"},{"@type":"ListItem","position":3,"name":"Profi-Boxbandagen unelastisch Pride \u2013 ProWrap Rigid"}]},{"@type":"WebSite","@id":"https:\/\/prideshop.eu\/de\/#website","url":"https:\/\/prideshop.eu\/de\/","name":"PRIDEshop","description":"Oprema za Borilne \u0160porte","publisher":{"@id":"https:\/\/prideshop.eu\/de\/#organization"},"potentialAction":[{"@type":"SearchAction","target":{"@type":"EntryPoint","urlTemplate":"https:\/\/prideshop.eu\/de\/?s={search_term_string}"},"query-input":{"@type":"PropertyValueSpecification","valueRequired":true,"valueName":"search_term_string"}}],"inLanguage":"de"},{"@type":"Organization","@id":"https:\/\/prideshop.eu\/de\/#organization","name":"PRIDEshop","url":"https:\/\/prideshop.eu\/de\/","logo":{"@type":"ImageObject","inLanguage":"de","@id":"https:\/\/prideshop.eu\/de\/#\/schema\/logo\/image\/","url":"","contentUrl":"","caption":"PRIDEshop"},"image":{"@id":"https:\/\/prideshop.eu\/de\/#\/schema\/logo\/image\/"},"sameAs":["https:\/\/sl-si.facebook.com\/PrideShopeu"]}]}},"_links":{"self":[{"href":"https:\/\/prideshop.eu\/de\/wp-json\/wp\/v2\/product\/43882","targetHints":{"allow":["GET"]}}],"collection":[{"href":"https:\/\/prideshop.eu\/de\/wp-json\/wp\/v2\/product"}],"about":[{"href":"https:\/\/prideshop.eu\/de\/wp-json\/wp\/v2\/types\/product"}],"replies":[{"embeddable":true,"href":"https:\/\/prideshop.eu\/de\/wp-json\/wp\/v2\/comments?post=43882"}],"wp:featuredmedia":[{"embeddable":true,"href":"https:\/\/prideshop.eu\/de\/wp-json\/wp\/v2\/media\/43867"}],"wp:attachment":[{"href":"https:\/\/prideshop.eu\/de\/wp-json\/wp\/v2\/media?parent=43882"}],"wp:term":[{"taxonomy":"product_brand","embeddable":true,"href":"https:\/\/prideshop.eu\/de\/wp-json\/wp\/v2\/product_brand?post=43882"},{"taxonomy":"product_cat","embeddable":true,"href":"https:\/\/prideshop.eu\/de\/wp-json\/wp\/v2\/product_cat?post=43882"},{"taxonomy":"product_tag","embeddable":true,"href":"https:\/\/prideshop.eu\/de\/wp-json\/wp\/v2\/product_tag?post=43882"}],"curies":[{"name":"wp","href":"https:\/\/api.w.org\/{rel}","templated":true}]}}