{"id":44162,"date":"2023-05-10T11:06:30","date_gmt":"2023-05-10T09:06:30","guid":{"rendered":"https:\/\/prideshop.eu\/?post_type=product&#038;p=44162"},"modified":"2026-01-13T14:09:31","modified_gmt":"2026-01-13T13:09:31","slug":"helm-mit-komplettem-schutz-adidas-2","status":"publish","type":"product","link":"https:\/\/prideshop.eu\/de\/shop\/sportarten\/karate-ausruestung\/karate-schutzausrustung\/helm-mit-komplettem-schutz-adidas-2\/","title":{"rendered":"Karate Kopfschutz mit Maske WKF Adidas \u2013 AdiHGM01K"},"content":{"rendered":"<h3>Karate Kopfschutz mit Maske WKF Adidas \u2013 AdiHGM01K<\/h3>\n<p>Helm mit komplettem Schutz, Adidas. Helm mit Gesichtsschutz. Aus NBR\u2013Schaum, eine zus\u00e4tzliche Schutzmaske sch\u00fctzt das Gesicht vor ungewollten Schl\u00e4gen. Einsatzm\u00f6glichkeit in allen Kampfsportarten. Hergestellt nach den Regeln der World WT Federation.<\/p>\n<style>\n  \/* Stil f\u00fcr die Gr\u00f6\u00dfentabelle (WooCommerce kompatibel) *\/<br \/>  .size-table {<br \/>    width: 100%;<br \/>    border-collapse: collapse;<br \/>    font-size: 15px;<br \/>  }<br \/>  .size-table thead th {<br \/>    text-align: left;<br \/>    padding: 10px 12px;<br \/>    background: #f5f7fa;<br \/>    border-bottom: 2px solid #e6e9ef;<br \/>    font-weight: 700;<br \/>    letter-spacing: .3px;<br \/>  }<br \/>  .size-table tbody td {<br \/>    padding: 10px 12px;<br \/>    border-bottom: 1px solid #eef1f6;<br \/>  }<br \/>  .size-table tbody tr:nth-child(even) { background: #fafbfd; }<br \/>  .size-table tbody tr:hover { background: #f2f6ff; }<br \/>  .size-table th:first-child, .size-table td:first-child { width: 34%; }<br \/>  \/* F\u00fcr kleine Bildschirme *\/<br \/>  @media (max-width: 480px) {<br \/>    .size-table { font-size: 14px; }<br \/>    .size-table th:first-child, .size-table td:first-child { width: 40%; }<br \/>  }<br \/><\/style>\n<table class=\"size-table\">\n<thead>\n<tr>\n<th>Gr\u00f6\u00dfe<\/th>\n<th>Kopfumfang<\/th>\n<\/tr>\n<\/thead>\n<tbody>\n<tr>\n<td>S<\/td>\n<td>52\u201355 cm<\/td>\n<\/tr>\n<tr>\n<td>M<\/td>\n<td>55\u201358 cm<\/td>\n<\/tr>\n<tr>\n<td>L<\/td>\n<td>58\u201361 cm<\/td>\n<\/tr>\n<\/tbody>\n<\/table>\n","protected":false},"excerpt":{"rendered":"<p>Helm mit komplettem Schutz, Adidas. Helm mit Gesichtsschutz. Aus NBR\u2013Schaum, eine zus\u00e4tzliche Schutzmaske sch\u00fctzt das Gesicht vor ungewollten Schl\u00e4gen. Einsatzm\u00f6glichkeit in allen Kampfsportarten. Hergestellt nach den Regeln der World WT Federation.<\/p>\n","protected":false},"featured_media":52513,"comment_status":"open","ping_status":"closed","template":"","meta":{"_acf_changed":false},"product_brand":[2084],"product_cat":[580,710,720,642,634,656],"product_tag":[],"class_list":{"0":"post-44162","1":"product","2":"type-product","3":"status-publish","4":"has-post-thumbnail","6":"product_brand-adidas","7":"product_cat-equipment-de","8":"product_cat-karate-ausruestung","9":"product_cat-karate-schutzausrustung","10":"product_cat-kopfschutz","11":"product_cat-schutzausrustung","12":"product_cat-sportarten","14":"first","15":"instock","16":"taxable","17":"shipping-taxable","18":"purchasable","19":"product-type-variable"},"acf":[],"yoast_head":"<!-- This site is optimized with the Yoast SEO plugin v27.5 - https:\/\/yoast.com\/product\/yoast-seo-wordpress\/ -->\n<title>Karate Kopfschutz mit Maske WKF Adidas \u2013 AdiHGM01K - PRIDEshop<\/title>\n<meta name=\"description\" content=\"Helm mit komplettem Schutz, Adidas. Helm mit Gesichtsschutz. Aus NBR-Schaum, eine zus\u00e4tzliche Schutzmaske sch\u00fctzt das Gesicht vor ungewollten Schl\u00e4gen.\" \/>\n<meta name=\"robots\" content=\"index, follow, max-snippet:-1, max-image-preview:large, max-video-preview:-1\" \/>\n<link rel=\"canonical\" href=\"https:\/\/prideshop.eu\/de\/shop\/sportarten\/karate-ausruestung\/karate-schutzausrustung\/helm-mit-komplettem-schutz-adidas-2\/\" \/>\n<meta property=\"og:locale\" content=\"de_DE\" \/>\n<meta property=\"og:type\" content=\"article\" \/>\n<meta property=\"og:title\" content=\"Karate Kopfschutz mit Maske WKF Adidas \u2013 AdiHGM01K - PRIDEshop\" \/>\n<meta property=\"og:description\" content=\"Helm mit komplettem Schutz, Adidas. Helm mit Gesichtsschutz. Aus NBR-Schaum, eine zus\u00e4tzliche Schutzmaske sch\u00fctzt das Gesicht vor ungewollten Schl\u00e4gen.\" \/>\n<meta property=\"og:url\" content=\"https:\/\/prideshop.eu\/de\/shop\/sportarten\/karate-ausruestung\/karate-schutzausrustung\/helm-mit-komplettem-schutz-adidas-2\/\" \/>\n<meta property=\"og:site_name\" content=\"PRIDEshop\" \/>\n<meta property=\"article:publisher\" content=\"https:\/\/sl-si.facebook.com\/PrideShopeu\" \/>\n<meta property=\"article:modified_time\" content=\"2026-01-13T13:09:31+00:00\" \/>\n<meta property=\"og:image\" content=\"https:\/\/prideshop.eu\/wp-content\/uploads\/2023\/05\/celada-za-karate-s-popolno-zascito-obraza-adidas-a510.jpg\" \/>\n\t<meta property=\"og:image:width\" content=\"1000\" \/>\n\t<meta property=\"og:image:height\" content=\"1000\" \/>\n\t<meta property=\"og:image:type\" content=\"image\/jpeg\" \/>\n<meta name=\"twitter:card\" content=\"summary_large_image\" \/>\n<script type=\"application\/ld+json\" class=\"yoast-schema-graph\">{\"@context\":\"https:\\\/\\\/schema.org\",\"@graph\":[{\"@type\":\"WebPage\",\"@id\":\"https:\\\/\\\/prideshop.eu\\\/de\\\/shop\\\/sportarten\\\/karate-ausruestung\\\/karate-schutzausrustung\\\/helm-mit-komplettem-schutz-adidas-2\\\/\",\"url\":\"https:\\\/\\\/prideshop.eu\\\/de\\\/shop\\\/sportarten\\\/karate-ausruestung\\\/karate-schutzausrustung\\\/helm-mit-komplettem-schutz-adidas-2\\\/\",\"name\":\"Karate Kopfschutz mit Maske WKF Adidas \u2013 AdiHGM01K - PRIDEshop\",\"isPartOf\":{\"@id\":\"https:\\\/\\\/prideshop.eu\\\/de\\\/#website\"},\"primaryImageOfPage\":{\"@id\":\"https:\\\/\\\/prideshop.eu\\\/de\\\/shop\\\/sportarten\\\/karate-ausruestung\\\/karate-schutzausrustung\\\/helm-mit-komplettem-schutz-adidas-2\\\/#primaryimage\"},\"image\":{\"@id\":\"https:\\\/\\\/prideshop.eu\\\/de\\\/shop\\\/sportarten\\\/karate-ausruestung\\\/karate-schutzausrustung\\\/helm-mit-komplettem-schutz-adidas-2\\\/#primaryimage\"},\"thumbnailUrl\":\"https:\\\/\\\/prideshop.eu\\\/wp-content\\\/uploads\\\/2023\\\/05\\\/celada-za-karate-s-popolno-zascito-obraza-adidas-a510.jpg\",\"datePublished\":\"2023-05-10T09:06:30+00:00\",\"dateModified\":\"2026-01-13T13:09:31+00:00\",\"description\":\"Helm mit komplettem Schutz, Adidas. Helm mit Gesichtsschutz. Aus NBR-Schaum, eine zus\u00e4tzliche Schutzmaske sch\u00fctzt das Gesicht vor ungewollten Schl\u00e4gen.\",\"breadcrumb\":{\"@id\":\"https:\\\/\\\/prideshop.eu\\\/de\\\/shop\\\/sportarten\\\/karate-ausruestung\\\/karate-schutzausrustung\\\/helm-mit-komplettem-schutz-adidas-2\\\/#breadcrumb\"},\"inLanguage\":\"de\",\"potentialAction\":[{\"@type\":\"ReadAction\",\"target\":[\"https:\\\/\\\/prideshop.eu\\\/de\\\/shop\\\/sportarten\\\/karate-ausruestung\\\/karate-schutzausrustung\\\/helm-mit-komplettem-schutz-adidas-2\\\/\"]}]},{\"@type\":\"ImageObject\",\"inLanguage\":\"de\",\"@id\":\"https:\\\/\\\/prideshop.eu\\\/de\\\/shop\\\/sportarten\\\/karate-ausruestung\\\/karate-schutzausrustung\\\/helm-mit-komplettem-schutz-adidas-2\\\/#primaryimage\",\"url\":\"https:\\\/\\\/prideshop.eu\\\/wp-content\\\/uploads\\\/2023\\\/05\\\/celada-za-karate-s-popolno-zascito-obraza-adidas-a510.jpg\",\"contentUrl\":\"https:\\\/\\\/prideshop.eu\\\/wp-content\\\/uploads\\\/2023\\\/05\\\/celada-za-karate-s-popolno-zascito-obraza-adidas-a510.jpg\",\"width\":1000,\"height\":1000,\"caption\":\"WKF \u010delada za karate z masko za obraz Adidas\"},{\"@type\":\"BreadcrumbList\",\"@id\":\"https:\\\/\\\/prideshop.eu\\\/de\\\/shop\\\/sportarten\\\/karate-ausruestung\\\/karate-schutzausrustung\\\/helm-mit-komplettem-schutz-adidas-2\\\/#breadcrumb\",\"itemListElement\":[{\"@type\":\"ListItem\",\"position\":1,\"name\":\"Home\",\"item\":\"https:\\\/\\\/prideshop.eu\\\/de\\\/\"},{\"@type\":\"ListItem\",\"position\":2,\"name\":\"Gesch\u00e4ft\",\"item\":\"https:\\\/\\\/prideshop.eu\\\/de\\\/geschaeft\\\/\"},{\"@type\":\"ListItem\",\"position\":3,\"name\":\"Karate Kopfschutz mit Maske WKF Adidas \u2013 AdiHGM01K\"}]},{\"@type\":\"WebSite\",\"@id\":\"https:\\\/\\\/prideshop.eu\\\/de\\\/#website\",\"url\":\"https:\\\/\\\/prideshop.eu\\\/de\\\/\",\"name\":\"PRIDEshop\",\"description\":\"Oprema za Borilne \u0160porte\",\"publisher\":{\"@id\":\"https:\\\/\\\/prideshop.eu\\\/de\\\/#organization\"},\"potentialAction\":[{\"@type\":\"SearchAction\",\"target\":{\"@type\":\"EntryPoint\",\"urlTemplate\":\"https:\\\/\\\/prideshop.eu\\\/de\\\/?s={search_term_string}\"},\"query-input\":{\"@type\":\"PropertyValueSpecification\",\"valueRequired\":true,\"valueName\":\"search_term_string\"}}],\"inLanguage\":\"de\"},{\"@type\":\"Organization\",\"@id\":\"https:\\\/\\\/prideshop.eu\\\/de\\\/#organization\",\"name\":\"PRIDEshop\",\"url\":\"https:\\\/\\\/prideshop.eu\\\/de\\\/\",\"logo\":{\"@type\":\"ImageObject\",\"inLanguage\":\"de\",\"@id\":\"https:\\\/\\\/prideshop.eu\\\/de\\\/#\\\/schema\\\/logo\\\/image\\\/\",\"url\":\"\",\"contentUrl\":\"\",\"caption\":\"PRIDEshop\"},\"image\":{\"@id\":\"https:\\\/\\\/prideshop.eu\\\/de\\\/#\\\/schema\\\/logo\\\/image\\\/\"},\"sameAs\":[\"https:\\\/\\\/sl-si.facebook.com\\\/PrideShopeu\"]}]}<\/script>\n<!-- \/ Yoast SEO plugin. -->","yoast_head_json":{"title":"Karate Kopfschutz mit Maske WKF Adidas \u2013 AdiHGM01K - PRIDEshop","description":"Helm mit komplettem Schutz, Adidas. Helm mit Gesichtsschutz. Aus NBR-Schaum, eine zus\u00e4tzliche Schutzmaske sch\u00fctzt das Gesicht vor ungewollten Schl\u00e4gen.","robots":{"index":"index","follow":"follow","max-snippet":"max-snippet:-1","max-image-preview":"max-image-preview:large","max-video-preview":"max-video-preview:-1"},"canonical":"https:\/\/prideshop.eu\/de\/shop\/sportarten\/karate-ausruestung\/karate-schutzausrustung\/helm-mit-komplettem-schutz-adidas-2\/","og_locale":"de_DE","og_type":"article","og_title":"Karate Kopfschutz mit Maske WKF Adidas \u2013 AdiHGM01K - PRIDEshop","og_description":"Helm mit komplettem Schutz, Adidas. Helm mit Gesichtsschutz. Aus NBR-Schaum, eine zus\u00e4tzliche Schutzmaske sch\u00fctzt das Gesicht vor ungewollten Schl\u00e4gen.","og_url":"https:\/\/prideshop.eu\/de\/shop\/sportarten\/karate-ausruestung\/karate-schutzausrustung\/helm-mit-komplettem-schutz-adidas-2\/","og_site_name":"PRIDEshop","article_publisher":"https:\/\/sl-si.facebook.com\/PrideShopeu","article_modified_time":"2026-01-13T13:09:31+00:00","og_image":[{"width":1000,"height":1000,"url":"https:\/\/prideshop.eu\/wp-content\/uploads\/2023\/05\/celada-za-karate-s-popolno-zascito-obraza-adidas-a510.jpg","type":"image\/jpeg"}],"twitter_card":"summary_large_image","schema":{"@context":"https:\/\/schema.org","@graph":[{"@type":"WebPage","@id":"https:\/\/prideshop.eu\/de\/shop\/sportarten\/karate-ausruestung\/karate-schutzausrustung\/helm-mit-komplettem-schutz-adidas-2\/","url":"https:\/\/prideshop.eu\/de\/shop\/sportarten\/karate-ausruestung\/karate-schutzausrustung\/helm-mit-komplettem-schutz-adidas-2\/","name":"Karate Kopfschutz mit Maske WKF Adidas \u2013 AdiHGM01K - PRIDEshop","isPartOf":{"@id":"https:\/\/prideshop.eu\/de\/#website"},"primaryImageOfPage":{"@id":"https:\/\/prideshop.eu\/de\/shop\/sportarten\/karate-ausruestung\/karate-schutzausrustung\/helm-mit-komplettem-schutz-adidas-2\/#primaryimage"},"image":{"@id":"https:\/\/prideshop.eu\/de\/shop\/sportarten\/karate-ausruestung\/karate-schutzausrustung\/helm-mit-komplettem-schutz-adidas-2\/#primaryimage"},"thumbnailUrl":"https:\/\/prideshop.eu\/wp-content\/uploads\/2023\/05\/celada-za-karate-s-popolno-zascito-obraza-adidas-a510.jpg","datePublished":"2023-05-10T09:06:30+00:00","dateModified":"2026-01-13T13:09:31+00:00","description":"Helm mit komplettem Schutz, Adidas. Helm mit Gesichtsschutz. Aus NBR-Schaum, eine zus\u00e4tzliche Schutzmaske sch\u00fctzt das Gesicht vor ungewollten Schl\u00e4gen.","breadcrumb":{"@id":"https:\/\/prideshop.eu\/de\/shop\/sportarten\/karate-ausruestung\/karate-schutzausrustung\/helm-mit-komplettem-schutz-adidas-2\/#breadcrumb"},"inLanguage":"de","potentialAction":[{"@type":"ReadAction","target":["https:\/\/prideshop.eu\/de\/shop\/sportarten\/karate-ausruestung\/karate-schutzausrustung\/helm-mit-komplettem-schutz-adidas-2\/"]}]},{"@type":"ImageObject","inLanguage":"de","@id":"https:\/\/prideshop.eu\/de\/shop\/sportarten\/karate-ausruestung\/karate-schutzausrustung\/helm-mit-komplettem-schutz-adidas-2\/#primaryimage","url":"https:\/\/prideshop.eu\/wp-content\/uploads\/2023\/05\/celada-za-karate-s-popolno-zascito-obraza-adidas-a510.jpg","contentUrl":"https:\/\/prideshop.eu\/wp-content\/uploads\/2023\/05\/celada-za-karate-s-popolno-zascito-obraza-adidas-a510.jpg","width":1000,"height":1000,"caption":"WKF \u010delada za karate z masko za obraz Adidas"},{"@type":"BreadcrumbList","@id":"https:\/\/prideshop.eu\/de\/shop\/sportarten\/karate-ausruestung\/karate-schutzausrustung\/helm-mit-komplettem-schutz-adidas-2\/#breadcrumb","itemListElement":[{"@type":"ListItem","position":1,"name":"Home","item":"https:\/\/prideshop.eu\/de\/"},{"@type":"ListItem","position":2,"name":"Gesch\u00e4ft","item":"https:\/\/prideshop.eu\/de\/geschaeft\/"},{"@type":"ListItem","position":3,"name":"Karate Kopfschutz mit Maske WKF Adidas \u2013 AdiHGM01K"}]},{"@type":"WebSite","@id":"https:\/\/prideshop.eu\/de\/#website","url":"https:\/\/prideshop.eu\/de\/","name":"PRIDEshop","description":"Oprema za Borilne \u0160porte","publisher":{"@id":"https:\/\/prideshop.eu\/de\/#organization"},"potentialAction":[{"@type":"SearchAction","target":{"@type":"EntryPoint","urlTemplate":"https:\/\/prideshop.eu\/de\/?s={search_term_string}"},"query-input":{"@type":"PropertyValueSpecification","valueRequired":true,"valueName":"search_term_string"}}],"inLanguage":"de"},{"@type":"Organization","@id":"https:\/\/prideshop.eu\/de\/#organization","name":"PRIDEshop","url":"https:\/\/prideshop.eu\/de\/","logo":{"@type":"ImageObject","inLanguage":"de","@id":"https:\/\/prideshop.eu\/de\/#\/schema\/logo\/image\/","url":"","contentUrl":"","caption":"PRIDEshop"},"image":{"@id":"https:\/\/prideshop.eu\/de\/#\/schema\/logo\/image\/"},"sameAs":["https:\/\/sl-si.facebook.com\/PrideShopeu"]}]}},"_links":{"self":[{"href":"https:\/\/prideshop.eu\/de\/wp-json\/wp\/v2\/product\/44162","targetHints":{"allow":["GET"]}}],"collection":[{"href":"https:\/\/prideshop.eu\/de\/wp-json\/wp\/v2\/product"}],"about":[{"href":"https:\/\/prideshop.eu\/de\/wp-json\/wp\/v2\/types\/product"}],"replies":[{"embeddable":true,"href":"https:\/\/prideshop.eu\/de\/wp-json\/wp\/v2\/comments?post=44162"}],"wp:featuredmedia":[{"embeddable":true,"href":"https:\/\/prideshop.eu\/de\/wp-json\/wp\/v2\/media\/52513"}],"wp:attachment":[{"href":"https:\/\/prideshop.eu\/de\/wp-json\/wp\/v2\/media?parent=44162"}],"wp:term":[{"taxonomy":"product_brand","embeddable":true,"href":"https:\/\/prideshop.eu\/de\/wp-json\/wp\/v2\/product_brand?post=44162"},{"taxonomy":"product_cat","embeddable":true,"href":"https:\/\/prideshop.eu\/de\/wp-json\/wp\/v2\/product_cat?post=44162"},{"taxonomy":"product_tag","embeddable":true,"href":"https:\/\/prideshop.eu\/de\/wp-json\/wp\/v2\/product_tag?post=44162"}],"curies":[{"name":"wp","href":"https:\/\/api.w.org\/{rel}","templated":true}]}}