{"id":44185,"date":"2023-04-30T20:52:52","date_gmt":"2023-04-30T18:52:52","guid":{"rendered":"https:\/\/prideshop.eu\/spletna-trgovina\/unkategorisiert\/boxsack-elite-leer-pride\/"},"modified":"2025-08-04T10:45:02","modified_gmt":"2025-08-04T08:45:02","slug":"boxsack-elite-leder-pride","status":"publish","type":"product","link":"https:\/\/prideshop.eu\/de\/shop\/equipment-de\/trainingsgerate\/boxsacke\/boxsack-elite-leder-pride\/","title":{"rendered":"Leder\u2011Boxsack Pride\u202f\u2013 Elit"},"content":{"rendered":"<h3>Leder\u2011Boxsack Pride\u202f\u2013 Elit<\/h3>\n<p>Boxsack Elite Leder, Pride. Es ist ein erstklassiges Boxzubeh\u00f6r, hergestellt aus hochwertigem nat\u00fcrlichen Leder, das eine lange Lebensdauer und Haltbarkeit gew\u00e4hrleistet. Der Boxsack ist gef\u00fcllt mit Gummigranulat.\u00a0 Im Set mit dem Boxsack wird eine Kette mit Verschl\u00fcssen geliefert, die eine sichere und stabile Befestigung des Sacks gew\u00e4hrleistet. Der Sack ist f\u00fcr ein effektives Training konzipiert und erm\u00f6glicht das \u00dcben von Schl\u00e4gen und das Verbessern der Technik. Dank des hochwertigen Leders und der herausragenden Verarbeitung ist dieser Boxsack ein zuverl\u00e4ssiges und langlebiges Zubeh\u00f6r, das optimale Bedingungen f\u00fcr effektives und sicheres Training bietet.<\/p>\n","protected":false},"excerpt":{"rendered":"<p>Boxsack Elite Leder, Pride. Es ist ein erstklassiges Boxzubeh\u00f6r, hergestellt aus hochwertigem nat\u00fcrlichen Leder, das eine lange Lebensdauer und Haltbarkeit gew\u00e4hrleistet. Der Boxsack ist gef\u00fcllt mit Gummigranulat.\u00a0 Im Set mit dem Boxsack wird eine Kette mit Verschl\u00fcssen geliefert, die eine sichere und stabile Befestigung des Sacks gew\u00e4hrleistet. Der Sack ist f\u00fcr ein effektives Training konzipiert und erm\u00f6glicht das \u00dcben von Schl\u00e4gen und das Verbessern der Technik. Dank des hochwertigen Leders und der herausragenden Verarbeitung ist dieser Boxsack ein zuverl\u00e4ssiges und langlebiges Zubeh\u00f6r, das optimale Bedingungen f\u00fcr effektives und sicheres Training bietet.<\/p>\n","protected":false},"featured_media":43903,"comment_status":"open","ping_status":"closed","template":"","meta":{"_acf_changed":false},"product_brand":[2086],"product_cat":[622,580],"product_tag":[],"class_list":{"0":"post-44185","1":"product","2":"type-product","3":"status-publish","4":"has-post-thumbnail","6":"product_brand-pride","7":"product_cat-boxsacke","8":"product_cat-equipment-de","10":"first","11":"instock","12":"taxable","13":"shipping-taxable","14":"purchasable","15":"product-type-variable"},"acf":[],"yoast_head":"<!-- This site is optimized with the Yoast SEO plugin v27.5 - https:\/\/yoast.com\/product\/yoast-seo-wordpress\/ -->\n<title>Leder\u2011Boxsack Pride\u202f\u2013 Elit - PRIDEshop<\/title>\n<meta name=\"description\" content=\"Boxsack Elite Leder, Pride. Es ist ein erstklassiges Boxzubeh\u00f6r, hergestellt aus hochwertigem nat\u00fcrlichen Leder, das eine lange Lebensdauer...\" \/>\n<meta name=\"robots\" content=\"index, follow, max-snippet:-1, max-image-preview:large, max-video-preview:-1\" \/>\n<link rel=\"canonical\" href=\"https:\/\/prideshop.eu\/de\/shop\/equipment-de\/trainingsgerate\/boxsacke\/boxsack-elite-leder-pride\/\" \/>\n<meta property=\"og:locale\" content=\"de_DE\" \/>\n<meta property=\"og:type\" content=\"article\" \/>\n<meta property=\"og:title\" content=\"Leder\u2011Boxsack Pride\u202f\u2013 Elit - PRIDEshop\" \/>\n<meta property=\"og:description\" content=\"Boxsack Elite Leder, Pride. Es ist ein erstklassiges Boxzubeh\u00f6r, hergestellt aus hochwertigem nat\u00fcrlichen Leder, das eine lange Lebensdauer...\" \/>\n<meta property=\"og:url\" content=\"https:\/\/prideshop.eu\/de\/shop\/equipment-de\/trainingsgerate\/boxsacke\/boxsack-elite-leder-pride\/\" \/>\n<meta property=\"og:site_name\" content=\"PRIDEshop\" \/>\n<meta property=\"article:publisher\" content=\"https:\/\/sl-si.facebook.com\/PrideShopeu\" \/>\n<meta property=\"article:modified_time\" content=\"2025-08-04T08:45:02+00:00\" \/>\n<meta property=\"og:image\" content=\"https:\/\/prideshop.eu\/wp-content\/uploads\/2023\/04\/boks-vreca-elite-prazna-pride-1300.jpeg\" \/>\n\t<meta property=\"og:image:width\" content=\"600\" \/>\n\t<meta property=\"og:image:height\" content=\"600\" \/>\n\t<meta property=\"og:image:type\" content=\"image\/jpeg\" \/>\n<meta name=\"twitter:card\" content=\"summary_large_image\" \/>\n<meta name=\"twitter:label1\" content=\"Gesch\u00e4tzte Lesezeit\" \/>\n\t<meta name=\"twitter:data1\" content=\"1\u00a0Minute\" \/>\n<script type=\"application\/ld+json\" class=\"yoast-schema-graph\">{\"@context\":\"https:\\\/\\\/schema.org\",\"@graph\":[{\"@type\":\"WebPage\",\"@id\":\"https:\\\/\\\/prideshop.eu\\\/de\\\/shop\\\/equipment-de\\\/trainingsgerate\\\/boxsacke\\\/boxsack-elite-leder-pride\\\/\",\"url\":\"https:\\\/\\\/prideshop.eu\\\/de\\\/shop\\\/equipment-de\\\/trainingsgerate\\\/boxsacke\\\/boxsack-elite-leder-pride\\\/\",\"name\":\"Leder\u2011Boxsack Pride\u202f\u2013 Elit - PRIDEshop\",\"isPartOf\":{\"@id\":\"https:\\\/\\\/prideshop.eu\\\/de\\\/#website\"},\"primaryImageOfPage\":{\"@id\":\"https:\\\/\\\/prideshop.eu\\\/de\\\/shop\\\/equipment-de\\\/trainingsgerate\\\/boxsacke\\\/boxsack-elite-leder-pride\\\/#primaryimage\"},\"image\":{\"@id\":\"https:\\\/\\\/prideshop.eu\\\/de\\\/shop\\\/equipment-de\\\/trainingsgerate\\\/boxsacke\\\/boxsack-elite-leder-pride\\\/#primaryimage\"},\"thumbnailUrl\":\"https:\\\/\\\/prideshop.eu\\\/wp-content\\\/uploads\\\/2023\\\/04\\\/boks-vreca-elite-prazna-pride-1300.jpeg\",\"datePublished\":\"2023-04-30T18:52:52+00:00\",\"dateModified\":\"2025-08-04T08:45:02+00:00\",\"description\":\"Boxsack Elite Leder, Pride. Es ist ein erstklassiges Boxzubeh\u00f6r, hergestellt aus hochwertigem nat\u00fcrlichen Leder, das eine lange Lebensdauer...\",\"breadcrumb\":{\"@id\":\"https:\\\/\\\/prideshop.eu\\\/de\\\/shop\\\/equipment-de\\\/trainingsgerate\\\/boxsacke\\\/boxsack-elite-leder-pride\\\/#breadcrumb\"},\"inLanguage\":\"de\",\"potentialAction\":[{\"@type\":\"ReadAction\",\"target\":[\"https:\\\/\\\/prideshop.eu\\\/de\\\/shop\\\/equipment-de\\\/trainingsgerate\\\/boxsacke\\\/boxsack-elite-leder-pride\\\/\"]}]},{\"@type\":\"ImageObject\",\"inLanguage\":\"de\",\"@id\":\"https:\\\/\\\/prideshop.eu\\\/de\\\/shop\\\/equipment-de\\\/trainingsgerate\\\/boxsacke\\\/boxsack-elite-leder-pride\\\/#primaryimage\",\"url\":\"https:\\\/\\\/prideshop.eu\\\/wp-content\\\/uploads\\\/2023\\\/04\\\/boks-vreca-elite-prazna-pride-1300.jpeg\",\"contentUrl\":\"https:\\\/\\\/prideshop.eu\\\/wp-content\\\/uploads\\\/2023\\\/04\\\/boks-vreca-elite-prazna-pride-1300.jpeg\",\"width\":600,\"height\":600,\"caption\":\"Boxsack Elite Leder Pride\"},{\"@type\":\"BreadcrumbList\",\"@id\":\"https:\\\/\\\/prideshop.eu\\\/de\\\/shop\\\/equipment-de\\\/trainingsgerate\\\/boxsacke\\\/boxsack-elite-leder-pride\\\/#breadcrumb\",\"itemListElement\":[{\"@type\":\"ListItem\",\"position\":1,\"name\":\"Home\",\"item\":\"https:\\\/\\\/prideshop.eu\\\/de\\\/\"},{\"@type\":\"ListItem\",\"position\":2,\"name\":\"Gesch\u00e4ft\",\"item\":\"https:\\\/\\\/prideshop.eu\\\/de\\\/geschaeft\\\/\"},{\"@type\":\"ListItem\",\"position\":3,\"name\":\"Leder\u2011Boxsack Pride\u202f\u2013 Elit\"}]},{\"@type\":\"WebSite\",\"@id\":\"https:\\\/\\\/prideshop.eu\\\/de\\\/#website\",\"url\":\"https:\\\/\\\/prideshop.eu\\\/de\\\/\",\"name\":\"PRIDEshop\",\"description\":\"Oprema za Borilne \u0160porte\",\"publisher\":{\"@id\":\"https:\\\/\\\/prideshop.eu\\\/de\\\/#organization\"},\"potentialAction\":[{\"@type\":\"SearchAction\",\"target\":{\"@type\":\"EntryPoint\",\"urlTemplate\":\"https:\\\/\\\/prideshop.eu\\\/de\\\/?s={search_term_string}\"},\"query-input\":{\"@type\":\"PropertyValueSpecification\",\"valueRequired\":true,\"valueName\":\"search_term_string\"}}],\"inLanguage\":\"de\"},{\"@type\":\"Organization\",\"@id\":\"https:\\\/\\\/prideshop.eu\\\/de\\\/#organization\",\"name\":\"PRIDEshop\",\"url\":\"https:\\\/\\\/prideshop.eu\\\/de\\\/\",\"logo\":{\"@type\":\"ImageObject\",\"inLanguage\":\"de\",\"@id\":\"https:\\\/\\\/prideshop.eu\\\/de\\\/#\\\/schema\\\/logo\\\/image\\\/\",\"url\":\"\",\"contentUrl\":\"\",\"caption\":\"PRIDEshop\"},\"image\":{\"@id\":\"https:\\\/\\\/prideshop.eu\\\/de\\\/#\\\/schema\\\/logo\\\/image\\\/\"},\"sameAs\":[\"https:\\\/\\\/sl-si.facebook.com\\\/PrideShopeu\"]}]}<\/script>\n<!-- \/ Yoast SEO plugin. -->","yoast_head_json":{"title":"Leder\u2011Boxsack Pride\u202f\u2013 Elit - PRIDEshop","description":"Boxsack Elite Leder, Pride. Es ist ein erstklassiges Boxzubeh\u00f6r, hergestellt aus hochwertigem nat\u00fcrlichen Leder, das eine lange Lebensdauer...","robots":{"index":"index","follow":"follow","max-snippet":"max-snippet:-1","max-image-preview":"max-image-preview:large","max-video-preview":"max-video-preview:-1"},"canonical":"https:\/\/prideshop.eu\/de\/shop\/equipment-de\/trainingsgerate\/boxsacke\/boxsack-elite-leder-pride\/","og_locale":"de_DE","og_type":"article","og_title":"Leder\u2011Boxsack Pride\u202f\u2013 Elit - PRIDEshop","og_description":"Boxsack Elite Leder, Pride. Es ist ein erstklassiges Boxzubeh\u00f6r, hergestellt aus hochwertigem nat\u00fcrlichen Leder, das eine lange Lebensdauer...","og_url":"https:\/\/prideshop.eu\/de\/shop\/equipment-de\/trainingsgerate\/boxsacke\/boxsack-elite-leder-pride\/","og_site_name":"PRIDEshop","article_publisher":"https:\/\/sl-si.facebook.com\/PrideShopeu","article_modified_time":"2025-08-04T08:45:02+00:00","og_image":[{"width":600,"height":600,"url":"https:\/\/prideshop.eu\/wp-content\/uploads\/2023\/04\/boks-vreca-elite-prazna-pride-1300.jpeg","type":"image\/jpeg"}],"twitter_card":"summary_large_image","twitter_misc":{"Gesch\u00e4tzte Lesezeit":"1\u00a0Minute"},"schema":{"@context":"https:\/\/schema.org","@graph":[{"@type":"WebPage","@id":"https:\/\/prideshop.eu\/de\/shop\/equipment-de\/trainingsgerate\/boxsacke\/boxsack-elite-leder-pride\/","url":"https:\/\/prideshop.eu\/de\/shop\/equipment-de\/trainingsgerate\/boxsacke\/boxsack-elite-leder-pride\/","name":"Leder\u2011Boxsack Pride\u202f\u2013 Elit - PRIDEshop","isPartOf":{"@id":"https:\/\/prideshop.eu\/de\/#website"},"primaryImageOfPage":{"@id":"https:\/\/prideshop.eu\/de\/shop\/equipment-de\/trainingsgerate\/boxsacke\/boxsack-elite-leder-pride\/#primaryimage"},"image":{"@id":"https:\/\/prideshop.eu\/de\/shop\/equipment-de\/trainingsgerate\/boxsacke\/boxsack-elite-leder-pride\/#primaryimage"},"thumbnailUrl":"https:\/\/prideshop.eu\/wp-content\/uploads\/2023\/04\/boks-vreca-elite-prazna-pride-1300.jpeg","datePublished":"2023-04-30T18:52:52+00:00","dateModified":"2025-08-04T08:45:02+00:00","description":"Boxsack Elite Leder, Pride. Es ist ein erstklassiges Boxzubeh\u00f6r, hergestellt aus hochwertigem nat\u00fcrlichen Leder, das eine lange Lebensdauer...","breadcrumb":{"@id":"https:\/\/prideshop.eu\/de\/shop\/equipment-de\/trainingsgerate\/boxsacke\/boxsack-elite-leder-pride\/#breadcrumb"},"inLanguage":"de","potentialAction":[{"@type":"ReadAction","target":["https:\/\/prideshop.eu\/de\/shop\/equipment-de\/trainingsgerate\/boxsacke\/boxsack-elite-leder-pride\/"]}]},{"@type":"ImageObject","inLanguage":"de","@id":"https:\/\/prideshop.eu\/de\/shop\/equipment-de\/trainingsgerate\/boxsacke\/boxsack-elite-leder-pride\/#primaryimage","url":"https:\/\/prideshop.eu\/wp-content\/uploads\/2023\/04\/boks-vreca-elite-prazna-pride-1300.jpeg","contentUrl":"https:\/\/prideshop.eu\/wp-content\/uploads\/2023\/04\/boks-vreca-elite-prazna-pride-1300.jpeg","width":600,"height":600,"caption":"Boxsack Elite Leder Pride"},{"@type":"BreadcrumbList","@id":"https:\/\/prideshop.eu\/de\/shop\/equipment-de\/trainingsgerate\/boxsacke\/boxsack-elite-leder-pride\/#breadcrumb","itemListElement":[{"@type":"ListItem","position":1,"name":"Home","item":"https:\/\/prideshop.eu\/de\/"},{"@type":"ListItem","position":2,"name":"Gesch\u00e4ft","item":"https:\/\/prideshop.eu\/de\/geschaeft\/"},{"@type":"ListItem","position":3,"name":"Leder\u2011Boxsack Pride\u202f\u2013 Elit"}]},{"@type":"WebSite","@id":"https:\/\/prideshop.eu\/de\/#website","url":"https:\/\/prideshop.eu\/de\/","name":"PRIDEshop","description":"Oprema za Borilne \u0160porte","publisher":{"@id":"https:\/\/prideshop.eu\/de\/#organization"},"potentialAction":[{"@type":"SearchAction","target":{"@type":"EntryPoint","urlTemplate":"https:\/\/prideshop.eu\/de\/?s={search_term_string}"},"query-input":{"@type":"PropertyValueSpecification","valueRequired":true,"valueName":"search_term_string"}}],"inLanguage":"de"},{"@type":"Organization","@id":"https:\/\/prideshop.eu\/de\/#organization","name":"PRIDEshop","url":"https:\/\/prideshop.eu\/de\/","logo":{"@type":"ImageObject","inLanguage":"de","@id":"https:\/\/prideshop.eu\/de\/#\/schema\/logo\/image\/","url":"","contentUrl":"","caption":"PRIDEshop"},"image":{"@id":"https:\/\/prideshop.eu\/de\/#\/schema\/logo\/image\/"},"sameAs":["https:\/\/sl-si.facebook.com\/PrideShopeu"]}]}},"_links":{"self":[{"href":"https:\/\/prideshop.eu\/de\/wp-json\/wp\/v2\/product\/44185","targetHints":{"allow":["GET"]}}],"collection":[{"href":"https:\/\/prideshop.eu\/de\/wp-json\/wp\/v2\/product"}],"about":[{"href":"https:\/\/prideshop.eu\/de\/wp-json\/wp\/v2\/types\/product"}],"replies":[{"embeddable":true,"href":"https:\/\/prideshop.eu\/de\/wp-json\/wp\/v2\/comments?post=44185"}],"wp:featuredmedia":[{"embeddable":true,"href":"https:\/\/prideshop.eu\/de\/wp-json\/wp\/v2\/media\/43903"}],"wp:attachment":[{"href":"https:\/\/prideshop.eu\/de\/wp-json\/wp\/v2\/media?parent=44185"}],"wp:term":[{"taxonomy":"product_brand","embeddable":true,"href":"https:\/\/prideshop.eu\/de\/wp-json\/wp\/v2\/product_brand?post=44185"},{"taxonomy":"product_cat","embeddable":true,"href":"https:\/\/prideshop.eu\/de\/wp-json\/wp\/v2\/product_cat?post=44185"},{"taxonomy":"product_tag","embeddable":true,"href":"https:\/\/prideshop.eu\/de\/wp-json\/wp\/v2\/product_tag?post=44185"}],"curies":[{"name":"wp","href":"https:\/\/api.w.org\/{rel}","templated":true}]}}