{"id":44192,"date":"2023-05-09T19:30:18","date_gmt":"2023-05-09T17:30:18","guid":{"rendered":"https:\/\/prideshop.eu\/spletna-trgovina\/unkategorisiert\/sportrucksack-karate-wkf-adidas\/"},"modified":"2026-01-12T19:33:44","modified_gmt":"2026-01-12T18:33:44","slug":"sportrucksack-karate-wkf-adidas","status":"publish","type":"product","link":"https:\/\/prideshop.eu\/de\/shop\/sportarten\/karate-ausruestung\/karate-bekleidung-zubehoer\/sportrucksack-karate-wkf-adidas\/","title":{"rendered":"Sportrucksack Adidas \u2013 Karate WKF"},"content":{"rendered":"<h1 class=\"product-title product_title entry-title\">Sportrucksack Adidas \u2013 Karate WKF<\/h1>\n<p>Sportrucksack Karate WKF, Adidas ist eine ausgezeichnete Wahl f\u00fcr alle Karateka. Dieser attraktive Rucksack ist speziell f\u00fcr den Transport von Sportausr\u00fcstung konzipiert und erm\u00f6glicht Ihnen ein bequemes und organisiertes Tragen Ihrer Gegenst\u00e4nde. Er ist aus strapazierf\u00e4higem Material gefertigt, das eine lange Lebensdauer und Haltbarkeit gew\u00e4hrleistet. Er ist mit verst\u00e4rkten verstellbaren Gurten ausgestattet, die eine Anpassung nach Ihren Vorlieben erm\u00f6glichen. Dar\u00fcber hinaus verf\u00fcgt er \u00fcber zwei Seitentaschen, in denen Sie kleinere Gegenst\u00e4nde wie Schl\u00fcssel, Telefon oder Wasserflasche aufbewahren k\u00f6nnen. Mit einem starken und strapazierf\u00e4higen Rei\u00dfverschluss wird Ihre Ausr\u00fcstung sicher verstaut. Er ist in drei verschiedenen Gr\u00f6\u00dfen erh\u00e4ltlich, so dass Sie diejenige ausw\u00e4hlen k\u00f6nnen, die Ihren Bed\u00fcrfnissen entspricht.nnGr\u00f6\u00dfe: S (45x28x17), M (50x31x20), L (57x33x23)<\/p>\n","protected":false},"excerpt":{"rendered":"<p>Sportrucksack Karate WKF, Adidas ist eine ausgezeichnete Wahl f\u00fcr alle Karateka. Dieser attraktive Rucksack ist speziell f\u00fcr den Transport von Sportausr\u00fcstung konzipiert und erm\u00f6glicht Ihnen ein bequemes und organisiertes Tragen Ihrer Gegenst\u00e4nde. Er ist aus strapazierf\u00e4higem Material gefertigt, das eine lange Lebensdauer und Haltbarkeit gew\u00e4hrleistet. Er ist mit verst\u00e4rkten verstellbaren Gurten ausgestattet, die eine Anpassung nach Ihren Vorlieben erm\u00f6glichen. Dar\u00fcber hinaus verf\u00fcgt er \u00fcber zwei Seitentaschen, in denen Sie kleinere Gegenst\u00e4nde wie Schl\u00fcssel, Telefon oder Wasserflasche aufbewahren k\u00f6nnen. Mit einem starken und strapazierf\u00e4higen Rei\u00dfverschluss wird Ihre Ausr\u00fcstung sicher verstaut. Er ist in drei verschiedenen Gr\u00f6\u00dfen erh\u00e4ltlich, so dass Sie diejenige ausw\u00e4hlen k\u00f6nnen, die Ihren Bed\u00fcrfnissen entspricht.nnGr\u00f6\u00dfe: S (45x28x17), M (50x31x20), L (57x33x23)<\/p>\n","protected":false},"featured_media":44136,"comment_status":"open","ping_status":"closed","template":"","meta":{"_acf_changed":false},"product_brand":[2084],"product_cat":[580,710,1906,656,654],"product_tag":[],"class_list":{"0":"post-44192","1":"product","2":"type-product","3":"status-publish","4":"has-post-thumbnail","6":"product_brand-adidas","7":"product_cat-equipment-de","8":"product_cat-karate-ausruestung","9":"product_cat-karate-bekleidung-zubehoer","10":"product_cat-sportarten","11":"product_cat-sporttaschen","13":"first","14":"instock","15":"taxable","16":"shipping-taxable","17":"purchasable","18":"product-type-variable"},"acf":[],"yoast_head":"<!-- This site is optimized with the Yoast SEO plugin v27.5 - https:\/\/yoast.com\/product\/yoast-seo-wordpress\/ -->\n<title>Sportrucksack Adidas \u2013 Karate WKF - PRIDEshop<\/title>\n<meta name=\"description\" content=\"Sportrucksack Karate WKF, Adidas ist eine ausgezeichnete Wahl f\u00fcr alle Karateka. Dieser attraktive Rucksack ist speziell f\u00fcr den Transport von Sportausr\u00fcstung...\" \/>\n<meta name=\"robots\" content=\"index, follow, max-snippet:-1, max-image-preview:large, max-video-preview:-1\" \/>\n<link rel=\"canonical\" href=\"https:\/\/prideshop.eu\/de\/shop\/sportarten\/karate-ausruestung\/karate-bekleidung-zubehoer\/sportrucksack-karate-wkf-adidas\/\" \/>\n<meta property=\"og:locale\" content=\"de_DE\" \/>\n<meta property=\"og:type\" content=\"article\" \/>\n<meta property=\"og:title\" content=\"Sportrucksack Adidas \u2013 Karate WKF - PRIDEshop\" \/>\n<meta property=\"og:description\" content=\"Sportrucksack Karate WKF, Adidas ist eine ausgezeichnete Wahl f\u00fcr alle Karateka. Dieser attraktive Rucksack ist speziell f\u00fcr den Transport von Sportausr\u00fcstung...\" \/>\n<meta property=\"og:url\" content=\"https:\/\/prideshop.eu\/de\/shop\/sportarten\/karate-ausruestung\/karate-bekleidung-zubehoer\/sportrucksack-karate-wkf-adidas\/\" \/>\n<meta property=\"og:site_name\" content=\"PRIDEshop\" \/>\n<meta property=\"article:publisher\" content=\"https:\/\/sl-si.facebook.com\/PrideShopeu\" \/>\n<meta property=\"article:modified_time\" content=\"2026-01-12T18:33:44+00:00\" \/>\n<meta property=\"og:image\" content=\"https:\/\/prideshop.eu\/wp-content\/uploads\/2023\/05\/sportni-nahrbtnik-karate-wkf-adidas-a692k-wkf.jpeg\" \/>\n\t<meta property=\"og:image:width\" content=\"600\" \/>\n\t<meta property=\"og:image:height\" content=\"600\" \/>\n\t<meta property=\"og:image:type\" content=\"image\/jpeg\" \/>\n<meta name=\"twitter:card\" content=\"summary_large_image\" \/>\n<meta name=\"twitter:label1\" content=\"Gesch\u00e4tzte Lesezeit\" \/>\n\t<meta name=\"twitter:data1\" content=\"1\u00a0Minute\" \/>\n<script type=\"application\/ld+json\" class=\"yoast-schema-graph\">{\"@context\":\"https:\\\/\\\/schema.org\",\"@graph\":[{\"@type\":\"WebPage\",\"@id\":\"https:\\\/\\\/prideshop.eu\\\/de\\\/shop\\\/sportarten\\\/karate-ausruestung\\\/karate-bekleidung-zubehoer\\\/sportrucksack-karate-wkf-adidas\\\/\",\"url\":\"https:\\\/\\\/prideshop.eu\\\/de\\\/shop\\\/sportarten\\\/karate-ausruestung\\\/karate-bekleidung-zubehoer\\\/sportrucksack-karate-wkf-adidas\\\/\",\"name\":\"Sportrucksack Adidas \u2013 Karate WKF - PRIDEshop\",\"isPartOf\":{\"@id\":\"https:\\\/\\\/prideshop.eu\\\/de\\\/#website\"},\"primaryImageOfPage\":{\"@id\":\"https:\\\/\\\/prideshop.eu\\\/de\\\/shop\\\/sportarten\\\/karate-ausruestung\\\/karate-bekleidung-zubehoer\\\/sportrucksack-karate-wkf-adidas\\\/#primaryimage\"},\"image\":{\"@id\":\"https:\\\/\\\/prideshop.eu\\\/de\\\/shop\\\/sportarten\\\/karate-ausruestung\\\/karate-bekleidung-zubehoer\\\/sportrucksack-karate-wkf-adidas\\\/#primaryimage\"},\"thumbnailUrl\":\"https:\\\/\\\/prideshop.eu\\\/wp-content\\\/uploads\\\/2023\\\/05\\\/sportni-nahrbtnik-karate-wkf-adidas-a692k-wkf.jpeg\",\"datePublished\":\"2023-05-09T17:30:18+00:00\",\"dateModified\":\"2026-01-12T18:33:44+00:00\",\"description\":\"Sportrucksack Karate WKF, Adidas ist eine ausgezeichnete Wahl f\u00fcr alle Karateka. Dieser attraktive Rucksack ist speziell f\u00fcr den Transport von Sportausr\u00fcstung...\",\"breadcrumb\":{\"@id\":\"https:\\\/\\\/prideshop.eu\\\/de\\\/shop\\\/sportarten\\\/karate-ausruestung\\\/karate-bekleidung-zubehoer\\\/sportrucksack-karate-wkf-adidas\\\/#breadcrumb\"},\"inLanguage\":\"de\",\"potentialAction\":[{\"@type\":\"ReadAction\",\"target\":[\"https:\\\/\\\/prideshop.eu\\\/de\\\/shop\\\/sportarten\\\/karate-ausruestung\\\/karate-bekleidung-zubehoer\\\/sportrucksack-karate-wkf-adidas\\\/\"]}]},{\"@type\":\"ImageObject\",\"inLanguage\":\"de\",\"@id\":\"https:\\\/\\\/prideshop.eu\\\/de\\\/shop\\\/sportarten\\\/karate-ausruestung\\\/karate-bekleidung-zubehoer\\\/sportrucksack-karate-wkf-adidas\\\/#primaryimage\",\"url\":\"https:\\\/\\\/prideshop.eu\\\/wp-content\\\/uploads\\\/2023\\\/05\\\/sportni-nahrbtnik-karate-wkf-adidas-a692k-wkf.jpeg\",\"contentUrl\":\"https:\\\/\\\/prideshop.eu\\\/wp-content\\\/uploads\\\/2023\\\/05\\\/sportni-nahrbtnik-karate-wkf-adidas-a692k-wkf.jpeg\",\"width\":600,\"height\":600,\"caption\":\"Sportrucksack Karate WKF Adidas\"},{\"@type\":\"BreadcrumbList\",\"@id\":\"https:\\\/\\\/prideshop.eu\\\/de\\\/shop\\\/sportarten\\\/karate-ausruestung\\\/karate-bekleidung-zubehoer\\\/sportrucksack-karate-wkf-adidas\\\/#breadcrumb\",\"itemListElement\":[{\"@type\":\"ListItem\",\"position\":1,\"name\":\"Home\",\"item\":\"https:\\\/\\\/prideshop.eu\\\/de\\\/\"},{\"@type\":\"ListItem\",\"position\":2,\"name\":\"Gesch\u00e4ft\",\"item\":\"https:\\\/\\\/prideshop.eu\\\/de\\\/geschaeft\\\/\"},{\"@type\":\"ListItem\",\"position\":3,\"name\":\"Sportrucksack Adidas \u2013 Karate WKF\"}]},{\"@type\":\"WebSite\",\"@id\":\"https:\\\/\\\/prideshop.eu\\\/de\\\/#website\",\"url\":\"https:\\\/\\\/prideshop.eu\\\/de\\\/\",\"name\":\"PRIDEshop\",\"description\":\"Oprema za Borilne \u0160porte\",\"publisher\":{\"@id\":\"https:\\\/\\\/prideshop.eu\\\/de\\\/#organization\"},\"potentialAction\":[{\"@type\":\"SearchAction\",\"target\":{\"@type\":\"EntryPoint\",\"urlTemplate\":\"https:\\\/\\\/prideshop.eu\\\/de\\\/?s={search_term_string}\"},\"query-input\":{\"@type\":\"PropertyValueSpecification\",\"valueRequired\":true,\"valueName\":\"search_term_string\"}}],\"inLanguage\":\"de\"},{\"@type\":\"Organization\",\"@id\":\"https:\\\/\\\/prideshop.eu\\\/de\\\/#organization\",\"name\":\"PRIDEshop\",\"url\":\"https:\\\/\\\/prideshop.eu\\\/de\\\/\",\"logo\":{\"@type\":\"ImageObject\",\"inLanguage\":\"de\",\"@id\":\"https:\\\/\\\/prideshop.eu\\\/de\\\/#\\\/schema\\\/logo\\\/image\\\/\",\"url\":\"\",\"contentUrl\":\"\",\"caption\":\"PRIDEshop\"},\"image\":{\"@id\":\"https:\\\/\\\/prideshop.eu\\\/de\\\/#\\\/schema\\\/logo\\\/image\\\/\"},\"sameAs\":[\"https:\\\/\\\/sl-si.facebook.com\\\/PrideShopeu\"]}]}<\/script>\n<!-- \/ Yoast SEO plugin. -->","yoast_head_json":{"title":"Sportrucksack Adidas \u2013 Karate WKF - PRIDEshop","description":"Sportrucksack Karate WKF, Adidas ist eine ausgezeichnete Wahl f\u00fcr alle Karateka. Dieser attraktive Rucksack ist speziell f\u00fcr den Transport von Sportausr\u00fcstung...","robots":{"index":"index","follow":"follow","max-snippet":"max-snippet:-1","max-image-preview":"max-image-preview:large","max-video-preview":"max-video-preview:-1"},"canonical":"https:\/\/prideshop.eu\/de\/shop\/sportarten\/karate-ausruestung\/karate-bekleidung-zubehoer\/sportrucksack-karate-wkf-adidas\/","og_locale":"de_DE","og_type":"article","og_title":"Sportrucksack Adidas \u2013 Karate WKF - PRIDEshop","og_description":"Sportrucksack Karate WKF, Adidas ist eine ausgezeichnete Wahl f\u00fcr alle Karateka. Dieser attraktive Rucksack ist speziell f\u00fcr den Transport von Sportausr\u00fcstung...","og_url":"https:\/\/prideshop.eu\/de\/shop\/sportarten\/karate-ausruestung\/karate-bekleidung-zubehoer\/sportrucksack-karate-wkf-adidas\/","og_site_name":"PRIDEshop","article_publisher":"https:\/\/sl-si.facebook.com\/PrideShopeu","article_modified_time":"2026-01-12T18:33:44+00:00","og_image":[{"width":600,"height":600,"url":"https:\/\/prideshop.eu\/wp-content\/uploads\/2023\/05\/sportni-nahrbtnik-karate-wkf-adidas-a692k-wkf.jpeg","type":"image\/jpeg"}],"twitter_card":"summary_large_image","twitter_misc":{"Gesch\u00e4tzte Lesezeit":"1\u00a0Minute"},"schema":{"@context":"https:\/\/schema.org","@graph":[{"@type":"WebPage","@id":"https:\/\/prideshop.eu\/de\/shop\/sportarten\/karate-ausruestung\/karate-bekleidung-zubehoer\/sportrucksack-karate-wkf-adidas\/","url":"https:\/\/prideshop.eu\/de\/shop\/sportarten\/karate-ausruestung\/karate-bekleidung-zubehoer\/sportrucksack-karate-wkf-adidas\/","name":"Sportrucksack Adidas \u2013 Karate WKF - PRIDEshop","isPartOf":{"@id":"https:\/\/prideshop.eu\/de\/#website"},"primaryImageOfPage":{"@id":"https:\/\/prideshop.eu\/de\/shop\/sportarten\/karate-ausruestung\/karate-bekleidung-zubehoer\/sportrucksack-karate-wkf-adidas\/#primaryimage"},"image":{"@id":"https:\/\/prideshop.eu\/de\/shop\/sportarten\/karate-ausruestung\/karate-bekleidung-zubehoer\/sportrucksack-karate-wkf-adidas\/#primaryimage"},"thumbnailUrl":"https:\/\/prideshop.eu\/wp-content\/uploads\/2023\/05\/sportni-nahrbtnik-karate-wkf-adidas-a692k-wkf.jpeg","datePublished":"2023-05-09T17:30:18+00:00","dateModified":"2026-01-12T18:33:44+00:00","description":"Sportrucksack Karate WKF, Adidas ist eine ausgezeichnete Wahl f\u00fcr alle Karateka. Dieser attraktive Rucksack ist speziell f\u00fcr den Transport von Sportausr\u00fcstung...","breadcrumb":{"@id":"https:\/\/prideshop.eu\/de\/shop\/sportarten\/karate-ausruestung\/karate-bekleidung-zubehoer\/sportrucksack-karate-wkf-adidas\/#breadcrumb"},"inLanguage":"de","potentialAction":[{"@type":"ReadAction","target":["https:\/\/prideshop.eu\/de\/shop\/sportarten\/karate-ausruestung\/karate-bekleidung-zubehoer\/sportrucksack-karate-wkf-adidas\/"]}]},{"@type":"ImageObject","inLanguage":"de","@id":"https:\/\/prideshop.eu\/de\/shop\/sportarten\/karate-ausruestung\/karate-bekleidung-zubehoer\/sportrucksack-karate-wkf-adidas\/#primaryimage","url":"https:\/\/prideshop.eu\/wp-content\/uploads\/2023\/05\/sportni-nahrbtnik-karate-wkf-adidas-a692k-wkf.jpeg","contentUrl":"https:\/\/prideshop.eu\/wp-content\/uploads\/2023\/05\/sportni-nahrbtnik-karate-wkf-adidas-a692k-wkf.jpeg","width":600,"height":600,"caption":"Sportrucksack Karate WKF Adidas"},{"@type":"BreadcrumbList","@id":"https:\/\/prideshop.eu\/de\/shop\/sportarten\/karate-ausruestung\/karate-bekleidung-zubehoer\/sportrucksack-karate-wkf-adidas\/#breadcrumb","itemListElement":[{"@type":"ListItem","position":1,"name":"Home","item":"https:\/\/prideshop.eu\/de\/"},{"@type":"ListItem","position":2,"name":"Gesch\u00e4ft","item":"https:\/\/prideshop.eu\/de\/geschaeft\/"},{"@type":"ListItem","position":3,"name":"Sportrucksack Adidas \u2013 Karate WKF"}]},{"@type":"WebSite","@id":"https:\/\/prideshop.eu\/de\/#website","url":"https:\/\/prideshop.eu\/de\/","name":"PRIDEshop","description":"Oprema za Borilne \u0160porte","publisher":{"@id":"https:\/\/prideshop.eu\/de\/#organization"},"potentialAction":[{"@type":"SearchAction","target":{"@type":"EntryPoint","urlTemplate":"https:\/\/prideshop.eu\/de\/?s={search_term_string}"},"query-input":{"@type":"PropertyValueSpecification","valueRequired":true,"valueName":"search_term_string"}}],"inLanguage":"de"},{"@type":"Organization","@id":"https:\/\/prideshop.eu\/de\/#organization","name":"PRIDEshop","url":"https:\/\/prideshop.eu\/de\/","logo":{"@type":"ImageObject","inLanguage":"de","@id":"https:\/\/prideshop.eu\/de\/#\/schema\/logo\/image\/","url":"","contentUrl":"","caption":"PRIDEshop"},"image":{"@id":"https:\/\/prideshop.eu\/de\/#\/schema\/logo\/image\/"},"sameAs":["https:\/\/sl-si.facebook.com\/PrideShopeu"]}]}},"_links":{"self":[{"href":"https:\/\/prideshop.eu\/de\/wp-json\/wp\/v2\/product\/44192","targetHints":{"allow":["GET"]}}],"collection":[{"href":"https:\/\/prideshop.eu\/de\/wp-json\/wp\/v2\/product"}],"about":[{"href":"https:\/\/prideshop.eu\/de\/wp-json\/wp\/v2\/types\/product"}],"replies":[{"embeddable":true,"href":"https:\/\/prideshop.eu\/de\/wp-json\/wp\/v2\/comments?post=44192"}],"wp:featuredmedia":[{"embeddable":true,"href":"https:\/\/prideshop.eu\/de\/wp-json\/wp\/v2\/media\/44136"}],"wp:attachment":[{"href":"https:\/\/prideshop.eu\/de\/wp-json\/wp\/v2\/media?parent=44192"}],"wp:term":[{"taxonomy":"product_brand","embeddable":true,"href":"https:\/\/prideshop.eu\/de\/wp-json\/wp\/v2\/product_brand?post=44192"},{"taxonomy":"product_cat","embeddable":true,"href":"https:\/\/prideshop.eu\/de\/wp-json\/wp\/v2\/product_cat?post=44192"},{"taxonomy":"product_tag","embeddable":true,"href":"https:\/\/prideshop.eu\/de\/wp-json\/wp\/v2\/product_tag?post=44192"}],"curies":[{"name":"wp","href":"https:\/\/api.w.org\/{rel}","templated":true}]}}