{"id":44202,"date":"2023-05-11T19:57:51","date_gmt":"2023-05-11T17:57:51","guid":{"rendered":"https:\/\/prideshop.eu\/spletna-trgovina\/unkategorisiert\/faszienroller-mit-massageeffekt-pride\/"},"modified":"2025-08-04T10:58:25","modified_gmt":"2025-08-04T08:58:25","slug":"faszienroller-mit-massageeffekt-pride","status":"publish","type":"product","link":"https:\/\/prideshop.eu\/de\/shop\/equipment-de\/fitness-in-cross-trening-de\/fitness-accesories\/faszienroller-mit-massageeffekt-pride\/","title":{"rendered":"Faszienrolle mit Massageeffekt Pride \u2013 MuscleReboot"},"content":{"rendered":"<h3>Faszienrolle mit Massageeffekt Pride \u2013 MuscleReboot<\/h3>\n<p>Die Trainingsrolle mit Massageeffekt Pride ist ein ausgezeichnetes Werkzeug, das Ihnen bei der schnelleren Erholung Ihrer Muskeln hilft. Mit ihrem Entlastungsmuster erm\u00f6glicht die Massagerolle eine tiefere Gewebemassage, die dabei hilft, Spannungen zu l\u00f6sen und die Durchblutung zu verbessern. Die Massagerolle erm\u00f6glicht nicht nur eine intensive Massage, sondern erh\u00f6ht auch Ihre Flexibilit\u00e4t und Mobilit\u00e4t. Hergestellt aus hochwertigem, strapazierf\u00e4higem Schaumstoff, gew\u00e4hrleistet die Massagerolle eine lange Produktlebensdauer. Ob Sie ein Athlet, ein Freizeitsportler oder einfach nur Muskelspannungen und Schmerzen lindern m\u00f6chten, wird diese Massagerolle zu einem unverzichtbaren Bestandteil Ihres Trainings\u2013 und Erholungsprogramms werden.<\/p>\n","protected":false},"excerpt":{"rendered":"<p>Die Trainingsrolle mit Massageeffekt Pride ist ein ausgezeichnetes Werkzeug, das Ihnen bei der schnelleren Erholung Ihrer Muskeln hilft. Mit ihrem Entlastungsmuster erm\u00f6glicht die Massagerolle eine tiefere Gewebemassage, die dabei hilft, Spannungen zu l\u00f6sen und die Durchblutung zu verbessern. Die Massagerolle erm\u00f6glicht nicht nur eine intensive Massage, sondern erh\u00f6ht auch Ihre Flexibilit\u00e4t und Mobilit\u00e4t. Hergestellt aus hochwertigem, strapazierf\u00e4higem Schaumstoff, gew\u00e4hrleistet die Massagerolle eine lange Produktlebensdauer. Ob Sie ein Athlet, ein Freizeitsportler oder einfach nur Muskelspannungen und Schmerzen lindern m\u00f6chten, wird diese Massagerolle zu einem unverzichtbaren Bestandteil Ihres Trainings\u2013 und Erholungsprogramms werden.<\/p>\n","protected":false},"featured_media":44199,"comment_status":"open","ping_status":"closed","template":"","meta":{"_acf_changed":false},"product_brand":[2086],"product_cat":[580,596,590,1691,588,582],"product_tag":[],"class_list":{"0":"post-44202","1":"product","2":"type-product","3":"status-publish","4":"has-post-thumbnail","6":"product_brand-pride","7":"product_cat-equipment-de","8":"product_cat-fitness-accesories","9":"product_cat-fitness-in-cross-trening-de","10":"product_cat-sonderangebote","11":"product_cat-sonstiges","12":"product_cat-zusatzlische-angebote","14":"first","15":"outofstock","16":"taxable","17":"shipping-taxable","18":"purchasable","19":"product-type-simple"},"acf":[],"yoast_head":"<!-- This site is optimized with the Yoast SEO plugin v27.5 - https:\/\/yoast.com\/product\/yoast-seo-wordpress\/ -->\n<title>Faszienrolle mit Massageeffekt Pride \u2013 MuscleReboot - PRIDEshop<\/title>\n<meta name=\"description\" content=\"Faszienroller mit Massageeffekt, Pride ist ein hervorragendes Werkzeug, das eine schnellere Muskelregeneration unterst\u00fctzt. Mit seinem...\" \/>\n<meta name=\"robots\" content=\"index, follow, max-snippet:-1, max-image-preview:large, max-video-preview:-1\" \/>\n<link rel=\"canonical\" href=\"https:\/\/prideshop.eu\/de\/shop\/equipment-de\/fitness-in-cross-trening-de\/fitness-accesories\/faszienroller-mit-massageeffekt-pride\/\" \/>\n<meta property=\"og:locale\" content=\"de_DE\" \/>\n<meta property=\"og:type\" content=\"article\" \/>\n<meta property=\"og:title\" content=\"Faszienrolle mit Massageeffekt Pride \u2013 MuscleReboot - PRIDEshop\" \/>\n<meta property=\"og:description\" content=\"Faszienroller mit Massageeffekt, Pride ist ein hervorragendes Werkzeug, das eine schnellere Muskelregeneration unterst\u00fctzt. Mit seinem...\" \/>\n<meta property=\"og:url\" content=\"https:\/\/prideshop.eu\/de\/shop\/equipment-de\/fitness-in-cross-trening-de\/fitness-accesories\/faszienroller-mit-massageeffekt-pride\/\" \/>\n<meta property=\"og:site_name\" content=\"PRIDEshop\" \/>\n<meta property=\"article:publisher\" content=\"https:\/\/sl-si.facebook.com\/PrideShopeu\" \/>\n<meta property=\"article:modified_time\" content=\"2025-08-04T08:58:25+00:00\" \/>\n<meta property=\"og:image\" content=\"https:\/\/prideshop.eu\/wp-content\/uploads\/2023\/05\/valj-za-vadbo-z-masaznim-ucinkom-pride-7085.jpeg\" \/>\n\t<meta property=\"og:image:width\" content=\"600\" \/>\n\t<meta property=\"og:image:height\" content=\"600\" \/>\n\t<meta property=\"og:image:type\" content=\"image\/jpeg\" \/>\n<meta name=\"twitter:card\" content=\"summary_large_image\" \/>\n<meta name=\"twitter:label1\" content=\"Gesch\u00e4tzte Lesezeit\" \/>\n\t<meta name=\"twitter:data1\" content=\"1\u00a0Minute\" \/>\n<script type=\"application\/ld+json\" class=\"yoast-schema-graph\">{\"@context\":\"https:\\\/\\\/schema.org\",\"@graph\":[{\"@type\":\"WebPage\",\"@id\":\"https:\\\/\\\/prideshop.eu\\\/de\\\/shop\\\/equipment-de\\\/fitness-in-cross-trening-de\\\/fitness-accesories\\\/faszienroller-mit-massageeffekt-pride\\\/\",\"url\":\"https:\\\/\\\/prideshop.eu\\\/de\\\/shop\\\/equipment-de\\\/fitness-in-cross-trening-de\\\/fitness-accesories\\\/faszienroller-mit-massageeffekt-pride\\\/\",\"name\":\"Faszienrolle mit Massageeffekt Pride \u2013 MuscleReboot - PRIDEshop\",\"isPartOf\":{\"@id\":\"https:\\\/\\\/prideshop.eu\\\/de\\\/#website\"},\"primaryImageOfPage\":{\"@id\":\"https:\\\/\\\/prideshop.eu\\\/de\\\/shop\\\/equipment-de\\\/fitness-in-cross-trening-de\\\/fitness-accesories\\\/faszienroller-mit-massageeffekt-pride\\\/#primaryimage\"},\"image\":{\"@id\":\"https:\\\/\\\/prideshop.eu\\\/de\\\/shop\\\/equipment-de\\\/fitness-in-cross-trening-de\\\/fitness-accesories\\\/faszienroller-mit-massageeffekt-pride\\\/#primaryimage\"},\"thumbnailUrl\":\"https:\\\/\\\/prideshop.eu\\\/wp-content\\\/uploads\\\/2023\\\/05\\\/valj-za-vadbo-z-masaznim-ucinkom-pride-7085.jpeg\",\"datePublished\":\"2023-05-11T17:57:51+00:00\",\"dateModified\":\"2025-08-04T08:58:25+00:00\",\"description\":\"Faszienroller mit Massageeffekt, Pride ist ein hervorragendes Werkzeug, das eine schnellere Muskelregeneration unterst\u00fctzt. Mit seinem...\",\"breadcrumb\":{\"@id\":\"https:\\\/\\\/prideshop.eu\\\/de\\\/shop\\\/equipment-de\\\/fitness-in-cross-trening-de\\\/fitness-accesories\\\/faszienroller-mit-massageeffekt-pride\\\/#breadcrumb\"},\"inLanguage\":\"de\",\"potentialAction\":[{\"@type\":\"ReadAction\",\"target\":[\"https:\\\/\\\/prideshop.eu\\\/de\\\/shop\\\/equipment-de\\\/fitness-in-cross-trening-de\\\/fitness-accesories\\\/faszienroller-mit-massageeffekt-pride\\\/\"]}]},{\"@type\":\"ImageObject\",\"inLanguage\":\"de\",\"@id\":\"https:\\\/\\\/prideshop.eu\\\/de\\\/shop\\\/equipment-de\\\/fitness-in-cross-trening-de\\\/fitness-accesories\\\/faszienroller-mit-massageeffekt-pride\\\/#primaryimage\",\"url\":\"https:\\\/\\\/prideshop.eu\\\/wp-content\\\/uploads\\\/2023\\\/05\\\/valj-za-vadbo-z-masaznim-ucinkom-pride-7085.jpeg\",\"contentUrl\":\"https:\\\/\\\/prideshop.eu\\\/wp-content\\\/uploads\\\/2023\\\/05\\\/valj-za-vadbo-z-masaznim-ucinkom-pride-7085.jpeg\",\"width\":600,\"height\":600,\"caption\":\"Faszienroller mit Massageeffekt Pride\"},{\"@type\":\"BreadcrumbList\",\"@id\":\"https:\\\/\\\/prideshop.eu\\\/de\\\/shop\\\/equipment-de\\\/fitness-in-cross-trening-de\\\/fitness-accesories\\\/faszienroller-mit-massageeffekt-pride\\\/#breadcrumb\",\"itemListElement\":[{\"@type\":\"ListItem\",\"position\":1,\"name\":\"Home\",\"item\":\"https:\\\/\\\/prideshop.eu\\\/de\\\/\"},{\"@type\":\"ListItem\",\"position\":2,\"name\":\"Gesch\u00e4ft\",\"item\":\"https:\\\/\\\/prideshop.eu\\\/de\\\/geschaeft\\\/\"},{\"@type\":\"ListItem\",\"position\":3,\"name\":\"Faszienrolle mit Massageeffekt Pride \u2013 MuscleReboot\"}]},{\"@type\":\"WebSite\",\"@id\":\"https:\\\/\\\/prideshop.eu\\\/de\\\/#website\",\"url\":\"https:\\\/\\\/prideshop.eu\\\/de\\\/\",\"name\":\"PRIDEshop\",\"description\":\"Oprema za Borilne \u0160porte\",\"publisher\":{\"@id\":\"https:\\\/\\\/prideshop.eu\\\/de\\\/#organization\"},\"potentialAction\":[{\"@type\":\"SearchAction\",\"target\":{\"@type\":\"EntryPoint\",\"urlTemplate\":\"https:\\\/\\\/prideshop.eu\\\/de\\\/?s={search_term_string}\"},\"query-input\":{\"@type\":\"PropertyValueSpecification\",\"valueRequired\":true,\"valueName\":\"search_term_string\"}}],\"inLanguage\":\"de\"},{\"@type\":\"Organization\",\"@id\":\"https:\\\/\\\/prideshop.eu\\\/de\\\/#organization\",\"name\":\"PRIDEshop\",\"url\":\"https:\\\/\\\/prideshop.eu\\\/de\\\/\",\"logo\":{\"@type\":\"ImageObject\",\"inLanguage\":\"de\",\"@id\":\"https:\\\/\\\/prideshop.eu\\\/de\\\/#\\\/schema\\\/logo\\\/image\\\/\",\"url\":\"\",\"contentUrl\":\"\",\"caption\":\"PRIDEshop\"},\"image\":{\"@id\":\"https:\\\/\\\/prideshop.eu\\\/de\\\/#\\\/schema\\\/logo\\\/image\\\/\"},\"sameAs\":[\"https:\\\/\\\/sl-si.facebook.com\\\/PrideShopeu\"]}]}<\/script>\n<!-- \/ Yoast SEO plugin. -->","yoast_head_json":{"title":"Faszienrolle mit Massageeffekt Pride \u2013 MuscleReboot - PRIDEshop","description":"Faszienroller mit Massageeffekt, Pride ist ein hervorragendes Werkzeug, das eine schnellere Muskelregeneration unterst\u00fctzt. Mit seinem...","robots":{"index":"index","follow":"follow","max-snippet":"max-snippet:-1","max-image-preview":"max-image-preview:large","max-video-preview":"max-video-preview:-1"},"canonical":"https:\/\/prideshop.eu\/de\/shop\/equipment-de\/fitness-in-cross-trening-de\/fitness-accesories\/faszienroller-mit-massageeffekt-pride\/","og_locale":"de_DE","og_type":"article","og_title":"Faszienrolle mit Massageeffekt Pride \u2013 MuscleReboot - PRIDEshop","og_description":"Faszienroller mit Massageeffekt, Pride ist ein hervorragendes Werkzeug, das eine schnellere Muskelregeneration unterst\u00fctzt. Mit seinem...","og_url":"https:\/\/prideshop.eu\/de\/shop\/equipment-de\/fitness-in-cross-trening-de\/fitness-accesories\/faszienroller-mit-massageeffekt-pride\/","og_site_name":"PRIDEshop","article_publisher":"https:\/\/sl-si.facebook.com\/PrideShopeu","article_modified_time":"2025-08-04T08:58:25+00:00","og_image":[{"width":600,"height":600,"url":"https:\/\/prideshop.eu\/wp-content\/uploads\/2023\/05\/valj-za-vadbo-z-masaznim-ucinkom-pride-7085.jpeg","type":"image\/jpeg"}],"twitter_card":"summary_large_image","twitter_misc":{"Gesch\u00e4tzte Lesezeit":"1\u00a0Minute"},"schema":{"@context":"https:\/\/schema.org","@graph":[{"@type":"WebPage","@id":"https:\/\/prideshop.eu\/de\/shop\/equipment-de\/fitness-in-cross-trening-de\/fitness-accesories\/faszienroller-mit-massageeffekt-pride\/","url":"https:\/\/prideshop.eu\/de\/shop\/equipment-de\/fitness-in-cross-trening-de\/fitness-accesories\/faszienroller-mit-massageeffekt-pride\/","name":"Faszienrolle mit Massageeffekt Pride \u2013 MuscleReboot - PRIDEshop","isPartOf":{"@id":"https:\/\/prideshop.eu\/de\/#website"},"primaryImageOfPage":{"@id":"https:\/\/prideshop.eu\/de\/shop\/equipment-de\/fitness-in-cross-trening-de\/fitness-accesories\/faszienroller-mit-massageeffekt-pride\/#primaryimage"},"image":{"@id":"https:\/\/prideshop.eu\/de\/shop\/equipment-de\/fitness-in-cross-trening-de\/fitness-accesories\/faszienroller-mit-massageeffekt-pride\/#primaryimage"},"thumbnailUrl":"https:\/\/prideshop.eu\/wp-content\/uploads\/2023\/05\/valj-za-vadbo-z-masaznim-ucinkom-pride-7085.jpeg","datePublished":"2023-05-11T17:57:51+00:00","dateModified":"2025-08-04T08:58:25+00:00","description":"Faszienroller mit Massageeffekt, Pride ist ein hervorragendes Werkzeug, das eine schnellere Muskelregeneration unterst\u00fctzt. Mit seinem...","breadcrumb":{"@id":"https:\/\/prideshop.eu\/de\/shop\/equipment-de\/fitness-in-cross-trening-de\/fitness-accesories\/faszienroller-mit-massageeffekt-pride\/#breadcrumb"},"inLanguage":"de","potentialAction":[{"@type":"ReadAction","target":["https:\/\/prideshop.eu\/de\/shop\/equipment-de\/fitness-in-cross-trening-de\/fitness-accesories\/faszienroller-mit-massageeffekt-pride\/"]}]},{"@type":"ImageObject","inLanguage":"de","@id":"https:\/\/prideshop.eu\/de\/shop\/equipment-de\/fitness-in-cross-trening-de\/fitness-accesories\/faszienroller-mit-massageeffekt-pride\/#primaryimage","url":"https:\/\/prideshop.eu\/wp-content\/uploads\/2023\/05\/valj-za-vadbo-z-masaznim-ucinkom-pride-7085.jpeg","contentUrl":"https:\/\/prideshop.eu\/wp-content\/uploads\/2023\/05\/valj-za-vadbo-z-masaznim-ucinkom-pride-7085.jpeg","width":600,"height":600,"caption":"Faszienroller mit Massageeffekt Pride"},{"@type":"BreadcrumbList","@id":"https:\/\/prideshop.eu\/de\/shop\/equipment-de\/fitness-in-cross-trening-de\/fitness-accesories\/faszienroller-mit-massageeffekt-pride\/#breadcrumb","itemListElement":[{"@type":"ListItem","position":1,"name":"Home","item":"https:\/\/prideshop.eu\/de\/"},{"@type":"ListItem","position":2,"name":"Gesch\u00e4ft","item":"https:\/\/prideshop.eu\/de\/geschaeft\/"},{"@type":"ListItem","position":3,"name":"Faszienrolle mit Massageeffekt Pride \u2013 MuscleReboot"}]},{"@type":"WebSite","@id":"https:\/\/prideshop.eu\/de\/#website","url":"https:\/\/prideshop.eu\/de\/","name":"PRIDEshop","description":"Oprema za Borilne \u0160porte","publisher":{"@id":"https:\/\/prideshop.eu\/de\/#organization"},"potentialAction":[{"@type":"SearchAction","target":{"@type":"EntryPoint","urlTemplate":"https:\/\/prideshop.eu\/de\/?s={search_term_string}"},"query-input":{"@type":"PropertyValueSpecification","valueRequired":true,"valueName":"search_term_string"}}],"inLanguage":"de"},{"@type":"Organization","@id":"https:\/\/prideshop.eu\/de\/#organization","name":"PRIDEshop","url":"https:\/\/prideshop.eu\/de\/","logo":{"@type":"ImageObject","inLanguage":"de","@id":"https:\/\/prideshop.eu\/de\/#\/schema\/logo\/image\/","url":"","contentUrl":"","caption":"PRIDEshop"},"image":{"@id":"https:\/\/prideshop.eu\/de\/#\/schema\/logo\/image\/"},"sameAs":["https:\/\/sl-si.facebook.com\/PrideShopeu"]}]}},"_links":{"self":[{"href":"https:\/\/prideshop.eu\/de\/wp-json\/wp\/v2\/product\/44202","targetHints":{"allow":["GET"]}}],"collection":[{"href":"https:\/\/prideshop.eu\/de\/wp-json\/wp\/v2\/product"}],"about":[{"href":"https:\/\/prideshop.eu\/de\/wp-json\/wp\/v2\/types\/product"}],"replies":[{"embeddable":true,"href":"https:\/\/prideshop.eu\/de\/wp-json\/wp\/v2\/comments?post=44202"}],"wp:featuredmedia":[{"embeddable":true,"href":"https:\/\/prideshop.eu\/de\/wp-json\/wp\/v2\/media\/44199"}],"wp:attachment":[{"href":"https:\/\/prideshop.eu\/de\/wp-json\/wp\/v2\/media?parent=44202"}],"wp:term":[{"taxonomy":"product_brand","embeddable":true,"href":"https:\/\/prideshop.eu\/de\/wp-json\/wp\/v2\/product_brand?post=44202"},{"taxonomy":"product_cat","embeddable":true,"href":"https:\/\/prideshop.eu\/de\/wp-json\/wp\/v2\/product_cat?post=44202"},{"taxonomy":"product_tag","embeddable":true,"href":"https:\/\/prideshop.eu\/de\/wp-json\/wp\/v2\/product_tag?post=44202"}],"curies":[{"name":"wp","href":"https:\/\/api.w.org\/{rel}","templated":true}]}}