{"id":44228,"date":"2023-05-11T20:32:07","date_gmt":"2023-05-11T18:32:07","guid":{"rendered":"https:\/\/prideshop.eu\/spletna-trgovina\/unkategorisiert\/elastischen-bander-fur-pilates-pride\/"},"modified":"2025-08-04T10:58:34","modified_gmt":"2025-08-04T08:58:34","slug":"elastischen-bander-fur-pilates-pride","status":"publish","type":"product","link":"https:\/\/prideshop.eu\/de\/shop\/equipment-de\/fitness-in-cross-trening-de\/fitness-accesories\/elastischen-bander-fur-pilates-pride\/","title":{"rendered":"Pilatesband Pride \u2013 PilaBend"},"content":{"rendered":"<h3>Pilatesband Pride \u2013 PilaBend<\/h3>\n<p>Elastischen B\u00e4nder f\u00fcr Pilates, Pride sind als praktisches Set mit drei Widerstandsb\u00e4ndern erh\u00e4ltlich, einschlie\u00dflich leichtem, mittlerem und schwerem Widerstand. Sie sind ein ausgezeichnetes Werkzeug zum Dehnen, Formen und St\u00e4rken von Bauchmuskeln, Armen, Beinen und R\u00fccken. Diese B\u00e4nder sind mit verschiedenen Widerstandsstufen konzipiert, um die Trainingsintensit\u00e4t entsprechend Ihren Bed\u00fcrfnissen und Fortschritten anzupassen. Die Verwendung der \u00dcbungsb\u00e4nder ist einfach, da Sie sie problemlos in verschiedene \u00dcbungen wie Dr\u00fccken, Ziehen, Dehnen und mehr einbinden k\u00f6nnen. Egal, ob Sie Anf\u00e4nger oder erfahrener Athlet sind, diese Widerstandsb\u00e4nder bieten ein effektives Training, das zur Verbesserung von Kraft, Flexibilit\u00e4t und Muskeltonus beitr\u00e4gt.<\/p>\n","protected":false},"excerpt":{"rendered":"<p>Elastischen B\u00e4nder f\u00fcr Pilates, Pride sind als praktisches Set mit drei Widerstandsb\u00e4ndern erh\u00e4ltlich, einschlie\u00dflich leichtem, mittlerem und schwerem Widerstand. Sie sind ein ausgezeichnetes Werkzeug zum Dehnen, Formen und St\u00e4rken von Bauchmuskeln, Armen, Beinen und R\u00fccken. Diese B\u00e4nder sind mit verschiedenen Widerstandsstufen konzipiert, um die Trainingsintensit\u00e4t entsprechend Ihren Bed\u00fcrfnissen und Fortschritten anzupassen. Die Verwendung der \u00dcbungsb\u00e4nder ist einfach, da Sie sie problemlos in verschiedene \u00dcbungen wie Dr\u00fccken, Ziehen, Dehnen und mehr einbinden k\u00f6nnen. Egal, ob Sie Anf\u00e4nger oder erfahrener Athlet sind, diese Widerstandsb\u00e4nder bieten ein effektives Training, das zur Verbesserung von Kraft, Flexibilit\u00e4t und Muskeltonus beitr\u00e4gt.<\/p>\n","protected":false},"featured_media":44206,"comment_status":"open","ping_status":"closed","template":"","meta":{"_acf_changed":false},"product_brand":[2086],"product_cat":[580,596,590],"product_tag":[],"class_list":{"0":"post-44228","1":"product","2":"type-product","3":"status-publish","4":"has-post-thumbnail","6":"product_brand-pride","7":"product_cat-equipment-de","8":"product_cat-fitness-accesories","9":"product_cat-fitness-in-cross-trening-de","11":"first","12":"instock","13":"taxable","14":"shipping-taxable","15":"purchasable","16":"product-type-simple"},"acf":[],"yoast_head":"<!-- This site is optimized with the Yoast SEO plugin v27.5 - https:\/\/yoast.com\/product\/yoast-seo-wordpress\/ -->\n<title>Pilatesband Pride \u2013 PilaBend - PRIDEshop<\/title>\n<meta name=\"description\" content=\"Elastischen B\u00e4nder f\u00fcr Pilates, Pride sind als praktisches Set mit drei Widerstandsb\u00e4ndern erh\u00e4ltlich, einschlie\u00dflich leichtem, mittlerem und schwerem...\" \/>\n<meta name=\"robots\" content=\"index, follow, max-snippet:-1, max-image-preview:large, max-video-preview:-1\" \/>\n<link rel=\"canonical\" href=\"https:\/\/prideshop.eu\/de\/shop\/equipment-de\/fitness-in-cross-trening-de\/fitness-accesories\/elastischen-bander-fur-pilates-pride\/\" \/>\n<meta property=\"og:locale\" content=\"de_DE\" \/>\n<meta property=\"og:type\" content=\"article\" \/>\n<meta property=\"og:title\" content=\"Pilatesband Pride \u2013 PilaBend - PRIDEshop\" \/>\n<meta property=\"og:description\" content=\"Elastischen B\u00e4nder f\u00fcr Pilates, Pride sind als praktisches Set mit drei Widerstandsb\u00e4ndern erh\u00e4ltlich, einschlie\u00dflich leichtem, mittlerem und schwerem...\" \/>\n<meta property=\"og:url\" content=\"https:\/\/prideshop.eu\/de\/shop\/equipment-de\/fitness-in-cross-trening-de\/fitness-accesories\/elastischen-bander-fur-pilates-pride\/\" \/>\n<meta property=\"og:site_name\" content=\"PRIDEshop\" \/>\n<meta property=\"article:publisher\" content=\"https:\/\/sl-si.facebook.com\/PrideShopeu\" \/>\n<meta property=\"article:modified_time\" content=\"2025-08-04T08:58:34+00:00\" \/>\n<meta property=\"og:image\" content=\"https:\/\/prideshop.eu\/wp-content\/uploads\/2023\/05\/elasticni-trakovi-za-pilates-pride-7182.jpeg\" \/>\n\t<meta property=\"og:image:width\" content=\"600\" \/>\n\t<meta property=\"og:image:height\" content=\"600\" \/>\n\t<meta property=\"og:image:type\" content=\"image\/jpeg\" \/>\n<meta name=\"twitter:card\" content=\"summary_large_image\" \/>\n<meta name=\"twitter:label1\" content=\"Gesch\u00e4tzte Lesezeit\" \/>\n\t<meta name=\"twitter:data1\" content=\"1\u00a0Minute\" \/>\n<script type=\"application\/ld+json\" class=\"yoast-schema-graph\">{\"@context\":\"https:\\\/\\\/schema.org\",\"@graph\":[{\"@type\":\"WebPage\",\"@id\":\"https:\\\/\\\/prideshop.eu\\\/de\\\/shop\\\/equipment-de\\\/fitness-in-cross-trening-de\\\/fitness-accesories\\\/elastischen-bander-fur-pilates-pride\\\/\",\"url\":\"https:\\\/\\\/prideshop.eu\\\/de\\\/shop\\\/equipment-de\\\/fitness-in-cross-trening-de\\\/fitness-accesories\\\/elastischen-bander-fur-pilates-pride\\\/\",\"name\":\"Pilatesband Pride \u2013 PilaBend - PRIDEshop\",\"isPartOf\":{\"@id\":\"https:\\\/\\\/prideshop.eu\\\/de\\\/#website\"},\"primaryImageOfPage\":{\"@id\":\"https:\\\/\\\/prideshop.eu\\\/de\\\/shop\\\/equipment-de\\\/fitness-in-cross-trening-de\\\/fitness-accesories\\\/elastischen-bander-fur-pilates-pride\\\/#primaryimage\"},\"image\":{\"@id\":\"https:\\\/\\\/prideshop.eu\\\/de\\\/shop\\\/equipment-de\\\/fitness-in-cross-trening-de\\\/fitness-accesories\\\/elastischen-bander-fur-pilates-pride\\\/#primaryimage\"},\"thumbnailUrl\":\"https:\\\/\\\/prideshop.eu\\\/wp-content\\\/uploads\\\/2023\\\/05\\\/elasticni-trakovi-za-pilates-pride-7182.jpeg\",\"datePublished\":\"2023-05-11T18:32:07+00:00\",\"dateModified\":\"2025-08-04T08:58:34+00:00\",\"description\":\"Elastischen B\u00e4nder f\u00fcr Pilates, Pride sind als praktisches Set mit drei Widerstandsb\u00e4ndern erh\u00e4ltlich, einschlie\u00dflich leichtem, mittlerem und schwerem...\",\"breadcrumb\":{\"@id\":\"https:\\\/\\\/prideshop.eu\\\/de\\\/shop\\\/equipment-de\\\/fitness-in-cross-trening-de\\\/fitness-accesories\\\/elastischen-bander-fur-pilates-pride\\\/#breadcrumb\"},\"inLanguage\":\"de\",\"potentialAction\":[{\"@type\":\"ReadAction\",\"target\":[\"https:\\\/\\\/prideshop.eu\\\/de\\\/shop\\\/equipment-de\\\/fitness-in-cross-trening-de\\\/fitness-accesories\\\/elastischen-bander-fur-pilates-pride\\\/\"]}]},{\"@type\":\"ImageObject\",\"inLanguage\":\"de\",\"@id\":\"https:\\\/\\\/prideshop.eu\\\/de\\\/shop\\\/equipment-de\\\/fitness-in-cross-trening-de\\\/fitness-accesories\\\/elastischen-bander-fur-pilates-pride\\\/#primaryimage\",\"url\":\"https:\\\/\\\/prideshop.eu\\\/wp-content\\\/uploads\\\/2023\\\/05\\\/elasticni-trakovi-za-pilates-pride-7182.jpeg\",\"contentUrl\":\"https:\\\/\\\/prideshop.eu\\\/wp-content\\\/uploads\\\/2023\\\/05\\\/elasticni-trakovi-za-pilates-pride-7182.jpeg\",\"width\":600,\"height\":600,\"caption\":\"Elastischen B\u00e4nder f\u00fcr Pilates Pride\"},{\"@type\":\"BreadcrumbList\",\"@id\":\"https:\\\/\\\/prideshop.eu\\\/de\\\/shop\\\/equipment-de\\\/fitness-in-cross-trening-de\\\/fitness-accesories\\\/elastischen-bander-fur-pilates-pride\\\/#breadcrumb\",\"itemListElement\":[{\"@type\":\"ListItem\",\"position\":1,\"name\":\"Home\",\"item\":\"https:\\\/\\\/prideshop.eu\\\/de\\\/\"},{\"@type\":\"ListItem\",\"position\":2,\"name\":\"Gesch\u00e4ft\",\"item\":\"https:\\\/\\\/prideshop.eu\\\/de\\\/geschaeft\\\/\"},{\"@type\":\"ListItem\",\"position\":3,\"name\":\"Pilatesband Pride \u2013 PilaBend\"}]},{\"@type\":\"WebSite\",\"@id\":\"https:\\\/\\\/prideshop.eu\\\/de\\\/#website\",\"url\":\"https:\\\/\\\/prideshop.eu\\\/de\\\/\",\"name\":\"PRIDEshop\",\"description\":\"Oprema za Borilne \u0160porte\",\"publisher\":{\"@id\":\"https:\\\/\\\/prideshop.eu\\\/de\\\/#organization\"},\"potentialAction\":[{\"@type\":\"SearchAction\",\"target\":{\"@type\":\"EntryPoint\",\"urlTemplate\":\"https:\\\/\\\/prideshop.eu\\\/de\\\/?s={search_term_string}\"},\"query-input\":{\"@type\":\"PropertyValueSpecification\",\"valueRequired\":true,\"valueName\":\"search_term_string\"}}],\"inLanguage\":\"de\"},{\"@type\":\"Organization\",\"@id\":\"https:\\\/\\\/prideshop.eu\\\/de\\\/#organization\",\"name\":\"PRIDEshop\",\"url\":\"https:\\\/\\\/prideshop.eu\\\/de\\\/\",\"logo\":{\"@type\":\"ImageObject\",\"inLanguage\":\"de\",\"@id\":\"https:\\\/\\\/prideshop.eu\\\/de\\\/#\\\/schema\\\/logo\\\/image\\\/\",\"url\":\"\",\"contentUrl\":\"\",\"caption\":\"PRIDEshop\"},\"image\":{\"@id\":\"https:\\\/\\\/prideshop.eu\\\/de\\\/#\\\/schema\\\/logo\\\/image\\\/\"},\"sameAs\":[\"https:\\\/\\\/sl-si.facebook.com\\\/PrideShopeu\"]}]}<\/script>\n<!-- \/ Yoast SEO plugin. -->","yoast_head_json":{"title":"Pilatesband Pride \u2013 PilaBend - PRIDEshop","description":"Elastischen B\u00e4nder f\u00fcr Pilates, Pride sind als praktisches Set mit drei Widerstandsb\u00e4ndern erh\u00e4ltlich, einschlie\u00dflich leichtem, mittlerem und schwerem...","robots":{"index":"index","follow":"follow","max-snippet":"max-snippet:-1","max-image-preview":"max-image-preview:large","max-video-preview":"max-video-preview:-1"},"canonical":"https:\/\/prideshop.eu\/de\/shop\/equipment-de\/fitness-in-cross-trening-de\/fitness-accesories\/elastischen-bander-fur-pilates-pride\/","og_locale":"de_DE","og_type":"article","og_title":"Pilatesband Pride \u2013 PilaBend - PRIDEshop","og_description":"Elastischen B\u00e4nder f\u00fcr Pilates, Pride sind als praktisches Set mit drei Widerstandsb\u00e4ndern erh\u00e4ltlich, einschlie\u00dflich leichtem, mittlerem und schwerem...","og_url":"https:\/\/prideshop.eu\/de\/shop\/equipment-de\/fitness-in-cross-trening-de\/fitness-accesories\/elastischen-bander-fur-pilates-pride\/","og_site_name":"PRIDEshop","article_publisher":"https:\/\/sl-si.facebook.com\/PrideShopeu","article_modified_time":"2025-08-04T08:58:34+00:00","og_image":[{"width":600,"height":600,"url":"https:\/\/prideshop.eu\/wp-content\/uploads\/2023\/05\/elasticni-trakovi-za-pilates-pride-7182.jpeg","type":"image\/jpeg"}],"twitter_card":"summary_large_image","twitter_misc":{"Gesch\u00e4tzte Lesezeit":"1\u00a0Minute"},"schema":{"@context":"https:\/\/schema.org","@graph":[{"@type":"WebPage","@id":"https:\/\/prideshop.eu\/de\/shop\/equipment-de\/fitness-in-cross-trening-de\/fitness-accesories\/elastischen-bander-fur-pilates-pride\/","url":"https:\/\/prideshop.eu\/de\/shop\/equipment-de\/fitness-in-cross-trening-de\/fitness-accesories\/elastischen-bander-fur-pilates-pride\/","name":"Pilatesband Pride \u2013 PilaBend - PRIDEshop","isPartOf":{"@id":"https:\/\/prideshop.eu\/de\/#website"},"primaryImageOfPage":{"@id":"https:\/\/prideshop.eu\/de\/shop\/equipment-de\/fitness-in-cross-trening-de\/fitness-accesories\/elastischen-bander-fur-pilates-pride\/#primaryimage"},"image":{"@id":"https:\/\/prideshop.eu\/de\/shop\/equipment-de\/fitness-in-cross-trening-de\/fitness-accesories\/elastischen-bander-fur-pilates-pride\/#primaryimage"},"thumbnailUrl":"https:\/\/prideshop.eu\/wp-content\/uploads\/2023\/05\/elasticni-trakovi-za-pilates-pride-7182.jpeg","datePublished":"2023-05-11T18:32:07+00:00","dateModified":"2025-08-04T08:58:34+00:00","description":"Elastischen B\u00e4nder f\u00fcr Pilates, Pride sind als praktisches Set mit drei Widerstandsb\u00e4ndern erh\u00e4ltlich, einschlie\u00dflich leichtem, mittlerem und schwerem...","breadcrumb":{"@id":"https:\/\/prideshop.eu\/de\/shop\/equipment-de\/fitness-in-cross-trening-de\/fitness-accesories\/elastischen-bander-fur-pilates-pride\/#breadcrumb"},"inLanguage":"de","potentialAction":[{"@type":"ReadAction","target":["https:\/\/prideshop.eu\/de\/shop\/equipment-de\/fitness-in-cross-trening-de\/fitness-accesories\/elastischen-bander-fur-pilates-pride\/"]}]},{"@type":"ImageObject","inLanguage":"de","@id":"https:\/\/prideshop.eu\/de\/shop\/equipment-de\/fitness-in-cross-trening-de\/fitness-accesories\/elastischen-bander-fur-pilates-pride\/#primaryimage","url":"https:\/\/prideshop.eu\/wp-content\/uploads\/2023\/05\/elasticni-trakovi-za-pilates-pride-7182.jpeg","contentUrl":"https:\/\/prideshop.eu\/wp-content\/uploads\/2023\/05\/elasticni-trakovi-za-pilates-pride-7182.jpeg","width":600,"height":600,"caption":"Elastischen B\u00e4nder f\u00fcr Pilates Pride"},{"@type":"BreadcrumbList","@id":"https:\/\/prideshop.eu\/de\/shop\/equipment-de\/fitness-in-cross-trening-de\/fitness-accesories\/elastischen-bander-fur-pilates-pride\/#breadcrumb","itemListElement":[{"@type":"ListItem","position":1,"name":"Home","item":"https:\/\/prideshop.eu\/de\/"},{"@type":"ListItem","position":2,"name":"Gesch\u00e4ft","item":"https:\/\/prideshop.eu\/de\/geschaeft\/"},{"@type":"ListItem","position":3,"name":"Pilatesband Pride \u2013 PilaBend"}]},{"@type":"WebSite","@id":"https:\/\/prideshop.eu\/de\/#website","url":"https:\/\/prideshop.eu\/de\/","name":"PRIDEshop","description":"Oprema za Borilne \u0160porte","publisher":{"@id":"https:\/\/prideshop.eu\/de\/#organization"},"potentialAction":[{"@type":"SearchAction","target":{"@type":"EntryPoint","urlTemplate":"https:\/\/prideshop.eu\/de\/?s={search_term_string}"},"query-input":{"@type":"PropertyValueSpecification","valueRequired":true,"valueName":"search_term_string"}}],"inLanguage":"de"},{"@type":"Organization","@id":"https:\/\/prideshop.eu\/de\/#organization","name":"PRIDEshop","url":"https:\/\/prideshop.eu\/de\/","logo":{"@type":"ImageObject","inLanguage":"de","@id":"https:\/\/prideshop.eu\/de\/#\/schema\/logo\/image\/","url":"","contentUrl":"","caption":"PRIDEshop"},"image":{"@id":"https:\/\/prideshop.eu\/de\/#\/schema\/logo\/image\/"},"sameAs":["https:\/\/sl-si.facebook.com\/PrideShopeu"]}]}},"_links":{"self":[{"href":"https:\/\/prideshop.eu\/de\/wp-json\/wp\/v2\/product\/44228","targetHints":{"allow":["GET"]}}],"collection":[{"href":"https:\/\/prideshop.eu\/de\/wp-json\/wp\/v2\/product"}],"about":[{"href":"https:\/\/prideshop.eu\/de\/wp-json\/wp\/v2\/types\/product"}],"replies":[{"embeddable":true,"href":"https:\/\/prideshop.eu\/de\/wp-json\/wp\/v2\/comments?post=44228"}],"wp:featuredmedia":[{"embeddable":true,"href":"https:\/\/prideshop.eu\/de\/wp-json\/wp\/v2\/media\/44206"}],"wp:attachment":[{"href":"https:\/\/prideshop.eu\/de\/wp-json\/wp\/v2\/media?parent=44228"}],"wp:term":[{"taxonomy":"product_brand","embeddable":true,"href":"https:\/\/prideshop.eu\/de\/wp-json\/wp\/v2\/product_brand?post=44228"},{"taxonomy":"product_cat","embeddable":true,"href":"https:\/\/prideshop.eu\/de\/wp-json\/wp\/v2\/product_cat?post=44228"},{"taxonomy":"product_tag","embeddable":true,"href":"https:\/\/prideshop.eu\/de\/wp-json\/wp\/v2\/product_tag?post=44228"}],"curies":[{"name":"wp","href":"https:\/\/api.w.org\/{rel}","templated":true}]}}