{"id":44242,"date":"2023-05-14T10:50:43","date_gmt":"2023-05-14T08:50:43","guid":{"rendered":"https:\/\/prideshop.eu\/spletna-trgovina\/unkategorisiert\/sportrucksack-adidas\/"},"modified":"2025-08-04T11:07:09","modified_gmt":"2025-08-04T09:07:09","slug":"sportrucksack-combat-sports-adidas","status":"publish","type":"product","link":"https:\/\/prideshop.eu\/de\/shop\/equipment-de\/sporttaschen\/sportrucksack-combat-sports-adidas\/","title":{"rendered":"Sport-Rucksack Adidas \u2013 Combat Sports"},"content":{"rendered":"<h3>Sport-Rucksack Adidas \u2013 Combat Sports<\/h3>\n<p>Sportrucksack Combat Sports Adidas ist ein attraktiver Rucksack, der speziell f\u00fcr den Transport von Sportausr\u00fcstung entwickelt wurde und Ihnen ein bequemes und organisiertes Tragen Ihrer Gegenst\u00e4nde erm\u00f6glicht. Er besteht aus strapazierf\u00e4higem Material, das eine lange Lebensdauer und Haltbarkeit gew\u00e4hrleistet. Er ist mit verst\u00e4rkten verstellbaren Gurten ausgestattet, die eine Anpassung entsprechend Ihren Vorlieben erm\u00f6glichen. Dar\u00fcber hinaus verf\u00fcgt er \u00fcber zwei Seitentaschen, in denen Sie kleinere Gegenst\u00e4nde wie Schl\u00fcssel, Telefon oder Wasserflasche aufbewahren k\u00f6nnen. Mit einem starken und strapazierf\u00e4higen Rei\u00dfverschluss wird Ihre Ausr\u00fcstung sicher aufbewahrt. Er ist in drei verschiedenen Gr\u00f6\u00dfen erh\u00e4ltlich, sodass Sie diejenige ausw\u00e4hlen k\u00f6nnen, die Ihren Bed\u00fcrfnissen entspricht.nnGr\u00f6\u00dfe: S (45x28x17), M (50x31x20), L (57x33x23)<\/p>\n","protected":false},"excerpt":{"rendered":"<p>Sportrucksack Combat Sports Adidas ist ein attraktiver Rucksack, der speziell f\u00fcr den Transport von Sportausr\u00fcstung entwickelt wurde und Ihnen ein bequemes und organisiertes Tragen Ihrer Gegenst\u00e4nde erm\u00f6glicht. Er besteht aus strapazierf\u00e4higem Material, das eine lange Lebensdauer und Haltbarkeit gew\u00e4hrleistet. Er ist mit verst\u00e4rkten verstellbaren Gurten ausgestattet, die eine Anpassung entsprechend Ihren Vorlieben erm\u00f6glichen. Dar\u00fcber hinaus verf\u00fcgt er \u00fcber zwei Seitentaschen, in denen Sie kleinere Gegenst\u00e4nde wie Schl\u00fcssel, Telefon oder Wasserflasche aufbewahren k\u00f6nnen. Mit einem starken und strapazierf\u00e4higen Rei\u00dfverschluss wird Ihre Ausr\u00fcstung sicher aufbewahrt. Er ist in drei verschiedenen Gr\u00f6\u00dfen erh\u00e4ltlich, sodass Sie diejenige ausw\u00e4hlen k\u00f6nnen, die Ihren Bed\u00fcrfnissen entspricht.nnGr\u00f6\u00dfe: S (45x28x17), M (50x31x20), L (57x33x23)<\/p>\n","protected":false},"featured_media":44933,"comment_status":"open","ping_status":"closed","template":"","meta":{"_acf_changed":false},"product_brand":[2084],"product_cat":[580,654],"product_tag":[],"class_list":{"0":"post-44242","1":"product","2":"type-product","3":"status-publish","4":"has-post-thumbnail","6":"product_brand-adidas","7":"product_cat-equipment-de","8":"product_cat-sporttaschen","10":"first","11":"instock","12":"taxable","13":"shipping-taxable","14":"purchasable","15":"product-type-variable"},"acf":[],"yoast_head":"<!-- This site is optimized with the Yoast SEO plugin v27.4 - https:\/\/yoast.com\/product\/yoast-seo-wordpress\/ -->\n<title>Sport-Rucksack Adidas \u2013 Combat Sports - PRIDEshop<\/title>\n<meta name=\"description\" content=\"Sportrucksack Adidas ist ein attraktiver Rucksack, der speziell f\u00fcr den Transport von Sportausr\u00fcstung entwickelt wurde und Ihnen ein bequemes und...\" \/>\n<meta name=\"robots\" content=\"index, follow, max-snippet:-1, max-image-preview:large, max-video-preview:-1\" \/>\n<link rel=\"canonical\" href=\"https:\/\/prideshop.eu\/de\/shop\/equipment-de\/sporttaschen\/sportrucksack-combat-sports-adidas\/\" \/>\n<meta property=\"og:locale\" content=\"de_DE\" \/>\n<meta property=\"og:type\" content=\"article\" \/>\n<meta property=\"og:title\" content=\"Sport-Rucksack Adidas \u2013 Combat Sports - PRIDEshop\" \/>\n<meta property=\"og:description\" content=\"Sportrucksack Adidas ist ein attraktiver Rucksack, der speziell f\u00fcr den Transport von Sportausr\u00fcstung entwickelt wurde und Ihnen ein bequemes und...\" \/>\n<meta property=\"og:url\" content=\"https:\/\/prideshop.eu\/de\/shop\/equipment-de\/sporttaschen\/sportrucksack-combat-sports-adidas\/\" \/>\n<meta property=\"og:site_name\" content=\"PRIDEshop\" \/>\n<meta property=\"article:publisher\" content=\"https:\/\/sl-si.facebook.com\/PrideShopeu\" \/>\n<meta property=\"article:modified_time\" content=\"2025-08-04T09:07:09+00:00\" \/>\n<meta property=\"og:image\" content=\"https:\/\/prideshop.eu\/wp-content\/uploads\/2023\/05\/sportni-nahrbtnik-combat-sports-adidas-a692c.jpg\" \/>\n\t<meta property=\"og:image:width\" content=\"600\" \/>\n\t<meta property=\"og:image:height\" content=\"600\" \/>\n\t<meta property=\"og:image:type\" content=\"image\/jpeg\" \/>\n<meta name=\"twitter:card\" content=\"summary_large_image\" \/>\n<meta name=\"twitter:label1\" content=\"Gesch\u00e4tzte Lesezeit\" \/>\n\t<meta name=\"twitter:data1\" content=\"1\u00a0Minute\" \/>\n<script type=\"application\/ld+json\" class=\"yoast-schema-graph\">{\"@context\":\"https:\\\/\\\/schema.org\",\"@graph\":[{\"@type\":\"WebPage\",\"@id\":\"https:\\\/\\\/prideshop.eu\\\/de\\\/shop\\\/equipment-de\\\/sporttaschen\\\/sportrucksack-combat-sports-adidas\\\/\",\"url\":\"https:\\\/\\\/prideshop.eu\\\/de\\\/shop\\\/equipment-de\\\/sporttaschen\\\/sportrucksack-combat-sports-adidas\\\/\",\"name\":\"Sport-Rucksack Adidas \u2013 Combat Sports - PRIDEshop\",\"isPartOf\":{\"@id\":\"https:\\\/\\\/prideshop.eu\\\/de\\\/#website\"},\"primaryImageOfPage\":{\"@id\":\"https:\\\/\\\/prideshop.eu\\\/de\\\/shop\\\/equipment-de\\\/sporttaschen\\\/sportrucksack-combat-sports-adidas\\\/#primaryimage\"},\"image\":{\"@id\":\"https:\\\/\\\/prideshop.eu\\\/de\\\/shop\\\/equipment-de\\\/sporttaschen\\\/sportrucksack-combat-sports-adidas\\\/#primaryimage\"},\"thumbnailUrl\":\"https:\\\/\\\/prideshop.eu\\\/wp-content\\\/uploads\\\/2023\\\/05\\\/sportni-nahrbtnik-combat-sports-adidas-a692c.jpg\",\"datePublished\":\"2023-05-14T08:50:43+00:00\",\"dateModified\":\"2025-08-04T09:07:09+00:00\",\"description\":\"Sportrucksack Adidas ist ein attraktiver Rucksack, der speziell f\u00fcr den Transport von Sportausr\u00fcstung entwickelt wurde und Ihnen ein bequemes und...\",\"breadcrumb\":{\"@id\":\"https:\\\/\\\/prideshop.eu\\\/de\\\/shop\\\/equipment-de\\\/sporttaschen\\\/sportrucksack-combat-sports-adidas\\\/#breadcrumb\"},\"inLanguage\":\"de\",\"potentialAction\":[{\"@type\":\"ReadAction\",\"target\":[\"https:\\\/\\\/prideshop.eu\\\/de\\\/shop\\\/equipment-de\\\/sporttaschen\\\/sportrucksack-combat-sports-adidas\\\/\"]}]},{\"@type\":\"ImageObject\",\"inLanguage\":\"de\",\"@id\":\"https:\\\/\\\/prideshop.eu\\\/de\\\/shop\\\/equipment-de\\\/sporttaschen\\\/sportrucksack-combat-sports-adidas\\\/#primaryimage\",\"url\":\"https:\\\/\\\/prideshop.eu\\\/wp-content\\\/uploads\\\/2023\\\/05\\\/sportni-nahrbtnik-combat-sports-adidas-a692c.jpg\",\"contentUrl\":\"https:\\\/\\\/prideshop.eu\\\/wp-content\\\/uploads\\\/2023\\\/05\\\/sportni-nahrbtnik-combat-sports-adidas-a692c.jpg\",\"width\":600,\"height\":600,\"caption\":\"\u0160portni nahrbtnik Combat Sports Adidas\"},{\"@type\":\"BreadcrumbList\",\"@id\":\"https:\\\/\\\/prideshop.eu\\\/de\\\/shop\\\/equipment-de\\\/sporttaschen\\\/sportrucksack-combat-sports-adidas\\\/#breadcrumb\",\"itemListElement\":[{\"@type\":\"ListItem\",\"position\":1,\"name\":\"Home\",\"item\":\"https:\\\/\\\/prideshop.eu\\\/de\\\/\"},{\"@type\":\"ListItem\",\"position\":2,\"name\":\"Gesch\u00e4ft\",\"item\":\"https:\\\/\\\/prideshop.eu\\\/de\\\/geschaeft\\\/\"},{\"@type\":\"ListItem\",\"position\":3,\"name\":\"Sport-Rucksack Adidas \u2013 Combat Sports\"}]},{\"@type\":\"WebSite\",\"@id\":\"https:\\\/\\\/prideshop.eu\\\/de\\\/#website\",\"url\":\"https:\\\/\\\/prideshop.eu\\\/de\\\/\",\"name\":\"PRIDEshop\",\"description\":\"Oprema za Borilne \u0160porte\",\"publisher\":{\"@id\":\"https:\\\/\\\/prideshop.eu\\\/de\\\/#organization\"},\"potentialAction\":[{\"@type\":\"SearchAction\",\"target\":{\"@type\":\"EntryPoint\",\"urlTemplate\":\"https:\\\/\\\/prideshop.eu\\\/de\\\/?s={search_term_string}\"},\"query-input\":{\"@type\":\"PropertyValueSpecification\",\"valueRequired\":true,\"valueName\":\"search_term_string\"}}],\"inLanguage\":\"de\"},{\"@type\":\"Organization\",\"@id\":\"https:\\\/\\\/prideshop.eu\\\/de\\\/#organization\",\"name\":\"PRIDEshop\",\"url\":\"https:\\\/\\\/prideshop.eu\\\/de\\\/\",\"logo\":{\"@type\":\"ImageObject\",\"inLanguage\":\"de\",\"@id\":\"https:\\\/\\\/prideshop.eu\\\/de\\\/#\\\/schema\\\/logo\\\/image\\\/\",\"url\":\"\",\"contentUrl\":\"\",\"caption\":\"PRIDEshop\"},\"image\":{\"@id\":\"https:\\\/\\\/prideshop.eu\\\/de\\\/#\\\/schema\\\/logo\\\/image\\\/\"},\"sameAs\":[\"https:\\\/\\\/sl-si.facebook.com\\\/PrideShopeu\"]}]}<\/script>\n<!-- \/ Yoast SEO plugin. -->","yoast_head_json":{"title":"Sport-Rucksack Adidas \u2013 Combat Sports - PRIDEshop","description":"Sportrucksack Adidas ist ein attraktiver Rucksack, der speziell f\u00fcr den Transport von Sportausr\u00fcstung entwickelt wurde und Ihnen ein bequemes und...","robots":{"index":"index","follow":"follow","max-snippet":"max-snippet:-1","max-image-preview":"max-image-preview:large","max-video-preview":"max-video-preview:-1"},"canonical":"https:\/\/prideshop.eu\/de\/shop\/equipment-de\/sporttaschen\/sportrucksack-combat-sports-adidas\/","og_locale":"de_DE","og_type":"article","og_title":"Sport-Rucksack Adidas \u2013 Combat Sports - PRIDEshop","og_description":"Sportrucksack Adidas ist ein attraktiver Rucksack, der speziell f\u00fcr den Transport von Sportausr\u00fcstung entwickelt wurde und Ihnen ein bequemes und...","og_url":"https:\/\/prideshop.eu\/de\/shop\/equipment-de\/sporttaschen\/sportrucksack-combat-sports-adidas\/","og_site_name":"PRIDEshop","article_publisher":"https:\/\/sl-si.facebook.com\/PrideShopeu","article_modified_time":"2025-08-04T09:07:09+00:00","og_image":[{"width":600,"height":600,"url":"https:\/\/prideshop.eu\/wp-content\/uploads\/2023\/05\/sportni-nahrbtnik-combat-sports-adidas-a692c.jpg","type":"image\/jpeg"}],"twitter_card":"summary_large_image","twitter_misc":{"Gesch\u00e4tzte Lesezeit":"1\u00a0Minute"},"schema":{"@context":"https:\/\/schema.org","@graph":[{"@type":"WebPage","@id":"https:\/\/prideshop.eu\/de\/shop\/equipment-de\/sporttaschen\/sportrucksack-combat-sports-adidas\/","url":"https:\/\/prideshop.eu\/de\/shop\/equipment-de\/sporttaschen\/sportrucksack-combat-sports-adidas\/","name":"Sport-Rucksack Adidas \u2013 Combat Sports - PRIDEshop","isPartOf":{"@id":"https:\/\/prideshop.eu\/de\/#website"},"primaryImageOfPage":{"@id":"https:\/\/prideshop.eu\/de\/shop\/equipment-de\/sporttaschen\/sportrucksack-combat-sports-adidas\/#primaryimage"},"image":{"@id":"https:\/\/prideshop.eu\/de\/shop\/equipment-de\/sporttaschen\/sportrucksack-combat-sports-adidas\/#primaryimage"},"thumbnailUrl":"https:\/\/prideshop.eu\/wp-content\/uploads\/2023\/05\/sportni-nahrbtnik-combat-sports-adidas-a692c.jpg","datePublished":"2023-05-14T08:50:43+00:00","dateModified":"2025-08-04T09:07:09+00:00","description":"Sportrucksack Adidas ist ein attraktiver Rucksack, der speziell f\u00fcr den Transport von Sportausr\u00fcstung entwickelt wurde und Ihnen ein bequemes und...","breadcrumb":{"@id":"https:\/\/prideshop.eu\/de\/shop\/equipment-de\/sporttaschen\/sportrucksack-combat-sports-adidas\/#breadcrumb"},"inLanguage":"de","potentialAction":[{"@type":"ReadAction","target":["https:\/\/prideshop.eu\/de\/shop\/equipment-de\/sporttaschen\/sportrucksack-combat-sports-adidas\/"]}]},{"@type":"ImageObject","inLanguage":"de","@id":"https:\/\/prideshop.eu\/de\/shop\/equipment-de\/sporttaschen\/sportrucksack-combat-sports-adidas\/#primaryimage","url":"https:\/\/prideshop.eu\/wp-content\/uploads\/2023\/05\/sportni-nahrbtnik-combat-sports-adidas-a692c.jpg","contentUrl":"https:\/\/prideshop.eu\/wp-content\/uploads\/2023\/05\/sportni-nahrbtnik-combat-sports-adidas-a692c.jpg","width":600,"height":600,"caption":"\u0160portni nahrbtnik Combat Sports Adidas"},{"@type":"BreadcrumbList","@id":"https:\/\/prideshop.eu\/de\/shop\/equipment-de\/sporttaschen\/sportrucksack-combat-sports-adidas\/#breadcrumb","itemListElement":[{"@type":"ListItem","position":1,"name":"Home","item":"https:\/\/prideshop.eu\/de\/"},{"@type":"ListItem","position":2,"name":"Gesch\u00e4ft","item":"https:\/\/prideshop.eu\/de\/geschaeft\/"},{"@type":"ListItem","position":3,"name":"Sport-Rucksack Adidas \u2013 Combat Sports"}]},{"@type":"WebSite","@id":"https:\/\/prideshop.eu\/de\/#website","url":"https:\/\/prideshop.eu\/de\/","name":"PRIDEshop","description":"Oprema za Borilne \u0160porte","publisher":{"@id":"https:\/\/prideshop.eu\/de\/#organization"},"potentialAction":[{"@type":"SearchAction","target":{"@type":"EntryPoint","urlTemplate":"https:\/\/prideshop.eu\/de\/?s={search_term_string}"},"query-input":{"@type":"PropertyValueSpecification","valueRequired":true,"valueName":"search_term_string"}}],"inLanguage":"de"},{"@type":"Organization","@id":"https:\/\/prideshop.eu\/de\/#organization","name":"PRIDEshop","url":"https:\/\/prideshop.eu\/de\/","logo":{"@type":"ImageObject","inLanguage":"de","@id":"https:\/\/prideshop.eu\/de\/#\/schema\/logo\/image\/","url":"","contentUrl":"","caption":"PRIDEshop"},"image":{"@id":"https:\/\/prideshop.eu\/de\/#\/schema\/logo\/image\/"},"sameAs":["https:\/\/sl-si.facebook.com\/PrideShopeu"]}]}},"_links":{"self":[{"href":"https:\/\/prideshop.eu\/de\/wp-json\/wp\/v2\/product\/44242","targetHints":{"allow":["GET"]}}],"collection":[{"href":"https:\/\/prideshop.eu\/de\/wp-json\/wp\/v2\/product"}],"about":[{"href":"https:\/\/prideshop.eu\/de\/wp-json\/wp\/v2\/types\/product"}],"replies":[{"embeddable":true,"href":"https:\/\/prideshop.eu\/de\/wp-json\/wp\/v2\/comments?post=44242"}],"wp:featuredmedia":[{"embeddable":true,"href":"https:\/\/prideshop.eu\/de\/wp-json\/wp\/v2\/media\/44933"}],"wp:attachment":[{"href":"https:\/\/prideshop.eu\/de\/wp-json\/wp\/v2\/media?parent=44242"}],"wp:term":[{"taxonomy":"product_brand","embeddable":true,"href":"https:\/\/prideshop.eu\/de\/wp-json\/wp\/v2\/product_brand?post=44242"},{"taxonomy":"product_cat","embeddable":true,"href":"https:\/\/prideshop.eu\/de\/wp-json\/wp\/v2\/product_cat?post=44242"},{"taxonomy":"product_tag","embeddable":true,"href":"https:\/\/prideshop.eu\/de\/wp-json\/wp\/v2\/product_tag?post=44242"}],"curies":[{"name":"wp","href":"https:\/\/api.w.org\/{rel}","templated":true}]}}