{"id":44301,"date":"2023-05-14T14:33:14","date_gmt":"2023-05-14T12:33:14","guid":{"rendered":"https:\/\/prideshop.eu\/spletna-trgovina\/unkategorisiert\/oberschenkelschutzer-low-kick-pride\/"},"modified":"2026-04-23T08:43:27","modified_gmt":"2026-04-23T06:43:27","slug":"low-kick-oberschenkel-mitts-pride","status":"publish","type":"product","link":"https:\/\/prideshop.eu\/de\/shop\/equipment-de\/trainingsgerate\/handpratzen-schlagpolster-schlagschilder\/low-kick-oberschenkel-mitts-pride\/","title":{"rendered":"Low Kick Pratze Schenkelpolster Pride \u2013 ThighGuards"},"content":{"rendered":"<h3>Low Kick Pratze Schenkelpolster Pride \u2013 ThighGuards<\/h3>\n<p>Low Kick Oberschenkel mitts, Pride ist eine ideale Wahl zum Schutz vor Low\u2013Kick\u2013Schl\u00e4gen. Sie sind aus strapazierf\u00e4higem PU\u2013Leder gefertigt, was eine hohe Schlag\u2013 und Abriebfestigkeit gew\u00e4hrleistet. Die Sch\u00fctzer sind so konzipiert, dass sie einen vollst\u00e4ndigen Schutz der Oberschenkel vor Schl\u00e4gen bieten und das Verletzungsrisiko verringern. Zuverl\u00e4ssige und komfortable Oberschenkel mitts sind eine hervorragende Wahl f\u00fcr jeden K\u00e4mpfer, der w\u00e4hrend des Trainings einen hochwertigen Schutz w\u00fcnscht.<\/p>\n","protected":false},"excerpt":{"rendered":"<p>Low Kick Oberschenkel mitts, Pride ist eine ideale Wahl zum Schutz vor Low\u2013Kick\u2013Schl\u00e4gen. Sie sind aus strapazierf\u00e4higem PU\u2013Leder gefertigt, was eine hohe Schlag\u2013 und Abriebfestigkeit gew\u00e4hrleistet. Die Sch\u00fctzer sind so konzipiert, dass sie einen vollst\u00e4ndigen Schutz der Oberschenkel vor Schl\u00e4gen bieten und das Verletzungsrisiko verringern. Zuverl\u00e4ssige und komfortable Oberschenkel mitts sind eine hervorragende Wahl f\u00fcr jeden K\u00e4mpfer, der w\u00e4hrend des Trainings einen hochwertigen Schutz w\u00fcnscht.<\/p>\n","protected":false},"featured_media":44811,"comment_status":"open","ping_status":"closed","template":"","meta":{"_acf_changed":false},"product_brand":[2086],"product_cat":[580,624,616],"product_tag":[],"class_list":{"0":"post-44301","1":"product","2":"type-product","3":"status-publish","4":"has-post-thumbnail","6":"product_brand-pride","7":"product_cat-equipment-de","8":"product_cat-handpratzen-schlagpolster-schlagschilder","9":"product_cat-trainingsgerate","11":"first","12":"outofstock","13":"featured","14":"taxable","15":"shipping-taxable","16":"purchasable","17":"product-type-simple"},"acf":[],"yoast_head":"<!-- This site is optimized with the Yoast SEO plugin v27.5 - https:\/\/yoast.com\/product\/yoast-seo-wordpress\/ -->\n<title>Low Kick Pratze Schenkelpolster Pride \u2013 ThighGuards - PRIDEshop<\/title>\n<meta name=\"description\" content=\"Low Kick Oberschenkel mitts, Pride ist eine ideale Wahl zum Schutz vor Low-Kick-Schl\u00e4gen. Sie sind aus strapazierf\u00e4higem PU-Leder gefertigt...\" \/>\n<meta name=\"robots\" content=\"index, follow, max-snippet:-1, max-image-preview:large, max-video-preview:-1\" \/>\n<link rel=\"canonical\" href=\"https:\/\/prideshop.eu\/de\/shop\/equipment-de\/trainingsgerate\/handpratzen-schlagpolster-schlagschilder\/low-kick-oberschenkel-mitts-pride\/\" \/>\n<meta property=\"og:locale\" content=\"de_DE\" \/>\n<meta property=\"og:type\" content=\"article\" \/>\n<meta property=\"og:title\" content=\"Low Kick Pratze Schenkelpolster Pride \u2013 ThighGuards - PRIDEshop\" \/>\n<meta property=\"og:description\" content=\"Low Kick Oberschenkel mitts, Pride ist eine ideale Wahl zum Schutz vor Low-Kick-Schl\u00e4gen. Sie sind aus strapazierf\u00e4higem PU-Leder gefertigt...\" \/>\n<meta property=\"og:url\" content=\"https:\/\/prideshop.eu\/de\/shop\/equipment-de\/trainingsgerate\/handpratzen-schlagpolster-schlagschilder\/low-kick-oberschenkel-mitts-pride\/\" \/>\n<meta property=\"og:site_name\" content=\"PRIDEshop\" \/>\n<meta property=\"article:publisher\" content=\"https:\/\/sl-si.facebook.com\/PrideShopeu\" \/>\n<meta property=\"article:modified_time\" content=\"2026-04-23T06:43:27+00:00\" \/>\n<meta property=\"og:image\" content=\"https:\/\/prideshop.eu\/wp-content\/uploads\/2023\/05\/low-kick-fokuserji-za-stegna-pride-3240.jpeg\" \/>\n\t<meta property=\"og:image:width\" content=\"600\" \/>\n\t<meta property=\"og:image:height\" content=\"600\" \/>\n\t<meta property=\"og:image:type\" content=\"image\/jpeg\" \/>\n<meta name=\"twitter:card\" content=\"summary_large_image\" \/>\n<script type=\"application\/ld+json\" class=\"yoast-schema-graph\">{\"@context\":\"https:\\\/\\\/schema.org\",\"@graph\":[{\"@type\":\"WebPage\",\"@id\":\"https:\\\/\\\/prideshop.eu\\\/de\\\/shop\\\/equipment-de\\\/trainingsgerate\\\/handpratzen-schlagpolster-schlagschilder\\\/low-kick-oberschenkel-mitts-pride\\\/\",\"url\":\"https:\\\/\\\/prideshop.eu\\\/de\\\/shop\\\/equipment-de\\\/trainingsgerate\\\/handpratzen-schlagpolster-schlagschilder\\\/low-kick-oberschenkel-mitts-pride\\\/\",\"name\":\"Low Kick Pratze Schenkelpolster Pride \u2013 ThighGuards - PRIDEshop\",\"isPartOf\":{\"@id\":\"https:\\\/\\\/prideshop.eu\\\/de\\\/#website\"},\"primaryImageOfPage\":{\"@id\":\"https:\\\/\\\/prideshop.eu\\\/de\\\/shop\\\/equipment-de\\\/trainingsgerate\\\/handpratzen-schlagpolster-schlagschilder\\\/low-kick-oberschenkel-mitts-pride\\\/#primaryimage\"},\"image\":{\"@id\":\"https:\\\/\\\/prideshop.eu\\\/de\\\/shop\\\/equipment-de\\\/trainingsgerate\\\/handpratzen-schlagpolster-schlagschilder\\\/low-kick-oberschenkel-mitts-pride\\\/#primaryimage\"},\"thumbnailUrl\":\"https:\\\/\\\/prideshop.eu\\\/wp-content\\\/uploads\\\/2023\\\/05\\\/low-kick-fokuserji-za-stegna-pride-3240.jpeg\",\"datePublished\":\"2023-05-14T12:33:14+00:00\",\"dateModified\":\"2026-04-23T06:43:27+00:00\",\"description\":\"Low Kick Oberschenkel mitts, Pride ist eine ideale Wahl zum Schutz vor Low-Kick-Schl\u00e4gen. Sie sind aus strapazierf\u00e4higem PU-Leder gefertigt...\",\"breadcrumb\":{\"@id\":\"https:\\\/\\\/prideshop.eu\\\/de\\\/shop\\\/equipment-de\\\/trainingsgerate\\\/handpratzen-schlagpolster-schlagschilder\\\/low-kick-oberschenkel-mitts-pride\\\/#breadcrumb\"},\"inLanguage\":\"de\",\"potentialAction\":[{\"@type\":\"ReadAction\",\"target\":[\"https:\\\/\\\/prideshop.eu\\\/de\\\/shop\\\/equipment-de\\\/trainingsgerate\\\/handpratzen-schlagpolster-schlagschilder\\\/low-kick-oberschenkel-mitts-pride\\\/\"]}]},{\"@type\":\"ImageObject\",\"inLanguage\":\"de\",\"@id\":\"https:\\\/\\\/prideshop.eu\\\/de\\\/shop\\\/equipment-de\\\/trainingsgerate\\\/handpratzen-schlagpolster-schlagschilder\\\/low-kick-oberschenkel-mitts-pride\\\/#primaryimage\",\"url\":\"https:\\\/\\\/prideshop.eu\\\/wp-content\\\/uploads\\\/2023\\\/05\\\/low-kick-fokuserji-za-stegna-pride-3240.jpeg\",\"contentUrl\":\"https:\\\/\\\/prideshop.eu\\\/wp-content\\\/uploads\\\/2023\\\/05\\\/low-kick-fokuserji-za-stegna-pride-3240.jpeg\",\"width\":600,\"height\":600,\"caption\":\"Low Kick Oberschenkel mitts Pride\"},{\"@type\":\"BreadcrumbList\",\"@id\":\"https:\\\/\\\/prideshop.eu\\\/de\\\/shop\\\/equipment-de\\\/trainingsgerate\\\/handpratzen-schlagpolster-schlagschilder\\\/low-kick-oberschenkel-mitts-pride\\\/#breadcrumb\",\"itemListElement\":[{\"@type\":\"ListItem\",\"position\":1,\"name\":\"Home\",\"item\":\"https:\\\/\\\/prideshop.eu\\\/de\\\/\"},{\"@type\":\"ListItem\",\"position\":2,\"name\":\"Gesch\u00e4ft\",\"item\":\"https:\\\/\\\/prideshop.eu\\\/de\\\/geschaeft\\\/\"},{\"@type\":\"ListItem\",\"position\":3,\"name\":\"Low Kick Pratze Schenkelpolster Pride \u2013 ThighGuards\"}]},{\"@type\":\"WebSite\",\"@id\":\"https:\\\/\\\/prideshop.eu\\\/de\\\/#website\",\"url\":\"https:\\\/\\\/prideshop.eu\\\/de\\\/\",\"name\":\"PRIDEshop\",\"description\":\"Oprema za Borilne \u0160porte\",\"publisher\":{\"@id\":\"https:\\\/\\\/prideshop.eu\\\/de\\\/#organization\"},\"potentialAction\":[{\"@type\":\"SearchAction\",\"target\":{\"@type\":\"EntryPoint\",\"urlTemplate\":\"https:\\\/\\\/prideshop.eu\\\/de\\\/?s={search_term_string}\"},\"query-input\":{\"@type\":\"PropertyValueSpecification\",\"valueRequired\":true,\"valueName\":\"search_term_string\"}}],\"inLanguage\":\"de\"},{\"@type\":\"Organization\",\"@id\":\"https:\\\/\\\/prideshop.eu\\\/de\\\/#organization\",\"name\":\"PRIDEshop\",\"url\":\"https:\\\/\\\/prideshop.eu\\\/de\\\/\",\"logo\":{\"@type\":\"ImageObject\",\"inLanguage\":\"de\",\"@id\":\"https:\\\/\\\/prideshop.eu\\\/de\\\/#\\\/schema\\\/logo\\\/image\\\/\",\"url\":\"\",\"contentUrl\":\"\",\"caption\":\"PRIDEshop\"},\"image\":{\"@id\":\"https:\\\/\\\/prideshop.eu\\\/de\\\/#\\\/schema\\\/logo\\\/image\\\/\"},\"sameAs\":[\"https:\\\/\\\/sl-si.facebook.com\\\/PrideShopeu\"]}]}<\/script>\n<!-- \/ Yoast SEO plugin. -->","yoast_head_json":{"title":"Low Kick Pratze Schenkelpolster Pride \u2013 ThighGuards - PRIDEshop","description":"Low Kick Oberschenkel mitts, Pride ist eine ideale Wahl zum Schutz vor Low-Kick-Schl\u00e4gen. Sie sind aus strapazierf\u00e4higem PU-Leder gefertigt...","robots":{"index":"index","follow":"follow","max-snippet":"max-snippet:-1","max-image-preview":"max-image-preview:large","max-video-preview":"max-video-preview:-1"},"canonical":"https:\/\/prideshop.eu\/de\/shop\/equipment-de\/trainingsgerate\/handpratzen-schlagpolster-schlagschilder\/low-kick-oberschenkel-mitts-pride\/","og_locale":"de_DE","og_type":"article","og_title":"Low Kick Pratze Schenkelpolster Pride \u2013 ThighGuards - PRIDEshop","og_description":"Low Kick Oberschenkel mitts, Pride ist eine ideale Wahl zum Schutz vor Low-Kick-Schl\u00e4gen. Sie sind aus strapazierf\u00e4higem PU-Leder gefertigt...","og_url":"https:\/\/prideshop.eu\/de\/shop\/equipment-de\/trainingsgerate\/handpratzen-schlagpolster-schlagschilder\/low-kick-oberschenkel-mitts-pride\/","og_site_name":"PRIDEshop","article_publisher":"https:\/\/sl-si.facebook.com\/PrideShopeu","article_modified_time":"2026-04-23T06:43:27+00:00","og_image":[{"width":600,"height":600,"url":"https:\/\/prideshop.eu\/wp-content\/uploads\/2023\/05\/low-kick-fokuserji-za-stegna-pride-3240.jpeg","type":"image\/jpeg"}],"twitter_card":"summary_large_image","schema":{"@context":"https:\/\/schema.org","@graph":[{"@type":"WebPage","@id":"https:\/\/prideshop.eu\/de\/shop\/equipment-de\/trainingsgerate\/handpratzen-schlagpolster-schlagschilder\/low-kick-oberschenkel-mitts-pride\/","url":"https:\/\/prideshop.eu\/de\/shop\/equipment-de\/trainingsgerate\/handpratzen-schlagpolster-schlagschilder\/low-kick-oberschenkel-mitts-pride\/","name":"Low Kick Pratze Schenkelpolster Pride \u2013 ThighGuards - PRIDEshop","isPartOf":{"@id":"https:\/\/prideshop.eu\/de\/#website"},"primaryImageOfPage":{"@id":"https:\/\/prideshop.eu\/de\/shop\/equipment-de\/trainingsgerate\/handpratzen-schlagpolster-schlagschilder\/low-kick-oberschenkel-mitts-pride\/#primaryimage"},"image":{"@id":"https:\/\/prideshop.eu\/de\/shop\/equipment-de\/trainingsgerate\/handpratzen-schlagpolster-schlagschilder\/low-kick-oberschenkel-mitts-pride\/#primaryimage"},"thumbnailUrl":"https:\/\/prideshop.eu\/wp-content\/uploads\/2023\/05\/low-kick-fokuserji-za-stegna-pride-3240.jpeg","datePublished":"2023-05-14T12:33:14+00:00","dateModified":"2026-04-23T06:43:27+00:00","description":"Low Kick Oberschenkel mitts, Pride ist eine ideale Wahl zum Schutz vor Low-Kick-Schl\u00e4gen. Sie sind aus strapazierf\u00e4higem PU-Leder gefertigt...","breadcrumb":{"@id":"https:\/\/prideshop.eu\/de\/shop\/equipment-de\/trainingsgerate\/handpratzen-schlagpolster-schlagschilder\/low-kick-oberschenkel-mitts-pride\/#breadcrumb"},"inLanguage":"de","potentialAction":[{"@type":"ReadAction","target":["https:\/\/prideshop.eu\/de\/shop\/equipment-de\/trainingsgerate\/handpratzen-schlagpolster-schlagschilder\/low-kick-oberschenkel-mitts-pride\/"]}]},{"@type":"ImageObject","inLanguage":"de","@id":"https:\/\/prideshop.eu\/de\/shop\/equipment-de\/trainingsgerate\/handpratzen-schlagpolster-schlagschilder\/low-kick-oberschenkel-mitts-pride\/#primaryimage","url":"https:\/\/prideshop.eu\/wp-content\/uploads\/2023\/05\/low-kick-fokuserji-za-stegna-pride-3240.jpeg","contentUrl":"https:\/\/prideshop.eu\/wp-content\/uploads\/2023\/05\/low-kick-fokuserji-za-stegna-pride-3240.jpeg","width":600,"height":600,"caption":"Low Kick Oberschenkel mitts Pride"},{"@type":"BreadcrumbList","@id":"https:\/\/prideshop.eu\/de\/shop\/equipment-de\/trainingsgerate\/handpratzen-schlagpolster-schlagschilder\/low-kick-oberschenkel-mitts-pride\/#breadcrumb","itemListElement":[{"@type":"ListItem","position":1,"name":"Home","item":"https:\/\/prideshop.eu\/de\/"},{"@type":"ListItem","position":2,"name":"Gesch\u00e4ft","item":"https:\/\/prideshop.eu\/de\/geschaeft\/"},{"@type":"ListItem","position":3,"name":"Low Kick Pratze Schenkelpolster Pride \u2013 ThighGuards"}]},{"@type":"WebSite","@id":"https:\/\/prideshop.eu\/de\/#website","url":"https:\/\/prideshop.eu\/de\/","name":"PRIDEshop","description":"Oprema za Borilne \u0160porte","publisher":{"@id":"https:\/\/prideshop.eu\/de\/#organization"},"potentialAction":[{"@type":"SearchAction","target":{"@type":"EntryPoint","urlTemplate":"https:\/\/prideshop.eu\/de\/?s={search_term_string}"},"query-input":{"@type":"PropertyValueSpecification","valueRequired":true,"valueName":"search_term_string"}}],"inLanguage":"de"},{"@type":"Organization","@id":"https:\/\/prideshop.eu\/de\/#organization","name":"PRIDEshop","url":"https:\/\/prideshop.eu\/de\/","logo":{"@type":"ImageObject","inLanguage":"de","@id":"https:\/\/prideshop.eu\/de\/#\/schema\/logo\/image\/","url":"","contentUrl":"","caption":"PRIDEshop"},"image":{"@id":"https:\/\/prideshop.eu\/de\/#\/schema\/logo\/image\/"},"sameAs":["https:\/\/sl-si.facebook.com\/PrideShopeu"]}]}},"_links":{"self":[{"href":"https:\/\/prideshop.eu\/de\/wp-json\/wp\/v2\/product\/44301","targetHints":{"allow":["GET"]}}],"collection":[{"href":"https:\/\/prideshop.eu\/de\/wp-json\/wp\/v2\/product"}],"about":[{"href":"https:\/\/prideshop.eu\/de\/wp-json\/wp\/v2\/types\/product"}],"replies":[{"embeddable":true,"href":"https:\/\/prideshop.eu\/de\/wp-json\/wp\/v2\/comments?post=44301"}],"wp:featuredmedia":[{"embeddable":true,"href":"https:\/\/prideshop.eu\/de\/wp-json\/wp\/v2\/media\/44811"}],"wp:attachment":[{"href":"https:\/\/prideshop.eu\/de\/wp-json\/wp\/v2\/media?parent=44301"}],"wp:term":[{"taxonomy":"product_brand","embeddable":true,"href":"https:\/\/prideshop.eu\/de\/wp-json\/wp\/v2\/product_brand?post=44301"},{"taxonomy":"product_cat","embeddable":true,"href":"https:\/\/prideshop.eu\/de\/wp-json\/wp\/v2\/product_cat?post=44301"},{"taxonomy":"product_tag","embeddable":true,"href":"https:\/\/prideshop.eu\/de\/wp-json\/wp\/v2\/product_tag?post=44301"}],"curies":[{"name":"wp","href":"https:\/\/api.w.org\/{rel}","templated":true}]}}