{"id":44312,"date":"2023-05-14T15:28:54","date_gmt":"2023-05-14T13:28:54","guid":{"rendered":"https:\/\/prideshop.eu\/spletna-trgovina\/unkategorisiert\/sparring-boxhelm-pride-2\/"},"modified":"2026-01-12T21:10:29","modified_gmt":"2026-01-12T20:10:29","slug":"sparring-boxhelm-kopfschutz-pride-2","status":"publish","type":"product","link":"https:\/\/prideshop.eu\/de\/shop\/sportarten\/boxen\/schutzausrustung-fur-boxen\/sparring-boxhelm-kopfschutz-pride-2\/","title":{"rendered":"Box-Kopfschutz Pride \u2013 Obsidian"},"content":{"rendered":"<h3>Box-Kopfschutz Pride \u2013 Obsidian<\/h3>\n<p>Boxhelm f\u00fcr Sparring Obsidian, Priden<\/p>\n<div>zeichnet sich durch au\u00dfergew\u00f6hnliche Schutzausr\u00fcstung aus, die den K\u00e4mpfern w\u00e4hrend des Trainings maximale Sicherheit gew\u00e4hrleisten soll. Seine \u00fcberragende Qualit\u00e4t ergibt sich aus der Verwendung von hochwertigem Premium\u2013PU\u2013Leder, das Strapazierf\u00e4higkeit und Langlebigkeit vereint. Dieser Helm sch\u00fctzt nicht nur, er setzt den Standard in der Welt der Boxhelme und macht ihn zu einem unverzichtbaren Ausr\u00fcstungsgegenstand f\u00fcr alle, die beim Training ein H\u00f6chstma\u00df an Schutz suchen.<\/div>\n<p>n<\/p>\n<div><\/div>\n<p>n<\/p>\n<div>Besonderes Augenmerk wird auf das Design des Helms gelegt, da dieser auf einen bequemen Sitz und v\u00f6llige Bewegungsfreiheit ausgelegt ist. Somit erm\u00f6glicht es Boxern, Bewegungen w\u00e4hrend eines intensiven Trainings ungehindert auszuf\u00fchren, was f\u00fcr die Entwicklung ihrer F\u00e4higkeiten von entscheidender Bedeutung ist.<\/div>\n<p>n<\/p>\n<div><\/div>\n<p>n<\/p>\n<div>Auch beim Training bew\u00e4hrt sich der Pride\u2013Helm als zuverl\u00e4ssiger Schutz, unabh\u00e4ngig von der Intensit\u00e4t. Seine hochwertige Konstruktion sorgt zusammen mit einer langlebigen Konstruktion f\u00fcr eine hohe Schlag\u2013 und Verschlei\u00dffestigkeit. Dies bedeutet, dass der Pride\u2013Helm St\u00f6\u00dfen und Abnutzung standh\u00e4lt und seine Wirksamkeit und Langlebigkeit beibeh\u00e4lt.<\/div>\n<p>n<\/p>\n<div><\/div>\n<p>n<\/p>\n<div>Dabei spielt das hochwertige Material, aus dem er gefertigt ist, eine Schl\u00fcsselrolle, denn es sorgt daf\u00fcr, dass der Helm unter allen Umst\u00e4nden solide und langlebig bleibt. Der Pride\u2013Sparringhelm bietet nicht nur zuverl\u00e4ssigen Schutz, sondern ist auch eine ausgezeichnete Wahl f\u00fcr K\u00e4mpfer, die beim Training oder Sparring h\u00f6chsten Komfort w\u00fcnschen. Seine hochwertige Konstruktion und das ergonomische Design machen diesen Helm zu einem der besten Begleiter auf dem Weg zu perfekten Boxf\u00e4higkeiten.<\/div>\n<p>n<\/p>\n<div><\/div>\n<p>n<\/p>\n<div>Mit dem Pride\u2013Helm k\u00f6nnen Sie unbeschwert trainieren, da er Ihnen in jedem Moment Ihres Boxabenteuers hervorragenden Schutz und Komfort bietet.<\/div>\n","protected":false},"excerpt":{"rendered":"<p>Boxhelm f\u00fcr Sparring Obsidian, Pridenist auf maximalen Schutz des K\u00e4mpfers ausgelegt. Es besteht aus hochwertigem Premium\u2013PU\u2013Leder, das f\u00fcr Langlebigkeit und Langlebigkeit sorgt. Der Helm ist so konzipiert, dass er eine bequeme Passform und Bewegungsfreiheit erm\u00f6glicht und gleichzeitig zuverl\u00e4ssigen Schutz beim Training bietet. Sein hochwertiges Material und die langlebige Konstruktion sorgen f\u00fcr eine hohe Schlag\u2013 und Verschlei\u00dffestigkeit. Der Pride\u2013Sparringhelm ist eine ausgezeichnete Wahl f\u00fcr K\u00e4mpfer, die beim Sparring oder Training hervorragenden Schutz und Komfort w\u00fcnschen.<\/p>\n","protected":false},"featured_media":44308,"comment_status":"open","ping_status":"closed","template":"","meta":{"_acf_changed":false},"product_brand":[2086],"product_cat":[664,580,642,634,678,656],"product_tag":[],"class_list":{"0":"post-44312","1":"product","2":"type-product","3":"status-publish","4":"has-post-thumbnail","6":"product_brand-pride","7":"product_cat-boxen","8":"product_cat-equipment-de","9":"product_cat-kopfschutz","10":"product_cat-schutzausrustung","11":"product_cat-schutzausrustung-fur-boxen","12":"product_cat-sportarten","14":"first","15":"instock","16":"taxable","17":"shipping-taxable","18":"purchasable","19":"product-type-variable"},"acf":[],"yoast_head":"<!-- This site is optimized with the Yoast SEO plugin v27.5 - https:\/\/yoast.com\/product\/yoast-seo-wordpress\/ -->\n<title>Box-Kopfschutz Pride \u2013 Obsidian - PRIDEshop<\/title>\n<meta name=\"description\" content=\"Sparring Boxhelm Kopfschutz O bsidianPride ist f\u00fcr maximalen Schutz des K\u00e4mpfers konzipiert. Er besteht aus hochwertigem Premium-PU-Leder, das Langlebigkeit und...\" \/>\n<meta name=\"robots\" content=\"index, follow, max-snippet:-1, max-image-preview:large, max-video-preview:-1\" \/>\n<link rel=\"canonical\" href=\"https:\/\/prideshop.eu\/de\/shop\/sportarten\/boxen\/schutzausrustung-fur-boxen\/sparring-boxhelm-kopfschutz-pride-2\/\" \/>\n<meta property=\"og:locale\" content=\"de_DE\" \/>\n<meta property=\"og:type\" content=\"article\" \/>\n<meta property=\"og:title\" content=\"Box-Kopfschutz Pride \u2013 Obsidian - PRIDEshop\" \/>\n<meta property=\"og:description\" content=\"Sparring Boxhelm Kopfschutz O bsidianPride ist f\u00fcr maximalen Schutz des K\u00e4mpfers konzipiert. Er besteht aus hochwertigem Premium-PU-Leder, das Langlebigkeit und...\" \/>\n<meta property=\"og:url\" content=\"https:\/\/prideshop.eu\/de\/shop\/sportarten\/boxen\/schutzausrustung-fur-boxen\/sparring-boxhelm-kopfschutz-pride-2\/\" \/>\n<meta property=\"og:site_name\" content=\"PRIDEshop\" \/>\n<meta property=\"article:publisher\" content=\"https:\/\/sl-si.facebook.com\/PrideShopeu\" \/>\n<meta property=\"article:modified_time\" content=\"2026-01-12T20:10:29+00:00\" \/>\n<meta property=\"og:image\" content=\"https:\/\/prideshop.eu\/wp-content\/uploads\/2023\/05\/celada-za-sparing-pride-5026-b.jpeg\" \/>\n\t<meta property=\"og:image:width\" content=\"600\" \/>\n\t<meta property=\"og:image:height\" content=\"600\" \/>\n\t<meta property=\"og:image:type\" content=\"image\/jpeg\" \/>\n<meta name=\"twitter:card\" content=\"summary_large_image\" \/>\n<meta name=\"twitter:label1\" content=\"Gesch\u00e4tzte Lesezeit\" \/>\n\t<meta name=\"twitter:data1\" content=\"1\u00a0Minute\" \/>\n<script type=\"application\/ld+json\" class=\"yoast-schema-graph\">{\"@context\":\"https:\\\/\\\/schema.org\",\"@graph\":[{\"@type\":\"WebPage\",\"@id\":\"https:\\\/\\\/prideshop.eu\\\/de\\\/shop\\\/sportarten\\\/boxen\\\/schutzausrustung-fur-boxen\\\/sparring-boxhelm-kopfschutz-pride-2\\\/\",\"url\":\"https:\\\/\\\/prideshop.eu\\\/de\\\/shop\\\/sportarten\\\/boxen\\\/schutzausrustung-fur-boxen\\\/sparring-boxhelm-kopfschutz-pride-2\\\/\",\"name\":\"Box-Kopfschutz Pride \u2013 Obsidian - PRIDEshop\",\"isPartOf\":{\"@id\":\"https:\\\/\\\/prideshop.eu\\\/de\\\/#website\"},\"primaryImageOfPage\":{\"@id\":\"https:\\\/\\\/prideshop.eu\\\/de\\\/shop\\\/sportarten\\\/boxen\\\/schutzausrustung-fur-boxen\\\/sparring-boxhelm-kopfschutz-pride-2\\\/#primaryimage\"},\"image\":{\"@id\":\"https:\\\/\\\/prideshop.eu\\\/de\\\/shop\\\/sportarten\\\/boxen\\\/schutzausrustung-fur-boxen\\\/sparring-boxhelm-kopfschutz-pride-2\\\/#primaryimage\"},\"thumbnailUrl\":\"https:\\\/\\\/prideshop.eu\\\/wp-content\\\/uploads\\\/2023\\\/05\\\/celada-za-sparing-pride-5026-b.jpeg\",\"datePublished\":\"2023-05-14T13:28:54+00:00\",\"dateModified\":\"2026-01-12T20:10:29+00:00\",\"description\":\"Sparring Boxhelm Kopfschutz O bsidianPride ist f\u00fcr maximalen Schutz des K\u00e4mpfers konzipiert. Er besteht aus hochwertigem Premium-PU-Leder, das Langlebigkeit und...\",\"breadcrumb\":{\"@id\":\"https:\\\/\\\/prideshop.eu\\\/de\\\/shop\\\/sportarten\\\/boxen\\\/schutzausrustung-fur-boxen\\\/sparring-boxhelm-kopfschutz-pride-2\\\/#breadcrumb\"},\"inLanguage\":\"de\",\"potentialAction\":[{\"@type\":\"ReadAction\",\"target\":[\"https:\\\/\\\/prideshop.eu\\\/de\\\/shop\\\/sportarten\\\/boxen\\\/schutzausrustung-fur-boxen\\\/sparring-boxhelm-kopfschutz-pride-2\\\/\"]}]},{\"@type\":\"ImageObject\",\"inLanguage\":\"de\",\"@id\":\"https:\\\/\\\/prideshop.eu\\\/de\\\/shop\\\/sportarten\\\/boxen\\\/schutzausrustung-fur-boxen\\\/sparring-boxhelm-kopfschutz-pride-2\\\/#primaryimage\",\"url\":\"https:\\\/\\\/prideshop.eu\\\/wp-content\\\/uploads\\\/2023\\\/05\\\/celada-za-sparing-pride-5026-b.jpeg\",\"contentUrl\":\"https:\\\/\\\/prideshop.eu\\\/wp-content\\\/uploads\\\/2023\\\/05\\\/celada-za-sparing-pride-5026-b.jpeg\",\"width\":600,\"height\":600,\"caption\":\"Sparring Boxhelm Kopfschutz ObsidianPride\"},{\"@type\":\"BreadcrumbList\",\"@id\":\"https:\\\/\\\/prideshop.eu\\\/de\\\/shop\\\/sportarten\\\/boxen\\\/schutzausrustung-fur-boxen\\\/sparring-boxhelm-kopfschutz-pride-2\\\/#breadcrumb\",\"itemListElement\":[{\"@type\":\"ListItem\",\"position\":1,\"name\":\"Home\",\"item\":\"https:\\\/\\\/prideshop.eu\\\/de\\\/\"},{\"@type\":\"ListItem\",\"position\":2,\"name\":\"Gesch\u00e4ft\",\"item\":\"https:\\\/\\\/prideshop.eu\\\/de\\\/geschaeft\\\/\"},{\"@type\":\"ListItem\",\"position\":3,\"name\":\"Box-Kopfschutz Pride \u2013 Obsidian\"}]},{\"@type\":\"WebSite\",\"@id\":\"https:\\\/\\\/prideshop.eu\\\/de\\\/#website\",\"url\":\"https:\\\/\\\/prideshop.eu\\\/de\\\/\",\"name\":\"PRIDEshop\",\"description\":\"Oprema za Borilne \u0160porte\",\"publisher\":{\"@id\":\"https:\\\/\\\/prideshop.eu\\\/de\\\/#organization\"},\"potentialAction\":[{\"@type\":\"SearchAction\",\"target\":{\"@type\":\"EntryPoint\",\"urlTemplate\":\"https:\\\/\\\/prideshop.eu\\\/de\\\/?s={search_term_string}\"},\"query-input\":{\"@type\":\"PropertyValueSpecification\",\"valueRequired\":true,\"valueName\":\"search_term_string\"}}],\"inLanguage\":\"de\"},{\"@type\":\"Organization\",\"@id\":\"https:\\\/\\\/prideshop.eu\\\/de\\\/#organization\",\"name\":\"PRIDEshop\",\"url\":\"https:\\\/\\\/prideshop.eu\\\/de\\\/\",\"logo\":{\"@type\":\"ImageObject\",\"inLanguage\":\"de\",\"@id\":\"https:\\\/\\\/prideshop.eu\\\/de\\\/#\\\/schema\\\/logo\\\/image\\\/\",\"url\":\"\",\"contentUrl\":\"\",\"caption\":\"PRIDEshop\"},\"image\":{\"@id\":\"https:\\\/\\\/prideshop.eu\\\/de\\\/#\\\/schema\\\/logo\\\/image\\\/\"},\"sameAs\":[\"https:\\\/\\\/sl-si.facebook.com\\\/PrideShopeu\"]}]}<\/script>\n<!-- \/ Yoast SEO plugin. -->","yoast_head_json":{"title":"Box-Kopfschutz Pride \u2013 Obsidian - PRIDEshop","description":"Sparring Boxhelm Kopfschutz O bsidianPride ist f\u00fcr maximalen Schutz des K\u00e4mpfers konzipiert. Er besteht aus hochwertigem Premium-PU-Leder, das Langlebigkeit und...","robots":{"index":"index","follow":"follow","max-snippet":"max-snippet:-1","max-image-preview":"max-image-preview:large","max-video-preview":"max-video-preview:-1"},"canonical":"https:\/\/prideshop.eu\/de\/shop\/sportarten\/boxen\/schutzausrustung-fur-boxen\/sparring-boxhelm-kopfschutz-pride-2\/","og_locale":"de_DE","og_type":"article","og_title":"Box-Kopfschutz Pride \u2013 Obsidian - PRIDEshop","og_description":"Sparring Boxhelm Kopfschutz O bsidianPride ist f\u00fcr maximalen Schutz des K\u00e4mpfers konzipiert. Er besteht aus hochwertigem Premium-PU-Leder, das Langlebigkeit und...","og_url":"https:\/\/prideshop.eu\/de\/shop\/sportarten\/boxen\/schutzausrustung-fur-boxen\/sparring-boxhelm-kopfschutz-pride-2\/","og_site_name":"PRIDEshop","article_publisher":"https:\/\/sl-si.facebook.com\/PrideShopeu","article_modified_time":"2026-01-12T20:10:29+00:00","og_image":[{"width":600,"height":600,"url":"https:\/\/prideshop.eu\/wp-content\/uploads\/2023\/05\/celada-za-sparing-pride-5026-b.jpeg","type":"image\/jpeg"}],"twitter_card":"summary_large_image","twitter_misc":{"Gesch\u00e4tzte Lesezeit":"1\u00a0Minute"},"schema":{"@context":"https:\/\/schema.org","@graph":[{"@type":"WebPage","@id":"https:\/\/prideshop.eu\/de\/shop\/sportarten\/boxen\/schutzausrustung-fur-boxen\/sparring-boxhelm-kopfschutz-pride-2\/","url":"https:\/\/prideshop.eu\/de\/shop\/sportarten\/boxen\/schutzausrustung-fur-boxen\/sparring-boxhelm-kopfschutz-pride-2\/","name":"Box-Kopfschutz Pride \u2013 Obsidian - PRIDEshop","isPartOf":{"@id":"https:\/\/prideshop.eu\/de\/#website"},"primaryImageOfPage":{"@id":"https:\/\/prideshop.eu\/de\/shop\/sportarten\/boxen\/schutzausrustung-fur-boxen\/sparring-boxhelm-kopfschutz-pride-2\/#primaryimage"},"image":{"@id":"https:\/\/prideshop.eu\/de\/shop\/sportarten\/boxen\/schutzausrustung-fur-boxen\/sparring-boxhelm-kopfschutz-pride-2\/#primaryimage"},"thumbnailUrl":"https:\/\/prideshop.eu\/wp-content\/uploads\/2023\/05\/celada-za-sparing-pride-5026-b.jpeg","datePublished":"2023-05-14T13:28:54+00:00","dateModified":"2026-01-12T20:10:29+00:00","description":"Sparring Boxhelm Kopfschutz O bsidianPride ist f\u00fcr maximalen Schutz des K\u00e4mpfers konzipiert. Er besteht aus hochwertigem Premium-PU-Leder, das Langlebigkeit und...","breadcrumb":{"@id":"https:\/\/prideshop.eu\/de\/shop\/sportarten\/boxen\/schutzausrustung-fur-boxen\/sparring-boxhelm-kopfschutz-pride-2\/#breadcrumb"},"inLanguage":"de","potentialAction":[{"@type":"ReadAction","target":["https:\/\/prideshop.eu\/de\/shop\/sportarten\/boxen\/schutzausrustung-fur-boxen\/sparring-boxhelm-kopfschutz-pride-2\/"]}]},{"@type":"ImageObject","inLanguage":"de","@id":"https:\/\/prideshop.eu\/de\/shop\/sportarten\/boxen\/schutzausrustung-fur-boxen\/sparring-boxhelm-kopfschutz-pride-2\/#primaryimage","url":"https:\/\/prideshop.eu\/wp-content\/uploads\/2023\/05\/celada-za-sparing-pride-5026-b.jpeg","contentUrl":"https:\/\/prideshop.eu\/wp-content\/uploads\/2023\/05\/celada-za-sparing-pride-5026-b.jpeg","width":600,"height":600,"caption":"Sparring Boxhelm Kopfschutz ObsidianPride"},{"@type":"BreadcrumbList","@id":"https:\/\/prideshop.eu\/de\/shop\/sportarten\/boxen\/schutzausrustung-fur-boxen\/sparring-boxhelm-kopfschutz-pride-2\/#breadcrumb","itemListElement":[{"@type":"ListItem","position":1,"name":"Home","item":"https:\/\/prideshop.eu\/de\/"},{"@type":"ListItem","position":2,"name":"Gesch\u00e4ft","item":"https:\/\/prideshop.eu\/de\/geschaeft\/"},{"@type":"ListItem","position":3,"name":"Box-Kopfschutz Pride \u2013 Obsidian"}]},{"@type":"WebSite","@id":"https:\/\/prideshop.eu\/de\/#website","url":"https:\/\/prideshop.eu\/de\/","name":"PRIDEshop","description":"Oprema za Borilne \u0160porte","publisher":{"@id":"https:\/\/prideshop.eu\/de\/#organization"},"potentialAction":[{"@type":"SearchAction","target":{"@type":"EntryPoint","urlTemplate":"https:\/\/prideshop.eu\/de\/?s={search_term_string}"},"query-input":{"@type":"PropertyValueSpecification","valueRequired":true,"valueName":"search_term_string"}}],"inLanguage":"de"},{"@type":"Organization","@id":"https:\/\/prideshop.eu\/de\/#organization","name":"PRIDEshop","url":"https:\/\/prideshop.eu\/de\/","logo":{"@type":"ImageObject","inLanguage":"de","@id":"https:\/\/prideshop.eu\/de\/#\/schema\/logo\/image\/","url":"","contentUrl":"","caption":"PRIDEshop"},"image":{"@id":"https:\/\/prideshop.eu\/de\/#\/schema\/logo\/image\/"},"sameAs":["https:\/\/sl-si.facebook.com\/PrideShopeu"]}]}},"_links":{"self":[{"href":"https:\/\/prideshop.eu\/de\/wp-json\/wp\/v2\/product\/44312","targetHints":{"allow":["GET"]}}],"collection":[{"href":"https:\/\/prideshop.eu\/de\/wp-json\/wp\/v2\/product"}],"about":[{"href":"https:\/\/prideshop.eu\/de\/wp-json\/wp\/v2\/types\/product"}],"replies":[{"embeddable":true,"href":"https:\/\/prideshop.eu\/de\/wp-json\/wp\/v2\/comments?post=44312"}],"wp:featuredmedia":[{"embeddable":true,"href":"https:\/\/prideshop.eu\/de\/wp-json\/wp\/v2\/media\/44308"}],"wp:attachment":[{"href":"https:\/\/prideshop.eu\/de\/wp-json\/wp\/v2\/media?parent=44312"}],"wp:term":[{"taxonomy":"product_brand","embeddable":true,"href":"https:\/\/prideshop.eu\/de\/wp-json\/wp\/v2\/product_brand?post=44312"},{"taxonomy":"product_cat","embeddable":true,"href":"https:\/\/prideshop.eu\/de\/wp-json\/wp\/v2\/product_cat?post=44312"},{"taxonomy":"product_tag","embeddable":true,"href":"https:\/\/prideshop.eu\/de\/wp-json\/wp\/v2\/product_tag?post=44312"}],"curies":[{"name":"wp","href":"https:\/\/api.w.org\/{rel}","templated":true}]}}