{"id":44543,"date":"2023-05-16T20:49:04","date_gmt":"2023-05-16T18:49:04","guid":{"rendered":"https:\/\/prideshop.eu\/spletna-trgovina\/unkategorisiert\/grappling-dummy-zum-uben-von-wurfen-und-schlagen-pride\/"},"modified":"2025-08-04T10:44:41","modified_gmt":"2025-08-04T08:44:41","slug":"grappling-dummy-zum-uben-von-wurfen-und-schlagen-pride","status":"publish","type":"product","link":"https:\/\/prideshop.eu\/de\/shop\/equipment-de\/trainingsgerate\/boxsacke\/grappling-dummy-zum-uben-von-wurfen-und-schlagen-pride\/","title":{"rendered":"Grappling Dummy Pride \u2013 DualForce"},"content":{"rendered":"<h3>Grappling Dummy Pride \u2013 DualForce<\/h3>\n<p>Grappling\u2013Dummy zum \u00dcben von W\u00fcrfen und Schl\u00e4gen, Pride. Die Wurfpuppe ist ein idealer Trainingsgegenstand f\u00fcr das \u00dcben von W\u00fcrfen, Eingangstechniken, Heben und W\u00fcrgen. Die Grappling\u2013Dummy kann auch f\u00fcr das \u00dcben von Schl\u00e4gen verwendet werden. Die Grappling\u2013Dummy ist in verschiedenen Kampfsportarten und Disziplinen wie Wrestling, Jiu\u2013Jitsu, BJJ, MMA und Judo n\u00fctzlich.nnDie Grappling\u2013Dummy eignet sich perfekt zum \u00dcben von Griffen, W\u00fcrfen, Heben und W\u00fcrgen.nnDie Wurfpuppe hat verst\u00e4rkte N\u00e4hte an stark belasteten Stellen. Sie besteht aus dickem, strapazierf\u00e4higem Material und hat bewegliche Arme.nnDie Grappling\u2013Dummy wird mit Gurten zur Befestigung an der Decke geliefert.<\/p>\n","protected":false},"excerpt":{"rendered":"<p>Grappling\u2013Dummy zum \u00dcben von W\u00fcrfen und Schl\u00e4gen, Pride. Die Wurfpuppe ist ein idealer Trainingsgegenstand f\u00fcr das \u00dcben von W\u00fcrfen, Eingangstechniken, Heben und W\u00fcrgen. Die Grappling\u2013Dummy kann auch f\u00fcr das \u00dcben von Schl\u00e4gen verwendet werden. Die Grappling\u2013Dummy ist in verschiedenen Kampfsportarten und Disziplinen wie Wrestling, Jiu\u2013Jitsu, BJJ, MMA und Judo n\u00fctzlich.nnDie Grappling\u2013Dummy eignet sich perfekt zum \u00dcben von Griffen, W\u00fcrfen, Heben und W\u00fcrgen.nnDie Wurfpuppe hat verst\u00e4rkte N\u00e4hte an stark belasteten Stellen. Sie besteht aus dickem, strapazierf\u00e4higem Material und hat bewegliche Arme.nnDie Grappling\u2013Dummy wird mit Gurten zur Befestigung an der Decke geliefert.<\/p>\n","protected":false},"featured_media":44541,"comment_status":"open","ping_status":"closed","template":"","meta":{"_acf_changed":false},"product_brand":[2086],"product_cat":[622,580,1691,616],"product_tag":[],"class_list":{"0":"post-44543","1":"product","2":"type-product","3":"status-publish","4":"has-post-thumbnail","6":"product_brand-pride","7":"product_cat-boxsacke","8":"product_cat-equipment-de","9":"product_cat-sonderangebote","10":"product_cat-trainingsgerate","12":"first","13":"outofstock","14":"taxable","15":"shipping-taxable","16":"purchasable","17":"product-type-simple"},"acf":[],"yoast_head":"<!-- This site is optimized with the Yoast SEO plugin v27.5 - https:\/\/yoast.com\/product\/yoast-seo-wordpress\/ -->\n<title>Grappling Dummy Pride \u2013 DualForce - PRIDEshop<\/title>\n<meta name=\"description\" content=\"Grappling-Dummy zum \u00dcben von W\u00fcrfen und Schl\u00e4gen, Pride. Die Wurfpuppe ist ein idealer Trainingsgegenstand f\u00fcr das \u00dcben von W\u00fcrfen, Eingangstechniken...\" \/>\n<meta name=\"robots\" content=\"index, follow, max-snippet:-1, max-image-preview:large, max-video-preview:-1\" \/>\n<link rel=\"canonical\" href=\"https:\/\/prideshop.eu\/de\/shop\/equipment-de\/trainingsgerate\/boxsacke\/grappling-dummy-zum-uben-von-wurfen-und-schlagen-pride\/\" \/>\n<meta property=\"og:locale\" content=\"de_DE\" \/>\n<meta property=\"og:type\" content=\"article\" \/>\n<meta property=\"og:title\" content=\"Grappling Dummy Pride \u2013 DualForce - PRIDEshop\" \/>\n<meta property=\"og:description\" content=\"Grappling-Dummy zum \u00dcben von W\u00fcrfen und Schl\u00e4gen, Pride. Die Wurfpuppe ist ein idealer Trainingsgegenstand f\u00fcr das \u00dcben von W\u00fcrfen, Eingangstechniken...\" \/>\n<meta property=\"og:url\" content=\"https:\/\/prideshop.eu\/de\/shop\/equipment-de\/trainingsgerate\/boxsacke\/grappling-dummy-zum-uben-von-wurfen-und-schlagen-pride\/\" \/>\n<meta property=\"og:site_name\" content=\"PRIDEshop\" \/>\n<meta property=\"article:publisher\" content=\"https:\/\/sl-si.facebook.com\/PrideShopeu\" \/>\n<meta property=\"article:modified_time\" content=\"2025-08-04T08:44:41+00:00\" \/>\n<meta property=\"og:image\" content=\"https:\/\/prideshop.eu\/wp-content\/uploads\/2023\/05\/grappling-lutka-za-vadbo-metov-in-udarcev-pride-1181.jpeg\" \/>\n\t<meta property=\"og:image:width\" content=\"600\" \/>\n\t<meta property=\"og:image:height\" content=\"600\" \/>\n\t<meta property=\"og:image:type\" content=\"image\/jpeg\" \/>\n<meta name=\"twitter:card\" content=\"summary_large_image\" \/>\n<meta name=\"twitter:label1\" content=\"Gesch\u00e4tzte Lesezeit\" \/>\n\t<meta name=\"twitter:data1\" content=\"1\u00a0Minute\" \/>\n<script type=\"application\/ld+json\" class=\"yoast-schema-graph\">{\"@context\":\"https:\\\/\\\/schema.org\",\"@graph\":[{\"@type\":\"WebPage\",\"@id\":\"https:\\\/\\\/prideshop.eu\\\/de\\\/shop\\\/equipment-de\\\/trainingsgerate\\\/boxsacke\\\/grappling-dummy-zum-uben-von-wurfen-und-schlagen-pride\\\/\",\"url\":\"https:\\\/\\\/prideshop.eu\\\/de\\\/shop\\\/equipment-de\\\/trainingsgerate\\\/boxsacke\\\/grappling-dummy-zum-uben-von-wurfen-und-schlagen-pride\\\/\",\"name\":\"Grappling Dummy Pride \u2013 DualForce - PRIDEshop\",\"isPartOf\":{\"@id\":\"https:\\\/\\\/prideshop.eu\\\/de\\\/#website\"},\"primaryImageOfPage\":{\"@id\":\"https:\\\/\\\/prideshop.eu\\\/de\\\/shop\\\/equipment-de\\\/trainingsgerate\\\/boxsacke\\\/grappling-dummy-zum-uben-von-wurfen-und-schlagen-pride\\\/#primaryimage\"},\"image\":{\"@id\":\"https:\\\/\\\/prideshop.eu\\\/de\\\/shop\\\/equipment-de\\\/trainingsgerate\\\/boxsacke\\\/grappling-dummy-zum-uben-von-wurfen-und-schlagen-pride\\\/#primaryimage\"},\"thumbnailUrl\":\"https:\\\/\\\/prideshop.eu\\\/wp-content\\\/uploads\\\/2023\\\/05\\\/grappling-lutka-za-vadbo-metov-in-udarcev-pride-1181.jpeg\",\"datePublished\":\"2023-05-16T18:49:04+00:00\",\"dateModified\":\"2025-08-04T08:44:41+00:00\",\"description\":\"Grappling-Dummy zum \u00dcben von W\u00fcrfen und Schl\u00e4gen, Pride. Die Wurfpuppe ist ein idealer Trainingsgegenstand f\u00fcr das \u00dcben von W\u00fcrfen, Eingangstechniken...\",\"breadcrumb\":{\"@id\":\"https:\\\/\\\/prideshop.eu\\\/de\\\/shop\\\/equipment-de\\\/trainingsgerate\\\/boxsacke\\\/grappling-dummy-zum-uben-von-wurfen-und-schlagen-pride\\\/#breadcrumb\"},\"inLanguage\":\"de\",\"potentialAction\":[{\"@type\":\"ReadAction\",\"target\":[\"https:\\\/\\\/prideshop.eu\\\/de\\\/shop\\\/equipment-de\\\/trainingsgerate\\\/boxsacke\\\/grappling-dummy-zum-uben-von-wurfen-und-schlagen-pride\\\/\"]}]},{\"@type\":\"ImageObject\",\"inLanguage\":\"de\",\"@id\":\"https:\\\/\\\/prideshop.eu\\\/de\\\/shop\\\/equipment-de\\\/trainingsgerate\\\/boxsacke\\\/grappling-dummy-zum-uben-von-wurfen-und-schlagen-pride\\\/#primaryimage\",\"url\":\"https:\\\/\\\/prideshop.eu\\\/wp-content\\\/uploads\\\/2023\\\/05\\\/grappling-lutka-za-vadbo-metov-in-udarcev-pride-1181.jpeg\",\"contentUrl\":\"https:\\\/\\\/prideshop.eu\\\/wp-content\\\/uploads\\\/2023\\\/05\\\/grappling-lutka-za-vadbo-metov-in-udarcev-pride-1181.jpeg\",\"width\":600,\"height\":600,\"caption\":\"Grappling-Dummy zum \u00dcben von W\u00fcrfen und Schl\u00e4gen Pride\"},{\"@type\":\"BreadcrumbList\",\"@id\":\"https:\\\/\\\/prideshop.eu\\\/de\\\/shop\\\/equipment-de\\\/trainingsgerate\\\/boxsacke\\\/grappling-dummy-zum-uben-von-wurfen-und-schlagen-pride\\\/#breadcrumb\",\"itemListElement\":[{\"@type\":\"ListItem\",\"position\":1,\"name\":\"Home\",\"item\":\"https:\\\/\\\/prideshop.eu\\\/de\\\/\"},{\"@type\":\"ListItem\",\"position\":2,\"name\":\"Gesch\u00e4ft\",\"item\":\"https:\\\/\\\/prideshop.eu\\\/de\\\/geschaeft\\\/\"},{\"@type\":\"ListItem\",\"position\":3,\"name\":\"Grappling Dummy Pride \u2013 DualForce\"}]},{\"@type\":\"WebSite\",\"@id\":\"https:\\\/\\\/prideshop.eu\\\/de\\\/#website\",\"url\":\"https:\\\/\\\/prideshop.eu\\\/de\\\/\",\"name\":\"PRIDEshop\",\"description\":\"Oprema za Borilne \u0160porte\",\"publisher\":{\"@id\":\"https:\\\/\\\/prideshop.eu\\\/de\\\/#organization\"},\"potentialAction\":[{\"@type\":\"SearchAction\",\"target\":{\"@type\":\"EntryPoint\",\"urlTemplate\":\"https:\\\/\\\/prideshop.eu\\\/de\\\/?s={search_term_string}\"},\"query-input\":{\"@type\":\"PropertyValueSpecification\",\"valueRequired\":true,\"valueName\":\"search_term_string\"}}],\"inLanguage\":\"de\"},{\"@type\":\"Organization\",\"@id\":\"https:\\\/\\\/prideshop.eu\\\/de\\\/#organization\",\"name\":\"PRIDEshop\",\"url\":\"https:\\\/\\\/prideshop.eu\\\/de\\\/\",\"logo\":{\"@type\":\"ImageObject\",\"inLanguage\":\"de\",\"@id\":\"https:\\\/\\\/prideshop.eu\\\/de\\\/#\\\/schema\\\/logo\\\/image\\\/\",\"url\":\"\",\"contentUrl\":\"\",\"caption\":\"PRIDEshop\"},\"image\":{\"@id\":\"https:\\\/\\\/prideshop.eu\\\/de\\\/#\\\/schema\\\/logo\\\/image\\\/\"},\"sameAs\":[\"https:\\\/\\\/sl-si.facebook.com\\\/PrideShopeu\"]}]}<\/script>\n<!-- \/ Yoast SEO plugin. -->","yoast_head_json":{"title":"Grappling Dummy Pride \u2013 DualForce - PRIDEshop","description":"Grappling-Dummy zum \u00dcben von W\u00fcrfen und Schl\u00e4gen, Pride. Die Wurfpuppe ist ein idealer Trainingsgegenstand f\u00fcr das \u00dcben von W\u00fcrfen, Eingangstechniken...","robots":{"index":"index","follow":"follow","max-snippet":"max-snippet:-1","max-image-preview":"max-image-preview:large","max-video-preview":"max-video-preview:-1"},"canonical":"https:\/\/prideshop.eu\/de\/shop\/equipment-de\/trainingsgerate\/boxsacke\/grappling-dummy-zum-uben-von-wurfen-und-schlagen-pride\/","og_locale":"de_DE","og_type":"article","og_title":"Grappling Dummy Pride \u2013 DualForce - PRIDEshop","og_description":"Grappling-Dummy zum \u00dcben von W\u00fcrfen und Schl\u00e4gen, Pride. Die Wurfpuppe ist ein idealer Trainingsgegenstand f\u00fcr das \u00dcben von W\u00fcrfen, Eingangstechniken...","og_url":"https:\/\/prideshop.eu\/de\/shop\/equipment-de\/trainingsgerate\/boxsacke\/grappling-dummy-zum-uben-von-wurfen-und-schlagen-pride\/","og_site_name":"PRIDEshop","article_publisher":"https:\/\/sl-si.facebook.com\/PrideShopeu","article_modified_time":"2025-08-04T08:44:41+00:00","og_image":[{"width":600,"height":600,"url":"https:\/\/prideshop.eu\/wp-content\/uploads\/2023\/05\/grappling-lutka-za-vadbo-metov-in-udarcev-pride-1181.jpeg","type":"image\/jpeg"}],"twitter_card":"summary_large_image","twitter_misc":{"Gesch\u00e4tzte Lesezeit":"1\u00a0Minute"},"schema":{"@context":"https:\/\/schema.org","@graph":[{"@type":"WebPage","@id":"https:\/\/prideshop.eu\/de\/shop\/equipment-de\/trainingsgerate\/boxsacke\/grappling-dummy-zum-uben-von-wurfen-und-schlagen-pride\/","url":"https:\/\/prideshop.eu\/de\/shop\/equipment-de\/trainingsgerate\/boxsacke\/grappling-dummy-zum-uben-von-wurfen-und-schlagen-pride\/","name":"Grappling Dummy Pride \u2013 DualForce - PRIDEshop","isPartOf":{"@id":"https:\/\/prideshop.eu\/de\/#website"},"primaryImageOfPage":{"@id":"https:\/\/prideshop.eu\/de\/shop\/equipment-de\/trainingsgerate\/boxsacke\/grappling-dummy-zum-uben-von-wurfen-und-schlagen-pride\/#primaryimage"},"image":{"@id":"https:\/\/prideshop.eu\/de\/shop\/equipment-de\/trainingsgerate\/boxsacke\/grappling-dummy-zum-uben-von-wurfen-und-schlagen-pride\/#primaryimage"},"thumbnailUrl":"https:\/\/prideshop.eu\/wp-content\/uploads\/2023\/05\/grappling-lutka-za-vadbo-metov-in-udarcev-pride-1181.jpeg","datePublished":"2023-05-16T18:49:04+00:00","dateModified":"2025-08-04T08:44:41+00:00","description":"Grappling-Dummy zum \u00dcben von W\u00fcrfen und Schl\u00e4gen, Pride. Die Wurfpuppe ist ein idealer Trainingsgegenstand f\u00fcr das \u00dcben von W\u00fcrfen, Eingangstechniken...","breadcrumb":{"@id":"https:\/\/prideshop.eu\/de\/shop\/equipment-de\/trainingsgerate\/boxsacke\/grappling-dummy-zum-uben-von-wurfen-und-schlagen-pride\/#breadcrumb"},"inLanguage":"de","potentialAction":[{"@type":"ReadAction","target":["https:\/\/prideshop.eu\/de\/shop\/equipment-de\/trainingsgerate\/boxsacke\/grappling-dummy-zum-uben-von-wurfen-und-schlagen-pride\/"]}]},{"@type":"ImageObject","inLanguage":"de","@id":"https:\/\/prideshop.eu\/de\/shop\/equipment-de\/trainingsgerate\/boxsacke\/grappling-dummy-zum-uben-von-wurfen-und-schlagen-pride\/#primaryimage","url":"https:\/\/prideshop.eu\/wp-content\/uploads\/2023\/05\/grappling-lutka-za-vadbo-metov-in-udarcev-pride-1181.jpeg","contentUrl":"https:\/\/prideshop.eu\/wp-content\/uploads\/2023\/05\/grappling-lutka-za-vadbo-metov-in-udarcev-pride-1181.jpeg","width":600,"height":600,"caption":"Grappling-Dummy zum \u00dcben von W\u00fcrfen und Schl\u00e4gen Pride"},{"@type":"BreadcrumbList","@id":"https:\/\/prideshop.eu\/de\/shop\/equipment-de\/trainingsgerate\/boxsacke\/grappling-dummy-zum-uben-von-wurfen-und-schlagen-pride\/#breadcrumb","itemListElement":[{"@type":"ListItem","position":1,"name":"Home","item":"https:\/\/prideshop.eu\/de\/"},{"@type":"ListItem","position":2,"name":"Gesch\u00e4ft","item":"https:\/\/prideshop.eu\/de\/geschaeft\/"},{"@type":"ListItem","position":3,"name":"Grappling Dummy Pride \u2013 DualForce"}]},{"@type":"WebSite","@id":"https:\/\/prideshop.eu\/de\/#website","url":"https:\/\/prideshop.eu\/de\/","name":"PRIDEshop","description":"Oprema za Borilne \u0160porte","publisher":{"@id":"https:\/\/prideshop.eu\/de\/#organization"},"potentialAction":[{"@type":"SearchAction","target":{"@type":"EntryPoint","urlTemplate":"https:\/\/prideshop.eu\/de\/?s={search_term_string}"},"query-input":{"@type":"PropertyValueSpecification","valueRequired":true,"valueName":"search_term_string"}}],"inLanguage":"de"},{"@type":"Organization","@id":"https:\/\/prideshop.eu\/de\/#organization","name":"PRIDEshop","url":"https:\/\/prideshop.eu\/de\/","logo":{"@type":"ImageObject","inLanguage":"de","@id":"https:\/\/prideshop.eu\/de\/#\/schema\/logo\/image\/","url":"","contentUrl":"","caption":"PRIDEshop"},"image":{"@id":"https:\/\/prideshop.eu\/de\/#\/schema\/logo\/image\/"},"sameAs":["https:\/\/sl-si.facebook.com\/PrideShopeu"]}]}},"_links":{"self":[{"href":"https:\/\/prideshop.eu\/de\/wp-json\/wp\/v2\/product\/44543","targetHints":{"allow":["GET"]}}],"collection":[{"href":"https:\/\/prideshop.eu\/de\/wp-json\/wp\/v2\/product"}],"about":[{"href":"https:\/\/prideshop.eu\/de\/wp-json\/wp\/v2\/types\/product"}],"replies":[{"embeddable":true,"href":"https:\/\/prideshop.eu\/de\/wp-json\/wp\/v2\/comments?post=44543"}],"wp:featuredmedia":[{"embeddable":true,"href":"https:\/\/prideshop.eu\/de\/wp-json\/wp\/v2\/media\/44541"}],"wp:attachment":[{"href":"https:\/\/prideshop.eu\/de\/wp-json\/wp\/v2\/media?parent=44543"}],"wp:term":[{"taxonomy":"product_brand","embeddable":true,"href":"https:\/\/prideshop.eu\/de\/wp-json\/wp\/v2\/product_brand?post=44543"},{"taxonomy":"product_cat","embeddable":true,"href":"https:\/\/prideshop.eu\/de\/wp-json\/wp\/v2\/product_cat?post=44543"},{"taxonomy":"product_tag","embeddable":true,"href":"https:\/\/prideshop.eu\/de\/wp-json\/wp\/v2\/product_tag?post=44543"}],"curies":[{"name":"wp","href":"https:\/\/api.w.org\/{rel}","templated":true}]}}