{"id":44821,"date":"2023-01-25T17:39:39","date_gmt":"2023-01-25T16:39:39","guid":{"rendered":"https:\/\/prideshop.eu\/spletna-trgovina\/unkategorisiert\/trainingsstocke-pride\/"},"modified":"2025-08-04T10:48:22","modified_gmt":"2025-08-04T08:48:22","slug":"trainingsstocke-pride","status":"publish","type":"product","link":"https:\/\/prideshop.eu\/de\/shop\/equipment-de\/trainingsgerate\/handpratzen-schlagpolster-schlagschilder\/trainingsstocke-pride\/","title":{"rendered":"Boxst\u00f6cke Pride \u2013 ReflexPaddle"},"content":{"rendered":"<h3>Boxst\u00f6cke Pride \u2013 ReflexPaddle<\/h3>\n<p>Trainingsst\u00f6cke, Pride sind ein v\u00f6llig neues und innovatives Elite\u2013Trainingsger\u00e4t, das Ihnen dabei helfen wird, Ihre F\u00e4higkeiten auf das h\u00f6chste Niveau zu bringen. Entwickeln Sie Pr\u00e4zision bei jedem Schlag und jeder Kombination auf jedem Fertigkeitslevel. Pride Fokusst\u00e4be sind professionell gepolsterte Ziele, die Trainer in das Training integrieren anstelle von Handschuhen. Das innovative Design bietet optimale Schlagfestigkeit und erm\u00f6glicht es dem Trainer dennoch, den Sportler zu ber\u00fchren und leicht zu schlagen, um sowohl Angriff als auch Verteidigung auszuf\u00fchren. Ausgestattet mit dick gepolsterten Sicherheits\u2013Handgelenksb\u00e4ndern, um die Trainingsst\u00e4be w\u00e4hrend des Trainings sicher an Ihren H\u00e4nden zu halten.nnSie werden paarweise verkauft.nnGr\u00f6\u00dfe: 59 cm L\u00e4nge x 6 cm Durchmesser.<\/p>\n","protected":false},"excerpt":{"rendered":"<p>Trainingsst\u00f6cke, Pride sind ein v\u00f6llig neues und innovatives Elite\u2013Trainingsger\u00e4t, das Ihnen dabei helfen wird, Ihre F\u00e4higkeiten auf das h\u00f6chste Niveau zu bringen. Entwickeln Sie Pr\u00e4zision bei jedem Schlag und jeder Kombination auf jedem Fertigkeitslevel. Pride Fokusst\u00e4be sind professionell gepolsterte Ziele, die Trainer in das Training integrieren anstelle von Handschuhen. Das innovative Design bietet optimale Schlagfestigkeit und erm\u00f6glicht es dem Trainer dennoch, den Sportler zu ber\u00fchren und leicht zu schlagen, um sowohl Angriff als auch Verteidigung auszuf\u00fchren. Ausgestattet mit dick gepolsterten Sicherheits\u2013Handgelenksb\u00e4ndern, um die Trainingsst\u00e4be w\u00e4hrend des Trainings sicher an Ihren H\u00e4nden zu halten.nnSie werden paarweise verkauft.nnGr\u00f6\u00dfe: 59 cm L\u00e4nge x 6 cm Durchmesser.<\/p>\n","protected":false},"featured_media":42322,"comment_status":"open","ping_status":"closed","template":"","meta":{"_acf_changed":false},"product_brand":[2086],"product_cat":[580,624,616],"product_tag":[],"class_list":{"0":"post-44821","1":"product","2":"type-product","3":"status-publish","4":"has-post-thumbnail","6":"product_brand-pride","7":"product_cat-equipment-de","8":"product_cat-handpratzen-schlagpolster-schlagschilder","9":"product_cat-trainingsgerate","11":"first","12":"instock","13":"taxable","14":"shipping-taxable","15":"purchasable","16":"product-type-simple"},"acf":[],"yoast_head":"<!-- This site is optimized with the Yoast SEO plugin v27.5 - https:\/\/yoast.com\/product\/yoast-seo-wordpress\/ -->\n<title>Boxst\u00f6cke Pride \u2013 ReflexPaddle - PRIDEshop<\/title>\n<meta name=\"description\" content=\"Trainingsst\u00f6cke, Pride sind ein v\u00f6llig neues und innovatives Elite-Trainingsger\u00e4t, das Ihnen dabei helfen wird, Ihre F\u00e4higkeiten auf das h\u00f6chste Niveau zu bringen.\" \/>\n<meta name=\"robots\" content=\"index, follow, max-snippet:-1, max-image-preview:large, max-video-preview:-1\" \/>\n<link rel=\"canonical\" href=\"https:\/\/prideshop.eu\/de\/shop\/equipment-de\/trainingsgerate\/handpratzen-schlagpolster-schlagschilder\/trainingsstocke-pride\/\" \/>\n<meta property=\"og:locale\" content=\"de_DE\" \/>\n<meta property=\"og:type\" content=\"article\" \/>\n<meta property=\"og:title\" content=\"Boxst\u00f6cke Pride \u2013 ReflexPaddle - PRIDEshop\" \/>\n<meta property=\"og:description\" content=\"Trainingsst\u00f6cke, Pride sind ein v\u00f6llig neues und innovatives Elite-Trainingsger\u00e4t, das Ihnen dabei helfen wird, Ihre F\u00e4higkeiten auf das h\u00f6chste Niveau zu bringen.\" \/>\n<meta property=\"og:url\" content=\"https:\/\/prideshop.eu\/de\/shop\/equipment-de\/trainingsgerate\/handpratzen-schlagpolster-schlagschilder\/trainingsstocke-pride\/\" \/>\n<meta property=\"og:site_name\" content=\"PRIDEshop\" \/>\n<meta property=\"article:publisher\" content=\"https:\/\/sl-si.facebook.com\/PrideShopeu\" \/>\n<meta property=\"article:modified_time\" content=\"2025-08-04T08:48:22+00:00\" \/>\n<meta property=\"og:image\" content=\"https:\/\/prideshop.eu\/wp-content\/uploads\/2023\/01\/palice-fokuserji-pride-3129.jpeg\" \/>\n\t<meta property=\"og:image:width\" content=\"600\" \/>\n\t<meta property=\"og:image:height\" content=\"600\" \/>\n\t<meta property=\"og:image:type\" content=\"image\/jpeg\" \/>\n<meta name=\"twitter:card\" content=\"summary_large_image\" \/>\n<meta name=\"twitter:label1\" content=\"Gesch\u00e4tzte Lesezeit\" \/>\n\t<meta name=\"twitter:data1\" content=\"1\u00a0Minute\" \/>\n<script type=\"application\/ld+json\" class=\"yoast-schema-graph\">{\"@context\":\"https:\\\/\\\/schema.org\",\"@graph\":[{\"@type\":\"WebPage\",\"@id\":\"https:\\\/\\\/prideshop.eu\\\/de\\\/shop\\\/equipment-de\\\/trainingsgerate\\\/handpratzen-schlagpolster-schlagschilder\\\/trainingsstocke-pride\\\/\",\"url\":\"https:\\\/\\\/prideshop.eu\\\/de\\\/shop\\\/equipment-de\\\/trainingsgerate\\\/handpratzen-schlagpolster-schlagschilder\\\/trainingsstocke-pride\\\/\",\"name\":\"Boxst\u00f6cke Pride \u2013 ReflexPaddle - PRIDEshop\",\"isPartOf\":{\"@id\":\"https:\\\/\\\/prideshop.eu\\\/de\\\/#website\"},\"primaryImageOfPage\":{\"@id\":\"https:\\\/\\\/prideshop.eu\\\/de\\\/shop\\\/equipment-de\\\/trainingsgerate\\\/handpratzen-schlagpolster-schlagschilder\\\/trainingsstocke-pride\\\/#primaryimage\"},\"image\":{\"@id\":\"https:\\\/\\\/prideshop.eu\\\/de\\\/shop\\\/equipment-de\\\/trainingsgerate\\\/handpratzen-schlagpolster-schlagschilder\\\/trainingsstocke-pride\\\/#primaryimage\"},\"thumbnailUrl\":\"https:\\\/\\\/prideshop.eu\\\/wp-content\\\/uploads\\\/2023\\\/01\\\/palice-fokuserji-pride-3129.jpeg\",\"datePublished\":\"2023-01-25T16:39:39+00:00\",\"dateModified\":\"2025-08-04T08:48:22+00:00\",\"description\":\"Trainingsst\u00f6cke, Pride sind ein v\u00f6llig neues und innovatives Elite-Trainingsger\u00e4t, das Ihnen dabei helfen wird, Ihre F\u00e4higkeiten auf das h\u00f6chste Niveau zu bringen.\",\"breadcrumb\":{\"@id\":\"https:\\\/\\\/prideshop.eu\\\/de\\\/shop\\\/equipment-de\\\/trainingsgerate\\\/handpratzen-schlagpolster-schlagschilder\\\/trainingsstocke-pride\\\/#breadcrumb\"},\"inLanguage\":\"de\",\"potentialAction\":[{\"@type\":\"ReadAction\",\"target\":[\"https:\\\/\\\/prideshop.eu\\\/de\\\/shop\\\/equipment-de\\\/trainingsgerate\\\/handpratzen-schlagpolster-schlagschilder\\\/trainingsstocke-pride\\\/\"]}]},{\"@type\":\"ImageObject\",\"inLanguage\":\"de\",\"@id\":\"https:\\\/\\\/prideshop.eu\\\/de\\\/shop\\\/equipment-de\\\/trainingsgerate\\\/handpratzen-schlagpolster-schlagschilder\\\/trainingsstocke-pride\\\/#primaryimage\",\"url\":\"https:\\\/\\\/prideshop.eu\\\/wp-content\\\/uploads\\\/2023\\\/01\\\/palice-fokuserji-pride-3129.jpeg\",\"contentUrl\":\"https:\\\/\\\/prideshop.eu\\\/wp-content\\\/uploads\\\/2023\\\/01\\\/palice-fokuserji-pride-3129.jpeg\",\"width\":600,\"height\":600,\"caption\":\"Trainingsst\u00f6cke Pride\"},{\"@type\":\"BreadcrumbList\",\"@id\":\"https:\\\/\\\/prideshop.eu\\\/de\\\/shop\\\/equipment-de\\\/trainingsgerate\\\/handpratzen-schlagpolster-schlagschilder\\\/trainingsstocke-pride\\\/#breadcrumb\",\"itemListElement\":[{\"@type\":\"ListItem\",\"position\":1,\"name\":\"Home\",\"item\":\"https:\\\/\\\/prideshop.eu\\\/de\\\/\"},{\"@type\":\"ListItem\",\"position\":2,\"name\":\"Gesch\u00e4ft\",\"item\":\"https:\\\/\\\/prideshop.eu\\\/de\\\/geschaeft\\\/\"},{\"@type\":\"ListItem\",\"position\":3,\"name\":\"Boxst\u00f6cke Pride \u2013 ReflexPaddle\"}]},{\"@type\":\"WebSite\",\"@id\":\"https:\\\/\\\/prideshop.eu\\\/de\\\/#website\",\"url\":\"https:\\\/\\\/prideshop.eu\\\/de\\\/\",\"name\":\"PRIDEshop\",\"description\":\"Oprema za Borilne \u0160porte\",\"publisher\":{\"@id\":\"https:\\\/\\\/prideshop.eu\\\/de\\\/#organization\"},\"potentialAction\":[{\"@type\":\"SearchAction\",\"target\":{\"@type\":\"EntryPoint\",\"urlTemplate\":\"https:\\\/\\\/prideshop.eu\\\/de\\\/?s={search_term_string}\"},\"query-input\":{\"@type\":\"PropertyValueSpecification\",\"valueRequired\":true,\"valueName\":\"search_term_string\"}}],\"inLanguage\":\"de\"},{\"@type\":\"Organization\",\"@id\":\"https:\\\/\\\/prideshop.eu\\\/de\\\/#organization\",\"name\":\"PRIDEshop\",\"url\":\"https:\\\/\\\/prideshop.eu\\\/de\\\/\",\"logo\":{\"@type\":\"ImageObject\",\"inLanguage\":\"de\",\"@id\":\"https:\\\/\\\/prideshop.eu\\\/de\\\/#\\\/schema\\\/logo\\\/image\\\/\",\"url\":\"\",\"contentUrl\":\"\",\"caption\":\"PRIDEshop\"},\"image\":{\"@id\":\"https:\\\/\\\/prideshop.eu\\\/de\\\/#\\\/schema\\\/logo\\\/image\\\/\"},\"sameAs\":[\"https:\\\/\\\/sl-si.facebook.com\\\/PrideShopeu\"]}]}<\/script>\n<!-- \/ Yoast SEO plugin. -->","yoast_head_json":{"title":"Boxst\u00f6cke Pride \u2013 ReflexPaddle - PRIDEshop","description":"Trainingsst\u00f6cke, Pride sind ein v\u00f6llig neues und innovatives Elite-Trainingsger\u00e4t, das Ihnen dabei helfen wird, Ihre F\u00e4higkeiten auf das h\u00f6chste Niveau zu bringen.","robots":{"index":"index","follow":"follow","max-snippet":"max-snippet:-1","max-image-preview":"max-image-preview:large","max-video-preview":"max-video-preview:-1"},"canonical":"https:\/\/prideshop.eu\/de\/shop\/equipment-de\/trainingsgerate\/handpratzen-schlagpolster-schlagschilder\/trainingsstocke-pride\/","og_locale":"de_DE","og_type":"article","og_title":"Boxst\u00f6cke Pride \u2013 ReflexPaddle - PRIDEshop","og_description":"Trainingsst\u00f6cke, Pride sind ein v\u00f6llig neues und innovatives Elite-Trainingsger\u00e4t, das Ihnen dabei helfen wird, Ihre F\u00e4higkeiten auf das h\u00f6chste Niveau zu bringen.","og_url":"https:\/\/prideshop.eu\/de\/shop\/equipment-de\/trainingsgerate\/handpratzen-schlagpolster-schlagschilder\/trainingsstocke-pride\/","og_site_name":"PRIDEshop","article_publisher":"https:\/\/sl-si.facebook.com\/PrideShopeu","article_modified_time":"2025-08-04T08:48:22+00:00","og_image":[{"width":600,"height":600,"url":"https:\/\/prideshop.eu\/wp-content\/uploads\/2023\/01\/palice-fokuserji-pride-3129.jpeg","type":"image\/jpeg"}],"twitter_card":"summary_large_image","twitter_misc":{"Gesch\u00e4tzte Lesezeit":"1\u00a0Minute"},"schema":{"@context":"https:\/\/schema.org","@graph":[{"@type":"WebPage","@id":"https:\/\/prideshop.eu\/de\/shop\/equipment-de\/trainingsgerate\/handpratzen-schlagpolster-schlagschilder\/trainingsstocke-pride\/","url":"https:\/\/prideshop.eu\/de\/shop\/equipment-de\/trainingsgerate\/handpratzen-schlagpolster-schlagschilder\/trainingsstocke-pride\/","name":"Boxst\u00f6cke Pride \u2013 ReflexPaddle - PRIDEshop","isPartOf":{"@id":"https:\/\/prideshop.eu\/de\/#website"},"primaryImageOfPage":{"@id":"https:\/\/prideshop.eu\/de\/shop\/equipment-de\/trainingsgerate\/handpratzen-schlagpolster-schlagschilder\/trainingsstocke-pride\/#primaryimage"},"image":{"@id":"https:\/\/prideshop.eu\/de\/shop\/equipment-de\/trainingsgerate\/handpratzen-schlagpolster-schlagschilder\/trainingsstocke-pride\/#primaryimage"},"thumbnailUrl":"https:\/\/prideshop.eu\/wp-content\/uploads\/2023\/01\/palice-fokuserji-pride-3129.jpeg","datePublished":"2023-01-25T16:39:39+00:00","dateModified":"2025-08-04T08:48:22+00:00","description":"Trainingsst\u00f6cke, Pride sind ein v\u00f6llig neues und innovatives Elite-Trainingsger\u00e4t, das Ihnen dabei helfen wird, Ihre F\u00e4higkeiten auf das h\u00f6chste Niveau zu bringen.","breadcrumb":{"@id":"https:\/\/prideshop.eu\/de\/shop\/equipment-de\/trainingsgerate\/handpratzen-schlagpolster-schlagschilder\/trainingsstocke-pride\/#breadcrumb"},"inLanguage":"de","potentialAction":[{"@type":"ReadAction","target":["https:\/\/prideshop.eu\/de\/shop\/equipment-de\/trainingsgerate\/handpratzen-schlagpolster-schlagschilder\/trainingsstocke-pride\/"]}]},{"@type":"ImageObject","inLanguage":"de","@id":"https:\/\/prideshop.eu\/de\/shop\/equipment-de\/trainingsgerate\/handpratzen-schlagpolster-schlagschilder\/trainingsstocke-pride\/#primaryimage","url":"https:\/\/prideshop.eu\/wp-content\/uploads\/2023\/01\/palice-fokuserji-pride-3129.jpeg","contentUrl":"https:\/\/prideshop.eu\/wp-content\/uploads\/2023\/01\/palice-fokuserji-pride-3129.jpeg","width":600,"height":600,"caption":"Trainingsst\u00f6cke Pride"},{"@type":"BreadcrumbList","@id":"https:\/\/prideshop.eu\/de\/shop\/equipment-de\/trainingsgerate\/handpratzen-schlagpolster-schlagschilder\/trainingsstocke-pride\/#breadcrumb","itemListElement":[{"@type":"ListItem","position":1,"name":"Home","item":"https:\/\/prideshop.eu\/de\/"},{"@type":"ListItem","position":2,"name":"Gesch\u00e4ft","item":"https:\/\/prideshop.eu\/de\/geschaeft\/"},{"@type":"ListItem","position":3,"name":"Boxst\u00f6cke Pride \u2013 ReflexPaddle"}]},{"@type":"WebSite","@id":"https:\/\/prideshop.eu\/de\/#website","url":"https:\/\/prideshop.eu\/de\/","name":"PRIDEshop","description":"Oprema za Borilne \u0160porte","publisher":{"@id":"https:\/\/prideshop.eu\/de\/#organization"},"potentialAction":[{"@type":"SearchAction","target":{"@type":"EntryPoint","urlTemplate":"https:\/\/prideshop.eu\/de\/?s={search_term_string}"},"query-input":{"@type":"PropertyValueSpecification","valueRequired":true,"valueName":"search_term_string"}}],"inLanguage":"de"},{"@type":"Organization","@id":"https:\/\/prideshop.eu\/de\/#organization","name":"PRIDEshop","url":"https:\/\/prideshop.eu\/de\/","logo":{"@type":"ImageObject","inLanguage":"de","@id":"https:\/\/prideshop.eu\/de\/#\/schema\/logo\/image\/","url":"","contentUrl":"","caption":"PRIDEshop"},"image":{"@id":"https:\/\/prideshop.eu\/de\/#\/schema\/logo\/image\/"},"sameAs":["https:\/\/sl-si.facebook.com\/PrideShopeu"]}]}},"_links":{"self":[{"href":"https:\/\/prideshop.eu\/de\/wp-json\/wp\/v2\/product\/44821","targetHints":{"allow":["GET"]}}],"collection":[{"href":"https:\/\/prideshop.eu\/de\/wp-json\/wp\/v2\/product"}],"about":[{"href":"https:\/\/prideshop.eu\/de\/wp-json\/wp\/v2\/types\/product"}],"replies":[{"embeddable":true,"href":"https:\/\/prideshop.eu\/de\/wp-json\/wp\/v2\/comments?post=44821"}],"wp:featuredmedia":[{"embeddable":true,"href":"https:\/\/prideshop.eu\/de\/wp-json\/wp\/v2\/media\/42322"}],"wp:attachment":[{"href":"https:\/\/prideshop.eu\/de\/wp-json\/wp\/v2\/media?parent=44821"}],"wp:term":[{"taxonomy":"product_brand","embeddable":true,"href":"https:\/\/prideshop.eu\/de\/wp-json\/wp\/v2\/product_brand?post=44821"},{"taxonomy":"product_cat","embeddable":true,"href":"https:\/\/prideshop.eu\/de\/wp-json\/wp\/v2\/product_cat?post=44821"},{"taxonomy":"product_tag","embeddable":true,"href":"https:\/\/prideshop.eu\/de\/wp-json\/wp\/v2\/product_tag?post=44821"}],"curies":[{"name":"wp","href":"https:\/\/api.w.org\/{rel}","templated":true}]}}