{"id":44830,"date":"2023-01-25T14:49:21","date_gmt":"2023-01-25T13:49:21","guid":{"rendered":"https:\/\/prideshop.eu\/spletna-trgovina\/unkategorisiert\/judoanzug-contest-j650-adidas\/"},"modified":"2026-01-13T14:52:10","modified_gmt":"2026-01-13T13:52:10","slug":"judoanzug-contest-j650-adidas","status":"publish","type":"product","link":"https:\/\/prideshop.eu\/de\/shop\/sportarten\/judo-de\/judo-anzuge-judogi-und-kleidung\/judoanzug-contest-j650-adidas\/","title":{"rendered":"Judoanzug 650\u202fg wei\u00df Adidas \u2013 Contest J650"},"content":{"rendered":"<p><strong>Judoanzug 650\u202fg wei\u00df Adidas \u2013 Contest J650<\/strong><\/p>\n<p>Judoanzug Contest J650, Adidas in blauer Farbe mit einem Stoffgewicht von 650g\/m2 ist ideal sowohl f\u00fcr Wettk\u00e4mpfe als auch f\u00fcr das Training.nnDer Adidas Judogi Contest ist ein mittelschwerer Judo Kimono mit Verst\u00e4rkungen haupts\u00e4chlich im Brustbereich und zus\u00e4tzlichen verst\u00e4rkten N\u00e4hten auf der R\u00fcckseite der Jacke.nnDie Hose ist mit doppeltem Stoff im Kniebereich verst\u00e4rkt, um den Judo Kimono noch strapazierf\u00e4higer zu machen. Die Hose hat einen Kordelzug in der Taille f\u00fcr bequemes und sicheres Tragen.nnW\u00e4hlen Sie eine Kimono\u2013Gr\u00f6\u00dfe, die ungef\u00e4hr Ihrer K\u00f6rpergr\u00f6\u00dfe entspricht.nnBeispiel: Ihre K\u00f6rpergr\u00f6\u00dfe betr\u00e4gt 168 cm = Judo Kimono Gr\u00f6\u00dfe 170.nnBeim ordnungsgem\u00e4\u00dfen Waschen kann der Judo Kimono um etwa 1\u20132 cm schrumpfen.nnDer G\u00fcrtel f\u00fcr den Kimono ist nicht im Set enthalten!<\/p>\n","protected":false},"excerpt":{"rendered":"<p>Judoanzug Contest J650, Adidas in blauer Farbe mit einem Stoffgewicht von 650g\/m2 ist ideal sowohl f\u00fcr Wettk\u00e4mpfe als auch f\u00fcr das Training.nnDer Adidas Judogi Contest ist ein mittelschwerer Judo Kimono mit Verst\u00e4rkungen haupts\u00e4chlich im Brustbereich und zus\u00e4tzlichen verst\u00e4rkten N\u00e4hten auf der R\u00fcckseite der Jacke.nnDie Hose ist mit doppeltem Stoff im Kniebereich verst\u00e4rkt, um den Judo Kimono noch strapazierf\u00e4higer zu machen. Die Hose hat einen Kordelzug in der Taille f\u00fcr bequemes und sicheres Tragen.nnW\u00e4hlen Sie eine Kimono\u2013Gr\u00f6\u00dfe, die ungef\u00e4hr Ihrer K\u00f6rpergr\u00f6\u00dfe entspricht.nnBeispiel: Ihre K\u00f6rpergr\u00f6\u00dfe betr\u00e4gt 168 cm = Judo Kimono Gr\u00f6\u00dfe 170.nnBeim ordnungsgem\u00e4\u00dfen Waschen kann der Judo Kimono um etwa 1\u20132 cm schrumpfen.nnDer G\u00fcrtel f\u00fcr den Kimono ist nicht im Set enthalten!<\/p>\n","protected":false},"featured_media":42317,"comment_status":"open","ping_status":"closed","template":"","meta":{"_acf_changed":false},"product_brand":[2084],"product_cat":[658,660,606,600,580,690,694,700,704,656],"product_tag":[],"class_list":{"0":"post-44830","1":"product","2":"type-product","3":"status-publish","4":"has-post-thumbnail","6":"product_brand-adidas","7":"product_cat-aikido-de","8":"product_cat-aikido-anzuge-und-kleidung","9":"product_cat-anzuge-fur-kamfsportarten","10":"product_cat-bekleidung-und-schuhe","11":"product_cat-equipment-de","12":"product_cat-ju-jitsu-de","13":"product_cat-ju-jutsu-anzuge-und-kleidung","14":"product_cat-judo-de","15":"product_cat-judo-anzuge-judogi-und-kleidung","16":"product_cat-sportarten","18":"first","19":"instock","20":"taxable","21":"shipping-taxable","22":"purchasable","23":"product-type-variable"},"acf":[],"yoast_head":"<!-- This site is optimized with the Yoast SEO plugin v27.4 - https:\/\/yoast.com\/product\/yoast-seo-wordpress\/ -->\n<title>Judoanzug 650\u202fg wei\u00df Adidas \u2013 Contest J650 - PRIDEshop<\/title>\n<meta name=\"description\" content=\"Judoanzug Contest J650, Adidas in blauer Farbe mit einem Stoffgewicht von 650g\/m2 ist ideal sowohl f\u00fcr Wettk\u00e4mpfe als auch f\u00fcr das Training.\" \/>\n<meta name=\"robots\" content=\"index, follow, max-snippet:-1, max-image-preview:large, max-video-preview:-1\" \/>\n<link rel=\"canonical\" href=\"https:\/\/prideshop.eu\/de\/shop\/sportarten\/judo-de\/judo-anzuge-judogi-und-kleidung\/judoanzug-contest-j650-adidas\/\" \/>\n<meta property=\"og:locale\" content=\"de_DE\" \/>\n<meta property=\"og:type\" content=\"article\" \/>\n<meta property=\"og:title\" content=\"Judoanzug 650\u202fg wei\u00df Adidas \u2013 Contest J650 - PRIDEshop\" \/>\n<meta property=\"og:description\" content=\"Judoanzug Contest J650, Adidas in blauer Farbe mit einem Stoffgewicht von 650g\/m2 ist ideal sowohl f\u00fcr Wettk\u00e4mpfe als auch f\u00fcr das Training.\" \/>\n<meta property=\"og:url\" content=\"https:\/\/prideshop.eu\/de\/shop\/sportarten\/judo-de\/judo-anzuge-judogi-und-kleidung\/judoanzug-contest-j650-adidas\/\" \/>\n<meta property=\"og:site_name\" content=\"PRIDEshop\" \/>\n<meta property=\"article:publisher\" content=\"https:\/\/sl-si.facebook.com\/PrideShopeu\" \/>\n<meta property=\"article:modified_time\" content=\"2026-01-13T13:52:10+00:00\" \/>\n<meta property=\"og:image\" content=\"https:\/\/prideshop.eu\/wp-content\/uploads\/2023\/01\/judo-kimono-contest-j650-adidas-a542-p.jpeg\" \/>\n\t<meta property=\"og:image:width\" content=\"600\" \/>\n\t<meta property=\"og:image:height\" content=\"600\" \/>\n\t<meta property=\"og:image:type\" content=\"image\/jpeg\" \/>\n<meta name=\"twitter:card\" content=\"summary_large_image\" \/>\n<meta name=\"twitter:label1\" content=\"Gesch\u00e4tzte Lesezeit\" \/>\n\t<meta name=\"twitter:data1\" content=\"1\u00a0Minute\" \/>\n<script type=\"application\/ld+json\" class=\"yoast-schema-graph\">{\"@context\":\"https:\\\/\\\/schema.org\",\"@graph\":[{\"@type\":\"WebPage\",\"@id\":\"https:\\\/\\\/prideshop.eu\\\/de\\\/shop\\\/sportarten\\\/judo-de\\\/judo-anzuge-judogi-und-kleidung\\\/judoanzug-contest-j650-adidas\\\/\",\"url\":\"https:\\\/\\\/prideshop.eu\\\/de\\\/shop\\\/sportarten\\\/judo-de\\\/judo-anzuge-judogi-und-kleidung\\\/judoanzug-contest-j650-adidas\\\/\",\"name\":\"Judoanzug 650\u202fg wei\u00df Adidas \u2013 Contest J650 - PRIDEshop\",\"isPartOf\":{\"@id\":\"https:\\\/\\\/prideshop.eu\\\/de\\\/#website\"},\"primaryImageOfPage\":{\"@id\":\"https:\\\/\\\/prideshop.eu\\\/de\\\/shop\\\/sportarten\\\/judo-de\\\/judo-anzuge-judogi-und-kleidung\\\/judoanzug-contest-j650-adidas\\\/#primaryimage\"},\"image\":{\"@id\":\"https:\\\/\\\/prideshop.eu\\\/de\\\/shop\\\/sportarten\\\/judo-de\\\/judo-anzuge-judogi-und-kleidung\\\/judoanzug-contest-j650-adidas\\\/#primaryimage\"},\"thumbnailUrl\":\"https:\\\/\\\/prideshop.eu\\\/wp-content\\\/uploads\\\/2023\\\/01\\\/judo-kimono-contest-j650-adidas-a542-p.jpeg\",\"datePublished\":\"2023-01-25T13:49:21+00:00\",\"dateModified\":\"2026-01-13T13:52:10+00:00\",\"description\":\"Judoanzug Contest J650, Adidas in blauer Farbe mit einem Stoffgewicht von 650g\\\/m2 ist ideal sowohl f\u00fcr Wettk\u00e4mpfe als auch f\u00fcr das Training.\",\"breadcrumb\":{\"@id\":\"https:\\\/\\\/prideshop.eu\\\/de\\\/shop\\\/sportarten\\\/judo-de\\\/judo-anzuge-judogi-und-kleidung\\\/judoanzug-contest-j650-adidas\\\/#breadcrumb\"},\"inLanguage\":\"de\",\"potentialAction\":[{\"@type\":\"ReadAction\",\"target\":[\"https:\\\/\\\/prideshop.eu\\\/de\\\/shop\\\/sportarten\\\/judo-de\\\/judo-anzuge-judogi-und-kleidung\\\/judoanzug-contest-j650-adidas\\\/\"]}]},{\"@type\":\"ImageObject\",\"inLanguage\":\"de\",\"@id\":\"https:\\\/\\\/prideshop.eu\\\/de\\\/shop\\\/sportarten\\\/judo-de\\\/judo-anzuge-judogi-und-kleidung\\\/judoanzug-contest-j650-adidas\\\/#primaryimage\",\"url\":\"https:\\\/\\\/prideshop.eu\\\/wp-content\\\/uploads\\\/2023\\\/01\\\/judo-kimono-contest-j650-adidas-a542-p.jpeg\",\"contentUrl\":\"https:\\\/\\\/prideshop.eu\\\/wp-content\\\/uploads\\\/2023\\\/01\\\/judo-kimono-contest-j650-adidas-a542-p.jpeg\",\"width\":600,\"height\":600,\"caption\":\"Judoanzug Contest J650 Adidas\"},{\"@type\":\"BreadcrumbList\",\"@id\":\"https:\\\/\\\/prideshop.eu\\\/de\\\/shop\\\/sportarten\\\/judo-de\\\/judo-anzuge-judogi-und-kleidung\\\/judoanzug-contest-j650-adidas\\\/#breadcrumb\",\"itemListElement\":[{\"@type\":\"ListItem\",\"position\":1,\"name\":\"Home\",\"item\":\"https:\\\/\\\/prideshop.eu\\\/de\\\/\"},{\"@type\":\"ListItem\",\"position\":2,\"name\":\"Gesch\u00e4ft\",\"item\":\"https:\\\/\\\/prideshop.eu\\\/de\\\/geschaeft\\\/\"},{\"@type\":\"ListItem\",\"position\":3,\"name\":\"Judoanzug 650\u202fg wei\u00df Adidas \u2013 Contest J650\"}]},{\"@type\":\"WebSite\",\"@id\":\"https:\\\/\\\/prideshop.eu\\\/de\\\/#website\",\"url\":\"https:\\\/\\\/prideshop.eu\\\/de\\\/\",\"name\":\"PRIDEshop\",\"description\":\"Oprema za Borilne \u0160porte\",\"publisher\":{\"@id\":\"https:\\\/\\\/prideshop.eu\\\/de\\\/#organization\"},\"potentialAction\":[{\"@type\":\"SearchAction\",\"target\":{\"@type\":\"EntryPoint\",\"urlTemplate\":\"https:\\\/\\\/prideshop.eu\\\/de\\\/?s={search_term_string}\"},\"query-input\":{\"@type\":\"PropertyValueSpecification\",\"valueRequired\":true,\"valueName\":\"search_term_string\"}}],\"inLanguage\":\"de\"},{\"@type\":\"Organization\",\"@id\":\"https:\\\/\\\/prideshop.eu\\\/de\\\/#organization\",\"name\":\"PRIDEshop\",\"url\":\"https:\\\/\\\/prideshop.eu\\\/de\\\/\",\"logo\":{\"@type\":\"ImageObject\",\"inLanguage\":\"de\",\"@id\":\"https:\\\/\\\/prideshop.eu\\\/de\\\/#\\\/schema\\\/logo\\\/image\\\/\",\"url\":\"\",\"contentUrl\":\"\",\"caption\":\"PRIDEshop\"},\"image\":{\"@id\":\"https:\\\/\\\/prideshop.eu\\\/de\\\/#\\\/schema\\\/logo\\\/image\\\/\"},\"sameAs\":[\"https:\\\/\\\/sl-si.facebook.com\\\/PrideShopeu\"]}]}<\/script>\n<!-- \/ Yoast SEO plugin. -->","yoast_head_json":{"title":"Judoanzug 650\u202fg wei\u00df Adidas \u2013 Contest J650 - PRIDEshop","description":"Judoanzug Contest J650, Adidas in blauer Farbe mit einem Stoffgewicht von 650g\/m2 ist ideal sowohl f\u00fcr Wettk\u00e4mpfe als auch f\u00fcr das Training.","robots":{"index":"index","follow":"follow","max-snippet":"max-snippet:-1","max-image-preview":"max-image-preview:large","max-video-preview":"max-video-preview:-1"},"canonical":"https:\/\/prideshop.eu\/de\/shop\/sportarten\/judo-de\/judo-anzuge-judogi-und-kleidung\/judoanzug-contest-j650-adidas\/","og_locale":"de_DE","og_type":"article","og_title":"Judoanzug 650\u202fg wei\u00df Adidas \u2013 Contest J650 - PRIDEshop","og_description":"Judoanzug Contest J650, Adidas in blauer Farbe mit einem Stoffgewicht von 650g\/m2 ist ideal sowohl f\u00fcr Wettk\u00e4mpfe als auch f\u00fcr das Training.","og_url":"https:\/\/prideshop.eu\/de\/shop\/sportarten\/judo-de\/judo-anzuge-judogi-und-kleidung\/judoanzug-contest-j650-adidas\/","og_site_name":"PRIDEshop","article_publisher":"https:\/\/sl-si.facebook.com\/PrideShopeu","article_modified_time":"2026-01-13T13:52:10+00:00","og_image":[{"width":600,"height":600,"url":"https:\/\/prideshop.eu\/wp-content\/uploads\/2023\/01\/judo-kimono-contest-j650-adidas-a542-p.jpeg","type":"image\/jpeg"}],"twitter_card":"summary_large_image","twitter_misc":{"Gesch\u00e4tzte Lesezeit":"1\u00a0Minute"},"schema":{"@context":"https:\/\/schema.org","@graph":[{"@type":"WebPage","@id":"https:\/\/prideshop.eu\/de\/shop\/sportarten\/judo-de\/judo-anzuge-judogi-und-kleidung\/judoanzug-contest-j650-adidas\/","url":"https:\/\/prideshop.eu\/de\/shop\/sportarten\/judo-de\/judo-anzuge-judogi-und-kleidung\/judoanzug-contest-j650-adidas\/","name":"Judoanzug 650\u202fg wei\u00df Adidas \u2013 Contest J650 - PRIDEshop","isPartOf":{"@id":"https:\/\/prideshop.eu\/de\/#website"},"primaryImageOfPage":{"@id":"https:\/\/prideshop.eu\/de\/shop\/sportarten\/judo-de\/judo-anzuge-judogi-und-kleidung\/judoanzug-contest-j650-adidas\/#primaryimage"},"image":{"@id":"https:\/\/prideshop.eu\/de\/shop\/sportarten\/judo-de\/judo-anzuge-judogi-und-kleidung\/judoanzug-contest-j650-adidas\/#primaryimage"},"thumbnailUrl":"https:\/\/prideshop.eu\/wp-content\/uploads\/2023\/01\/judo-kimono-contest-j650-adidas-a542-p.jpeg","datePublished":"2023-01-25T13:49:21+00:00","dateModified":"2026-01-13T13:52:10+00:00","description":"Judoanzug Contest J650, Adidas in blauer Farbe mit einem Stoffgewicht von 650g\/m2 ist ideal sowohl f\u00fcr Wettk\u00e4mpfe als auch f\u00fcr das Training.","breadcrumb":{"@id":"https:\/\/prideshop.eu\/de\/shop\/sportarten\/judo-de\/judo-anzuge-judogi-und-kleidung\/judoanzug-contest-j650-adidas\/#breadcrumb"},"inLanguage":"de","potentialAction":[{"@type":"ReadAction","target":["https:\/\/prideshop.eu\/de\/shop\/sportarten\/judo-de\/judo-anzuge-judogi-und-kleidung\/judoanzug-contest-j650-adidas\/"]}]},{"@type":"ImageObject","inLanguage":"de","@id":"https:\/\/prideshop.eu\/de\/shop\/sportarten\/judo-de\/judo-anzuge-judogi-und-kleidung\/judoanzug-contest-j650-adidas\/#primaryimage","url":"https:\/\/prideshop.eu\/wp-content\/uploads\/2023\/01\/judo-kimono-contest-j650-adidas-a542-p.jpeg","contentUrl":"https:\/\/prideshop.eu\/wp-content\/uploads\/2023\/01\/judo-kimono-contest-j650-adidas-a542-p.jpeg","width":600,"height":600,"caption":"Judoanzug Contest J650 Adidas"},{"@type":"BreadcrumbList","@id":"https:\/\/prideshop.eu\/de\/shop\/sportarten\/judo-de\/judo-anzuge-judogi-und-kleidung\/judoanzug-contest-j650-adidas\/#breadcrumb","itemListElement":[{"@type":"ListItem","position":1,"name":"Home","item":"https:\/\/prideshop.eu\/de\/"},{"@type":"ListItem","position":2,"name":"Gesch\u00e4ft","item":"https:\/\/prideshop.eu\/de\/geschaeft\/"},{"@type":"ListItem","position":3,"name":"Judoanzug 650\u202fg wei\u00df Adidas \u2013 Contest J650"}]},{"@type":"WebSite","@id":"https:\/\/prideshop.eu\/de\/#website","url":"https:\/\/prideshop.eu\/de\/","name":"PRIDEshop","description":"Oprema za Borilne \u0160porte","publisher":{"@id":"https:\/\/prideshop.eu\/de\/#organization"},"potentialAction":[{"@type":"SearchAction","target":{"@type":"EntryPoint","urlTemplate":"https:\/\/prideshop.eu\/de\/?s={search_term_string}"},"query-input":{"@type":"PropertyValueSpecification","valueRequired":true,"valueName":"search_term_string"}}],"inLanguage":"de"},{"@type":"Organization","@id":"https:\/\/prideshop.eu\/de\/#organization","name":"PRIDEshop","url":"https:\/\/prideshop.eu\/de\/","logo":{"@type":"ImageObject","inLanguage":"de","@id":"https:\/\/prideshop.eu\/de\/#\/schema\/logo\/image\/","url":"","contentUrl":"","caption":"PRIDEshop"},"image":{"@id":"https:\/\/prideshop.eu\/de\/#\/schema\/logo\/image\/"},"sameAs":["https:\/\/sl-si.facebook.com\/PrideShopeu"]}]}},"_links":{"self":[{"href":"https:\/\/prideshop.eu\/de\/wp-json\/wp\/v2\/product\/44830","targetHints":{"allow":["GET"]}}],"collection":[{"href":"https:\/\/prideshop.eu\/de\/wp-json\/wp\/v2\/product"}],"about":[{"href":"https:\/\/prideshop.eu\/de\/wp-json\/wp\/v2\/types\/product"}],"replies":[{"embeddable":true,"href":"https:\/\/prideshop.eu\/de\/wp-json\/wp\/v2\/comments?post=44830"}],"wp:featuredmedia":[{"embeddable":true,"href":"https:\/\/prideshop.eu\/de\/wp-json\/wp\/v2\/media\/42317"}],"wp:attachment":[{"href":"https:\/\/prideshop.eu\/de\/wp-json\/wp\/v2\/media?parent=44830"}],"wp:term":[{"taxonomy":"product_brand","embeddable":true,"href":"https:\/\/prideshop.eu\/de\/wp-json\/wp\/v2\/product_brand?post=44830"},{"taxonomy":"product_cat","embeddable":true,"href":"https:\/\/prideshop.eu\/de\/wp-json\/wp\/v2\/product_cat?post=44830"},{"taxonomy":"product_tag","embeddable":true,"href":"https:\/\/prideshop.eu\/de\/wp-json\/wp\/v2\/product_tag?post=44830"}],"curies":[{"name":"wp","href":"https:\/\/api.w.org\/{rel}","templated":true}]}}