{"id":45463,"date":"2023-08-30T13:34:27","date_gmt":"2023-08-30T11:34:27","guid":{"rendered":"https:\/\/prideshop.eu\/spletna-trgovina\/unkategorisiert\/karate-kata-anzug-shori-premier-league-set-adidas\/"},"modified":"2026-01-13T14:07:46","modified_gmt":"2026-01-13T13:07:46","slug":"karate-kata-anzug-shori-premier-league-set-adidas","status":"publish","type":"product","link":"https:\/\/prideshop.eu\/de\/shop\/sportarten\/karate-ausruestung\/karateanzuge\/karate-kata-anzug-shori-premier-league-set-adidas\/","title":{"rendered":"Karateanzug Kata Set Adidas \u2013 Shori Premier League (2 St\u00fcck)"},"content":{"rendered":"<h3>Karateanzug Kata Set Adidas \u2013 Shori Premier League (2 St\u00fcck)<\/h3>\n<p>Karate Anzug Shori Kata Premier League Set Adidasnpr\u00e4sentiert einen \u00e4u\u00dferst hochwertigen karate Kimono, der von Experten auf dem Gebiet der Kata entworfen wurde. Dieser Kata Anzug bietet au\u00dfergew\u00f6hnliche Qualit\u00e4t und Funktionalit\u00e4t. Die N\u00e4hte am unteren Teil der Jacke, an den \u00c4rmeln und an den B\u00fcndchen der Hose sind speziell verst\u00e4rkt, was die Haltbarkeit und Haltbarkeit des karate Anz\u00fcge gew\u00e4hrleistet. Hosen mit hohem Bund, die beim Tragen an Ort und Stelle bleiben, sorgen f\u00fcr maximalen Komfort.nnDie Jacke und die Hose sind mit einem erkennbaren gestickten Adidas\u2013Logo versehen. Der karate Anzug ist von der WKF (World Karate Federation) f\u00fcr alle Wettkampf\u2013 und Trainingsarten, einschlie\u00dflich Welt\u2013 und Europameisterschaften, zugelassen. Es ist das Ergebnis der Zusammenarbeit mit Top\u2013Wettbewerbern auf der ganzen Welt, die eine hohe Qualit\u00e4t und die Einhaltung der Bed\u00fcrfnisse der Wettbewerber gew\u00e4hrleistet.nnEs besteht aus \u00e4u\u00dferst hochwertigem Stoff, der in Japan hergestellt wurde. Auf der Au\u00dfenseite ist der Stoff fest, auf der Innenseite ist er weich und angenehm, was f\u00fcr ein angenehmes Tragegef\u00fchl sorgt. Der karate Kimono hat einen hohen Bund an der Hose, um den unteren R\u00fccken zu st\u00fctzen und ein Herunterrutschen der Hose zu verhindern.nnDieses Kata Premier League\u2013Anzug\u2013Set besteht aus Doppelhosen und zwei Kimono\u2013Oberteilen. Die Kata\u2013Kimono\u2013Jacke und \u2013Hose verf\u00fcgen \u00fcber blaue und rote Schulterlaschen und adidas\u2013Logos in Rot und Blau.nnEs ist wichtig zu beachten, dass die Verwendung von Kata\u2013Kimonos mit roten und blauen Markierungen bei bestimmten Wettbewerben obligatorisch ist, wie zum Beispiel:nnKarate 1 \u2013 Premier\u2013League\u2013TurniernKarate 1 Serie AnKarate 1 \u2013 JugendliganWeltmeisterschaftnDieser karate Kata\u2013Gi ist die ultimative Wahl f\u00fcr Kata\u2013Wettk\u00e4mpfer, da er h\u00f6chste Qualit\u00e4t, Komfort und die Einhaltung internationaler Wettbewerbsregeln vereint.<\/p>\n","protected":false},"excerpt":{"rendered":"<p>Karate Anzug Shori Kata Premier League Set Adidasnpr\u00e4sentiert einen \u00e4u\u00dferst hochwertigen Karate\u2013Gi, der von Experten auf dem Gebiet der Kata entworfen wurde. Dieser Kate Gi bietet au\u00dfergew\u00f6hnliche Qualit\u00e4t und Funktionalit\u00e4t. Die N\u00e4hte am unteren Teil der Jacke, an den \u00c4rmeln und an den B\u00fcndchen der Hose sind speziell verst\u00e4rkt, was die Haltbarkeit und Haltbarkeit des Karate Anz\u00fcge gew\u00e4hrleistet. Hosen mit hohem Bund, die beim Tragen an Ort und Stelle bleiben, sorgen f\u00fcr maximalen Komfort.n<strong>Dieses Kata Premier League\u2013Anzug\u2013Set besteht aus Doppelhosen und zwei Kimono\u2013Oberteilen. Die Kata\u2013Gi\u2013Jacke und Hose verf\u00fcgen \u00fcber blaue und rote Schulterlaschen und adidas\u2013Logos in Rot und Blau<\/strong>.<\/p>\n","protected":false},"featured_media":57273,"comment_status":"open","ping_status":"closed","template":"","meta":{"_acf_changed":false},"product_brand":[2084],"product_cat":[606,600,580,710,1907,656],"product_tag":[],"class_list":{"0":"post-45463","1":"product","2":"type-product","3":"status-publish","4":"has-post-thumbnail","6":"product_brand-adidas","7":"product_cat-anzuge-fur-kamfsportarten","8":"product_cat-bekleidung-und-schuhe","9":"product_cat-equipment-de","10":"product_cat-karate-ausruestung","11":"product_cat-karateanzuge","12":"product_cat-sportarten","14":"first","15":"instock","16":"featured","17":"taxable","18":"shipping-taxable","19":"purchasable","20":"product-type-variable"},"acf":[],"yoast_head":"<!-- This site is optimized with the Yoast SEO plugin v27.5 - https:\/\/yoast.com\/product\/yoast-seo-wordpress\/ -->\n<title>Karateanzug Kata Set Adidas \u2013 Shori Premier League (2 St\u00fcck) - PRIDEshop<\/title>\n<meta name=\"description\" content=\"Karate Anzug Shori Kata Premier League Set Adidas pr\u00e4sentiert einen \u00e4u\u00dferst hochwertigen Karate-Gi, der von Experten auf dem Gebiet der Kata entworfen wurde.\" \/>\n<meta name=\"robots\" content=\"index, follow, max-snippet:-1, max-image-preview:large, max-video-preview:-1\" \/>\n<link rel=\"canonical\" href=\"https:\/\/prideshop.eu\/de\/shop\/sportarten\/karate-ausruestung\/karateanzuge\/karate-kata-anzug-shori-premier-league-set-adidas\/\" \/>\n<meta property=\"og:locale\" content=\"de_DE\" \/>\n<meta property=\"og:type\" content=\"article\" \/>\n<meta property=\"og:title\" content=\"Karateanzug Kata Set Adidas \u2013 Shori Premier League (2 St\u00fcck) - PRIDEshop\" \/>\n<meta property=\"og:description\" content=\"Karate Anzug Shori Kata Premier League Set Adidas pr\u00e4sentiert einen \u00e4u\u00dferst hochwertigen Karate-Gi, der von Experten auf dem Gebiet der Kata entworfen wurde.\" \/>\n<meta property=\"og:url\" content=\"https:\/\/prideshop.eu\/de\/shop\/sportarten\/karate-ausruestung\/karateanzuge\/karate-kata-anzug-shori-premier-league-set-adidas\/\" \/>\n<meta property=\"og:site_name\" content=\"PRIDEshop\" \/>\n<meta property=\"article:publisher\" content=\"https:\/\/sl-si.facebook.com\/PrideShopeu\" \/>\n<meta property=\"article:modified_time\" content=\"2026-01-13T13:07:46+00:00\" \/>\n<meta property=\"og:image\" content=\"https:\/\/prideshop.eu\/wp-content\/uploads\/2023\/08\/karate-kata-kimono-shori-premier-league-adidas-a5283-2.jpg\" \/>\n\t<meta property=\"og:image:width\" content=\"1000\" \/>\n\t<meta property=\"og:image:height\" content=\"1000\" \/>\n\t<meta property=\"og:image:type\" content=\"image\/jpeg\" \/>\n<meta name=\"twitter:card\" content=\"summary_large_image\" \/>\n<meta name=\"twitter:label1\" content=\"Gesch\u00e4tzte Lesezeit\" \/>\n\t<meta name=\"twitter:data1\" content=\"2\u00a0Minuten\" \/>\n<script type=\"application\/ld+json\" class=\"yoast-schema-graph\">{\"@context\":\"https:\\\/\\\/schema.org\",\"@graph\":[{\"@type\":\"WebPage\",\"@id\":\"https:\\\/\\\/prideshop.eu\\\/de\\\/shop\\\/sportarten\\\/karate-ausruestung\\\/karateanzuge\\\/karate-kata-anzug-shori-premier-league-set-adidas\\\/\",\"url\":\"https:\\\/\\\/prideshop.eu\\\/de\\\/shop\\\/sportarten\\\/karate-ausruestung\\\/karateanzuge\\\/karate-kata-anzug-shori-premier-league-set-adidas\\\/\",\"name\":\"Karateanzug Kata Set Adidas \u2013 Shori Premier League (2 St\u00fcck) - PRIDEshop\",\"isPartOf\":{\"@id\":\"https:\\\/\\\/prideshop.eu\\\/de\\\/#website\"},\"primaryImageOfPage\":{\"@id\":\"https:\\\/\\\/prideshop.eu\\\/de\\\/shop\\\/sportarten\\\/karate-ausruestung\\\/karateanzuge\\\/karate-kata-anzug-shori-premier-league-set-adidas\\\/#primaryimage\"},\"image\":{\"@id\":\"https:\\\/\\\/prideshop.eu\\\/de\\\/shop\\\/sportarten\\\/karate-ausruestung\\\/karateanzuge\\\/karate-kata-anzug-shori-premier-league-set-adidas\\\/#primaryimage\"},\"thumbnailUrl\":\"https:\\\/\\\/prideshop.eu\\\/wp-content\\\/uploads\\\/2023\\\/08\\\/karate-kata-kimono-set-adidas-shori-wkf-premier-league.jpeg\",\"datePublished\":\"2023-08-30T11:34:27+00:00\",\"dateModified\":\"2026-01-13T13:07:46+00:00\",\"description\":\"Karate Anzug Shori Kata Premier League Set Adidas pr\u00e4sentiert einen \u00e4u\u00dferst hochwertigen Karate-Gi, der von Experten auf dem Gebiet der Kata entworfen wurde.\",\"breadcrumb\":{\"@id\":\"https:\\\/\\\/prideshop.eu\\\/de\\\/shop\\\/sportarten\\\/karate-ausruestung\\\/karateanzuge\\\/karate-kata-anzug-shori-premier-league-set-adidas\\\/#breadcrumb\"},\"inLanguage\":\"de\",\"potentialAction\":[{\"@type\":\"ReadAction\",\"target\":[\"https:\\\/\\\/prideshop.eu\\\/de\\\/shop\\\/sportarten\\\/karate-ausruestung\\\/karateanzuge\\\/karate-kata-anzug-shori-premier-league-set-adidas\\\/\"]}]},{\"@type\":\"ImageObject\",\"inLanguage\":\"de\",\"@id\":\"https:\\\/\\\/prideshop.eu\\\/de\\\/shop\\\/sportarten\\\/karate-ausruestung\\\/karateanzuge\\\/karate-kata-anzug-shori-premier-league-set-adidas\\\/#primaryimage\",\"url\":\"https:\\\/\\\/prideshop.eu\\\/wp-content\\\/uploads\\\/2023\\\/08\\\/karate-kata-kimono-set-adidas-shori-wkf-premier-league.jpeg\",\"contentUrl\":\"https:\\\/\\\/prideshop.eu\\\/wp-content\\\/uploads\\\/2023\\\/08\\\/karate-kata-kimono-set-adidas-shori-wkf-premier-league.jpeg\",\"width\":1000,\"height\":1000,\"caption\":\"Karate kata kimono set Adidas Shori WKF Premier League \u2013 modra in rde\u010da jakna + High Waist hla\u010de\"},{\"@type\":\"BreadcrumbList\",\"@id\":\"https:\\\/\\\/prideshop.eu\\\/de\\\/shop\\\/sportarten\\\/karate-ausruestung\\\/karateanzuge\\\/karate-kata-anzug-shori-premier-league-set-adidas\\\/#breadcrumb\",\"itemListElement\":[{\"@type\":\"ListItem\",\"position\":1,\"name\":\"Home\",\"item\":\"https:\\\/\\\/prideshop.eu\\\/de\\\/\"},{\"@type\":\"ListItem\",\"position\":2,\"name\":\"Gesch\u00e4ft\",\"item\":\"https:\\\/\\\/prideshop.eu\\\/de\\\/geschaeft\\\/\"},{\"@type\":\"ListItem\",\"position\":3,\"name\":\"Karateanzug Kata Set Adidas \u2013 Shori Premier League (2 St\u00fcck)\"}]},{\"@type\":\"WebSite\",\"@id\":\"https:\\\/\\\/prideshop.eu\\\/de\\\/#website\",\"url\":\"https:\\\/\\\/prideshop.eu\\\/de\\\/\",\"name\":\"PRIDEshop\",\"description\":\"Oprema za Borilne \u0160porte\",\"publisher\":{\"@id\":\"https:\\\/\\\/prideshop.eu\\\/de\\\/#organization\"},\"potentialAction\":[{\"@type\":\"SearchAction\",\"target\":{\"@type\":\"EntryPoint\",\"urlTemplate\":\"https:\\\/\\\/prideshop.eu\\\/de\\\/?s={search_term_string}\"},\"query-input\":{\"@type\":\"PropertyValueSpecification\",\"valueRequired\":true,\"valueName\":\"search_term_string\"}}],\"inLanguage\":\"de\"},{\"@type\":\"Organization\",\"@id\":\"https:\\\/\\\/prideshop.eu\\\/de\\\/#organization\",\"name\":\"PRIDEshop\",\"url\":\"https:\\\/\\\/prideshop.eu\\\/de\\\/\",\"logo\":{\"@type\":\"ImageObject\",\"inLanguage\":\"de\",\"@id\":\"https:\\\/\\\/prideshop.eu\\\/de\\\/#\\\/schema\\\/logo\\\/image\\\/\",\"url\":\"\",\"contentUrl\":\"\",\"caption\":\"PRIDEshop\"},\"image\":{\"@id\":\"https:\\\/\\\/prideshop.eu\\\/de\\\/#\\\/schema\\\/logo\\\/image\\\/\"},\"sameAs\":[\"https:\\\/\\\/sl-si.facebook.com\\\/PrideShopeu\"]}]}<\/script>\n<!-- \/ Yoast SEO plugin. -->","yoast_head_json":{"title":"Karateanzug Kata Set Adidas \u2013 Shori Premier League (2 St\u00fcck) - PRIDEshop","description":"Karate Anzug Shori Kata Premier League Set Adidas pr\u00e4sentiert einen \u00e4u\u00dferst hochwertigen Karate-Gi, der von Experten auf dem Gebiet der Kata entworfen wurde.","robots":{"index":"index","follow":"follow","max-snippet":"max-snippet:-1","max-image-preview":"max-image-preview:large","max-video-preview":"max-video-preview:-1"},"canonical":"https:\/\/prideshop.eu\/de\/shop\/sportarten\/karate-ausruestung\/karateanzuge\/karate-kata-anzug-shori-premier-league-set-adidas\/","og_locale":"de_DE","og_type":"article","og_title":"Karateanzug Kata Set Adidas \u2013 Shori Premier League (2 St\u00fcck) - PRIDEshop","og_description":"Karate Anzug Shori Kata Premier League Set Adidas pr\u00e4sentiert einen \u00e4u\u00dferst hochwertigen Karate-Gi, der von Experten auf dem Gebiet der Kata entworfen wurde.","og_url":"https:\/\/prideshop.eu\/de\/shop\/sportarten\/karate-ausruestung\/karateanzuge\/karate-kata-anzug-shori-premier-league-set-adidas\/","og_site_name":"PRIDEshop","article_publisher":"https:\/\/sl-si.facebook.com\/PrideShopeu","article_modified_time":"2026-01-13T13:07:46+00:00","og_image":[{"width":1000,"height":1000,"url":"https:\/\/prideshop.eu\/wp-content\/uploads\/2023\/08\/karate-kata-kimono-shori-premier-league-adidas-a5283-2.jpg","type":"image\/jpeg"}],"twitter_card":"summary_large_image","twitter_misc":{"Gesch\u00e4tzte Lesezeit":"2\u00a0Minuten"},"schema":{"@context":"https:\/\/schema.org","@graph":[{"@type":"WebPage","@id":"https:\/\/prideshop.eu\/de\/shop\/sportarten\/karate-ausruestung\/karateanzuge\/karate-kata-anzug-shori-premier-league-set-adidas\/","url":"https:\/\/prideshop.eu\/de\/shop\/sportarten\/karate-ausruestung\/karateanzuge\/karate-kata-anzug-shori-premier-league-set-adidas\/","name":"Karateanzug Kata Set Adidas \u2013 Shori Premier League (2 St\u00fcck) - PRIDEshop","isPartOf":{"@id":"https:\/\/prideshop.eu\/de\/#website"},"primaryImageOfPage":{"@id":"https:\/\/prideshop.eu\/de\/shop\/sportarten\/karate-ausruestung\/karateanzuge\/karate-kata-anzug-shori-premier-league-set-adidas\/#primaryimage"},"image":{"@id":"https:\/\/prideshop.eu\/de\/shop\/sportarten\/karate-ausruestung\/karateanzuge\/karate-kata-anzug-shori-premier-league-set-adidas\/#primaryimage"},"thumbnailUrl":"https:\/\/prideshop.eu\/wp-content\/uploads\/2023\/08\/karate-kata-kimono-set-adidas-shori-wkf-premier-league.jpeg","datePublished":"2023-08-30T11:34:27+00:00","dateModified":"2026-01-13T13:07:46+00:00","description":"Karate Anzug Shori Kata Premier League Set Adidas pr\u00e4sentiert einen \u00e4u\u00dferst hochwertigen Karate-Gi, der von Experten auf dem Gebiet der Kata entworfen wurde.","breadcrumb":{"@id":"https:\/\/prideshop.eu\/de\/shop\/sportarten\/karate-ausruestung\/karateanzuge\/karate-kata-anzug-shori-premier-league-set-adidas\/#breadcrumb"},"inLanguage":"de","potentialAction":[{"@type":"ReadAction","target":["https:\/\/prideshop.eu\/de\/shop\/sportarten\/karate-ausruestung\/karateanzuge\/karate-kata-anzug-shori-premier-league-set-adidas\/"]}]},{"@type":"ImageObject","inLanguage":"de","@id":"https:\/\/prideshop.eu\/de\/shop\/sportarten\/karate-ausruestung\/karateanzuge\/karate-kata-anzug-shori-premier-league-set-adidas\/#primaryimage","url":"https:\/\/prideshop.eu\/wp-content\/uploads\/2023\/08\/karate-kata-kimono-set-adidas-shori-wkf-premier-league.jpeg","contentUrl":"https:\/\/prideshop.eu\/wp-content\/uploads\/2023\/08\/karate-kata-kimono-set-adidas-shori-wkf-premier-league.jpeg","width":1000,"height":1000,"caption":"Karate kata kimono set Adidas Shori WKF Premier League \u2013 modra in rde\u010da jakna + High Waist hla\u010de"},{"@type":"BreadcrumbList","@id":"https:\/\/prideshop.eu\/de\/shop\/sportarten\/karate-ausruestung\/karateanzuge\/karate-kata-anzug-shori-premier-league-set-adidas\/#breadcrumb","itemListElement":[{"@type":"ListItem","position":1,"name":"Home","item":"https:\/\/prideshop.eu\/de\/"},{"@type":"ListItem","position":2,"name":"Gesch\u00e4ft","item":"https:\/\/prideshop.eu\/de\/geschaeft\/"},{"@type":"ListItem","position":3,"name":"Karateanzug Kata Set Adidas \u2013 Shori Premier League (2 St\u00fcck)"}]},{"@type":"WebSite","@id":"https:\/\/prideshop.eu\/de\/#website","url":"https:\/\/prideshop.eu\/de\/","name":"PRIDEshop","description":"Oprema za Borilne \u0160porte","publisher":{"@id":"https:\/\/prideshop.eu\/de\/#organization"},"potentialAction":[{"@type":"SearchAction","target":{"@type":"EntryPoint","urlTemplate":"https:\/\/prideshop.eu\/de\/?s={search_term_string}"},"query-input":{"@type":"PropertyValueSpecification","valueRequired":true,"valueName":"search_term_string"}}],"inLanguage":"de"},{"@type":"Organization","@id":"https:\/\/prideshop.eu\/de\/#organization","name":"PRIDEshop","url":"https:\/\/prideshop.eu\/de\/","logo":{"@type":"ImageObject","inLanguage":"de","@id":"https:\/\/prideshop.eu\/de\/#\/schema\/logo\/image\/","url":"","contentUrl":"","caption":"PRIDEshop"},"image":{"@id":"https:\/\/prideshop.eu\/de\/#\/schema\/logo\/image\/"},"sameAs":["https:\/\/sl-si.facebook.com\/PrideShopeu"]}]}},"_links":{"self":[{"href":"https:\/\/prideshop.eu\/de\/wp-json\/wp\/v2\/product\/45463","targetHints":{"allow":["GET"]}}],"collection":[{"href":"https:\/\/prideshop.eu\/de\/wp-json\/wp\/v2\/product"}],"about":[{"href":"https:\/\/prideshop.eu\/de\/wp-json\/wp\/v2\/types\/product"}],"replies":[{"embeddable":true,"href":"https:\/\/prideshop.eu\/de\/wp-json\/wp\/v2\/comments?post=45463"}],"wp:featuredmedia":[{"embeddable":true,"href":"https:\/\/prideshop.eu\/de\/wp-json\/wp\/v2\/media\/57273"}],"wp:attachment":[{"href":"https:\/\/prideshop.eu\/de\/wp-json\/wp\/v2\/media?parent=45463"}],"wp:term":[{"taxonomy":"product_brand","embeddable":true,"href":"https:\/\/prideshop.eu\/de\/wp-json\/wp\/v2\/product_brand?post=45463"},{"taxonomy":"product_cat","embeddable":true,"href":"https:\/\/prideshop.eu\/de\/wp-json\/wp\/v2\/product_cat?post=45463"},{"taxonomy":"product_tag","embeddable":true,"href":"https:\/\/prideshop.eu\/de\/wp-json\/wp\/v2\/product_tag?post=45463"}],"curies":[{"name":"wp","href":"https:\/\/api.w.org\/{rel}","templated":true}]}}