{"id":46970,"date":"2024-01-24T16:56:47","date_gmt":"2024-01-24T15:56:47","guid":{"rendered":"https:\/\/prideshop.eu\/?post_type=product&#038;p=46970"},"modified":"2025-08-04T11:17:58","modified_gmt":"2025-08-04T09:17:58","slug":"gummierte-fitnessmatte-1001002-cm-tajd-team","status":"publish","type":"product","link":"https:\/\/prideshop.eu\/de\/shop\/equipment-de\/trainingsgerate\/tatamis-puzzle-matten\/gummierte-fitnessmatte-1001002-cm-tajd-team\/","title":{"rendered":"Gummimatte Fitness 100\u00d7100\u00d72\u202fcm Tajd Team \u2013 GymRubber"},"content":{"rendered":"<h3>Gummimatte Fitness 100\u00d7100\u00d72\u202fcm Tajd Team \u2013 GymRubber<\/h3>\n<p>WARUM UNSERE GUMMIMATTEN W\u00c4HLEN?n<\/p>\n<ol>n \t<\/p>\n<li>Spitzenqualit\u00e4t: Unsere Gummimatten werden aus hochwertigen Materialien hergestellt, die Langlebigkeit und eine lange Lebensdauer gew\u00e4hrleisten.<\/li>\n<p>n \t<\/p>\n<li>Sicherheit an erster Stelle: Sie sind mit Ihrer Sicherheit im Hinterkopf entworfen. Sie bieten ausgezeichneten Grip, reduzieren das Risiko des Ausrutschens und absorbieren St\u00f6\u00dfe, was Ihre Gelenke w\u00e4hrend des Trainings sch\u00fctzt.<\/li>\n<p>n \t<\/p>\n<li>Einfache Installation: Die Platten lassen sich einfach ohne spezielles Werkzeug installieren. Sie k\u00f6nnen sie schnell platzieren und je nach Bedarf Ihres Trainingsbereichs anpassen.<\/li>\n<p>n<\/ol>\n<p>nUNSER ANGEBOT:n\u2022 Unterschiedliche Dicken: Wir bieten Gummimatten in Platten verschiedener Dicken an, die Ihren Bed\u00fcrfnissen und Ihrem Raum angepasst sind.n\u2022 Einfache Reinigung: Die bei der Herstellung verwendeten Materialien erm\u00f6glichen eine einfache Reinigung der Matten und gew\u00e4hrleisten eine hygienische Umgebung f\u00fcr Ihr Training.nnABSCHLUSS:nInvestieren Sie in Qualit\u00e4t und Sicherheit Ihres Trainingsbereichs mit unseren gummierten Platten. PRIDEshop.eu ist Ihre erste Wahl f\u00fcr erstklassige Fitnessausr\u00fcstung. Entdecken Sie unsere Kollektion und bringen Sie Ihr Training auf ein neues Niveau!<\/p>\n","protected":false},"excerpt":{"rendered":"<p>Gummierte Fitnessmatte 100 x 100 x 2 cm, Tajd Team ist die ideale L\u00f6sung f\u00fcr Ihr Fitnessstudio. Die gummierten Fitnessplatten sind aus recyceltem Gummi hergestellt. Die Fitness\u2013Gummiunterlage bietet einen universellen Schutz f\u00fcr hohe Belastungen. Die gummierten Platten sch\u00fctzen und isolieren Ihren Boden. Die gummierte Fitnessmatte ist dauerhaft elastisch. Die gummierten Platten sind \u00e4u\u00dferst abriebfest und unempfindlich gegen\u00fcber Feuchtigkeit und Wasser. Die Gummimatten lassen sich leicht montieren. Legen Sie sie einfach auf den Boden. Bei Bedarf k\u00f6nnen Sie sie mit einem Teppichmesser zuschneiden. Die gummierten Platten f\u00fcr Fitness sind auch sto\u00dffest bei Gewichtsabw\u00fcrfen aus gro\u00dfer H\u00f6he. Sie eignen sich sowohl f\u00fcr den Innen\u2013 als auch f\u00fcr den Au\u00dfenbereich. Gummiplatten werden auch zum Schutz von B\u00f6den in verschiedenen Werkst\u00e4tten verwendet.nnBitte beachten Sie, dass unsere gummierte Unterlage aufgrund ihrer Besonderheiten nicht direkt \u00fcber unseren Online\u2013Shop bestellt werden kann. Um Ihnen den besten Service und ein individuelles Angebot zu bieten, laden wir Sie ein, uns per E\u2013Mail unter <a target=\"_new\" rel=\"noopener\">info@prideshop.eu<\/a> zu kontaktieren.nnGeben Sie in Ihrer Nachricht die gew\u00fcnschte Menge der gummierten Unterlagen an und teilen Sie uns auch Ihre Lieferadresse mit. Unser erfahrenes Team erstellt Ihnen dann ein individuelles Angebot, einschlie\u00dflich einer genauen Berechnung der Versandkosten f\u00fcr Ihre Bestellung. Wir versichern Ihnen eine schnelle und zuverl\u00e4ssige Lieferung an die gew\u00fcnschte Adresse.nnVielen Dank f\u00fcr Ihr Verst\u00e4ndnis und Ihr Vertrauen in unsere Dienstleistungen. Wir freuen uns darauf, mit Ihnen zusammenzuarbeiten, um erstklassige Ausr\u00fcstung f\u00fcr Ihre Trainingseinheiten bereitzustellen.<\/p>\n","protected":false},"featured_media":46854,"comment_status":"open","ping_status":"closed","template":"","meta":{"_acf_changed":false},"product_brand":[2099],"product_cat":[580,590,598,588,630,616,582],"product_tag":[],"class_list":{"0":"post-46970","1":"product","2":"type-product","3":"status-publish","4":"has-post-thumbnail","6":"product_brand-tajd-team","7":"product_cat-equipment-de","8":"product_cat-fitness-in-cross-trening-de","9":"product_cat-gerate-krafttraining-und-gewichte","10":"product_cat-sonstiges","11":"product_cat-tatamis-puzzle-matten","12":"product_cat-trainingsgerate","13":"product_cat-zusatzlische-angebote","15":"first","16":"onbackorder","17":"sale","18":"taxable","19":"shipping-taxable","20":"purchasable","21":"product-type-simple"},"acf":[],"yoast_head":"<!-- This site is optimized with the Yoast SEO plugin v27.5 - https:\/\/yoast.com\/product\/yoast-seo-wordpress\/ -->\n<title>Gummimatte Fitness 100\u00d7100\u00d72\u202fcm Tajd Team \u2013 GymRubber - PRIDEshop<\/title>\n<meta name=\"description\" content=\"Die gummierte Unterlage f\u00fcr Fitness ist die richtige L\u00f6sung f\u00fcr Ihr Fitnessstudio. Die Fitness-Gummimatte bietet universellen Schutz f\u00fcr hohe Belastungen.\" \/>\n<meta name=\"robots\" content=\"index, follow, max-snippet:-1, max-image-preview:large, max-video-preview:-1\" \/>\n<link rel=\"canonical\" href=\"https:\/\/prideshop.eu\/de\/shop\/equipment-de\/trainingsgerate\/tatamis-puzzle-matten\/gummierte-fitnessmatte-1001002-cm-tajd-team\/\" \/>\n<meta property=\"og:locale\" content=\"de_DE\" \/>\n<meta property=\"og:type\" content=\"article\" \/>\n<meta property=\"og:title\" content=\"Gummimatte Fitness 100\u00d7100\u00d72\u202fcm Tajd Team \u2013 GymRubber - PRIDEshop\" \/>\n<meta property=\"og:description\" content=\"Die gummierte Unterlage f\u00fcr Fitness ist die richtige L\u00f6sung f\u00fcr Ihr Fitnessstudio. Die Fitness-Gummimatte bietet universellen Schutz f\u00fcr hohe Belastungen.\" \/>\n<meta property=\"og:url\" content=\"https:\/\/prideshop.eu\/de\/shop\/equipment-de\/trainingsgerate\/tatamis-puzzle-matten\/gummierte-fitnessmatte-1001002-cm-tajd-team\/\" \/>\n<meta property=\"og:site_name\" content=\"PRIDEshop\" \/>\n<meta property=\"article:publisher\" content=\"https:\/\/sl-si.facebook.com\/PrideShopeu\" \/>\n<meta property=\"article:modified_time\" content=\"2025-08-04T09:17:58+00:00\" \/>\n<meta property=\"og:image\" content=\"https:\/\/prideshop.eu\/wp-content\/uploads\/2024\/01\/gumirana_podlaga_za_fitnes_tajd_team-G8109.jpg\" \/>\n\t<meta property=\"og:image:width\" content=\"1000\" \/>\n\t<meta property=\"og:image:height\" content=\"1000\" \/>\n\t<meta property=\"og:image:type\" content=\"image\/jpeg\" \/>\n<meta name=\"twitter:card\" content=\"summary_large_image\" \/>\n<meta name=\"twitter:label1\" content=\"Gesch\u00e4tzte Lesezeit\" \/>\n\t<meta name=\"twitter:data1\" content=\"1\u00a0Minute\" \/>\n<script type=\"application\/ld+json\" class=\"yoast-schema-graph\">{\"@context\":\"https:\\\/\\\/schema.org\",\"@graph\":[{\"@type\":\"WebPage\",\"@id\":\"https:\\\/\\\/prideshop.eu\\\/de\\\/shop\\\/equipment-de\\\/trainingsgerate\\\/tatamis-puzzle-matten\\\/gummierte-fitnessmatte-1001002-cm-tajd-team\\\/\",\"url\":\"https:\\\/\\\/prideshop.eu\\\/de\\\/shop\\\/equipment-de\\\/trainingsgerate\\\/tatamis-puzzle-matten\\\/gummierte-fitnessmatte-1001002-cm-tajd-team\\\/\",\"name\":\"Gummimatte Fitness 100\u00d7100\u00d72\u202fcm Tajd Team \u2013 GymRubber - PRIDEshop\",\"isPartOf\":{\"@id\":\"https:\\\/\\\/prideshop.eu\\\/de\\\/#website\"},\"primaryImageOfPage\":{\"@id\":\"https:\\\/\\\/prideshop.eu\\\/de\\\/shop\\\/equipment-de\\\/trainingsgerate\\\/tatamis-puzzle-matten\\\/gummierte-fitnessmatte-1001002-cm-tajd-team\\\/#primaryimage\"},\"image\":{\"@id\":\"https:\\\/\\\/prideshop.eu\\\/de\\\/shop\\\/equipment-de\\\/trainingsgerate\\\/tatamis-puzzle-matten\\\/gummierte-fitnessmatte-1001002-cm-tajd-team\\\/#primaryimage\"},\"thumbnailUrl\":\"https:\\\/\\\/prideshop.eu\\\/wp-content\\\/uploads\\\/2024\\\/01\\\/gumirana_podlaga_za_fitnes_tajd_team-G8109.jpg\",\"datePublished\":\"2024-01-24T15:56:47+00:00\",\"dateModified\":\"2025-08-04T09:17:58+00:00\",\"description\":\"Die gummierte Unterlage f\u00fcr Fitness ist die richtige L\u00f6sung f\u00fcr Ihr Fitnessstudio. Die Fitness-Gummimatte bietet universellen Schutz f\u00fcr hohe Belastungen.\",\"breadcrumb\":{\"@id\":\"https:\\\/\\\/prideshop.eu\\\/de\\\/shop\\\/equipment-de\\\/trainingsgerate\\\/tatamis-puzzle-matten\\\/gummierte-fitnessmatte-1001002-cm-tajd-team\\\/#breadcrumb\"},\"inLanguage\":\"de\",\"potentialAction\":[{\"@type\":\"ReadAction\",\"target\":[\"https:\\\/\\\/prideshop.eu\\\/de\\\/shop\\\/equipment-de\\\/trainingsgerate\\\/tatamis-puzzle-matten\\\/gummierte-fitnessmatte-1001002-cm-tajd-team\\\/\"]}]},{\"@type\":\"ImageObject\",\"inLanguage\":\"de\",\"@id\":\"https:\\\/\\\/prideshop.eu\\\/de\\\/shop\\\/equipment-de\\\/trainingsgerate\\\/tatamis-puzzle-matten\\\/gummierte-fitnessmatte-1001002-cm-tajd-team\\\/#primaryimage\",\"url\":\"https:\\\/\\\/prideshop.eu\\\/wp-content\\\/uploads\\\/2024\\\/01\\\/gumirana_podlaga_za_fitnes_tajd_team-G8109.jpg\",\"contentUrl\":\"https:\\\/\\\/prideshop.eu\\\/wp-content\\\/uploads\\\/2024\\\/01\\\/gumirana_podlaga_za_fitnes_tajd_team-G8109.jpg\",\"width\":1000,\"height\":1000,\"caption\":\"Gummierte Fitnessmatte 100x100x1 cm, Tajd Team\"},{\"@type\":\"BreadcrumbList\",\"@id\":\"https:\\\/\\\/prideshop.eu\\\/de\\\/shop\\\/equipment-de\\\/trainingsgerate\\\/tatamis-puzzle-matten\\\/gummierte-fitnessmatte-1001002-cm-tajd-team\\\/#breadcrumb\",\"itemListElement\":[{\"@type\":\"ListItem\",\"position\":1,\"name\":\"Home\",\"item\":\"https:\\\/\\\/prideshop.eu\\\/de\\\/\"},{\"@type\":\"ListItem\",\"position\":2,\"name\":\"Gesch\u00e4ft\",\"item\":\"https:\\\/\\\/prideshop.eu\\\/de\\\/geschaeft\\\/\"},{\"@type\":\"ListItem\",\"position\":3,\"name\":\"Gummimatte Fitness 100\u00d7100\u00d72\u202fcm Tajd Team \u2013 GymRubber\"}]},{\"@type\":\"WebSite\",\"@id\":\"https:\\\/\\\/prideshop.eu\\\/de\\\/#website\",\"url\":\"https:\\\/\\\/prideshop.eu\\\/de\\\/\",\"name\":\"PRIDEshop\",\"description\":\"Oprema za Borilne \u0160porte\",\"publisher\":{\"@id\":\"https:\\\/\\\/prideshop.eu\\\/de\\\/#organization\"},\"potentialAction\":[{\"@type\":\"SearchAction\",\"target\":{\"@type\":\"EntryPoint\",\"urlTemplate\":\"https:\\\/\\\/prideshop.eu\\\/de\\\/?s={search_term_string}\"},\"query-input\":{\"@type\":\"PropertyValueSpecification\",\"valueRequired\":true,\"valueName\":\"search_term_string\"}}],\"inLanguage\":\"de\"},{\"@type\":\"Organization\",\"@id\":\"https:\\\/\\\/prideshop.eu\\\/de\\\/#organization\",\"name\":\"PRIDEshop\",\"url\":\"https:\\\/\\\/prideshop.eu\\\/de\\\/\",\"logo\":{\"@type\":\"ImageObject\",\"inLanguage\":\"de\",\"@id\":\"https:\\\/\\\/prideshop.eu\\\/de\\\/#\\\/schema\\\/logo\\\/image\\\/\",\"url\":\"\",\"contentUrl\":\"\",\"caption\":\"PRIDEshop\"},\"image\":{\"@id\":\"https:\\\/\\\/prideshop.eu\\\/de\\\/#\\\/schema\\\/logo\\\/image\\\/\"},\"sameAs\":[\"https:\\\/\\\/sl-si.facebook.com\\\/PrideShopeu\"]}]}<\/script>\n<!-- \/ Yoast SEO plugin. -->","yoast_head_json":{"title":"Gummimatte Fitness 100\u00d7100\u00d72\u202fcm Tajd Team \u2013 GymRubber - PRIDEshop","description":"Die gummierte Unterlage f\u00fcr Fitness ist die richtige L\u00f6sung f\u00fcr Ihr Fitnessstudio. Die Fitness-Gummimatte bietet universellen Schutz f\u00fcr hohe Belastungen.","robots":{"index":"index","follow":"follow","max-snippet":"max-snippet:-1","max-image-preview":"max-image-preview:large","max-video-preview":"max-video-preview:-1"},"canonical":"https:\/\/prideshop.eu\/de\/shop\/equipment-de\/trainingsgerate\/tatamis-puzzle-matten\/gummierte-fitnessmatte-1001002-cm-tajd-team\/","og_locale":"de_DE","og_type":"article","og_title":"Gummimatte Fitness 100\u00d7100\u00d72\u202fcm Tajd Team \u2013 GymRubber - PRIDEshop","og_description":"Die gummierte Unterlage f\u00fcr Fitness ist die richtige L\u00f6sung f\u00fcr Ihr Fitnessstudio. Die Fitness-Gummimatte bietet universellen Schutz f\u00fcr hohe Belastungen.","og_url":"https:\/\/prideshop.eu\/de\/shop\/equipment-de\/trainingsgerate\/tatamis-puzzle-matten\/gummierte-fitnessmatte-1001002-cm-tajd-team\/","og_site_name":"PRIDEshop","article_publisher":"https:\/\/sl-si.facebook.com\/PrideShopeu","article_modified_time":"2025-08-04T09:17:58+00:00","og_image":[{"width":1000,"height":1000,"url":"https:\/\/prideshop.eu\/wp-content\/uploads\/2024\/01\/gumirana_podlaga_za_fitnes_tajd_team-G8109.jpg","type":"image\/jpeg"}],"twitter_card":"summary_large_image","twitter_misc":{"Gesch\u00e4tzte Lesezeit":"1\u00a0Minute"},"schema":{"@context":"https:\/\/schema.org","@graph":[{"@type":"WebPage","@id":"https:\/\/prideshop.eu\/de\/shop\/equipment-de\/trainingsgerate\/tatamis-puzzle-matten\/gummierte-fitnessmatte-1001002-cm-tajd-team\/","url":"https:\/\/prideshop.eu\/de\/shop\/equipment-de\/trainingsgerate\/tatamis-puzzle-matten\/gummierte-fitnessmatte-1001002-cm-tajd-team\/","name":"Gummimatte Fitness 100\u00d7100\u00d72\u202fcm Tajd Team \u2013 GymRubber - PRIDEshop","isPartOf":{"@id":"https:\/\/prideshop.eu\/de\/#website"},"primaryImageOfPage":{"@id":"https:\/\/prideshop.eu\/de\/shop\/equipment-de\/trainingsgerate\/tatamis-puzzle-matten\/gummierte-fitnessmatte-1001002-cm-tajd-team\/#primaryimage"},"image":{"@id":"https:\/\/prideshop.eu\/de\/shop\/equipment-de\/trainingsgerate\/tatamis-puzzle-matten\/gummierte-fitnessmatte-1001002-cm-tajd-team\/#primaryimage"},"thumbnailUrl":"https:\/\/prideshop.eu\/wp-content\/uploads\/2024\/01\/gumirana_podlaga_za_fitnes_tajd_team-G8109.jpg","datePublished":"2024-01-24T15:56:47+00:00","dateModified":"2025-08-04T09:17:58+00:00","description":"Die gummierte Unterlage f\u00fcr Fitness ist die richtige L\u00f6sung f\u00fcr Ihr Fitnessstudio. Die Fitness-Gummimatte bietet universellen Schutz f\u00fcr hohe Belastungen.","breadcrumb":{"@id":"https:\/\/prideshop.eu\/de\/shop\/equipment-de\/trainingsgerate\/tatamis-puzzle-matten\/gummierte-fitnessmatte-1001002-cm-tajd-team\/#breadcrumb"},"inLanguage":"de","potentialAction":[{"@type":"ReadAction","target":["https:\/\/prideshop.eu\/de\/shop\/equipment-de\/trainingsgerate\/tatamis-puzzle-matten\/gummierte-fitnessmatte-1001002-cm-tajd-team\/"]}]},{"@type":"ImageObject","inLanguage":"de","@id":"https:\/\/prideshop.eu\/de\/shop\/equipment-de\/trainingsgerate\/tatamis-puzzle-matten\/gummierte-fitnessmatte-1001002-cm-tajd-team\/#primaryimage","url":"https:\/\/prideshop.eu\/wp-content\/uploads\/2024\/01\/gumirana_podlaga_za_fitnes_tajd_team-G8109.jpg","contentUrl":"https:\/\/prideshop.eu\/wp-content\/uploads\/2024\/01\/gumirana_podlaga_za_fitnes_tajd_team-G8109.jpg","width":1000,"height":1000,"caption":"Gummierte Fitnessmatte 100x100x1 cm, Tajd Team"},{"@type":"BreadcrumbList","@id":"https:\/\/prideshop.eu\/de\/shop\/equipment-de\/trainingsgerate\/tatamis-puzzle-matten\/gummierte-fitnessmatte-1001002-cm-tajd-team\/#breadcrumb","itemListElement":[{"@type":"ListItem","position":1,"name":"Home","item":"https:\/\/prideshop.eu\/de\/"},{"@type":"ListItem","position":2,"name":"Gesch\u00e4ft","item":"https:\/\/prideshop.eu\/de\/geschaeft\/"},{"@type":"ListItem","position":3,"name":"Gummimatte Fitness 100\u00d7100\u00d72\u202fcm Tajd Team \u2013 GymRubber"}]},{"@type":"WebSite","@id":"https:\/\/prideshop.eu\/de\/#website","url":"https:\/\/prideshop.eu\/de\/","name":"PRIDEshop","description":"Oprema za Borilne \u0160porte","publisher":{"@id":"https:\/\/prideshop.eu\/de\/#organization"},"potentialAction":[{"@type":"SearchAction","target":{"@type":"EntryPoint","urlTemplate":"https:\/\/prideshop.eu\/de\/?s={search_term_string}"},"query-input":{"@type":"PropertyValueSpecification","valueRequired":true,"valueName":"search_term_string"}}],"inLanguage":"de"},{"@type":"Organization","@id":"https:\/\/prideshop.eu\/de\/#organization","name":"PRIDEshop","url":"https:\/\/prideshop.eu\/de\/","logo":{"@type":"ImageObject","inLanguage":"de","@id":"https:\/\/prideshop.eu\/de\/#\/schema\/logo\/image\/","url":"","contentUrl":"","caption":"PRIDEshop"},"image":{"@id":"https:\/\/prideshop.eu\/de\/#\/schema\/logo\/image\/"},"sameAs":["https:\/\/sl-si.facebook.com\/PrideShopeu"]}]}},"_links":{"self":[{"href":"https:\/\/prideshop.eu\/de\/wp-json\/wp\/v2\/product\/46970","targetHints":{"allow":["GET"]}}],"collection":[{"href":"https:\/\/prideshop.eu\/de\/wp-json\/wp\/v2\/product"}],"about":[{"href":"https:\/\/prideshop.eu\/de\/wp-json\/wp\/v2\/types\/product"}],"replies":[{"embeddable":true,"href":"https:\/\/prideshop.eu\/de\/wp-json\/wp\/v2\/comments?post=46970"}],"wp:featuredmedia":[{"embeddable":true,"href":"https:\/\/prideshop.eu\/de\/wp-json\/wp\/v2\/media\/46854"}],"wp:attachment":[{"href":"https:\/\/prideshop.eu\/de\/wp-json\/wp\/v2\/media?parent=46970"}],"wp:term":[{"taxonomy":"product_brand","embeddable":true,"href":"https:\/\/prideshop.eu\/de\/wp-json\/wp\/v2\/product_brand?post=46970"},{"taxonomy":"product_cat","embeddable":true,"href":"https:\/\/prideshop.eu\/de\/wp-json\/wp\/v2\/product_cat?post=46970"},{"taxonomy":"product_tag","embeddable":true,"href":"https:\/\/prideshop.eu\/de\/wp-json\/wp\/v2\/product_tag?post=46970"}],"curies":[{"name":"wp","href":"https:\/\/api.w.org\/{rel}","templated":true}]}}