{"id":47149,"date":"2024-02-07T16:09:45","date_gmt":"2024-02-07T15:09:45","guid":{"rendered":"https:\/\/prideshop.eu\/?post_type=product&#038;p=47149"},"modified":"2025-08-04T11:08:24","modified_gmt":"2025-08-04T09:08:24","slug":"boxhandschuhe-speed-100-adidas-schwarz","status":"publish","type":"product","link":"https:\/\/prideshop.eu\/de\/shop\/sportarten\/thaiboxen\/thaiboxen-handschuhe\/boxhandschuhe-speed-100-adidas-schwarz\/","title":{"rendered":"Boxhandschuhe Speed \u200b\u200b100 | Adidas"},"content":{"rendered":"<h3>Boxhandschuhe Speed \u200b\u200b100 | Adidas<\/h3>\n<p>Wir sind stolz, die hochwertigen Adidas Speed \u200b\u200b100 Boxhandschuhe pr\u00e4sentieren zu k\u00f6nnen, die f\u00fcr au\u00dfergew\u00f6hnliche Qualit\u00e4t und Komfort beim Training konzipiert sind. Sie bestehen aus strapazierf\u00e4higem PU\u2013Kunstleder, was f\u00fcr eine lange Lebensdauer und Strapazierf\u00e4higkeit der Handschuhe sorgt. Die Innenseite der Handschuhe ist mit Taftfutter ausgekleidet, das nicht nur f\u00fcr Tragekomfort sorgt, sondern auch Feuchtigkeit von den H\u00e4nden ableitet und diese beim Training trocken und hygienisch h\u00e4lt.<\/p>\n","protected":false},"excerpt":{"rendered":"<div class=\"flex\u20131 overflow\u2013hidden\">n<\/p>\n<div class=\"react\u2013scroll\u2013to\u2013bottom\u2013\u2013css\u2013eyfek\u201379elbk h\u2013full\">n<\/p>\n<div class=\"react\u2013scroll\u2013to\u2013bottom\u2013\u2013css\u2013eyfek\u20131n7m0yu\">n<\/p>\n<div class=\"flex flex\u2013col pb\u20139 text\u2013sm\">n<\/p>\n<div class=\"w\u2013full text\u2013token\u2013text\u2013primary\" data\u2013testid=\"conversation\u2013turn\u20139\">n<\/p>\n<div class=\"px\u20134 py\u20132 justify\u2013center text\u2013base md:gap\u20136 m\u2013auto\">n<\/p>\n<div class=\"flex flex\u20131 text\u2013base mx\u2013auto gap\u20133 md:px\u20135 lg:px\u20131 xl:px\u20135 md:max\u2013w\u20133xl lg:max\u2013w\u2013[40rem] xl:max\u2013w\u2013[48rem] group final\u2013completion\">n<\/p>\n<div class=\"relative flex w\u2013full flex\u2013col lg:w\u2013[calc(100%\u2013115px)] agent\u2013turn\">n<\/p>\n<div class=\"flex\u2013col gap\u20131 md:gap\u20133\">n<\/p>\n<div class=\"flex flex\u2013grow flex\u2013col max\u2013w\u2013full\">n<\/p>\n<div class=\"min\u2013h\u2013[20px] text\u2013message flex flex\u2013col items\u2013start gap\u20133 whitespace\u2013pre\u2013wrap break\u2013words [.text\u2013message+&amp;]:mt\u20135 overflow\u2013x\u2013auto\" data\u2013message\u2013author\u2013role=\"assistant\" data\u2013message\u2013id=\"8ea7e233\u2013af3c\u20134075\u2013aaa9\u2013845766002960\">n<\/p>\n<div class=\"markdown prose w\u2013full break\u2013words dark:prose\u2013invert light\">nnBoxhandschuhe Speed 100 von Adidas. Vertrauen Sie f\u00fcr ein erstklassiges Boxtraining auf die Boxhandschuhe Speed 100 von Adidas. Die Boxhandschuhe sind aus strapazierf\u00e4higem PU\u2013Synthetikleder gefertigt und mit einer Taffeta\u2013Polsterung versehen, die au\u00dfergew\u00f6hnlichen Komfort und Haltbarkeit gew\u00e4hrleistet. Die neue IMF\u2013Technologie erm\u00f6glicht eine homogene Sto\u00dfd\u00e4mpfung, sch\u00fctzt die H\u00e4nde vor Verletzungen w\u00e4hrend intensiver Trainingseinheiten. Mit einem elastischen Klettverschluss am Handgelenk sitzen die Handschuhe eng und gew\u00e4hrleisten Stabilit\u00e4t w\u00e4hrend des Trainings. Die Adidas Speed 100S Handschuhe sind eine ausgezeichnete Wahl f\u00fcr jeden Boxer, der Qualit\u00e4t, Komfort und Sicherheit bei seinen Boxunternehmungen sucht.nn<\/div>\n<p>n<\/p><\/div>\n<p>n<\/p><\/div>\n<p>n<\/p><\/div>\n<p>n<\/p><\/div>\n<p>n<\/p><\/div>\n<p>n<\/p><\/div>\n<p>n<\/p><\/div>\n<p>n<\/p><\/div>\n<p>n<\/p><\/div>\n<p>n<\/p><\/div>\n<p>n<\/p><\/div>\n","protected":false},"featured_media":47161,"comment_status":"open","ping_status":"closed","template":"","meta":{"_acf_changed":false},"product_brand":[2084],"product_cat":[664,670,580,638,722,728,634,656,778,784],"product_tag":[],"class_list":{"0":"post-47149","1":"product","2":"type-product","3":"status-publish","4":"has-post-thumbnail","6":"product_brand-adidas","7":"product_cat-boxen","8":"product_cat-boxhandschuhe","9":"product_cat-equipment-de","10":"product_cat-handschuhe","11":"product_cat-kickboxen","12":"product_cat-kickboxenhandschuhe","13":"product_cat-schutzausrustung","14":"product_cat-sportarten","15":"product_cat-thaiboxen","16":"product_cat-thaiboxen-handschuhe","18":"first","19":"outofstock","20":"taxable","21":"shipping-taxable","22":"product-type-variable"},"acf":[],"yoast_head":"<!-- This site is optimized with the Yoast SEO plugin v27.5 - https:\/\/yoast.com\/product\/yoast-seo-wordpress\/ -->\n<title>Boxhandschuhe Speed \u200b\u200b100 | Adidas - PRIDEshop<\/title>\n<meta name=\"description\" content=\"Boxhandschuhe Speed \u200b\u200b100, Adidas, aus festem PU-Kunstleder, Innenfutter aus Taft. Verschluss mit elastischem Klettverschluss.\" \/>\n<meta name=\"robots\" content=\"index, follow, max-snippet:-1, max-image-preview:large, max-video-preview:-1\" \/>\n<link rel=\"canonical\" href=\"https:\/\/prideshop.eu\/de\/shop\/sportarten\/thaiboxen\/thaiboxen-handschuhe\/boxhandschuhe-speed-100-adidas-schwarz\/\" \/>\n<meta property=\"og:locale\" content=\"de_DE\" \/>\n<meta property=\"og:type\" content=\"article\" \/>\n<meta property=\"og:title\" content=\"Boxhandschuhe Speed \u200b\u200b100 | Adidas - PRIDEshop\" \/>\n<meta property=\"og:description\" content=\"Boxhandschuhe Speed \u200b\u200b100, Adidas, aus festem PU-Kunstleder, Innenfutter aus Taft. Verschluss mit elastischem Klettverschluss.\" \/>\n<meta property=\"og:url\" content=\"https:\/\/prideshop.eu\/de\/shop\/sportarten\/thaiboxen\/thaiboxen-handschuhe\/boxhandschuhe-speed-100-adidas-schwarz\/\" \/>\n<meta property=\"og:site_name\" content=\"PRIDEshop\" \/>\n<meta property=\"article:publisher\" content=\"https:\/\/sl-si.facebook.com\/PrideShopeu\" \/>\n<meta property=\"article:modified_time\" content=\"2025-08-04T09:08:24+00:00\" \/>\n<meta property=\"og:image\" content=\"https:\/\/prideshop.eu\/wp-content\/uploads\/2024\/02\/boks-rokavice-speed-100-adidas-A7151b.jpg\" \/>\n\t<meta property=\"og:image:width\" content=\"600\" \/>\n\t<meta property=\"og:image:height\" content=\"600\" \/>\n\t<meta property=\"og:image:type\" content=\"image\/jpeg\" \/>\n<meta name=\"twitter:card\" content=\"summary_large_image\" \/>\n<script type=\"application\/ld+json\" class=\"yoast-schema-graph\">{\"@context\":\"https:\\\/\\\/schema.org\",\"@graph\":[{\"@type\":\"WebPage\",\"@id\":\"https:\\\/\\\/prideshop.eu\\\/de\\\/shop\\\/sportarten\\\/thaiboxen\\\/thaiboxen-handschuhe\\\/boxhandschuhe-speed-100-adidas-schwarz\\\/\",\"url\":\"https:\\\/\\\/prideshop.eu\\\/de\\\/shop\\\/sportarten\\\/thaiboxen\\\/thaiboxen-handschuhe\\\/boxhandschuhe-speed-100-adidas-schwarz\\\/\",\"name\":\"Boxhandschuhe Speed \u200b\u200b100 | Adidas - PRIDEshop\",\"isPartOf\":{\"@id\":\"https:\\\/\\\/prideshop.eu\\\/de\\\/#website\"},\"primaryImageOfPage\":{\"@id\":\"https:\\\/\\\/prideshop.eu\\\/de\\\/shop\\\/sportarten\\\/thaiboxen\\\/thaiboxen-handschuhe\\\/boxhandschuhe-speed-100-adidas-schwarz\\\/#primaryimage\"},\"image\":{\"@id\":\"https:\\\/\\\/prideshop.eu\\\/de\\\/shop\\\/sportarten\\\/thaiboxen\\\/thaiboxen-handschuhe\\\/boxhandschuhe-speed-100-adidas-schwarz\\\/#primaryimage\"},\"thumbnailUrl\":\"https:\\\/\\\/prideshop.eu\\\/wp-content\\\/uploads\\\/2024\\\/02\\\/boks-rokavice-speed-100-adidas-A7151b.jpg\",\"datePublished\":\"2024-02-07T15:09:45+00:00\",\"dateModified\":\"2025-08-04T09:08:24+00:00\",\"description\":\"Boxhandschuhe Speed \u200b\u200b100, Adidas, aus festem PU-Kunstleder, Innenfutter aus Taft. Verschluss mit elastischem Klettverschluss.\",\"breadcrumb\":{\"@id\":\"https:\\\/\\\/prideshop.eu\\\/de\\\/shop\\\/sportarten\\\/thaiboxen\\\/thaiboxen-handschuhe\\\/boxhandschuhe-speed-100-adidas-schwarz\\\/#breadcrumb\"},\"inLanguage\":\"de\",\"potentialAction\":[{\"@type\":\"ReadAction\",\"target\":[\"https:\\\/\\\/prideshop.eu\\\/de\\\/shop\\\/sportarten\\\/thaiboxen\\\/thaiboxen-handschuhe\\\/boxhandschuhe-speed-100-adidas-schwarz\\\/\"]}]},{\"@type\":\"ImageObject\",\"inLanguage\":\"de\",\"@id\":\"https:\\\/\\\/prideshop.eu\\\/de\\\/shop\\\/sportarten\\\/thaiboxen\\\/thaiboxen-handschuhe\\\/boxhandschuhe-speed-100-adidas-schwarz\\\/#primaryimage\",\"url\":\"https:\\\/\\\/prideshop.eu\\\/wp-content\\\/uploads\\\/2024\\\/02\\\/boks-rokavice-speed-100-adidas-A7151b.jpg\",\"contentUrl\":\"https:\\\/\\\/prideshop.eu\\\/wp-content\\\/uploads\\\/2024\\\/02\\\/boks-rokavice-speed-100-adidas-A7151b.jpg\",\"width\":600,\"height\":600,\"caption\":\"Boks rokavice Speed 100 Adidas \u010drne barve z zlatim logo\"},{\"@type\":\"BreadcrumbList\",\"@id\":\"https:\\\/\\\/prideshop.eu\\\/de\\\/shop\\\/sportarten\\\/thaiboxen\\\/thaiboxen-handschuhe\\\/boxhandschuhe-speed-100-adidas-schwarz\\\/#breadcrumb\",\"itemListElement\":[{\"@type\":\"ListItem\",\"position\":1,\"name\":\"Home\",\"item\":\"https:\\\/\\\/prideshop.eu\\\/de\\\/\"},{\"@type\":\"ListItem\",\"position\":2,\"name\":\"Gesch\u00e4ft\",\"item\":\"https:\\\/\\\/prideshop.eu\\\/de\\\/geschaeft\\\/\"},{\"@type\":\"ListItem\",\"position\":3,\"name\":\"Boxhandschuhe Speed \u200b\u200b100 | Adidas\"}]},{\"@type\":\"WebSite\",\"@id\":\"https:\\\/\\\/prideshop.eu\\\/de\\\/#website\",\"url\":\"https:\\\/\\\/prideshop.eu\\\/de\\\/\",\"name\":\"PRIDEshop\",\"description\":\"Oprema za Borilne \u0160porte\",\"publisher\":{\"@id\":\"https:\\\/\\\/prideshop.eu\\\/de\\\/#organization\"},\"potentialAction\":[{\"@type\":\"SearchAction\",\"target\":{\"@type\":\"EntryPoint\",\"urlTemplate\":\"https:\\\/\\\/prideshop.eu\\\/de\\\/?s={search_term_string}\"},\"query-input\":{\"@type\":\"PropertyValueSpecification\",\"valueRequired\":true,\"valueName\":\"search_term_string\"}}],\"inLanguage\":\"de\"},{\"@type\":\"Organization\",\"@id\":\"https:\\\/\\\/prideshop.eu\\\/de\\\/#organization\",\"name\":\"PRIDEshop\",\"url\":\"https:\\\/\\\/prideshop.eu\\\/de\\\/\",\"logo\":{\"@type\":\"ImageObject\",\"inLanguage\":\"de\",\"@id\":\"https:\\\/\\\/prideshop.eu\\\/de\\\/#\\\/schema\\\/logo\\\/image\\\/\",\"url\":\"\",\"contentUrl\":\"\",\"caption\":\"PRIDEshop\"},\"image\":{\"@id\":\"https:\\\/\\\/prideshop.eu\\\/de\\\/#\\\/schema\\\/logo\\\/image\\\/\"},\"sameAs\":[\"https:\\\/\\\/sl-si.facebook.com\\\/PrideShopeu\"]}]}<\/script>\n<!-- \/ Yoast SEO plugin. -->","yoast_head_json":{"title":"Boxhandschuhe Speed \u200b\u200b100 | Adidas - PRIDEshop","description":"Boxhandschuhe Speed \u200b\u200b100, Adidas, aus festem PU-Kunstleder, Innenfutter aus Taft. Verschluss mit elastischem Klettverschluss.","robots":{"index":"index","follow":"follow","max-snippet":"max-snippet:-1","max-image-preview":"max-image-preview:large","max-video-preview":"max-video-preview:-1"},"canonical":"https:\/\/prideshop.eu\/de\/shop\/sportarten\/thaiboxen\/thaiboxen-handschuhe\/boxhandschuhe-speed-100-adidas-schwarz\/","og_locale":"de_DE","og_type":"article","og_title":"Boxhandschuhe Speed \u200b\u200b100 | Adidas - PRIDEshop","og_description":"Boxhandschuhe Speed \u200b\u200b100, Adidas, aus festem PU-Kunstleder, Innenfutter aus Taft. Verschluss mit elastischem Klettverschluss.","og_url":"https:\/\/prideshop.eu\/de\/shop\/sportarten\/thaiboxen\/thaiboxen-handschuhe\/boxhandschuhe-speed-100-adidas-schwarz\/","og_site_name":"PRIDEshop","article_publisher":"https:\/\/sl-si.facebook.com\/PrideShopeu","article_modified_time":"2025-08-04T09:08:24+00:00","og_image":[{"width":600,"height":600,"url":"https:\/\/prideshop.eu\/wp-content\/uploads\/2024\/02\/boks-rokavice-speed-100-adidas-A7151b.jpg","type":"image\/jpeg"}],"twitter_card":"summary_large_image","schema":{"@context":"https:\/\/schema.org","@graph":[{"@type":"WebPage","@id":"https:\/\/prideshop.eu\/de\/shop\/sportarten\/thaiboxen\/thaiboxen-handschuhe\/boxhandschuhe-speed-100-adidas-schwarz\/","url":"https:\/\/prideshop.eu\/de\/shop\/sportarten\/thaiboxen\/thaiboxen-handschuhe\/boxhandschuhe-speed-100-adidas-schwarz\/","name":"Boxhandschuhe Speed \u200b\u200b100 | Adidas - PRIDEshop","isPartOf":{"@id":"https:\/\/prideshop.eu\/de\/#website"},"primaryImageOfPage":{"@id":"https:\/\/prideshop.eu\/de\/shop\/sportarten\/thaiboxen\/thaiboxen-handschuhe\/boxhandschuhe-speed-100-adidas-schwarz\/#primaryimage"},"image":{"@id":"https:\/\/prideshop.eu\/de\/shop\/sportarten\/thaiboxen\/thaiboxen-handschuhe\/boxhandschuhe-speed-100-adidas-schwarz\/#primaryimage"},"thumbnailUrl":"https:\/\/prideshop.eu\/wp-content\/uploads\/2024\/02\/boks-rokavice-speed-100-adidas-A7151b.jpg","datePublished":"2024-02-07T15:09:45+00:00","dateModified":"2025-08-04T09:08:24+00:00","description":"Boxhandschuhe Speed \u200b\u200b100, Adidas, aus festem PU-Kunstleder, Innenfutter aus Taft. Verschluss mit elastischem Klettverschluss.","breadcrumb":{"@id":"https:\/\/prideshop.eu\/de\/shop\/sportarten\/thaiboxen\/thaiboxen-handschuhe\/boxhandschuhe-speed-100-adidas-schwarz\/#breadcrumb"},"inLanguage":"de","potentialAction":[{"@type":"ReadAction","target":["https:\/\/prideshop.eu\/de\/shop\/sportarten\/thaiboxen\/thaiboxen-handschuhe\/boxhandschuhe-speed-100-adidas-schwarz\/"]}]},{"@type":"ImageObject","inLanguage":"de","@id":"https:\/\/prideshop.eu\/de\/shop\/sportarten\/thaiboxen\/thaiboxen-handschuhe\/boxhandschuhe-speed-100-adidas-schwarz\/#primaryimage","url":"https:\/\/prideshop.eu\/wp-content\/uploads\/2024\/02\/boks-rokavice-speed-100-adidas-A7151b.jpg","contentUrl":"https:\/\/prideshop.eu\/wp-content\/uploads\/2024\/02\/boks-rokavice-speed-100-adidas-A7151b.jpg","width":600,"height":600,"caption":"Boks rokavice Speed 100 Adidas \u010drne barve z zlatim logo"},{"@type":"BreadcrumbList","@id":"https:\/\/prideshop.eu\/de\/shop\/sportarten\/thaiboxen\/thaiboxen-handschuhe\/boxhandschuhe-speed-100-adidas-schwarz\/#breadcrumb","itemListElement":[{"@type":"ListItem","position":1,"name":"Home","item":"https:\/\/prideshop.eu\/de\/"},{"@type":"ListItem","position":2,"name":"Gesch\u00e4ft","item":"https:\/\/prideshop.eu\/de\/geschaeft\/"},{"@type":"ListItem","position":3,"name":"Boxhandschuhe Speed \u200b\u200b100 | Adidas"}]},{"@type":"WebSite","@id":"https:\/\/prideshop.eu\/de\/#website","url":"https:\/\/prideshop.eu\/de\/","name":"PRIDEshop","description":"Oprema za Borilne \u0160porte","publisher":{"@id":"https:\/\/prideshop.eu\/de\/#organization"},"potentialAction":[{"@type":"SearchAction","target":{"@type":"EntryPoint","urlTemplate":"https:\/\/prideshop.eu\/de\/?s={search_term_string}"},"query-input":{"@type":"PropertyValueSpecification","valueRequired":true,"valueName":"search_term_string"}}],"inLanguage":"de"},{"@type":"Organization","@id":"https:\/\/prideshop.eu\/de\/#organization","name":"PRIDEshop","url":"https:\/\/prideshop.eu\/de\/","logo":{"@type":"ImageObject","inLanguage":"de","@id":"https:\/\/prideshop.eu\/de\/#\/schema\/logo\/image\/","url":"","contentUrl":"","caption":"PRIDEshop"},"image":{"@id":"https:\/\/prideshop.eu\/de\/#\/schema\/logo\/image\/"},"sameAs":["https:\/\/sl-si.facebook.com\/PrideShopeu"]}]}},"_links":{"self":[{"href":"https:\/\/prideshop.eu\/de\/wp-json\/wp\/v2\/product\/47149","targetHints":{"allow":["GET"]}}],"collection":[{"href":"https:\/\/prideshop.eu\/de\/wp-json\/wp\/v2\/product"}],"about":[{"href":"https:\/\/prideshop.eu\/de\/wp-json\/wp\/v2\/types\/product"}],"replies":[{"embeddable":true,"href":"https:\/\/prideshop.eu\/de\/wp-json\/wp\/v2\/comments?post=47149"}],"wp:featuredmedia":[{"embeddable":true,"href":"https:\/\/prideshop.eu\/de\/wp-json\/wp\/v2\/media\/47161"}],"wp:attachment":[{"href":"https:\/\/prideshop.eu\/de\/wp-json\/wp\/v2\/media?parent=47149"}],"wp:term":[{"taxonomy":"product_brand","embeddable":true,"href":"https:\/\/prideshop.eu\/de\/wp-json\/wp\/v2\/product_brand?post=47149"},{"taxonomy":"product_cat","embeddable":true,"href":"https:\/\/prideshop.eu\/de\/wp-json\/wp\/v2\/product_cat?post=47149"},{"taxonomy":"product_tag","embeddable":true,"href":"https:\/\/prideshop.eu\/de\/wp-json\/wp\/v2\/product_tag?post=47149"}],"curies":[{"name":"wp","href":"https:\/\/api.w.org\/{rel}","templated":true}]}}