{"id":47261,"date":"2024-02-10T19:59:53","date_gmt":"2024-02-10T18:59:53","guid":{"rendered":"https:\/\/prideshop.eu\/spletna-trgovina\/unkategorisiert\/saya-bokkenscheide-tajd-team\/"},"modified":"2025-08-04T11:17:49","modified_gmt":"2025-08-04T09:17:49","slug":"saya-bokkenscheide-tajd-team","status":"publish","type":"product","link":"https:\/\/prideshop.eu\/de\/shop\/equipment-de\/trainingsgerate\/trainingswaffen\/saya-bokkenscheide-tajd-team\/","title":{"rendered":"Bokken Saya Tajd Team"},"content":{"rendered":"<h3>Bokken Saya Tajd Team<\/h3>\n<p>Saya, Bokkenscheide f\u00fcr Bokken, Tajd Team aus hochwertigem Kunststoff mit 80 cm langen B\u00e4ndern f\u00fcr Ihr h\u00f6lzernes Samurai\u2013Schwert Bokken. Erleben Sie erstklassigen Schutz f\u00fcr Ihr h\u00f6lzernes Samurai\u2013Schwert Bokken mit unserer Saya\u2013H\u00fclle f\u00fcr Bokken, hergestellt von der renommierten Marke Tajd Team. Diese hochwertige Schwertscheide ist aus strapazierf\u00e4higem Kunststoff gefertigt und verf\u00fcgt \u00fcber B\u00e4nder zur sicheren Befestigung, um lang anhaltenden Schutz f\u00fcr Ihr Bokken zu gew\u00e4hrleisten. Mit einer L\u00e4nge von 80 cm ist sie ideal f\u00fcr sichere Aufbewahrung und Transport geeignet, egal ob Sie ein Amateur oder professioneller Praktizierender von Kampfk\u00fcnsten sind. Das elegante Design bewahrt den traditionellen Charme des Samurai\u2013Erbes und bietet gleichzeitig Funktionalit\u00e4t und \u00e4sthetischen Genuss. Erh\u00f6hen Sie die Sicherheit und Langlebigkeit Ihres Bokkens mit dieser erstklassigen Saya\u2013H\u00fclle f\u00fcr h\u00f6lzerne Schwerter, die die Bed\u00fcrfnisse jedes leidenschaftlichen Kampfsportliebhabers erf\u00fcllen wird.<\/p>\n","protected":false},"excerpt":{"rendered":"<p>Saya, Bokkenscheide f\u00fcr Bokken, Tajd Team aus hochwertigem Kunststoff mit 80 cm langen B\u00e4ndern f\u00fcr Ihr h\u00f6lzernes Samurai\u2013Schwert Bokken. Erleben Sie erstklassigen Schutz f\u00fcr Ihr h\u00f6lzernes Samurai\u2013Schwert Bokken mit unserer Saya\u2013H\u00fclle f\u00fcr Bokken, hergestellt von der renommierten Marke Tajd Team. Diese hochwertige Schwertscheide ist aus strapazierf\u00e4higem Kunststoff gefertigt und verf\u00fcgt \u00fcber B\u00e4nder zur sicheren Befestigung, um lang anhaltenden Schutz f\u00fcr Ihr Bokken zu gew\u00e4hrleisten. Mit einer L\u00e4nge von 80 cm ist sie ideal f\u00fcr sichere Aufbewahrung und Transport geeignet, egal ob Sie ein Amateur oder professioneller Praktizierender von Kampfk\u00fcnsten sind. Das elegante Design bewahrt den traditionellen Charme des Samurai\u2013Erbes und bietet gleichzeitig Funktionalit\u00e4t und \u00e4sthetischen Genuss. Erh\u00f6hen Sie die Sicherheit und Langlebigkeit Ihres Bokkens mit dieser erstklassigen Saya\u2013H\u00fclle f\u00fcr h\u00f6lzerne Schwerter, die die Bed\u00fcrfnisse jedes leidenschaftlichen Kampfsportliebhabers erf\u00fcllen wird.<\/p>\n","protected":false},"featured_media":47260,"comment_status":"open","ping_status":"closed","template":"","meta":{"_acf_changed":false},"product_brand":[2099],"product_cat":[580,656,628],"product_tag":[],"class_list":{"0":"post-47261","1":"product","2":"type-product","3":"status-publish","4":"has-post-thumbnail","6":"product_brand-tajd-team","7":"product_cat-equipment-de","8":"product_cat-sportarten","9":"product_cat-trainingswaffen","11":"first","12":"instock","13":"taxable","14":"shipping-taxable","15":"purchasable","16":"product-type-simple"},"acf":[],"yoast_head":"<!-- This site is optimized with the Yoast SEO plugin v27.5 - https:\/\/yoast.com\/product\/yoast-seo-wordpress\/ -->\n<title>Bokken Saya Tajd Team - PRIDEshop<\/title>\n<meta name=\"description\" content=\"Saya, Bokkenscheide f\u00fcr Bokken, Tajd Team aus hochwertigem Kunststoff mit 80 cm langen B\u00e4ndern f\u00fcr Ihr h\u00f6lzernes Samurai-Schwert Bokken. Hochwertige Schwertscheide.\" \/>\n<meta name=\"robots\" content=\"index, follow, max-snippet:-1, max-image-preview:large, max-video-preview:-1\" \/>\n<link rel=\"canonical\" href=\"https:\/\/prideshop.eu\/de\/shop\/equipment-de\/trainingsgerate\/trainingswaffen\/saya-bokkenscheide-tajd-team\/\" \/>\n<meta property=\"og:locale\" content=\"de_DE\" \/>\n<meta property=\"og:type\" content=\"article\" \/>\n<meta property=\"og:title\" content=\"Bokken Saya Tajd Team - PRIDEshop\" \/>\n<meta property=\"og:description\" content=\"Saya, Bokkenscheide f\u00fcr Bokken, Tajd Team aus hochwertigem Kunststoff mit 80 cm langen B\u00e4ndern f\u00fcr Ihr h\u00f6lzernes Samurai-Schwert Bokken. Hochwertige Schwertscheide.\" \/>\n<meta property=\"og:url\" content=\"https:\/\/prideshop.eu\/de\/shop\/equipment-de\/trainingsgerate\/trainingswaffen\/saya-bokkenscheide-tajd-team\/\" \/>\n<meta property=\"og:site_name\" content=\"PRIDEshop\" \/>\n<meta property=\"article:publisher\" content=\"https:\/\/sl-si.facebook.com\/PrideShopeu\" \/>\n<meta property=\"article:modified_time\" content=\"2025-08-04T09:17:49+00:00\" \/>\n<meta property=\"og:image\" content=\"https:\/\/prideshop.eu\/wp-content\/uploads\/2024\/02\/saya-noznica-za-bokken-tajd-team-DWA001.jpg\" \/>\n\t<meta property=\"og:image:width\" content=\"1000\" \/>\n\t<meta property=\"og:image:height\" content=\"1000\" \/>\n\t<meta property=\"og:image:type\" content=\"image\/jpeg\" \/>\n<meta name=\"twitter:card\" content=\"summary_large_image\" \/>\n<meta name=\"twitter:label1\" content=\"Gesch\u00e4tzte Lesezeit\" \/>\n\t<meta name=\"twitter:data1\" content=\"1\u00a0Minute\" \/>\n<script type=\"application\/ld+json\" class=\"yoast-schema-graph\">{\"@context\":\"https:\\\/\\\/schema.org\",\"@graph\":[{\"@type\":\"WebPage\",\"@id\":\"https:\\\/\\\/prideshop.eu\\\/de\\\/shop\\\/equipment-de\\\/trainingsgerate\\\/trainingswaffen\\\/saya-bokkenscheide-tajd-team\\\/\",\"url\":\"https:\\\/\\\/prideshop.eu\\\/de\\\/shop\\\/equipment-de\\\/trainingsgerate\\\/trainingswaffen\\\/saya-bokkenscheide-tajd-team\\\/\",\"name\":\"Bokken Saya Tajd Team - PRIDEshop\",\"isPartOf\":{\"@id\":\"https:\\\/\\\/prideshop.eu\\\/de\\\/#website\"},\"primaryImageOfPage\":{\"@id\":\"https:\\\/\\\/prideshop.eu\\\/de\\\/shop\\\/equipment-de\\\/trainingsgerate\\\/trainingswaffen\\\/saya-bokkenscheide-tajd-team\\\/#primaryimage\"},\"image\":{\"@id\":\"https:\\\/\\\/prideshop.eu\\\/de\\\/shop\\\/equipment-de\\\/trainingsgerate\\\/trainingswaffen\\\/saya-bokkenscheide-tajd-team\\\/#primaryimage\"},\"thumbnailUrl\":\"https:\\\/\\\/prideshop.eu\\\/wp-content\\\/uploads\\\/2024\\\/02\\\/saya-noznica-za-bokken-tajd-team-DWA001.jpg\",\"datePublished\":\"2024-02-10T18:59:53+00:00\",\"dateModified\":\"2025-08-04T09:17:49+00:00\",\"description\":\"Saya, Bokkenscheide f\u00fcr Bokken, Tajd Team aus hochwertigem Kunststoff mit 80 cm langen B\u00e4ndern f\u00fcr Ihr h\u00f6lzernes Samurai-Schwert Bokken. Hochwertige Schwertscheide.\",\"breadcrumb\":{\"@id\":\"https:\\\/\\\/prideshop.eu\\\/de\\\/shop\\\/equipment-de\\\/trainingsgerate\\\/trainingswaffen\\\/saya-bokkenscheide-tajd-team\\\/#breadcrumb\"},\"inLanguage\":\"de\",\"potentialAction\":[{\"@type\":\"ReadAction\",\"target\":[\"https:\\\/\\\/prideshop.eu\\\/de\\\/shop\\\/equipment-de\\\/trainingsgerate\\\/trainingswaffen\\\/saya-bokkenscheide-tajd-team\\\/\"]}]},{\"@type\":\"ImageObject\",\"inLanguage\":\"de\",\"@id\":\"https:\\\/\\\/prideshop.eu\\\/de\\\/shop\\\/equipment-de\\\/trainingsgerate\\\/trainingswaffen\\\/saya-bokkenscheide-tajd-team\\\/#primaryimage\",\"url\":\"https:\\\/\\\/prideshop.eu\\\/wp-content\\\/uploads\\\/2024\\\/02\\\/saya-noznica-za-bokken-tajd-team-DWA001.jpg\",\"contentUrl\":\"https:\\\/\\\/prideshop.eu\\\/wp-content\\\/uploads\\\/2024\\\/02\\\/saya-noznica-za-bokken-tajd-team-DWA001.jpg\",\"width\":1000,\"height\":1000,\"caption\":\"Saya, Bokkenscheide Tajd Team\"},{\"@type\":\"BreadcrumbList\",\"@id\":\"https:\\\/\\\/prideshop.eu\\\/de\\\/shop\\\/equipment-de\\\/trainingsgerate\\\/trainingswaffen\\\/saya-bokkenscheide-tajd-team\\\/#breadcrumb\",\"itemListElement\":[{\"@type\":\"ListItem\",\"position\":1,\"name\":\"Home\",\"item\":\"https:\\\/\\\/prideshop.eu\\\/de\\\/\"},{\"@type\":\"ListItem\",\"position\":2,\"name\":\"Gesch\u00e4ft\",\"item\":\"https:\\\/\\\/prideshop.eu\\\/de\\\/geschaeft\\\/\"},{\"@type\":\"ListItem\",\"position\":3,\"name\":\"Bokken Saya Tajd Team\"}]},{\"@type\":\"WebSite\",\"@id\":\"https:\\\/\\\/prideshop.eu\\\/de\\\/#website\",\"url\":\"https:\\\/\\\/prideshop.eu\\\/de\\\/\",\"name\":\"PRIDEshop\",\"description\":\"Oprema za Borilne \u0160porte\",\"publisher\":{\"@id\":\"https:\\\/\\\/prideshop.eu\\\/de\\\/#organization\"},\"potentialAction\":[{\"@type\":\"SearchAction\",\"target\":{\"@type\":\"EntryPoint\",\"urlTemplate\":\"https:\\\/\\\/prideshop.eu\\\/de\\\/?s={search_term_string}\"},\"query-input\":{\"@type\":\"PropertyValueSpecification\",\"valueRequired\":true,\"valueName\":\"search_term_string\"}}],\"inLanguage\":\"de\"},{\"@type\":\"Organization\",\"@id\":\"https:\\\/\\\/prideshop.eu\\\/de\\\/#organization\",\"name\":\"PRIDEshop\",\"url\":\"https:\\\/\\\/prideshop.eu\\\/de\\\/\",\"logo\":{\"@type\":\"ImageObject\",\"inLanguage\":\"de\",\"@id\":\"https:\\\/\\\/prideshop.eu\\\/de\\\/#\\\/schema\\\/logo\\\/image\\\/\",\"url\":\"\",\"contentUrl\":\"\",\"caption\":\"PRIDEshop\"},\"image\":{\"@id\":\"https:\\\/\\\/prideshop.eu\\\/de\\\/#\\\/schema\\\/logo\\\/image\\\/\"},\"sameAs\":[\"https:\\\/\\\/sl-si.facebook.com\\\/PrideShopeu\"]}]}<\/script>\n<!-- \/ Yoast SEO plugin. -->","yoast_head_json":{"title":"Bokken Saya Tajd Team - PRIDEshop","description":"Saya, Bokkenscheide f\u00fcr Bokken, Tajd Team aus hochwertigem Kunststoff mit 80 cm langen B\u00e4ndern f\u00fcr Ihr h\u00f6lzernes Samurai-Schwert Bokken. Hochwertige Schwertscheide.","robots":{"index":"index","follow":"follow","max-snippet":"max-snippet:-1","max-image-preview":"max-image-preview:large","max-video-preview":"max-video-preview:-1"},"canonical":"https:\/\/prideshop.eu\/de\/shop\/equipment-de\/trainingsgerate\/trainingswaffen\/saya-bokkenscheide-tajd-team\/","og_locale":"de_DE","og_type":"article","og_title":"Bokken Saya Tajd Team - PRIDEshop","og_description":"Saya, Bokkenscheide f\u00fcr Bokken, Tajd Team aus hochwertigem Kunststoff mit 80 cm langen B\u00e4ndern f\u00fcr Ihr h\u00f6lzernes Samurai-Schwert Bokken. Hochwertige Schwertscheide.","og_url":"https:\/\/prideshop.eu\/de\/shop\/equipment-de\/trainingsgerate\/trainingswaffen\/saya-bokkenscheide-tajd-team\/","og_site_name":"PRIDEshop","article_publisher":"https:\/\/sl-si.facebook.com\/PrideShopeu","article_modified_time":"2025-08-04T09:17:49+00:00","og_image":[{"width":1000,"height":1000,"url":"https:\/\/prideshop.eu\/wp-content\/uploads\/2024\/02\/saya-noznica-za-bokken-tajd-team-DWA001.jpg","type":"image\/jpeg"}],"twitter_card":"summary_large_image","twitter_misc":{"Gesch\u00e4tzte Lesezeit":"1\u00a0Minute"},"schema":{"@context":"https:\/\/schema.org","@graph":[{"@type":"WebPage","@id":"https:\/\/prideshop.eu\/de\/shop\/equipment-de\/trainingsgerate\/trainingswaffen\/saya-bokkenscheide-tajd-team\/","url":"https:\/\/prideshop.eu\/de\/shop\/equipment-de\/trainingsgerate\/trainingswaffen\/saya-bokkenscheide-tajd-team\/","name":"Bokken Saya Tajd Team - PRIDEshop","isPartOf":{"@id":"https:\/\/prideshop.eu\/de\/#website"},"primaryImageOfPage":{"@id":"https:\/\/prideshop.eu\/de\/shop\/equipment-de\/trainingsgerate\/trainingswaffen\/saya-bokkenscheide-tajd-team\/#primaryimage"},"image":{"@id":"https:\/\/prideshop.eu\/de\/shop\/equipment-de\/trainingsgerate\/trainingswaffen\/saya-bokkenscheide-tajd-team\/#primaryimage"},"thumbnailUrl":"https:\/\/prideshop.eu\/wp-content\/uploads\/2024\/02\/saya-noznica-za-bokken-tajd-team-DWA001.jpg","datePublished":"2024-02-10T18:59:53+00:00","dateModified":"2025-08-04T09:17:49+00:00","description":"Saya, Bokkenscheide f\u00fcr Bokken, Tajd Team aus hochwertigem Kunststoff mit 80 cm langen B\u00e4ndern f\u00fcr Ihr h\u00f6lzernes Samurai-Schwert Bokken. Hochwertige Schwertscheide.","breadcrumb":{"@id":"https:\/\/prideshop.eu\/de\/shop\/equipment-de\/trainingsgerate\/trainingswaffen\/saya-bokkenscheide-tajd-team\/#breadcrumb"},"inLanguage":"de","potentialAction":[{"@type":"ReadAction","target":["https:\/\/prideshop.eu\/de\/shop\/equipment-de\/trainingsgerate\/trainingswaffen\/saya-bokkenscheide-tajd-team\/"]}]},{"@type":"ImageObject","inLanguage":"de","@id":"https:\/\/prideshop.eu\/de\/shop\/equipment-de\/trainingsgerate\/trainingswaffen\/saya-bokkenscheide-tajd-team\/#primaryimage","url":"https:\/\/prideshop.eu\/wp-content\/uploads\/2024\/02\/saya-noznica-za-bokken-tajd-team-DWA001.jpg","contentUrl":"https:\/\/prideshop.eu\/wp-content\/uploads\/2024\/02\/saya-noznica-za-bokken-tajd-team-DWA001.jpg","width":1000,"height":1000,"caption":"Saya, Bokkenscheide Tajd Team"},{"@type":"BreadcrumbList","@id":"https:\/\/prideshop.eu\/de\/shop\/equipment-de\/trainingsgerate\/trainingswaffen\/saya-bokkenscheide-tajd-team\/#breadcrumb","itemListElement":[{"@type":"ListItem","position":1,"name":"Home","item":"https:\/\/prideshop.eu\/de\/"},{"@type":"ListItem","position":2,"name":"Gesch\u00e4ft","item":"https:\/\/prideshop.eu\/de\/geschaeft\/"},{"@type":"ListItem","position":3,"name":"Bokken Saya Tajd Team"}]},{"@type":"WebSite","@id":"https:\/\/prideshop.eu\/de\/#website","url":"https:\/\/prideshop.eu\/de\/","name":"PRIDEshop","description":"Oprema za Borilne \u0160porte","publisher":{"@id":"https:\/\/prideshop.eu\/de\/#organization"},"potentialAction":[{"@type":"SearchAction","target":{"@type":"EntryPoint","urlTemplate":"https:\/\/prideshop.eu\/de\/?s={search_term_string}"},"query-input":{"@type":"PropertyValueSpecification","valueRequired":true,"valueName":"search_term_string"}}],"inLanguage":"de"},{"@type":"Organization","@id":"https:\/\/prideshop.eu\/de\/#organization","name":"PRIDEshop","url":"https:\/\/prideshop.eu\/de\/","logo":{"@type":"ImageObject","inLanguage":"de","@id":"https:\/\/prideshop.eu\/de\/#\/schema\/logo\/image\/","url":"","contentUrl":"","caption":"PRIDEshop"},"image":{"@id":"https:\/\/prideshop.eu\/de\/#\/schema\/logo\/image\/"},"sameAs":["https:\/\/sl-si.facebook.com\/PrideShopeu"]}]}},"_links":{"self":[{"href":"https:\/\/prideshop.eu\/de\/wp-json\/wp\/v2\/product\/47261","targetHints":{"allow":["GET"]}}],"collection":[{"href":"https:\/\/prideshop.eu\/de\/wp-json\/wp\/v2\/product"}],"about":[{"href":"https:\/\/prideshop.eu\/de\/wp-json\/wp\/v2\/types\/product"}],"replies":[{"embeddable":true,"href":"https:\/\/prideshop.eu\/de\/wp-json\/wp\/v2\/comments?post=47261"}],"wp:featuredmedia":[{"embeddable":true,"href":"https:\/\/prideshop.eu\/de\/wp-json\/wp\/v2\/media\/47260"}],"wp:attachment":[{"href":"https:\/\/prideshop.eu\/de\/wp-json\/wp\/v2\/media?parent=47261"}],"wp:term":[{"taxonomy":"product_brand","embeddable":true,"href":"https:\/\/prideshop.eu\/de\/wp-json\/wp\/v2\/product_brand?post=47261"},{"taxonomy":"product_cat","embeddable":true,"href":"https:\/\/prideshop.eu\/de\/wp-json\/wp\/v2\/product_cat?post=47261"},{"taxonomy":"product_tag","embeddable":true,"href":"https:\/\/prideshop.eu\/de\/wp-json\/wp\/v2\/product_tag?post=47261"}],"curies":[{"name":"wp","href":"https:\/\/api.w.org\/{rel}","templated":true}]}}