{"id":47820,"date":"2024-02-14T09:09:46","date_gmt":"2024-02-14T08:09:46","guid":{"rendered":"https:\/\/prideshop.eu\/spletna-trgovina\/unkategorisiert\/judoanzug-club-gi-j350-weiss-gruen-adidas\/"},"modified":"2026-01-13T14:31:55","modified_gmt":"2026-01-13T13:31:55","slug":"judoanzug-club-gi-j350-weiss-gruen-adidas","status":"publish","type":"product","link":"https:\/\/prideshop.eu\/de\/shop\/sportarten\/judo-de\/judo-anzuge-judogi-und-kleidung\/judoanzug-club-gi-j350-weiss-gruen-adidas\/","title":{"rendered":"Judoanzug 350\u202fg wei\u00df-gr\u00fcn Adidas \u2013 Club J350"},"content":{"rendered":"<h3>Judoanzug 350\u202fg wei\u00df-gr\u00fcn Adidas \u2013 Club J350<\/h3>\n<p>Judoanzug Club J350 wei\u00df mit gr\u00fcnen Streifen von Adidas ist ein Produkt, das sich von anderen Judo\u2013Kimonos auf dem Markt abhebt.n<\/p>\n<div><\/div>\n<p>n<\/p>\n<div>Es vereint h\u00f6chste Qualit\u00e4t mit vielen Accessoires, die sonst nur bei teureren Modellen zu finden sind. Im Folgenden sind einige der Hauptmerkmale dieses Kimonos aufgef\u00fchrt, die ihn zu einer ausgezeichneten Wahl f\u00fcr jeden machen, der Judo praktiziert.<\/div>\n<p>n<\/p>\n<div><\/div>\n<p>n<\/p>\n<div><\/div>\n<p>n<\/p>\n<div>\u2013 <strong>Top\u2013Qualit\u00e4t und Verst\u00e4rkungen:<\/strong> Judoanzug Kimono Club J350 ist auf Langlebigkeit und Langzeitnutzung ausgelegt. Es besteht aus hochwertigem Material mit vielen Verst\u00e4rkungen an wichtigen Stellen. Das sorgt insbesondere bei intensivem Training f\u00fcr Verschlei\u00dffestigkeit.<\/div>\n<p>n<\/p>\n<div><\/div>\n<p>n<\/p>\n<div><\/div>\n<p>n<\/p>\n<div>\u2013 <strong>Elegantes Design mit Adidas\u2013Streifen:<\/strong> Die Jacke dieses Judogi hat erkennbare Adidas\u2013Streifen auf den Schultern. Das verbessert nicht nur das \u00e4sthetische Erscheinungsbild, sondern unterstreicht auch die Marke. Eine Marke, die f\u00fcr Premium\u2013Sportausr\u00fcstung steht. Das Design ist minimalistisch und dennoch effektiv und entspricht den \u00e4sthetischen Vorlieben von Sportlern.<\/div>\n<p>n<\/p>\n<div><\/div>\n<p>n<\/p>\n<div>\u2013 <strong>Ideal f\u00fcr Anf\u00e4nger und Fortgeschrittene:<\/strong> Judogi Club J350 ist so konzipiert, dass er die Bed\u00fcrfnisse sowohl von Anf\u00e4ngern als auch von erfahrenen Judo\u2013Praktizierenden erf\u00fcllt. Es bietet hervorragende Qualit\u00e4t zu einem vern\u00fcnftigen Preis, was f\u00fcr diejenigen, die gerade erst mit dem Judo beginnen, von entscheidender Bedeutung ist.<\/div>\n<p>n<\/p>\n<div><\/div>\n<p>n<\/p>\n<div>\u2013 <strong>Im Lieferumfang enthaltene Hose<\/strong> mit Gummizug oder Kordelzug: Im Set sind Hosen enthalten, die mit Gummizug in der Taille f\u00fcr Gr\u00f6\u00dfen von 120 bis 150 cm oder mit Kordelzug f\u00fcr Gr\u00f6\u00dfen ab 160 cm erh\u00e4ltlich sind. Dies erm\u00f6glicht eine bequeme Passform und eine individuelle Anpassung an die individuellen Vorlieben des Sportlers.<\/div>\n<p>n<\/p>\n<div><\/div>\n<p>n<\/p>\n<div>\u2013 <strong>Materialdehnungs\u2013 und Haltbarkeitstests:<\/strong> Das Material des Judoanzug Club Gi J350 ist Poly\u2013Baumwolle, eine Mischung aus Baumwolle und Polyester. Dehnungstests haben gezeigt, dass diese Mischung bei gleicher Festigkeit und Kompaktheit der Webart pro Quadratmeter um 20 % st\u00e4rker ist. Dar\u00fcber hinaus l\u00e4uft es nach der ersten W\u00e4sche (bei 30 \u00b0C) um 15 % weniger ein als 100 % Baumwolle, wodurch Form und Gr\u00f6\u00dfe erhalten bleiben.<\/div>\n<p>n<\/p>\n<div><\/div>\n<p>n<\/p>\n<div>\u2013 Einlaufwarnung und Zubeh\u00f6r: Eine wichtige Warnung ist, dass der Judogi nicht vorgewaschen ist. Und es kann beim ersten Waschen um etwa 2 % eingehen. Der wei\u00dfe G\u00fcrtel ist nicht im Lieferumfang enthalten und muss separat erworben werden.<\/div>\n","protected":false},"excerpt":{"rendered":"<p>Judoanzug Club gi J350 wei\u00df mit gr\u00fcnen Streifen, AdidasnDer Judogi hat viele Eigenschaften, die sonst in viel teureren Judoanzug zu finden sind. Top\u2013Qualit\u00e4t, mit vielen verst\u00e4rkten Bereichen. Die Jacke hat Adidas\u2013Streifen \u00fcber den Schultern. Es ist eine ideale Wahl f\u00fcr alle Anf\u00e4nger und Fortgeschrittene. Das Set beinhaltet eine Hose mit Gummizug in der Taille (120\u2013150 cm) oder Kordelzug (160+ cm), eine Jacke aus Spezialgewebe\u2013leicht k\u00f6rniges Gewebe. Dehnungstests haben gezeigt, dass Poly\u2013Baumwolle (eine Mischung aus Baumwolle und Polyester) bei gleicher Festigkeit und gleicher Webdichte pro m2 um 20 % fester ist und nach der ersten W\u00e4sche (30 \u00b0C) 15 % weniger einl\u00e4uft (im Vergleich zu 100 % Baumwolle). ) Achtung! Der Judoanzug Adidas J350 ist nicht vorgewaschen und kann beim ersten Waschen um ca. 2% einlaufen). Ohne Budo\u2013G\u00fcrtel.<\/p>\n","protected":false},"featured_media":47471,"comment_status":"open","ping_status":"closed","template":"","meta":{"_acf_changed":false},"product_brand":[2084],"product_cat":[658,660,606,600,580,690,694,700,704,656],"product_tag":[],"class_list":{"0":"post-47820","1":"product","2":"type-product","3":"status-publish","4":"has-post-thumbnail","6":"product_brand-adidas","7":"product_cat-aikido-de","8":"product_cat-aikido-anzuge-und-kleidung","9":"product_cat-anzuge-fur-kamfsportarten","10":"product_cat-bekleidung-und-schuhe","11":"product_cat-equipment-de","12":"product_cat-ju-jitsu-de","13":"product_cat-ju-jutsu-anzuge-und-kleidung","14":"product_cat-judo-de","15":"product_cat-judo-anzuge-judogi-und-kleidung","16":"product_cat-sportarten","18":"first","19":"instock","20":"taxable","21":"shipping-taxable","22":"purchasable","23":"product-type-variable"},"acf":[],"yoast_head":"<!-- This site is optimized with the Yoast SEO plugin v27.4 - https:\/\/yoast.com\/product\/yoast-seo-wordpress\/ -->\n<title>Judoanzug 350\u202fg wei\u00df-gr\u00fcn Adidas \u2013 Club J350 - PRIDEshop<\/title>\n<meta name=\"description\" content=\"Judo kimono Club J350 bel z zelenimi \u010drtami, Adidas ima mnoge zna\u010dilnosti, ki jih je sicer mo\u010d najti pri precej dra\u017ejih kimonih. Vrhunske kvalitete.\" \/>\n<meta name=\"robots\" content=\"index, follow, max-snippet:-1, max-image-preview:large, max-video-preview:-1\" \/>\n<link rel=\"canonical\" href=\"https:\/\/prideshop.eu\/de\/shop\/sportarten\/judo-de\/judo-anzuge-judogi-und-kleidung\/judoanzug-club-gi-j350-weiss-gruen-adidas\/\" \/>\n<meta property=\"og:locale\" content=\"de_DE\" \/>\n<meta property=\"og:type\" content=\"article\" \/>\n<meta property=\"og:title\" content=\"Judoanzug 350\u202fg wei\u00df-gr\u00fcn Adidas \u2013 Club J350 - PRIDEshop\" \/>\n<meta property=\"og:description\" content=\"Judo kimono Club J350 bel z zelenimi \u010drtami, Adidas ima mnoge zna\u010dilnosti, ki jih je sicer mo\u010d najti pri precej dra\u017ejih kimonih. Vrhunske kvalitete.\" \/>\n<meta property=\"og:url\" content=\"https:\/\/prideshop.eu\/de\/shop\/sportarten\/judo-de\/judo-anzuge-judogi-und-kleidung\/judoanzug-club-gi-j350-weiss-gruen-adidas\/\" \/>\n<meta property=\"og:site_name\" content=\"PRIDEshop\" \/>\n<meta property=\"article:publisher\" content=\"https:\/\/sl-si.facebook.com\/PrideShopeu\" \/>\n<meta property=\"article:modified_time\" content=\"2026-01-13T13:31:55+00:00\" \/>\n<meta property=\"og:image\" content=\"https:\/\/prideshop.eu\/wp-content\/uploads\/2024\/02\/judo-kimono-club-j350-adidas-A544-WG.jpg\" \/>\n\t<meta property=\"og:image:width\" content=\"600\" \/>\n\t<meta property=\"og:image:height\" content=\"600\" \/>\n\t<meta property=\"og:image:type\" content=\"image\/jpeg\" \/>\n<meta name=\"twitter:card\" content=\"summary_large_image\" \/>\n<meta name=\"twitter:label1\" content=\"Gesch\u00e4tzte Lesezeit\" \/>\n\t<meta name=\"twitter:data1\" content=\"2\u00a0Minuten\" \/>\n<script type=\"application\/ld+json\" class=\"yoast-schema-graph\">{\"@context\":\"https:\\\/\\\/schema.org\",\"@graph\":[{\"@type\":\"WebPage\",\"@id\":\"https:\\\/\\\/prideshop.eu\\\/de\\\/shop\\\/sportarten\\\/judo-de\\\/judo-anzuge-judogi-und-kleidung\\\/judoanzug-club-gi-j350-weiss-gruen-adidas\\\/\",\"url\":\"https:\\\/\\\/prideshop.eu\\\/de\\\/shop\\\/sportarten\\\/judo-de\\\/judo-anzuge-judogi-und-kleidung\\\/judoanzug-club-gi-j350-weiss-gruen-adidas\\\/\",\"name\":\"Judoanzug 350\u202fg wei\u00df-gr\u00fcn Adidas \u2013 Club J350 - PRIDEshop\",\"isPartOf\":{\"@id\":\"https:\\\/\\\/prideshop.eu\\\/de\\\/#website\"},\"primaryImageOfPage\":{\"@id\":\"https:\\\/\\\/prideshop.eu\\\/de\\\/shop\\\/sportarten\\\/judo-de\\\/judo-anzuge-judogi-und-kleidung\\\/judoanzug-club-gi-j350-weiss-gruen-adidas\\\/#primaryimage\"},\"image\":{\"@id\":\"https:\\\/\\\/prideshop.eu\\\/de\\\/shop\\\/sportarten\\\/judo-de\\\/judo-anzuge-judogi-und-kleidung\\\/judoanzug-club-gi-j350-weiss-gruen-adidas\\\/#primaryimage\"},\"thumbnailUrl\":\"https:\\\/\\\/prideshop.eu\\\/wp-content\\\/uploads\\\/2024\\\/02\\\/judo-kimono-club-j350-adidas-A544-WG.jpg\",\"datePublished\":\"2024-02-14T08:09:46+00:00\",\"dateModified\":\"2026-01-13T13:31:55+00:00\",\"description\":\"Judo kimono Club J350 bel z zelenimi \u010drtami, Adidas ima mnoge zna\u010dilnosti, ki jih je sicer mo\u010d najti pri precej dra\u017ejih kimonih. Vrhunske kvalitete.\",\"breadcrumb\":{\"@id\":\"https:\\\/\\\/prideshop.eu\\\/de\\\/shop\\\/sportarten\\\/judo-de\\\/judo-anzuge-judogi-und-kleidung\\\/judoanzug-club-gi-j350-weiss-gruen-adidas\\\/#breadcrumb\"},\"inLanguage\":\"de\",\"potentialAction\":[{\"@type\":\"ReadAction\",\"target\":[\"https:\\\/\\\/prideshop.eu\\\/de\\\/shop\\\/sportarten\\\/judo-de\\\/judo-anzuge-judogi-und-kleidung\\\/judoanzug-club-gi-j350-weiss-gruen-adidas\\\/\"]}]},{\"@type\":\"ImageObject\",\"inLanguage\":\"de\",\"@id\":\"https:\\\/\\\/prideshop.eu\\\/de\\\/shop\\\/sportarten\\\/judo-de\\\/judo-anzuge-judogi-und-kleidung\\\/judoanzug-club-gi-j350-weiss-gruen-adidas\\\/#primaryimage\",\"url\":\"https:\\\/\\\/prideshop.eu\\\/wp-content\\\/uploads\\\/2024\\\/02\\\/judo-kimono-club-j350-adidas-A544-WG.jpg\",\"contentUrl\":\"https:\\\/\\\/prideshop.eu\\\/wp-content\\\/uploads\\\/2024\\\/02\\\/judo-kimono-club-j350-adidas-A544-WG.jpg\",\"width\":600,\"height\":600,\"caption\":\"Judoanzug Club gi Adidas wei\u00df wei\u00df mit gr\u00fcnen Streifen\"},{\"@type\":\"BreadcrumbList\",\"@id\":\"https:\\\/\\\/prideshop.eu\\\/de\\\/shop\\\/sportarten\\\/judo-de\\\/judo-anzuge-judogi-und-kleidung\\\/judoanzug-club-gi-j350-weiss-gruen-adidas\\\/#breadcrumb\",\"itemListElement\":[{\"@type\":\"ListItem\",\"position\":1,\"name\":\"Home\",\"item\":\"https:\\\/\\\/prideshop.eu\\\/de\\\/\"},{\"@type\":\"ListItem\",\"position\":2,\"name\":\"Gesch\u00e4ft\",\"item\":\"https:\\\/\\\/prideshop.eu\\\/de\\\/geschaeft\\\/\"},{\"@type\":\"ListItem\",\"position\":3,\"name\":\"Judoanzug 350\u202fg wei\u00df-gr\u00fcn Adidas \u2013 Club J350\"}]},{\"@type\":\"WebSite\",\"@id\":\"https:\\\/\\\/prideshop.eu\\\/de\\\/#website\",\"url\":\"https:\\\/\\\/prideshop.eu\\\/de\\\/\",\"name\":\"PRIDEshop\",\"description\":\"Oprema za Borilne \u0160porte\",\"publisher\":{\"@id\":\"https:\\\/\\\/prideshop.eu\\\/de\\\/#organization\"},\"potentialAction\":[{\"@type\":\"SearchAction\",\"target\":{\"@type\":\"EntryPoint\",\"urlTemplate\":\"https:\\\/\\\/prideshop.eu\\\/de\\\/?s={search_term_string}\"},\"query-input\":{\"@type\":\"PropertyValueSpecification\",\"valueRequired\":true,\"valueName\":\"search_term_string\"}}],\"inLanguage\":\"de\"},{\"@type\":\"Organization\",\"@id\":\"https:\\\/\\\/prideshop.eu\\\/de\\\/#organization\",\"name\":\"PRIDEshop\",\"url\":\"https:\\\/\\\/prideshop.eu\\\/de\\\/\",\"logo\":{\"@type\":\"ImageObject\",\"inLanguage\":\"de\",\"@id\":\"https:\\\/\\\/prideshop.eu\\\/de\\\/#\\\/schema\\\/logo\\\/image\\\/\",\"url\":\"\",\"contentUrl\":\"\",\"caption\":\"PRIDEshop\"},\"image\":{\"@id\":\"https:\\\/\\\/prideshop.eu\\\/de\\\/#\\\/schema\\\/logo\\\/image\\\/\"},\"sameAs\":[\"https:\\\/\\\/sl-si.facebook.com\\\/PrideShopeu\"]}]}<\/script>\n<!-- \/ Yoast SEO plugin. -->","yoast_head_json":{"title":"Judoanzug 350\u202fg wei\u00df-gr\u00fcn Adidas \u2013 Club J350 - PRIDEshop","description":"Judo kimono Club J350 bel z zelenimi \u010drtami, Adidas ima mnoge zna\u010dilnosti, ki jih je sicer mo\u010d najti pri precej dra\u017ejih kimonih. Vrhunske kvalitete.","robots":{"index":"index","follow":"follow","max-snippet":"max-snippet:-1","max-image-preview":"max-image-preview:large","max-video-preview":"max-video-preview:-1"},"canonical":"https:\/\/prideshop.eu\/de\/shop\/sportarten\/judo-de\/judo-anzuge-judogi-und-kleidung\/judoanzug-club-gi-j350-weiss-gruen-adidas\/","og_locale":"de_DE","og_type":"article","og_title":"Judoanzug 350\u202fg wei\u00df-gr\u00fcn Adidas \u2013 Club J350 - PRIDEshop","og_description":"Judo kimono Club J350 bel z zelenimi \u010drtami, Adidas ima mnoge zna\u010dilnosti, ki jih je sicer mo\u010d najti pri precej dra\u017ejih kimonih. Vrhunske kvalitete.","og_url":"https:\/\/prideshop.eu\/de\/shop\/sportarten\/judo-de\/judo-anzuge-judogi-und-kleidung\/judoanzug-club-gi-j350-weiss-gruen-adidas\/","og_site_name":"PRIDEshop","article_publisher":"https:\/\/sl-si.facebook.com\/PrideShopeu","article_modified_time":"2026-01-13T13:31:55+00:00","og_image":[{"width":600,"height":600,"url":"https:\/\/prideshop.eu\/wp-content\/uploads\/2024\/02\/judo-kimono-club-j350-adidas-A544-WG.jpg","type":"image\/jpeg"}],"twitter_card":"summary_large_image","twitter_misc":{"Gesch\u00e4tzte Lesezeit":"2\u00a0Minuten"},"schema":{"@context":"https:\/\/schema.org","@graph":[{"@type":"WebPage","@id":"https:\/\/prideshop.eu\/de\/shop\/sportarten\/judo-de\/judo-anzuge-judogi-und-kleidung\/judoanzug-club-gi-j350-weiss-gruen-adidas\/","url":"https:\/\/prideshop.eu\/de\/shop\/sportarten\/judo-de\/judo-anzuge-judogi-und-kleidung\/judoanzug-club-gi-j350-weiss-gruen-adidas\/","name":"Judoanzug 350\u202fg wei\u00df-gr\u00fcn Adidas \u2013 Club J350 - PRIDEshop","isPartOf":{"@id":"https:\/\/prideshop.eu\/de\/#website"},"primaryImageOfPage":{"@id":"https:\/\/prideshop.eu\/de\/shop\/sportarten\/judo-de\/judo-anzuge-judogi-und-kleidung\/judoanzug-club-gi-j350-weiss-gruen-adidas\/#primaryimage"},"image":{"@id":"https:\/\/prideshop.eu\/de\/shop\/sportarten\/judo-de\/judo-anzuge-judogi-und-kleidung\/judoanzug-club-gi-j350-weiss-gruen-adidas\/#primaryimage"},"thumbnailUrl":"https:\/\/prideshop.eu\/wp-content\/uploads\/2024\/02\/judo-kimono-club-j350-adidas-A544-WG.jpg","datePublished":"2024-02-14T08:09:46+00:00","dateModified":"2026-01-13T13:31:55+00:00","description":"Judo kimono Club J350 bel z zelenimi \u010drtami, Adidas ima mnoge zna\u010dilnosti, ki jih je sicer mo\u010d najti pri precej dra\u017ejih kimonih. Vrhunske kvalitete.","breadcrumb":{"@id":"https:\/\/prideshop.eu\/de\/shop\/sportarten\/judo-de\/judo-anzuge-judogi-und-kleidung\/judoanzug-club-gi-j350-weiss-gruen-adidas\/#breadcrumb"},"inLanguage":"de","potentialAction":[{"@type":"ReadAction","target":["https:\/\/prideshop.eu\/de\/shop\/sportarten\/judo-de\/judo-anzuge-judogi-und-kleidung\/judoanzug-club-gi-j350-weiss-gruen-adidas\/"]}]},{"@type":"ImageObject","inLanguage":"de","@id":"https:\/\/prideshop.eu\/de\/shop\/sportarten\/judo-de\/judo-anzuge-judogi-und-kleidung\/judoanzug-club-gi-j350-weiss-gruen-adidas\/#primaryimage","url":"https:\/\/prideshop.eu\/wp-content\/uploads\/2024\/02\/judo-kimono-club-j350-adidas-A544-WG.jpg","contentUrl":"https:\/\/prideshop.eu\/wp-content\/uploads\/2024\/02\/judo-kimono-club-j350-adidas-A544-WG.jpg","width":600,"height":600,"caption":"Judoanzug Club gi Adidas wei\u00df wei\u00df mit gr\u00fcnen Streifen"},{"@type":"BreadcrumbList","@id":"https:\/\/prideshop.eu\/de\/shop\/sportarten\/judo-de\/judo-anzuge-judogi-und-kleidung\/judoanzug-club-gi-j350-weiss-gruen-adidas\/#breadcrumb","itemListElement":[{"@type":"ListItem","position":1,"name":"Home","item":"https:\/\/prideshop.eu\/de\/"},{"@type":"ListItem","position":2,"name":"Gesch\u00e4ft","item":"https:\/\/prideshop.eu\/de\/geschaeft\/"},{"@type":"ListItem","position":3,"name":"Judoanzug 350\u202fg wei\u00df-gr\u00fcn Adidas \u2013 Club J350"}]},{"@type":"WebSite","@id":"https:\/\/prideshop.eu\/de\/#website","url":"https:\/\/prideshop.eu\/de\/","name":"PRIDEshop","description":"Oprema za Borilne \u0160porte","publisher":{"@id":"https:\/\/prideshop.eu\/de\/#organization"},"potentialAction":[{"@type":"SearchAction","target":{"@type":"EntryPoint","urlTemplate":"https:\/\/prideshop.eu\/de\/?s={search_term_string}"},"query-input":{"@type":"PropertyValueSpecification","valueRequired":true,"valueName":"search_term_string"}}],"inLanguage":"de"},{"@type":"Organization","@id":"https:\/\/prideshop.eu\/de\/#organization","name":"PRIDEshop","url":"https:\/\/prideshop.eu\/de\/","logo":{"@type":"ImageObject","inLanguage":"de","@id":"https:\/\/prideshop.eu\/de\/#\/schema\/logo\/image\/","url":"","contentUrl":"","caption":"PRIDEshop"},"image":{"@id":"https:\/\/prideshop.eu\/de\/#\/schema\/logo\/image\/"},"sameAs":["https:\/\/sl-si.facebook.com\/PrideShopeu"]}]}},"_links":{"self":[{"href":"https:\/\/prideshop.eu\/de\/wp-json\/wp\/v2\/product\/47820","targetHints":{"allow":["GET"]}}],"collection":[{"href":"https:\/\/prideshop.eu\/de\/wp-json\/wp\/v2\/product"}],"about":[{"href":"https:\/\/prideshop.eu\/de\/wp-json\/wp\/v2\/types\/product"}],"replies":[{"embeddable":true,"href":"https:\/\/prideshop.eu\/de\/wp-json\/wp\/v2\/comments?post=47820"}],"wp:featuredmedia":[{"embeddable":true,"href":"https:\/\/prideshop.eu\/de\/wp-json\/wp\/v2\/media\/47471"}],"wp:attachment":[{"href":"https:\/\/prideshop.eu\/de\/wp-json\/wp\/v2\/media?parent=47820"}],"wp:term":[{"taxonomy":"product_brand","embeddable":true,"href":"https:\/\/prideshop.eu\/de\/wp-json\/wp\/v2\/product_brand?post=47820"},{"taxonomy":"product_cat","embeddable":true,"href":"https:\/\/prideshop.eu\/de\/wp-json\/wp\/v2\/product_cat?post=47820"},{"taxonomy":"product_tag","embeddable":true,"href":"https:\/\/prideshop.eu\/de\/wp-json\/wp\/v2\/product_tag?post=47820"}],"curies":[{"name":"wp","href":"https:\/\/api.w.org\/{rel}","templated":true}]}}