{"id":47906,"date":"2024-02-09T15:52:49","date_gmt":"2024-02-09T14:52:49","guid":{"rendered":"https:\/\/prideshop.eu\/spletna-trgovina\/unkategorisiert\/mma-sparringhandschuhe-combat-50-adidas\/"},"modified":"2025-08-04T11:14:56","modified_gmt":"2025-08-04T09:14:56","slug":"mma-sparringhandschuhe-combat-50-adidas","status":"publish","type":"product","link":"https:\/\/prideshop.eu\/de\/shop\/sportarten\/mma-ultimate-fight-de\/mma-ultimate-fight-handschuhe\/mma-sparringhandschuhe-combat-50-adidas\/","title":{"rendered":"Gepolsterte MMA Sparring Handschuhe Adidas \u2013 Combat 50 (7 oz)"},"content":{"rendered":"<h3>Gepolsterte MMA Sparring Handschuhe Adidas \u2013 Combat 50 (7 oz)<\/h3>\n<p>MMA\u2013Sparringhandschuhe Combat 50, AdidasnSie stellen die ultimative Kombination aus Sicherheit und Komfort dar und sind f\u00fcr alle gedacht, die sich mit Kampfsportarten befassen. Die Handschuhe wurden speziell mit dem Schwerpunkt auf zus\u00e4tzlichen Schutz der Schlagfl\u00e4che entwickelt, was beim Kampfsporttraining von entscheidender Bedeutung ist. Die mehrschichtige Schaumstofff\u00fcllung sorgt f\u00fcr eine optimale Sto\u00dfd\u00e4mpfung, die ein sicheres und effektives Training ohne unn\u00f6tige Verletzungsgefahr erm\u00f6glicht.nnSie bestehen aus hochwertigem Premium MAT PU\u2013Kunstleder, das f\u00fcr Langlebigkeit und Langlebigkeit der Handschuhe sorgt. Der Klettverschluss erm\u00f6glicht eine einfache Anpassung und sorgt so f\u00fcr einen optimalen Sitz der Handschuhe an der Hand. Dieses Detail tr\u00e4gt zur Stabilit\u00e4t bei und verringert die Rutschgefahr beim Training oder Wettkampf.nnMMA\u2013Handschuhe sind f\u00fcr den Einsatz sowohl beim Training als auch bei MMA\u2013Wettk\u00e4mpfen konzipiert. Sie bieten nicht nur hervorragenden Schutz, sondern erm\u00f6glichen auch Bewegungsfreiheit und guten Halt, was bei der Ausf\u00fchrung komplexer Kampftechniken von entscheidender Bedeutung ist. F\u00fcr alle Kampfsportfans sind diese Handschuhe ein unverzichtbarer Ausr\u00fcstungsgegenstand, der h\u00f6chste Qualit\u00e4t, Sicherheit und Komfort vereint.<\/p>\n","protected":false},"excerpt":{"rendered":"<p>MMA\u2013Sparringhandschuhe Combat 50, AdidasnSie verf\u00fcgen \u00fcber einen speziellen Zusatzschutz an der Aufprallfl\u00e4che und enthalten eine mehrschichtige Schaumstofff\u00fcllung, die eine sichere und effektive Aus\u00fcbung der Kampfsportarten erm\u00f6glicht. MMA\u2013Sparringhandschuhe bestehen aus hochwertigem Premium MAT PU\u2013Kunstleder. Der Klettverschluss erm\u00f6glicht eine einfache Anpassung und einen guten Sitz der Handschuhe. Sparringhandschuhe f\u00fcr MMA sind sowohl f\u00fcr das Training als auch f\u00fcr MMA\u2013Wettk\u00e4mpfe konzipiert.<\/p>\n","protected":false},"featured_media":47185,"comment_status":"open","ping_status":"closed","template":"","meta":{"_acf_changed":false},"product_brand":[2084],"product_cat":[580,638,738,734,744,752,634,656,616],"product_tag":[],"class_list":{"0":"post-47906","1":"product","2":"type-product","3":"status-publish","4":"has-post-thumbnail","6":"product_brand-adidas","7":"product_cat-equipment-de","8":"product_cat-handschuhe","9":"product_cat-handschuhe-fur-krav-maga","10":"product_cat-krav-maga-de","11":"product_cat-mma-ultimate-fight-de","12":"product_cat-mma-ultimate-fight-handschuhe","13":"product_cat-schutzausrustung","14":"product_cat-sportarten","15":"product_cat-trainingsgerate","17":"first","18":"instock","19":"taxable","20":"shipping-taxable","21":"purchasable","22":"product-type-variable"},"acf":[],"yoast_head":"<!-- This site is optimized with the Yoast SEO plugin v27.5 - https:\/\/yoast.com\/product\/yoast-seo-wordpress\/ -->\n<title>Gepolsterte MMA Sparring Handschuhe Adidas \u2013 Combat 50 (7 oz) - PRIDEshop<\/title>\n<meta name=\"description\" content=\"MMA-Sparringhandschuhe Combat 50 Adidas bestehen aus MAT-PU-Material mit mehrschichtiger Schaumstofff\u00fcllung und Klettverschluss und eignen sich hervorragend f\u00fcr das MMA-Training.\" \/>\n<meta name=\"robots\" content=\"index, follow, max-snippet:-1, max-image-preview:large, max-video-preview:-1\" \/>\n<link rel=\"canonical\" href=\"https:\/\/prideshop.eu\/de\/shop\/sportarten\/mma-ultimate-fight-de\/mma-ultimate-fight-handschuhe\/mma-sparringhandschuhe-combat-50-adidas\/\" \/>\n<meta property=\"og:locale\" content=\"de_DE\" \/>\n<meta property=\"og:type\" content=\"article\" \/>\n<meta property=\"og:title\" content=\"Gepolsterte MMA Sparring Handschuhe Adidas \u2013 Combat 50 (7 oz) - PRIDEshop\" \/>\n<meta property=\"og:description\" content=\"MMA-Sparringhandschuhe Combat 50 Adidas bestehen aus MAT-PU-Material mit mehrschichtiger Schaumstofff\u00fcllung und Klettverschluss und eignen sich hervorragend f\u00fcr das MMA-Training.\" \/>\n<meta property=\"og:url\" content=\"https:\/\/prideshop.eu\/de\/shop\/sportarten\/mma-ultimate-fight-de\/mma-ultimate-fight-handschuhe\/mma-sparringhandschuhe-combat-50-adidas\/\" \/>\n<meta property=\"og:site_name\" content=\"PRIDEshop\" \/>\n<meta property=\"article:publisher\" content=\"https:\/\/sl-si.facebook.com\/PrideShopeu\" \/>\n<meta property=\"article:modified_time\" content=\"2025-08-04T09:14:56+00:00\" \/>\n<meta property=\"og:image\" content=\"https:\/\/prideshop.eu\/wp-content\/uploads\/2024\/02\/mma-sparring-rokavice-combat-50-adidas-AC35.jpg\" \/>\n\t<meta property=\"og:image:width\" content=\"600\" \/>\n\t<meta property=\"og:image:height\" content=\"600\" \/>\n\t<meta property=\"og:image:type\" content=\"image\/jpeg\" \/>\n<meta name=\"twitter:card\" content=\"summary_large_image\" \/>\n<meta name=\"twitter:label1\" content=\"Gesch\u00e4tzte Lesezeit\" \/>\n\t<meta name=\"twitter:data1\" content=\"1\u00a0Minute\" \/>\n<script type=\"application\/ld+json\" class=\"yoast-schema-graph\">{\"@context\":\"https:\\\/\\\/schema.org\",\"@graph\":[{\"@type\":\"WebPage\",\"@id\":\"https:\\\/\\\/prideshop.eu\\\/de\\\/shop\\\/sportarten\\\/mma-ultimate-fight-de\\\/mma-ultimate-fight-handschuhe\\\/mma-sparringhandschuhe-combat-50-adidas\\\/\",\"url\":\"https:\\\/\\\/prideshop.eu\\\/de\\\/shop\\\/sportarten\\\/mma-ultimate-fight-de\\\/mma-ultimate-fight-handschuhe\\\/mma-sparringhandschuhe-combat-50-adidas\\\/\",\"name\":\"Gepolsterte MMA Sparring Handschuhe Adidas \u2013 Combat 50 (7 oz) - PRIDEshop\",\"isPartOf\":{\"@id\":\"https:\\\/\\\/prideshop.eu\\\/de\\\/#website\"},\"primaryImageOfPage\":{\"@id\":\"https:\\\/\\\/prideshop.eu\\\/de\\\/shop\\\/sportarten\\\/mma-ultimate-fight-de\\\/mma-ultimate-fight-handschuhe\\\/mma-sparringhandschuhe-combat-50-adidas\\\/#primaryimage\"},\"image\":{\"@id\":\"https:\\\/\\\/prideshop.eu\\\/de\\\/shop\\\/sportarten\\\/mma-ultimate-fight-de\\\/mma-ultimate-fight-handschuhe\\\/mma-sparringhandschuhe-combat-50-adidas\\\/#primaryimage\"},\"thumbnailUrl\":\"https:\\\/\\\/prideshop.eu\\\/wp-content\\\/uploads\\\/2024\\\/02\\\/mma-sparring-rokavice-combat-50-adidas-AC35.jpg\",\"datePublished\":\"2024-02-09T14:52:49+00:00\",\"dateModified\":\"2025-08-04T09:14:56+00:00\",\"description\":\"MMA-Sparringhandschuhe Combat 50 Adidas bestehen aus MAT-PU-Material mit mehrschichtiger Schaumstofff\u00fcllung und Klettverschluss und eignen sich hervorragend f\u00fcr das MMA-Training.\",\"breadcrumb\":{\"@id\":\"https:\\\/\\\/prideshop.eu\\\/de\\\/shop\\\/sportarten\\\/mma-ultimate-fight-de\\\/mma-ultimate-fight-handschuhe\\\/mma-sparringhandschuhe-combat-50-adidas\\\/#breadcrumb\"},\"inLanguage\":\"de\",\"potentialAction\":[{\"@type\":\"ReadAction\",\"target\":[\"https:\\\/\\\/prideshop.eu\\\/de\\\/shop\\\/sportarten\\\/mma-ultimate-fight-de\\\/mma-ultimate-fight-handschuhe\\\/mma-sparringhandschuhe-combat-50-adidas\\\/\"]}]},{\"@type\":\"ImageObject\",\"inLanguage\":\"de\",\"@id\":\"https:\\\/\\\/prideshop.eu\\\/de\\\/shop\\\/sportarten\\\/mma-ultimate-fight-de\\\/mma-ultimate-fight-handschuhe\\\/mma-sparringhandschuhe-combat-50-adidas\\\/#primaryimage\",\"url\":\"https:\\\/\\\/prideshop.eu\\\/wp-content\\\/uploads\\\/2024\\\/02\\\/mma-sparring-rokavice-combat-50-adidas-AC35.jpg\",\"contentUrl\":\"https:\\\/\\\/prideshop.eu\\\/wp-content\\\/uploads\\\/2024\\\/02\\\/mma-sparring-rokavice-combat-50-adidas-AC35.jpg\",\"width\":600,\"height\":600,\"caption\":\"MMA Sparringhandschuhe combat 50 Adidas Milit\u00e4rgr\u00fcne Farbe\"},{\"@type\":\"BreadcrumbList\",\"@id\":\"https:\\\/\\\/prideshop.eu\\\/de\\\/shop\\\/sportarten\\\/mma-ultimate-fight-de\\\/mma-ultimate-fight-handschuhe\\\/mma-sparringhandschuhe-combat-50-adidas\\\/#breadcrumb\",\"itemListElement\":[{\"@type\":\"ListItem\",\"position\":1,\"name\":\"Home\",\"item\":\"https:\\\/\\\/prideshop.eu\\\/de\\\/\"},{\"@type\":\"ListItem\",\"position\":2,\"name\":\"Gesch\u00e4ft\",\"item\":\"https:\\\/\\\/prideshop.eu\\\/de\\\/geschaeft\\\/\"},{\"@type\":\"ListItem\",\"position\":3,\"name\":\"Gepolsterte MMA Sparring Handschuhe Adidas \u2013 Combat 50 (7 oz)\"}]},{\"@type\":\"WebSite\",\"@id\":\"https:\\\/\\\/prideshop.eu\\\/de\\\/#website\",\"url\":\"https:\\\/\\\/prideshop.eu\\\/de\\\/\",\"name\":\"PRIDEshop\",\"description\":\"Oprema za Borilne \u0160porte\",\"publisher\":{\"@id\":\"https:\\\/\\\/prideshop.eu\\\/de\\\/#organization\"},\"potentialAction\":[{\"@type\":\"SearchAction\",\"target\":{\"@type\":\"EntryPoint\",\"urlTemplate\":\"https:\\\/\\\/prideshop.eu\\\/de\\\/?s={search_term_string}\"},\"query-input\":{\"@type\":\"PropertyValueSpecification\",\"valueRequired\":true,\"valueName\":\"search_term_string\"}}],\"inLanguage\":\"de\"},{\"@type\":\"Organization\",\"@id\":\"https:\\\/\\\/prideshop.eu\\\/de\\\/#organization\",\"name\":\"PRIDEshop\",\"url\":\"https:\\\/\\\/prideshop.eu\\\/de\\\/\",\"logo\":{\"@type\":\"ImageObject\",\"inLanguage\":\"de\",\"@id\":\"https:\\\/\\\/prideshop.eu\\\/de\\\/#\\\/schema\\\/logo\\\/image\\\/\",\"url\":\"\",\"contentUrl\":\"\",\"caption\":\"PRIDEshop\"},\"image\":{\"@id\":\"https:\\\/\\\/prideshop.eu\\\/de\\\/#\\\/schema\\\/logo\\\/image\\\/\"},\"sameAs\":[\"https:\\\/\\\/sl-si.facebook.com\\\/PrideShopeu\"]}]}<\/script>\n<!-- \/ Yoast SEO plugin. -->","yoast_head_json":{"title":"Gepolsterte MMA Sparring Handschuhe Adidas \u2013 Combat 50 (7 oz) - PRIDEshop","description":"MMA-Sparringhandschuhe Combat 50 Adidas bestehen aus MAT-PU-Material mit mehrschichtiger Schaumstofff\u00fcllung und Klettverschluss und eignen sich hervorragend f\u00fcr das MMA-Training.","robots":{"index":"index","follow":"follow","max-snippet":"max-snippet:-1","max-image-preview":"max-image-preview:large","max-video-preview":"max-video-preview:-1"},"canonical":"https:\/\/prideshop.eu\/de\/shop\/sportarten\/mma-ultimate-fight-de\/mma-ultimate-fight-handschuhe\/mma-sparringhandschuhe-combat-50-adidas\/","og_locale":"de_DE","og_type":"article","og_title":"Gepolsterte MMA Sparring Handschuhe Adidas \u2013 Combat 50 (7 oz) - PRIDEshop","og_description":"MMA-Sparringhandschuhe Combat 50 Adidas bestehen aus MAT-PU-Material mit mehrschichtiger Schaumstofff\u00fcllung und Klettverschluss und eignen sich hervorragend f\u00fcr das MMA-Training.","og_url":"https:\/\/prideshop.eu\/de\/shop\/sportarten\/mma-ultimate-fight-de\/mma-ultimate-fight-handschuhe\/mma-sparringhandschuhe-combat-50-adidas\/","og_site_name":"PRIDEshop","article_publisher":"https:\/\/sl-si.facebook.com\/PrideShopeu","article_modified_time":"2025-08-04T09:14:56+00:00","og_image":[{"width":600,"height":600,"url":"https:\/\/prideshop.eu\/wp-content\/uploads\/2024\/02\/mma-sparring-rokavice-combat-50-adidas-AC35.jpg","type":"image\/jpeg"}],"twitter_card":"summary_large_image","twitter_misc":{"Gesch\u00e4tzte Lesezeit":"1\u00a0Minute"},"schema":{"@context":"https:\/\/schema.org","@graph":[{"@type":"WebPage","@id":"https:\/\/prideshop.eu\/de\/shop\/sportarten\/mma-ultimate-fight-de\/mma-ultimate-fight-handschuhe\/mma-sparringhandschuhe-combat-50-adidas\/","url":"https:\/\/prideshop.eu\/de\/shop\/sportarten\/mma-ultimate-fight-de\/mma-ultimate-fight-handschuhe\/mma-sparringhandschuhe-combat-50-adidas\/","name":"Gepolsterte MMA Sparring Handschuhe Adidas \u2013 Combat 50 (7 oz) - PRIDEshop","isPartOf":{"@id":"https:\/\/prideshop.eu\/de\/#website"},"primaryImageOfPage":{"@id":"https:\/\/prideshop.eu\/de\/shop\/sportarten\/mma-ultimate-fight-de\/mma-ultimate-fight-handschuhe\/mma-sparringhandschuhe-combat-50-adidas\/#primaryimage"},"image":{"@id":"https:\/\/prideshop.eu\/de\/shop\/sportarten\/mma-ultimate-fight-de\/mma-ultimate-fight-handschuhe\/mma-sparringhandschuhe-combat-50-adidas\/#primaryimage"},"thumbnailUrl":"https:\/\/prideshop.eu\/wp-content\/uploads\/2024\/02\/mma-sparring-rokavice-combat-50-adidas-AC35.jpg","datePublished":"2024-02-09T14:52:49+00:00","dateModified":"2025-08-04T09:14:56+00:00","description":"MMA-Sparringhandschuhe Combat 50 Adidas bestehen aus MAT-PU-Material mit mehrschichtiger Schaumstofff\u00fcllung und Klettverschluss und eignen sich hervorragend f\u00fcr das MMA-Training.","breadcrumb":{"@id":"https:\/\/prideshop.eu\/de\/shop\/sportarten\/mma-ultimate-fight-de\/mma-ultimate-fight-handschuhe\/mma-sparringhandschuhe-combat-50-adidas\/#breadcrumb"},"inLanguage":"de","potentialAction":[{"@type":"ReadAction","target":["https:\/\/prideshop.eu\/de\/shop\/sportarten\/mma-ultimate-fight-de\/mma-ultimate-fight-handschuhe\/mma-sparringhandschuhe-combat-50-adidas\/"]}]},{"@type":"ImageObject","inLanguage":"de","@id":"https:\/\/prideshop.eu\/de\/shop\/sportarten\/mma-ultimate-fight-de\/mma-ultimate-fight-handschuhe\/mma-sparringhandschuhe-combat-50-adidas\/#primaryimage","url":"https:\/\/prideshop.eu\/wp-content\/uploads\/2024\/02\/mma-sparring-rokavice-combat-50-adidas-AC35.jpg","contentUrl":"https:\/\/prideshop.eu\/wp-content\/uploads\/2024\/02\/mma-sparring-rokavice-combat-50-adidas-AC35.jpg","width":600,"height":600,"caption":"MMA Sparringhandschuhe combat 50 Adidas Milit\u00e4rgr\u00fcne Farbe"},{"@type":"BreadcrumbList","@id":"https:\/\/prideshop.eu\/de\/shop\/sportarten\/mma-ultimate-fight-de\/mma-ultimate-fight-handschuhe\/mma-sparringhandschuhe-combat-50-adidas\/#breadcrumb","itemListElement":[{"@type":"ListItem","position":1,"name":"Home","item":"https:\/\/prideshop.eu\/de\/"},{"@type":"ListItem","position":2,"name":"Gesch\u00e4ft","item":"https:\/\/prideshop.eu\/de\/geschaeft\/"},{"@type":"ListItem","position":3,"name":"Gepolsterte MMA Sparring Handschuhe Adidas \u2013 Combat 50 (7 oz)"}]},{"@type":"WebSite","@id":"https:\/\/prideshop.eu\/de\/#website","url":"https:\/\/prideshop.eu\/de\/","name":"PRIDEshop","description":"Oprema za Borilne \u0160porte","publisher":{"@id":"https:\/\/prideshop.eu\/de\/#organization"},"potentialAction":[{"@type":"SearchAction","target":{"@type":"EntryPoint","urlTemplate":"https:\/\/prideshop.eu\/de\/?s={search_term_string}"},"query-input":{"@type":"PropertyValueSpecification","valueRequired":true,"valueName":"search_term_string"}}],"inLanguage":"de"},{"@type":"Organization","@id":"https:\/\/prideshop.eu\/de\/#organization","name":"PRIDEshop","url":"https:\/\/prideshop.eu\/de\/","logo":{"@type":"ImageObject","inLanguage":"de","@id":"https:\/\/prideshop.eu\/de\/#\/schema\/logo\/image\/","url":"","contentUrl":"","caption":"PRIDEshop"},"image":{"@id":"https:\/\/prideshop.eu\/de\/#\/schema\/logo\/image\/"},"sameAs":["https:\/\/sl-si.facebook.com\/PrideShopeu"]}]}},"_links":{"self":[{"href":"https:\/\/prideshop.eu\/de\/wp-json\/wp\/v2\/product\/47906","targetHints":{"allow":["GET"]}}],"collection":[{"href":"https:\/\/prideshop.eu\/de\/wp-json\/wp\/v2\/product"}],"about":[{"href":"https:\/\/prideshop.eu\/de\/wp-json\/wp\/v2\/types\/product"}],"replies":[{"embeddable":true,"href":"https:\/\/prideshop.eu\/de\/wp-json\/wp\/v2\/comments?post=47906"}],"wp:featuredmedia":[{"embeddable":true,"href":"https:\/\/prideshop.eu\/de\/wp-json\/wp\/v2\/media\/47185"}],"wp:attachment":[{"href":"https:\/\/prideshop.eu\/de\/wp-json\/wp\/v2\/media?parent=47906"}],"wp:term":[{"taxonomy":"product_brand","embeddable":true,"href":"https:\/\/prideshop.eu\/de\/wp-json\/wp\/v2\/product_brand?post=47906"},{"taxonomy":"product_cat","embeddable":true,"href":"https:\/\/prideshop.eu\/de\/wp-json\/wp\/v2\/product_cat?post=47906"},{"taxonomy":"product_tag","embeddable":true,"href":"https:\/\/prideshop.eu\/de\/wp-json\/wp\/v2\/product_tag?post=47906"}],"curies":[{"name":"wp","href":"https:\/\/api.w.org\/{rel}","templated":true}]}}