{"id":48936,"date":"2024-06-18T15:57:24","date_gmt":"2024-06-18T13:57:24","guid":{"rendered":"https:\/\/prideshop.eu\/spletna-trgovina\/nekategorizirano\/bob-freistehender-schlagdummy-century\/"},"modified":"2025-09-04T17:32:03","modified_gmt":"2025-09-04T15:32:03","slug":"bob-freistehender-schlagdummy-century","status":"publish","type":"product","link":"https:\/\/prideshop.eu\/de\/shop\/equipment-de\/trainingsgerate\/boxsacke\/bob-freistehender-schlagdummy-century\/","title":{"rendered":"Boxdummy Century \u2013 Bob XL"},"content":{"rendered":"<h3>Boxdummy Century \u2013 Bob XL<\/h3>\n<p>Bob freistehender Schlagdummy Centuryn<\/p>\n<p>&nbsp;<\/p>\n<div>Der beste Kampfsport\u2013Trainingspartner Der freistehende Boxdummy von BOB Century ist die ultimative Wahl f\u00fcr alle, die einen realistischen Kampfsport\u2013Trainingspartner suchen. Dieser freistehende Boxsack ahmt den menschlichen K\u00f6rper nach und dient als Schlagfl\u00e4che, was im Vergleich zu herk\u00f6mmlichen Boxs\u00e4cken ein pr\u00e4ziseres und effektiveres Training erm\u00f6glicht. Mit BOB k\u00f6nnen Sie pr\u00e4ziser trainieren, da seine menschliche Form die Simulation tats\u00e4chlicher Kampfsituationen erm\u00f6glicht.<\/div>\n<p>nVorteile von BOB Centuryn<\/p>\n<div>BOB Century steht Ihnen jederzeit als zuverl\u00e4ssiger Trainingspartner zur Verf\u00fcgung, der selbst den st\u00e4rksten Hand\u2013 und Fu\u00dfschl\u00e4gen standh\u00e4lt. Sein Design ist ideal f\u00fcr fast alle Kampfsportarten, die im Stehen ausgef\u00fchrt werden, einschlie\u00dflich Karate, Taekwondo, Boxen, Muay Thai, Kickboxen, Kraw Maga und viele andere Kampfsportarten und K\u00fcnste. Mit dem BOB k\u00f6nnen Sie Ihre F\u00e4higkeiten trainieren und verbessern Technik mit gr\u00f6\u00dferer Pr\u00e4zision und Realismus.<\/div>\n<div>Die runde Basis des BOB erm\u00f6glicht ein einfaches Verschieben und Anpassen der Position, was besonders praktisch f\u00fcr das Heimtraining ist. Ob Sie in einem professionellen Fitnessstudio oder bequem zu Hause trainieren, BOB sorgt f\u00fcr ein qualitativ hochwertiges Training.<\/div>\n<p>nDie ideale L\u00f6sung f\u00fcr das Heimtrainingn<\/p>\n<div>BOB Century ist eine ausgezeichnete Wahl f\u00fcr alle, die zu Hause intensiv trainieren m\u00f6chten. Durch seine verstellbare H\u00f6he l\u00e4sst er sich an die Bed\u00fcrfnisse unterschiedlicher Kampfsportarten und \u2013techniken anpassen.<\/div>\n<p>nBOB\u2013Spezifikationenn<\/p>\n<div><strong>\u2013 Einstellbare H\u00f6he:<\/strong> BOB bietet acht verschiedene H\u00f6heneinstellungen, sodass Sie sich an Ihre spezifischen Bed\u00fcrfnisse anpassen k\u00f6nnen:<\/div>\n<div>\u00a01) 150 cm<\/div>\n<div>\u00a02) 160 cm<\/div>\n<div>\u00a03) 166 cm<\/div>\n<div>\u00a04) 175 cm<\/div>\n<div>\u00a05) 182 cm<\/div>\n<div>\u00a06) 190 cm<\/div>\n<div>\u00a07) 198 cm<\/div>\n<div>\u00a08) 208 cm<\/div>\n<div><strong>\u2013 Oberk\u00f6rper:<\/strong> Die Ma\u00dfe des Oberk\u00f6rpers betragen 73 cm x 51 cm x 26 cm, was eine genaue Simulation des menschlichen Oberk\u00f6rpers erm\u00f6glicht.<\/div>\n<div><strong>\u2013 Sockel:<\/strong> Der Durchmesser des Sockels betr\u00e4gt 61 cm und die H\u00f6he betr\u00e4gt 50 cm. Das Gewicht des mit Wasser gef\u00fcllten BOB betr\u00e4gt ca. 123 kg, was f\u00fcr Stabilit\u00e4t sorgt. F\u00fcr zus\u00e4tzliches Gewicht und Stabilit\u00e4t kann die Basis auch mit Sand gef\u00fcllt werden.<\/div>\n<div><strong>\u2013 Materialien:<\/strong> BOBs \u201eHaut\u201c besteht aus strapazierf\u00e4higem Vinyl und der innere Hartplastikzylinder sorgt f\u00fcr die n\u00f6tige strukturelle Unterst\u00fctzung. Der Sockel besteht aus robustem Kunststoff, was zur langen Lebensdauer des Produkts beitr\u00e4gt.<\/div>\n<p>nVerbessere deine Kampftechnik mit BOB Schlagdummyn<\/p>\n<div>Wenn Sie eine Kampfkunst mit taktischen Anwendungen wie Krav Maga oder Jeet Kune Do trainieren, werden Sie den Wert des BOB besonders zu sch\u00e4tzen wissen. Mit diesem freistehenden Dummy k\u00f6nnen Sie unter realistischen Bedingungen trainieren und so eine bessere Technik und mehr Selbstvertrauen in tats\u00e4chlichen Kampfsituationen entwickeln.<\/div>\n<div>F\u00fcr das ultimative Kampfsporttraining entscheiden Sie sich f\u00fcr die freistehende Schlagmannequin von BOB Century und erleben Sie die fortschrittlichen Trainingsoptionen, die diese innovative Schaufensterpuppe bietet.<\/div>\n","protected":false},"excerpt":{"rendered":"<p>Bob freistehender Schlagdummy Century Original hergestellt in den USA. Der Bob Freestanding Training Dummy ist Ihr realistischer Sparringspartner zum \u00dcben von Schl\u00e4gen am menschlichen K\u00f6rper. Die freistehende Schaufensterpuppe Century Bob besteht aus hochwertigem Plastisol TM\u2013Material, das Ihnen das Gef\u00fchl gibt, einen echten menschlichen K\u00f6rper zu treffen. Die H\u00f6he der Bob\u2013Puppe l\u00e4sst sich von 150 bis 198 cm verstellen. Mit Wasser gef\u00fcllt wiegt die Basis ca. 123 kg. Sie k\u00f6nnen es auch mit Sand f\u00fcllen. Die Ma\u00dfe des Oberk\u00f6rpers betragen 73 x 51 x 26 cm.<\/p>\n","protected":false},"featured_media":48813,"comment_status":"open","ping_status":"closed","template":"","meta":{"_acf_changed":false},"product_brand":[2110],"product_cat":[622,580,616],"product_tag":[],"class_list":{"0":"post-48936","1":"product","2":"type-product","3":"status-publish","4":"has-post-thumbnail","6":"product_brand-century","7":"product_cat-boxsacke","8":"product_cat-equipment-de","9":"product_cat-trainingsgerate","11":"first","12":"instock","13":"sale","14":"featured","15":"taxable","16":"shipping-taxable","17":"purchasable","18":"product-type-simple"},"acf":[],"yoast_head":"<!-- This site is optimized with the Yoast SEO plugin v27.5 - https:\/\/yoast.com\/product\/yoast-seo-wordpress\/ -->\n<title>Boxdummy Century \u2013 Bob XL - PRIDEshop<\/title>\n<meta name=\"description\" content=\"Bob freistehender Stanzdummy Century, Original, hergestellt in den USA. Der Trainingsdummy Bob ist Ihr Sparringspartner zum \u00dcben von Schl\u00e4gen am menschlichen K\u00f6rper.\" \/>\n<meta name=\"robots\" content=\"index, follow, max-snippet:-1, max-image-preview:large, max-video-preview:-1\" \/>\n<link rel=\"canonical\" href=\"https:\/\/prideshop.eu\/de\/shop\/equipment-de\/trainingsgerate\/boxsacke\/bob-freistehender-schlagdummy-century\/\" \/>\n<meta property=\"og:locale\" content=\"de_DE\" \/>\n<meta property=\"og:type\" content=\"article\" \/>\n<meta property=\"og:title\" content=\"Boxdummy Century \u2013 Bob XL - PRIDEshop\" \/>\n<meta property=\"og:description\" content=\"Bob freistehender Stanzdummy Century, Original, hergestellt in den USA. Der Trainingsdummy Bob ist Ihr Sparringspartner zum \u00dcben von Schl\u00e4gen am menschlichen K\u00f6rper.\" \/>\n<meta property=\"og:url\" content=\"https:\/\/prideshop.eu\/de\/shop\/equipment-de\/trainingsgerate\/boxsacke\/bob-freistehender-schlagdummy-century\/\" \/>\n<meta property=\"og:site_name\" content=\"PRIDEshop\" \/>\n<meta property=\"article:publisher\" content=\"https:\/\/sl-si.facebook.com\/PrideShopeu\" \/>\n<meta property=\"article:modified_time\" content=\"2025-09-04T15:32:03+00:00\" \/>\n<meta property=\"og:image\" content=\"https:\/\/prideshop.eu\/wp-content\/uploads\/2024\/06\/bob-samostojeca-lutka-za-udarjanje-century-f-1161.jpg\" \/>\n\t<meta property=\"og:image:width\" content=\"1000\" \/>\n\t<meta property=\"og:image:height\" content=\"1000\" \/>\n\t<meta property=\"og:image:type\" content=\"image\/jpeg\" \/>\n<meta name=\"twitter:card\" content=\"summary_large_image\" \/>\n<meta name=\"twitter:label1\" content=\"Gesch\u00e4tzte Lesezeit\" \/>\n\t<meta name=\"twitter:data1\" content=\"2\u00a0Minuten\" \/>\n<script type=\"application\/ld+json\" class=\"yoast-schema-graph\">{\"@context\":\"https:\\\/\\\/schema.org\",\"@graph\":[{\"@type\":\"WebPage\",\"@id\":\"https:\\\/\\\/prideshop.eu\\\/de\\\/shop\\\/equipment-de\\\/trainingsgerate\\\/boxsacke\\\/bob-freistehender-schlagdummy-century\\\/\",\"url\":\"https:\\\/\\\/prideshop.eu\\\/de\\\/shop\\\/equipment-de\\\/trainingsgerate\\\/boxsacke\\\/bob-freistehender-schlagdummy-century\\\/\",\"name\":\"Boxdummy Century \u2013 Bob XL - PRIDEshop\",\"isPartOf\":{\"@id\":\"https:\\\/\\\/prideshop.eu\\\/de\\\/#website\"},\"primaryImageOfPage\":{\"@id\":\"https:\\\/\\\/prideshop.eu\\\/de\\\/shop\\\/equipment-de\\\/trainingsgerate\\\/boxsacke\\\/bob-freistehender-schlagdummy-century\\\/#primaryimage\"},\"image\":{\"@id\":\"https:\\\/\\\/prideshop.eu\\\/de\\\/shop\\\/equipment-de\\\/trainingsgerate\\\/boxsacke\\\/bob-freistehender-schlagdummy-century\\\/#primaryimage\"},\"thumbnailUrl\":\"https:\\\/\\\/prideshop.eu\\\/wp-content\\\/uploads\\\/2024\\\/06\\\/bob-samostojeca-lutka-za-udarjanje-century-f-1161.jpg\",\"datePublished\":\"2024-06-18T13:57:24+00:00\",\"dateModified\":\"2025-09-04T15:32:03+00:00\",\"description\":\"Bob freistehender Stanzdummy Century, Original, hergestellt in den USA. Der Trainingsdummy Bob ist Ihr Sparringspartner zum \u00dcben von Schl\u00e4gen am menschlichen K\u00f6rper.\",\"breadcrumb\":{\"@id\":\"https:\\\/\\\/prideshop.eu\\\/de\\\/shop\\\/equipment-de\\\/trainingsgerate\\\/boxsacke\\\/bob-freistehender-schlagdummy-century\\\/#breadcrumb\"},\"inLanguage\":\"de\",\"potentialAction\":[{\"@type\":\"ReadAction\",\"target\":[\"https:\\\/\\\/prideshop.eu\\\/de\\\/shop\\\/equipment-de\\\/trainingsgerate\\\/boxsacke\\\/bob-freistehender-schlagdummy-century\\\/\"]}]},{\"@type\":\"ImageObject\",\"inLanguage\":\"de\",\"@id\":\"https:\\\/\\\/prideshop.eu\\\/de\\\/shop\\\/equipment-de\\\/trainingsgerate\\\/boxsacke\\\/bob-freistehender-schlagdummy-century\\\/#primaryimage\",\"url\":\"https:\\\/\\\/prideshop.eu\\\/wp-content\\\/uploads\\\/2024\\\/06\\\/bob-samostojeca-lutka-za-udarjanje-century-f-1161.jpg\",\"contentUrl\":\"https:\\\/\\\/prideshop.eu\\\/wp-content\\\/uploads\\\/2024\\\/06\\\/bob-samostojeca-lutka-za-udarjanje-century-f-1161.jpg\",\"width\":1000,\"height\":1000,\"caption\":\"Bob freistehender Schlagdummy Century\"},{\"@type\":\"BreadcrumbList\",\"@id\":\"https:\\\/\\\/prideshop.eu\\\/de\\\/shop\\\/equipment-de\\\/trainingsgerate\\\/boxsacke\\\/bob-freistehender-schlagdummy-century\\\/#breadcrumb\",\"itemListElement\":[{\"@type\":\"ListItem\",\"position\":1,\"name\":\"Home\",\"item\":\"https:\\\/\\\/prideshop.eu\\\/de\\\/\"},{\"@type\":\"ListItem\",\"position\":2,\"name\":\"Gesch\u00e4ft\",\"item\":\"https:\\\/\\\/prideshop.eu\\\/de\\\/geschaeft\\\/\"},{\"@type\":\"ListItem\",\"position\":3,\"name\":\"Boxdummy Century \u2013 Bob XL\"}]},{\"@type\":\"WebSite\",\"@id\":\"https:\\\/\\\/prideshop.eu\\\/de\\\/#website\",\"url\":\"https:\\\/\\\/prideshop.eu\\\/de\\\/\",\"name\":\"PRIDEshop\",\"description\":\"Oprema za Borilne \u0160porte\",\"publisher\":{\"@id\":\"https:\\\/\\\/prideshop.eu\\\/de\\\/#organization\"},\"potentialAction\":[{\"@type\":\"SearchAction\",\"target\":{\"@type\":\"EntryPoint\",\"urlTemplate\":\"https:\\\/\\\/prideshop.eu\\\/de\\\/?s={search_term_string}\"},\"query-input\":{\"@type\":\"PropertyValueSpecification\",\"valueRequired\":true,\"valueName\":\"search_term_string\"}}],\"inLanguage\":\"de\"},{\"@type\":\"Organization\",\"@id\":\"https:\\\/\\\/prideshop.eu\\\/de\\\/#organization\",\"name\":\"PRIDEshop\",\"url\":\"https:\\\/\\\/prideshop.eu\\\/de\\\/\",\"logo\":{\"@type\":\"ImageObject\",\"inLanguage\":\"de\",\"@id\":\"https:\\\/\\\/prideshop.eu\\\/de\\\/#\\\/schema\\\/logo\\\/image\\\/\",\"url\":\"\",\"contentUrl\":\"\",\"caption\":\"PRIDEshop\"},\"image\":{\"@id\":\"https:\\\/\\\/prideshop.eu\\\/de\\\/#\\\/schema\\\/logo\\\/image\\\/\"},\"sameAs\":[\"https:\\\/\\\/sl-si.facebook.com\\\/PrideShopeu\"]}]}<\/script>\n<!-- \/ Yoast SEO plugin. -->","yoast_head_json":{"title":"Boxdummy Century \u2013 Bob XL - PRIDEshop","description":"Bob freistehender Stanzdummy Century, Original, hergestellt in den USA. Der Trainingsdummy Bob ist Ihr Sparringspartner zum \u00dcben von Schl\u00e4gen am menschlichen K\u00f6rper.","robots":{"index":"index","follow":"follow","max-snippet":"max-snippet:-1","max-image-preview":"max-image-preview:large","max-video-preview":"max-video-preview:-1"},"canonical":"https:\/\/prideshop.eu\/de\/shop\/equipment-de\/trainingsgerate\/boxsacke\/bob-freistehender-schlagdummy-century\/","og_locale":"de_DE","og_type":"article","og_title":"Boxdummy Century \u2013 Bob XL - PRIDEshop","og_description":"Bob freistehender Stanzdummy Century, Original, hergestellt in den USA. Der Trainingsdummy Bob ist Ihr Sparringspartner zum \u00dcben von Schl\u00e4gen am menschlichen K\u00f6rper.","og_url":"https:\/\/prideshop.eu\/de\/shop\/equipment-de\/trainingsgerate\/boxsacke\/bob-freistehender-schlagdummy-century\/","og_site_name":"PRIDEshop","article_publisher":"https:\/\/sl-si.facebook.com\/PrideShopeu","article_modified_time":"2025-09-04T15:32:03+00:00","og_image":[{"width":1000,"height":1000,"url":"https:\/\/prideshop.eu\/wp-content\/uploads\/2024\/06\/bob-samostojeca-lutka-za-udarjanje-century-f-1161.jpg","type":"image\/jpeg"}],"twitter_card":"summary_large_image","twitter_misc":{"Gesch\u00e4tzte Lesezeit":"2\u00a0Minuten"},"schema":{"@context":"https:\/\/schema.org","@graph":[{"@type":"WebPage","@id":"https:\/\/prideshop.eu\/de\/shop\/equipment-de\/trainingsgerate\/boxsacke\/bob-freistehender-schlagdummy-century\/","url":"https:\/\/prideshop.eu\/de\/shop\/equipment-de\/trainingsgerate\/boxsacke\/bob-freistehender-schlagdummy-century\/","name":"Boxdummy Century \u2013 Bob XL - PRIDEshop","isPartOf":{"@id":"https:\/\/prideshop.eu\/de\/#website"},"primaryImageOfPage":{"@id":"https:\/\/prideshop.eu\/de\/shop\/equipment-de\/trainingsgerate\/boxsacke\/bob-freistehender-schlagdummy-century\/#primaryimage"},"image":{"@id":"https:\/\/prideshop.eu\/de\/shop\/equipment-de\/trainingsgerate\/boxsacke\/bob-freistehender-schlagdummy-century\/#primaryimage"},"thumbnailUrl":"https:\/\/prideshop.eu\/wp-content\/uploads\/2024\/06\/bob-samostojeca-lutka-za-udarjanje-century-f-1161.jpg","datePublished":"2024-06-18T13:57:24+00:00","dateModified":"2025-09-04T15:32:03+00:00","description":"Bob freistehender Stanzdummy Century, Original, hergestellt in den USA. Der Trainingsdummy Bob ist Ihr Sparringspartner zum \u00dcben von Schl\u00e4gen am menschlichen K\u00f6rper.","breadcrumb":{"@id":"https:\/\/prideshop.eu\/de\/shop\/equipment-de\/trainingsgerate\/boxsacke\/bob-freistehender-schlagdummy-century\/#breadcrumb"},"inLanguage":"de","potentialAction":[{"@type":"ReadAction","target":["https:\/\/prideshop.eu\/de\/shop\/equipment-de\/trainingsgerate\/boxsacke\/bob-freistehender-schlagdummy-century\/"]}]},{"@type":"ImageObject","inLanguage":"de","@id":"https:\/\/prideshop.eu\/de\/shop\/equipment-de\/trainingsgerate\/boxsacke\/bob-freistehender-schlagdummy-century\/#primaryimage","url":"https:\/\/prideshop.eu\/wp-content\/uploads\/2024\/06\/bob-samostojeca-lutka-za-udarjanje-century-f-1161.jpg","contentUrl":"https:\/\/prideshop.eu\/wp-content\/uploads\/2024\/06\/bob-samostojeca-lutka-za-udarjanje-century-f-1161.jpg","width":1000,"height":1000,"caption":"Bob freistehender Schlagdummy Century"},{"@type":"BreadcrumbList","@id":"https:\/\/prideshop.eu\/de\/shop\/equipment-de\/trainingsgerate\/boxsacke\/bob-freistehender-schlagdummy-century\/#breadcrumb","itemListElement":[{"@type":"ListItem","position":1,"name":"Home","item":"https:\/\/prideshop.eu\/de\/"},{"@type":"ListItem","position":2,"name":"Gesch\u00e4ft","item":"https:\/\/prideshop.eu\/de\/geschaeft\/"},{"@type":"ListItem","position":3,"name":"Boxdummy Century \u2013 Bob XL"}]},{"@type":"WebSite","@id":"https:\/\/prideshop.eu\/de\/#website","url":"https:\/\/prideshop.eu\/de\/","name":"PRIDEshop","description":"Oprema za Borilne \u0160porte","publisher":{"@id":"https:\/\/prideshop.eu\/de\/#organization"},"potentialAction":[{"@type":"SearchAction","target":{"@type":"EntryPoint","urlTemplate":"https:\/\/prideshop.eu\/de\/?s={search_term_string}"},"query-input":{"@type":"PropertyValueSpecification","valueRequired":true,"valueName":"search_term_string"}}],"inLanguage":"de"},{"@type":"Organization","@id":"https:\/\/prideshop.eu\/de\/#organization","name":"PRIDEshop","url":"https:\/\/prideshop.eu\/de\/","logo":{"@type":"ImageObject","inLanguage":"de","@id":"https:\/\/prideshop.eu\/de\/#\/schema\/logo\/image\/","url":"","contentUrl":"","caption":"PRIDEshop"},"image":{"@id":"https:\/\/prideshop.eu\/de\/#\/schema\/logo\/image\/"},"sameAs":["https:\/\/sl-si.facebook.com\/PrideShopeu"]}]}},"_links":{"self":[{"href":"https:\/\/prideshop.eu\/de\/wp-json\/wp\/v2\/product\/48936","targetHints":{"allow":["GET"]}}],"collection":[{"href":"https:\/\/prideshop.eu\/de\/wp-json\/wp\/v2\/product"}],"about":[{"href":"https:\/\/prideshop.eu\/de\/wp-json\/wp\/v2\/types\/product"}],"replies":[{"embeddable":true,"href":"https:\/\/prideshop.eu\/de\/wp-json\/wp\/v2\/comments?post=48936"}],"wp:featuredmedia":[{"embeddable":true,"href":"https:\/\/prideshop.eu\/de\/wp-json\/wp\/v2\/media\/48813"}],"wp:attachment":[{"href":"https:\/\/prideshop.eu\/de\/wp-json\/wp\/v2\/media?parent=48936"}],"wp:term":[{"taxonomy":"product_brand","embeddable":true,"href":"https:\/\/prideshop.eu\/de\/wp-json\/wp\/v2\/product_brand?post=48936"},{"taxonomy":"product_cat","embeddable":true,"href":"https:\/\/prideshop.eu\/de\/wp-json\/wp\/v2\/product_cat?post=48936"},{"taxonomy":"product_tag","embeddable":true,"href":"https:\/\/prideshop.eu\/de\/wp-json\/wp\/v2\/product_tag?post=48936"}],"curies":[{"name":"wp","href":"https:\/\/api.w.org\/{rel}","templated":true}]}}