{"id":49538,"date":"2024-08-26T11:03:29","date_gmt":"2024-08-26T09:03:29","guid":{"rendered":"https:\/\/prideshop.eu\/spletna-trgovina\/unkategorisiert\/boxhandschuhe-speed-50flx-adidas\/"},"modified":"2026-01-13T16:32:46","modified_gmt":"2026-01-13T15:32:46","slug":"boxhandschuhe-speed-50flx-adidas","status":"publish","type":"product","link":"https:\/\/prideshop.eu\/de\/shop\/sportarten\/thaiboxen\/thaiboxen-handschuhe\/boxhandschuhe-speed-50flx-adidas\/","title":{"rendered":"Boxhandschuhe Adidas \u2013 Speed 50FLX"},"content":{"rendered":"<p>Die Boxhandschuhe Speed 50FLX 3.0 von Adidas sind eine ausgezeichnete Wahl f\u00fcr vielseitiges Training.<br \/>\nSie eignen sich ideal f\u00fcr Boxsacktraining, klassisches Boxen, Fitnesskurse, Kickboxen sowie allgemeine Box\u00fcbungen.<\/p>\n<p>Gefertigt aus strapazierf\u00e4higem und flexiblem Kunstleder \u00fcberzeugen diese Handschuhe durch ihre lange Lebensdauer<br \/>\nund hohe Belastbarkeit \u2013 auch bei regelm\u00e4\u00dfigem, intensivem Training.<\/p>\n<h3>Vorgeformter IMF-Schaum f\u00fcr effektive Sto\u00dfd\u00e4mpfung<\/h3>\n<p>Die Handschuhe sind mit modernem, vorgeformtem IMF-Schaum mit hoher Kompression ausgestattet.<br \/>\nDieser sorgt f\u00fcr eine gleichm\u00e4\u00dfige Sto\u00dfverteilung und bietet verbesserten Schutz f\u00fcr H\u00e4nde und Kn\u00f6chel<br \/>\nw\u00e4hrend des Trainings.<\/p>\n<h3>Speed-Design f\u00fcr schnelle Bewegungen<\/h3>\n<p>Das ergonomische Speed-Design gew\u00e4hrleistet eine optimale Passform und unterst\u00fctzt schnelle,<br \/>\npr\u00e4zise Bewegungen. Dadurch eignen sich die Handschuhe besonders gut f\u00fcr dynamisches und intensives Boxtraining.<\/p>\n<h3>Stabiles Klettverschlusssystem<\/h3>\n<p>Ein robuster Klettverschluss am Handgelenk erm\u00f6glicht eine einfache Anpassung und sorgt f\u00fcr einen<br \/>\nfesten und sicheren Sitz \u2013 auch bei l\u00e4ngeren Trainingseinheiten.<\/p>\n<h3>SDX-Schaum mit Handgelenkunterst\u00fctzung<\/h3>\n<p>Der integrierte SDX-Schaum erstreckt sich von den Fingerspitzen bis zum Handgelenk.<br \/>\nEr bietet hohen Komfort, zus\u00e4tzliche Stabilit\u00e4t f\u00fcr das Handgelenk sowie eine hervorragende Sto\u00dfd\u00e4mpfung bei Schl\u00e4gen.<\/p>\n<h3>Elastischer PU-Handgelenk-Wickel<\/h3>\n<p>Ein vollst\u00e4ndig elastischer PU-Wickel um das Handgelenk sorgt f\u00fcr eine enge, bequeme Passform<br \/>\nund zus\u00e4tzlichen Schutz im empfindlichen Handgelenkbereich.<\/p>\n<h3>Nylon-Innenfutter<\/h3>\n<p>Das vollst\u00e4ndige Nylonfutter im Inneren der Handschuhe erh\u00f6ht den Tragekomfort,<br \/>\nist feuchtigkeitsbest\u00e4ndig und tr\u00e4gt zur l\u00e4ngeren Lebensdauer der Boxhandschuhe bei.<\/p>\n<p><strong>SKU:<\/strong> adidas adiSBG50<\/p>\n","protected":false},"excerpt":{"rendered":"<p>Adidas Speed \u200b\u200b\u200b\u200b50FLX Boxhandschuhe sind f\u00fcr Boxsacktraining, Boxen, Fitnesskurse und Kickboxen konzipiert. Sie bestehen aus strapazierf\u00e4higem Kunstleder, das eine lange Haltbarkeit und Flexibilit\u00e4t bietet. Sie verf\u00fcgen \u00fcber fortschrittlichen vorgeformten IMF\u2013Schaum mit hoher Kompression. Das sorgt f\u00fcr eine gleichm\u00e4\u00dfige Sto\u00dfd\u00e4mpfung. Die Form der Handschuhe verbessert die Geschwindigkeit und Flexibilit\u00e4t beim Training. Ein stabiler Klettverschluss am Handgelenk sorgt f\u00fcr einen sicheren Sitz, w\u00e4hrend ein Gummiband um das Handgelenk f\u00fcr zus\u00e4tzlichen Halt und Komfort sorgt. Das durchgehende Nylonfutter im Inneren bietet bequemen und feuchtigkeitsbest\u00e4ndigen Schutz und hilft, die Handschuhe trocken zu halten. Diese Handschuhe sind eine ausgezeichnete Wahl f\u00fcr hochwertiges Training zu einem erschwinglichen Preis. F\u00fcr zus\u00e4tzlichen Schutz empfehlen wir die Verwendung von Boxbandagen.<\/p>\n","protected":false},"featured_media":49531,"comment_status":"open","ping_status":"closed","template":"","meta":{"_acf_changed":false},"product_brand":[2084],"product_cat":[664,670,580,638,722,728,634,656,778,784],"product_tag":[],"class_list":{"0":"post-49538","1":"product","2":"type-product","3":"status-publish","4":"has-post-thumbnail","6":"product_brand-adidas","7":"product_cat-boxen","8":"product_cat-boxhandschuhe","9":"product_cat-equipment-de","10":"product_cat-handschuhe","11":"product_cat-kickboxen","12":"product_cat-kickboxenhandschuhe","13":"product_cat-schutzausrustung","14":"product_cat-sportarten","15":"product_cat-thaiboxen","16":"product_cat-thaiboxen-handschuhe","18":"first","19":"instock","20":"taxable","21":"shipping-taxable","22":"purchasable","23":"product-type-variable"},"acf":[],"yoast_head":"<!-- This site is optimized with the Yoast SEO plugin v27.5 - https:\/\/yoast.com\/product\/yoast-seo-wordpress\/ -->\n<title>Boxhandschuhe Adidas \u2013 Speed 50FLX - PRIDEshop<\/title>\n<meta name=\"description\" content=\"sind f\u00fcr Boxsacktraining, Boxen, Fitnesskurse und Kickboxen konzipiert. Sie bestehen aus strapazierf\u00e4higem Kunstleder, das eine lange Haltbarkeit und Flexibilit\u00e4t bietet.\" \/>\n<meta name=\"robots\" content=\"index, follow, max-snippet:-1, max-image-preview:large, max-video-preview:-1\" \/>\n<link rel=\"canonical\" href=\"https:\/\/prideshop.eu\/de\/shop\/sportarten\/thaiboxen\/thaiboxen-handschuhe\/boxhandschuhe-speed-50flx-adidas\/\" \/>\n<meta property=\"og:locale\" content=\"de_DE\" \/>\n<meta property=\"og:type\" content=\"article\" \/>\n<meta property=\"og:title\" content=\"Boxhandschuhe Adidas \u2013 Speed 50FLX - PRIDEshop\" \/>\n<meta property=\"og:description\" content=\"sind f\u00fcr Boxsacktraining, Boxen, Fitnesskurse und Kickboxen konzipiert. Sie bestehen aus strapazierf\u00e4higem Kunstleder, das eine lange Haltbarkeit und Flexibilit\u00e4t bietet.\" \/>\n<meta property=\"og:url\" content=\"https:\/\/prideshop.eu\/de\/shop\/sportarten\/thaiboxen\/thaiboxen-handschuhe\/boxhandschuhe-speed-50flx-adidas\/\" \/>\n<meta property=\"og:site_name\" content=\"PRIDEshop\" \/>\n<meta property=\"article:publisher\" content=\"https:\/\/sl-si.facebook.com\/PrideShopeu\" \/>\n<meta property=\"article:modified_time\" content=\"2026-01-13T15:32:46+00:00\" \/>\n<meta property=\"og:image\" content=\"https:\/\/prideshop.eu\/wp-content\/uploads\/2024\/08\/adidas-boksarske-rokavice-speed-50flx-a7150-bgold.jpeg\" \/>\n\t<meta property=\"og:image:width\" content=\"1000\" \/>\n\t<meta property=\"og:image:height\" content=\"1000\" \/>\n\t<meta property=\"og:image:type\" content=\"image\/jpeg\" \/>\n<meta name=\"twitter:card\" content=\"summary_large_image\" \/>\n<meta name=\"twitter:label1\" content=\"Gesch\u00e4tzte Lesezeit\" \/>\n\t<meta name=\"twitter:data1\" content=\"1\u00a0Minute\" \/>\n<script type=\"application\/ld+json\" class=\"yoast-schema-graph\">{\"@context\":\"https:\\\/\\\/schema.org\",\"@graph\":[{\"@type\":\"WebPage\",\"@id\":\"https:\\\/\\\/prideshop.eu\\\/de\\\/shop\\\/sportarten\\\/thaiboxen\\\/thaiboxen-handschuhe\\\/boxhandschuhe-speed-50flx-adidas\\\/\",\"url\":\"https:\\\/\\\/prideshop.eu\\\/de\\\/shop\\\/sportarten\\\/thaiboxen\\\/thaiboxen-handschuhe\\\/boxhandschuhe-speed-50flx-adidas\\\/\",\"name\":\"Boxhandschuhe Adidas \u2013 Speed 50FLX - PRIDEshop\",\"isPartOf\":{\"@id\":\"https:\\\/\\\/prideshop.eu\\\/de\\\/#website\"},\"primaryImageOfPage\":{\"@id\":\"https:\\\/\\\/prideshop.eu\\\/de\\\/shop\\\/sportarten\\\/thaiboxen\\\/thaiboxen-handschuhe\\\/boxhandschuhe-speed-50flx-adidas\\\/#primaryimage\"},\"image\":{\"@id\":\"https:\\\/\\\/prideshop.eu\\\/de\\\/shop\\\/sportarten\\\/thaiboxen\\\/thaiboxen-handschuhe\\\/boxhandschuhe-speed-50flx-adidas\\\/#primaryimage\"},\"thumbnailUrl\":\"https:\\\/\\\/prideshop.eu\\\/wp-content\\\/uploads\\\/2024\\\/08\\\/adidas-boksarske-rokavice-speed-50flx-a7150-bgold.jpeg\",\"datePublished\":\"2024-08-26T09:03:29+00:00\",\"dateModified\":\"2026-01-13T15:32:46+00:00\",\"description\":\"sind f\u00fcr Boxsacktraining, Boxen, Fitnesskurse und Kickboxen konzipiert. Sie bestehen aus strapazierf\u00e4higem Kunstleder, das eine lange Haltbarkeit und Flexibilit\u00e4t bietet.\",\"breadcrumb\":{\"@id\":\"https:\\\/\\\/prideshop.eu\\\/de\\\/shop\\\/sportarten\\\/thaiboxen\\\/thaiboxen-handschuhe\\\/boxhandschuhe-speed-50flx-adidas\\\/#breadcrumb\"},\"inLanguage\":\"de\",\"potentialAction\":[{\"@type\":\"ReadAction\",\"target\":[\"https:\\\/\\\/prideshop.eu\\\/de\\\/shop\\\/sportarten\\\/thaiboxen\\\/thaiboxen-handschuhe\\\/boxhandschuhe-speed-50flx-adidas\\\/\"]}]},{\"@type\":\"ImageObject\",\"inLanguage\":\"de\",\"@id\":\"https:\\\/\\\/prideshop.eu\\\/de\\\/shop\\\/sportarten\\\/thaiboxen\\\/thaiboxen-handschuhe\\\/boxhandschuhe-speed-50flx-adidas\\\/#primaryimage\",\"url\":\"https:\\\/\\\/prideshop.eu\\\/wp-content\\\/uploads\\\/2024\\\/08\\\/adidas-boksarske-rokavice-speed-50flx-a7150-bgold.jpeg\",\"contentUrl\":\"https:\\\/\\\/prideshop.eu\\\/wp-content\\\/uploads\\\/2024\\\/08\\\/adidas-boksarske-rokavice-speed-50flx-a7150-bgold.jpeg\",\"width\":1000,\"height\":1000,\"caption\":\"Adidas Speed \u200b\u200b50 FLX 3.0 Boxhandschuhe Schwarz\"},{\"@type\":\"BreadcrumbList\",\"@id\":\"https:\\\/\\\/prideshop.eu\\\/de\\\/shop\\\/sportarten\\\/thaiboxen\\\/thaiboxen-handschuhe\\\/boxhandschuhe-speed-50flx-adidas\\\/#breadcrumb\",\"itemListElement\":[{\"@type\":\"ListItem\",\"position\":1,\"name\":\"Home\",\"item\":\"https:\\\/\\\/prideshop.eu\\\/de\\\/\"},{\"@type\":\"ListItem\",\"position\":2,\"name\":\"Gesch\u00e4ft\",\"item\":\"https:\\\/\\\/prideshop.eu\\\/de\\\/geschaeft\\\/\"},{\"@type\":\"ListItem\",\"position\":3,\"name\":\"Boxhandschuhe Adidas \u2013 Speed 50FLX\"}]},{\"@type\":\"WebSite\",\"@id\":\"https:\\\/\\\/prideshop.eu\\\/de\\\/#website\",\"url\":\"https:\\\/\\\/prideshop.eu\\\/de\\\/\",\"name\":\"PRIDEshop\",\"description\":\"Oprema za Borilne \u0160porte\",\"publisher\":{\"@id\":\"https:\\\/\\\/prideshop.eu\\\/de\\\/#organization\"},\"potentialAction\":[{\"@type\":\"SearchAction\",\"target\":{\"@type\":\"EntryPoint\",\"urlTemplate\":\"https:\\\/\\\/prideshop.eu\\\/de\\\/?s={search_term_string}\"},\"query-input\":{\"@type\":\"PropertyValueSpecification\",\"valueRequired\":true,\"valueName\":\"search_term_string\"}}],\"inLanguage\":\"de\"},{\"@type\":\"Organization\",\"@id\":\"https:\\\/\\\/prideshop.eu\\\/de\\\/#organization\",\"name\":\"PRIDEshop\",\"url\":\"https:\\\/\\\/prideshop.eu\\\/de\\\/\",\"logo\":{\"@type\":\"ImageObject\",\"inLanguage\":\"de\",\"@id\":\"https:\\\/\\\/prideshop.eu\\\/de\\\/#\\\/schema\\\/logo\\\/image\\\/\",\"url\":\"\",\"contentUrl\":\"\",\"caption\":\"PRIDEshop\"},\"image\":{\"@id\":\"https:\\\/\\\/prideshop.eu\\\/de\\\/#\\\/schema\\\/logo\\\/image\\\/\"},\"sameAs\":[\"https:\\\/\\\/sl-si.facebook.com\\\/PrideShopeu\"]}]}<\/script>\n<!-- \/ Yoast SEO plugin. -->","yoast_head_json":{"title":"Boxhandschuhe Adidas \u2013 Speed 50FLX - PRIDEshop","description":"sind f\u00fcr Boxsacktraining, Boxen, Fitnesskurse und Kickboxen konzipiert. Sie bestehen aus strapazierf\u00e4higem Kunstleder, das eine lange Haltbarkeit und Flexibilit\u00e4t bietet.","robots":{"index":"index","follow":"follow","max-snippet":"max-snippet:-1","max-image-preview":"max-image-preview:large","max-video-preview":"max-video-preview:-1"},"canonical":"https:\/\/prideshop.eu\/de\/shop\/sportarten\/thaiboxen\/thaiboxen-handschuhe\/boxhandschuhe-speed-50flx-adidas\/","og_locale":"de_DE","og_type":"article","og_title":"Boxhandschuhe Adidas \u2013 Speed 50FLX - PRIDEshop","og_description":"sind f\u00fcr Boxsacktraining, Boxen, Fitnesskurse und Kickboxen konzipiert. Sie bestehen aus strapazierf\u00e4higem Kunstleder, das eine lange Haltbarkeit und Flexibilit\u00e4t bietet.","og_url":"https:\/\/prideshop.eu\/de\/shop\/sportarten\/thaiboxen\/thaiboxen-handschuhe\/boxhandschuhe-speed-50flx-adidas\/","og_site_name":"PRIDEshop","article_publisher":"https:\/\/sl-si.facebook.com\/PrideShopeu","article_modified_time":"2026-01-13T15:32:46+00:00","og_image":[{"width":1000,"height":1000,"url":"https:\/\/prideshop.eu\/wp-content\/uploads\/2024\/08\/adidas-boksarske-rokavice-speed-50flx-a7150-bgold.jpeg","type":"image\/jpeg"}],"twitter_card":"summary_large_image","twitter_misc":{"Gesch\u00e4tzte Lesezeit":"1\u00a0Minute"},"schema":{"@context":"https:\/\/schema.org","@graph":[{"@type":"WebPage","@id":"https:\/\/prideshop.eu\/de\/shop\/sportarten\/thaiboxen\/thaiboxen-handschuhe\/boxhandschuhe-speed-50flx-adidas\/","url":"https:\/\/prideshop.eu\/de\/shop\/sportarten\/thaiboxen\/thaiboxen-handschuhe\/boxhandschuhe-speed-50flx-adidas\/","name":"Boxhandschuhe Adidas \u2013 Speed 50FLX - PRIDEshop","isPartOf":{"@id":"https:\/\/prideshop.eu\/de\/#website"},"primaryImageOfPage":{"@id":"https:\/\/prideshop.eu\/de\/shop\/sportarten\/thaiboxen\/thaiboxen-handschuhe\/boxhandschuhe-speed-50flx-adidas\/#primaryimage"},"image":{"@id":"https:\/\/prideshop.eu\/de\/shop\/sportarten\/thaiboxen\/thaiboxen-handschuhe\/boxhandschuhe-speed-50flx-adidas\/#primaryimage"},"thumbnailUrl":"https:\/\/prideshop.eu\/wp-content\/uploads\/2024\/08\/adidas-boksarske-rokavice-speed-50flx-a7150-bgold.jpeg","datePublished":"2024-08-26T09:03:29+00:00","dateModified":"2026-01-13T15:32:46+00:00","description":"sind f\u00fcr Boxsacktraining, Boxen, Fitnesskurse und Kickboxen konzipiert. Sie bestehen aus strapazierf\u00e4higem Kunstleder, das eine lange Haltbarkeit und Flexibilit\u00e4t bietet.","breadcrumb":{"@id":"https:\/\/prideshop.eu\/de\/shop\/sportarten\/thaiboxen\/thaiboxen-handschuhe\/boxhandschuhe-speed-50flx-adidas\/#breadcrumb"},"inLanguage":"de","potentialAction":[{"@type":"ReadAction","target":["https:\/\/prideshop.eu\/de\/shop\/sportarten\/thaiboxen\/thaiboxen-handschuhe\/boxhandschuhe-speed-50flx-adidas\/"]}]},{"@type":"ImageObject","inLanguage":"de","@id":"https:\/\/prideshop.eu\/de\/shop\/sportarten\/thaiboxen\/thaiboxen-handschuhe\/boxhandschuhe-speed-50flx-adidas\/#primaryimage","url":"https:\/\/prideshop.eu\/wp-content\/uploads\/2024\/08\/adidas-boksarske-rokavice-speed-50flx-a7150-bgold.jpeg","contentUrl":"https:\/\/prideshop.eu\/wp-content\/uploads\/2024\/08\/adidas-boksarske-rokavice-speed-50flx-a7150-bgold.jpeg","width":1000,"height":1000,"caption":"Adidas Speed \u200b\u200b50 FLX 3.0 Boxhandschuhe Schwarz"},{"@type":"BreadcrumbList","@id":"https:\/\/prideshop.eu\/de\/shop\/sportarten\/thaiboxen\/thaiboxen-handschuhe\/boxhandschuhe-speed-50flx-adidas\/#breadcrumb","itemListElement":[{"@type":"ListItem","position":1,"name":"Home","item":"https:\/\/prideshop.eu\/de\/"},{"@type":"ListItem","position":2,"name":"Gesch\u00e4ft","item":"https:\/\/prideshop.eu\/de\/geschaeft\/"},{"@type":"ListItem","position":3,"name":"Boxhandschuhe Adidas \u2013 Speed 50FLX"}]},{"@type":"WebSite","@id":"https:\/\/prideshop.eu\/de\/#website","url":"https:\/\/prideshop.eu\/de\/","name":"PRIDEshop","description":"Oprema za Borilne \u0160porte","publisher":{"@id":"https:\/\/prideshop.eu\/de\/#organization"},"potentialAction":[{"@type":"SearchAction","target":{"@type":"EntryPoint","urlTemplate":"https:\/\/prideshop.eu\/de\/?s={search_term_string}"},"query-input":{"@type":"PropertyValueSpecification","valueRequired":true,"valueName":"search_term_string"}}],"inLanguage":"de"},{"@type":"Organization","@id":"https:\/\/prideshop.eu\/de\/#organization","name":"PRIDEshop","url":"https:\/\/prideshop.eu\/de\/","logo":{"@type":"ImageObject","inLanguage":"de","@id":"https:\/\/prideshop.eu\/de\/#\/schema\/logo\/image\/","url":"","contentUrl":"","caption":"PRIDEshop"},"image":{"@id":"https:\/\/prideshop.eu\/de\/#\/schema\/logo\/image\/"},"sameAs":["https:\/\/sl-si.facebook.com\/PrideShopeu"]}]}},"_links":{"self":[{"href":"https:\/\/prideshop.eu\/de\/wp-json\/wp\/v2\/product\/49538","targetHints":{"allow":["GET"]}}],"collection":[{"href":"https:\/\/prideshop.eu\/de\/wp-json\/wp\/v2\/product"}],"about":[{"href":"https:\/\/prideshop.eu\/de\/wp-json\/wp\/v2\/types\/product"}],"replies":[{"embeddable":true,"href":"https:\/\/prideshop.eu\/de\/wp-json\/wp\/v2\/comments?post=49538"}],"wp:featuredmedia":[{"embeddable":true,"href":"https:\/\/prideshop.eu\/de\/wp-json\/wp\/v2\/media\/49531"}],"wp:attachment":[{"href":"https:\/\/prideshop.eu\/de\/wp-json\/wp\/v2\/media?parent=49538"}],"wp:term":[{"taxonomy":"product_brand","embeddable":true,"href":"https:\/\/prideshop.eu\/de\/wp-json\/wp\/v2\/product_brand?post=49538"},{"taxonomy":"product_cat","embeddable":true,"href":"https:\/\/prideshop.eu\/de\/wp-json\/wp\/v2\/product_cat?post=49538"},{"taxonomy":"product_tag","embeddable":true,"href":"https:\/\/prideshop.eu\/de\/wp-json\/wp\/v2\/product_tag?post=49538"}],"curies":[{"name":"wp","href":"https:\/\/api.w.org\/{rel}","templated":true}]}}