{"id":49954,"date":"2024-09-25T14:55:48","date_gmt":"2024-09-25T12:55:48","guid":{"rendered":"https:\/\/prideshop.eu\/spletna-trgovina\/unkategorisiert\/kinder-boxset-junior-adidas\/"},"modified":"2025-08-04T11:10:27","modified_gmt":"2025-08-04T09:10:27","slug":"kinder-boxset-junior-adidas","status":"publish","type":"product","link":"https:\/\/prideshop.eu\/de\/shop\/equipment-de\/trainingsgerate\/boxsacke\/kinder-boxset-junior-adidas\/","title":{"rendered":"Kinder Boxset mit Boxsack &#038; Handschuhen Adidas \u2013 Junior"},"content":{"rendered":"<h3>Kinder Boxset mit Boxsack &#038; Handschuhen Adidas \u2013 Junior<\/h3>\n<p>Kinder\u2013Boxset Junior AdidasnDas adidas Junior Boxing Kit ist das perfekte All\u2013in\u2013One\u2013Kit f\u00fcr Anf\u00e4nger. Gedacht f\u00fcr Kinder, die das Boxen zu Hause lernen m\u00f6chten. Die Aufh\u00e4ngung mit 4\u2013Punkt\u2013System wird mit Hilfe eines Stahlhakens einfach an der Decke befestigt. Die Handschuhe sind auf Sicherheit ausgelegt, da sie weich gef\u00fcttert sind und der Boxsack ausschlie\u00dflich mit Textilresten gef\u00fcllt ist.nnVerf\u00fcgbare Gr\u00f6\u00dfen und Farben:nnBoxhandschuhe: 6 OZnBoxsack: ca. 43 x 19 cmnGewicht: 5 kgnVorteile des Junior Boxing Kits:nnDURATEC Strapazierf\u00e4hige Boxhandschuhe aus Kunstleder (6oz)nNylon\u2013BoxsacknSpeziell f\u00fcr Kinder entwickeltnMit Textil gef\u00fcllt (gescannte Tasche)nArtikelnummer: adidas adiBACJPII<\/p>\n","protected":false},"excerpt":{"rendered":"<p>Das Adidas Junior Boxing Kit ist das perfekte All\u2013in\u2013One\u2013Kit f\u00fcr junge Boxer, die zu Hause trainieren m\u00f6chten. Die Aufh\u00e4ngung l\u00e4sst sich einfach an der Decke befestigen, die Handschuhe sind zur Sicherheit weich gef\u00fcttert und der Boxsack ist mit Textilresten gef\u00fcllt. Das Set beinhaltet 6 OZ\u2013Handschuhe und einen Boxsack mit den Ma\u00dfen 43 x 19 cm und einem Gewicht von 5 kg. Es besteht aus strapazierf\u00e4higem DURATEC\u2013Kunstleder und Nylon, was eine langfristige Nutzung gew\u00e4hrleistet, speziell f\u00fcr Kinder entwickelt.<\/p>\n","protected":false},"featured_media":49952,"comment_status":"open","ping_status":"closed","template":"","meta":{"_acf_changed":false},"product_brand":[2084],"product_cat":[622,580],"product_tag":[],"class_list":{"0":"post-49954","1":"product","2":"type-product","3":"status-publish","4":"has-post-thumbnail","6":"product_brand-adidas","7":"product_cat-boxsacke","8":"product_cat-equipment-de","10":"first","11":"instock","12":"sale","13":"featured","14":"taxable","15":"shipping-taxable","16":"purchasable","17":"product-type-simple"},"acf":[],"yoast_head":"<!-- This site is optimized with the Yoast SEO plugin v27.5 - https:\/\/yoast.com\/product\/yoast-seo-wordpress\/ -->\n<title>Kinder Boxset mit Boxsack &amp; Handschuhen Adidas \u2013 Junior - PRIDEshop<\/title>\n<meta name=\"description\" content=\"Es ist das perfekte All-in-One-Set f\u00fcr junge Boxer, die zu Hause trainieren m\u00f6chten. Das Set beinhaltet 6 OZ-Handschuhe und einen Boxsack mit den Ma\u00dfen 43 x 19 cm und einem Gewicht von 5 kg.\" \/>\n<meta name=\"robots\" content=\"index, follow, max-snippet:-1, max-image-preview:large, max-video-preview:-1\" \/>\n<link rel=\"canonical\" href=\"https:\/\/prideshop.eu\/de\/shop\/equipment-de\/trainingsgerate\/boxsacke\/kinder-boxset-junior-adidas\/\" \/>\n<meta property=\"og:locale\" content=\"de_DE\" \/>\n<meta property=\"og:type\" content=\"article\" \/>\n<meta property=\"og:title\" content=\"Kinder Boxset mit Boxsack &amp; Handschuhen Adidas \u2013 Junior - PRIDEshop\" \/>\n<meta property=\"og:description\" content=\"Es ist das perfekte All-in-One-Set f\u00fcr junge Boxer, die zu Hause trainieren m\u00f6chten. Das Set beinhaltet 6 OZ-Handschuhe und einen Boxsack mit den Ma\u00dfen 43 x 19 cm und einem Gewicht von 5 kg.\" \/>\n<meta property=\"og:url\" content=\"https:\/\/prideshop.eu\/de\/shop\/equipment-de\/trainingsgerate\/boxsacke\/kinder-boxset-junior-adidas\/\" \/>\n<meta property=\"og:site_name\" content=\"PRIDEshop\" \/>\n<meta property=\"article:publisher\" content=\"https:\/\/sl-si.facebook.com\/PrideShopeu\" \/>\n<meta property=\"article:modified_time\" content=\"2025-08-04T09:10:27+00:00\" \/>\n<meta property=\"og:image\" content=\"https:\/\/prideshop.eu\/wp-content\/uploads\/2024\/09\/otroski-boksarski-set-junior-adidas-A797.jpg\" \/>\n\t<meta property=\"og:image:width\" content=\"1000\" \/>\n\t<meta property=\"og:image:height\" content=\"1000\" \/>\n\t<meta property=\"og:image:type\" content=\"image\/jpeg\" \/>\n<meta name=\"twitter:card\" content=\"summary_large_image\" \/>\n<meta name=\"twitter:label1\" content=\"Gesch\u00e4tzte Lesezeit\" \/>\n\t<meta name=\"twitter:data1\" content=\"1\u00a0Minute\" \/>\n<script type=\"application\/ld+json\" class=\"yoast-schema-graph\">{\"@context\":\"https:\\\/\\\/schema.org\",\"@graph\":[{\"@type\":\"WebPage\",\"@id\":\"https:\\\/\\\/prideshop.eu\\\/de\\\/shop\\\/equipment-de\\\/trainingsgerate\\\/boxsacke\\\/kinder-boxset-junior-adidas\\\/\",\"url\":\"https:\\\/\\\/prideshop.eu\\\/de\\\/shop\\\/equipment-de\\\/trainingsgerate\\\/boxsacke\\\/kinder-boxset-junior-adidas\\\/\",\"name\":\"Kinder Boxset mit Boxsack & Handschuhen Adidas \u2013 Junior - PRIDEshop\",\"isPartOf\":{\"@id\":\"https:\\\/\\\/prideshop.eu\\\/de\\\/#website\"},\"primaryImageOfPage\":{\"@id\":\"https:\\\/\\\/prideshop.eu\\\/de\\\/shop\\\/equipment-de\\\/trainingsgerate\\\/boxsacke\\\/kinder-boxset-junior-adidas\\\/#primaryimage\"},\"image\":{\"@id\":\"https:\\\/\\\/prideshop.eu\\\/de\\\/shop\\\/equipment-de\\\/trainingsgerate\\\/boxsacke\\\/kinder-boxset-junior-adidas\\\/#primaryimage\"},\"thumbnailUrl\":\"https:\\\/\\\/prideshop.eu\\\/wp-content\\\/uploads\\\/2024\\\/09\\\/otroski-boksarski-set-junior-adidas-A797.jpg\",\"datePublished\":\"2024-09-25T12:55:48+00:00\",\"dateModified\":\"2025-08-04T09:10:27+00:00\",\"description\":\"Es ist das perfekte All-in-One-Set f\u00fcr junge Boxer, die zu Hause trainieren m\u00f6chten. Das Set beinhaltet 6 OZ-Handschuhe und einen Boxsack mit den Ma\u00dfen 43 x 19 cm und einem Gewicht von 5 kg.\",\"breadcrumb\":{\"@id\":\"https:\\\/\\\/prideshop.eu\\\/de\\\/shop\\\/equipment-de\\\/trainingsgerate\\\/boxsacke\\\/kinder-boxset-junior-adidas\\\/#breadcrumb\"},\"inLanguage\":\"de\",\"potentialAction\":[{\"@type\":\"ReadAction\",\"target\":[\"https:\\\/\\\/prideshop.eu\\\/de\\\/shop\\\/equipment-de\\\/trainingsgerate\\\/boxsacke\\\/kinder-boxset-junior-adidas\\\/\"]}]},{\"@type\":\"ImageObject\",\"inLanguage\":\"de\",\"@id\":\"https:\\\/\\\/prideshop.eu\\\/de\\\/shop\\\/equipment-de\\\/trainingsgerate\\\/boxsacke\\\/kinder-boxset-junior-adidas\\\/#primaryimage\",\"url\":\"https:\\\/\\\/prideshop.eu\\\/wp-content\\\/uploads\\\/2024\\\/09\\\/otroski-boksarski-set-junior-adidas-A797.jpg\",\"contentUrl\":\"https:\\\/\\\/prideshop.eu\\\/wp-content\\\/uploads\\\/2024\\\/09\\\/otroski-boksarski-set-junior-adidas-A797.jpg\",\"width\":1000,\"height\":1000,\"caption\":\"Kinder-Boxset Junior Adidas\"},{\"@type\":\"BreadcrumbList\",\"@id\":\"https:\\\/\\\/prideshop.eu\\\/de\\\/shop\\\/equipment-de\\\/trainingsgerate\\\/boxsacke\\\/kinder-boxset-junior-adidas\\\/#breadcrumb\",\"itemListElement\":[{\"@type\":\"ListItem\",\"position\":1,\"name\":\"Home\",\"item\":\"https:\\\/\\\/prideshop.eu\\\/de\\\/\"},{\"@type\":\"ListItem\",\"position\":2,\"name\":\"Gesch\u00e4ft\",\"item\":\"https:\\\/\\\/prideshop.eu\\\/de\\\/geschaeft\\\/\"},{\"@type\":\"ListItem\",\"position\":3,\"name\":\"Kinder Boxset mit Boxsack &#038; Handschuhen Adidas \u2013 Junior\"}]},{\"@type\":\"WebSite\",\"@id\":\"https:\\\/\\\/prideshop.eu\\\/de\\\/#website\",\"url\":\"https:\\\/\\\/prideshop.eu\\\/de\\\/\",\"name\":\"PRIDEshop\",\"description\":\"Oprema za Borilne \u0160porte\",\"publisher\":{\"@id\":\"https:\\\/\\\/prideshop.eu\\\/de\\\/#organization\"},\"potentialAction\":[{\"@type\":\"SearchAction\",\"target\":{\"@type\":\"EntryPoint\",\"urlTemplate\":\"https:\\\/\\\/prideshop.eu\\\/de\\\/?s={search_term_string}\"},\"query-input\":{\"@type\":\"PropertyValueSpecification\",\"valueRequired\":true,\"valueName\":\"search_term_string\"}}],\"inLanguage\":\"de\"},{\"@type\":\"Organization\",\"@id\":\"https:\\\/\\\/prideshop.eu\\\/de\\\/#organization\",\"name\":\"PRIDEshop\",\"url\":\"https:\\\/\\\/prideshop.eu\\\/de\\\/\",\"logo\":{\"@type\":\"ImageObject\",\"inLanguage\":\"de\",\"@id\":\"https:\\\/\\\/prideshop.eu\\\/de\\\/#\\\/schema\\\/logo\\\/image\\\/\",\"url\":\"\",\"contentUrl\":\"\",\"caption\":\"PRIDEshop\"},\"image\":{\"@id\":\"https:\\\/\\\/prideshop.eu\\\/de\\\/#\\\/schema\\\/logo\\\/image\\\/\"},\"sameAs\":[\"https:\\\/\\\/sl-si.facebook.com\\\/PrideShopeu\"]}]}<\/script>\n<!-- \/ Yoast SEO plugin. -->","yoast_head_json":{"title":"Kinder Boxset mit Boxsack & Handschuhen Adidas \u2013 Junior - PRIDEshop","description":"Es ist das perfekte All-in-One-Set f\u00fcr junge Boxer, die zu Hause trainieren m\u00f6chten. Das Set beinhaltet 6 OZ-Handschuhe und einen Boxsack mit den Ma\u00dfen 43 x 19 cm und einem Gewicht von 5 kg.","robots":{"index":"index","follow":"follow","max-snippet":"max-snippet:-1","max-image-preview":"max-image-preview:large","max-video-preview":"max-video-preview:-1"},"canonical":"https:\/\/prideshop.eu\/de\/shop\/equipment-de\/trainingsgerate\/boxsacke\/kinder-boxset-junior-adidas\/","og_locale":"de_DE","og_type":"article","og_title":"Kinder Boxset mit Boxsack & Handschuhen Adidas \u2013 Junior - PRIDEshop","og_description":"Es ist das perfekte All-in-One-Set f\u00fcr junge Boxer, die zu Hause trainieren m\u00f6chten. Das Set beinhaltet 6 OZ-Handschuhe und einen Boxsack mit den Ma\u00dfen 43 x 19 cm und einem Gewicht von 5 kg.","og_url":"https:\/\/prideshop.eu\/de\/shop\/equipment-de\/trainingsgerate\/boxsacke\/kinder-boxset-junior-adidas\/","og_site_name":"PRIDEshop","article_publisher":"https:\/\/sl-si.facebook.com\/PrideShopeu","article_modified_time":"2025-08-04T09:10:27+00:00","og_image":[{"width":1000,"height":1000,"url":"https:\/\/prideshop.eu\/wp-content\/uploads\/2024\/09\/otroski-boksarski-set-junior-adidas-A797.jpg","type":"image\/jpeg"}],"twitter_card":"summary_large_image","twitter_misc":{"Gesch\u00e4tzte Lesezeit":"1\u00a0Minute"},"schema":{"@context":"https:\/\/schema.org","@graph":[{"@type":"WebPage","@id":"https:\/\/prideshop.eu\/de\/shop\/equipment-de\/trainingsgerate\/boxsacke\/kinder-boxset-junior-adidas\/","url":"https:\/\/prideshop.eu\/de\/shop\/equipment-de\/trainingsgerate\/boxsacke\/kinder-boxset-junior-adidas\/","name":"Kinder Boxset mit Boxsack & Handschuhen Adidas \u2013 Junior - PRIDEshop","isPartOf":{"@id":"https:\/\/prideshop.eu\/de\/#website"},"primaryImageOfPage":{"@id":"https:\/\/prideshop.eu\/de\/shop\/equipment-de\/trainingsgerate\/boxsacke\/kinder-boxset-junior-adidas\/#primaryimage"},"image":{"@id":"https:\/\/prideshop.eu\/de\/shop\/equipment-de\/trainingsgerate\/boxsacke\/kinder-boxset-junior-adidas\/#primaryimage"},"thumbnailUrl":"https:\/\/prideshop.eu\/wp-content\/uploads\/2024\/09\/otroski-boksarski-set-junior-adidas-A797.jpg","datePublished":"2024-09-25T12:55:48+00:00","dateModified":"2025-08-04T09:10:27+00:00","description":"Es ist das perfekte All-in-One-Set f\u00fcr junge Boxer, die zu Hause trainieren m\u00f6chten. Das Set beinhaltet 6 OZ-Handschuhe und einen Boxsack mit den Ma\u00dfen 43 x 19 cm und einem Gewicht von 5 kg.","breadcrumb":{"@id":"https:\/\/prideshop.eu\/de\/shop\/equipment-de\/trainingsgerate\/boxsacke\/kinder-boxset-junior-adidas\/#breadcrumb"},"inLanguage":"de","potentialAction":[{"@type":"ReadAction","target":["https:\/\/prideshop.eu\/de\/shop\/equipment-de\/trainingsgerate\/boxsacke\/kinder-boxset-junior-adidas\/"]}]},{"@type":"ImageObject","inLanguage":"de","@id":"https:\/\/prideshop.eu\/de\/shop\/equipment-de\/trainingsgerate\/boxsacke\/kinder-boxset-junior-adidas\/#primaryimage","url":"https:\/\/prideshop.eu\/wp-content\/uploads\/2024\/09\/otroski-boksarski-set-junior-adidas-A797.jpg","contentUrl":"https:\/\/prideshop.eu\/wp-content\/uploads\/2024\/09\/otroski-boksarski-set-junior-adidas-A797.jpg","width":1000,"height":1000,"caption":"Kinder-Boxset Junior Adidas"},{"@type":"BreadcrumbList","@id":"https:\/\/prideshop.eu\/de\/shop\/equipment-de\/trainingsgerate\/boxsacke\/kinder-boxset-junior-adidas\/#breadcrumb","itemListElement":[{"@type":"ListItem","position":1,"name":"Home","item":"https:\/\/prideshop.eu\/de\/"},{"@type":"ListItem","position":2,"name":"Gesch\u00e4ft","item":"https:\/\/prideshop.eu\/de\/geschaeft\/"},{"@type":"ListItem","position":3,"name":"Kinder Boxset mit Boxsack &#038; Handschuhen Adidas \u2013 Junior"}]},{"@type":"WebSite","@id":"https:\/\/prideshop.eu\/de\/#website","url":"https:\/\/prideshop.eu\/de\/","name":"PRIDEshop","description":"Oprema za Borilne \u0160porte","publisher":{"@id":"https:\/\/prideshop.eu\/de\/#organization"},"potentialAction":[{"@type":"SearchAction","target":{"@type":"EntryPoint","urlTemplate":"https:\/\/prideshop.eu\/de\/?s={search_term_string}"},"query-input":{"@type":"PropertyValueSpecification","valueRequired":true,"valueName":"search_term_string"}}],"inLanguage":"de"},{"@type":"Organization","@id":"https:\/\/prideshop.eu\/de\/#organization","name":"PRIDEshop","url":"https:\/\/prideshop.eu\/de\/","logo":{"@type":"ImageObject","inLanguage":"de","@id":"https:\/\/prideshop.eu\/de\/#\/schema\/logo\/image\/","url":"","contentUrl":"","caption":"PRIDEshop"},"image":{"@id":"https:\/\/prideshop.eu\/de\/#\/schema\/logo\/image\/"},"sameAs":["https:\/\/sl-si.facebook.com\/PrideShopeu"]}]}},"_links":{"self":[{"href":"https:\/\/prideshop.eu\/de\/wp-json\/wp\/v2\/product\/49954","targetHints":{"allow":["GET"]}}],"collection":[{"href":"https:\/\/prideshop.eu\/de\/wp-json\/wp\/v2\/product"}],"about":[{"href":"https:\/\/prideshop.eu\/de\/wp-json\/wp\/v2\/types\/product"}],"replies":[{"embeddable":true,"href":"https:\/\/prideshop.eu\/de\/wp-json\/wp\/v2\/comments?post=49954"}],"wp:featuredmedia":[{"embeddable":true,"href":"https:\/\/prideshop.eu\/de\/wp-json\/wp\/v2\/media\/49952"}],"wp:attachment":[{"href":"https:\/\/prideshop.eu\/de\/wp-json\/wp\/v2\/media?parent=49954"}],"wp:term":[{"taxonomy":"product_brand","embeddable":true,"href":"https:\/\/prideshop.eu\/de\/wp-json\/wp\/v2\/product_brand?post=49954"},{"taxonomy":"product_cat","embeddable":true,"href":"https:\/\/prideshop.eu\/de\/wp-json\/wp\/v2\/product_cat?post=49954"},{"taxonomy":"product_tag","embeddable":true,"href":"https:\/\/prideshop.eu\/de\/wp-json\/wp\/v2\/product_tag?post=49954"}],"curies":[{"name":"wp","href":"https:\/\/api.w.org\/{rel}","templated":true}]}}