{"id":50242,"date":"2024-11-10T08:50:50","date_gmt":"2024-11-10T07:50:50","guid":{"rendered":"https:\/\/prideshop.eu\/spletna-trgovina\/unkategorisiert\/boxhandschuhe-hybrid-80-adidas\/"},"modified":"2025-08-04T11:09:08","modified_gmt":"2025-08-04T09:09:08","slug":"boxhandschuhe-hybrid-80-adidas","status":"publish","type":"product","link":"https:\/\/prideshop.eu\/de\/shop\/sportarten\/thaiboxen\/thaiboxen-handschuhe\/boxhandschuhe-hybrid-80-adidas\/","title":{"rendered":"Boxhandschuhe Adidas \u2013 Hybrid 80"},"content":{"rendered":"<h3>Boxhandschuhe Adidas \u2013 Hybrid 80<\/h3>\n<p>Adidas Hybrid 80 Boxhandschuhen<\/p>\n<div>Adidas Hybrid 80 Boxhandschuhe sind f\u00fcr Boxer konzipiert, die das Beste f\u00fcr ihr Training und Sparring wollen. Sie werden mit fortschrittlichen Adidas\u2013Technologien hergestellt, die \u00fcberragenden Komfort, Schutz und Leistung bieten.<\/div>\n<p>n<\/p>\n<div><\/div>\n<p>n<\/p>\n<div>Die Handschuhe verf\u00fcgen \u00fcber die AeroReady\u2013Atmungsaktivit\u00e4t, die eine hervorragende Temperaturregulierung erm\u00f6glicht und \u00fcberm\u00e4\u00dfiges Schwitzen verhindert, w\u00e4hrend die hochkomprimierte SDX\u2013Formschaum\u2013Innenseite f\u00fcr vollst\u00e4ndige Sto\u00dfd\u00e4mpfung und au\u00dfergew\u00f6hnliche Schlagfestigkeit sorgt, was im professionellen Training von entscheidender Bedeutung ist.<\/div>\n<p>n<\/p>\n<div><\/div>\n<p>n<\/p>\n<div>Die Adidas Hybrid 80 Boxhandschuhe bestehen aus Kunstleder, das langanhaltende Haltbarkeit und Schutz bietet. Sie haben eine ergonomische Form, die die Bildung einer perfekten Faust erm\u00f6glicht und das Risiko von Hand\u2013 und Handgelenksverletzungen verringert. Das innovative Verschlusssystem mit breitem Klettverschluss am Igel erm\u00f6glicht eine schnelle und sichere Anpassung und sorgt so f\u00fcr einen festen Sitz und Stabilit\u00e4t beim Training.<\/div>\n<p>n<\/p>\n<div><\/div>\n<p>n<\/p>\n<div>Adidas Hybrid 80\u2013Handschuhe eignen sich f\u00fcr alle Trainingsarten, einschlie\u00dflich Training am Boxsack, Mitra\u2013Training, Fitnesstraining und leichtes Sparring. Sie sind ideal f\u00fcr Anf\u00e4nger, Amateure und Profis. Sie wurden von Top\u2013Boxern getestet und zugelassen, was die hohe Qualit\u00e4t und den Schutz gew\u00e4hrleistet, den Sie beim Training ben\u00f6tigen.<\/div>\n<p>n<\/p>\n<div><\/div>\n<p>n<\/p>\n<div>Mit au\u00dfergew\u00f6hnlichem Design und Funktionalit\u00e4t bieten die Adidas Hybrid 80\u2013Handschuhe sowohl Komfort als auch hervorragenden Schutz beim Training und sorgen gleichzeitig f\u00fcr hohe Geschwindigkeit und Pr\u00e4zision bei der Ausf\u00fchrung von Bewegungen. F\u00fcr beste Ergebnisse und Sicherheit beim Training sind diese Handschuhe ein unverzichtbarer Bestandteil Ihrer Boxausr\u00fcstung.<\/div>\n","protected":false},"excerpt":{"rendered":"<p>Boxhandschuhe Hybrid 80, Adidas, Designerhandschuhe f\u00fcr Boxen und Kickboxen auf Level 80. Material: widerstandsf\u00e4higes PU\u2013Leder, bequemes Innenfutter. Der neu entwickelte IMF\u2013F\u00fcllstoff bietet eine homogene Sto\u00dfd\u00e4mpfung. Verschluss mit starkem Klettverschluss.<\/p>\n","protected":false},"featured_media":50232,"comment_status":"open","ping_status":"closed","template":"","meta":{"_acf_changed":false},"product_brand":[2084],"product_cat":[664,670,580,638,722,728,634,656,778,784],"product_tag":[],"class_list":{"0":"post-50242","1":"product","2":"type-product","3":"status-publish","4":"has-post-thumbnail","6":"product_brand-adidas","7":"product_cat-boxen","8":"product_cat-boxhandschuhe","9":"product_cat-equipment-de","10":"product_cat-handschuhe","11":"product_cat-kickboxen","12":"product_cat-kickboxenhandschuhe","13":"product_cat-schutzausrustung","14":"product_cat-sportarten","15":"product_cat-thaiboxen","16":"product_cat-thaiboxen-handschuhe","18":"first","19":"instock","20":"taxable","21":"shipping-taxable","22":"purchasable","23":"product-type-variable"},"acf":[],"yoast_head":"<!-- This site is optimized with the Yoast SEO plugin v27.5 - https:\/\/yoast.com\/product\/yoast-seo-wordpress\/ -->\n<title>Boxhandschuhe Adidas \u2013 Hybrid 80 - PRIDEshop<\/title>\n<meta name=\"description\" content=\"Boxhandschuhe Hybrid 80, Adidas, Designerhandschuhe f\u00fcr Boxen und Kickboxen auf Level 80. Material: widerstandsf\u00e4higes PU-Leder, bequemes Innenfutter.\" \/>\n<meta name=\"robots\" content=\"index, follow, max-snippet:-1, max-image-preview:large, max-video-preview:-1\" \/>\n<link rel=\"canonical\" href=\"https:\/\/prideshop.eu\/de\/shop\/sportarten\/thaiboxen\/thaiboxen-handschuhe\/boxhandschuhe-hybrid-80-adidas\/\" \/>\n<meta property=\"og:locale\" content=\"de_DE\" \/>\n<meta property=\"og:type\" content=\"article\" \/>\n<meta property=\"og:title\" content=\"Boxhandschuhe Adidas \u2013 Hybrid 80 - PRIDEshop\" \/>\n<meta property=\"og:description\" content=\"Boxhandschuhe Hybrid 80, Adidas, Designerhandschuhe f\u00fcr Boxen und Kickboxen auf Level 80. Material: widerstandsf\u00e4higes PU-Leder, bequemes Innenfutter.\" \/>\n<meta property=\"og:url\" content=\"https:\/\/prideshop.eu\/de\/shop\/sportarten\/thaiboxen\/thaiboxen-handschuhe\/boxhandschuhe-hybrid-80-adidas\/\" \/>\n<meta property=\"og:site_name\" content=\"PRIDEshop\" \/>\n<meta property=\"article:publisher\" content=\"https:\/\/sl-si.facebook.com\/PrideShopeu\" \/>\n<meta property=\"article:modified_time\" content=\"2025-08-04T09:09:08+00:00\" \/>\n<meta property=\"og:image\" content=\"https:\/\/prideshop.eu\/wp-content\/uploads\/2024\/11\/boksarske-rokavice-hybrid-80-adidas-a7298-BGOLD.jpg\" \/>\n\t<meta property=\"og:image:width\" content=\"1000\" \/>\n\t<meta property=\"og:image:height\" content=\"1000\" \/>\n\t<meta property=\"og:image:type\" content=\"image\/jpeg\" \/>\n<meta name=\"twitter:card\" content=\"summary_large_image\" \/>\n<meta name=\"twitter:label1\" content=\"Gesch\u00e4tzte Lesezeit\" \/>\n\t<meta name=\"twitter:data1\" content=\"1\u00a0Minute\" \/>\n<script type=\"application\/ld+json\" class=\"yoast-schema-graph\">{\"@context\":\"https:\\\/\\\/schema.org\",\"@graph\":[{\"@type\":\"WebPage\",\"@id\":\"https:\\\/\\\/prideshop.eu\\\/de\\\/shop\\\/sportarten\\\/thaiboxen\\\/thaiboxen-handschuhe\\\/boxhandschuhe-hybrid-80-adidas\\\/\",\"url\":\"https:\\\/\\\/prideshop.eu\\\/de\\\/shop\\\/sportarten\\\/thaiboxen\\\/thaiboxen-handschuhe\\\/boxhandschuhe-hybrid-80-adidas\\\/\",\"name\":\"Boxhandschuhe Adidas \u2013 Hybrid 80 - PRIDEshop\",\"isPartOf\":{\"@id\":\"https:\\\/\\\/prideshop.eu\\\/de\\\/#website\"},\"primaryImageOfPage\":{\"@id\":\"https:\\\/\\\/prideshop.eu\\\/de\\\/shop\\\/sportarten\\\/thaiboxen\\\/thaiboxen-handschuhe\\\/boxhandschuhe-hybrid-80-adidas\\\/#primaryimage\"},\"image\":{\"@id\":\"https:\\\/\\\/prideshop.eu\\\/de\\\/shop\\\/sportarten\\\/thaiboxen\\\/thaiboxen-handschuhe\\\/boxhandschuhe-hybrid-80-adidas\\\/#primaryimage\"},\"thumbnailUrl\":\"https:\\\/\\\/prideshop.eu\\\/wp-content\\\/uploads\\\/2024\\\/11\\\/boksarske-rokavice-hybrid-80-adidas-a7298-BGOLD.jpg\",\"datePublished\":\"2024-11-10T07:50:50+00:00\",\"dateModified\":\"2025-08-04T09:09:08+00:00\",\"description\":\"Boxhandschuhe Hybrid 80, Adidas, Designerhandschuhe f\u00fcr Boxen und Kickboxen auf Level 80. Material: widerstandsf\u00e4higes PU-Leder, bequemes Innenfutter.\",\"breadcrumb\":{\"@id\":\"https:\\\/\\\/prideshop.eu\\\/de\\\/shop\\\/sportarten\\\/thaiboxen\\\/thaiboxen-handschuhe\\\/boxhandschuhe-hybrid-80-adidas\\\/#breadcrumb\"},\"inLanguage\":\"de\",\"potentialAction\":[{\"@type\":\"ReadAction\",\"target\":[\"https:\\\/\\\/prideshop.eu\\\/de\\\/shop\\\/sportarten\\\/thaiboxen\\\/thaiboxen-handschuhe\\\/boxhandschuhe-hybrid-80-adidas\\\/\"]}]},{\"@type\":\"ImageObject\",\"inLanguage\":\"de\",\"@id\":\"https:\\\/\\\/prideshop.eu\\\/de\\\/shop\\\/sportarten\\\/thaiboxen\\\/thaiboxen-handschuhe\\\/boxhandschuhe-hybrid-80-adidas\\\/#primaryimage\",\"url\":\"https:\\\/\\\/prideshop.eu\\\/wp-content\\\/uploads\\\/2024\\\/11\\\/boksarske-rokavice-hybrid-80-adidas-a7298-BGOLD.jpg\",\"contentUrl\":\"https:\\\/\\\/prideshop.eu\\\/wp-content\\\/uploads\\\/2024\\\/11\\\/boksarske-rokavice-hybrid-80-adidas-a7298-BGOLD.jpg\",\"width\":1000,\"height\":1000,\"caption\":\"Boxhandschuhe Hybrid 80 Adidas\"},{\"@type\":\"BreadcrumbList\",\"@id\":\"https:\\\/\\\/prideshop.eu\\\/de\\\/shop\\\/sportarten\\\/thaiboxen\\\/thaiboxen-handschuhe\\\/boxhandschuhe-hybrid-80-adidas\\\/#breadcrumb\",\"itemListElement\":[{\"@type\":\"ListItem\",\"position\":1,\"name\":\"Home\",\"item\":\"https:\\\/\\\/prideshop.eu\\\/de\\\/\"},{\"@type\":\"ListItem\",\"position\":2,\"name\":\"Gesch\u00e4ft\",\"item\":\"https:\\\/\\\/prideshop.eu\\\/de\\\/geschaeft\\\/\"},{\"@type\":\"ListItem\",\"position\":3,\"name\":\"Boxhandschuhe Adidas \u2013 Hybrid 80\"}]},{\"@type\":\"WebSite\",\"@id\":\"https:\\\/\\\/prideshop.eu\\\/de\\\/#website\",\"url\":\"https:\\\/\\\/prideshop.eu\\\/de\\\/\",\"name\":\"PRIDEshop\",\"description\":\"Oprema za Borilne \u0160porte\",\"publisher\":{\"@id\":\"https:\\\/\\\/prideshop.eu\\\/de\\\/#organization\"},\"potentialAction\":[{\"@type\":\"SearchAction\",\"target\":{\"@type\":\"EntryPoint\",\"urlTemplate\":\"https:\\\/\\\/prideshop.eu\\\/de\\\/?s={search_term_string}\"},\"query-input\":{\"@type\":\"PropertyValueSpecification\",\"valueRequired\":true,\"valueName\":\"search_term_string\"}}],\"inLanguage\":\"de\"},{\"@type\":\"Organization\",\"@id\":\"https:\\\/\\\/prideshop.eu\\\/de\\\/#organization\",\"name\":\"PRIDEshop\",\"url\":\"https:\\\/\\\/prideshop.eu\\\/de\\\/\",\"logo\":{\"@type\":\"ImageObject\",\"inLanguage\":\"de\",\"@id\":\"https:\\\/\\\/prideshop.eu\\\/de\\\/#\\\/schema\\\/logo\\\/image\\\/\",\"url\":\"\",\"contentUrl\":\"\",\"caption\":\"PRIDEshop\"},\"image\":{\"@id\":\"https:\\\/\\\/prideshop.eu\\\/de\\\/#\\\/schema\\\/logo\\\/image\\\/\"},\"sameAs\":[\"https:\\\/\\\/sl-si.facebook.com\\\/PrideShopeu\"]}]}<\/script>\n<!-- \/ Yoast SEO plugin. -->","yoast_head_json":{"title":"Boxhandschuhe Adidas \u2013 Hybrid 80 - PRIDEshop","description":"Boxhandschuhe Hybrid 80, Adidas, Designerhandschuhe f\u00fcr Boxen und Kickboxen auf Level 80. Material: widerstandsf\u00e4higes PU-Leder, bequemes Innenfutter.","robots":{"index":"index","follow":"follow","max-snippet":"max-snippet:-1","max-image-preview":"max-image-preview:large","max-video-preview":"max-video-preview:-1"},"canonical":"https:\/\/prideshop.eu\/de\/shop\/sportarten\/thaiboxen\/thaiboxen-handschuhe\/boxhandschuhe-hybrid-80-adidas\/","og_locale":"de_DE","og_type":"article","og_title":"Boxhandschuhe Adidas \u2013 Hybrid 80 - PRIDEshop","og_description":"Boxhandschuhe Hybrid 80, Adidas, Designerhandschuhe f\u00fcr Boxen und Kickboxen auf Level 80. Material: widerstandsf\u00e4higes PU-Leder, bequemes Innenfutter.","og_url":"https:\/\/prideshop.eu\/de\/shop\/sportarten\/thaiboxen\/thaiboxen-handschuhe\/boxhandschuhe-hybrid-80-adidas\/","og_site_name":"PRIDEshop","article_publisher":"https:\/\/sl-si.facebook.com\/PrideShopeu","article_modified_time":"2025-08-04T09:09:08+00:00","og_image":[{"width":1000,"height":1000,"url":"https:\/\/prideshop.eu\/wp-content\/uploads\/2024\/11\/boksarske-rokavice-hybrid-80-adidas-a7298-BGOLD.jpg","type":"image\/jpeg"}],"twitter_card":"summary_large_image","twitter_misc":{"Gesch\u00e4tzte Lesezeit":"1\u00a0Minute"},"schema":{"@context":"https:\/\/schema.org","@graph":[{"@type":"WebPage","@id":"https:\/\/prideshop.eu\/de\/shop\/sportarten\/thaiboxen\/thaiboxen-handschuhe\/boxhandschuhe-hybrid-80-adidas\/","url":"https:\/\/prideshop.eu\/de\/shop\/sportarten\/thaiboxen\/thaiboxen-handschuhe\/boxhandschuhe-hybrid-80-adidas\/","name":"Boxhandschuhe Adidas \u2013 Hybrid 80 - PRIDEshop","isPartOf":{"@id":"https:\/\/prideshop.eu\/de\/#website"},"primaryImageOfPage":{"@id":"https:\/\/prideshop.eu\/de\/shop\/sportarten\/thaiboxen\/thaiboxen-handschuhe\/boxhandschuhe-hybrid-80-adidas\/#primaryimage"},"image":{"@id":"https:\/\/prideshop.eu\/de\/shop\/sportarten\/thaiboxen\/thaiboxen-handschuhe\/boxhandschuhe-hybrid-80-adidas\/#primaryimage"},"thumbnailUrl":"https:\/\/prideshop.eu\/wp-content\/uploads\/2024\/11\/boksarske-rokavice-hybrid-80-adidas-a7298-BGOLD.jpg","datePublished":"2024-11-10T07:50:50+00:00","dateModified":"2025-08-04T09:09:08+00:00","description":"Boxhandschuhe Hybrid 80, Adidas, Designerhandschuhe f\u00fcr Boxen und Kickboxen auf Level 80. Material: widerstandsf\u00e4higes PU-Leder, bequemes Innenfutter.","breadcrumb":{"@id":"https:\/\/prideshop.eu\/de\/shop\/sportarten\/thaiboxen\/thaiboxen-handschuhe\/boxhandschuhe-hybrid-80-adidas\/#breadcrumb"},"inLanguage":"de","potentialAction":[{"@type":"ReadAction","target":["https:\/\/prideshop.eu\/de\/shop\/sportarten\/thaiboxen\/thaiboxen-handschuhe\/boxhandschuhe-hybrid-80-adidas\/"]}]},{"@type":"ImageObject","inLanguage":"de","@id":"https:\/\/prideshop.eu\/de\/shop\/sportarten\/thaiboxen\/thaiboxen-handschuhe\/boxhandschuhe-hybrid-80-adidas\/#primaryimage","url":"https:\/\/prideshop.eu\/wp-content\/uploads\/2024\/11\/boksarske-rokavice-hybrid-80-adidas-a7298-BGOLD.jpg","contentUrl":"https:\/\/prideshop.eu\/wp-content\/uploads\/2024\/11\/boksarske-rokavice-hybrid-80-adidas-a7298-BGOLD.jpg","width":1000,"height":1000,"caption":"Boxhandschuhe Hybrid 80 Adidas"},{"@type":"BreadcrumbList","@id":"https:\/\/prideshop.eu\/de\/shop\/sportarten\/thaiboxen\/thaiboxen-handschuhe\/boxhandschuhe-hybrid-80-adidas\/#breadcrumb","itemListElement":[{"@type":"ListItem","position":1,"name":"Home","item":"https:\/\/prideshop.eu\/de\/"},{"@type":"ListItem","position":2,"name":"Gesch\u00e4ft","item":"https:\/\/prideshop.eu\/de\/geschaeft\/"},{"@type":"ListItem","position":3,"name":"Boxhandschuhe Adidas \u2013 Hybrid 80"}]},{"@type":"WebSite","@id":"https:\/\/prideshop.eu\/de\/#website","url":"https:\/\/prideshop.eu\/de\/","name":"PRIDEshop","description":"Oprema za Borilne \u0160porte","publisher":{"@id":"https:\/\/prideshop.eu\/de\/#organization"},"potentialAction":[{"@type":"SearchAction","target":{"@type":"EntryPoint","urlTemplate":"https:\/\/prideshop.eu\/de\/?s={search_term_string}"},"query-input":{"@type":"PropertyValueSpecification","valueRequired":true,"valueName":"search_term_string"}}],"inLanguage":"de"},{"@type":"Organization","@id":"https:\/\/prideshop.eu\/de\/#organization","name":"PRIDEshop","url":"https:\/\/prideshop.eu\/de\/","logo":{"@type":"ImageObject","inLanguage":"de","@id":"https:\/\/prideshop.eu\/de\/#\/schema\/logo\/image\/","url":"","contentUrl":"","caption":"PRIDEshop"},"image":{"@id":"https:\/\/prideshop.eu\/de\/#\/schema\/logo\/image\/"},"sameAs":["https:\/\/sl-si.facebook.com\/PrideShopeu"]}]}},"_links":{"self":[{"href":"https:\/\/prideshop.eu\/de\/wp-json\/wp\/v2\/product\/50242","targetHints":{"allow":["GET"]}}],"collection":[{"href":"https:\/\/prideshop.eu\/de\/wp-json\/wp\/v2\/product"}],"about":[{"href":"https:\/\/prideshop.eu\/de\/wp-json\/wp\/v2\/types\/product"}],"replies":[{"embeddable":true,"href":"https:\/\/prideshop.eu\/de\/wp-json\/wp\/v2\/comments?post=50242"}],"wp:featuredmedia":[{"embeddable":true,"href":"https:\/\/prideshop.eu\/de\/wp-json\/wp\/v2\/media\/50232"}],"wp:attachment":[{"href":"https:\/\/prideshop.eu\/de\/wp-json\/wp\/v2\/media?parent=50242"}],"wp:term":[{"taxonomy":"product_brand","embeddable":true,"href":"https:\/\/prideshop.eu\/de\/wp-json\/wp\/v2\/product_brand?post=50242"},{"taxonomy":"product_cat","embeddable":true,"href":"https:\/\/prideshop.eu\/de\/wp-json\/wp\/v2\/product_cat?post=50242"},{"taxonomy":"product_tag","embeddable":true,"href":"https:\/\/prideshop.eu\/de\/wp-json\/wp\/v2\/product_tag?post=50242"}],"curies":[{"name":"wp","href":"https:\/\/api.w.org\/{rel}","templated":true}]}}